{"id":2936,"date":"2024-12-16T16:17:22","date_gmt":"2024-12-16T16:17:22","guid":{"rendered":"https:\/\/alfequipment.com\/product\/pfs-300-mini-impulse-hand-sealer-for-plastic-bag\/"},"modified":"2025-01-13T14:57:16","modified_gmt":"2025-01-13T14:57:16","slug":"pfs-300-mini-seladora-manual-de-impulso-para-sacos-de-plastico","status":"publish","type":"product","link":"https:\/\/alfequipment.com\/pt\/product\/pfs-300-mini-seladora-manual-de-impulso-para-sacos-de-plastico\/","title":{"rendered":"PFS-300 Mini seladora manual de impulso para sacos de pl\u00e1stico"},"content":{"rendered":"<p>A seladora da s\u00e9rie PFS \u00e9 f\u00e1cil de ser operada e adequada para selar v\u00e1rios tipos de filmes pl\u00e1sticos, com o tempo de aquecimento ajust\u00e1vel. Come\u00e7a a funcionar apenas ao ligar a fonte de alimenta\u00e7\u00e3o.<\/p>\n<p>&nbsp;<\/p>\n<p><span style=\"font-size: 16px;\">&nbsp; Especifica\u00e7\u00e3o:<\/span><\/p>\n<table class=\"aliDataTable\" border=\"0\" cellspacing=\"0\" cellpadding=\"0\">\n<tbody>\n<tr>\n<td>\n<p>&nbsp;<\/p>\n<\/td>\n<td>\n<p>PFS-100<\/p>\n<\/td>\n<td>\n<p>PFS-200<\/p>\n<\/td>\n<td>\n<p><span style=\"color: #ff0000;\">PFS-300<\/span><\/p>\n<\/td>\n<td>\n<p>PFS-400<\/p>\n<\/td>\n<\/tr>\n<tr>\n<td>\n<p>tens\u00e3o<\/p>\n<\/td>\n<td colspan=\"4\">\n<p style=\"text-align: center;\"><span style=\"color: #ff0000;\">AC220V 50HZ 110V 60HZ<\/span><\/p>\n<\/td>\n<\/tr>\n<tr>\n<td>\n<p>Pot\u00eancia de impulso<\/p>\n<\/td>\n<td>\n<p>180W<\/p>\n<\/td>\n<td>\n<p>330W<\/p>\n<\/td>\n<td>\n<p><span style=\"color: #ff0000;\">430W<\/span><\/p>\n<\/td>\n<td>\n<p>600W<\/p>\n<\/td>\n<\/tr>\n<tr>\n<td>\n<p>Comprimento de veda\u00e7\u00e3o<\/p>\n<\/td>\n<td>\n<p>100MM<\/p>\n<\/td>\n<td>\n<p>200MM<\/p>\n<\/td>\n<td>\n<p><span style=\"color: #ff0000;\">300MM<\/span><\/p>\n<\/td>\n<td>\n<p>400MM<\/p>\n<\/td>\n<\/tr>\n<tr>\n<td>\n<p>Espessura m\u00e1xima de veda\u00e7\u00e3o<\/p>\n<\/td>\n<td>\n<p style=\"text-align: center;\"><span style=\"font-size: 12px;\">0,2MM<\/span><\/p>\n<\/td>\n<td colspan=\"3\">\n<p style=\"text-align: center;\"><span style=\"font-size: 12px; color: #ff0000;\">0,3MM<\/span><\/p>\n<\/td>\n<\/tr>\n<tr>\n<td>\n<p>Tempo de aquecimento<\/p>\n<\/td>\n<td colspan=\"4\">\n<p style=\"text-align: center;\"><span style=\"color: #ff0000;\">0,2-1,3 seg.<\/span><\/p>\n<\/td>\n<\/tr>\n<tr>\n<td>\n<p>Tamanho da m\u00e1quina<\/p>\n<\/td>\n<td>\n<p>220*72*140MM<\/p>\n<\/td>\n<td>\n<p>320*80*150MM<\/p>\n<\/td>\n<td>\n<p><span style=\"color: #ff0000;\">450*85*180MM<\/span><\/p>\n<\/td>\n<td>\n<p>550*85*180MM<\/p>\n<\/td>\n<\/tr>\n<tr>\n<td>\n<p>Peso da m\u00e1quina<\/p>\n<\/td>\n<td>\n<p>1.8KG<\/p>\n<\/td>\n<td>\n<p>2.8KG<\/p>\n<\/td>\n<td>\n<p><span style=\"color: #ff0000;\">4.5KG<\/span><\/p>\n<\/td>\n<td>\n<p>5.2KG<\/p>\n<\/td>\n<\/tr>\n<\/tbody>\n<\/table>\n<p>&nbsp;<\/p>\n<p>&nbsp;<\/p>\n<p><img decoding=\"async\" src=\"https:\/\/sc01.alicdn.com\/kf\/He8d6d6920d3b4573a9c10b15c69db78bI.jpg\" data-alt=\"PFS-300 Mini Impulse Hand Sealer for plastic bag\" data-width=\"404\" data-height=\"346\" ori-width=\"800\" ori-height=\"600\" class=\"aligncenter\"><\/p>\n<p>&nbsp;<\/p>\n<p>&nbsp;<\/p>\n<p><img decoding=\"async\" src=\"https:\/\/sc01.alicdn.com\/kf\/H15577ff0e6ff45dd9c4431812e30f81bX.jpg\" data-alt=\"PFS-300 Mini Impulse Hand Sealer for plastic bag\" data-width=\"430\" data-height=\"260\" ori-width=\"800\" ori-height=\"572\" class=\"aligncenter\"><\/p>\n<p>&nbsp;<\/p>\n<p><img decoding=\"async\" src=\"https:\/\/sc02.alicdn.com\/kf\/HTB1dTtQFVXXXXcYXXXXq6xXFXXXt\/64496\/HTB1dTtQFVXXXXcYXXXXq6xXFXXXt.jpg\" data-alt=\"PFS-300 Mini Impulse Hand Sealer for plastic bag\" ori-width=\"576\" ori-height=\"800\" class=\"aligncenter\">&nbsp;<\/p><\/p>","protected":false},"excerpt":{"rendered":"<p>Pfs-300 Mini Seladora Manual de Impulso para Saco Pl\u00e1stico<\/p>","protected":false},"featured_media":2706,"comment_status":"closed","ping_status":"open","template":"","meta":[],"product_brand":[],"product_cat":[118,97],"product_tag":[],"class_list":{"0":"post-2936","1":"product","2":"type-product","3":"status-publish","4":"has-post-thumbnail","6":"product_cat-hand-foot-sealing-machine","7":"product_cat-sealing-machines","9":"first","10":"instock","11":"sale","12":"purchasable","13":"product-type-simple"},"yoast_head":"<!-- This site is optimized with the Yoast SEO Premium plugin v20.9 (Yoast SEO v26.5) - https:\/\/yoast.com\/wordpress\/plugins\/seo\/ -->\n<title>PFS-300 Mini Impulse Hand Sealer for plastic bag - ALF PACK<\/title>\n<meta name=\"robots\" content=\"index, follow, max-snippet:-1, max-image-preview:large, max-video-preview:-1\" \/>\n<link rel=\"canonical\" href=\"https:\/\/alfequipment.com\/pt\/product\/pfs-300-mini-seladora-manual-de-impulso-para-sacos-de-plastico\/\" \/>\n<meta property=\"og:locale\" content=\"pt_PT\" \/>\n<meta property=\"og:type\" content=\"article\" \/>\n<meta property=\"og:title\" content=\"PFS-300 Mini Impulse Hand Sealer for plastic bag\" \/>\n<meta property=\"og:description\" content=\"Pfs-300 Mini Impulse Hand Sealer For Plastic Bag\" \/>\n<meta property=\"og:url\" content=\"https:\/\/alfequipment.com\/pt\/product\/pfs-300-mini-seladora-manual-de-impulso-para-sacos-de-plastico\/\" \/>\n<meta property=\"og:site_name\" content=\"ALF PACK\" \/>\n<meta property=\"article:modified_time\" content=\"2025-01-13T14:57:16+00:00\" \/>\n<meta property=\"og:image\" content=\"https:\/\/alfequipment.com\/wp-content\/uploads\/2025\/01\/PFS-300-Mini-Impulse-Hand-Sealer-for.jpg\" \/>\n\t<meta property=\"og:image:width\" content=\"800\" \/>\n\t<meta property=\"og:image:height\" content=\"800\" \/>\n\t<meta property=\"og:image:type\" content=\"image\/webp\" \/>\n<meta name=\"twitter:card\" content=\"summary_large_image\" \/>\n<script type=\"application\/ld+json\" class=\"yoast-schema-graph\">{\"@context\":\"https:\/\/schema.org\",\"@graph\":[{\"@type\":\"WebPage\",\"@id\":\"https:\/\/alfequipment.com\/product\/pfs-300-mini-impulse-hand-sealer-for-plastic-bag\/\",\"url\":\"https:\/\/alfequipment.com\/product\/pfs-300-mini-impulse-hand-sealer-for-plastic-bag\/\",\"name\":\"PFS-300 Mini Impulse Hand Sealer for plastic bag - ALF PACK\",\"isPartOf\":{\"@id\":\"https:\/\/alfequipment.com\/#website\"},\"primaryImageOfPage\":{\"@id\":\"https:\/\/alfequipment.com\/product\/pfs-300-mini-impulse-hand-sealer-for-plastic-bag\/#primaryimage\"},\"image\":{\"@id\":\"https:\/\/alfequipment.com\/product\/pfs-300-mini-impulse-hand-sealer-for-plastic-bag\/#primaryimage\"},\"thumbnailUrl\":\"https:\/\/alfequipment.com\/wp-content\/uploads\/2025\/01\/PFS-300-Mini-Impulse-Hand-Sealer-for.jpg\",\"datePublished\":\"2024-12-16T16:17:22+00:00\",\"dateModified\":\"2025-01-13T14:57:16+00:00\",\"breadcrumb\":{\"@id\":\"https:\/\/alfequipment.com\/product\/pfs-300-mini-impulse-hand-sealer-for-plastic-bag\/#breadcrumb\"},\"inLanguage\":\"pt-PT\",\"potentialAction\":[{\"@type\":\"ReadAction\",\"target\":[\"https:\/\/alfequipment.com\/product\/pfs-300-mini-impulse-hand-sealer-for-plastic-bag\/\"]}]},{\"@type\":\"ImageObject\",\"inLanguage\":\"pt-PT\",\"@id\":\"https:\/\/alfequipment.com\/product\/pfs-300-mini-impulse-hand-sealer-for-plastic-bag\/#primaryimage\",\"url\":\"https:\/\/alfequipment.com\/wp-content\/uploads\/2025\/01\/PFS-300-Mini-Impulse-Hand-Sealer-for.jpg\",\"contentUrl\":\"https:\/\/alfequipment.com\/wp-content\/uploads\/2025\/01\/PFS-300-Mini-Impulse-Hand-Sealer-for.jpg\",\"width\":800,\"height\":800},{\"@type\":\"BreadcrumbList\",\"@id\":\"https:\/\/alfequipment.com\/product\/pfs-300-mini-impulse-hand-sealer-for-plastic-bag\/#breadcrumb\",\"itemListElement\":[{\"@type\":\"ListItem\",\"position\":1,\"name\":\"Home\",\"item\":\"https:\/\/alfequipment.com\/\"},{\"@type\":\"ListItem\",\"position\":2,\"name\":\"Shop\",\"item\":\"https:\/\/alfequipment.com\/shop\/\"},{\"@type\":\"ListItem\",\"position\":3,\"name\":\"PFS-300 Mini Impulse Hand Sealer for plastic bag\"}]},{\"@type\":\"WebSite\",\"@id\":\"https:\/\/alfequipment.com\/#website\",\"url\":\"https:\/\/alfequipment.com\/\",\"name\":\"ALF PACK\",\"description\":\"\",\"publisher\":{\"@id\":\"https:\/\/alfequipment.com\/#organization\"},\"potentialAction\":[{\"@type\":\"SearchAction\",\"target\":{\"@type\":\"EntryPoint\",\"urlTemplate\":\"https:\/\/alfequipment.com\/?s={search_term_string}\"},\"query-input\":{\"@type\":\"PropertyValueSpecification\",\"valueRequired\":true,\"valueName\":\"search_term_string\"}}],\"inLanguage\":\"pt-PT\"},{\"@type\":\"Organization\",\"@id\":\"https:\/\/alfequipment.com\/#organization\",\"name\":\"ALF PACK\",\"url\":\"https:\/\/alfequipment.com\/\",\"logo\":{\"@type\":\"ImageObject\",\"inLanguage\":\"pt-PT\",\"@id\":\"https:\/\/alfequipment.com\/#\/schema\/logo\/image\/\",\"url\":\"https:\/\/alfequipment.com\/wp-content\/uploads\/2024\/11\/ALFlogo-2.webp\",\"contentUrl\":\"https:\/\/alfequipment.com\/wp-content\/uploads\/2024\/11\/ALFlogo-2.webp\",\"width\":758,\"height\":750,\"caption\":\"ALF PACK\"},\"image\":{\"@id\":\"https:\/\/alfequipment.com\/#\/schema\/logo\/image\/\"}}]}<\/script>\n<!-- \/ Yoast SEO Premium plugin. -->","yoast_head_json":{"title":"PFS-300 Mini seladora manual de impulso para sacos de pl\u00e1stico - ALF PACK","robots":{"index":"index","follow":"follow","max-snippet":"max-snippet:-1","max-image-preview":"max-image-preview:large","max-video-preview":"max-video-preview:-1"},"canonical":"https:\/\/alfequipment.com\/pt\/product\/pfs-300-mini-seladora-manual-de-impulso-para-sacos-de-plastico\/","og_locale":"pt_PT","og_type":"article","og_title":"PFS-300 Mini Impulse Hand Sealer for plastic bag","og_description":"Pfs-300 Mini Impulse Hand Sealer For Plastic Bag","og_url":"https:\/\/alfequipment.com\/pt\/product\/pfs-300-mini-seladora-manual-de-impulso-para-sacos-de-plastico\/","og_site_name":"ALF PACK","article_modified_time":"2025-01-13T14:57:16+00:00","og_image":[{"width":800,"height":800,"url":"https:\/\/alfequipment.com\/wp-content\/uploads\/2025\/01\/PFS-300-Mini-Impulse-Hand-Sealer-for.jpg","type":"image\/webp"}],"twitter_card":"summary_large_image","schema":{"@context":"https:\/\/schema.org","@graph":[{"@type":"WebPage","@id":"https:\/\/alfequipment.com\/product\/pfs-300-mini-impulse-hand-sealer-for-plastic-bag\/","url":"https:\/\/alfequipment.com\/product\/pfs-300-mini-impulse-hand-sealer-for-plastic-bag\/","name":"PFS-300 Mini seladora manual de impulso para sacos de pl\u00e1stico - ALF PACK","isPartOf":{"@id":"https:\/\/alfequipment.com\/#website"},"primaryImageOfPage":{"@id":"https:\/\/alfequipment.com\/product\/pfs-300-mini-impulse-hand-sealer-for-plastic-bag\/#primaryimage"},"image":{"@id":"https:\/\/alfequipment.com\/product\/pfs-300-mini-impulse-hand-sealer-for-plastic-bag\/#primaryimage"},"thumbnailUrl":"https:\/\/alfequipment.com\/wp-content\/uploads\/2025\/01\/PFS-300-Mini-Impulse-Hand-Sealer-for.jpg","datePublished":"2024-12-16T16:17:22+00:00","dateModified":"2025-01-13T14:57:16+00:00","breadcrumb":{"@id":"https:\/\/alfequipment.com\/product\/pfs-300-mini-impulse-hand-sealer-for-plastic-bag\/#breadcrumb"},"inLanguage":"pt-PT","potentialAction":[{"@type":"ReadAction","target":["https:\/\/alfequipment.com\/product\/pfs-300-mini-impulse-hand-sealer-for-plastic-bag\/"]}]},{"@type":"ImageObject","inLanguage":"pt-PT","@id":"https:\/\/alfequipment.com\/product\/pfs-300-mini-impulse-hand-sealer-for-plastic-bag\/#primaryimage","url":"https:\/\/alfequipment.com\/wp-content\/uploads\/2025\/01\/PFS-300-Mini-Impulse-Hand-Sealer-for.jpg","contentUrl":"https:\/\/alfequipment.com\/wp-content\/uploads\/2025\/01\/PFS-300-Mini-Impulse-Hand-Sealer-for.jpg","width":800,"height":800},{"@type":"BreadcrumbList","@id":"https:\/\/alfequipment.com\/product\/pfs-300-mini-impulse-hand-sealer-for-plastic-bag\/#breadcrumb","itemListElement":[{"@type":"ListItem","position":1,"name":"Home","item":"https:\/\/alfequipment.com\/"},{"@type":"ListItem","position":2,"name":"Shop","item":"https:\/\/alfequipment.com\/shop\/"},{"@type":"ListItem","position":3,"name":"PFS-300 Mini Impulse Hand Sealer for plastic bag"}]},{"@type":"WebSite","@id":"https:\/\/alfequipment.com\/#website","url":"https:\/\/alfequipment.com\/","name":"PACK ALF","description":"","publisher":{"@id":"https:\/\/alfequipment.com\/#organization"},"potentialAction":[{"@type":"SearchAction","target":{"@type":"EntryPoint","urlTemplate":"https:\/\/alfequipment.com\/?s={search_term_string}"},"query-input":{"@type":"PropertyValueSpecification","valueRequired":true,"valueName":"search_term_string"}}],"inLanguage":"pt-PT"},{"@type":"Organization","@id":"https:\/\/alfequipment.com\/#organization","name":"PACK ALF","url":"https:\/\/alfequipment.com\/","logo":{"@type":"ImageObject","inLanguage":"pt-PT","@id":"https:\/\/alfequipment.com\/#\/schema\/logo\/image\/","url":"https:\/\/alfequipment.com\/wp-content\/uploads\/2024\/11\/ALFlogo-2.webp","contentUrl":"https:\/\/alfequipment.com\/wp-content\/uploads\/2024\/11\/ALFlogo-2.webp","width":758,"height":750,"caption":"ALF PACK"},"image":{"@id":"https:\/\/alfequipment.com\/#\/schema\/logo\/image\/"}}]}},"_links":{"self":[{"href":"https:\/\/alfequipment.com\/pt\/wp-json\/wp\/v2\/product\/2936","targetHints":{"allow":["GET"]}}],"collection":[{"href":"https:\/\/alfequipment.com\/pt\/wp-json\/wp\/v2\/product"}],"about":[{"href":"https:\/\/alfequipment.com\/pt\/wp-json\/wp\/v2\/types\/product"}],"replies":[{"embeddable":true,"href":"https:\/\/alfequipment.com\/pt\/wp-json\/wp\/v2\/comments?post=2936"}],"version-history":[{"count":0,"href":"https:\/\/alfequipment.com\/pt\/wp-json\/wp\/v2\/product\/2936\/revisions"}],"wp:featuredmedia":[{"embeddable":true,"href":"https:\/\/alfequipment.com\/pt\/wp-json\/wp\/v2\/media\/2706"}],"wp:attachment":[{"href":"https:\/\/alfequipment.com\/pt\/wp-json\/wp\/v2\/media?parent=2936"}],"wp:term":[{"taxonomy":"product_brand","embeddable":true,"href":"https:\/\/alfequipment.com\/pt\/wp-json\/wp\/v2\/product_brand?post=2936"},{"taxonomy":"product_cat","embeddable":true,"href":"https:\/\/alfequipment.com\/pt\/wp-json\/wp\/v2\/product_cat?post=2936"},{"taxonomy":"product_tag","embeddable":true,"href":"https:\/\/alfequipment.com\/pt\/wp-json\/wp\/v2\/product_tag?post=2936"}],"curies":[{"name":"wp","href":"https:\/\/api.w.org\/{rel}","templated":true}]}}