{"id":2944,"date":"2024-12-03T12:11:59","date_gmt":"2024-12-03T12:11:59","guid":{"rendered":"https:\/\/alfequipment.com\/product\/sop810-ink-jet-printer\/"},"modified":"2025-01-13T13:09:08","modified_gmt":"2025-01-13T13:09:08","slug":"impressora-a-jato-de-tinta-sop810","status":"publish","type":"product","link":"https:\/\/alfequipment.com\/pt\/product\/impressora-a-jato-de-tinta-sop810\/","title":{"rendered":"IMPRESSORA A JACTO DE TINTA SOP810"},"content":{"rendered":"<p><span style=\"font-size: 12.0pt;\">A impressora a jato de tinta SOP810 adopta uma bomba de septo incorporada com quatro bombas e um \u00f3rg\u00e3o <\/span><span style=\"font-size: 12.0pt;\">o bocal \u00e9 uma t\u00e9cnica tern\u00e1ria anti-bloqueio. O modo exclusivo de controlo da viscosidade da tinta e a inova\u00e7\u00e3o completa do sistema de canal de tinta fazem com que a impressora obtenha resultados mundialmente famosos na t\u00e9cnica principal de alta estabilidade, alta credibilidade e baixo custo, satisfazendo grandemente a expetativa dos clientes. A interface flex\u00edvel de opera\u00e7\u00e3o homem-m\u00e1quina, a forte t\u00e9cnica de software multifuncional, o design dur\u00e1vel do bico garantem que a bomba embutida SOP 600 funcione de forma mais cred\u00edvel, o formato das letras mais bonito e a manuten\u00e7\u00e3o mais conveniente. Al\u00e9m disso, os produtos s\u00e3o amplamente aplicados \u00e0 impress\u00e3o sem toque para bebidas, alimentos, medicamentos, ind\u00fastria qu\u00edmica, material arquitet\u00f3nico e ind\u00fastrias electr\u00f3nicas. <\/span><\/p>\n<p align=\"left\" style=\"margin-left: 36.0pt; text-align: left;\"><strong><span style=\"font-size: 14.0pt;\">II.&nbsp;&nbsp;&nbsp;&nbsp;&nbsp;&nbsp;&nbsp;&nbsp;&nbsp;&nbsp;&nbsp;&nbsp;&nbsp;&nbsp; <\/span><\/strong><strong><span style=\"font-size: 14.0pt;\">Fun\u00e7\u00e3o de impress\u00e3o: &nbsp;<\/span><\/strong><\/p>\n<p align=\"left\" style=\"margin-left: 21.25pt; text-align: left;\"><span style=\"font-size: 12.0pt;\">1.&nbsp;&nbsp;&nbsp;&nbsp;&nbsp;&nbsp;&nbsp; <\/span><span style=\"font-size: 12.0pt;\">Linhas de impress\u00e3o: 1-4 linhas (ajust\u00e1vel)<\/span><\/p>\n<p align=\"left\" style=\"margin-left: 21.3pt; text-align: left;\"><span style=\"font-size: 12.0pt;\">2.&nbsp;&nbsp;&nbsp;&nbsp;&nbsp;&nbsp;&nbsp; <\/span><span style=\"font-size: 12.0pt;\">Treli\u00e7a de formato de letra: 5X5, 5X7, 7X9, 6X12, 8X16, 12X16, 11X24, 16X32 preparar automaticamente as informa\u00e7\u00f5es da matriz de pontos quando houver menos de 32 matrizes de pontos <\/span><\/p>\n<p align=\"left\" style=\"margin-left: 36.0pt; text-align: left;\"><span style=\"font-size: 12.0pt;\">3.&nbsp;&nbsp;&nbsp;&nbsp;&nbsp;&nbsp;&nbsp; <\/span><span style=\"font-size: 12.0pt;\">Armazenamento de informa\u00e7\u00f5es: armazenamento ilimitado de informa\u00e7\u00f5es de impress\u00e3o<\/span><\/p>\n<p align=\"left\" style=\"margin-left: 36.0pt; text-align: left;\"><span style=\"font-size: 12.0pt;\">4.&nbsp;&nbsp;&nbsp;&nbsp;&nbsp;&nbsp;&nbsp; <\/span><span style=\"font-size: 12.0pt;\">Interface de funcionamento: ecr\u00e3 t\u00e1til a cores, menu chin\u00eas-ingl\u00eas<\/span><\/p>\n<p align=\"left\" style=\"margin-left: 36.0pt; text-align: left;\"><span style=\"font-size: 12.0pt;\">5.&nbsp;&nbsp;&nbsp;&nbsp;&nbsp;&nbsp;&nbsp; <\/span><span style=\"font-size: 12.0pt;\">Velocidade de impress\u00e3o: 3m\/s (linha \u00fanica 5X7) <\/span><\/p>\n<p align=\"left\" style=\"margin-left: 36.0pt; text-align: left;\"><span style=\"font-size: 12.0pt;\">6.&nbsp;&nbsp;&nbsp;&nbsp;&nbsp;&nbsp;&nbsp; <\/span><span style=\"font-size: 12.0pt;\">Comprimento da impress\u00e3o: 1024 caracteres<\/span><\/p>\n<p align=\"left\" style=\"margin-left: 36.0pt; text-align: left;\"><span style=\"font-size: 12.0pt;\">7.&nbsp;&nbsp;&nbsp;&nbsp;&nbsp;&nbsp;&nbsp; <\/span><span style=\"font-size: 12.0pt;\">Entrada de chin\u00eas: m\u00e9todo de entrada de pinyin, m\u00e9todo de entrada de c\u00f3digo de bits de zona<\/span><\/p>\n<p align=\"left\" style=\"margin-left: 21.3pt; text-align: left;\"><span style=\"font-size: 12.0pt;\">8.&nbsp;&nbsp;&nbsp;&nbsp;&nbsp;&nbsp;&nbsp; <\/span><span style=\"font-size: 12.0pt;\">Conte\u00fado da impress\u00e3o: data, hora, per\u00edodo de validade autom\u00e1tico, n\u00famero de classe, n\u00famero de lote, n\u00famero de s\u00e9rie, quatro grupos de contadores, contagem de contadores, padr\u00f5es auto-preparados, c\u00f3digo de barras vari\u00e1vel, c\u00f3digo anti-contrafa\u00e7\u00e3o, v\u00e1rios idiomas, v\u00e1rios tipos de letra (suporte de assinatura pessoal)<\/span><\/p>\n<p align=\"left\" style=\"margin-left: 36.0pt; text-align: left;\"><span style=\"font-size: 12.0pt;\">9.&nbsp;&nbsp;&nbsp;&nbsp;&nbsp;&nbsp;&nbsp; <\/span><span style=\"font-size: 12.0pt;\">Tinta de impress\u00e3o: preta, azul, vermelha e outras cores de tinta<\/span><\/p>\n<p align=\"left\" style=\"margin-left: 36.0pt; text-align: left;\"><span style=\"font-size: 12.0pt;\">10.&nbsp;&nbsp;&nbsp; <\/span><span style=\"font-size: 12.0pt;\">Comprimento de impress\u00e3o dos caracteres: 1-15mm (ajust\u00e1vel)<\/span><\/p>\n<p align=\"left\" style=\"margin-left: 36.0pt; text-align: left;\"><span style=\"font-size: 12.0pt;\">11.&nbsp;&nbsp;&nbsp; <\/span><span style=\"font-size: 12.0pt;\">Dist\u00e2ncia de impress\u00e3o: 0-30mm (ajust\u00e1vel)<\/span><\/p>\n<p align=\"left\" style=\"margin-right: -17.0pt; margin-left: 21.3pt; text-align: left;\"><span style=\"font-size: 12.0pt;\">12.&nbsp;&nbsp;&nbsp; <\/span><span style=\"font-size: 12.0pt;\">Dire\u00e7\u00e3o do car\u00e1cter: car\u00e1cter normal, car\u00e1cter invertido, car\u00e1cter invertido invertido, a dire\u00e7\u00e3o de impress\u00e3o pode ser definida independentemente para um \u00fanico car\u00e1cter<\/span><\/p>\n<p align=\"left\" style=\"margin-left: 36.0pt; text-align: left;\"><span style=\"font-size: 12.0pt;\">13.&nbsp;&nbsp;&nbsp; <\/span><span style=\"font-size: 12.0pt;\">Dist\u00e2ncia entre caracteres: 1-8 vezes, edi\u00e7\u00e3o livre ponto a ponto est\u00e1 dispon\u00edvel<\/span><\/p>\n<p>&nbsp;<\/p>\n<p><span style=\"font-size: 16px;\">&nbsp;<span style=\"color: #ff0000;\"><strong>Marca: O tapete rolante e o suporte s\u00e3o op\u00e7\u00f5es, sendo necess\u00e1rio pagar um suplemento.<\/strong><\/span><\/span><\/p>\n<p>&nbsp;<\/p>\n<p>&nbsp;<\/p>\n<p><\/p>","protected":false},"excerpt":{"rendered":"<p>Sop810 M\u00e1quina de codifica\u00e7\u00e3o de data para impressora a jato de tinta industrial autom\u00e1tica<\/p>","protected":false},"featured_media":2722,"comment_status":"closed","ping_status":"open","template":"","meta":[],"product_brand":[],"product_cat":[104],"product_tag":[],"class_list":{"0":"post-2944","1":"product","2":"type-product","3":"status-publish","4":"has-post-thumbnail","6":"product_cat-inkjet-printers","8":"first","9":"instock","10":"sale","11":"purchasable","12":"product-type-simple"},"yoast_head":"<!-- This site is optimized with the Yoast SEO Premium plugin v20.9 (Yoast SEO v26.5) - https:\/\/yoast.com\/wordpress\/plugins\/seo\/ -->\n<title>SOP810 INK JET PRINTER - ALF PACK<\/title>\n<meta name=\"robots\" content=\"index, follow, max-snippet:-1, max-image-preview:large, max-video-preview:-1\" \/>\n<link rel=\"canonical\" href=\"https:\/\/alfequipment.com\/pt\/product\/impressora-a-jato-de-tinta-sop810\/\" \/>\n<meta property=\"og:locale\" content=\"pt_PT\" \/>\n<meta property=\"og:type\" content=\"article\" \/>\n<meta property=\"og:title\" content=\"SOP810 INK JET PRINTER\" \/>\n<meta property=\"og:description\" content=\"Sop810 Automatic Industrial Ink Jet Printer Date Coding Machine\" \/>\n<meta property=\"og:url\" content=\"https:\/\/alfequipment.com\/pt\/product\/impressora-a-jato-de-tinta-sop810\/\" \/>\n<meta property=\"og:site_name\" content=\"ALF PACK\" \/>\n<meta property=\"article:modified_time\" content=\"2025-01-13T13:09:08+00:00\" \/>\n<meta property=\"og:image\" content=\"https:\/\/alfequipment.com\/wp-content\/uploads\/2025\/01\/H9099159c63d94e258a50c96bc52aa0fcm.jpg\" \/>\n\t<meta property=\"og:image:width\" content=\"839\" \/>\n\t<meta property=\"og:image:height\" content=\"741\" \/>\n\t<meta property=\"og:image:type\" content=\"image\/webp\" \/>\n<meta name=\"twitter:card\" content=\"summary_large_image\" \/>\n<meta name=\"twitter:label1\" content=\"Tempo estimado de leitura\" \/>\n\t<meta name=\"twitter:data1\" content=\"2 minutos\" \/>\n<script type=\"application\/ld+json\" class=\"yoast-schema-graph\">{\"@context\":\"https:\/\/schema.org\",\"@graph\":[{\"@type\":\"WebPage\",\"@id\":\"https:\/\/alfequipment.com\/product\/sop810-ink-jet-printer\/\",\"url\":\"https:\/\/alfequipment.com\/product\/sop810-ink-jet-printer\/\",\"name\":\"SOP810 INK JET PRINTER - ALF PACK\",\"isPartOf\":{\"@id\":\"https:\/\/alfequipment.com\/#website\"},\"primaryImageOfPage\":{\"@id\":\"https:\/\/alfequipment.com\/product\/sop810-ink-jet-printer\/#primaryimage\"},\"image\":{\"@id\":\"https:\/\/alfequipment.com\/product\/sop810-ink-jet-printer\/#primaryimage\"},\"thumbnailUrl\":\"https:\/\/alfequipment.com\/wp-content\/uploads\/2025\/01\/H9099159c63d94e258a50c96bc52aa0fcm.jpg\",\"datePublished\":\"2024-12-03T12:11:59+00:00\",\"dateModified\":\"2025-01-13T13:09:08+00:00\",\"breadcrumb\":{\"@id\":\"https:\/\/alfequipment.com\/product\/sop810-ink-jet-printer\/#breadcrumb\"},\"inLanguage\":\"pt-PT\",\"potentialAction\":[{\"@type\":\"ReadAction\",\"target\":[\"https:\/\/alfequipment.com\/product\/sop810-ink-jet-printer\/\"]}]},{\"@type\":\"ImageObject\",\"inLanguage\":\"pt-PT\",\"@id\":\"https:\/\/alfequipment.com\/product\/sop810-ink-jet-printer\/#primaryimage\",\"url\":\"https:\/\/alfequipment.com\/wp-content\/uploads\/2025\/01\/H9099159c63d94e258a50c96bc52aa0fcm.jpg\",\"contentUrl\":\"https:\/\/alfequipment.com\/wp-content\/uploads\/2025\/01\/H9099159c63d94e258a50c96bc52aa0fcm.jpg\",\"width\":839,\"height\":741},{\"@type\":\"BreadcrumbList\",\"@id\":\"https:\/\/alfequipment.com\/product\/sop810-ink-jet-printer\/#breadcrumb\",\"itemListElement\":[{\"@type\":\"ListItem\",\"position\":1,\"name\":\"Home\",\"item\":\"https:\/\/alfequipment.com\/\"},{\"@type\":\"ListItem\",\"position\":2,\"name\":\"Shop\",\"item\":\"https:\/\/alfequipment.com\/shop\/\"},{\"@type\":\"ListItem\",\"position\":3,\"name\":\"SOP810 INK JET PRINTER\"}]},{\"@type\":\"WebSite\",\"@id\":\"https:\/\/alfequipment.com\/#website\",\"url\":\"https:\/\/alfequipment.com\/\",\"name\":\"ALF PACK\",\"description\":\"\",\"publisher\":{\"@id\":\"https:\/\/alfequipment.com\/#organization\"},\"potentialAction\":[{\"@type\":\"SearchAction\",\"target\":{\"@type\":\"EntryPoint\",\"urlTemplate\":\"https:\/\/alfequipment.com\/?s={search_term_string}\"},\"query-input\":{\"@type\":\"PropertyValueSpecification\",\"valueRequired\":true,\"valueName\":\"search_term_string\"}}],\"inLanguage\":\"pt-PT\"},{\"@type\":\"Organization\",\"@id\":\"https:\/\/alfequipment.com\/#organization\",\"name\":\"ALF PACK\",\"url\":\"https:\/\/alfequipment.com\/\",\"logo\":{\"@type\":\"ImageObject\",\"inLanguage\":\"pt-PT\",\"@id\":\"https:\/\/alfequipment.com\/#\/schema\/logo\/image\/\",\"url\":\"https:\/\/alfequipment.com\/wp-content\/uploads\/2024\/11\/ALFlogo-2.webp\",\"contentUrl\":\"https:\/\/alfequipment.com\/wp-content\/uploads\/2024\/11\/ALFlogo-2.webp\",\"width\":758,\"height\":750,\"caption\":\"ALF PACK\"},\"image\":{\"@id\":\"https:\/\/alfequipment.com\/#\/schema\/logo\/image\/\"}}]}<\/script>\n<!-- \/ Yoast SEO Premium plugin. -->","yoast_head_json":{"title":"IMPRESSORA A JACTO DE TINTA SOP810 - PACOTE ALF","robots":{"index":"index","follow":"follow","max-snippet":"max-snippet:-1","max-image-preview":"max-image-preview:large","max-video-preview":"max-video-preview:-1"},"canonical":"https:\/\/alfequipment.com\/pt\/product\/impressora-a-jato-de-tinta-sop810\/","og_locale":"pt_PT","og_type":"article","og_title":"SOP810 INK JET PRINTER","og_description":"Sop810 Automatic Industrial Ink Jet Printer Date Coding Machine","og_url":"https:\/\/alfequipment.com\/pt\/product\/impressora-a-jato-de-tinta-sop810\/","og_site_name":"ALF PACK","article_modified_time":"2025-01-13T13:09:08+00:00","og_image":[{"width":839,"height":741,"url":"https:\/\/alfequipment.com\/wp-content\/uploads\/2025\/01\/H9099159c63d94e258a50c96bc52aa0fcm.jpg","type":"image\/webp"}],"twitter_card":"summary_large_image","twitter_misc":{"Tempo estimado de leitura":"2 minutos"},"schema":{"@context":"https:\/\/schema.org","@graph":[{"@type":"WebPage","@id":"https:\/\/alfequipment.com\/product\/sop810-ink-jet-printer\/","url":"https:\/\/alfequipment.com\/product\/sop810-ink-jet-printer\/","name":"IMPRESSORA A JACTO DE TINTA SOP810 - PACOTE ALF","isPartOf":{"@id":"https:\/\/alfequipment.com\/#website"},"primaryImageOfPage":{"@id":"https:\/\/alfequipment.com\/product\/sop810-ink-jet-printer\/#primaryimage"},"image":{"@id":"https:\/\/alfequipment.com\/product\/sop810-ink-jet-printer\/#primaryimage"},"thumbnailUrl":"https:\/\/alfequipment.com\/wp-content\/uploads\/2025\/01\/H9099159c63d94e258a50c96bc52aa0fcm.jpg","datePublished":"2024-12-03T12:11:59+00:00","dateModified":"2025-01-13T13:09:08+00:00","breadcrumb":{"@id":"https:\/\/alfequipment.com\/product\/sop810-ink-jet-printer\/#breadcrumb"},"inLanguage":"pt-PT","potentialAction":[{"@type":"ReadAction","target":["https:\/\/alfequipment.com\/product\/sop810-ink-jet-printer\/"]}]},{"@type":"ImageObject","inLanguage":"pt-PT","@id":"https:\/\/alfequipment.com\/product\/sop810-ink-jet-printer\/#primaryimage","url":"https:\/\/alfequipment.com\/wp-content\/uploads\/2025\/01\/H9099159c63d94e258a50c96bc52aa0fcm.jpg","contentUrl":"https:\/\/alfequipment.com\/wp-content\/uploads\/2025\/01\/H9099159c63d94e258a50c96bc52aa0fcm.jpg","width":839,"height":741},{"@type":"BreadcrumbList","@id":"https:\/\/alfequipment.com\/product\/sop810-ink-jet-printer\/#breadcrumb","itemListElement":[{"@type":"ListItem","position":1,"name":"Home","item":"https:\/\/alfequipment.com\/"},{"@type":"ListItem","position":2,"name":"Shop","item":"https:\/\/alfequipment.com\/shop\/"},{"@type":"ListItem","position":3,"name":"SOP810 INK JET PRINTER"}]},{"@type":"WebSite","@id":"https:\/\/alfequipment.com\/#website","url":"https:\/\/alfequipment.com\/","name":"PACK ALF","description":"","publisher":{"@id":"https:\/\/alfequipment.com\/#organization"},"potentialAction":[{"@type":"SearchAction","target":{"@type":"EntryPoint","urlTemplate":"https:\/\/alfequipment.com\/?s={search_term_string}"},"query-input":{"@type":"PropertyValueSpecification","valueRequired":true,"valueName":"search_term_string"}}],"inLanguage":"pt-PT"},{"@type":"Organization","@id":"https:\/\/alfequipment.com\/#organization","name":"PACK ALF","url":"https:\/\/alfequipment.com\/","logo":{"@type":"ImageObject","inLanguage":"pt-PT","@id":"https:\/\/alfequipment.com\/#\/schema\/logo\/image\/","url":"https:\/\/alfequipment.com\/wp-content\/uploads\/2024\/11\/ALFlogo-2.webp","contentUrl":"https:\/\/alfequipment.com\/wp-content\/uploads\/2024\/11\/ALFlogo-2.webp","width":758,"height":750,"caption":"ALF PACK"},"image":{"@id":"https:\/\/alfequipment.com\/#\/schema\/logo\/image\/"}}]}},"_links":{"self":[{"href":"https:\/\/alfequipment.com\/pt\/wp-json\/wp\/v2\/product\/2944","targetHints":{"allow":["GET"]}}],"collection":[{"href":"https:\/\/alfequipment.com\/pt\/wp-json\/wp\/v2\/product"}],"about":[{"href":"https:\/\/alfequipment.com\/pt\/wp-json\/wp\/v2\/types\/product"}],"replies":[{"embeddable":true,"href":"https:\/\/alfequipment.com\/pt\/wp-json\/wp\/v2\/comments?post=2944"}],"version-history":[{"count":0,"href":"https:\/\/alfequipment.com\/pt\/wp-json\/wp\/v2\/product\/2944\/revisions"}],"wp:featuredmedia":[{"embeddable":true,"href":"https:\/\/alfequipment.com\/pt\/wp-json\/wp\/v2\/media\/2722"}],"wp:attachment":[{"href":"https:\/\/alfequipment.com\/pt\/wp-json\/wp\/v2\/media?parent=2944"}],"wp:term":[{"taxonomy":"product_brand","embeddable":true,"href":"https:\/\/alfequipment.com\/pt\/wp-json\/wp\/v2\/product_brand?post=2944"},{"taxonomy":"product_cat","embeddable":true,"href":"https:\/\/alfequipment.com\/pt\/wp-json\/wp\/v2\/product_cat?post=2944"},{"taxonomy":"product_tag","embeddable":true,"href":"https:\/\/alfequipment.com\/pt\/wp-json\/wp\/v2\/product_tag?post=2944"}],"curies":[{"name":"wp","href":"https:\/\/api.w.org\/{rel}","templated":true}]}}