{"id":2959,"date":"2024-12-15T17:05:17","date_gmt":"2024-12-15T17:05:17","guid":{"rendered":"https:\/\/alfequipment.com\/product\/fwj-30b-semi-automatic-aluminum-tube-filling-and-sealing-packaging-machine\/"},"modified":"2025-01-13T13:09:17","modified_gmt":"2025-01-13T13:09:17","slug":"maquina-de-enchimento-e-selagem-de-tubos-de-aluminio-semi-automatica-fwj-30b","status":"publish","type":"product","link":"https:\/\/alfequipment.com\/pt\/product\/maquina-de-enchimento-e-selagem-de-tubos-de-aluminio-semi-automatica-fwj-30b\/","title":{"rendered":"M\u00e1quina de enchimento e selagem de tubos de alum\u00ednio semi-autom\u00e1tica FWJ-30B"},"content":{"rendered":"<div data-magic-global=\"%7B%22bizId%22%3A17179933680%2C%22pageId%22%3A21103318109%2C%22siteId%22%3A5005331025%7D\" id=\"detail_decorate_root\">\n<div module-id=\"29907909509\" module-title=\"detailProductNavigation\" render=\"true\" class=\"J_module\">\n<div id=\"ali-anchor-AliMagic-a7khae\" data-section=\"AliMagic-a7khae\" data-section-title=\"Product Overview\" class=\"magic-0\">Esta m\u00e1quina \u00e9 adequada para enchimento e selagem de tubos de alum\u00ednio, com a fun\u00e7\u00e3o de enchimento, selagem, impress\u00e3o de data e corte final. \u00c9 amplamente aplicada na ind\u00fastria de produtos qu\u00edmicos di\u00e1rios, produtos farmac\u00eauticos, alimentos, cosm\u00e9ticos, etc.<\/div>\n<\/div>\n<div module-id=\"29907909510\" module-title=\"detailTextWithTitle\" render=\"true\" class=\"J_module\">\n<div class=\"detail-decorate-json-renderer-container\">\n<div class=\"magic-1\">\n<div class=\"magic-4\">\n<div class=\"magic-5\">\n<div class=\"magic-6\"><span><span> <br \/> * A\u00e7o inoxid\u00e1vel 304 para cumprir a norma GMP<br \/> * Sistema autom\u00e1tico de marca\u00e7\u00e3o ocular e sensor de contagem de tubos<br \/> * Controladores de temperatura digitais e inteligentes e sistemas de arrefecimento, adequados para a veda\u00e7\u00e3o de v\u00e1rios tubos. <br \/> * Com interrutor de seguran\u00e7a, mais seguro.<\/span><\/span><\/p>\n<div>\n        <\/p>\n<div>\n         <span><span><span> Normalmente, o di\u00e2metro do tubo e o molde com tamanhos:<br \/> 12, 16, 19, 22, 25, 28, 30, 35, 40, 45, 50 mm<\/span><br \/><\/span><\/span>\n        <\/div>\n<\/p><\/div>\n<\/p><\/div>\n<\/p><\/div>\n<\/p><\/div>\n<\/p><\/div>\n<\/p><\/div>\n<\/p><\/div>\n<\/div>","protected":false},"excerpt":{"rendered":"<p>M\u00e1quina de embalagem semi-autom\u00e1tica para enchimento e selagem de tubos de alum\u00ednio<\/p>","protected":false},"featured_media":2752,"comment_status":"closed","ping_status":"open","template":"","meta":[],"product_brand":[],"product_cat":[102],"product_tag":[],"class_list":{"0":"post-2959","1":"product","2":"type-product","3":"status-publish","4":"has-post-thumbnail","6":"product_cat-packaging-machines","8":"first","9":"instock","10":"sale","11":"purchasable","12":"product-type-simple"},"yoast_head":"<!-- This site is optimized with the Yoast SEO Premium plugin v20.9 (Yoast SEO v26.5) - https:\/\/yoast.com\/wordpress\/plugins\/seo\/ -->\n<title>FWJ-30B semi-automatic aluminum tube filling and sealing packaging machine - ALF PACK<\/title>\n<meta name=\"robots\" content=\"index, follow, max-snippet:-1, max-image-preview:large, max-video-preview:-1\" \/>\n<link rel=\"canonical\" href=\"https:\/\/alfequipment.com\/pt\/product\/maquina-de-enchimento-e-selagem-de-tubos-de-aluminio-semi-automatica-fwj-30b\/\" \/>\n<meta property=\"og:locale\" content=\"pt_PT\" \/>\n<meta property=\"og:type\" content=\"article\" \/>\n<meta property=\"og:title\" content=\"FWJ-30B semi-automatic aluminum tube filling and sealing packaging machine\" \/>\n<meta property=\"og:description\" content=\"Semi-automatic Aluminum Tube Filling And Sealing Packaging Machine\" \/>\n<meta property=\"og:url\" content=\"https:\/\/alfequipment.com\/pt\/product\/maquina-de-enchimento-e-selagem-de-tubos-de-aluminio-semi-automatica-fwj-30b\/\" \/>\n<meta property=\"og:site_name\" content=\"ALF PACK\" \/>\n<meta property=\"article:modified_time\" content=\"2025-01-13T13:09:17+00:00\" \/>\n<meta property=\"og:image\" content=\"https:\/\/alfequipment.com\/wp-content\/uploads\/2025\/01\/FWJ-30B-semi-automatic-aluminum-tube-filling.jpg\" \/>\n\t<meta property=\"og:image:width\" content=\"800\" \/>\n\t<meta property=\"og:image:height\" content=\"800\" \/>\n\t<meta property=\"og:image:type\" content=\"image\/webp\" \/>\n<meta name=\"twitter:card\" content=\"summary_large_image\" \/>\n<script type=\"application\/ld+json\" class=\"yoast-schema-graph\">{\"@context\":\"https:\/\/schema.org\",\"@graph\":[{\"@type\":\"WebPage\",\"@id\":\"https:\/\/alfequipment.com\/product\/fwj-30b-semi-automatic-aluminum-tube-filling-and-sealing-packaging-machine\/\",\"url\":\"https:\/\/alfequipment.com\/product\/fwj-30b-semi-automatic-aluminum-tube-filling-and-sealing-packaging-machine\/\",\"name\":\"FWJ-30B semi-automatic aluminum tube filling and sealing packaging machine - ALF PACK\",\"isPartOf\":{\"@id\":\"https:\/\/alfequipment.com\/#website\"},\"primaryImageOfPage\":{\"@id\":\"https:\/\/alfequipment.com\/product\/fwj-30b-semi-automatic-aluminum-tube-filling-and-sealing-packaging-machine\/#primaryimage\"},\"image\":{\"@id\":\"https:\/\/alfequipment.com\/product\/fwj-30b-semi-automatic-aluminum-tube-filling-and-sealing-packaging-machine\/#primaryimage\"},\"thumbnailUrl\":\"https:\/\/alfequipment.com\/wp-content\/uploads\/2025\/01\/FWJ-30B-semi-automatic-aluminum-tube-filling.jpg\",\"datePublished\":\"2024-12-15T17:05:17+00:00\",\"dateModified\":\"2025-01-13T13:09:17+00:00\",\"breadcrumb\":{\"@id\":\"https:\/\/alfequipment.com\/product\/fwj-30b-semi-automatic-aluminum-tube-filling-and-sealing-packaging-machine\/#breadcrumb\"},\"inLanguage\":\"pt-PT\",\"potentialAction\":[{\"@type\":\"ReadAction\",\"target\":[\"https:\/\/alfequipment.com\/product\/fwj-30b-semi-automatic-aluminum-tube-filling-and-sealing-packaging-machine\/\"]}]},{\"@type\":\"ImageObject\",\"inLanguage\":\"pt-PT\",\"@id\":\"https:\/\/alfequipment.com\/product\/fwj-30b-semi-automatic-aluminum-tube-filling-and-sealing-packaging-machine\/#primaryimage\",\"url\":\"https:\/\/alfequipment.com\/wp-content\/uploads\/2025\/01\/FWJ-30B-semi-automatic-aluminum-tube-filling.jpg\",\"contentUrl\":\"https:\/\/alfequipment.com\/wp-content\/uploads\/2025\/01\/FWJ-30B-semi-automatic-aluminum-tube-filling.jpg\",\"width\":800,\"height\":800},{\"@type\":\"BreadcrumbList\",\"@id\":\"https:\/\/alfequipment.com\/product\/fwj-30b-semi-automatic-aluminum-tube-filling-and-sealing-packaging-machine\/#breadcrumb\",\"itemListElement\":[{\"@type\":\"ListItem\",\"position\":1,\"name\":\"Home\",\"item\":\"https:\/\/alfequipment.com\/\"},{\"@type\":\"ListItem\",\"position\":2,\"name\":\"Shop\",\"item\":\"https:\/\/alfequipment.com\/shop\/\"},{\"@type\":\"ListItem\",\"position\":3,\"name\":\"FWJ-30B semi-automatic aluminum tube filling and sealing packaging machine\"}]},{\"@type\":\"WebSite\",\"@id\":\"https:\/\/alfequipment.com\/#website\",\"url\":\"https:\/\/alfequipment.com\/\",\"name\":\"ALF PACK\",\"description\":\"\",\"publisher\":{\"@id\":\"https:\/\/alfequipment.com\/#organization\"},\"potentialAction\":[{\"@type\":\"SearchAction\",\"target\":{\"@type\":\"EntryPoint\",\"urlTemplate\":\"https:\/\/alfequipment.com\/?s={search_term_string}\"},\"query-input\":{\"@type\":\"PropertyValueSpecification\",\"valueRequired\":true,\"valueName\":\"search_term_string\"}}],\"inLanguage\":\"pt-PT\"},{\"@type\":\"Organization\",\"@id\":\"https:\/\/alfequipment.com\/#organization\",\"name\":\"ALF PACK\",\"url\":\"https:\/\/alfequipment.com\/\",\"logo\":{\"@type\":\"ImageObject\",\"inLanguage\":\"pt-PT\",\"@id\":\"https:\/\/alfequipment.com\/#\/schema\/logo\/image\/\",\"url\":\"https:\/\/alfequipment.com\/wp-content\/uploads\/2024\/11\/ALFlogo-2.webp\",\"contentUrl\":\"https:\/\/alfequipment.com\/wp-content\/uploads\/2024\/11\/ALFlogo-2.webp\",\"width\":758,\"height\":750,\"caption\":\"ALF PACK\"},\"image\":{\"@id\":\"https:\/\/alfequipment.com\/#\/schema\/logo\/image\/\"}}]}<\/script>\n<!-- \/ Yoast SEO Premium plugin. -->","yoast_head_json":{"title":"M\u00e1quina de enchimento e selagem de tubos de alum\u00ednio semi-autom\u00e1tica FWJ-30B - ALF PACK","robots":{"index":"index","follow":"follow","max-snippet":"max-snippet:-1","max-image-preview":"max-image-preview:large","max-video-preview":"max-video-preview:-1"},"canonical":"https:\/\/alfequipment.com\/pt\/product\/maquina-de-enchimento-e-selagem-de-tubos-de-aluminio-semi-automatica-fwj-30b\/","og_locale":"pt_PT","og_type":"article","og_title":"FWJ-30B semi-automatic aluminum tube filling and sealing packaging machine","og_description":"Semi-automatic Aluminum Tube Filling And Sealing Packaging Machine","og_url":"https:\/\/alfequipment.com\/pt\/product\/maquina-de-enchimento-e-selagem-de-tubos-de-aluminio-semi-automatica-fwj-30b\/","og_site_name":"ALF PACK","article_modified_time":"2025-01-13T13:09:17+00:00","og_image":[{"width":800,"height":800,"url":"https:\/\/alfequipment.com\/wp-content\/uploads\/2025\/01\/FWJ-30B-semi-automatic-aluminum-tube-filling.jpg","type":"image\/webp"}],"twitter_card":"summary_large_image","schema":{"@context":"https:\/\/schema.org","@graph":[{"@type":"WebPage","@id":"https:\/\/alfequipment.com\/product\/fwj-30b-semi-automatic-aluminum-tube-filling-and-sealing-packaging-machine\/","url":"https:\/\/alfequipment.com\/product\/fwj-30b-semi-automatic-aluminum-tube-filling-and-sealing-packaging-machine\/","name":"M\u00e1quina de enchimento e selagem de tubos de alum\u00ednio semi-autom\u00e1tica FWJ-30B - ALF PACK","isPartOf":{"@id":"https:\/\/alfequipment.com\/#website"},"primaryImageOfPage":{"@id":"https:\/\/alfequipment.com\/product\/fwj-30b-semi-automatic-aluminum-tube-filling-and-sealing-packaging-machine\/#primaryimage"},"image":{"@id":"https:\/\/alfequipment.com\/product\/fwj-30b-semi-automatic-aluminum-tube-filling-and-sealing-packaging-machine\/#primaryimage"},"thumbnailUrl":"https:\/\/alfequipment.com\/wp-content\/uploads\/2025\/01\/FWJ-30B-semi-automatic-aluminum-tube-filling.jpg","datePublished":"2024-12-15T17:05:17+00:00","dateModified":"2025-01-13T13:09:17+00:00","breadcrumb":{"@id":"https:\/\/alfequipment.com\/product\/fwj-30b-semi-automatic-aluminum-tube-filling-and-sealing-packaging-machine\/#breadcrumb"},"inLanguage":"pt-PT","potentialAction":[{"@type":"ReadAction","target":["https:\/\/alfequipment.com\/product\/fwj-30b-semi-automatic-aluminum-tube-filling-and-sealing-packaging-machine\/"]}]},{"@type":"ImageObject","inLanguage":"pt-PT","@id":"https:\/\/alfequipment.com\/product\/fwj-30b-semi-automatic-aluminum-tube-filling-and-sealing-packaging-machine\/#primaryimage","url":"https:\/\/alfequipment.com\/wp-content\/uploads\/2025\/01\/FWJ-30B-semi-automatic-aluminum-tube-filling.jpg","contentUrl":"https:\/\/alfequipment.com\/wp-content\/uploads\/2025\/01\/FWJ-30B-semi-automatic-aluminum-tube-filling.jpg","width":800,"height":800},{"@type":"BreadcrumbList","@id":"https:\/\/alfequipment.com\/product\/fwj-30b-semi-automatic-aluminum-tube-filling-and-sealing-packaging-machine\/#breadcrumb","itemListElement":[{"@type":"ListItem","position":1,"name":"Home","item":"https:\/\/alfequipment.com\/"},{"@type":"ListItem","position":2,"name":"Shop","item":"https:\/\/alfequipment.com\/shop\/"},{"@type":"ListItem","position":3,"name":"FWJ-30B semi-automatic aluminum tube filling and sealing packaging machine"}]},{"@type":"WebSite","@id":"https:\/\/alfequipment.com\/#website","url":"https:\/\/alfequipment.com\/","name":"PACK ALF","description":"","publisher":{"@id":"https:\/\/alfequipment.com\/#organization"},"potentialAction":[{"@type":"SearchAction","target":{"@type":"EntryPoint","urlTemplate":"https:\/\/alfequipment.com\/?s={search_term_string}"},"query-input":{"@type":"PropertyValueSpecification","valueRequired":true,"valueName":"search_term_string"}}],"inLanguage":"pt-PT"},{"@type":"Organization","@id":"https:\/\/alfequipment.com\/#organization","name":"PACK ALF","url":"https:\/\/alfequipment.com\/","logo":{"@type":"ImageObject","inLanguage":"pt-PT","@id":"https:\/\/alfequipment.com\/#\/schema\/logo\/image\/","url":"https:\/\/alfequipment.com\/wp-content\/uploads\/2024\/11\/ALFlogo-2.webp","contentUrl":"https:\/\/alfequipment.com\/wp-content\/uploads\/2024\/11\/ALFlogo-2.webp","width":758,"height":750,"caption":"ALF PACK"},"image":{"@id":"https:\/\/alfequipment.com\/#\/schema\/logo\/image\/"}}]}},"_links":{"self":[{"href":"https:\/\/alfequipment.com\/pt\/wp-json\/wp\/v2\/product\/2959","targetHints":{"allow":["GET"]}}],"collection":[{"href":"https:\/\/alfequipment.com\/pt\/wp-json\/wp\/v2\/product"}],"about":[{"href":"https:\/\/alfequipment.com\/pt\/wp-json\/wp\/v2\/types\/product"}],"replies":[{"embeddable":true,"href":"https:\/\/alfequipment.com\/pt\/wp-json\/wp\/v2\/comments?post=2959"}],"version-history":[{"count":0,"href":"https:\/\/alfequipment.com\/pt\/wp-json\/wp\/v2\/product\/2959\/revisions"}],"wp:featuredmedia":[{"embeddable":true,"href":"https:\/\/alfequipment.com\/pt\/wp-json\/wp\/v2\/media\/2752"}],"wp:attachment":[{"href":"https:\/\/alfequipment.com\/pt\/wp-json\/wp\/v2\/media?parent=2959"}],"wp:term":[{"taxonomy":"product_brand","embeddable":true,"href":"https:\/\/alfequipment.com\/pt\/wp-json\/wp\/v2\/product_brand?post=2959"},{"taxonomy":"product_cat","embeddable":true,"href":"https:\/\/alfequipment.com\/pt\/wp-json\/wp\/v2\/product_cat?post=2959"},{"taxonomy":"product_tag","embeddable":true,"href":"https:\/\/alfequipment.com\/pt\/wp-json\/wp\/v2\/product_tag?post=2959"}],"curies":[{"name":"wp","href":"https:\/\/api.w.org\/{rel}","templated":true}]}}