{"id":2975,"date":"2025-01-12T12:23:10","date_gmt":"2025-01-12T12:23:10","guid":{"rendered":"https:\/\/alfequipment.com\/product\/dys-2-1500-semi-automatic-stretch-blow-moulding-machine-for-pet-bottle\/"},"modified":"2025-01-13T13:09:24","modified_gmt":"2025-01-13T13:09:24","slug":"dis-2-1500-maquina-de-moldagem-por-sopro-semi-automatica-para-garrafas-pet","status":"publish","type":"product","link":"https:\/\/alfequipment.com\/pt\/product\/dis-2-1500-maquina-de-moldagem-por-sopro-semi-automatica-para-garrafas-pet\/","title":{"rendered":"DYS-2-1500 M\u00e1quina de moldagem por sopro semi-autom\u00e1tica para garrafas PET"},"content":{"rendered":"<p><span style=\"font-size: 10.5pt; line-height: normal;\">1.&nbsp;<\/span><span style=\"font-size: 10.5pt; line-height: normal;\">Ado\u00e7\u00e3o de um circuito de controlo eletr\u00f3nico especial para aquecimento, elevada efici\u00eancia no controlo simult\u00e2neo de uma ou mais l\u00e2mpadas, menor consumo de energia<\/span><\/p>\n<div id=\"ali-anchor-AliPostDhMb-25tvv\" style=\"padding-top: 8px;\" data-section=\"AliPostDhMb-25tvv\" data-section-title=\"Product Description\">\n<div>\n<p><span style=\"font-style: normal; font-weight: normal; font-size: 10.5pt; line-height: normal;\">2.&nbsp;<\/span><span style=\"font-style: normal; font-weight: normal; font-size: 10.5pt; line-height: normal;\">Adotar a teoria da transfer\u00eancia de calor e do feedback ao conceber a forma e a espessura da pr\u00e9-forma<\/span><\/p>\n<p><span style=\"font-style: normal; font-weight: normal; font-size: 10.5pt; line-height: normal;\">3.&nbsp;<\/span><span style=\"font-style: normal; font-weight: normal; font-size: 10.5pt; line-height: normal;\">A pr\u00e9-forma \u00e9 aquecida uniformemente e n\u00e3o \u00e9 influenciada pelo ambiente exterior<\/span><\/p>\n<p><span style=\"font-style: normal; font-weight: normal; font-size: 10.5pt; line-height: normal;\">4.&nbsp;<\/span><span style=\"font-style: normal; font-weight: normal; font-size: 10.5pt; line-height: normal;\">O sistema de arrefecimento com ciclo de ar frio assegura a mesma exposi\u00e7\u00e3o t\u00e9rmica da superf\u00edcie interna e externa das garrafas<\/span><\/p>\n<p><span style=\"font-style: normal; font-weight: normal; font-size: 10.5pt; line-height: normal;\">5.&nbsp;<\/span><span style=\"font-style: normal; font-weight: normal; font-size: 10.5pt; line-height: normal;\">O sistema de exaust\u00e3o de ar concebido pela CAD pode garantir o desvio da temperatura da resist\u00eancia de aquecimento \u00b1<span style=\"font-family: 'Times New Roman';\">1 grau<\/span><\/span><\/p>\n<p><span style=\"font-style: normal; font-weight: normal; font-size: 10.5pt; line-height: normal;\">6.&nbsp;<\/span><span style=\"font-style: normal; font-weight: normal; font-size: 10.5pt; line-height: normal;\">O sistema de circuito de ar \u00e9 composto por movimento e sopro, de modo a satisfazer as necessidades de diferentes press\u00f5es de ar, e tamb\u00e9m para fornecer alta press\u00e3o est\u00e1vel para soprar diferentes formas de garrafas de grande capacidade<\/span><\/p>\n<p><span style=\"font-style: normal; font-weight: normal; font-size: 10.5pt; line-height: normal;\">7.&nbsp;<\/span><span style=\"font-style: normal; font-weight: normal; font-size: 10.5pt; line-height: normal;\">O sistema est\u00e1 equipado com silenciador, biela e dispositivos de reabastecimento articulados<\/span><\/p>\n<p><span style=\"font-style: normal; font-weight: normal; font-size: 10.5pt; line-height: normal;\">8.&nbsp;<\/span><span style=\"font-style: normal; font-weight: normal; font-size: 10.5pt; line-height: normal;\">Dois modos de funcionamento: modo semi-autom\u00e1tico e modo autom\u00e1tico<\/span><\/p>\n<p><span style=\"font-style: normal; font-weight: normal; font-size: 10.5pt; line-height: normal;\">9.&nbsp;<\/span><span style=\"font-style: normal; font-weight: normal; font-size: 10.5pt; line-height: normal;\">Tamanho pequeno, baixo investimento. Uma pessoa \u00e9 suficiente para operar, simples e seguro<\/span><\/p>\n<p>&nbsp;<\/p>\n<p><span style=\"font-family: Verdana, Arial, Helvetica, sans-serif; font-size: 16px; line-height: normal;\">Especifica\u00e7\u00e3o:<\/span><\/p>\n<p>&nbsp;<\/p>\n<table class=\"aliDataTable\" style=\"width: 426.1pt;\">\n<tbody>\n<tr style=\"height: 16px;\" align=\"left\">\n<td style=\"width: 213.05pt; height: 16px;\" valign=\"top\">\n<p><span style=\"font-style: normal; font-weight: normal; font-size: 10.5pt; line-height: normal;\">Modelo<\/span><\/p>\n<\/td>\n<td style=\"width: 213.05pt; height: 16px;\" valign=\"top\">\n<p><span style=\"font-size: 12px;\">DYS-2-1500<\/span><\/p>\n<\/td>\n<\/tr>\n<tr style=\"height: 17px;\" align=\"left\">\n<td style=\"height: 17px;\" valign=\"top\">\n<p><span style=\"font-style: normal; font-weight: normal; font-size: 10.5pt; line-height: normal;\">Produ\u00e7\u00e3o te\u00f3rica<\/span><\/p>\n<\/td>\n<td style=\"height: 17px;\" valign=\"top\">\n<p><span style=\"font-style: normal; font-weight: normal; font-size: 10.5pt; line-height: normal;\">800B\/H<\/span><\/p>\n<\/td>\n<\/tr>\n<tr style=\"height: 17px;\" align=\"left\">\n<td style=\"height: 17px;\" valign=\"top\">\n<p><span style=\"font-style: normal; font-weight: normal; font-size: 10.5pt; line-height: normal;\">Volume m\u00e1ximo<\/span><\/p>\n<\/td>\n<td style=\"height: 17px;\" valign=\"top\">\n<p><span style=\"font-style: normal; font-weight: normal; font-size: 10.5pt; line-height: normal;\">2.0L<\/span><\/p>\n<\/td>\n<\/tr>\n<tr style=\"height: 17px;\" align=\"left\">\n<td style=\"height: 17px;\" valign=\"top\">\n<p><span style=\"font-style: normal; font-weight: normal; font-size: 10.5pt; line-height: normal;\">Altura m\u00e1xima<\/span><\/p>\n<\/td>\n<td style=\"height: 17px;\" valign=\"top\">\n<p><span style=\"font-style: normal; font-weight: normal; font-size: 10.5pt; line-height: normal;\">360 mm<\/span><\/p>\n<\/td>\n<\/tr>\n<tr style=\"height: 17px;\" align=\"left\">\n<td style=\"height: 17px;\" valign=\"top\">\n<p><span style=\"font-style: normal; font-weight: normal; font-size: 10.5pt; line-height: normal;\">Di\u00e2metro m\u00e1ximo<\/span><\/p>\n<\/td>\n<td style=\"height: 17px;\" valign=\"top\">\n<p><span style=\"font-style: normal; font-weight: normal; font-size: 10.5pt; line-height: normal;\">105 mm<\/span><\/p>\n<\/td>\n<\/tr>\n<tr style=\"height: 17px;\" align=\"left\">\n<td style=\"height: 17px;\" valign=\"top\">\n<p><span style=\"font-style: normal; font-weight: normal; font-size: 10.5pt; line-height: normal;\">N\u00famero de cavidades&nbsp;<\/span><\/p>\n<\/td>\n<td style=\"height: 17px;\" valign=\"top\">\n<p><span style=\"font-style: normal; font-weight: normal; font-size: 10.5pt; line-height: normal;\">2<\/span><\/p>\n<\/td>\n<\/tr>\n<tr style=\"height: 17px;\" align=\"left\">\n<td style=\"height: 17px;\" valign=\"top\">\n<p><span style=\"font-style: normal; font-weight: normal; font-size: 10.5pt; line-height: normal;\">Dimens\u00e3o da placa de molde<\/span><\/p>\n<\/td>\n<td style=\"height: 17px;\" valign=\"top\">\n<p><span style=\"font-style: normal; font-weight: normal; font-size: 10.5pt; line-height: normal;\">L:490mm*H405mm<\/span><\/p>\n<\/td>\n<\/tr>\n<tr style=\"height: 17px;\" align=\"left\">\n<td style=\"height: 17px;\" valign=\"top\">\n<p><span style=\"font-style: normal; font-weight: normal; font-size: 10.5pt; line-height: normal;\">Espessura do molde<\/span><\/p>\n<\/td>\n<td style=\"height: 17px;\" valign=\"top\">\n<p><span style=\"font-style: normal; font-weight: normal; font-size: 10.5pt; line-height: normal;\">220 mm<\/span><\/p>\n<\/td>\n<\/tr>\n<tr style=\"height: 17px;\" align=\"left\">\n<td style=\"height: 17px;\" valign=\"top\">\n<p><span style=\"font-style: normal; font-weight: normal; font-size: 10.5pt; line-height: normal;\">Curso de abertura do molde<\/span><\/p>\n<\/td>\n<td style=\"height: 17px;\" valign=\"top\">\n<p><span style=\"font-style: normal; font-weight: normal; font-size: 10.5pt; line-height: normal;\">180 mm<\/span><\/p>\n<\/td>\n<\/tr>\n<tr style=\"height: 17px;\" align=\"left\">\n<td style=\"height: 17px;\" valign=\"top\">\n<p><span style=\"font-style: normal; font-weight: normal; font-size: 10.5pt; line-height: normal;\">Pot\u00eancia<\/span><\/p>\n<\/td>\n<td style=\"height: 17px;\" valign=\"top\">\n<p><span style=\"font-style: normal; font-weight: normal; font-size: 10.5pt; line-height: normal;\">220-380V\/50-60HZ<\/span><\/p>\n<\/td>\n<\/tr>\n<tr style=\"height: 17px;\" align=\"left\">\n<td style=\"height: 17px;\" valign=\"top\">\n<p><span style=\"font-style: normal; font-weight: normal; font-size: 10.5pt; line-height: normal;\">Pot\u00eancia total<\/span><\/p>\n<\/td>\n<td style=\"height: 17px;\" valign=\"top\">\n<p><span style=\"font-style: normal; font-weight: normal; font-size: 10.5pt; line-height: normal;\">11kw<\/span><\/p>\n<\/td>\n<\/tr>\n<tr style=\"height: 17px;\" align=\"left\">\n<td style=\"height: 17px;\" valign=\"top\">\n<p><span style=\"font-style: normal; font-weight: normal; font-size: 10.5pt; line-height: normal;\">Pot\u00eancia de aquecimento<\/span><\/p>\n<\/td>\n<td style=\"height: 17px;\" valign=\"top\">\n<p><span style=\"font-style: normal; font-weight: normal; font-size: 10.5pt; line-height: normal;\">10kw<\/span><\/p>\n<\/td>\n<\/tr>\n<tr style=\"height: 17px;\" align=\"left\">\n<td style=\"height: 17px;\" valign=\"top\">\n<p><span style=\"font-style: normal; font-weight: normal; font-size: 10.5pt; line-height: normal;\">Dimens\u00e3o do corpo principal<\/span><\/p>\n<\/td>\n<td style=\"height: 17px;\" valign=\"top\">\n<p><span style=\"font-style: normal; font-weight: normal; font-size: 10.5pt; line-height: normal;\">L:1500*W650*H2000mm<\/span><\/p>\n<\/td>\n<\/tr>\n<tr style=\"height: 17px;\" align=\"left\">\n<td style=\"height: 17px;\" valign=\"top\">\n<p><span style=\"font-style: normal; font-weight: normal; font-size: 10.5pt; line-height: normal;\">Peso do corpo principal<\/span><\/p>\n<\/td>\n<td style=\"height: 17px;\" valign=\"top\">\n<p><span style=\"font-style: normal; font-weight: normal; font-size: 10.5pt; line-height: normal;\">550 kg<\/span><\/p>\n<\/td>\n<\/tr>\n<tr style=\"height: 17px;\" align=\"left\">\n<td style=\"height: 17px;\" valign=\"top\">\n<p><span style=\"font-style: normal; font-weight: normal; font-size: 10.5pt; line-height: normal;\">Dimens\u00e3o do pr\u00e9-aquecedor<\/span><\/p>\n<\/td>\n<td style=\"height: 17px;\" valign=\"top\">\n<p><span style=\"font-style: normal; font-weight: normal; font-size: 10.5pt; line-height: normal;\">L:1400*W650*H1500mm<\/span><\/p>\n<\/td>\n<\/tr>\n<tr style=\"height: 17px;\" align=\"left\">\n<td style=\"height: 17px;\" valign=\"top\">\n<p><span style=\"font-style: normal; font-weight: normal; font-size: 10.5pt; line-height: normal;\">Peso do pr\u00e9-aquecedor<\/span><\/p>\n<\/td>\n<td style=\"height: 17px;\" valign=\"top\">\n<p><span style=\"font-style: normal; font-weight: normal; font-size: 10.5pt; line-height: normal;\">300 kg<\/span><\/p>\n<\/td>\n<\/tr>\n<\/tbody>\n<\/table>\n<p>&nbsp;<\/p>\n<p>&nbsp;<\/p>\n<p><img decoding=\"async\" src=\"https:\/\/sc01.alicdn.com\/kf\/HTB10_eGFVXXXXcZXXXXq6xXFXXXC\/64496\/HTB10_eGFVXXXXcZXXXXq6xXFXXXC.jpg\" data-alt=\"DYS-2-1500 Semi automatic Stretch Blow Moulding Machine for PET bottle\" style=\"width: 295px; height: 150px;\" ori-width=\"406\" ori-height=\"207\" class=\"aligncenter\"><span style=\"font-size: 24px;\">&nbsp;<\/span><\/p>\n<p><span style=\"font-size: 18px;\">0,1-2,5L(2 cavidades) 3-6L(1 cavidade)<\/span><\/p>\n<p>&nbsp;<\/p>\n<p><span style=\"font-size: 18px;\"><img decoding=\"async\" src=\"https:\/\/sc01.alicdn.com\/kf\/HTB1dliEFVXXXXc7XpXXq6xXFXXXo\/64496\/HTB1dliEFVXXXXc7XpXXq6xXFXXXo.jpg\" data-alt=\"DYS-2-1500 Semi automatic Stretch Blow Moulding Machine for PET bottle\" style=\"width: 503px; height: 469px;\" ori-width=\"800\" ori-height=\"747\" class=\"aligncenter\"><\/span><\/p>\n<p><span style=\"font-size: 18px;\">compressor de ar<\/span><\/p>\n<p>&nbsp;<\/p>\n<p><span style=\"font-weight: bold; font-style: normal; font-size: 12pt; line-height: normal;\">Filtro de ar FAL-1.0\/30<\/span><\/p>\n<p><span style=\"font-style: normal; font-weight: normal; font-size: 12pt; line-height: normal; font-family: 'Times New Roman';\">&nbsp;<img decoding=\"async\" src=\"https:\/\/sc01.alicdn.com\/kf\/HTB1CkeAFVXXXXcEXFXXq6xXFXXXw\/64496\/HTB1CkeAFVXXXXcEXFXXq6xXFXXXw.jpg\" data-alt=\"DYS-2-1500 Semi automatic Stretch Blow Moulding Machine for PET bottle\" style=\"width: 155px; height: 146px;\" ori-width=\"133\" ori-height=\"125\" class=\"aligncenter\"><\/span><\/p>\n<table class=\"aliDataTable\" style=\"width: 426.1pt;\">\n<tbody>\n<tr align=\"left\">\n<td style=\"width: 213.05pt;\" valign=\"top\">\n<p><span style=\"font-style: normal; font-weight: normal; font-size: 12pt; line-height: normal;\">Modelo<\/span><\/p>\n<\/td>\n<td style=\"width: 213.05pt;\" valign=\"top\">\n<p><span style=\"font-style: normal; font-weight: normal; font-size: 12pt; line-height: normal;\">FAL-1.030<\/span><\/p>\n<\/td>\n<\/tr>\n<tr align=\"left\">\n<td valign=\"top\">\n<p><span style=\"font-style: normal; font-weight: normal; font-size: 12pt; line-height: normal;\">Entrega gratuita por via a\u00e9rea<\/span><\/p>\n<\/td>\n<td valign=\"top\">\n<p><span style=\"font-style: normal; font-weight: normal; font-size: 12pt; line-height: normal;\">1.0m\u00b3<span style=\"font-family: 'Times New Roman';\">\/min<\/span><\/span><\/p>\n<\/td>\n<\/tr>\n<tr align=\"left\">\n<td valign=\"top\">\n<p><span style=\"font-style: normal; font-weight: normal; font-size: 12pt; line-height: normal;\">Press\u00e3o do ar<\/span><\/p>\n<\/td>\n<td valign=\"top\">\n<p><span style=\"font-style: normal; font-weight: normal; font-size: 12pt; line-height: normal;\">3.0Mpa<\/span><\/p>\n<\/td>\n<\/tr>\n<tr align=\"left\">\n<td valign=\"top\">\n<p><span style=\"font-style: normal; font-weight: normal; font-size: 12pt; line-height: normal;\">Dimens\u00e3o global<\/span><\/p>\n<\/td>\n<td valign=\"top\">\n<p><span style=\"font-style: normal; font-weight: normal; font-size: 12pt; line-height: normal;\">650*250*350<\/span><\/p>\n<\/td>\n<\/tr>\n<tr align=\"left\">\n<td valign=\"top\">\n<p><span style=\"font-style: normal; font-weight: normal; font-size: 12pt; line-height: normal;\">Peso&nbsp;<\/span><\/p>\n<\/td>\n<td valign=\"top\">\n<p><span style=\"font-style: normal; font-weight: normal; font-size: 12pt; line-height: normal;\">10 kg<\/span><\/p>\n<\/td>\n<\/tr>\n<\/tbody>\n<\/table>\n<p>&nbsp;<\/p>\n<p>&nbsp;<\/p>\n<p><img decoding=\"async\" src=\"https:\/\/sc01.alicdn.com\/kf\/HTB1v8WEFVXXXXcWXpXXq6xXFXXXH\/64496\/HTB1v8WEFVXXXXcWXpXXq6xXFXXXH.jpg\" data-alt=\"DYS-2-1500 Semi automatic Stretch Blow Moulding Machine for PET bottle\" style=\"width: 173px; height: 492px;\" ori-width=\"232\" ori-height=\"660\" class=\"aligncenter\"><\/p>\n<\/div>\n<\/div>","protected":false},"excerpt":{"rendered":"<p>Dys-2-1500 M\u00e1quina Semi-Autom\u00e1tica de Moldagem por Sopro e Estiramento para Garrafa Pet<\/p>","protected":false},"featured_media":2784,"comment_status":"closed","ping_status":"open","template":"","meta":[],"product_brand":[],"product_cat":[108],"product_tag":[],"class_list":{"0":"post-2975","1":"product","2":"type-product","3":"status-publish","4":"has-post-thumbnail","6":"product_cat-stretch-blow-moulding-machines","8":"first","9":"instock","10":"sale","11":"purchasable","12":"product-type-simple"},"yoast_head":"<!-- This site is optimized with the Yoast SEO Premium plugin v20.9 (Yoast SEO v26.5) - https:\/\/yoast.com\/wordpress\/plugins\/seo\/ -->\n<title>DYS-2-1500 Semi automatic Stretch Blow Moulding Machine for PET bottle - ALF PACK<\/title>\n<meta name=\"robots\" content=\"index, follow, max-snippet:-1, max-image-preview:large, max-video-preview:-1\" \/>\n<link rel=\"canonical\" href=\"https:\/\/alfequipment.com\/pt\/product\/dis-2-1500-maquina-de-moldagem-por-sopro-semi-automatica-para-garrafas-pet\/\" \/>\n<meta property=\"og:locale\" content=\"pt_PT\" \/>\n<meta property=\"og:type\" content=\"article\" \/>\n<meta property=\"og:title\" content=\"DYS-2-1500 Semi automatic Stretch Blow Moulding Machine for PET bottle\" \/>\n<meta property=\"og:description\" content=\"Dys-2-1500 Semi Automatic Stretch Blow Moulding Machine For Pet Bottle\" \/>\n<meta property=\"og:url\" content=\"https:\/\/alfequipment.com\/pt\/product\/dis-2-1500-maquina-de-moldagem-por-sopro-semi-automatica-para-garrafas-pet\/\" \/>\n<meta property=\"og:site_name\" content=\"ALF PACK\" \/>\n<meta property=\"article:modified_time\" content=\"2025-01-13T13:09:24+00:00\" \/>\n<meta property=\"og:image\" content=\"https:\/\/alfequipment.com\/wp-content\/uploads\/2025\/01\/DYS-2-1500-Semi-automatic-Stretch-Blow.jpg\" \/>\n\t<meta property=\"og:image:width\" content=\"800\" \/>\n\t<meta property=\"og:image:height\" content=\"800\" \/>\n\t<meta property=\"og:image:type\" content=\"image\/webp\" \/>\n<meta name=\"twitter:card\" content=\"summary_large_image\" \/>\n<meta name=\"twitter:label1\" content=\"Tempo estimado de leitura\" \/>\n\t<meta name=\"twitter:data1\" content=\"2 minutos\" \/>\n<script type=\"application\/ld+json\" class=\"yoast-schema-graph\">{\"@context\":\"https:\/\/schema.org\",\"@graph\":[{\"@type\":\"WebPage\",\"@id\":\"https:\/\/alfequipment.com\/product\/dys-2-1500-semi-automatic-stretch-blow-moulding-machine-for-pet-bottle\/\",\"url\":\"https:\/\/alfequipment.com\/product\/dys-2-1500-semi-automatic-stretch-blow-moulding-machine-for-pet-bottle\/\",\"name\":\"DYS-2-1500 Semi automatic Stretch Blow Moulding Machine for PET bottle - ALF PACK\",\"isPartOf\":{\"@id\":\"https:\/\/alfequipment.com\/#website\"},\"primaryImageOfPage\":{\"@id\":\"https:\/\/alfequipment.com\/product\/dys-2-1500-semi-automatic-stretch-blow-moulding-machine-for-pet-bottle\/#primaryimage\"},\"image\":{\"@id\":\"https:\/\/alfequipment.com\/product\/dys-2-1500-semi-automatic-stretch-blow-moulding-machine-for-pet-bottle\/#primaryimage\"},\"thumbnailUrl\":\"https:\/\/alfequipment.com\/wp-content\/uploads\/2025\/01\/DYS-2-1500-Semi-automatic-Stretch-Blow.jpg\",\"datePublished\":\"2025-01-12T12:23:10+00:00\",\"dateModified\":\"2025-01-13T13:09:24+00:00\",\"breadcrumb\":{\"@id\":\"https:\/\/alfequipment.com\/product\/dys-2-1500-semi-automatic-stretch-blow-moulding-machine-for-pet-bottle\/#breadcrumb\"},\"inLanguage\":\"pt-PT\",\"potentialAction\":[{\"@type\":\"ReadAction\",\"target\":[\"https:\/\/alfequipment.com\/product\/dys-2-1500-semi-automatic-stretch-blow-moulding-machine-for-pet-bottle\/\"]}]},{\"@type\":\"ImageObject\",\"inLanguage\":\"pt-PT\",\"@id\":\"https:\/\/alfequipment.com\/product\/dys-2-1500-semi-automatic-stretch-blow-moulding-machine-for-pet-bottle\/#primaryimage\",\"url\":\"https:\/\/alfequipment.com\/wp-content\/uploads\/2025\/01\/DYS-2-1500-Semi-automatic-Stretch-Blow.jpg\",\"contentUrl\":\"https:\/\/alfequipment.com\/wp-content\/uploads\/2025\/01\/DYS-2-1500-Semi-automatic-Stretch-Blow.jpg\",\"width\":800,\"height\":800},{\"@type\":\"BreadcrumbList\",\"@id\":\"https:\/\/alfequipment.com\/product\/dys-2-1500-semi-automatic-stretch-blow-moulding-machine-for-pet-bottle\/#breadcrumb\",\"itemListElement\":[{\"@type\":\"ListItem\",\"position\":1,\"name\":\"Home\",\"item\":\"https:\/\/alfequipment.com\/\"},{\"@type\":\"ListItem\",\"position\":2,\"name\":\"Shop\",\"item\":\"https:\/\/alfequipment.com\/shop\/\"},{\"@type\":\"ListItem\",\"position\":3,\"name\":\"DYS-2-1500 Semi automatic Stretch Blow Moulding Machine for PET bottle\"}]},{\"@type\":\"WebSite\",\"@id\":\"https:\/\/alfequipment.com\/#website\",\"url\":\"https:\/\/alfequipment.com\/\",\"name\":\"ALF PACK\",\"description\":\"\",\"publisher\":{\"@id\":\"https:\/\/alfequipment.com\/#organization\"},\"potentialAction\":[{\"@type\":\"SearchAction\",\"target\":{\"@type\":\"EntryPoint\",\"urlTemplate\":\"https:\/\/alfequipment.com\/?s={search_term_string}\"},\"query-input\":{\"@type\":\"PropertyValueSpecification\",\"valueRequired\":true,\"valueName\":\"search_term_string\"}}],\"inLanguage\":\"pt-PT\"},{\"@type\":\"Organization\",\"@id\":\"https:\/\/alfequipment.com\/#organization\",\"name\":\"ALF PACK\",\"url\":\"https:\/\/alfequipment.com\/\",\"logo\":{\"@type\":\"ImageObject\",\"inLanguage\":\"pt-PT\",\"@id\":\"https:\/\/alfequipment.com\/#\/schema\/logo\/image\/\",\"url\":\"https:\/\/alfequipment.com\/wp-content\/uploads\/2024\/11\/ALFlogo-2.webp\",\"contentUrl\":\"https:\/\/alfequipment.com\/wp-content\/uploads\/2024\/11\/ALFlogo-2.webp\",\"width\":758,\"height\":750,\"caption\":\"ALF PACK\"},\"image\":{\"@id\":\"https:\/\/alfequipment.com\/#\/schema\/logo\/image\/\"}}]}<\/script>\n<!-- \/ Yoast SEO Premium plugin. -->","yoast_head_json":{"title":"DYS-2-1500 M\u00e1quina de moldagem por sopro semi-autom\u00e1tica para garrafas PET - ALF PACK","robots":{"index":"index","follow":"follow","max-snippet":"max-snippet:-1","max-image-preview":"max-image-preview:large","max-video-preview":"max-video-preview:-1"},"canonical":"https:\/\/alfequipment.com\/pt\/product\/dis-2-1500-maquina-de-moldagem-por-sopro-semi-automatica-para-garrafas-pet\/","og_locale":"pt_PT","og_type":"article","og_title":"DYS-2-1500 Semi automatic Stretch Blow Moulding Machine for PET bottle","og_description":"Dys-2-1500 Semi Automatic Stretch Blow Moulding Machine For Pet Bottle","og_url":"https:\/\/alfequipment.com\/pt\/product\/dis-2-1500-maquina-de-moldagem-por-sopro-semi-automatica-para-garrafas-pet\/","og_site_name":"ALF PACK","article_modified_time":"2025-01-13T13:09:24+00:00","og_image":[{"width":800,"height":800,"url":"https:\/\/alfequipment.com\/wp-content\/uploads\/2025\/01\/DYS-2-1500-Semi-automatic-Stretch-Blow.jpg","type":"image\/webp"}],"twitter_card":"summary_large_image","twitter_misc":{"Tempo estimado de leitura":"2 minutos"},"schema":{"@context":"https:\/\/schema.org","@graph":[{"@type":"WebPage","@id":"https:\/\/alfequipment.com\/product\/dys-2-1500-semi-automatic-stretch-blow-moulding-machine-for-pet-bottle\/","url":"https:\/\/alfequipment.com\/product\/dys-2-1500-semi-automatic-stretch-blow-moulding-machine-for-pet-bottle\/","name":"DYS-2-1500 M\u00e1quina de moldagem por sopro semi-autom\u00e1tica para garrafas PET - ALF PACK","isPartOf":{"@id":"https:\/\/alfequipment.com\/#website"},"primaryImageOfPage":{"@id":"https:\/\/alfequipment.com\/product\/dys-2-1500-semi-automatic-stretch-blow-moulding-machine-for-pet-bottle\/#primaryimage"},"image":{"@id":"https:\/\/alfequipment.com\/product\/dys-2-1500-semi-automatic-stretch-blow-moulding-machine-for-pet-bottle\/#primaryimage"},"thumbnailUrl":"https:\/\/alfequipment.com\/wp-content\/uploads\/2025\/01\/DYS-2-1500-Semi-automatic-Stretch-Blow.jpg","datePublished":"2025-01-12T12:23:10+00:00","dateModified":"2025-01-13T13:09:24+00:00","breadcrumb":{"@id":"https:\/\/alfequipment.com\/product\/dys-2-1500-semi-automatic-stretch-blow-moulding-machine-for-pet-bottle\/#breadcrumb"},"inLanguage":"pt-PT","potentialAction":[{"@type":"ReadAction","target":["https:\/\/alfequipment.com\/product\/dys-2-1500-semi-automatic-stretch-blow-moulding-machine-for-pet-bottle\/"]}]},{"@type":"ImageObject","inLanguage":"pt-PT","@id":"https:\/\/alfequipment.com\/product\/dys-2-1500-semi-automatic-stretch-blow-moulding-machine-for-pet-bottle\/#primaryimage","url":"https:\/\/alfequipment.com\/wp-content\/uploads\/2025\/01\/DYS-2-1500-Semi-automatic-Stretch-Blow.jpg","contentUrl":"https:\/\/alfequipment.com\/wp-content\/uploads\/2025\/01\/DYS-2-1500-Semi-automatic-Stretch-Blow.jpg","width":800,"height":800},{"@type":"BreadcrumbList","@id":"https:\/\/alfequipment.com\/product\/dys-2-1500-semi-automatic-stretch-blow-moulding-machine-for-pet-bottle\/#breadcrumb","itemListElement":[{"@type":"ListItem","position":1,"name":"Home","item":"https:\/\/alfequipment.com\/"},{"@type":"ListItem","position":2,"name":"Shop","item":"https:\/\/alfequipment.com\/shop\/"},{"@type":"ListItem","position":3,"name":"DYS-2-1500 Semi automatic Stretch Blow Moulding Machine for PET bottle"}]},{"@type":"WebSite","@id":"https:\/\/alfequipment.com\/#website","url":"https:\/\/alfequipment.com\/","name":"PACK ALF","description":"","publisher":{"@id":"https:\/\/alfequipment.com\/#organization"},"potentialAction":[{"@type":"SearchAction","target":{"@type":"EntryPoint","urlTemplate":"https:\/\/alfequipment.com\/?s={search_term_string}"},"query-input":{"@type":"PropertyValueSpecification","valueRequired":true,"valueName":"search_term_string"}}],"inLanguage":"pt-PT"},{"@type":"Organization","@id":"https:\/\/alfequipment.com\/#organization","name":"PACK ALF","url":"https:\/\/alfequipment.com\/","logo":{"@type":"ImageObject","inLanguage":"pt-PT","@id":"https:\/\/alfequipment.com\/#\/schema\/logo\/image\/","url":"https:\/\/alfequipment.com\/wp-content\/uploads\/2024\/11\/ALFlogo-2.webp","contentUrl":"https:\/\/alfequipment.com\/wp-content\/uploads\/2024\/11\/ALFlogo-2.webp","width":758,"height":750,"caption":"ALF PACK"},"image":{"@id":"https:\/\/alfequipment.com\/#\/schema\/logo\/image\/"}}]}},"_links":{"self":[{"href":"https:\/\/alfequipment.com\/pt\/wp-json\/wp\/v2\/product\/2975","targetHints":{"allow":["GET"]}}],"collection":[{"href":"https:\/\/alfequipment.com\/pt\/wp-json\/wp\/v2\/product"}],"about":[{"href":"https:\/\/alfequipment.com\/pt\/wp-json\/wp\/v2\/types\/product"}],"replies":[{"embeddable":true,"href":"https:\/\/alfequipment.com\/pt\/wp-json\/wp\/v2\/comments?post=2975"}],"version-history":[{"count":0,"href":"https:\/\/alfequipment.com\/pt\/wp-json\/wp\/v2\/product\/2975\/revisions"}],"wp:featuredmedia":[{"embeddable":true,"href":"https:\/\/alfequipment.com\/pt\/wp-json\/wp\/v2\/media\/2784"}],"wp:attachment":[{"href":"https:\/\/alfequipment.com\/pt\/wp-json\/wp\/v2\/media?parent=2975"}],"wp:term":[{"taxonomy":"product_brand","embeddable":true,"href":"https:\/\/alfequipment.com\/pt\/wp-json\/wp\/v2\/product_brand?post=2975"},{"taxonomy":"product_cat","embeddable":true,"href":"https:\/\/alfequipment.com\/pt\/wp-json\/wp\/v2\/product_cat?post=2975"},{"taxonomy":"product_tag","embeddable":true,"href":"https:\/\/alfequipment.com\/pt\/wp-json\/wp\/v2\/product_tag?post=2975"}],"curies":[{"name":"wp","href":"https:\/\/api.w.org\/{rel}","templated":true}]}}