{"id":2976,"date":"2024-12-13T08:15:11","date_gmt":"2024-12-13T08:15:11","guid":{"rendered":"https:\/\/alfequipment.com\/product\/as2000-automatic-liquid-packaging-machine-filling-and-sealing\/"},"modified":"2025-01-13T13:09:28","modified_gmt":"2025-01-13T13:09:28","slug":"maquina-automatica-de-enchimento-e-selagem-de-liquidos-as2000","status":"publish","type":"product","link":"https:\/\/alfequipment.com\/pt\/product\/maquina-automatica-de-enchimento-e-selagem-de-liquidos-as2000\/","title":{"rendered":"AS2000 M\u00e1quina autom\u00e1tica de embalagem de l\u00edquidos (enchimento e selagem)"},"content":{"rendered":"<div id=\"ali-anchor-description\" data-section=\"description\">\n<p><span style=\"color: #339966;\">1.<span style=\"font-family: Verdana, Arial, Helvetica, sans-serif;\">\u00c9 amplamente utilizado para v\u00e1rios tipos de embalagens de l\u00edquidos.<\/span><\/span><\/p>\n<p><span style=\"font-family: Verdana, Arial, Helvetica, sans-serif; color: #339966;\">2. tais como, leite, leite de soja, sumo de fruta, bebidas, bebidas geladas, molho de soja, vinagre e vinho.<\/span><\/p>\n<p><span style=\"font-family: Verdana, Arial, Helvetica, sans-serif; color: #339966;\">3. utiliza pel\u00edcula PE de camada \u00fanica como material de embalagem.<\/span><\/p>\n<p><span style=\"font-family: Verdana, Arial, Helvetica, sans-serif; color: #339966;\">4. pode esterilizar automaticamente por radia\u00e7\u00e3o ultravioleta, moldar sacos, imprimir o c\u00f3digo, encher com precis\u00e3o, selar e cortar de uma s\u00f3 vez.<\/span><\/p>\n<p><span style=\"font-family: Verdana, Arial, Helvetica, sans-serif; color: #339966;\">5. esta s\u00e9rie tem sido testada h\u00e1 muito tempo e o seu desempenho goza de uma reputa\u00e7\u00e3o muito elevada por parte dos nossos clientes, uma vez que esta s\u00e9rie \u00e9 f\u00e1cil de operar e funciona sem problemas com uma baixa taxa de falhas.<\/span><\/p>\n<p>&nbsp;<\/p>\n<p><span style=\"color: #000000;\"><strong><span style=\"font-size: 12pt;\">Especifica\u00e7\u00e3o:<\/span><\/strong><\/span><\/p>\n<table class=\"aliDataTable\" border=\"0\" cellspacing=\"0\" cellpadding=\"0\">\n<tbody>\n<tr style=\"height: 14.25pt;\" align=\"center\">\n<td style=\"width: 81.75pt;\">\n<p><span style=\"font-size: 12pt;\">Modelo<\/span><\/p>\n<\/td>\n<td style=\"width: 117pt;\">\n<p><span style=\"font-size: 16px;\">AS1000<\/span><\/p>\n<\/td>\n<td style=\"width: 123.25pt;\">\n<p><span style=\"font-size: 12pt; color: #339966;\">AS2000<\/span><\/p>\n<\/td>\n<\/tr>\n<tr style=\"height: 14.25pt;\" align=\"center\">\n<td>\n<p><span style=\"font-size: 12pt;\">Capacidade<\/span><\/p>\n<\/td>\n<td>\n<p><span style=\"font-size: 12pt;\">1500-2200 sacos\/hora<\/span><\/p>\n<\/td>\n<td>\n<p><span style=\"font-size: 12pt; color: #339966;\">1500-2200 sacos\/hora<\/span><\/p>\n<\/td>\n<\/tr>\n<tr style=\"height: 14.25pt;\" align=\"center\">\n<td>\n<p><span style=\"font-size: 12pt;\">Volume<\/span><\/p>\n<\/td>\n<td>\n<p><span style=\"font-size: 12pt;\">200-500ml ajust\u00e1vel<\/span><\/p>\n<\/td>\n<td>\n<p><span style=\"font-size: 12pt; color: #339966;\">300-1000ml ajust\u00e1vel<\/span><\/p>\n<\/td>\n<\/tr>\n<tr style=\"height: 14.25pt;\" align=\"center\">\n<td>\n<p><span style=\"font-size: 12pt;\">Pot\u00eancia<\/span><\/p>\n<\/td>\n<td>\n<p><span style=\"font-size: 12pt;\">220v\/380v 1,6kw<\/span><\/p>\n<\/td>\n<td>\n<p><span style=\"font-size: 12pt; color: #339966;\">220v\/380v 1,8kw<\/span><\/p>\n<\/td>\n<\/tr>\n<tr style=\"height: 14.25pt;\" align=\"center\">\n<td>\n<p><span style=\"font-size: 12pt;\">Largura da pel\u00edcula<\/span><\/p>\n<\/td>\n<td>\n<p><span style=\"font-size: 12pt;\">320mm\/240mm<\/span><\/p>\n<\/td>\n<td>\n<p><span style=\"font-size: 12pt; color: #339966;\">320mm\/380mm<\/span><\/p>\n<\/td>\n<\/tr>\n<tr style=\"height: 14.25pt;\" align=\"center\">\n<td>\n<p><span style=\"font-size: 12pt;\">Peso<\/span><\/p>\n<\/td>\n<td>\n<p><span style=\"font-size: 12pt;\">400 kg<\/span><\/p>\n<\/td>\n<td>\n<p><span style=\"font-size: 12pt; color: #339966;\">450 kg<\/span><\/p>\n<\/td>\n<\/tr>\n<tr style=\"height: 14.25pt;\" align=\"center\">\n<td>\n<p><span style=\"font-size: 12pt;\">Tamanho<\/span><\/p>\n<\/td>\n<td>\n<p><span style=\"font-size: 12pt;\">970*870*1970mm<\/span><\/p>\n<\/td>\n<td>\n<p><span style=\"font-size: 12pt; color: #339966;\">1050*870*2100mm<\/span><\/p>\n<\/td>\n<\/tr>\n<\/tbody>\n<\/table>\n<p><span style=\"font-family: Verdana, Arial, Helvetica, sans-serif;\"><br \/>&nbsp;<img decoding=\"async\" src=\"https:\/\/sc01.alicdn.com\/kf\/HTB1UjOaFVXXXXatXVXXq6xXFXXX0\/64496\/HTB1UjOaFVXXXXatXVXXq6xXFXXX0.jpg\" data-alt=\"AS2000 Automatic liquid packaging machine (filling and sealing)\" style=\"width: 238px; height: 210px;\" ori-width=\"800\" ori-height=\"745\" class=\"aligncenter\"><img decoding=\"async\" src=\"https:\/\/sc02.alicdn.com\/kf\/HTB1vnmeFVXXXXa8XFXXq6xXFXXXN\/64496\/HTB1vnmeFVXXXXa8XFXXq6xXFXXXN.jpg\" data-alt=\"AS2000 Automatic liquid packaging machine (filling and sealing)\" style=\"width: 254px; height: 211px;\" ori-width=\"489\" ori-height=\"368\" class=\"aligncenter\"><\/span><\/p>\n<p>&nbsp;<\/p>\n<p style=\"word-wrap: break-word; border: 0px; font-family: Arial, Helvetica; line-height: 18px; vertical-align: baseline; color: #333333;\">&nbsp;<\/p>\n<p style=\"word-wrap: break-word; border: 0px; font-family: Arial, Helvetica; line-height: 18px; vertical-align: baseline; color: #333333;\"><span style=\"line-height: 27px; margin: 0px; padding: 0px; border: 0px; font-family: Arial; font-size: 18px; font-style: inherit; vertical-align: baseline;\">Saiba mais sobre a s\u00e9rie de m\u00e1quinas de embalagem de l\u00edquidos AS:<\/span><\/p>\n<p>&nbsp;<\/p>\n<p style=\"margin: 0cm 0cm 0.0001pt;\">&nbsp;<\/p>\n<p>&nbsp;<\/p>\n<p style=\"word-wrap: break-word; border: 0px; font-family: Arial, Helvetica; line-height: 18px; vertical-align: baseline; color: #333333;\"><span style=\"line-height: 27px; margin: 0px; padding: 0px; border: 0px; font-family: Arial; font-size: 18px; font-style: inherit; vertical-align: baseline;\">1.AS1000<\/span><\/p>\n<p>&nbsp;<\/p>\n<p style=\"margin: 0cm 0cm 0.0001pt;\">&nbsp;<\/p>\n<p>&nbsp;<\/p>\n<p style=\"word-wrap: break-word; border: 0px; font-family: Arial, Helvetica; line-height: 18px; vertical-align: baseline; color: #333333;\"><span style=\"line-height: 27px; margin: 0px; padding: 0px; border: 0px; font-family: Arial; font-size: 18px; font-style: inherit; vertical-align: baseline;\">2.AS2000S<\/span><\/p>\n<p>&nbsp;<\/p>\n<p style=\"margin: 0cm 0cm 0.0001pt;\">&nbsp;<\/p>\n<p>&nbsp;<\/p>\n<p style=\"word-wrap: break-word; border: 0px; font-family: Arial, Helvetica; line-height: 18px; vertical-align: baseline; color: #333333;\"><span style=\"line-height: 27px; margin: 0px; padding: 0px; border: 0px; font-family: Arial; font-size: 18px; font-style: inherit; vertical-align: baseline;\">3.AS2000P<\/span><\/p>\n<p>&nbsp;<\/p>\n<p style=\"margin: 0cm 0cm 0.0001pt;\">&nbsp;<\/p>\n<p>&nbsp;<\/p>\n<p style=\"word-wrap: break-word; border: 0px; font-family: Arial, Helvetica; line-height: 18px; vertical-align: baseline; color: #333333;\"><span style=\"color: rgb(0, 0, 0); font-family: &quot;Open Sans&quot;;\">&nbsp;<\/span><\/p>\n<\/div>","protected":false},"excerpt":{"rendered":"<p>M\u00e1quina autom\u00e1tica de embalagem de l\u00edquidos (enchimento e selagem)<\/p>","protected":false},"featured_media":2786,"comment_status":"closed","ping_status":"open","template":"","meta":[],"product_brand":[],"product_cat":[101],"product_tag":[],"class_list":{"0":"post-2976","1":"product","2":"type-product","3":"status-publish","4":"has-post-thumbnail","6":"product_cat-filling-machines","8":"first","9":"instock","10":"sale","11":"purchasable","12":"product-type-simple"},"yoast_head":"<!-- This site is optimized with the Yoast SEO Premium plugin v20.9 (Yoast SEO v26.5) - https:\/\/yoast.com\/wordpress\/plugins\/seo\/ -->\n<title>AS2000 Automatic liquid packaging machine (filling and sealing) - ALF PACK<\/title>\n<meta name=\"robots\" content=\"index, follow, max-snippet:-1, max-image-preview:large, max-video-preview:-1\" \/>\n<link rel=\"canonical\" href=\"https:\/\/alfequipment.com\/pt\/product\/maquina-automatica-de-enchimento-e-selagem-de-liquidos-as2000\/\" \/>\n<meta property=\"og:locale\" content=\"pt_PT\" \/>\n<meta property=\"og:type\" content=\"article\" \/>\n<meta property=\"og:title\" content=\"AS2000 Automatic liquid packaging machine (filling and sealing)\" \/>\n<meta property=\"og:description\" content=\"Automatic Liquid Packaging Machine (filling And Sealing)\" \/>\n<meta property=\"og:url\" content=\"https:\/\/alfequipment.com\/pt\/product\/maquina-automatica-de-enchimento-e-selagem-de-liquidos-as2000\/\" \/>\n<meta property=\"og:site_name\" content=\"ALF PACK\" \/>\n<meta property=\"article:modified_time\" content=\"2025-01-13T13:09:28+00:00\" \/>\n<meta property=\"og:image\" content=\"https:\/\/alfequipment.com\/wp-content\/uploads\/2025\/01\/H6d346bf7784b4df3b070bdb42fec1f25V.jpg\" \/>\n\t<meta property=\"og:image:width\" content=\"800\" \/>\n\t<meta property=\"og:image:height\" content=\"800\" \/>\n\t<meta property=\"og:image:type\" content=\"image\/webp\" \/>\n<meta name=\"twitter:card\" content=\"summary_large_image\" \/>\n<meta name=\"twitter:label1\" content=\"Tempo estimado de leitura\" \/>\n\t<meta name=\"twitter:data1\" content=\"1 minuto\" \/>\n<script type=\"application\/ld+json\" class=\"yoast-schema-graph\">{\"@context\":\"https:\/\/schema.org\",\"@graph\":[{\"@type\":\"WebPage\",\"@id\":\"https:\/\/alfequipment.com\/product\/as2000-automatic-liquid-packaging-machine-filling-and-sealing\/\",\"url\":\"https:\/\/alfequipment.com\/product\/as2000-automatic-liquid-packaging-machine-filling-and-sealing\/\",\"name\":\"AS2000 Automatic liquid packaging machine (filling and sealing) - ALF PACK\",\"isPartOf\":{\"@id\":\"https:\/\/alfequipment.com\/#website\"},\"primaryImageOfPage\":{\"@id\":\"https:\/\/alfequipment.com\/product\/as2000-automatic-liquid-packaging-machine-filling-and-sealing\/#primaryimage\"},\"image\":{\"@id\":\"https:\/\/alfequipment.com\/product\/as2000-automatic-liquid-packaging-machine-filling-and-sealing\/#primaryimage\"},\"thumbnailUrl\":\"https:\/\/alfequipment.com\/wp-content\/uploads\/2025\/01\/H6d346bf7784b4df3b070bdb42fec1f25V.jpg\",\"datePublished\":\"2024-12-13T08:15:11+00:00\",\"dateModified\":\"2025-01-13T13:09:28+00:00\",\"breadcrumb\":{\"@id\":\"https:\/\/alfequipment.com\/product\/as2000-automatic-liquid-packaging-machine-filling-and-sealing\/#breadcrumb\"},\"inLanguage\":\"pt-PT\",\"potentialAction\":[{\"@type\":\"ReadAction\",\"target\":[\"https:\/\/alfequipment.com\/product\/as2000-automatic-liquid-packaging-machine-filling-and-sealing\/\"]}]},{\"@type\":\"ImageObject\",\"inLanguage\":\"pt-PT\",\"@id\":\"https:\/\/alfequipment.com\/product\/as2000-automatic-liquid-packaging-machine-filling-and-sealing\/#primaryimage\",\"url\":\"https:\/\/alfequipment.com\/wp-content\/uploads\/2025\/01\/H6d346bf7784b4df3b070bdb42fec1f25V.jpg\",\"contentUrl\":\"https:\/\/alfequipment.com\/wp-content\/uploads\/2025\/01\/H6d346bf7784b4df3b070bdb42fec1f25V.jpg\",\"width\":800,\"height\":800},{\"@type\":\"BreadcrumbList\",\"@id\":\"https:\/\/alfequipment.com\/product\/as2000-automatic-liquid-packaging-machine-filling-and-sealing\/#breadcrumb\",\"itemListElement\":[{\"@type\":\"ListItem\",\"position\":1,\"name\":\"Home\",\"item\":\"https:\/\/alfequipment.com\/\"},{\"@type\":\"ListItem\",\"position\":2,\"name\":\"Shop\",\"item\":\"https:\/\/alfequipment.com\/shop\/\"},{\"@type\":\"ListItem\",\"position\":3,\"name\":\"AS2000 Automatic liquid packaging machine (filling and sealing)\"}]},{\"@type\":\"WebSite\",\"@id\":\"https:\/\/alfequipment.com\/#website\",\"url\":\"https:\/\/alfequipment.com\/\",\"name\":\"ALF PACK\",\"description\":\"\",\"publisher\":{\"@id\":\"https:\/\/alfequipment.com\/#organization\"},\"potentialAction\":[{\"@type\":\"SearchAction\",\"target\":{\"@type\":\"EntryPoint\",\"urlTemplate\":\"https:\/\/alfequipment.com\/?s={search_term_string}\"},\"query-input\":{\"@type\":\"PropertyValueSpecification\",\"valueRequired\":true,\"valueName\":\"search_term_string\"}}],\"inLanguage\":\"pt-PT\"},{\"@type\":\"Organization\",\"@id\":\"https:\/\/alfequipment.com\/#organization\",\"name\":\"ALF PACK\",\"url\":\"https:\/\/alfequipment.com\/\",\"logo\":{\"@type\":\"ImageObject\",\"inLanguage\":\"pt-PT\",\"@id\":\"https:\/\/alfequipment.com\/#\/schema\/logo\/image\/\",\"url\":\"https:\/\/alfequipment.com\/wp-content\/uploads\/2024\/11\/ALFlogo-2.webp\",\"contentUrl\":\"https:\/\/alfequipment.com\/wp-content\/uploads\/2024\/11\/ALFlogo-2.webp\",\"width\":758,\"height\":750,\"caption\":\"ALF PACK\"},\"image\":{\"@id\":\"https:\/\/alfequipment.com\/#\/schema\/logo\/image\/\"}}]}<\/script>\n<!-- \/ Yoast SEO Premium plugin. -->","yoast_head_json":{"title":"AS2000 M\u00e1quina autom\u00e1tica de embalagem de l\u00edquidos (enchimento e selagem) - ALF PACK","robots":{"index":"index","follow":"follow","max-snippet":"max-snippet:-1","max-image-preview":"max-image-preview:large","max-video-preview":"max-video-preview:-1"},"canonical":"https:\/\/alfequipment.com\/pt\/product\/maquina-automatica-de-enchimento-e-selagem-de-liquidos-as2000\/","og_locale":"pt_PT","og_type":"article","og_title":"AS2000 Automatic liquid packaging machine (filling and sealing)","og_description":"Automatic Liquid Packaging Machine (filling And Sealing)","og_url":"https:\/\/alfequipment.com\/pt\/product\/maquina-automatica-de-enchimento-e-selagem-de-liquidos-as2000\/","og_site_name":"ALF PACK","article_modified_time":"2025-01-13T13:09:28+00:00","og_image":[{"width":800,"height":800,"url":"https:\/\/alfequipment.com\/wp-content\/uploads\/2025\/01\/H6d346bf7784b4df3b070bdb42fec1f25V.jpg","type":"image\/webp"}],"twitter_card":"summary_large_image","twitter_misc":{"Tempo estimado de leitura":"1 minuto"},"schema":{"@context":"https:\/\/schema.org","@graph":[{"@type":"WebPage","@id":"https:\/\/alfequipment.com\/product\/as2000-automatic-liquid-packaging-machine-filling-and-sealing\/","url":"https:\/\/alfequipment.com\/product\/as2000-automatic-liquid-packaging-machine-filling-and-sealing\/","name":"AS2000 M\u00e1quina autom\u00e1tica de embalagem de l\u00edquidos (enchimento e selagem) - ALF PACK","isPartOf":{"@id":"https:\/\/alfequipment.com\/#website"},"primaryImageOfPage":{"@id":"https:\/\/alfequipment.com\/product\/as2000-automatic-liquid-packaging-machine-filling-and-sealing\/#primaryimage"},"image":{"@id":"https:\/\/alfequipment.com\/product\/as2000-automatic-liquid-packaging-machine-filling-and-sealing\/#primaryimage"},"thumbnailUrl":"https:\/\/alfequipment.com\/wp-content\/uploads\/2025\/01\/H6d346bf7784b4df3b070bdb42fec1f25V.jpg","datePublished":"2024-12-13T08:15:11+00:00","dateModified":"2025-01-13T13:09:28+00:00","breadcrumb":{"@id":"https:\/\/alfequipment.com\/product\/as2000-automatic-liquid-packaging-machine-filling-and-sealing\/#breadcrumb"},"inLanguage":"pt-PT","potentialAction":[{"@type":"ReadAction","target":["https:\/\/alfequipment.com\/product\/as2000-automatic-liquid-packaging-machine-filling-and-sealing\/"]}]},{"@type":"ImageObject","inLanguage":"pt-PT","@id":"https:\/\/alfequipment.com\/product\/as2000-automatic-liquid-packaging-machine-filling-and-sealing\/#primaryimage","url":"https:\/\/alfequipment.com\/wp-content\/uploads\/2025\/01\/H6d346bf7784b4df3b070bdb42fec1f25V.jpg","contentUrl":"https:\/\/alfequipment.com\/wp-content\/uploads\/2025\/01\/H6d346bf7784b4df3b070bdb42fec1f25V.jpg","width":800,"height":800},{"@type":"BreadcrumbList","@id":"https:\/\/alfequipment.com\/product\/as2000-automatic-liquid-packaging-machine-filling-and-sealing\/#breadcrumb","itemListElement":[{"@type":"ListItem","position":1,"name":"Home","item":"https:\/\/alfequipment.com\/"},{"@type":"ListItem","position":2,"name":"Shop","item":"https:\/\/alfequipment.com\/shop\/"},{"@type":"ListItem","position":3,"name":"AS2000 Automatic liquid packaging machine (filling and sealing)"}]},{"@type":"WebSite","@id":"https:\/\/alfequipment.com\/#website","url":"https:\/\/alfequipment.com\/","name":"PACK ALF","description":"","publisher":{"@id":"https:\/\/alfequipment.com\/#organization"},"potentialAction":[{"@type":"SearchAction","target":{"@type":"EntryPoint","urlTemplate":"https:\/\/alfequipment.com\/?s={search_term_string}"},"query-input":{"@type":"PropertyValueSpecification","valueRequired":true,"valueName":"search_term_string"}}],"inLanguage":"pt-PT"},{"@type":"Organization","@id":"https:\/\/alfequipment.com\/#organization","name":"PACK ALF","url":"https:\/\/alfequipment.com\/","logo":{"@type":"ImageObject","inLanguage":"pt-PT","@id":"https:\/\/alfequipment.com\/#\/schema\/logo\/image\/","url":"https:\/\/alfequipment.com\/wp-content\/uploads\/2024\/11\/ALFlogo-2.webp","contentUrl":"https:\/\/alfequipment.com\/wp-content\/uploads\/2024\/11\/ALFlogo-2.webp","width":758,"height":750,"caption":"ALF PACK"},"image":{"@id":"https:\/\/alfequipment.com\/#\/schema\/logo\/image\/"}}]}},"_links":{"self":[{"href":"https:\/\/alfequipment.com\/pt\/wp-json\/wp\/v2\/product\/2976","targetHints":{"allow":["GET"]}}],"collection":[{"href":"https:\/\/alfequipment.com\/pt\/wp-json\/wp\/v2\/product"}],"about":[{"href":"https:\/\/alfequipment.com\/pt\/wp-json\/wp\/v2\/types\/product"}],"replies":[{"embeddable":true,"href":"https:\/\/alfequipment.com\/pt\/wp-json\/wp\/v2\/comments?post=2976"}],"version-history":[{"count":0,"href":"https:\/\/alfequipment.com\/pt\/wp-json\/wp\/v2\/product\/2976\/revisions"}],"wp:featuredmedia":[{"embeddable":true,"href":"https:\/\/alfequipment.com\/pt\/wp-json\/wp\/v2\/media\/2786"}],"wp:attachment":[{"href":"https:\/\/alfequipment.com\/pt\/wp-json\/wp\/v2\/media?parent=2976"}],"wp:term":[{"taxonomy":"product_brand","embeddable":true,"href":"https:\/\/alfequipment.com\/pt\/wp-json\/wp\/v2\/product_brand?post=2976"},{"taxonomy":"product_cat","embeddable":true,"href":"https:\/\/alfequipment.com\/pt\/wp-json\/wp\/v2\/product_cat?post=2976"},{"taxonomy":"product_tag","embeddable":true,"href":"https:\/\/alfequipment.com\/pt\/wp-json\/wp\/v2\/product_tag?post=2976"}],"curies":[{"name":"wp","href":"https:\/\/api.w.org\/{rel}","templated":true}]}}