{"id":2986,"date":"2024-12-28T14:58:14","date_gmt":"2024-12-28T14:58:14","guid":{"rendered":"https:\/\/alfequipment.com\/product\/jms130-stainless-steel-split-body-colloid-grinder-and-industrial-colloidal-nut-almond-grinding-machine\/"},"modified":"2025-01-13T13:09:32","modified_gmt":"2025-01-13T13:09:32","slug":"jms130-moinho-coloidal-de-corpo-dividido-em-aco-inoxidavel-e-maquina-de-moer-amendoa-de-noz-coloidal-industrial","status":"publish","type":"product","link":"https:\/\/alfequipment.com\/pt\/product\/jms130-moinho-coloidal-de-corpo-dividido-em-aco-inoxidavel-e-maquina-de-moer-amendoa-de-noz-coloidal-industrial\/","title":{"rendered":"JMS130 moinho coloidal de corpo dividido em a\u00e7o inoxid\u00e1vel e m\u00e1quina de moer am\u00eandoas coloidais industriais"},"content":{"rendered":"<p><span style=\"font-size: 12pt;\">O princ\u00edpio de funcionamento do moinho coloidal \u00e9 o seguinte: Sob o efeito da for\u00e7a centr\u00edfuga e sendo executado por uma velocidade relativamente alta entre a engrenagem rotativa e a engrenagem fixa, o l\u00edquido e os materiais semi-l\u00edquidos s\u00e3o eficientemente emulsionados, homogeneizados, dispersos e misturados durante o curso de serem cortados, mo\u00eddos e chocados com alta freq\u00fc\u00eancia.<\/span><\/p>\n<p>&nbsp;<\/p>\n<p><span style=\"font-size: 12pt;\">Depois disso, pode obter o material processado e satisfeito. O moinho coloidal \u00e9 amplamente aplicado em tipos de produtos de muitos campos por sua vantagem, como a ind\u00fastria de alimentos, ind\u00fastria de medicamentos, ind\u00fastria qu\u00edmica e ind\u00fastria qu\u00edmica todos os dias etc; os produtos, incluindo leite de soja, gel\u00e9ia de frutas, manteiga de amendoim, leite de milho artificial, creme, composto de perfumaria, pigmento, \u00f3leo de lubrifica\u00e7\u00e3o, corante, cal\u00e7a, \u00f3leo vivo de peixe, mel de p\u00f3len, pasta de dente e assim por diante.<\/span><\/p>\n<p>&nbsp;<\/p>\n<p><span style=\"font-size: 12pt;\">Quando se processa material de alta consist\u00eancia, como amendoim e s\u00e9samo, etc., deve fixar-se o cilindro de acionamento da h\u00e9lice, produzido pela nossa empresa, na parte superior do rotor.<\/span><\/p>\n<p><span style=\"font-size: 12pt;\">&nbsp;<\/span><\/p>\n<p><strong><span style=\"font-size: 12pt;\">Especifica\u00e7\u00e3o:<\/span><\/strong><\/p>\n<table class=\"aliDataTable\" border=\"0\" cellspacing=\"0\" cellpadding=\"0\">\n<tbody>\n<tr style=\"height: 15pt;\" align=\"center\">\n<td style=\"width: 117.75pt;\" align=\"left\">\n<p><span style=\"font-size: 12pt;\">Modelo<\/span><\/p>\n<\/td>\n<td style=\"width: 95.5pt;\">\n<p><span style=\"font-size: 12pt;\">JMS-80<\/span><\/p>\n<\/td>\n<td style=\"width: 95.5pt;\">\n<p><span style=\"font-size: 12pt; color: #000000;\">JMS-120<\/span><\/p>\n<\/td>\n<td style=\"width: 101.5pt;\">\n<p><span style=\"font-size: 12pt; color: #ff0000;\">JMS-130<\/span><\/p>\n<\/td>\n<\/tr>\n<tr style=\"height: 15pt;\" align=\"left\">\n<td>\n<p><span style=\"font-size: 12pt;\">Tens\u00e3o <\/span><\/p>\n<\/td>\n<td style=\"width: 292.5pt;\" colspan=\"3\" align=\"center\">\n<p><span style=\"font-size: 12pt;\">3 fases 220\/380V 50-60HZ<\/span><\/p>\n<\/td>\n<\/tr>\n<tr style=\"height: 15pt;\" align=\"center\">\n<td align=\"left\">\n<p><span style=\"font-size: 12pt;\">Pot\u00eancia<\/span><\/p>\n<\/td>\n<td>\n<p><span style=\"font-size: 12pt;\">4KW<\/span><\/p>\n<\/td>\n<td>\n<p><span style=\"font-size: 12pt;\">7,5KW<\/span><\/p>\n<\/td>\n<td>\n<p><span style=\"font-size: 12pt;\">11KW<\/span><\/p>\n<\/td>\n<\/tr>\n<tr style=\"height: 15pt;\" align=\"center\">\n<td align=\"left\">\n<p><span style=\"font-size: 12pt;\">Precis\u00e3o dos gr\u00e2nulos <\/span><\/p>\n<\/td>\n<td>\n<p><span style=\"font-size: 12pt;\">2-50\u03bcm<\/span><\/p>\n<\/td>\n<td>\n<p><span style=\"font-size: 12pt;\">2-50\u03bcm<\/span><\/p>\n<\/td>\n<td>\n<p><span style=\"font-size: 12pt;\">2-40\u03bcm<\/span><\/p>\n<\/td>\n<\/tr>\n<tr style=\"height: 15pt;\" align=\"center\">\n<td align=\"left\">\n<p><span style=\"font-size: 12pt;\">Sa\u00edda<\/span><\/p>\n<\/td>\n<td>\n<p><span style=\"font-size: 12pt;\">0,2-1,5T\/hora<\/span><\/p>\n<\/td>\n<td>\n<p><span style=\"font-size: 12pt;\">0,5-2T\/hora<\/span><\/p>\n<\/td>\n<td>\n<p><span style=\"font-size: 12pt;\">0,5-4T\/hora<\/span><\/p>\n<\/td>\n<\/tr>\n<tr style=\"height: 15pt;\" align=\"center\">\n<td align=\"left\">\n<p><span style=\"font-size: 12pt;\">Peso<\/span><\/p>\n<\/td>\n<td>\n<p><span style=\"font-size: 12pt;\">150 kg<\/span><\/p>\n<\/td>\n<td>\n<p><span style=\"font-size: 12pt;\">220 kg<\/span><\/p>\n<\/td>\n<td>\n<p><span style=\"font-size: 12pt;\">305 kg<\/span><\/p>\n<\/td>\n<\/tr>\n<tr style=\"height: 15pt;\" align=\"center\">\n<td align=\"left\">\n<p><span style=\"font-size: 12pt;\">Tamanho da m\u00e1quina<\/span><\/p>\n<\/td>\n<td>\n<p><span style=\"font-size: 12pt;\">650*350*860mm<\/span><\/p>\n<\/td>\n<td>\n<p><span style=\"font-size: 12pt;\">750*400*1000mm<\/span><\/p>\n<\/td>\n<td>\n<p><span style=\"font-size: 12pt;\">850*400*1110mm<\/span><\/p>\n<\/td>\n<\/tr>\n<\/tbody>\n<\/table>\n<p>&nbsp;<img decoding=\"async\" src=\"https:\/\/sc01.alicdn.com\/kf\/Hec0addf6d88d450988390684a3582e2eW\/64496\/Hec0addf6d88d450988390684a3582e2eW.jpg\" data-width=\"600\" data-height=\"600\" class=\"aligncenter\"><\/p>\n<p>&nbsp;<\/p><\/p>","protected":false},"excerpt":{"rendered":"<p>Jms-130 Venda quente no moinho coloidal europeu de corpo dividido em a\u00e7o inoxid\u00e1vel<\/p>","protected":false},"featured_media":2806,"comment_status":"closed","ping_status":"open","template":"","meta":[],"product_brand":[],"product_cat":[109],"product_tag":[],"class_list":{"0":"post-2986","1":"product","2":"type-product","3":"status-publish","4":"has-post-thumbnail","6":"product_cat-nuts-processing-machines","8":"first","9":"instock","10":"sale","11":"purchasable","12":"product-type-simple"},"yoast_head":"<!-- This site is optimized with the Yoast SEO Premium plugin v20.9 (Yoast SEO v26.5) - https:\/\/yoast.com\/wordpress\/plugins\/seo\/ -->\n<title>JMS130 stainless steel split body colloid grinder and Industrial colloidal nut almond grinding machine - ALF PACK<\/title>\n<meta name=\"robots\" content=\"index, follow, max-snippet:-1, max-image-preview:large, max-video-preview:-1\" \/>\n<link rel=\"canonical\" href=\"https:\/\/alfequipment.com\/pt\/product\/jms130-moinho-coloidal-de-corpo-dividido-em-aco-inoxidavel-e-maquina-de-moer-amendoa-de-noz-coloidal-industrial\/\" \/>\n<meta property=\"og:locale\" content=\"pt_PT\" \/>\n<meta property=\"og:type\" content=\"article\" \/>\n<meta property=\"og:title\" content=\"JMS130 stainless steel split body colloid grinder and Industrial colloidal nut almond grinding machine\" \/>\n<meta property=\"og:description\" content=\"Jms-130 Hot Sale In European Stainless Steel Split-body Colloid Grinder\" \/>\n<meta property=\"og:url\" content=\"https:\/\/alfequipment.com\/pt\/product\/jms130-moinho-coloidal-de-corpo-dividido-em-aco-inoxidavel-e-maquina-de-moer-amendoa-de-noz-coloidal-industrial\/\" \/>\n<meta property=\"og:site_name\" content=\"ALF PACK\" \/>\n<meta property=\"article:modified_time\" content=\"2025-01-13T13:09:32+00:00\" \/>\n<meta property=\"og:image\" content=\"https:\/\/alfequipment.com\/wp-content\/uploads\/2025\/01\/JMS130-stainless-steel-split-body-colloid-grinder.jpg\" \/>\n\t<meta property=\"og:image:width\" content=\"800\" \/>\n\t<meta property=\"og:image:height\" content=\"800\" \/>\n\t<meta property=\"og:image:type\" content=\"image\/webp\" \/>\n<meta name=\"twitter:card\" content=\"summary_large_image\" \/>\n<meta name=\"twitter:label1\" content=\"Tempo estimado de leitura\" \/>\n\t<meta name=\"twitter:data1\" content=\"1 minuto\" \/>\n<script type=\"application\/ld+json\" class=\"yoast-schema-graph\">{\"@context\":\"https:\/\/schema.org\",\"@graph\":[{\"@type\":\"WebPage\",\"@id\":\"https:\/\/alfequipment.com\/product\/jms130-stainless-steel-split-body-colloid-grinder-and-industrial-colloidal-nut-almond-grinding-machine\/\",\"url\":\"https:\/\/alfequipment.com\/product\/jms130-stainless-steel-split-body-colloid-grinder-and-industrial-colloidal-nut-almond-grinding-machine\/\",\"name\":\"JMS130 stainless steel split body colloid grinder and Industrial colloidal nut almond grinding machine - ALF PACK\",\"isPartOf\":{\"@id\":\"https:\/\/alfequipment.com\/#website\"},\"primaryImageOfPage\":{\"@id\":\"https:\/\/alfequipment.com\/product\/jms130-stainless-steel-split-body-colloid-grinder-and-industrial-colloidal-nut-almond-grinding-machine\/#primaryimage\"},\"image\":{\"@id\":\"https:\/\/alfequipment.com\/product\/jms130-stainless-steel-split-body-colloid-grinder-and-industrial-colloidal-nut-almond-grinding-machine\/#primaryimage\"},\"thumbnailUrl\":\"https:\/\/alfequipment.com\/wp-content\/uploads\/2025\/01\/JMS130-stainless-steel-split-body-colloid-grinder.jpg\",\"datePublished\":\"2024-12-28T14:58:14+00:00\",\"dateModified\":\"2025-01-13T13:09:32+00:00\",\"breadcrumb\":{\"@id\":\"https:\/\/alfequipment.com\/product\/jms130-stainless-steel-split-body-colloid-grinder-and-industrial-colloidal-nut-almond-grinding-machine\/#breadcrumb\"},\"inLanguage\":\"pt-PT\",\"potentialAction\":[{\"@type\":\"ReadAction\",\"target\":[\"https:\/\/alfequipment.com\/product\/jms130-stainless-steel-split-body-colloid-grinder-and-industrial-colloidal-nut-almond-grinding-machine\/\"]}]},{\"@type\":\"ImageObject\",\"inLanguage\":\"pt-PT\",\"@id\":\"https:\/\/alfequipment.com\/product\/jms130-stainless-steel-split-body-colloid-grinder-and-industrial-colloidal-nut-almond-grinding-machine\/#primaryimage\",\"url\":\"https:\/\/alfequipment.com\/wp-content\/uploads\/2025\/01\/JMS130-stainless-steel-split-body-colloid-grinder.jpg\",\"contentUrl\":\"https:\/\/alfequipment.com\/wp-content\/uploads\/2025\/01\/JMS130-stainless-steel-split-body-colloid-grinder.jpg\",\"width\":800,\"height\":800},{\"@type\":\"BreadcrumbList\",\"@id\":\"https:\/\/alfequipment.com\/product\/jms130-stainless-steel-split-body-colloid-grinder-and-industrial-colloidal-nut-almond-grinding-machine\/#breadcrumb\",\"itemListElement\":[{\"@type\":\"ListItem\",\"position\":1,\"name\":\"Home\",\"item\":\"https:\/\/alfequipment.com\/\"},{\"@type\":\"ListItem\",\"position\":2,\"name\":\"Shop\",\"item\":\"https:\/\/alfequipment.com\/shop\/\"},{\"@type\":\"ListItem\",\"position\":3,\"name\":\"JMS130 stainless steel split body colloid grinder and Industrial colloidal nut almond grinding machine\"}]},{\"@type\":\"WebSite\",\"@id\":\"https:\/\/alfequipment.com\/#website\",\"url\":\"https:\/\/alfequipment.com\/\",\"name\":\"ALF PACK\",\"description\":\"\",\"publisher\":{\"@id\":\"https:\/\/alfequipment.com\/#organization\"},\"potentialAction\":[{\"@type\":\"SearchAction\",\"target\":{\"@type\":\"EntryPoint\",\"urlTemplate\":\"https:\/\/alfequipment.com\/?s={search_term_string}\"},\"query-input\":{\"@type\":\"PropertyValueSpecification\",\"valueRequired\":true,\"valueName\":\"search_term_string\"}}],\"inLanguage\":\"pt-PT\"},{\"@type\":\"Organization\",\"@id\":\"https:\/\/alfequipment.com\/#organization\",\"name\":\"ALF PACK\",\"url\":\"https:\/\/alfequipment.com\/\",\"logo\":{\"@type\":\"ImageObject\",\"inLanguage\":\"pt-PT\",\"@id\":\"https:\/\/alfequipment.com\/#\/schema\/logo\/image\/\",\"url\":\"https:\/\/alfequipment.com\/wp-content\/uploads\/2024\/11\/ALFlogo-2.webp\",\"contentUrl\":\"https:\/\/alfequipment.com\/wp-content\/uploads\/2024\/11\/ALFlogo-2.webp\",\"width\":758,\"height\":750,\"caption\":\"ALF PACK\"},\"image\":{\"@id\":\"https:\/\/alfequipment.com\/#\/schema\/logo\/image\/\"}}]}<\/script>\n<!-- \/ Yoast SEO Premium plugin. -->","yoast_head_json":{"title":"Moinho coloidal de corpo dividido em a\u00e7o inoxid\u00e1vel JMS130 e m\u00e1quina de moer am\u00eandoas coloidais industriais - ALF PACK","robots":{"index":"index","follow":"follow","max-snippet":"max-snippet:-1","max-image-preview":"max-image-preview:large","max-video-preview":"max-video-preview:-1"},"canonical":"https:\/\/alfequipment.com\/pt\/product\/jms130-moinho-coloidal-de-corpo-dividido-em-aco-inoxidavel-e-maquina-de-moer-amendoa-de-noz-coloidal-industrial\/","og_locale":"pt_PT","og_type":"article","og_title":"JMS130 stainless steel split body colloid grinder and Industrial colloidal nut almond grinding machine","og_description":"Jms-130 Hot Sale In European Stainless Steel Split-body Colloid Grinder","og_url":"https:\/\/alfequipment.com\/pt\/product\/jms130-moinho-coloidal-de-corpo-dividido-em-aco-inoxidavel-e-maquina-de-moer-amendoa-de-noz-coloidal-industrial\/","og_site_name":"ALF PACK","article_modified_time":"2025-01-13T13:09:32+00:00","og_image":[{"width":800,"height":800,"url":"https:\/\/alfequipment.com\/wp-content\/uploads\/2025\/01\/JMS130-stainless-steel-split-body-colloid-grinder.jpg","type":"image\/webp"}],"twitter_card":"summary_large_image","twitter_misc":{"Tempo estimado de leitura":"1 minuto"},"schema":{"@context":"https:\/\/schema.org","@graph":[{"@type":"WebPage","@id":"https:\/\/alfequipment.com\/product\/jms130-stainless-steel-split-body-colloid-grinder-and-industrial-colloidal-nut-almond-grinding-machine\/","url":"https:\/\/alfequipment.com\/product\/jms130-stainless-steel-split-body-colloid-grinder-and-industrial-colloidal-nut-almond-grinding-machine\/","name":"Moinho coloidal de corpo dividido em a\u00e7o inoxid\u00e1vel JMS130 e m\u00e1quina de moer am\u00eandoas coloidais industriais - ALF PACK","isPartOf":{"@id":"https:\/\/alfequipment.com\/#website"},"primaryImageOfPage":{"@id":"https:\/\/alfequipment.com\/product\/jms130-stainless-steel-split-body-colloid-grinder-and-industrial-colloidal-nut-almond-grinding-machine\/#primaryimage"},"image":{"@id":"https:\/\/alfequipment.com\/product\/jms130-stainless-steel-split-body-colloid-grinder-and-industrial-colloidal-nut-almond-grinding-machine\/#primaryimage"},"thumbnailUrl":"https:\/\/alfequipment.com\/wp-content\/uploads\/2025\/01\/JMS130-stainless-steel-split-body-colloid-grinder.jpg","datePublished":"2024-12-28T14:58:14+00:00","dateModified":"2025-01-13T13:09:32+00:00","breadcrumb":{"@id":"https:\/\/alfequipment.com\/product\/jms130-stainless-steel-split-body-colloid-grinder-and-industrial-colloidal-nut-almond-grinding-machine\/#breadcrumb"},"inLanguage":"pt-PT","potentialAction":[{"@type":"ReadAction","target":["https:\/\/alfequipment.com\/product\/jms130-stainless-steel-split-body-colloid-grinder-and-industrial-colloidal-nut-almond-grinding-machine\/"]}]},{"@type":"ImageObject","inLanguage":"pt-PT","@id":"https:\/\/alfequipment.com\/product\/jms130-stainless-steel-split-body-colloid-grinder-and-industrial-colloidal-nut-almond-grinding-machine\/#primaryimage","url":"https:\/\/alfequipment.com\/wp-content\/uploads\/2025\/01\/JMS130-stainless-steel-split-body-colloid-grinder.jpg","contentUrl":"https:\/\/alfequipment.com\/wp-content\/uploads\/2025\/01\/JMS130-stainless-steel-split-body-colloid-grinder.jpg","width":800,"height":800},{"@type":"BreadcrumbList","@id":"https:\/\/alfequipment.com\/product\/jms130-stainless-steel-split-body-colloid-grinder-and-industrial-colloidal-nut-almond-grinding-machine\/#breadcrumb","itemListElement":[{"@type":"ListItem","position":1,"name":"Home","item":"https:\/\/alfequipment.com\/"},{"@type":"ListItem","position":2,"name":"Shop","item":"https:\/\/alfequipment.com\/shop\/"},{"@type":"ListItem","position":3,"name":"JMS130 stainless steel split body colloid grinder and Industrial colloidal nut almond grinding machine"}]},{"@type":"WebSite","@id":"https:\/\/alfequipment.com\/#website","url":"https:\/\/alfequipment.com\/","name":"PACK ALF","description":"","publisher":{"@id":"https:\/\/alfequipment.com\/#organization"},"potentialAction":[{"@type":"SearchAction","target":{"@type":"EntryPoint","urlTemplate":"https:\/\/alfequipment.com\/?s={search_term_string}"},"query-input":{"@type":"PropertyValueSpecification","valueRequired":true,"valueName":"search_term_string"}}],"inLanguage":"pt-PT"},{"@type":"Organization","@id":"https:\/\/alfequipment.com\/#organization","name":"PACK ALF","url":"https:\/\/alfequipment.com\/","logo":{"@type":"ImageObject","inLanguage":"pt-PT","@id":"https:\/\/alfequipment.com\/#\/schema\/logo\/image\/","url":"https:\/\/alfequipment.com\/wp-content\/uploads\/2024\/11\/ALFlogo-2.webp","contentUrl":"https:\/\/alfequipment.com\/wp-content\/uploads\/2024\/11\/ALFlogo-2.webp","width":758,"height":750,"caption":"ALF PACK"},"image":{"@id":"https:\/\/alfequipment.com\/#\/schema\/logo\/image\/"}}]}},"_links":{"self":[{"href":"https:\/\/alfequipment.com\/pt\/wp-json\/wp\/v2\/product\/2986","targetHints":{"allow":["GET"]}}],"collection":[{"href":"https:\/\/alfequipment.com\/pt\/wp-json\/wp\/v2\/product"}],"about":[{"href":"https:\/\/alfequipment.com\/pt\/wp-json\/wp\/v2\/types\/product"}],"replies":[{"embeddable":true,"href":"https:\/\/alfequipment.com\/pt\/wp-json\/wp\/v2\/comments?post=2986"}],"version-history":[{"count":0,"href":"https:\/\/alfequipment.com\/pt\/wp-json\/wp\/v2\/product\/2986\/revisions"}],"wp:featuredmedia":[{"embeddable":true,"href":"https:\/\/alfequipment.com\/pt\/wp-json\/wp\/v2\/media\/2806"}],"wp:attachment":[{"href":"https:\/\/alfequipment.com\/pt\/wp-json\/wp\/v2\/media?parent=2986"}],"wp:term":[{"taxonomy":"product_brand","embeddable":true,"href":"https:\/\/alfequipment.com\/pt\/wp-json\/wp\/v2\/product_brand?post=2986"},{"taxonomy":"product_cat","embeddable":true,"href":"https:\/\/alfequipment.com\/pt\/wp-json\/wp\/v2\/product_cat?post=2986"},{"taxonomy":"product_tag","embeddable":true,"href":"https:\/\/alfequipment.com\/pt\/wp-json\/wp\/v2\/product_tag?post=2986"}],"curies":[{"name":"wp","href":"https:\/\/api.w.org\/{rel}","templated":true}]}}