{"id":2992,"date":"2024-12-14T22:42:20","date_gmt":"2024-12-14T22:42:20","guid":{"rendered":"https:\/\/alfequipment.com\/product\/gcg-bl-2-double-head-semi-automatic-pneumatic-paste-filling-machine-for-cream-ointment-paste-jam\/"},"modified":"2025-01-13T13:09:36","modified_gmt":"2025-01-13T13:09:36","slug":"gcg-bl-2-maquina-de-enchimento-pneumatica-semi-automatica-de-dupla-cabeca-para-pasta-de-creme-pomada-e-compota","status":"publish","type":"product","link":"https:\/\/alfequipment.com\/pt\/product\/gcg-bl-2-maquina-de-enchimento-pneumatica-semi-automatica-de-dupla-cabeca-para-pasta-de-creme-pomada-e-compota\/","title":{"rendered":"GCG-BL\/2 M\u00e1quina de enchimento de pasta pneum\u00e1tica semi-autom\u00e1tica de cabe\u00e7a dupla para creme, pomada, pasta, compota"},"content":{"rendered":"<p><span style=\"font-size: 12pt;\">Ado\u00e7\u00e3o de pe\u00e7as pneum\u00e1ticas avan\u00e7adas de Taiwan AIRTAC. A opera\u00e7\u00e3o simples \u00e9 a principal carater\u00edstica da m\u00e1quina. O pist\u00e3o e a tremonha do cilindro s\u00e3o feitos de a\u00e7o inoxid\u00e1vel 304 e politetrafluorotileno (PTEF). Est\u00e1 em conformidade com os requisitos das BPF. A gama de enchimento e a velocidade s\u00e3o ajust\u00e1veis. A unidade de enchimento tem a fun\u00e7\u00e3o de ser \u00e0 prova de fugas, \u00e0 prova de amassar a seda. A m\u00e1quina pode ser transformada em unidade de enchimento com v\u00e1rias cabe\u00e7as, \u00e0 prova de rebentamento e \u00e0 prova de inunda\u00e7\u00e3o, de acordo com os requisitos dos clientes.<\/span><\/p>\n<p>&nbsp;<\/p>\n<p><span style=\"font-size: 16px;\"><strong>Gama de enchimento: <span style=\"font-size: 14px;\">50-100ml, 100-250ml, 200-500ml, 100-1000ml, 200-2000ml, 500-3000ml, 1000-5000ml.<\/span><\/strong><\/span><\/p>\n<p>&nbsp;<\/p>\n<p><strong><span style=\"font-size: 12pt;\">Especifica\u00e7\u00e3o:<\/span><\/strong><\/p>\n<p>&nbsp;<\/p>\n<table class=\"aliDataTable\" border=\"1\" cellspacing=\"0\" cellpadding=\"0\">\n<tbody>\n<tr align=\"center\">\n<td style=\"width: 203.4pt;\" valign=\"top\">\n<p>Modelo<\/p>\n<\/td>\n<td style=\"width: 126pt;\" valign=\"top\">\n<p><span style=\"color: #000000;\">GCG-BL<\/span><\/p>\n<\/td>\n<td style=\"width: 117pt;\" valign=\"top\">\n<p><span style=\"color: #ff0000;\">GCG-BL\/2<\/span><\/p>\n<\/td>\n<\/tr>\n<tr align=\"center\">\n<td valign=\"top\">\n<p>Tipo de enchimento<\/p>\n<\/td>\n<td valign=\"top\">\n<p><span style=\"color: #000000;\">Um bocal<\/span><\/p>\n<\/td>\n<td valign=\"top\">\n<p><span style=\"color: #ff0000;\">Bocal duplo<\/span><\/p>\n<\/td>\n<\/tr>\n<tr align=\"center\">\n<td valign=\"top\">\n<p>Fornecimento de ar<\/p>\n<\/td>\n<td valign=\"top\">\n<p><span style=\"color: #000000;\">0,2m\u00b3\/min<\/span><\/p>\n<\/td>\n<td valign=\"top\">\n<p><span style=\"color: #ff0000;\">0,4 m\u00b3\/min<\/span><\/p>\n<\/td>\n<\/tr>\n<tr align=\"center\">\n<td valign=\"top\">\n<p>Gama de enchimento<\/p>\n<\/td>\n<td valign=\"top\">\n<p><span style=\"color: #000000;\">100-1000ml<\/span><\/p>\n<\/td>\n<td valign=\"top\">\n<p><span style=\"color: #ff0000;\">100-1000ml<\/span><\/p>\n<\/td>\n<\/tr>\n<tr align=\"center\">\n<td valign=\"top\">\n<p>efici\u00eancia<\/p>\n<\/td>\n<td valign=\"top\">\n<p><span style=\"color: #000000;\">800-2000B\/H<\/span><\/p>\n<\/td>\n<td valign=\"top\">\n<p><span style=\"color: #ff0000;\">1500-3800B\/H<\/span><\/p>\n<\/td>\n<\/tr>\n<\/tbody>\n<\/table>\n<p>&nbsp;<\/p>\n<p><\/p><\/p>","protected":false},"excerpt":{"rendered":"<p>Gcg-bl\/2 M\u00e1quina de enchimento de pasta semi-autom\u00e1tica de dupla cabe\u00e7a para creme, pomada, pasta, compota<\/p>","protected":false},"featured_media":2818,"comment_status":"closed","ping_status":"open","template":"","meta":[],"product_brand":[],"product_cat":[101],"product_tag":[],"class_list":{"0":"post-2992","1":"product","2":"type-product","3":"status-publish","4":"has-post-thumbnail","6":"product_cat-filling-machines","8":"first","9":"instock","10":"sale","11":"purchasable","12":"product-type-simple"},"yoast_head":"<!-- This site is optimized with the Yoast SEO Premium plugin v20.9 (Yoast SEO v26.5) - https:\/\/yoast.com\/wordpress\/plugins\/seo\/ -->\n<title>GCG-BL\/2 Double head Semi-automatic pneumatic paste filling machine for cream, ointment, paste, jam - ALF PACK<\/title>\n<meta name=\"robots\" content=\"index, follow, max-snippet:-1, max-image-preview:large, max-video-preview:-1\" \/>\n<link rel=\"canonical\" href=\"https:\/\/alfequipment.com\/pt\/product\/gcg-bl-2-maquina-de-enchimento-pneumatica-semi-automatica-de-dupla-cabeca-para-pasta-de-creme-pomada-e-compota\/\" \/>\n<meta property=\"og:locale\" content=\"pt_PT\" \/>\n<meta property=\"og:type\" content=\"article\" \/>\n<meta property=\"og:title\" content=\"GCG-BL\/2 Double head Semi-automatic pneumatic paste filling machine for cream, ointment, paste, jam\" \/>\n<meta property=\"og:description\" content=\"Gcg-bl\/2 Double Head Semi-auto Paste Filling Machine For Cream Ointment Paste Jam\" \/>\n<meta property=\"og:url\" content=\"https:\/\/alfequipment.com\/pt\/product\/gcg-bl-2-maquina-de-enchimento-pneumatica-semi-automatica-de-dupla-cabeca-para-pasta-de-creme-pomada-e-compota\/\" \/>\n<meta property=\"og:site_name\" content=\"ALF PACK\" \/>\n<meta property=\"article:modified_time\" content=\"2025-01-13T13:09:36+00:00\" \/>\n<meta property=\"og:image\" content=\"https:\/\/alfequipment.com\/wp-content\/uploads\/2025\/01\/H64c5543fd64f4a829c42d95f4604ca681.jpg\" \/>\n\t<meta property=\"og:image:width\" content=\"800\" \/>\n\t<meta property=\"og:image:height\" content=\"800\" \/>\n\t<meta property=\"og:image:type\" content=\"image\/webp\" \/>\n<meta name=\"twitter:card\" content=\"summary_large_image\" \/>\n<meta name=\"twitter:label1\" content=\"Tempo estimado de leitura\" \/>\n\t<meta name=\"twitter:data1\" content=\"1 minuto\" \/>\n<script type=\"application\/ld+json\" class=\"yoast-schema-graph\">{\"@context\":\"https:\/\/schema.org\",\"@graph\":[{\"@type\":\"WebPage\",\"@id\":\"https:\/\/alfequipment.com\/product\/gcg-bl-2-double-head-semi-automatic-pneumatic-paste-filling-machine-for-cream-ointment-paste-jam\/\",\"url\":\"https:\/\/alfequipment.com\/product\/gcg-bl-2-double-head-semi-automatic-pneumatic-paste-filling-machine-for-cream-ointment-paste-jam\/\",\"name\":\"GCG-BL\/2 Double head Semi-automatic pneumatic paste filling machine for cream, ointment, paste, jam - ALF PACK\",\"isPartOf\":{\"@id\":\"https:\/\/alfequipment.com\/#website\"},\"primaryImageOfPage\":{\"@id\":\"https:\/\/alfequipment.com\/product\/gcg-bl-2-double-head-semi-automatic-pneumatic-paste-filling-machine-for-cream-ointment-paste-jam\/#primaryimage\"},\"image\":{\"@id\":\"https:\/\/alfequipment.com\/product\/gcg-bl-2-double-head-semi-automatic-pneumatic-paste-filling-machine-for-cream-ointment-paste-jam\/#primaryimage\"},\"thumbnailUrl\":\"https:\/\/alfequipment.com\/wp-content\/uploads\/2025\/01\/H64c5543fd64f4a829c42d95f4604ca681.jpg\",\"datePublished\":\"2024-12-14T22:42:20+00:00\",\"dateModified\":\"2025-01-13T13:09:36+00:00\",\"breadcrumb\":{\"@id\":\"https:\/\/alfequipment.com\/product\/gcg-bl-2-double-head-semi-automatic-pneumatic-paste-filling-machine-for-cream-ointment-paste-jam\/#breadcrumb\"},\"inLanguage\":\"pt-PT\",\"potentialAction\":[{\"@type\":\"ReadAction\",\"target\":[\"https:\/\/alfequipment.com\/product\/gcg-bl-2-double-head-semi-automatic-pneumatic-paste-filling-machine-for-cream-ointment-paste-jam\/\"]}]},{\"@type\":\"ImageObject\",\"inLanguage\":\"pt-PT\",\"@id\":\"https:\/\/alfequipment.com\/product\/gcg-bl-2-double-head-semi-automatic-pneumatic-paste-filling-machine-for-cream-ointment-paste-jam\/#primaryimage\",\"url\":\"https:\/\/alfequipment.com\/wp-content\/uploads\/2025\/01\/H64c5543fd64f4a829c42d95f4604ca681.jpg\",\"contentUrl\":\"https:\/\/alfequipment.com\/wp-content\/uploads\/2025\/01\/H64c5543fd64f4a829c42d95f4604ca681.jpg\",\"width\":800,\"height\":800},{\"@type\":\"BreadcrumbList\",\"@id\":\"https:\/\/alfequipment.com\/product\/gcg-bl-2-double-head-semi-automatic-pneumatic-paste-filling-machine-for-cream-ointment-paste-jam\/#breadcrumb\",\"itemListElement\":[{\"@type\":\"ListItem\",\"position\":1,\"name\":\"Home\",\"item\":\"https:\/\/alfequipment.com\/\"},{\"@type\":\"ListItem\",\"position\":2,\"name\":\"Shop\",\"item\":\"https:\/\/alfequipment.com\/shop\/\"},{\"@type\":\"ListItem\",\"position\":3,\"name\":\"GCG-BL\/2 Double head Semi-automatic pneumatic paste filling machine for cream, ointment, paste, jam\"}]},{\"@type\":\"WebSite\",\"@id\":\"https:\/\/alfequipment.com\/#website\",\"url\":\"https:\/\/alfequipment.com\/\",\"name\":\"ALF PACK\",\"description\":\"\",\"publisher\":{\"@id\":\"https:\/\/alfequipment.com\/#organization\"},\"potentialAction\":[{\"@type\":\"SearchAction\",\"target\":{\"@type\":\"EntryPoint\",\"urlTemplate\":\"https:\/\/alfequipment.com\/?s={search_term_string}\"},\"query-input\":{\"@type\":\"PropertyValueSpecification\",\"valueRequired\":true,\"valueName\":\"search_term_string\"}}],\"inLanguage\":\"pt-PT\"},{\"@type\":\"Organization\",\"@id\":\"https:\/\/alfequipment.com\/#organization\",\"name\":\"ALF PACK\",\"url\":\"https:\/\/alfequipment.com\/\",\"logo\":{\"@type\":\"ImageObject\",\"inLanguage\":\"pt-PT\",\"@id\":\"https:\/\/alfequipment.com\/#\/schema\/logo\/image\/\",\"url\":\"https:\/\/alfequipment.com\/wp-content\/uploads\/2024\/11\/ALFlogo-2.webp\",\"contentUrl\":\"https:\/\/alfequipment.com\/wp-content\/uploads\/2024\/11\/ALFlogo-2.webp\",\"width\":758,\"height\":750,\"caption\":\"ALF PACK\"},\"image\":{\"@id\":\"https:\/\/alfequipment.com\/#\/schema\/logo\/image\/\"}}]}<\/script>\n<!-- \/ Yoast SEO Premium plugin. -->","yoast_head_json":{"title":"GCG-BL\/2 M\u00e1quina de enchimento pneum\u00e1tica semiautom\u00e1tica de dupla cabe\u00e7a para creme, pomada, pasta, compota - ALF PACK","robots":{"index":"index","follow":"follow","max-snippet":"max-snippet:-1","max-image-preview":"max-image-preview:large","max-video-preview":"max-video-preview:-1"},"canonical":"https:\/\/alfequipment.com\/pt\/product\/gcg-bl-2-maquina-de-enchimento-pneumatica-semi-automatica-de-dupla-cabeca-para-pasta-de-creme-pomada-e-compota\/","og_locale":"pt_PT","og_type":"article","og_title":"GCG-BL\/2 Double head Semi-automatic pneumatic paste filling machine for cream, ointment, paste, jam","og_description":"Gcg-bl\/2 Double Head Semi-auto Paste Filling Machine For Cream Ointment Paste Jam","og_url":"https:\/\/alfequipment.com\/pt\/product\/gcg-bl-2-maquina-de-enchimento-pneumatica-semi-automatica-de-dupla-cabeca-para-pasta-de-creme-pomada-e-compota\/","og_site_name":"ALF PACK","article_modified_time":"2025-01-13T13:09:36+00:00","og_image":[{"width":800,"height":800,"url":"https:\/\/alfequipment.com\/wp-content\/uploads\/2025\/01\/H64c5543fd64f4a829c42d95f4604ca681.jpg","type":"image\/webp"}],"twitter_card":"summary_large_image","twitter_misc":{"Tempo estimado de leitura":"1 minuto"},"schema":{"@context":"https:\/\/schema.org","@graph":[{"@type":"WebPage","@id":"https:\/\/alfequipment.com\/product\/gcg-bl-2-double-head-semi-automatic-pneumatic-paste-filling-machine-for-cream-ointment-paste-jam\/","url":"https:\/\/alfequipment.com\/product\/gcg-bl-2-double-head-semi-automatic-pneumatic-paste-filling-machine-for-cream-ointment-paste-jam\/","name":"GCG-BL\/2 M\u00e1quina de enchimento pneum\u00e1tica semiautom\u00e1tica de dupla cabe\u00e7a para creme, pomada, pasta, compota - ALF PACK","isPartOf":{"@id":"https:\/\/alfequipment.com\/#website"},"primaryImageOfPage":{"@id":"https:\/\/alfequipment.com\/product\/gcg-bl-2-double-head-semi-automatic-pneumatic-paste-filling-machine-for-cream-ointment-paste-jam\/#primaryimage"},"image":{"@id":"https:\/\/alfequipment.com\/product\/gcg-bl-2-double-head-semi-automatic-pneumatic-paste-filling-machine-for-cream-ointment-paste-jam\/#primaryimage"},"thumbnailUrl":"https:\/\/alfequipment.com\/wp-content\/uploads\/2025\/01\/H64c5543fd64f4a829c42d95f4604ca681.jpg","datePublished":"2024-12-14T22:42:20+00:00","dateModified":"2025-01-13T13:09:36+00:00","breadcrumb":{"@id":"https:\/\/alfequipment.com\/product\/gcg-bl-2-double-head-semi-automatic-pneumatic-paste-filling-machine-for-cream-ointment-paste-jam\/#breadcrumb"},"inLanguage":"pt-PT","potentialAction":[{"@type":"ReadAction","target":["https:\/\/alfequipment.com\/product\/gcg-bl-2-double-head-semi-automatic-pneumatic-paste-filling-machine-for-cream-ointment-paste-jam\/"]}]},{"@type":"ImageObject","inLanguage":"pt-PT","@id":"https:\/\/alfequipment.com\/product\/gcg-bl-2-double-head-semi-automatic-pneumatic-paste-filling-machine-for-cream-ointment-paste-jam\/#primaryimage","url":"https:\/\/alfequipment.com\/wp-content\/uploads\/2025\/01\/H64c5543fd64f4a829c42d95f4604ca681.jpg","contentUrl":"https:\/\/alfequipment.com\/wp-content\/uploads\/2025\/01\/H64c5543fd64f4a829c42d95f4604ca681.jpg","width":800,"height":800},{"@type":"BreadcrumbList","@id":"https:\/\/alfequipment.com\/product\/gcg-bl-2-double-head-semi-automatic-pneumatic-paste-filling-machine-for-cream-ointment-paste-jam\/#breadcrumb","itemListElement":[{"@type":"ListItem","position":1,"name":"Home","item":"https:\/\/alfequipment.com\/"},{"@type":"ListItem","position":2,"name":"Shop","item":"https:\/\/alfequipment.com\/shop\/"},{"@type":"ListItem","position":3,"name":"GCG-BL\/2 Double head Semi-automatic pneumatic paste filling machine for cream, ointment, paste, jam"}]},{"@type":"WebSite","@id":"https:\/\/alfequipment.com\/#website","url":"https:\/\/alfequipment.com\/","name":"PACK ALF","description":"","publisher":{"@id":"https:\/\/alfequipment.com\/#organization"},"potentialAction":[{"@type":"SearchAction","target":{"@type":"EntryPoint","urlTemplate":"https:\/\/alfequipment.com\/?s={search_term_string}"},"query-input":{"@type":"PropertyValueSpecification","valueRequired":true,"valueName":"search_term_string"}}],"inLanguage":"pt-PT"},{"@type":"Organization","@id":"https:\/\/alfequipment.com\/#organization","name":"PACK ALF","url":"https:\/\/alfequipment.com\/","logo":{"@type":"ImageObject","inLanguage":"pt-PT","@id":"https:\/\/alfequipment.com\/#\/schema\/logo\/image\/","url":"https:\/\/alfequipment.com\/wp-content\/uploads\/2024\/11\/ALFlogo-2.webp","contentUrl":"https:\/\/alfequipment.com\/wp-content\/uploads\/2024\/11\/ALFlogo-2.webp","width":758,"height":750,"caption":"ALF PACK"},"image":{"@id":"https:\/\/alfequipment.com\/#\/schema\/logo\/image\/"}}]}},"_links":{"self":[{"href":"https:\/\/alfequipment.com\/pt\/wp-json\/wp\/v2\/product\/2992","targetHints":{"allow":["GET"]}}],"collection":[{"href":"https:\/\/alfequipment.com\/pt\/wp-json\/wp\/v2\/product"}],"about":[{"href":"https:\/\/alfequipment.com\/pt\/wp-json\/wp\/v2\/types\/product"}],"replies":[{"embeddable":true,"href":"https:\/\/alfequipment.com\/pt\/wp-json\/wp\/v2\/comments?post=2992"}],"version-history":[{"count":0,"href":"https:\/\/alfequipment.com\/pt\/wp-json\/wp\/v2\/product\/2992\/revisions"}],"wp:featuredmedia":[{"embeddable":true,"href":"https:\/\/alfequipment.com\/pt\/wp-json\/wp\/v2\/media\/2818"}],"wp:attachment":[{"href":"https:\/\/alfequipment.com\/pt\/wp-json\/wp\/v2\/media?parent=2992"}],"wp:term":[{"taxonomy":"product_brand","embeddable":true,"href":"https:\/\/alfequipment.com\/pt\/wp-json\/wp\/v2\/product_brand?post=2992"},{"taxonomy":"product_cat","embeddable":true,"href":"https:\/\/alfequipment.com\/pt\/wp-json\/wp\/v2\/product_cat?post=2992"},{"taxonomy":"product_tag","embeddable":true,"href":"https:\/\/alfequipment.com\/pt\/wp-json\/wp\/v2\/product_tag?post=2992"}],"curies":[{"name":"wp","href":"https:\/\/api.w.org\/{rel}","templated":true}]}}