{"id":3000,"date":"2025-01-07T10:00:06","date_gmt":"2025-01-07T10:00:06","guid":{"rendered":"https:\/\/alfequipment.com\/product\/dycs-1-electronic-quantitative-weigher\/"},"modified":"2025-01-13T13:09:43","modified_gmt":"2025-01-13T13:09:43","slug":"balanca-eletronica-quantitativa-dycs-1","status":"publish","type":"product","link":"https:\/\/alfequipment.com\/pt\/product\/balanca-eletronica-quantitativa-dycs-1\/","title":{"rendered":"DYCS-1 Balan\u00e7a Quantitativa Eletr\u00f3nica"},"content":{"rendered":"<div id=\"ali-anchor-description\" style=\"margin-top: 15px; height: auto;\" data-section=\"description\">\n <span style=\"color: #ffffff;\">Balan\u00e7a Quantitativa Eletr\u00f3nica | Balan\u00e7a Quantitativa Eletr\u00f3nica | Balan\u00e7a Quantitativa Eletr\u00f3nica | Balan\u00e7a Quantitativa Eletr\u00f3nica | Balan\u00e7a Quantitativa Eletr\u00f3nica | Balan\u00e7a Quantitativa Eletr\u00f3nica | Balan\u00e7a Quantitativa Eletr\u00f3nica<\/span><br \/>\n <span style=\"line-height: normal;\"><br \/> <\/span><\/p>\n<div id=\"ali-title-description\" style=\"margin-top: 15px; margin-bottom: 7px;\">\n<div style=\"height: auto; padding: 8px 0; border-bottom: 1px solid #ddd;\">\n   <span style=\"background-color: #ddd; color: #333; font-weight: bold; padding: 8px 15px; line-height: 12px;\">Descri\u00e7\u00e3o do produto<\/span>\n  <\/div>\n<\/p><\/div>\n<p><span style=\"font-size: 9pt;\">S\u00e9rie DYCS&nbsp;<\/span><span style=\"font-size: 9pt;\">Balan\u00e7a eletr\u00f3nica quantitativa<\/span><\/p>\n<p><span style=\"font-style: normal; font-weight: normal; font-size: 10.5pt; line-height: normal; font-family: Calibri;\">&nbsp;<\/span><\/p>\n<p><span style=\"font-style: normal; font-weight: normal; font-size: 10.5pt; line-height: normal; font-family: Calibri;\">&nbsp;<\/span><span style=\"font-size: 9pt; line-height: 18px;\">Utilizado para a embalagem racionada de materiais em p\u00f3 e part\u00edculas, tais como detergente em p\u00f3, sal, sementes, a\u00e7\u00facar, etc.<\/span><\/p>\n<p>&nbsp;<\/p>\n<p><span style=\"font-size: 16px; line-height: 18px;\">Vantagem:<\/span><\/p>\n<p><span style=\"font-size: 9pt; line-height: 18px;\">1.<\/span><span style=\"font-size: 9pt; line-height: 18px;\">Balan\u00e7a eletr\u00f3nica de pesagem<\/span><\/p>\n<p><span style=\"font-size: 9pt; line-height: 18px;\">2.<\/span><span style=\"font-size: 9pt; line-height: 18px;\">Controlo por microcomputador<\/span><\/p>\n<p><span style=\"font-size: 9pt; line-height: 18px;\">3.<\/span><span style=\"font-size: 9pt; line-height: 18px;\">Estrutura em a\u00e7o inoxid\u00e1vel<\/span><\/p>\n<p><span style=\"font-size: 9pt; line-height: 18px;\">4.<\/span><span style=\"font-size: 9pt; line-height: 18px;\">Alimenta\u00e7\u00e3o manual de sacos, pesagem autom\u00e1tica<\/span><\/p>\n<p>&nbsp;<\/p>\n<table class=\"aliDataTable\" style=\"width: 498.55pt;\" align=\"center\">\n<tbody>\n<tr align=\"left\">\n<td style=\"width: 73.8pt; background: #def7e8;\" valign=\"center\">\n<p><span style=\"font-size: 9pt;\">Modelo n.<\/span><\/p>\n<\/td>\n<td style=\"width: 92.35pt; background: #def7e8;\" valign=\"center\">\n<p><span style=\"font-size: 9pt;\">Gama de pesagem(g)<\/span><\/p>\n<\/td>\n<td style=\"width: 56.5pt; background: #def7e8;\" valign=\"center\">\n<p><span style=\"font-size: 9pt;\">P<\/span><span style=\"font-size: 9pt;\">recis\u00e3o (g)<\/span><\/p>\n<\/td>\n<td style=\"width: 59.2pt; background: #def7e8;\" valign=\"center\">\n<p><span style=\"font-size: 9pt;\">Velocidade de embalagem<\/span><\/p>\n<p><span style=\"font-size: 9pt;\">(Saco<\/span><span style=\"font-size: 9pt;\">&nbsp;<\/span><span style=\"font-size: 9pt;\">\/min)<\/span><\/p>\n<\/td>\n<td style=\"width: 57.2pt; background: #def7e8;\" valign=\"center\">\n<p><span style=\"font-size: 9pt;\">Fonte de alimenta\u00e7\u00e3o<\/span><\/p>\n<\/td>\n<td style=\"width: 42.7pt; background: #def7e8;\" valign=\"center\">\n<p><span style=\"font-size: 9pt;\">Pot\u00eancia (W)<\/span><\/p>\n<\/td>\n<td style=\"width: 48.7pt; background: #def7e8;\" valign=\"center\">\n<p><span style=\"font-size: 9pt;\">Peso (kg)<\/span><\/p>\n<\/td>\n<td style=\"width: 68.1pt; background: #def7e8;\" valign=\"center\">\n<p><span style=\"font-size: 9pt;\">Dimens\u00e3o (mm)<\/span><\/p>\n<\/td>\n<\/tr>\n<tr align=\"left\">\n<td valign=\"center\">\n<p><span style=\"font-size: 9pt;\">D<\/span><span style=\"font-size: 9pt;\">Y<\/span><span style=\"font-size: 9pt;\">C<\/span><span style=\"font-size: 9pt;\">S<\/span><span style=\"font-size: 9pt;\">-1<\/span><\/p>\n<\/td>\n<td valign=\"center\">\n<p><span style=\"font-size: 9pt;\">25-1000<\/span><\/p>\n<\/td>\n<td valign=\"center\">\n<p><span style=\"font-size: 9pt;\">\u2264\u00b12<\/span><\/p>\n<\/td>\n<td valign=\"center\">\n<p><span style=\"font-size: 9pt;\">18-25<\/span><\/p>\n<\/td>\n<td valign=\"center\">\n<p><span style=\"font-size: 9pt;\">220<\/span><span style=\"font-size: 9pt;\">V<\/span><span style=\"font-size: 9pt;\">\/50<\/span><span style=\"font-size: 9pt;\">-60hz<\/span><\/p>\n<\/td>\n<td valign=\"center\">\n<p><span style=\"font-size: 9pt;\">1<\/span><span style=\"font-size: 9pt;\">50<\/span><\/p>\n<\/td>\n<td valign=\"center\">\n<p><span style=\"font-size: 9pt;\">120<\/span><\/p>\n<\/td>\n<td valign=\"center\">\n<p><span style=\"font-size: 9pt;\">710x810x1800<\/span><\/p>\n<\/td>\n<\/tr>\n<tr align=\"left\">\n<td valign=\"center\">\n<p><span style=\"font-size: 9pt;\">D<\/span><span style=\"font-size: 9pt;\">Y<\/span><span style=\"font-size: 9pt;\">C<\/span><span style=\"font-size: 9pt;\">S<\/span><span style=\"font-size: 9pt;\">-2<\/span><\/p>\n<\/td>\n<td valign=\"center\">\n<p><span style=\"font-size: 9pt;\">50-2000<\/span><\/p>\n<\/td>\n<td valign=\"center\">\n<p><span style=\"font-size: 9pt;\">\u2264\u00b14<\/span><\/p>\n<\/td>\n<td valign=\"center\">\n<p><span style=\"font-size: 9pt;\">15-25<\/span><\/p>\n<\/td>\n<td valign=\"center\">\n<p><span style=\"font-size: 9pt;\">&nbsp;<\/span><\/p>\n<\/td>\n<td valign=\"center\">\n<p><span style=\"font-size: 9pt;\">2<\/span><span style=\"font-size: 9pt;\">50<\/span><\/p>\n<\/td>\n<td valign=\"center\">\n<p><span style=\"font-size: 9pt;\">150<\/span><\/p>\n<\/td>\n<td valign=\"center\">\n<p><span style=\"font-size: 9pt;\">710X840X1800<\/span><\/p>\n<\/td>\n<\/tr>\n<tr align=\"left\">\n<td valign=\"center\">\n<p><span style=\"font-size: 9pt;\">DYCS-10<\/span><\/p>\n<\/td>\n<td valign=\"center\">\n<p><span style=\"font-size: 9pt;\">1000-10000<\/span><\/p>\n<\/td>\n<td valign=\"center\">\n<p><span style=\"font-size: 9pt;\">\u2264\u00b1<\/span><span style=\"font-size: 9pt;\">15<\/span><\/p>\n<\/td>\n<td valign=\"center\">\n<p><span style=\"font-size: 9pt;\">8-18<\/span><\/p>\n<\/td>\n<td valign=\"center\">\n<p><span style=\"font-size: 9pt;\">&nbsp;<\/span><\/p>\n<\/td>\n<td valign=\"center\">\n<p><span style=\"font-size: 9pt;\">300<\/span><\/p>\n<\/td>\n<td valign=\"center\">\n<p><span style=\"font-size: 9pt;\">190<\/span><\/p>\n<\/td>\n<td valign=\"center\">\n<p><span style=\"font-size: 9pt;\">1010X840X1950<\/span><\/p>\n<\/td>\n<\/tr>\n<\/tbody>\n<\/table>\n<p>&nbsp;<\/p>\n<p>&nbsp;<img decoding=\"async\" src=\"https:\/\/sc01.alicdn.com\/kf\/HTB1INoLHpXXXXaZXXXXq6xXFXXXx\/64496\/HTB1INoLHpXXXXaZXXXXq6xXFXXXx.jpg\" data-alt=\"DYCS-1 Electronic Quantitative Weigher\" data-width=\"349\" data-height=\"339\" ori-width=\"857\" ori-height=\"856\" class=\"aligncenter\">&nbsp;<span style=\"font-size: 24px;\">Modelo DYCS-1<\/span><\/p>\n<p><span style=\"font-size: 24px;\"><img decoding=\"async\" src=\"https:\/\/sc01.alicdn.com\/kf\/HTB19yQNHpXXXXaJXXXXq6xXFXXXh\/64496\/HTB19yQNHpXXXXaJXXXXq6xXFXXXh.jpg\" data-alt=\"DYCS-1 Electronic Quantitative Weigher\" data-width=\"335\" data-height=\"368\" ori-width=\"435\" ori-height=\"478\" class=\"aligncenter\">Modelo DYCS-10<\/span><\/p>\n<p>&nbsp;<\/p>\n<p><span style=\"font-size: 10.5pt;\">Opcional: DBF-1000 Seladora de bandas de codifica\u00e7\u00e3o de tinta s\u00f3lida<\/span><\/p>\n<p><span style=\"font-size: 10.5pt;\"><img decoding=\"async\" src=\"https:\/\/sc01.alicdn.com\/kf\/HTB1tUqeHpXXXXXgapXXq6xXFXXXb\/64496\/HTB1tUqeHpXXXXXgapXXq6xXFXXXb.jpg\" data-alt=\"DYCS-1 Electronic Quantitative Weigher\" data-width=\"372\" data-height=\"402\" ori-width=\"406\" ori-height=\"439\" class=\"aligncenter\"><\/span><\/p>\n<p><span style=\"font-size: 10.5pt;\"><img decoding=\"async\" src=\"https:\/\/sc01.alicdn.com\/kf\/HTB1LPmGHFXXXXbnXXXXq6xXFXXXE\/64496\/HTB1LPmGHFXXXXbnXXXXq6xXFXXXE.jpg\" data-alt=\"DYCS-1 Electronic Quantitative Weigher\" data-width=\"481\" data-height=\"641\" ori-width=\"1000\" ori-height=\"1333\" class=\"aligncenter\"><img decoding=\"async\" src=\"https:\/\/sc01.alicdn.com\/kf\/HTB1HGSzHFXXXXcFXpXXq6xXFXXX4\/64496\/HTB1HGSzHFXXXXcFXpXXq6xXFXXX4.jpg\" data-alt=\"DYCS-1 Electronic Quantitative Weigher\" data-width=\"481\" data-height=\"642\" ori-width=\"1000\" ori-height=\"1333\" class=\"aligncenter\"><img decoding=\"async\" src=\"https:\/\/sc01.alicdn.com\/kf\/HTB1sYaCHFXXXXbjXpXXq6xXFXXXP\/64496\/HTB1sYaCHFXXXXbjXpXXq6xXFXXXP.jpg\" data-alt=\"DYCS-1 Electronic Quantitative Weigher\" data-width=\"480\" data-height=\"360\" ori-width=\"1000\" ori-height=\"750\" class=\"aligncenter\"><img decoding=\"async\" src=\"https:\/\/sc01.alicdn.com\/kf\/HTB1elaxHFXXXXXrXFXXq6xXFXXXf\/64496\/HTB1elaxHFXXXXXrXFXXq6xXFXXXf.jpg\" data-alt=\"DYCS-1 Electronic Quantitative Weigher\" data-width=\"479\" data-height=\"638\" ori-width=\"1000\" ori-height=\"1333\" class=\"aligncenter\"><img decoding=\"async\" src=\"https:\/\/sc01.alicdn.com\/kf\/HTB1jDStHFXXXXaPXFXXq6xXFXXX2\/64496\/HTB1jDStHFXXXXaPXFXXq6xXFXXX2.jpg\" data-alt=\"DYCS-1 Electronic Quantitative Weigher\" data-width=\"478\" data-height=\"636\" ori-width=\"1000\" ori-height=\"1333\" class=\"aligncenter\"><\/span><\/p>\n<div id=\"ali-anchor-packaging\" style=\"margin-top: 15px; height: auto;\" data-section=\"packaging\">\n  &nbsp;\n <\/div>\n<div id=\"ali-title-packaging\" style=\"margin-top: 15px; margin-bottom: 7px;\">\n<div style=\"height: auto; padding: 8px 0; border-bottom: 1px solid #ddd;\">\n   <span style=\"background-color: #ddd; color: #333; font-weight: bold; padding: 8px 15px; line-height: 12px;\">Embalagem e expedi\u00e7\u00e3o<\/span>\n  <\/div>\n<\/p><\/div>\n<p style=\"margin-bottom: 0pt; margin-top: 0pt;\"><span style=\"font-size: 9pt; font-family: Arial;\">Embalagem:<\/span><span style=\"font-size: 9pt; font-family: Arial;\">&nbsp;<\/span><\/p>\n<p style=\"margin-bottom: 0pt; margin-top: 0pt;\"><span style=\"font-size: 9pt; font-family: Arial;\">Caixa de madeira padr\u00e3o exportada<\/span><\/p>\n<p style=\"margin-bottom: 0pt; margin-top: 0pt;\"><span style=\"font-size: 9pt; font-family: Arial;\">&nbsp;<\/span><\/p>\n<p style=\"margin-bottom: 0pt; margin-top: 0pt;\"><span style=\"font-size: 9pt; font-family: Arial;\">Envio:<\/span><\/p>\n<p style=\"margin-bottom: 0pt; margin-top: 0pt;\"><span style=\"font-size: 9pt;\">B<\/span><span style=\"font-size: 9pt; font-family: Arial;\">y mar<\/span><\/p>\n<div id=\"ali-anchor-services\" style=\"margin-top: 15px; height: auto;\" data-section=\"services\">\n  &nbsp;\n <\/div>\n<p style=\"margin: 0cm; margin-bottom: .0001pt;\">&nbsp;<\/p>\n<div id=\"ali-title-services\" style=\"margin-top: 15px; margin-bottom: 7px;\">\n<div style=\"height: auto; padding: 8px 0; border-bottom: 1px solid #ddd;\">\n   <span style=\"background-color: #ddd; color: #333; font-weight: bold; padding: 8px 15px; line-height: 12px;\">Os nossos servi\u00e7os<\/span>\n  <\/div>\n<\/p><\/div>\n<p style=\"margin: 0cm; margin-bottom: .0001pt;\">&nbsp;<\/p>\n<p><img decoding=\"async\" src=\"https:\/\/sc01.alicdn.com\/kf\/HTB1E9xbFVXXXXbDXXXXq6xXFXXXM\/64496\/HTB1E9xbFVXXXXbDXXXXq6xXFXXXM.jpg\" data-alt=\"DYCS-1 Electronic Quantitative Weigher\" ori-width=\"550\" ori-height=\"550\" class=\"aligncenter\"><\/p>\n<div id=\"ali-anchor-companyInfo\" style=\"margin-top: 15px; height: auto;\" data-section=\"companyInfo\">\n  &nbsp;\n <\/div>\n<div id=\"ali-title-companyInfo\" style=\"margin-top: 15px; margin-bottom: 7px;\">\n<div style=\"height: auto; padding: 8px 0; border-bottom: 1px solid #ddd;\">\n   <span style=\"background-color: #ddd; color: #333; font-weight: bold; padding: 8px 15px; line-height: 12px;\">Informa\u00e7\u00f5es sobre a empresa<\/span>\n  <\/div>\n<\/p><\/div>\n<p><img decoding=\"async\" src=\"https:\/\/sc01.alicdn.com\/kf\/HTB1GTZ3FFXXXXbpXXXXq6xXFXXXw\/64496\/HTB1GTZ3FFXXXXbpXXXXq6xXFXXXw.jpg\" data-alt=\"DYCS-1 Electronic Quantitative Weigher\" ori-width=\"553\" ori-height=\"77\" class=\"aligncenter\"><\/p>\n<p><span style=\"font-style: normal; font-weight: normal; font-size: 13.5pt; line-height: normal; font-family: Arial; background-color: #f5f5f5;\">S\u00edtio Web:www.ding-ye.com&nbsp;<\/span><\/p>\n<p><span style=\"font-weight: bold; font-style: normal; font-size: 12pt; line-height: normal; color: #0000ff;\">&nbsp;<\/span><\/p>\n<p><span style=\"font-style: normal; font-weight: normal; font-size: 9pt; line-height: normal; font-family: Arial; background-color: #f5f5f5;\">Fabricante de m\u00e1quinas de embalagem h\u00e1 24 anos. Produzimos 18 s\u00e9ries de produtos com mais de 60 tipos de equipamentos dispon\u00edveis para escolha.&nbsp;<\/span><\/p>\n<p>&nbsp;<\/p>\n<p><span style=\"font-style: normal; font-weight: normal; font-size: 9pt; line-height: normal; font-family: Arial; background-color: #f5f5f5;\"><img decoding=\"async\" src=\"https:\/\/sc01.alicdn.com\/kf\/HTB17w4sFVXXXXX9XFXXq6xXFXXXE\/64496\/HTB17w4sFVXXXXX9XFXXq6xXFXXXE.jpg\" data-alt=\"DYCS-1 Electronic Quantitative Weigher\" ori-width=\"497\" ori-height=\"383\" class=\"aligncenter\"><\/span><\/p>\n<\/div>","protected":false},"excerpt":{"rendered":"<p>Balan\u00e7a eletr\u00f3nica quantitativa da s\u00e9rie Dycs<\/p>","protected":false},"featured_media":2834,"comment_status":"closed","ping_status":"open","template":"","meta":[],"product_brand":[],"product_cat":[101],"product_tag":[],"class_list":{"0":"post-3000","1":"product","2":"type-product","3":"status-publish","4":"has-post-thumbnail","6":"product_cat-filling-machines","8":"first","9":"instock","10":"sale","11":"purchasable","12":"product-type-simple"},"yoast_head":"<!-- This site is optimized with the Yoast SEO Premium plugin v20.9 (Yoast SEO v26.5) - https:\/\/yoast.com\/wordpress\/plugins\/seo\/ -->\n<title>DYCS-1 Electronic Quantitative Weigher - ALF PACK<\/title>\n<meta name=\"robots\" content=\"index, follow, max-snippet:-1, max-image-preview:large, max-video-preview:-1\" \/>\n<link rel=\"canonical\" href=\"https:\/\/alfequipment.com\/pt\/product\/balanca-eletronica-quantitativa-dycs-1\/\" \/>\n<meta property=\"og:locale\" content=\"pt_PT\" \/>\n<meta property=\"og:type\" content=\"article\" \/>\n<meta property=\"og:title\" content=\"DYCS-1 Electronic Quantitative Weigher\" \/>\n<meta property=\"og:description\" content=\"Dycs Series Electronic Quantitative Weigher\" \/>\n<meta property=\"og:url\" content=\"https:\/\/alfequipment.com\/pt\/product\/balanca-eletronica-quantitativa-dycs-1\/\" \/>\n<meta property=\"og:site_name\" content=\"ALF PACK\" \/>\n<meta property=\"article:modified_time\" content=\"2025-01-13T13:09:43+00:00\" \/>\n<meta property=\"og:image\" content=\"https:\/\/alfequipment.com\/wp-content\/uploads\/2025\/01\/DYCS-1-Electronic-Quantitative-Weigher.jpg\" \/>\n\t<meta property=\"og:image:width\" content=\"800\" \/>\n\t<meta property=\"og:image:height\" content=\"800\" \/>\n\t<meta property=\"og:image:type\" content=\"image\/webp\" \/>\n<meta name=\"twitter:card\" content=\"summary_large_image\" \/>\n<meta name=\"twitter:label1\" content=\"Tempo estimado de leitura\" \/>\n\t<meta name=\"twitter:data1\" content=\"1 minuto\" \/>\n<script type=\"application\/ld+json\" class=\"yoast-schema-graph\">{\"@context\":\"https:\/\/schema.org\",\"@graph\":[{\"@type\":\"WebPage\",\"@id\":\"https:\/\/alfequipment.com\/product\/dycs-1-electronic-quantitative-weigher\/\",\"url\":\"https:\/\/alfequipment.com\/product\/dycs-1-electronic-quantitative-weigher\/\",\"name\":\"DYCS-1 Electronic Quantitative Weigher - ALF PACK\",\"isPartOf\":{\"@id\":\"https:\/\/alfequipment.com\/#website\"},\"primaryImageOfPage\":{\"@id\":\"https:\/\/alfequipment.com\/product\/dycs-1-electronic-quantitative-weigher\/#primaryimage\"},\"image\":{\"@id\":\"https:\/\/alfequipment.com\/product\/dycs-1-electronic-quantitative-weigher\/#primaryimage\"},\"thumbnailUrl\":\"https:\/\/alfequipment.com\/wp-content\/uploads\/2025\/01\/DYCS-1-Electronic-Quantitative-Weigher.jpg\",\"datePublished\":\"2025-01-07T10:00:06+00:00\",\"dateModified\":\"2025-01-13T13:09:43+00:00\",\"breadcrumb\":{\"@id\":\"https:\/\/alfequipment.com\/product\/dycs-1-electronic-quantitative-weigher\/#breadcrumb\"},\"inLanguage\":\"pt-PT\",\"potentialAction\":[{\"@type\":\"ReadAction\",\"target\":[\"https:\/\/alfequipment.com\/product\/dycs-1-electronic-quantitative-weigher\/\"]}]},{\"@type\":\"ImageObject\",\"inLanguage\":\"pt-PT\",\"@id\":\"https:\/\/alfequipment.com\/product\/dycs-1-electronic-quantitative-weigher\/#primaryimage\",\"url\":\"https:\/\/alfequipment.com\/wp-content\/uploads\/2025\/01\/DYCS-1-Electronic-Quantitative-Weigher.jpg\",\"contentUrl\":\"https:\/\/alfequipment.com\/wp-content\/uploads\/2025\/01\/DYCS-1-Electronic-Quantitative-Weigher.jpg\",\"width\":800,\"height\":800},{\"@type\":\"BreadcrumbList\",\"@id\":\"https:\/\/alfequipment.com\/product\/dycs-1-electronic-quantitative-weigher\/#breadcrumb\",\"itemListElement\":[{\"@type\":\"ListItem\",\"position\":1,\"name\":\"Home\",\"item\":\"https:\/\/alfequipment.com\/\"},{\"@type\":\"ListItem\",\"position\":2,\"name\":\"Shop\",\"item\":\"https:\/\/alfequipment.com\/shop\/\"},{\"@type\":\"ListItem\",\"position\":3,\"name\":\"DYCS-1 Electronic Quantitative Weigher\"}]},{\"@type\":\"WebSite\",\"@id\":\"https:\/\/alfequipment.com\/#website\",\"url\":\"https:\/\/alfequipment.com\/\",\"name\":\"ALF PACK\",\"description\":\"\",\"publisher\":{\"@id\":\"https:\/\/alfequipment.com\/#organization\"},\"potentialAction\":[{\"@type\":\"SearchAction\",\"target\":{\"@type\":\"EntryPoint\",\"urlTemplate\":\"https:\/\/alfequipment.com\/?s={search_term_string}\"},\"query-input\":{\"@type\":\"PropertyValueSpecification\",\"valueRequired\":true,\"valueName\":\"search_term_string\"}}],\"inLanguage\":\"pt-PT\"},{\"@type\":\"Organization\",\"@id\":\"https:\/\/alfequipment.com\/#organization\",\"name\":\"ALF PACK\",\"url\":\"https:\/\/alfequipment.com\/\",\"logo\":{\"@type\":\"ImageObject\",\"inLanguage\":\"pt-PT\",\"@id\":\"https:\/\/alfequipment.com\/#\/schema\/logo\/image\/\",\"url\":\"https:\/\/alfequipment.com\/wp-content\/uploads\/2024\/11\/ALFlogo-2.webp\",\"contentUrl\":\"https:\/\/alfequipment.com\/wp-content\/uploads\/2024\/11\/ALFlogo-2.webp\",\"width\":758,\"height\":750,\"caption\":\"ALF PACK\"},\"image\":{\"@id\":\"https:\/\/alfequipment.com\/#\/schema\/logo\/image\/\"}}]}<\/script>\n<!-- \/ Yoast SEO Premium plugin. -->","yoast_head_json":{"title":"Balan\u00e7a eletr\u00f3nica quantitativa DYCS-1 - ALF PACK","robots":{"index":"index","follow":"follow","max-snippet":"max-snippet:-1","max-image-preview":"max-image-preview:large","max-video-preview":"max-video-preview:-1"},"canonical":"https:\/\/alfequipment.com\/pt\/product\/balanca-eletronica-quantitativa-dycs-1\/","og_locale":"pt_PT","og_type":"article","og_title":"DYCS-1 Electronic Quantitative Weigher","og_description":"Dycs Series Electronic Quantitative Weigher","og_url":"https:\/\/alfequipment.com\/pt\/product\/balanca-eletronica-quantitativa-dycs-1\/","og_site_name":"ALF PACK","article_modified_time":"2025-01-13T13:09:43+00:00","og_image":[{"width":800,"height":800,"url":"https:\/\/alfequipment.com\/wp-content\/uploads\/2025\/01\/DYCS-1-Electronic-Quantitative-Weigher.jpg","type":"image\/webp"}],"twitter_card":"summary_large_image","twitter_misc":{"Tempo estimado de leitura":"1 minuto"},"schema":{"@context":"https:\/\/schema.org","@graph":[{"@type":"WebPage","@id":"https:\/\/alfequipment.com\/product\/dycs-1-electronic-quantitative-weigher\/","url":"https:\/\/alfequipment.com\/product\/dycs-1-electronic-quantitative-weigher\/","name":"Balan\u00e7a eletr\u00f3nica quantitativa DYCS-1 - ALF PACK","isPartOf":{"@id":"https:\/\/alfequipment.com\/#website"},"primaryImageOfPage":{"@id":"https:\/\/alfequipment.com\/product\/dycs-1-electronic-quantitative-weigher\/#primaryimage"},"image":{"@id":"https:\/\/alfequipment.com\/product\/dycs-1-electronic-quantitative-weigher\/#primaryimage"},"thumbnailUrl":"https:\/\/alfequipment.com\/wp-content\/uploads\/2025\/01\/DYCS-1-Electronic-Quantitative-Weigher.jpg","datePublished":"2025-01-07T10:00:06+00:00","dateModified":"2025-01-13T13:09:43+00:00","breadcrumb":{"@id":"https:\/\/alfequipment.com\/product\/dycs-1-electronic-quantitative-weigher\/#breadcrumb"},"inLanguage":"pt-PT","potentialAction":[{"@type":"ReadAction","target":["https:\/\/alfequipment.com\/product\/dycs-1-electronic-quantitative-weigher\/"]}]},{"@type":"ImageObject","inLanguage":"pt-PT","@id":"https:\/\/alfequipment.com\/product\/dycs-1-electronic-quantitative-weigher\/#primaryimage","url":"https:\/\/alfequipment.com\/wp-content\/uploads\/2025\/01\/DYCS-1-Electronic-Quantitative-Weigher.jpg","contentUrl":"https:\/\/alfequipment.com\/wp-content\/uploads\/2025\/01\/DYCS-1-Electronic-Quantitative-Weigher.jpg","width":800,"height":800},{"@type":"BreadcrumbList","@id":"https:\/\/alfequipment.com\/product\/dycs-1-electronic-quantitative-weigher\/#breadcrumb","itemListElement":[{"@type":"ListItem","position":1,"name":"Home","item":"https:\/\/alfequipment.com\/"},{"@type":"ListItem","position":2,"name":"Shop","item":"https:\/\/alfequipment.com\/shop\/"},{"@type":"ListItem","position":3,"name":"DYCS-1 Electronic Quantitative Weigher"}]},{"@type":"WebSite","@id":"https:\/\/alfequipment.com\/#website","url":"https:\/\/alfequipment.com\/","name":"PACK ALF","description":"","publisher":{"@id":"https:\/\/alfequipment.com\/#organization"},"potentialAction":[{"@type":"SearchAction","target":{"@type":"EntryPoint","urlTemplate":"https:\/\/alfequipment.com\/?s={search_term_string}"},"query-input":{"@type":"PropertyValueSpecification","valueRequired":true,"valueName":"search_term_string"}}],"inLanguage":"pt-PT"},{"@type":"Organization","@id":"https:\/\/alfequipment.com\/#organization","name":"PACK ALF","url":"https:\/\/alfequipment.com\/","logo":{"@type":"ImageObject","inLanguage":"pt-PT","@id":"https:\/\/alfequipment.com\/#\/schema\/logo\/image\/","url":"https:\/\/alfequipment.com\/wp-content\/uploads\/2024\/11\/ALFlogo-2.webp","contentUrl":"https:\/\/alfequipment.com\/wp-content\/uploads\/2024\/11\/ALFlogo-2.webp","width":758,"height":750,"caption":"ALF PACK"},"image":{"@id":"https:\/\/alfequipment.com\/#\/schema\/logo\/image\/"}}]}},"_links":{"self":[{"href":"https:\/\/alfequipment.com\/pt\/wp-json\/wp\/v2\/product\/3000","targetHints":{"allow":["GET"]}}],"collection":[{"href":"https:\/\/alfequipment.com\/pt\/wp-json\/wp\/v2\/product"}],"about":[{"href":"https:\/\/alfequipment.com\/pt\/wp-json\/wp\/v2\/types\/product"}],"replies":[{"embeddable":true,"href":"https:\/\/alfequipment.com\/pt\/wp-json\/wp\/v2\/comments?post=3000"}],"version-history":[{"count":0,"href":"https:\/\/alfequipment.com\/pt\/wp-json\/wp\/v2\/product\/3000\/revisions"}],"wp:featuredmedia":[{"embeddable":true,"href":"https:\/\/alfequipment.com\/pt\/wp-json\/wp\/v2\/media\/2834"}],"wp:attachment":[{"href":"https:\/\/alfequipment.com\/pt\/wp-json\/wp\/v2\/media?parent=3000"}],"wp:term":[{"taxonomy":"product_brand","embeddable":true,"href":"https:\/\/alfequipment.com\/pt\/wp-json\/wp\/v2\/product_brand?post=3000"},{"taxonomy":"product_cat","embeddable":true,"href":"https:\/\/alfequipment.com\/pt\/wp-json\/wp\/v2\/product_cat?post=3000"},{"taxonomy":"product_tag","embeddable":true,"href":"https:\/\/alfequipment.com\/pt\/wp-json\/wp\/v2\/product_tag?post=3000"}],"curies":[{"name":"wp","href":"https:\/\/api.w.org\/{rel}","templated":true}]}}