{"id":3001,"date":"2024-12-21T18:47:02","date_gmt":"2024-12-21T18:47:02","guid":{"rendered":"https:\/\/alfequipment.com\/product\/df-b-small-powder-filler-filling-machine-packager\/"},"modified":"2025-01-13T13:09:45","modified_gmt":"2025-01-13T13:09:45","slug":"df-b-pequena-maquina-de-enchimento-de-po-embaladora","status":"publish","type":"product","link":"https:\/\/alfequipment.com\/pt\/product\/df-b-pequena-maquina-de-enchimento-de-po-embaladora\/","title":{"rendered":"DF-B M\u00e1quina de enchimento de p\u00f3 pequeno para embalar"},"content":{"rendered":"<div data-magic-global=\"%7B%22bizId%22%3A17179933680%2C%22pageId%22%3A21056677195%2C%22siteId%22%3A5005331025%7D\" id=\"detail_decorate_root\">\n<div module-id=\"28692895182\" module-title=\"detailProductNavigation\" render=\"true\" class=\"J_module\">\n<div id=\"ali-anchor-AliMagic-bjkgq9\" data-section=\"AliMagic-bjkgq9\" data-section-title=\"Product Overview\" class=\"magic-0\"><span style=\"color: inherit; font-family: &quot;Open Sans&quot;, &quot;Helvetica Neue&quot;, Helvetica, Arial, sans-serif; font-size: 22px;\">Configura\u00e7\u00e3o opcional:<\/span><\/div>\n<\/div>\n<div module-id=\"28692895183\" module-title=\"detailTextWithTitle\" render=\"true\" class=\"J_module\">\n<div class=\"detail-decorate-json-renderer-container\">\n<div class=\"magic-1\">\n<div class=\"magic-4\">\n<div class=\"magic-5\">\n<div class=\"magic-6\">\n       <span><span>1. o dispositivo de remo\u00e7\u00e3o de poeiras;<br \/>2.Pneum\u00e1tico O dispositivo de v\u00e1lvula de suporte; <br \/>3. dispositivo centr\u00edfugo \u00e0 prova de fugas;<br \/>4. o peso retorna, disse o dispositivo;<br \/>5. interruptores de p\u00e9 e dispositivo de alimenta\u00e7\u00e3o fotoel\u00e9ctrica no r\u00e1dio.<\/p>\n<p>A m\u00e1quina \u00e9 uma s\u00e9rie de m\u00e1quinas de embalagem de enchimento semi-autom\u00e1ticas, funil transparente combinado. Abertura horizontal da caixa, plataforma de trabalho elevat\u00f3ria, sistema de controlo eletr\u00f3nico inteligente da vers\u00e3o, parafuso de acionamento do motor de passo, fabrico em a\u00e7o inoxid\u00e1vel 304, adapta-se ao ensacamento artificial, garrafas, latas, caixas, enchimento.<\/span><\/span>\n      <\/div>\n<\/p><\/div>\n<\/p><\/div>\n<\/p><\/div>\n<\/p><\/div>\n<\/p><\/div>\n<\/div>","protected":false},"excerpt":{"rendered":"<p>M\u00e1quina de enchimento de p\u00f3 de parafuso semi-autom\u00e1tica Df-b<\/p>","protected":false},"featured_media":2836,"comment_status":"closed","ping_status":"open","template":"","meta":[],"product_brand":[],"product_cat":[101],"product_tag":[],"class_list":{"0":"post-3001","1":"product","2":"type-product","3":"status-publish","4":"has-post-thumbnail","6":"product_cat-filling-machines","8":"first","9":"instock","10":"sale","11":"purchasable","12":"product-type-simple"},"yoast_head":"<!-- This site is optimized with the Yoast SEO Premium plugin v20.9 (Yoast SEO v26.5) - https:\/\/yoast.com\/wordpress\/plugins\/seo\/ -->\n<title>DF-B Small powder filler filling machine packager - ALF PACK<\/title>\n<meta name=\"robots\" content=\"index, follow, max-snippet:-1, max-image-preview:large, max-video-preview:-1\" \/>\n<link rel=\"canonical\" href=\"https:\/\/alfequipment.com\/pt\/product\/df-b-pequena-maquina-de-enchimento-de-po-embaladora\/\" \/>\n<meta property=\"og:locale\" content=\"pt_PT\" \/>\n<meta property=\"og:type\" content=\"article\" \/>\n<meta property=\"og:title\" content=\"DF-B Small powder filler filling machine packager\" \/>\n<meta property=\"og:description\" content=\"Df-b Semi-automatic Screw Powder Filling Machine\" \/>\n<meta property=\"og:url\" content=\"https:\/\/alfequipment.com\/pt\/product\/df-b-pequena-maquina-de-enchimento-de-po-embaladora\/\" \/>\n<meta property=\"og:site_name\" content=\"ALF PACK\" \/>\n<meta property=\"article:modified_time\" content=\"2025-01-13T13:09:45+00:00\" \/>\n<meta property=\"og:image\" content=\"https:\/\/alfequipment.com\/wp-content\/uploads\/2025\/01\/DF-B-Small-powder-filler-filling-machine.jpg\" \/>\n\t<meta property=\"og:image:width\" content=\"1000\" \/>\n\t<meta property=\"og:image:height\" content=\"1082\" \/>\n\t<meta property=\"og:image:type\" content=\"image\/webp\" \/>\n<meta name=\"twitter:card\" content=\"summary_large_image\" \/>\n<script type=\"application\/ld+json\" class=\"yoast-schema-graph\">{\"@context\":\"https:\/\/schema.org\",\"@graph\":[{\"@type\":\"WebPage\",\"@id\":\"https:\/\/alfequipment.com\/product\/df-b-small-powder-filler-filling-machine-packager\/\",\"url\":\"https:\/\/alfequipment.com\/product\/df-b-small-powder-filler-filling-machine-packager\/\",\"name\":\"DF-B Small powder filler filling machine packager - ALF PACK\",\"isPartOf\":{\"@id\":\"https:\/\/alfequipment.com\/#website\"},\"primaryImageOfPage\":{\"@id\":\"https:\/\/alfequipment.com\/product\/df-b-small-powder-filler-filling-machine-packager\/#primaryimage\"},\"image\":{\"@id\":\"https:\/\/alfequipment.com\/product\/df-b-small-powder-filler-filling-machine-packager\/#primaryimage\"},\"thumbnailUrl\":\"https:\/\/alfequipment.com\/wp-content\/uploads\/2025\/01\/DF-B-Small-powder-filler-filling-machine.jpg\",\"datePublished\":\"2024-12-21T18:47:02+00:00\",\"dateModified\":\"2025-01-13T13:09:45+00:00\",\"breadcrumb\":{\"@id\":\"https:\/\/alfequipment.com\/product\/df-b-small-powder-filler-filling-machine-packager\/#breadcrumb\"},\"inLanguage\":\"pt-PT\",\"potentialAction\":[{\"@type\":\"ReadAction\",\"target\":[\"https:\/\/alfequipment.com\/product\/df-b-small-powder-filler-filling-machine-packager\/\"]}]},{\"@type\":\"ImageObject\",\"inLanguage\":\"pt-PT\",\"@id\":\"https:\/\/alfequipment.com\/product\/df-b-small-powder-filler-filling-machine-packager\/#primaryimage\",\"url\":\"https:\/\/alfequipment.com\/wp-content\/uploads\/2025\/01\/DF-B-Small-powder-filler-filling-machine.jpg\",\"contentUrl\":\"https:\/\/alfequipment.com\/wp-content\/uploads\/2025\/01\/DF-B-Small-powder-filler-filling-machine.jpg\",\"width\":1000,\"height\":1082},{\"@type\":\"BreadcrumbList\",\"@id\":\"https:\/\/alfequipment.com\/product\/df-b-small-powder-filler-filling-machine-packager\/#breadcrumb\",\"itemListElement\":[{\"@type\":\"ListItem\",\"position\":1,\"name\":\"Home\",\"item\":\"https:\/\/alfequipment.com\/\"},{\"@type\":\"ListItem\",\"position\":2,\"name\":\"Shop\",\"item\":\"https:\/\/alfequipment.com\/shop\/\"},{\"@type\":\"ListItem\",\"position\":3,\"name\":\"DF-B Small powder filler filling machine packager\"}]},{\"@type\":\"WebSite\",\"@id\":\"https:\/\/alfequipment.com\/#website\",\"url\":\"https:\/\/alfequipment.com\/\",\"name\":\"ALF PACK\",\"description\":\"\",\"publisher\":{\"@id\":\"https:\/\/alfequipment.com\/#organization\"},\"potentialAction\":[{\"@type\":\"SearchAction\",\"target\":{\"@type\":\"EntryPoint\",\"urlTemplate\":\"https:\/\/alfequipment.com\/?s={search_term_string}\"},\"query-input\":{\"@type\":\"PropertyValueSpecification\",\"valueRequired\":true,\"valueName\":\"search_term_string\"}}],\"inLanguage\":\"pt-PT\"},{\"@type\":\"Organization\",\"@id\":\"https:\/\/alfequipment.com\/#organization\",\"name\":\"ALF PACK\",\"url\":\"https:\/\/alfequipment.com\/\",\"logo\":{\"@type\":\"ImageObject\",\"inLanguage\":\"pt-PT\",\"@id\":\"https:\/\/alfequipment.com\/#\/schema\/logo\/image\/\",\"url\":\"https:\/\/alfequipment.com\/wp-content\/uploads\/2024\/11\/ALFlogo-2.webp\",\"contentUrl\":\"https:\/\/alfequipment.com\/wp-content\/uploads\/2024\/11\/ALFlogo-2.webp\",\"width\":758,\"height\":750,\"caption\":\"ALF PACK\"},\"image\":{\"@id\":\"https:\/\/alfequipment.com\/#\/schema\/logo\/image\/\"}}]}<\/script>\n<!-- \/ Yoast SEO Premium plugin. -->","yoast_head_json":{"title":"DF-B M\u00e1quina de enchimento de p\u00f3 pequeno para embalar - ALF PACK","robots":{"index":"index","follow":"follow","max-snippet":"max-snippet:-1","max-image-preview":"max-image-preview:large","max-video-preview":"max-video-preview:-1"},"canonical":"https:\/\/alfequipment.com\/pt\/product\/df-b-pequena-maquina-de-enchimento-de-po-embaladora\/","og_locale":"pt_PT","og_type":"article","og_title":"DF-B Small powder filler filling machine packager","og_description":"Df-b Semi-automatic Screw Powder Filling Machine","og_url":"https:\/\/alfequipment.com\/pt\/product\/df-b-pequena-maquina-de-enchimento-de-po-embaladora\/","og_site_name":"ALF PACK","article_modified_time":"2025-01-13T13:09:45+00:00","og_image":[{"width":1000,"height":1082,"url":"https:\/\/alfequipment.com\/wp-content\/uploads\/2025\/01\/DF-B-Small-powder-filler-filling-machine.jpg","type":"image\/webp"}],"twitter_card":"summary_large_image","schema":{"@context":"https:\/\/schema.org","@graph":[{"@type":"WebPage","@id":"https:\/\/alfequipment.com\/product\/df-b-small-powder-filler-filling-machine-packager\/","url":"https:\/\/alfequipment.com\/product\/df-b-small-powder-filler-filling-machine-packager\/","name":"DF-B M\u00e1quina de enchimento de p\u00f3 pequeno para embalar - ALF PACK","isPartOf":{"@id":"https:\/\/alfequipment.com\/#website"},"primaryImageOfPage":{"@id":"https:\/\/alfequipment.com\/product\/df-b-small-powder-filler-filling-machine-packager\/#primaryimage"},"image":{"@id":"https:\/\/alfequipment.com\/product\/df-b-small-powder-filler-filling-machine-packager\/#primaryimage"},"thumbnailUrl":"https:\/\/alfequipment.com\/wp-content\/uploads\/2025\/01\/DF-B-Small-powder-filler-filling-machine.jpg","datePublished":"2024-12-21T18:47:02+00:00","dateModified":"2025-01-13T13:09:45+00:00","breadcrumb":{"@id":"https:\/\/alfequipment.com\/product\/df-b-small-powder-filler-filling-machine-packager\/#breadcrumb"},"inLanguage":"pt-PT","potentialAction":[{"@type":"ReadAction","target":["https:\/\/alfequipment.com\/product\/df-b-small-powder-filler-filling-machine-packager\/"]}]},{"@type":"ImageObject","inLanguage":"pt-PT","@id":"https:\/\/alfequipment.com\/product\/df-b-small-powder-filler-filling-machine-packager\/#primaryimage","url":"https:\/\/alfequipment.com\/wp-content\/uploads\/2025\/01\/DF-B-Small-powder-filler-filling-machine.jpg","contentUrl":"https:\/\/alfequipment.com\/wp-content\/uploads\/2025\/01\/DF-B-Small-powder-filler-filling-machine.jpg","width":1000,"height":1082},{"@type":"BreadcrumbList","@id":"https:\/\/alfequipment.com\/product\/df-b-small-powder-filler-filling-machine-packager\/#breadcrumb","itemListElement":[{"@type":"ListItem","position":1,"name":"Home","item":"https:\/\/alfequipment.com\/"},{"@type":"ListItem","position":2,"name":"Shop","item":"https:\/\/alfequipment.com\/shop\/"},{"@type":"ListItem","position":3,"name":"DF-B Small powder filler filling machine packager"}]},{"@type":"WebSite","@id":"https:\/\/alfequipment.com\/#website","url":"https:\/\/alfequipment.com\/","name":"PACK ALF","description":"","publisher":{"@id":"https:\/\/alfequipment.com\/#organization"},"potentialAction":[{"@type":"SearchAction","target":{"@type":"EntryPoint","urlTemplate":"https:\/\/alfequipment.com\/?s={search_term_string}"},"query-input":{"@type":"PropertyValueSpecification","valueRequired":true,"valueName":"search_term_string"}}],"inLanguage":"pt-PT"},{"@type":"Organization","@id":"https:\/\/alfequipment.com\/#organization","name":"PACK ALF","url":"https:\/\/alfequipment.com\/","logo":{"@type":"ImageObject","inLanguage":"pt-PT","@id":"https:\/\/alfequipment.com\/#\/schema\/logo\/image\/","url":"https:\/\/alfequipment.com\/wp-content\/uploads\/2024\/11\/ALFlogo-2.webp","contentUrl":"https:\/\/alfequipment.com\/wp-content\/uploads\/2024\/11\/ALFlogo-2.webp","width":758,"height":750,"caption":"ALF PACK"},"image":{"@id":"https:\/\/alfequipment.com\/#\/schema\/logo\/image\/"}}]}},"_links":{"self":[{"href":"https:\/\/alfequipment.com\/pt\/wp-json\/wp\/v2\/product\/3001","targetHints":{"allow":["GET"]}}],"collection":[{"href":"https:\/\/alfequipment.com\/pt\/wp-json\/wp\/v2\/product"}],"about":[{"href":"https:\/\/alfequipment.com\/pt\/wp-json\/wp\/v2\/types\/product"}],"replies":[{"embeddable":true,"href":"https:\/\/alfequipment.com\/pt\/wp-json\/wp\/v2\/comments?post=3001"}],"version-history":[{"count":0,"href":"https:\/\/alfequipment.com\/pt\/wp-json\/wp\/v2\/product\/3001\/revisions"}],"wp:featuredmedia":[{"embeddable":true,"href":"https:\/\/alfequipment.com\/pt\/wp-json\/wp\/v2\/media\/2836"}],"wp:attachment":[{"href":"https:\/\/alfequipment.com\/pt\/wp-json\/wp\/v2\/media?parent=3001"}],"wp:term":[{"taxonomy":"product_brand","embeddable":true,"href":"https:\/\/alfequipment.com\/pt\/wp-json\/wp\/v2\/product_brand?post=3001"},{"taxonomy":"product_cat","embeddable":true,"href":"https:\/\/alfequipment.com\/pt\/wp-json\/wp\/v2\/product_cat?post=3001"},{"taxonomy":"product_tag","embeddable":true,"href":"https:\/\/alfequipment.com\/pt\/wp-json\/wp\/v2\/product_tag?post=3001"}],"curies":[{"name":"wp","href":"https:\/\/api.w.org\/{rel}","templated":true}]}}