{"id":3023,"date":"2024-12-10T07:09:22","date_gmt":"2024-12-10T07:09:22","guid":{"rendered":"https:\/\/alfequipment.com\/product\/tdy-380b-desktop-electric-pad-printer\/"},"modified":"2025-01-13T13:09:59","modified_gmt":"2025-01-13T13:09:59","slug":"impressora-electrica-de-secretaria-tdy-380b","status":"publish","type":"product","link":"https:\/\/alfequipment.com\/pt\/product\/impressora-electrica-de-secretaria-tdy-380b\/","title":{"rendered":"TDY-380B Impressora de bloco de notas el\u00e9ctrica de secret\u00e1ria"},"content":{"rendered":"<p><span style=\"font-size: 12pt;\">As impressoras da s\u00e9rie TDY s\u00e3o utilizadas para imprimir a data de fabrico\/validade, o n\u00famero de lote ou o log\u00f3tipo em garrafas, pap\u00e9is, copos ou caixas com base em qualquer tipo de material, como pl\u00e1stico ou metal, com uma velocidade de impress\u00e3o r\u00e1pida, letra bonita e clara. A velocidade de impress\u00e3o \u00e9 ajust\u00e1vel. A data ou o sinal \u00e9 cinzelado por rea\u00e7\u00e3o qu\u00edmica na placa de impress\u00e3o em a\u00e7o.<\/span><\/p>\n<p><strong><span style=\"font-size: 12pt;\">TDY-380A <\/span><\/strong><span style=\"font-size: 12pt;\">A impressora de almofadas \u00e9 um modelo de raspador de facas.<\/span><\/p>\n<p><strong><span style=\"font-size: 12pt;\">TDY-380B<\/span><\/strong><span style=\"font-size: 12pt;\"> Impressora de bloco, a tinta \u00e9 mantida no copo de tinta, por isso tem a vantagem de manter a tinta limpa e economizar tinta e evitar que a tinta seque sobre o modelo de raspador de faca. Al\u00e9m disso, a placa de impress\u00e3o redonda tem um c\u00edrculo rotativo interno que aumenta as palavras impressas.<\/span><\/p>\n<p><strong><span style=\"font-size: 12pt;\">TDY-300C<\/span><\/strong><span style=\"font-size: 12pt;\"> Na impressora de almofada, a tinta \u00e9 mantida no copo de tinta, por isso tem a vantagem de manter a tinta limpa e poupar tinta e evitar que a tinta seque em rela\u00e7\u00e3o ao modelo de raspador de faca. Al\u00e9m disso, o c\u00edrculo de raspagem de a\u00e7o dura muito tempo. E a absor\u00e7\u00e3o magn\u00e9tica entre o copo e a placa de impress\u00e3o de a\u00e7o permite que a tinta seja selada no copo de tinta perfeitamente.<\/span><\/p>\n<p>&nbsp;<\/p>\n<p><span style=\"font-size: 18px;\"><strong>Especifica\u00e7\u00e3o:<\/strong><\/span><\/p>\n<table class=\"aliDataTable\" border=\"1\" cellspacing=\"0\" cellpadding=\"0\">\n<tbody>\n<tr style=\"height: 14.25pt;\" align=\"middle\">\n<td style=\"width: 117.75pt;\" align=\"left\">\n<p><span style=\"font-family: Arial;\">Modelo<\/span><\/p>\n<\/td>\n<td style=\"width: 108pt;\">\n<p><span style=\"font-family: Arial;\">TDY-380A<\/span><\/p>\n<\/td>\n<td style=\"width: 108pt;\">\n<p><span style=\"font-family: Arial; color: #ff0000;\">TDY-380B<\/span><\/p>\n<\/td>\n<td style=\"width: 108pt;\">\n<p><span style=\"font-family: Arial;\">TDY-300C<\/span><\/p>\n<\/td>\n<\/tr>\n<tr style=\"height: 14.25pt;\" align=\"middle\">\n<td align=\"left\">\n<p><span style=\"font-family: Arial;\">Modo de funcionamento<\/span><\/p>\n<\/td>\n<td colspan=\"3\">\n<p><span style=\"font-family: Arial; color: #ff0000;\">eletromotriz<\/span><\/p>\n<\/td>\n<\/tr>\n<tr style=\"height: 14.25pt;\" align=\"middle\">\n<td align=\"left\">\n<p><span style=\"font-family: Arial;\">Velocidade de trabalho<\/span><\/p>\n<\/td>\n<td colspan=\"3\">\n<p><span style=\"color: #ff0000;\">\u2264<span style=\"font-family: Arial;\">3600 vezes\/hora<\/span><\/span><\/p>\n<\/td>\n<\/tr>\n<tr style=\"height: 14.25pt;\" align=\"middle\">\n<td align=\"left\">\n<p><span style=\"font-family: Arial;\">\u00c1rea de impress\u00e3o<\/span><\/p>\n<\/td>\n<td colspan=\"3\">\n<p><span style=\"font-family: Arial; color: #ff0000;\">\u226415 x 50mm<sup>2<\/sup><\/span><\/p>\n<\/td>\n<\/tr>\n<tr style=\"height: 14.25pt;\" align=\"middle\">\n<td align=\"left\">\n<p><span style=\"font-family: Arial;\">Altura de impress\u00e3o<\/span><\/p>\n<\/td>\n<td colspan=\"3\">\n<p><span style=\"font-family: Arial; color: #ff0000;\">\u2264380mm<\/span><\/p>\n<\/td>\n<\/tr>\n<tr style=\"height: 14.25pt;\" align=\"middle\">\n<td align=\"left\">\n<p><span style=\"font-family: Verdana;\">peso<\/span><\/p>\n<\/td>\n<td colspan=\"3\">\n<p><span style=\"font-family: Arial; color: #ff0000;\">21 kg<\/span><\/p>\n<\/td>\n<\/tr>\n<tr style=\"height: 14.25pt;\" align=\"middle\">\n<td align=\"left\">\n<p><span style=\"font-family: Arial;\">Dimens\u00f5es (C x L x A)<\/span><\/p>\n<\/td>\n<td colspan=\"3\">\n<p><span style=\"font-family: Arial; color: #ff0000;\">435 x 405 x 560 mm<\/span><\/p>\n<\/td>\n<\/tr>\n<\/tbody>\n<\/table>\n<p>&nbsp;<\/p>\n<p><span style=\"font-family: Arial; color: black; font-size: 18px;\">Podemos personalizar m\u00e1quinas n\u00e3o padronizadas de acordo com os requisitos do cliente.<\/span><\/p>\n<p>&nbsp;<\/p>\n<p><span style=\"font-family: Arial; color: black; font-size: 18px;\"><img decoding=\"async\" src=\"https:\/\/sc01.alicdn.com\/kf\/HTB1wwOLFVXXXXagXVXXq6xXFXXXD\/64496\/HTB1wwOLFVXXXXagXVXXq6xXFXXXD.jpg\" data-alt=\"TDY-380B Desktop Electric Pad Printer\" style=\"width: 530px; height: 672px;\" ori-width=\"600\" ori-height=\"800\" class=\"aligncenter\"><img decoding=\"async\" src=\"https:\/\/sc01.alicdn.com\/kf\/HTB1rySPFVXXXXbwXFXXq6xXFXXXg\/64496\/HTB1rySPFVXXXXbwXFXXq6xXFXXXg.jpg\" data-alt=\"TDY-380B Desktop Electric Pad Printer\" style=\"width: 529px; height: 705px;\" ori-width=\"600\" ori-height=\"800\" class=\"aligncenter\"><img decoding=\"async\" src=\"https:\/\/sc02.alicdn.com\/kf\/HTB1xOyPFVXXXXXUXFXXq6xXFXXXz\/64496\/HTB1xOyPFVXXXXXUXFXXq6xXFXXXz.jpg\" data-alt=\"TDY-380B Desktop Electric Pad Printer\" style=\"width: 528px; height: 396px;\" ori-width=\"800\" ori-height=\"600\" class=\"aligncenter\"><img decoding=\"async\" src=\"https:\/\/sc02.alicdn.com\/kf\/HTB1MoqNFVXXXXXgXVXXq6xXFXXXW\/64496\/HTB1MoqNFVXXXXXgXVXXq6xXFXXXW.jpg\" data-alt=\"TDY-380B Desktop Electric Pad Printer\" style=\"width: 527px; height: 395px;\" ori-width=\"1306\" ori-height=\"980\" class=\"aligncenter\"><\/span><\/p>\n<p>&nbsp;<\/p>\n<p>&nbsp;<\/p>\n<p>&nbsp;<\/p><\/p>","protected":false},"excerpt":{"rendered":"<p>Impressora de bloco de notas el\u00e9ctrica de secret\u00e1ria<\/p>","protected":false},"featured_media":2880,"comment_status":"closed","ping_status":"open","template":"","meta":[],"product_brand":[],"product_cat":[111],"product_tag":[],"class_list":{"0":"post-3023","1":"product","2":"type-product","3":"status-publish","4":"has-post-thumbnail","6":"product_cat-pad-printers","8":"first","9":"instock","10":"sale","11":"purchasable","12":"product-type-simple"},"yoast_head":"<!-- This site is optimized with the Yoast SEO Premium plugin v20.9 (Yoast SEO v26.5) - https:\/\/yoast.com\/wordpress\/plugins\/seo\/ -->\n<title>TDY-380B Desktop Electric Pad Printer - ALF PACK<\/title>\n<meta name=\"robots\" content=\"index, follow, max-snippet:-1, max-image-preview:large, max-video-preview:-1\" \/>\n<link rel=\"canonical\" href=\"https:\/\/alfequipment.com\/pt\/product\/impressora-electrica-de-secretaria-tdy-380b\/\" \/>\n<meta property=\"og:locale\" content=\"pt_PT\" \/>\n<meta property=\"og:type\" content=\"article\" \/>\n<meta property=\"og:title\" content=\"TDY-380B Desktop Electric Pad Printer\" \/>\n<meta property=\"og:description\" content=\"Desktop Electric Pad Printer\" \/>\n<meta property=\"og:url\" content=\"https:\/\/alfequipment.com\/pt\/product\/impressora-electrica-de-secretaria-tdy-380b\/\" \/>\n<meta property=\"og:site_name\" content=\"ALF PACK\" \/>\n<meta property=\"article:modified_time\" content=\"2025-01-13T13:09:59+00:00\" \/>\n<meta property=\"og:image\" content=\"https:\/\/alfequipment.com\/wp-content\/uploads\/2025\/01\/TDY-380B-Desktop-Electric-Pad-Printer.jpg\" \/>\n\t<meta property=\"og:image:width\" content=\"800\" \/>\n\t<meta property=\"og:image:height\" content=\"800\" \/>\n\t<meta property=\"og:image:type\" content=\"image\/webp\" \/>\n<meta name=\"twitter:card\" content=\"summary_large_image\" \/>\n<meta name=\"twitter:label1\" content=\"Tempo estimado de leitura\" \/>\n\t<meta name=\"twitter:data1\" content=\"1 minuto\" \/>\n<script type=\"application\/ld+json\" class=\"yoast-schema-graph\">{\"@context\":\"https:\/\/schema.org\",\"@graph\":[{\"@type\":\"WebPage\",\"@id\":\"https:\/\/alfequipment.com\/product\/tdy-380b-desktop-electric-pad-printer\/\",\"url\":\"https:\/\/alfequipment.com\/product\/tdy-380b-desktop-electric-pad-printer\/\",\"name\":\"TDY-380B Desktop Electric Pad Printer - ALF PACK\",\"isPartOf\":{\"@id\":\"https:\/\/alfequipment.com\/#website\"},\"primaryImageOfPage\":{\"@id\":\"https:\/\/alfequipment.com\/product\/tdy-380b-desktop-electric-pad-printer\/#primaryimage\"},\"image\":{\"@id\":\"https:\/\/alfequipment.com\/product\/tdy-380b-desktop-electric-pad-printer\/#primaryimage\"},\"thumbnailUrl\":\"https:\/\/alfequipment.com\/wp-content\/uploads\/2025\/01\/TDY-380B-Desktop-Electric-Pad-Printer.jpg\",\"datePublished\":\"2024-12-10T07:09:22+00:00\",\"dateModified\":\"2025-01-13T13:09:59+00:00\",\"breadcrumb\":{\"@id\":\"https:\/\/alfequipment.com\/product\/tdy-380b-desktop-electric-pad-printer\/#breadcrumb\"},\"inLanguage\":\"pt-PT\",\"potentialAction\":[{\"@type\":\"ReadAction\",\"target\":[\"https:\/\/alfequipment.com\/product\/tdy-380b-desktop-electric-pad-printer\/\"]}]},{\"@type\":\"ImageObject\",\"inLanguage\":\"pt-PT\",\"@id\":\"https:\/\/alfequipment.com\/product\/tdy-380b-desktop-electric-pad-printer\/#primaryimage\",\"url\":\"https:\/\/alfequipment.com\/wp-content\/uploads\/2025\/01\/TDY-380B-Desktop-Electric-Pad-Printer.jpg\",\"contentUrl\":\"https:\/\/alfequipment.com\/wp-content\/uploads\/2025\/01\/TDY-380B-Desktop-Electric-Pad-Printer.jpg\",\"width\":800,\"height\":800},{\"@type\":\"BreadcrumbList\",\"@id\":\"https:\/\/alfequipment.com\/product\/tdy-380b-desktop-electric-pad-printer\/#breadcrumb\",\"itemListElement\":[{\"@type\":\"ListItem\",\"position\":1,\"name\":\"Home\",\"item\":\"https:\/\/alfequipment.com\/\"},{\"@type\":\"ListItem\",\"position\":2,\"name\":\"Shop\",\"item\":\"https:\/\/alfequipment.com\/shop\/\"},{\"@type\":\"ListItem\",\"position\":3,\"name\":\"TDY-380B Desktop Electric Pad Printer\"}]},{\"@type\":\"WebSite\",\"@id\":\"https:\/\/alfequipment.com\/#website\",\"url\":\"https:\/\/alfequipment.com\/\",\"name\":\"ALF PACK\",\"description\":\"\",\"publisher\":{\"@id\":\"https:\/\/alfequipment.com\/#organization\"},\"potentialAction\":[{\"@type\":\"SearchAction\",\"target\":{\"@type\":\"EntryPoint\",\"urlTemplate\":\"https:\/\/alfequipment.com\/?s={search_term_string}\"},\"query-input\":{\"@type\":\"PropertyValueSpecification\",\"valueRequired\":true,\"valueName\":\"search_term_string\"}}],\"inLanguage\":\"pt-PT\"},{\"@type\":\"Organization\",\"@id\":\"https:\/\/alfequipment.com\/#organization\",\"name\":\"ALF PACK\",\"url\":\"https:\/\/alfequipment.com\/\",\"logo\":{\"@type\":\"ImageObject\",\"inLanguage\":\"pt-PT\",\"@id\":\"https:\/\/alfequipment.com\/#\/schema\/logo\/image\/\",\"url\":\"https:\/\/alfequipment.com\/wp-content\/uploads\/2024\/11\/ALFlogo-2.webp\",\"contentUrl\":\"https:\/\/alfequipment.com\/wp-content\/uploads\/2024\/11\/ALFlogo-2.webp\",\"width\":758,\"height\":750,\"caption\":\"ALF PACK\"},\"image\":{\"@id\":\"https:\/\/alfequipment.com\/#\/schema\/logo\/image\/\"}}]}<\/script>\n<!-- \/ Yoast SEO Premium plugin. -->","yoast_head_json":{"title":"Impressora de bloco de notas el\u00e9ctrica de secret\u00e1ria TDY-380B - ALF PACK","robots":{"index":"index","follow":"follow","max-snippet":"max-snippet:-1","max-image-preview":"max-image-preview:large","max-video-preview":"max-video-preview:-1"},"canonical":"https:\/\/alfequipment.com\/pt\/product\/impressora-electrica-de-secretaria-tdy-380b\/","og_locale":"pt_PT","og_type":"article","og_title":"TDY-380B Desktop Electric Pad Printer","og_description":"Desktop Electric Pad Printer","og_url":"https:\/\/alfequipment.com\/pt\/product\/impressora-electrica-de-secretaria-tdy-380b\/","og_site_name":"ALF PACK","article_modified_time":"2025-01-13T13:09:59+00:00","og_image":[{"width":800,"height":800,"url":"https:\/\/alfequipment.com\/wp-content\/uploads\/2025\/01\/TDY-380B-Desktop-Electric-Pad-Printer.jpg","type":"image\/webp"}],"twitter_card":"summary_large_image","twitter_misc":{"Tempo estimado de leitura":"1 minuto"},"schema":{"@context":"https:\/\/schema.org","@graph":[{"@type":"WebPage","@id":"https:\/\/alfequipment.com\/product\/tdy-380b-desktop-electric-pad-printer\/","url":"https:\/\/alfequipment.com\/product\/tdy-380b-desktop-electric-pad-printer\/","name":"Impressora de bloco de notas el\u00e9ctrica de secret\u00e1ria TDY-380B - ALF PACK","isPartOf":{"@id":"https:\/\/alfequipment.com\/#website"},"primaryImageOfPage":{"@id":"https:\/\/alfequipment.com\/product\/tdy-380b-desktop-electric-pad-printer\/#primaryimage"},"image":{"@id":"https:\/\/alfequipment.com\/product\/tdy-380b-desktop-electric-pad-printer\/#primaryimage"},"thumbnailUrl":"https:\/\/alfequipment.com\/wp-content\/uploads\/2025\/01\/TDY-380B-Desktop-Electric-Pad-Printer.jpg","datePublished":"2024-12-10T07:09:22+00:00","dateModified":"2025-01-13T13:09:59+00:00","breadcrumb":{"@id":"https:\/\/alfequipment.com\/product\/tdy-380b-desktop-electric-pad-printer\/#breadcrumb"},"inLanguage":"pt-PT","potentialAction":[{"@type":"ReadAction","target":["https:\/\/alfequipment.com\/product\/tdy-380b-desktop-electric-pad-printer\/"]}]},{"@type":"ImageObject","inLanguage":"pt-PT","@id":"https:\/\/alfequipment.com\/product\/tdy-380b-desktop-electric-pad-printer\/#primaryimage","url":"https:\/\/alfequipment.com\/wp-content\/uploads\/2025\/01\/TDY-380B-Desktop-Electric-Pad-Printer.jpg","contentUrl":"https:\/\/alfequipment.com\/wp-content\/uploads\/2025\/01\/TDY-380B-Desktop-Electric-Pad-Printer.jpg","width":800,"height":800},{"@type":"BreadcrumbList","@id":"https:\/\/alfequipment.com\/product\/tdy-380b-desktop-electric-pad-printer\/#breadcrumb","itemListElement":[{"@type":"ListItem","position":1,"name":"Home","item":"https:\/\/alfequipment.com\/"},{"@type":"ListItem","position":2,"name":"Shop","item":"https:\/\/alfequipment.com\/shop\/"},{"@type":"ListItem","position":3,"name":"TDY-380B Desktop Electric Pad Printer"}]},{"@type":"WebSite","@id":"https:\/\/alfequipment.com\/#website","url":"https:\/\/alfequipment.com\/","name":"PACK ALF","description":"","publisher":{"@id":"https:\/\/alfequipment.com\/#organization"},"potentialAction":[{"@type":"SearchAction","target":{"@type":"EntryPoint","urlTemplate":"https:\/\/alfequipment.com\/?s={search_term_string}"},"query-input":{"@type":"PropertyValueSpecification","valueRequired":true,"valueName":"search_term_string"}}],"inLanguage":"pt-PT"},{"@type":"Organization","@id":"https:\/\/alfequipment.com\/#organization","name":"PACK ALF","url":"https:\/\/alfequipment.com\/","logo":{"@type":"ImageObject","inLanguage":"pt-PT","@id":"https:\/\/alfequipment.com\/#\/schema\/logo\/image\/","url":"https:\/\/alfequipment.com\/wp-content\/uploads\/2024\/11\/ALFlogo-2.webp","contentUrl":"https:\/\/alfequipment.com\/wp-content\/uploads\/2024\/11\/ALFlogo-2.webp","width":758,"height":750,"caption":"ALF PACK"},"image":{"@id":"https:\/\/alfequipment.com\/#\/schema\/logo\/image\/"}}]}},"_links":{"self":[{"href":"https:\/\/alfequipment.com\/pt\/wp-json\/wp\/v2\/product\/3023","targetHints":{"allow":["GET"]}}],"collection":[{"href":"https:\/\/alfequipment.com\/pt\/wp-json\/wp\/v2\/product"}],"about":[{"href":"https:\/\/alfequipment.com\/pt\/wp-json\/wp\/v2\/types\/product"}],"replies":[{"embeddable":true,"href":"https:\/\/alfequipment.com\/pt\/wp-json\/wp\/v2\/comments?post=3023"}],"version-history":[{"count":0,"href":"https:\/\/alfequipment.com\/pt\/wp-json\/wp\/v2\/product\/3023\/revisions"}],"wp:featuredmedia":[{"embeddable":true,"href":"https:\/\/alfequipment.com\/pt\/wp-json\/wp\/v2\/media\/2880"}],"wp:attachment":[{"href":"https:\/\/alfequipment.com\/pt\/wp-json\/wp\/v2\/media?parent=3023"}],"wp:term":[{"taxonomy":"product_brand","embeddable":true,"href":"https:\/\/alfequipment.com\/pt\/wp-json\/wp\/v2\/product_brand?post=3023"},{"taxonomy":"product_cat","embeddable":true,"href":"https:\/\/alfequipment.com\/pt\/wp-json\/wp\/v2\/product_cat?post=3023"},{"taxonomy":"product_tag","embeddable":true,"href":"https:\/\/alfequipment.com\/pt\/wp-json\/wp\/v2\/product_tag?post=3023"}],"curies":[{"name":"wp","href":"https:\/\/api.w.org\/{rel}","templated":true}]}}