{"id":3024,"date":"2024-12-28T09:08:50","date_gmt":"2024-12-28T09:08:50","guid":{"rendered":"https:\/\/alfequipment.com\/product\/qsj-5040a-automatic-sleeve-wrapper-bottle-packing-machine-bse-5040a-heat-shrink-tunnel\/"},"modified":"2025-01-13T13:09:59","modified_gmt":"2025-01-13T13:09:59","slug":"qsj-5040a-maquina-automatica-de-embalagem-de-garrafas-com-manga-bse-5040a-tunel-de-retracao-termica","status":"publish","type":"product","link":"https:\/\/alfequipment.com\/pt\/product\/qsj-5040a-maquina-automatica-de-embalagem-de-garrafas-com-manga-bse-5040a-tunel-de-retracao-termica\/","title":{"rendered":"QSJ-5040A M\u00e1quina autom\u00e1tica de embalagem de garrafas com manga + T\u00fanel de retra\u00e7\u00e3o t\u00e9rmica BSE-5040A"},"content":{"rendered":"<div>\n<div style=\"vertical-align: top;padding-top: 15px; padding-bottom: 15px;\">\n<div style=\"vertical-align: top;padding-top: 10px; padding-bottom: 10px; margin-right: -4px; margin-left: -4px;\">\n<div style=\"vertical-align: top; box-sizing: border-box; padding-right: 4px; padding-left: 4px;margin-top: -4px; margin-bottom: -4px;\">\n<div id=\"tvbx9\" style=\"vertical-align: top; box-sizing: border-box; padding-top: 4px; padding-bottom: 4px\">A m\u00e1quina adopta o ecr\u00e3 t\u00e1til avan\u00e7ado que facilita a opera\u00e7\u00e3o, o controlador l\u00f3gico program\u00e1vel (PLC) 'Omron' e o contactor AC, o cilindro 'AirTAC', e todas as restantes pe\u00e7as adoptam marcas famosas internacionais.<\/div>\n<div id=\"sr8bm\" style=\"vertical-align: top; box-sizing: border-box; padding-top: 4px; padding-bottom: 4px\">\n<p style=\"margin:0;padding:0;\">O interrutor eletromagn\u00e9tico superior e inferior evita erros de selagem e protege o operador. O sistema de seguran\u00e7a de alarme autom\u00e1tico protege a m\u00e1quina e o operador.<br \/>O motor do transportador de grande pot\u00eancia, com regula\u00e7\u00e3o de velocidade cont\u00ednua, garante uma alimenta\u00e7\u00e3o suave.<br \/>Duas ventoinhas de grande pot\u00eancia tornam a temperatura do t\u00fanel de encolhimento uniforme e est\u00e1vel, o que garante o excelente efeito de encolhimento de uma s\u00f3 vez.<br \/>O super sistema de arrefecimento arrefece a embalagem e torna a figura\u00e7\u00e3o perfeita.<\/p>\n<\/p><\/div>\n<\/p><\/div>\n<\/p><\/div>\n<div style=\"vertical-align: top;padding-top: 10px; padding-bottom: 10px; margin-right: -4px; margin-left: -4px;\">\n<div id=\"z0w0h\" style=\"vertical-align: top; box-sizing: border-box; padding-right: 4px; padding-left: 4px\">\n<table style=\"width: auto; border-collapse: collapse; word-wrap: break-word;\" class=\"aliDataTable\">\n<tbody>\n<tr>\n<td style=\"background-color: rgb(218, 226, 237);\">\n<div style=\"width: 146px; height: 22px; padding: 5px 10px; overflow: hidden;\">\n          Modelo\n         <\/div>\n<\/td>\n<td style=\"background-color: rgb(218, 226, 237);\">\n<div style=\"width: 189px; height: 22px; padding: 5px 10px; overflow: hidden;\">\n          QSJ-5040A\n         <\/div>\n<\/td>\n<td style=\"background-color: rgb(218, 226, 237);\">\n<div style=\"width: 149px; height: 22px; padding: 5px 10px; overflow: hidden;\">\n          Modelo\n         <\/div>\n<\/td>\n<td style=\"background-color: rgb(218, 226, 237);\">\n<div style=\"width: 173px; height: 22px; padding: 5px 10px; overflow: hidden;\">\n          BSE5040A\n         <\/div>\n<\/td>\n<\/tr>\n<tr>\n<td>\n<div style=\"width: 146px; height: 22px; padding: 5px 10px; overflow: hidden;\">\n          Pot\u00eancia\n         <\/div>\n<\/td>\n<td>\n<div style=\"width: 189px; height: 22px; padding: 5px 10px; overflow: hidden;\">\n          3kw\n         <\/div>\n<\/td>\n<td>\n<div style=\"width: 149px; height: 22px; padding: 5px 10px; overflow: hidden;\">\n          Alimenta\u00e7\u00e3o el\u00e9ctrica\n         <\/div>\n<\/td>\n<td>\n<div style=\"width: 173px; height: 22px; padding: 5px 10px; overflow: hidden;\">\n          Trif\u00e1sico 220V\/380V 50-60HZ\n         <\/div>\n<\/td>\n<\/tr>\n<tr>\n<td>\n<div style=\"width: 146px; height: 22px; padding: 5px 10px; overflow: hidden;\">\n          Fonte de alimenta\u00e7\u00e3o\n         <\/div>\n<\/td>\n<td>\n<div style=\"width: 189px; height: 22px; padding: 5px 10px; overflow: hidden;\">\n          220\/380V 50\/60Hz, 3PH\n         <\/div>\n<\/td>\n<td>\n<div style=\"width: 149px; height: 22px; padding: 5px 10px; overflow: hidden;\"><\/div>\n<\/td>\n<td>\n<div style=\"width: 173px; height: 22px; padding: 5px 10px; overflow: hidden;\">\n          Ajustador de 20KW\n         <\/div>\n<\/td>\n<\/tr>\n<tr>\n<td>\n<div style=\"width: 146px; height: 22px; padding: 5px 10px; overflow: hidden;\">\n          Capacidade\n         <\/div>\n<\/td>\n<td>\n<div style=\"width: 189px; height: 22px; padding: 5px 10px; overflow: hidden;\">\n          0~8pcs\/min\n         <\/div>\n<\/td>\n<td>\n<div style=\"width: 149px; height: 22px; padding: 5px 10px; overflow: hidden;\">\n          Velocidade do transportador\n         <\/div>\n<\/td>\n<td>\n<div style=\"width: 173px; height: 22px; padding: 5px 10px; overflow: hidden;\">\n          0-10m\/minuto\n         <\/div>\n<\/td>\n<\/tr>\n<tr>\n<td>\n<div style=\"width: 146px; height: 22px; padding: 5px 10px; overflow: hidden;\">\n          Largura da pel\u00edcula\n         <\/div>\n<\/td>\n<td>\n<div style=\"width: 189px; height: 22px; padding: 5px 10px; overflow: hidden;\">\n          m\u00e1x. 590 mm\n         <\/div>\n<\/td>\n<td>\n<div style=\"width: 149px; height: 22px; padding: 5px 10px; overflow: hidden;\">\n          Tamanho do t\u00fanel (C*L*A)\n         <\/div>\n<\/td>\n<td>\n<div style=\"width: 173px; height: 22px; padding: 5px 10px; overflow: hidden;\">\n          1500*500*400MM\n         <\/div>\n<\/td>\n<\/tr>\n<tr>\n<td>\n<div style=\"width: 146px; height: 22px; padding: 5px 10px; overflow: hidden;\">\n          Espessura da pel\u00edcula\n         <\/div>\n<\/td>\n<td>\n<div style=\"width: 189px; height: 22px; padding: 5px 10px; overflow: hidden;\">\n          0,03-0,25 mm\n         <\/div>\n<\/td>\n<td>\n<div style=\"width: 149px; height: 22px; padding: 5px 10px; overflow: hidden;\">\n          Tamanho da embalagem\n         <\/div>\n<\/td>\n<td>\n<div style=\"width: 173px; height: 22px; padding: 5px 10px; overflow: hidden;\">\n          W\u2264300mm, H&lt;350mm\n         <\/div>\n<\/td>\n<\/tr>\n<tr>\n<td>\n<div style=\"width: 146px; height: 22px; padding: 5px 10px; overflow: hidden;\">\n          Alimenta\u00e7\u00e3o da fonte de ar\n         <\/div>\n<\/td>\n<td>\n<div style=\"width: 189px; height: 22px; padding: 5px 10px; overflow: hidden;\">\n          250L\/min 0,4-0,6 Mpa\n         <\/div>\n<\/td>\n<td>\n<div style=\"width: 149px; height: 22px; padding: 5px 10px; overflow: hidden;\">\n          Carregamento do transportador\n         <\/div>\n<\/td>\n<td>\n<div style=\"width: 173px; height: 22px; padding: 5px 10px; overflow: hidden;\">\n          50KGS MAX.\n         <\/div>\n<\/td>\n<\/tr>\n<tr>\n<td>\n<div style=\"width: 146px; height: 22px; padding: 5px 10px; overflow: hidden;\">\n          Fonte de alimenta\u00e7\u00e3o\n         <\/div>\n<\/td>\n<td>\n<div style=\"width: 189px; height: 22px; padding: 5px 10px; overflow: hidden;\">\n          220\/380V 50\/60Hz, 3PH\n         <\/div>\n<\/td>\n<td>\n<div style=\"width: 149px; height: 22px; padding: 5px 10px; overflow: hidden;\">\n          Tamanho da m\u00e1quina\n         <\/div>\n<\/td>\n<td>\n<div style=\"width: 173px; height: 22px; padding: 5px 10px; overflow: hidden;\">\n          2500*820*1680MM\n         <\/div>\n<\/td>\n<\/tr>\n<tr>\n<td>\n<div style=\"width: 146px; height: 25px; padding: 5px 10px; overflow: hidden;\">\n          Tamanho m\u00e1x. da embalagem\n         <\/div>\n<\/td>\n<td>\n<div style=\"width: 189px; height: 25px; padding: 5px 10px; overflow: hidden;\">\n          420(L)\u00d7270(W)\u00d7350(H)mm\n         <\/div>\n<\/td>\n<td>\n<div style=\"width: 149px; height: 25px; padding: 5px 10px; overflow: hidden;\">\n          Peso da m\u00e1quina\n         <\/div>\n<\/td>\n<td>\n<div style=\"width: 173px; height: 25px; padding: 5px 10px; overflow: hidden;\">\n          470KG\n         <\/div>\n<\/td>\n<\/tr>\n<tr>\n<td>\n<div style=\"width: 146px; height: 22px; padding: 5px 10px; overflow: hidden;\">\n          Tamanho m\u00ednimo da embalagem\n         <\/div>\n<\/td>\n<td>\n<div style=\"width: 189px; height: 22px; padding: 5px 10px; overflow: hidden;\">\n          250(L)\u00d750(W)\u00d7100(H)mm\n         <\/div>\n<\/td>\n<td>\n<div style=\"width: 149px; height: 22px; padding: 5px 10px; overflow: hidden;\">\n          Tamanho da embalagem\n         <\/div>\n<\/td>\n<td>\n<div style=\"width: 173px; height: 22px; padding: 5px 10px; overflow: hidden;\">\n          2600*960*1800mm\n         <\/div>\n<\/td>\n<\/tr>\n<tr>\n<td>\n<div style=\"width: 146px; height: 44px; padding: 5px 10px; overflow: hidden;\">\n          Tamanho do condutor do transportador\n         <\/div>\n<\/td>\n<td>\n<div style=\"width: 189px; height: 44px; padding: 5px 10px; overflow: hidden;\">\n          900(L)\u00d7410(W)\u00d7400(H)mm<\/p>\n<div>\n           1700(L)\u00d7306(W)\u00d7800(H)mm\n          <\/div>\n<\/p><\/div>\n<\/td>\n<td>\n<div style=\"width: 149px; height: 44px; padding: 5px 10px; overflow: hidden;\"><\/div>\n<\/td>\n<td>\n<div style=\"width: 173px; height: 44px; padding: 5px 10px; overflow: hidden;\"><\/div>\n<\/td>\n<\/tr>\n<tr>\n<td>\n<div style=\"width: 146px; height: 22px; padding: 5px 10px; overflow: hidden;\">\n          Peso da m\u00e1quina\n         <\/div>\n<\/td>\n<td>\n<div style=\"width: 189px; height: 22px; padding: 5px 10px; overflow: hidden;\">\n          370KGS\n         <\/div>\n<\/td>\n<td>\n<div style=\"width: 149px; height: 22px; padding: 5px 10px; overflow: hidden;\"><\/div>\n<\/td>\n<td>\n<div style=\"width: 173px; height: 22px; padding: 5px 10px; overflow: hidden;\"><\/div>\n<\/td>\n<\/tr>\n<\/tbody>\n<\/table><\/div>\n<\/p><\/div>\n<div style=\"vertical-align: top;padding-top: 10px; padding-bottom: 10px; margin-right: -4px; margin-left: -4px;\">\n<div id=\"lvucq\" style=\"vertical-align: top; box-sizing: border-box; padding-right: 4px; padding-left: 4px\">\n<div style=\"overflow: hidden; width: 750px; height: 750px;\">\n      <img decoding=\"async\" src=\"https:\/\/sc01.alicdn.com\/kf\/HTB1p4KUaIfrK1RkSmLyq6xGApXar\/64496\/HTB1p4KUaIfrK1RkSmLyq6xGApXar.jpg\" style=\"width: 750px; height: 750px; margin-left: 0px; margin-top: 0px;\" class=\"aligncenter\">\n     <\/div>\n<\/p><\/div>\n<\/p><\/div>\n<div style=\"vertical-align: top;padding-top: 10px; padding-bottom: 10px; margin-right: -4px; margin-left: -4px;\">\n<div id=\"886d6\" style=\"vertical-align: top; box-sizing: border-box; padding-right: 4px; padding-left: 4px\">\n<div style=\"overflow: hidden; width: 750px; height: 632.129px;\">\n      <img decoding=\"async\" src=\"https:\/\/sc02.alicdn.com\/kf\/HTB1mM9VaPzuK1Rjy0Fpq6yEpFXar\/64496\/HTB1mM9VaPzuK1Rjy0Fpq6yEpFXar.jpg\" style=\"width: 750px; height: 632.129px; margin-left: 0px; margin-top: 0px;\" class=\"aligncenter\"><\/div>\n<\/div>\n<\/div>\n<\/div>\n<div style=\"vertical-align: top;padding-top: 15px; padding-bottom: 15px;\">\n  <\/div>\n<\/p><\/div>","protected":false},"excerpt":{"rendered":"<p>M\u00e1quina autom\u00e1tica de embalagem de garrafas com manga e t\u00fanel de retra\u00e7\u00e3o t\u00e9rmica<\/p>","protected":false},"featured_media":2882,"comment_status":"closed","ping_status":"open","template":"","meta":[],"product_brand":[],"product_cat":[97],"product_tag":[],"class_list":{"0":"post-3024","1":"product","2":"type-product","3":"status-publish","4":"has-post-thumbnail","6":"product_cat-sealing-machines","8":"first","9":"instock","10":"sale","11":"purchasable","12":"product-type-simple"},"yoast_head":"<!-- This site is optimized with the Yoast SEO Premium plugin v20.9 (Yoast SEO v26.5) - https:\/\/yoast.com\/wordpress\/plugins\/seo\/ -->\n<title>QSJ-5040A Automatic Sleeve Wrapper bottle packing machine + BSE-5040A Heat Shrink Tunnel - ALF PACK<\/title>\n<meta name=\"robots\" content=\"index, follow, max-snippet:-1, max-image-preview:large, max-video-preview:-1\" \/>\n<link rel=\"canonical\" href=\"https:\/\/alfequipment.com\/pt\/product\/qsj-5040a-maquina-automatica-de-embalagem-de-garrafas-com-manga-bse-5040a-tunel-de-retracao-termica\/\" \/>\n<meta property=\"og:locale\" content=\"pt_PT\" \/>\n<meta property=\"og:type\" content=\"article\" \/>\n<meta property=\"og:title\" content=\"QSJ-5040A Automatic Sleeve Wrapper bottle packing machine + BSE-5040A Heat Shrink Tunnel\" \/>\n<meta property=\"og:description\" content=\"Automatic Sleeve Wrapper Bottle Packing Machine And Heat Shrink Tunnel\" \/>\n<meta property=\"og:url\" content=\"https:\/\/alfequipment.com\/pt\/product\/qsj-5040a-maquina-automatica-de-embalagem-de-garrafas-com-manga-bse-5040a-tunel-de-retracao-termica\/\" \/>\n<meta property=\"og:site_name\" content=\"ALF PACK\" \/>\n<meta property=\"article:modified_time\" content=\"2025-01-13T13:09:59+00:00\" \/>\n<meta property=\"og:image\" content=\"https:\/\/alfequipment.com\/wp-content\/uploads\/2025\/01\/H908de4f10ad14672965206c6c546143fF.jpg\" \/>\n\t<meta property=\"og:image:width\" content=\"800\" \/>\n\t<meta property=\"og:image:height\" content=\"800\" \/>\n\t<meta property=\"og:image:type\" content=\"image\/webp\" \/>\n<meta name=\"twitter:card\" content=\"summary_large_image\" \/>\n<meta name=\"twitter:label1\" content=\"Tempo estimado de leitura\" \/>\n\t<meta name=\"twitter:data1\" content=\"1 minuto\" \/>\n<script type=\"application\/ld+json\" class=\"yoast-schema-graph\">{\"@context\":\"https:\/\/schema.org\",\"@graph\":[{\"@type\":\"WebPage\",\"@id\":\"https:\/\/alfequipment.com\/product\/qsj-5040a-automatic-sleeve-wrapper-bottle-packing-machine-bse-5040a-heat-shrink-tunnel\/\",\"url\":\"https:\/\/alfequipment.com\/product\/qsj-5040a-automatic-sleeve-wrapper-bottle-packing-machine-bse-5040a-heat-shrink-tunnel\/\",\"name\":\"QSJ-5040A Automatic Sleeve Wrapper bottle packing machine + BSE-5040A Heat Shrink Tunnel - ALF PACK\",\"isPartOf\":{\"@id\":\"https:\/\/alfequipment.com\/#website\"},\"primaryImageOfPage\":{\"@id\":\"https:\/\/alfequipment.com\/product\/qsj-5040a-automatic-sleeve-wrapper-bottle-packing-machine-bse-5040a-heat-shrink-tunnel\/#primaryimage\"},\"image\":{\"@id\":\"https:\/\/alfequipment.com\/product\/qsj-5040a-automatic-sleeve-wrapper-bottle-packing-machine-bse-5040a-heat-shrink-tunnel\/#primaryimage\"},\"thumbnailUrl\":\"https:\/\/alfequipment.com\/wp-content\/uploads\/2025\/01\/H908de4f10ad14672965206c6c546143fF.jpg\",\"datePublished\":\"2024-12-28T09:08:50+00:00\",\"dateModified\":\"2025-01-13T13:09:59+00:00\",\"breadcrumb\":{\"@id\":\"https:\/\/alfequipment.com\/product\/qsj-5040a-automatic-sleeve-wrapper-bottle-packing-machine-bse-5040a-heat-shrink-tunnel\/#breadcrumb\"},\"inLanguage\":\"pt-PT\",\"potentialAction\":[{\"@type\":\"ReadAction\",\"target\":[\"https:\/\/alfequipment.com\/product\/qsj-5040a-automatic-sleeve-wrapper-bottle-packing-machine-bse-5040a-heat-shrink-tunnel\/\"]}]},{\"@type\":\"ImageObject\",\"inLanguage\":\"pt-PT\",\"@id\":\"https:\/\/alfequipment.com\/product\/qsj-5040a-automatic-sleeve-wrapper-bottle-packing-machine-bse-5040a-heat-shrink-tunnel\/#primaryimage\",\"url\":\"https:\/\/alfequipment.com\/wp-content\/uploads\/2025\/01\/H908de4f10ad14672965206c6c546143fF.jpg\",\"contentUrl\":\"https:\/\/alfequipment.com\/wp-content\/uploads\/2025\/01\/H908de4f10ad14672965206c6c546143fF.jpg\",\"width\":800,\"height\":800},{\"@type\":\"BreadcrumbList\",\"@id\":\"https:\/\/alfequipment.com\/product\/qsj-5040a-automatic-sleeve-wrapper-bottle-packing-machine-bse-5040a-heat-shrink-tunnel\/#breadcrumb\",\"itemListElement\":[{\"@type\":\"ListItem\",\"position\":1,\"name\":\"Home\",\"item\":\"https:\/\/alfequipment.com\/\"},{\"@type\":\"ListItem\",\"position\":2,\"name\":\"Shop\",\"item\":\"https:\/\/alfequipment.com\/shop\/\"},{\"@type\":\"ListItem\",\"position\":3,\"name\":\"QSJ-5040A Automatic Sleeve Wrapper bottle packing machine + BSE-5040A Heat Shrink Tunnel\"}]},{\"@type\":\"WebSite\",\"@id\":\"https:\/\/alfequipment.com\/#website\",\"url\":\"https:\/\/alfequipment.com\/\",\"name\":\"ALF PACK\",\"description\":\"\",\"publisher\":{\"@id\":\"https:\/\/alfequipment.com\/#organization\"},\"potentialAction\":[{\"@type\":\"SearchAction\",\"target\":{\"@type\":\"EntryPoint\",\"urlTemplate\":\"https:\/\/alfequipment.com\/?s={search_term_string}\"},\"query-input\":{\"@type\":\"PropertyValueSpecification\",\"valueRequired\":true,\"valueName\":\"search_term_string\"}}],\"inLanguage\":\"pt-PT\"},{\"@type\":\"Organization\",\"@id\":\"https:\/\/alfequipment.com\/#organization\",\"name\":\"ALF PACK\",\"url\":\"https:\/\/alfequipment.com\/\",\"logo\":{\"@type\":\"ImageObject\",\"inLanguage\":\"pt-PT\",\"@id\":\"https:\/\/alfequipment.com\/#\/schema\/logo\/image\/\",\"url\":\"https:\/\/alfequipment.com\/wp-content\/uploads\/2024\/11\/ALFlogo-2.webp\",\"contentUrl\":\"https:\/\/alfequipment.com\/wp-content\/uploads\/2024\/11\/ALFlogo-2.webp\",\"width\":758,\"height\":750,\"caption\":\"ALF PACK\"},\"image\":{\"@id\":\"https:\/\/alfequipment.com\/#\/schema\/logo\/image\/\"}}]}<\/script>\n<!-- \/ Yoast SEO Premium plugin. -->","yoast_head_json":{"title":"QSJ-5040A M\u00e1quina autom\u00e1tica de embalagem de garrafas com manga + T\u00fanel termorretr\u00e1ctil BSE-5040A - ALF PACK","robots":{"index":"index","follow":"follow","max-snippet":"max-snippet:-1","max-image-preview":"max-image-preview:large","max-video-preview":"max-video-preview:-1"},"canonical":"https:\/\/alfequipment.com\/pt\/product\/qsj-5040a-maquina-automatica-de-embalagem-de-garrafas-com-manga-bse-5040a-tunel-de-retracao-termica\/","og_locale":"pt_PT","og_type":"article","og_title":"QSJ-5040A Automatic Sleeve Wrapper bottle packing machine + BSE-5040A Heat Shrink Tunnel","og_description":"Automatic Sleeve Wrapper Bottle Packing Machine And Heat Shrink Tunnel","og_url":"https:\/\/alfequipment.com\/pt\/product\/qsj-5040a-maquina-automatica-de-embalagem-de-garrafas-com-manga-bse-5040a-tunel-de-retracao-termica\/","og_site_name":"ALF PACK","article_modified_time":"2025-01-13T13:09:59+00:00","og_image":[{"width":800,"height":800,"url":"https:\/\/alfequipment.com\/wp-content\/uploads\/2025\/01\/H908de4f10ad14672965206c6c546143fF.jpg","type":"image\/webp"}],"twitter_card":"summary_large_image","twitter_misc":{"Tempo estimado de leitura":"1 minuto"},"schema":{"@context":"https:\/\/schema.org","@graph":[{"@type":"WebPage","@id":"https:\/\/alfequipment.com\/product\/qsj-5040a-automatic-sleeve-wrapper-bottle-packing-machine-bse-5040a-heat-shrink-tunnel\/","url":"https:\/\/alfequipment.com\/product\/qsj-5040a-automatic-sleeve-wrapper-bottle-packing-machine-bse-5040a-heat-shrink-tunnel\/","name":"QSJ-5040A M\u00e1quina autom\u00e1tica de embalagem de garrafas com manga + T\u00fanel termorretr\u00e1ctil BSE-5040A - ALF PACK","isPartOf":{"@id":"https:\/\/alfequipment.com\/#website"},"primaryImageOfPage":{"@id":"https:\/\/alfequipment.com\/product\/qsj-5040a-automatic-sleeve-wrapper-bottle-packing-machine-bse-5040a-heat-shrink-tunnel\/#primaryimage"},"image":{"@id":"https:\/\/alfequipment.com\/product\/qsj-5040a-automatic-sleeve-wrapper-bottle-packing-machine-bse-5040a-heat-shrink-tunnel\/#primaryimage"},"thumbnailUrl":"https:\/\/alfequipment.com\/wp-content\/uploads\/2025\/01\/H908de4f10ad14672965206c6c546143fF.jpg","datePublished":"2024-12-28T09:08:50+00:00","dateModified":"2025-01-13T13:09:59+00:00","breadcrumb":{"@id":"https:\/\/alfequipment.com\/product\/qsj-5040a-automatic-sleeve-wrapper-bottle-packing-machine-bse-5040a-heat-shrink-tunnel\/#breadcrumb"},"inLanguage":"pt-PT","potentialAction":[{"@type":"ReadAction","target":["https:\/\/alfequipment.com\/product\/qsj-5040a-automatic-sleeve-wrapper-bottle-packing-machine-bse-5040a-heat-shrink-tunnel\/"]}]},{"@type":"ImageObject","inLanguage":"pt-PT","@id":"https:\/\/alfequipment.com\/product\/qsj-5040a-automatic-sleeve-wrapper-bottle-packing-machine-bse-5040a-heat-shrink-tunnel\/#primaryimage","url":"https:\/\/alfequipment.com\/wp-content\/uploads\/2025\/01\/H908de4f10ad14672965206c6c546143fF.jpg","contentUrl":"https:\/\/alfequipment.com\/wp-content\/uploads\/2025\/01\/H908de4f10ad14672965206c6c546143fF.jpg","width":800,"height":800},{"@type":"BreadcrumbList","@id":"https:\/\/alfequipment.com\/product\/qsj-5040a-automatic-sleeve-wrapper-bottle-packing-machine-bse-5040a-heat-shrink-tunnel\/#breadcrumb","itemListElement":[{"@type":"ListItem","position":1,"name":"Home","item":"https:\/\/alfequipment.com\/"},{"@type":"ListItem","position":2,"name":"Shop","item":"https:\/\/alfequipment.com\/shop\/"},{"@type":"ListItem","position":3,"name":"QSJ-5040A Automatic Sleeve Wrapper bottle packing machine + BSE-5040A Heat Shrink Tunnel"}]},{"@type":"WebSite","@id":"https:\/\/alfequipment.com\/#website","url":"https:\/\/alfequipment.com\/","name":"PACK ALF","description":"","publisher":{"@id":"https:\/\/alfequipment.com\/#organization"},"potentialAction":[{"@type":"SearchAction","target":{"@type":"EntryPoint","urlTemplate":"https:\/\/alfequipment.com\/?s={search_term_string}"},"query-input":{"@type":"PropertyValueSpecification","valueRequired":true,"valueName":"search_term_string"}}],"inLanguage":"pt-PT"},{"@type":"Organization","@id":"https:\/\/alfequipment.com\/#organization","name":"PACK ALF","url":"https:\/\/alfequipment.com\/","logo":{"@type":"ImageObject","inLanguage":"pt-PT","@id":"https:\/\/alfequipment.com\/#\/schema\/logo\/image\/","url":"https:\/\/alfequipment.com\/wp-content\/uploads\/2024\/11\/ALFlogo-2.webp","contentUrl":"https:\/\/alfequipment.com\/wp-content\/uploads\/2024\/11\/ALFlogo-2.webp","width":758,"height":750,"caption":"ALF PACK"},"image":{"@id":"https:\/\/alfequipment.com\/#\/schema\/logo\/image\/"}}]}},"_links":{"self":[{"href":"https:\/\/alfequipment.com\/pt\/wp-json\/wp\/v2\/product\/3024","targetHints":{"allow":["GET"]}}],"collection":[{"href":"https:\/\/alfequipment.com\/pt\/wp-json\/wp\/v2\/product"}],"about":[{"href":"https:\/\/alfequipment.com\/pt\/wp-json\/wp\/v2\/types\/product"}],"replies":[{"embeddable":true,"href":"https:\/\/alfequipment.com\/pt\/wp-json\/wp\/v2\/comments?post=3024"}],"version-history":[{"count":0,"href":"https:\/\/alfequipment.com\/pt\/wp-json\/wp\/v2\/product\/3024\/revisions"}],"wp:featuredmedia":[{"embeddable":true,"href":"https:\/\/alfequipment.com\/pt\/wp-json\/wp\/v2\/media\/2882"}],"wp:attachment":[{"href":"https:\/\/alfequipment.com\/pt\/wp-json\/wp\/v2\/media?parent=3024"}],"wp:term":[{"taxonomy":"product_brand","embeddable":true,"href":"https:\/\/alfequipment.com\/pt\/wp-json\/wp\/v2\/product_brand?post=3024"},{"taxonomy":"product_cat","embeddable":true,"href":"https:\/\/alfequipment.com\/pt\/wp-json\/wp\/v2\/product_cat?post=3024"},{"taxonomy":"product_tag","embeddable":true,"href":"https:\/\/alfequipment.com\/pt\/wp-json\/wp\/v2\/product_tag?post=3024"}],"curies":[{"name":"wp","href":"https:\/\/api.w.org\/{rel}","templated":true}]}}