{"id":3029,"date":"2024-12-24T23:46:01","date_gmt":"2024-12-24T23:46:01","guid":{"rendered":"https:\/\/alfequipment.com\/product\/bss-1538d-bottle-sleeve-label-shrink-machine-shrinking-packager\/"},"modified":"2025-01-13T15:06:56","modified_gmt":"2025-01-13T15:06:56","slug":"bss-1538d-maquina-de-encolhimento-de-rotulos-de-mangas-de-garrafas","status":"publish","type":"product","link":"https:\/\/alfequipment.com\/pt\/product\/bss-1538d-maquina-de-encolhimento-de-rotulos-de-mangas-de-garrafas\/","title":{"rendered":"BSS-1538D M\u00e1quina de encolhimento de r\u00f3tulo de manga de garrafa"},"content":{"rendered":"<div data-magic-global=\"%7B%22bizId%22%3A17179933680%2C%22pageId%22%3A5022067450%2C%22siteId%22%3A5005331025%7D\" id=\"detail_decorate_root\">\n<div module-id=\"5544421582\" module-title=\"detailProductNavigation\" render=\"true\" class=\"J_module\">\n<div id=\"ali-anchor-AliMagic-ywco0r\" data-section=\"AliMagic-ywco0r\" data-section-title=\"Product Description\" class=\"magic-0\">1.1538D As m\u00e1quinas de encolhimento de r\u00f3tulos s\u00e3o usadas principalmente para encolher r\u00f3tulos de produtos em forma de garrafa, lata ou barril com garrafa de vidro, garrafa de pl\u00e1stico ou copo de papel.<\/div>\n<\/div>\n<div module-id=\"5544421583\" module-title=\"detailTextContent\" render=\"true\" class=\"J_module\">\n<div class=\"detail-decorate-json-renderer-container\">\n<div class=\"magic-1\">\n<div class=\"magic-2\">\n<div class=\"magic-3\">\n<div class=\"magic-4\"><span><\/p>\n<p class=\"magic-5\"><span class=\"magic-6\">2. o r\u00f3tulo na parte superior, no meio, na parte inferior do fundo ou envolvendo toda a garrafa pode ser encolhido com um modelo de tipo diferente.<\/span><\/p>\n<p class=\"magic-5\"><span class=\"magic-6\">3. \u00e9 amplamente aplicado na ind\u00fastria de alimentos, medicamentos, cosm\u00e9ticos e pesticidas, etc.<\/span><\/p>\n<p class=\"magic-5\"><span class=\"magic-6\">4.1538D \u00e9 para encolher o r\u00f3tulo em toda a garrafa.<\/span><\/p>\n<p><\/span>\n      <\/div>\n<\/p><\/div>\n<\/p><\/div>\n<\/p><\/div>\n<\/p><\/div>\n<\/p><\/div>\n<div module-id=\"5544421584\" module-title=\"detailLeftImageRightTable\" render=\"true\" class=\"J_module\">\n<div class=\"detail-decorate-json-renderer-container\">\n<div class=\"magic-1\">\n<div class=\"magic-7\">\n<div class=\"magic-3\">\n<div class=\"magic-8\">\n       <img decoding=\"async\" src=\"https:\/\/sc02.alicdn.com\/kf\/H42ca193e3dce43d19ce8943898352b492\/64496\/H42ca193e3dce43d19ce8943898352b492.jpg\" class=\"aligncenter\">\n      <\/div>\n<\/p><\/div>\n<\/p><\/div>\n<div class=\"magic-10\">\n<div class=\"magic-3\">\n<div class=\"ife-detail-decorate-table\">\n<table class=\"has-title all magic-11\">\n<tbody>\n<tr>\n<td colspan=\"1\" rowspan=\"1\">\n<div class=\"magic-12\">\n            Modelo\n           <\/div>\n<\/td>\n<td colspan=\"1\" rowspan=\"1\">\n<div class=\"magic-13\">\n            BSS-1538D\n           <\/div>\n<\/td>\n<\/tr>\n<tr>\n<td colspan=\"1\" rowspan=\"1\">\n<div class=\"magic-12\">\n            Pot\u00eancia\n           <\/div>\n<\/td>\n<td colspan=\"1\" rowspan=\"1\">\n<div class=\"magic-13\">\n            8 KW\n           <\/div>\n<\/td>\n<\/tr>\n<tr>\n<td colspan=\"1\" rowspan=\"1\">\n<div class=\"magic-12\">\n            Tamanho m\u00e1ximo da embalagem (mm)\n           <\/div>\n<\/td>\n<td colspan=\"1\" rowspan=\"1\">\n<div class=\"magic-13\">\n            \u03a6160*350H\n           <\/div>\n<\/td>\n<\/tr>\n<tr>\n<td colspan=\"1\" rowspan=\"1\">\n<div class=\"magic-12\">\n            Dimens\u00e3o do t\u00fanel de retra\u00e7\u00e3o (mm)\n           <\/div>\n<\/td>\n<td colspan=\"1\" rowspan=\"1\">\n<div class=\"magic-13\">\n            800*200*400\n           <\/div>\n<\/td>\n<\/tr>\n<tr>\n<td colspan=\"1\" rowspan=\"1\">\n<div class=\"magic-14\">\n            Motor do transportador\n           <\/div>\n<\/td>\n<td colspan=\"1\" rowspan=\"1\">\n<div class=\"magic-15\">\n            DC50W\/220V\n           <\/div>\n<\/td>\n<\/tr>\n<tr>\n<td colspan=\"1\" rowspan=\"1\">\n<div class=\"magic-14\">\n            Velocidade do transportador\n           <\/div>\n<\/td>\n<td colspan=\"1\" rowspan=\"1\">\n<div class=\"magic-15\">\n            0-10m\/min\n           <\/div>\n<\/td>\n<\/tr>\n<tr>\n<td colspan=\"1\" rowspan=\"1\">\n<div class=\"magic-14\">\n            Peso de carga\n           <\/div>\n<\/td>\n<td colspan=\"1\" rowspan=\"1\">\n<div class=\"magic-15\">\n            15 kg\n           <\/div>\n<\/td>\n<\/tr>\n<tr>\n<td colspan=\"1\" rowspan=\"1\">\n<div class=\"magic-14\">\n            Transportador\n           <\/div>\n<\/td>\n<td colspan=\"1\" rowspan=\"1\">\n<div class=\"magic-15\">\n            Rede de teflon\n           <\/div>\n<\/td>\n<\/tr>\n<tr>\n<td colspan=\"1\" rowspan=\"1\">\n<div class=\"magic-14\">\n            Peso\n           <\/div>\n<\/td>\n<td colspan=\"1\" rowspan=\"1\">\n<div class=\"magic-15\">\n            66 kg\n           <\/div>\n<\/td>\n<\/tr>\n<tr>\n<td colspan=\"1\" rowspan=\"1\">\n<div class=\"magic-14\">\n            Dimens\u00e3o (mm)\n           <\/div>\n<\/td>\n<td colspan=\"1\" rowspan=\"1\">\n<div class=\"magic-15\">\n            1500*400*1520\n           <\/div>\n<\/td>\n<\/tr>\n<tr>\n<td colspan=\"1\" rowspan=\"1\">\n<div class=\"magic-14\">\n            Tamanho da embalagem (mm)\n           <\/div>\n<\/td>\n<td colspan=\"1\" rowspan=\"1\">\n<div class=\"magic-15\">\n            1600*520*1050\n           <\/div>\n<\/td>\n<\/tr>\n<\/tbody>\n<\/table><\/div>\n<\/p><\/div>\n<\/p><\/div>\n<\/p><\/div>\n<\/p><\/div>\n<\/p><\/div>\n<div module-id=\"5544421585\" module-title=\"detailManyImage\" render=\"true\" class=\"J_module\">\n<div class=\"icbu-pc-detailManyImage magic-16\">\n<div class=\"magic-17\">\n    <img decoding=\"async\" src=\"https:\/\/sc02.alicdn.com\/kf\/H42ca193e3dce43d19ce8943898352b492\/64496\/H42ca193e3dce43d19ce8943898352b492.jpg\" class=\"aligncenter\">\n   <\/div>\n<div class=\"magic-19\">\n    <img decoding=\"async\" src=\"https:\/\/sc02.alicdn.com\/kf\/Hdbab1eea7b9644fb927bc2378b7238eam\/64496\/Hdbab1eea7b9644fb927bc2378b7238eam.jpg\" class=\"aligncenter\">\n   <\/div>\n<div class=\"magic-21\">\n    <img decoding=\"async\" src=\"https:\/\/sc02.alicdn.com\/kf\/H411af0878965473686dc64d3a874504bn\/64496\/H411af0878965473686dc64d3a874504bn.jpg\" class=\"aligncenter\">\n   <\/div>\n<\/p><\/div>\n<\/p><\/div>\n<\/div>","protected":false},"excerpt":{"rendered":"<p>M\u00e1quina retr\u00e1til para r\u00f3tulo de manga de garrafa<\/p>","protected":false},"featured_media":2892,"comment_status":"closed","ping_status":"open","template":"","meta":[],"product_brand":[],"product_cat":[121,99],"product_tag":[],"class_list":{"0":"post-3029","1":"product","2":"type-product","3":"status-publish","4":"has-post-thumbnail","6":"product_cat-label-shrink-machine","7":"product_cat-labeling-machines","9":"first","10":"instock","11":"sale","12":"purchasable","13":"product-type-simple"},"yoast_head":"<!-- This site is optimized with the Yoast SEO Premium plugin v20.9 (Yoast SEO v26.5) - https:\/\/yoast.com\/wordpress\/plugins\/seo\/ -->\n<title>BSS-1538D Bottle sleeve label shrink machine shrinking packager - ALF PACK<\/title>\n<meta name=\"robots\" content=\"index, follow, max-snippet:-1, max-image-preview:large, max-video-preview:-1\" \/>\n<link rel=\"canonical\" href=\"https:\/\/alfequipment.com\/pt\/product\/bss-1538d-maquina-de-encolhimento-de-rotulos-de-mangas-de-garrafas\/\" \/>\n<meta property=\"og:locale\" content=\"pt_PT\" \/>\n<meta property=\"og:type\" content=\"article\" \/>\n<meta property=\"og:title\" content=\"BSS-1538D Bottle sleeve label shrink machine shrinking packager\" \/>\n<meta property=\"og:description\" content=\"Bottle Sleeve Label Shrink Machine\" \/>\n<meta property=\"og:url\" content=\"https:\/\/alfequipment.com\/pt\/product\/bss-1538d-maquina-de-encolhimento-de-rotulos-de-mangas-de-garrafas\/\" \/>\n<meta property=\"og:site_name\" content=\"ALF PACK\" \/>\n<meta property=\"article:modified_time\" content=\"2025-01-13T15:06:56+00:00\" \/>\n<meta property=\"og:image\" content=\"https:\/\/alfequipment.com\/wp-content\/uploads\/2025\/01\/BSS-1538D-Bottle-sleeve-label-shrink-machine.jpg\" \/>\n\t<meta property=\"og:image:width\" content=\"800\" \/>\n\t<meta property=\"og:image:height\" content=\"800\" \/>\n\t<meta property=\"og:image:type\" content=\"image\/webp\" \/>\n<meta name=\"twitter:card\" content=\"summary_large_image\" \/>\n<meta name=\"twitter:label1\" content=\"Tempo estimado de leitura\" \/>\n\t<meta name=\"twitter:data1\" content=\"1 minuto\" \/>\n<script type=\"application\/ld+json\" class=\"yoast-schema-graph\">{\"@context\":\"https:\/\/schema.org\",\"@graph\":[{\"@type\":\"WebPage\",\"@id\":\"https:\/\/alfequipment.com\/product\/bss-1538d-bottle-sleeve-label-shrink-machine-shrinking-packager\/\",\"url\":\"https:\/\/alfequipment.com\/product\/bss-1538d-bottle-sleeve-label-shrink-machine-shrinking-packager\/\",\"name\":\"BSS-1538D Bottle sleeve label shrink machine shrinking packager - ALF PACK\",\"isPartOf\":{\"@id\":\"https:\/\/alfequipment.com\/#website\"},\"primaryImageOfPage\":{\"@id\":\"https:\/\/alfequipment.com\/product\/bss-1538d-bottle-sleeve-label-shrink-machine-shrinking-packager\/#primaryimage\"},\"image\":{\"@id\":\"https:\/\/alfequipment.com\/product\/bss-1538d-bottle-sleeve-label-shrink-machine-shrinking-packager\/#primaryimage\"},\"thumbnailUrl\":\"https:\/\/alfequipment.com\/wp-content\/uploads\/2025\/01\/BSS-1538D-Bottle-sleeve-label-shrink-machine.jpg\",\"datePublished\":\"2024-12-24T23:46:01+00:00\",\"dateModified\":\"2025-01-13T15:06:56+00:00\",\"breadcrumb\":{\"@id\":\"https:\/\/alfequipment.com\/product\/bss-1538d-bottle-sleeve-label-shrink-machine-shrinking-packager\/#breadcrumb\"},\"inLanguage\":\"pt-PT\",\"potentialAction\":[{\"@type\":\"ReadAction\",\"target\":[\"https:\/\/alfequipment.com\/product\/bss-1538d-bottle-sleeve-label-shrink-machine-shrinking-packager\/\"]}]},{\"@type\":\"ImageObject\",\"inLanguage\":\"pt-PT\",\"@id\":\"https:\/\/alfequipment.com\/product\/bss-1538d-bottle-sleeve-label-shrink-machine-shrinking-packager\/#primaryimage\",\"url\":\"https:\/\/alfequipment.com\/wp-content\/uploads\/2025\/01\/BSS-1538D-Bottle-sleeve-label-shrink-machine.jpg\",\"contentUrl\":\"https:\/\/alfequipment.com\/wp-content\/uploads\/2025\/01\/BSS-1538D-Bottle-sleeve-label-shrink-machine.jpg\",\"width\":800,\"height\":800},{\"@type\":\"BreadcrumbList\",\"@id\":\"https:\/\/alfequipment.com\/product\/bss-1538d-bottle-sleeve-label-shrink-machine-shrinking-packager\/#breadcrumb\",\"itemListElement\":[{\"@type\":\"ListItem\",\"position\":1,\"name\":\"Home\",\"item\":\"https:\/\/alfequipment.com\/\"},{\"@type\":\"ListItem\",\"position\":2,\"name\":\"Shop\",\"item\":\"https:\/\/alfequipment.com\/shop\/\"},{\"@type\":\"ListItem\",\"position\":3,\"name\":\"BSS-1538D Bottle sleeve label shrink machine shrinking packager\"}]},{\"@type\":\"WebSite\",\"@id\":\"https:\/\/alfequipment.com\/#website\",\"url\":\"https:\/\/alfequipment.com\/\",\"name\":\"ALF PACK\",\"description\":\"\",\"publisher\":{\"@id\":\"https:\/\/alfequipment.com\/#organization\"},\"potentialAction\":[{\"@type\":\"SearchAction\",\"target\":{\"@type\":\"EntryPoint\",\"urlTemplate\":\"https:\/\/alfequipment.com\/?s={search_term_string}\"},\"query-input\":{\"@type\":\"PropertyValueSpecification\",\"valueRequired\":true,\"valueName\":\"search_term_string\"}}],\"inLanguage\":\"pt-PT\"},{\"@type\":\"Organization\",\"@id\":\"https:\/\/alfequipment.com\/#organization\",\"name\":\"ALF PACK\",\"url\":\"https:\/\/alfequipment.com\/\",\"logo\":{\"@type\":\"ImageObject\",\"inLanguage\":\"pt-PT\",\"@id\":\"https:\/\/alfequipment.com\/#\/schema\/logo\/image\/\",\"url\":\"https:\/\/alfequipment.com\/wp-content\/uploads\/2024\/11\/ALFlogo-2.webp\",\"contentUrl\":\"https:\/\/alfequipment.com\/wp-content\/uploads\/2024\/11\/ALFlogo-2.webp\",\"width\":758,\"height\":750,\"caption\":\"ALF PACK\"},\"image\":{\"@id\":\"https:\/\/alfequipment.com\/#\/schema\/logo\/image\/\"}}]}<\/script>\n<!-- \/ Yoast SEO Premium plugin. -->","yoast_head_json":{"title":"BSS-1538D M\u00e1quina de encolhimento de r\u00f3tulos de garrafas - ALF PACK","robots":{"index":"index","follow":"follow","max-snippet":"max-snippet:-1","max-image-preview":"max-image-preview:large","max-video-preview":"max-video-preview:-1"},"canonical":"https:\/\/alfequipment.com\/pt\/product\/bss-1538d-maquina-de-encolhimento-de-rotulos-de-mangas-de-garrafas\/","og_locale":"pt_PT","og_type":"article","og_title":"BSS-1538D Bottle sleeve label shrink machine shrinking packager","og_description":"Bottle Sleeve Label Shrink Machine","og_url":"https:\/\/alfequipment.com\/pt\/product\/bss-1538d-maquina-de-encolhimento-de-rotulos-de-mangas-de-garrafas\/","og_site_name":"ALF PACK","article_modified_time":"2025-01-13T15:06:56+00:00","og_image":[{"width":800,"height":800,"url":"https:\/\/alfequipment.com\/wp-content\/uploads\/2025\/01\/BSS-1538D-Bottle-sleeve-label-shrink-machine.jpg","type":"image\/webp"}],"twitter_card":"summary_large_image","twitter_misc":{"Tempo estimado de leitura":"1 minuto"},"schema":{"@context":"https:\/\/schema.org","@graph":[{"@type":"WebPage","@id":"https:\/\/alfequipment.com\/product\/bss-1538d-bottle-sleeve-label-shrink-machine-shrinking-packager\/","url":"https:\/\/alfequipment.com\/product\/bss-1538d-bottle-sleeve-label-shrink-machine-shrinking-packager\/","name":"BSS-1538D M\u00e1quina de encolhimento de r\u00f3tulos de garrafas - ALF PACK","isPartOf":{"@id":"https:\/\/alfequipment.com\/#website"},"primaryImageOfPage":{"@id":"https:\/\/alfequipment.com\/product\/bss-1538d-bottle-sleeve-label-shrink-machine-shrinking-packager\/#primaryimage"},"image":{"@id":"https:\/\/alfequipment.com\/product\/bss-1538d-bottle-sleeve-label-shrink-machine-shrinking-packager\/#primaryimage"},"thumbnailUrl":"https:\/\/alfequipment.com\/wp-content\/uploads\/2025\/01\/BSS-1538D-Bottle-sleeve-label-shrink-machine.jpg","datePublished":"2024-12-24T23:46:01+00:00","dateModified":"2025-01-13T15:06:56+00:00","breadcrumb":{"@id":"https:\/\/alfequipment.com\/product\/bss-1538d-bottle-sleeve-label-shrink-machine-shrinking-packager\/#breadcrumb"},"inLanguage":"pt-PT","potentialAction":[{"@type":"ReadAction","target":["https:\/\/alfequipment.com\/product\/bss-1538d-bottle-sleeve-label-shrink-machine-shrinking-packager\/"]}]},{"@type":"ImageObject","inLanguage":"pt-PT","@id":"https:\/\/alfequipment.com\/product\/bss-1538d-bottle-sleeve-label-shrink-machine-shrinking-packager\/#primaryimage","url":"https:\/\/alfequipment.com\/wp-content\/uploads\/2025\/01\/BSS-1538D-Bottle-sleeve-label-shrink-machine.jpg","contentUrl":"https:\/\/alfequipment.com\/wp-content\/uploads\/2025\/01\/BSS-1538D-Bottle-sleeve-label-shrink-machine.jpg","width":800,"height":800},{"@type":"BreadcrumbList","@id":"https:\/\/alfequipment.com\/product\/bss-1538d-bottle-sleeve-label-shrink-machine-shrinking-packager\/#breadcrumb","itemListElement":[{"@type":"ListItem","position":1,"name":"Home","item":"https:\/\/alfequipment.com\/"},{"@type":"ListItem","position":2,"name":"Shop","item":"https:\/\/alfequipment.com\/shop\/"},{"@type":"ListItem","position":3,"name":"BSS-1538D Bottle sleeve label shrink machine shrinking packager"}]},{"@type":"WebSite","@id":"https:\/\/alfequipment.com\/#website","url":"https:\/\/alfequipment.com\/","name":"PACK ALF","description":"","publisher":{"@id":"https:\/\/alfequipment.com\/#organization"},"potentialAction":[{"@type":"SearchAction","target":{"@type":"EntryPoint","urlTemplate":"https:\/\/alfequipment.com\/?s={search_term_string}"},"query-input":{"@type":"PropertyValueSpecification","valueRequired":true,"valueName":"search_term_string"}}],"inLanguage":"pt-PT"},{"@type":"Organization","@id":"https:\/\/alfequipment.com\/#organization","name":"PACK ALF","url":"https:\/\/alfequipment.com\/","logo":{"@type":"ImageObject","inLanguage":"pt-PT","@id":"https:\/\/alfequipment.com\/#\/schema\/logo\/image\/","url":"https:\/\/alfequipment.com\/wp-content\/uploads\/2024\/11\/ALFlogo-2.webp","contentUrl":"https:\/\/alfequipment.com\/wp-content\/uploads\/2024\/11\/ALFlogo-2.webp","width":758,"height":750,"caption":"ALF PACK"},"image":{"@id":"https:\/\/alfequipment.com\/#\/schema\/logo\/image\/"}}]}},"_links":{"self":[{"href":"https:\/\/alfequipment.com\/pt\/wp-json\/wp\/v2\/product\/3029","targetHints":{"allow":["GET"]}}],"collection":[{"href":"https:\/\/alfequipment.com\/pt\/wp-json\/wp\/v2\/product"}],"about":[{"href":"https:\/\/alfequipment.com\/pt\/wp-json\/wp\/v2\/types\/product"}],"replies":[{"embeddable":true,"href":"https:\/\/alfequipment.com\/pt\/wp-json\/wp\/v2\/comments?post=3029"}],"version-history":[{"count":0,"href":"https:\/\/alfequipment.com\/pt\/wp-json\/wp\/v2\/product\/3029\/revisions"}],"wp:featuredmedia":[{"embeddable":true,"href":"https:\/\/alfequipment.com\/pt\/wp-json\/wp\/v2\/media\/2892"}],"wp:attachment":[{"href":"https:\/\/alfequipment.com\/pt\/wp-json\/wp\/v2\/media?parent=3029"}],"wp:term":[{"taxonomy":"product_brand","embeddable":true,"href":"https:\/\/alfequipment.com\/pt\/wp-json\/wp\/v2\/product_brand?post=3029"},{"taxonomy":"product_cat","embeddable":true,"href":"https:\/\/alfequipment.com\/pt\/wp-json\/wp\/v2\/product_cat?post=3029"},{"taxonomy":"product_tag","embeddable":true,"href":"https:\/\/alfequipment.com\/pt\/wp-json\/wp\/v2\/product_tag?post=3029"}],"curies":[{"name":"wp","href":"https:\/\/api.w.org\/{rel}","templated":true}]}}