{"id":3036,"date":"2025-01-02T16:23:19","date_gmt":"2025-01-02T16:23:19","guid":{"rendered":"https:\/\/alfequipment.com\/product\/dql5545g-high-speed-automatic-l-bar-type-sealer-sealing-packaging-machine-and-dsc4525l-shrink-tunnel-packager\/"},"modified":"2025-01-14T02:47:59","modified_gmt":"2025-01-14T02:47:59","slug":"dql5545g-maquina-seladora-automatica-de-alta-velocidade-tipo-barra-l-e-embaladora-de-tunel-retratil-dsc4525l","status":"publish","type":"product","link":"https:\/\/alfequipment.com\/pt\/product\/dql5545g-maquina-seladora-automatica-de-alta-velocidade-tipo-barra-l-e-embaladora-de-tunel-retratil-dsc4525l\/","title":{"rendered":"DQL5545G M\u00e1quina de embalagem e selagem autom\u00e1tica de alta velocidade tipo L bar Sealer e embaladora de t\u00fanel retr\u00e1til DSC4525L"},"content":{"rendered":"<p><\/p>\n<div>\n<div>\n<div style=\"vertical-align: top;padding-top: 15px; padding-bottom: 15px;\">\n<div style=\"vertical-align: top;padding-top: 10px; padding-bottom: 10px; margin-right: -4px; margin-left: -4px;\">\n<div style=\"vertical-align: top; box-sizing: border-box; padding-right: 4px; padding-left: 4px;margin-top: -4px; margin-bottom: -4px;\">\n<div id=\"zv7e9\" style=\"vertical-align: top; box-sizing: border-box; padding-top: 4px; padding-bottom: 4px\">\n     <\/div>\n<div id=\"33keq\" style=\"vertical-align: top; box-sizing: border-box; padding-top: 4px; padding-bottom: 4px\">\n<p style=\"margin:0;padding:0;\">Carater\u00edsticas da seladora autom\u00e1tica tipo L DQL5545G (alta velocidade):<\/p>\n<p>1. A l\u00e2mina de selagem adopta liga de cobre pulverizada com Teflon, n\u00e3o cola a pel\u00edcula, \u00e9 r\u00e1pida na selagem, n\u00e3o produz fumo, n\u00e3o polui. A faca de selagem horizontal e vertical adopta uma liga\u00e7\u00e3o completa sem folga, a pel\u00edcula n\u00e3o se parte. A estrutura de selagem adopta uma liga de a\u00e7o de alta qualidade, a qualidade da selagem \u00e9 est\u00e1vel, a estrutura \u00e9 dif\u00edcil de danificar.<\/p>\n<p>2. A m\u00e1quina tem todo o sistema autom\u00e1tico, est\u00e1 equipada com sensores e pode atingir alta velocidade de trabalho autom\u00e1tico.<\/p>\n<p>3. \u00c9 conveniente ajustar de acordo com produtos de diferentes tamanhos, basta ajustar a roda da pega para a alcan\u00e7ar, a opera\u00e7\u00e3o \u00e9 f\u00e1cil.<\/p>\n<p>4. Pode ser ligado \u00e0 produ\u00e7\u00e3o<\/p>\n<p>5. Tem uma fun\u00e7\u00e3o de prote\u00e7\u00e3o para evitar a selagem incorrecta do produto e garantir a seguran\u00e7a do operador<\/p>\n<p>Carater\u00edstica do t\u00fanel de retra\u00e7\u00e3o DSC4525L:<\/p>\n<p>1. Adopta o contactor Schneider AC, o refor\u00e7o de estado s\u00f3lido de alta pot\u00eancia e o controlador de temperatura inteligente para tornar o sistema de temperatura mais preciso e prolongar a vida \u00fatil.<\/p>\n<p>2. Adopta um transportador de rolos s\u00f3lidos, os rolos s\u00e3o envolvidos por um tubo de s\u00edlica gel de alta temperatura. Pode suportar produtos pesados e de dif\u00edcil abras\u00e3o (pode escolher um transportador de tipo l\u00edquido).<\/p>\n<p>3. Adopta um motor de ventoinha de alta pot\u00eancia para garantir um vento suficientemente forte para alcan\u00e7ar um efeito de embalagem perfeito.<\/p>\n<p>4. A parede interior adopta a\u00e7o inoxid\u00e1vel, tem uma r\u00e1pida transfer\u00eancia de temperatura, aquecimento uniforme, baixo consumo de energia, carater\u00edsticas de longa vida \u00fatil.<\/p>\n<p>5. Tem uma janela vis\u00edvel, que permite ver o que se passa no interior.<\/p>\n<p>Aplica\u00e7\u00e3o:<br \/>Esta m\u00e1quina \u00e9 amplamente utilizada em embalagens retr\u00e1cteis para produtos alimentares, bebidas, impress\u00e3o, produtos farmac\u00eauticos, pavimentos, hardware e outras ind\u00fastrias. \u00c9 adequada para material de embalagem POF e PVC.<\/p>\n<\/p><\/div>\n<\/p><\/div>\n<\/p><\/div>\n<div style=\"vertical-align: top;padding-top: 10px; padding-bottom: 10px; margin-right: -4px; margin-left: -4px;\">\n<div id=\"5ugre\" style=\"vertical-align: top; box-sizing: border-box; padding-right: 4px; padding-left: 4px\">\n<table style=\"width: auto; border-collapse: collapse; word-wrap: break-word;\" class=\"aliDataTable\">\n<tbody>\n<tr>\n<td style=\"background-color: rgb(218, 226, 237);\">\n<div style=\"width: 172px; height: 22px; padding: 5px 10px; overflow: hidden;\">\n          Modelo\n         <\/div>\n<\/td>\n<td style=\"background-color: rgb(218, 226, 237);\">\n<div style=\"width: 257px; height: 22px; padding: 5px 10px; overflow: hidden;\">\n          DQL5545G\n         <\/div>\n<\/td>\n<td style=\"background-color: rgb(218, 226, 237);\">\n<div style=\"width: 251px; height: 22px; padding: 5px 10px; overflow: hidden;\">\n          DSC4525L\n         <\/div>\n<\/td>\n<\/tr>\n<tr>\n<td>\n<div style=\"width: 172px; height: 22px; padding: 5px 10px; overflow: hidden;\">\n          Tamanho m\u00e1ximo da embalagem (\u00e3)\n         <\/div>\n<\/td>\n<td>\n<div style=\"width: 257px; height: 22px; padding: 5px 10px; overflow: hidden;\">\n          L+2H\u2264550, W+2H\u2264450, H\u2264130\n         <\/div>\n<\/td>\n<td>\n<div style=\"width: 251px; height: 22px; padding: 5px 10px; overflow: hidden;\">\n          W450\u00d7H250\n         <\/div>\n<\/td>\n<\/tr>\n<tr>\n<td>\n<div style=\"width: 172px; height: 22px; padding: 5px 10px; overflow: hidden;\">\n          Tamanho m\u00e1ximo de veda\u00e7\u00e3o (\u00e3)\n         <\/div>\n<\/td>\n<td>\n<div style=\"width: 257px; height: 22px; padding: 5px 10px; overflow: hidden;\">\n          L550\u00d7W450\n         <\/div>\n<\/td>\n<td>\n<div style=\"width: 251px; height: 22px; padding: 5px 10px; overflow: hidden;\">\n          \/\n         <\/div>\n<\/td>\n<\/tr>\n<tr>\n<td>\n<div style=\"width: 172px; height: 22px; padding: 5px 10px; overflow: hidden;\">\n          Pot\u00eancia (KW)\n         <\/div>\n<\/td>\n<td>\n<div style=\"width: 257px; height: 22px; padding: 5px 10px; overflow: hidden;\">\n          2.2\n         <\/div>\n<\/td>\n<td>\n<div style=\"width: 251px; height: 22px; padding: 5px 10px; overflow: hidden;\">\n          11.7\n         <\/div>\n<\/td>\n<\/tr>\n<tr>\n<td>\n<div style=\"width: 172px; height: 22px; padding: 5px 10px; overflow: hidden;\">\n          Capacidade\n         <\/div>\n<\/td>\n<td>\n<div style=\"width: 257px; height: 22px; padding: 5px 10px; overflow: hidden;\">\n          0-40 pcs\/min\n         <\/div>\n<\/td>\n<td>\n<div style=\"width: 251px; height: 22px; padding: 5px 10px; overflow: hidden;\">\n          0-10 m\/min\n         <\/div>\n<\/td>\n<\/tr>\n<tr>\n<td>\n<div style=\"width: 172px; height: 22px; padding: 5px 10px; overflow: hidden;\">\n          Tens\u00e3o\n         <\/div>\n<\/td>\n<td>\n<div style=\"width: 257px; height: 22px; padding: 5px 10px; overflow: hidden;\">\n          220V 50\/60HZ\n         <\/div>\n<\/td>\n<td>\n<div style=\"width: 251px; height: 22px; padding: 5px 10px; overflow: hidden;\">\n          380V 50HZ\/60HZ\n         <\/div>\n<\/td>\n<\/tr>\n<tr>\n<td>\n<div style=\"width: 172px; height: 22px; padding: 5px 10px; overflow: hidden;\">\n          Temperatura de selagem\n         <\/div>\n<\/td>\n<td colspan=\"2\">\n<div style=\"width: 530px; height: 21px; padding: 5px 10px; overflow: hidden;\">\n          180\u00e2-250\u00e2 depende da espessura da pel\u00edcula e da temperatura ambiente\n         <\/div>\n<\/td>\n<\/tr>\n<tr>\n<td>\n<div style=\"width: 172px; height: 22px; padding: 5px 10px; overflow: hidden;\">\n          Espessura da pel\u00edcula (mm)\n         <\/div>\n<\/td>\n<td colspan=\"2\">\n<div style=\"width: 530px; height: 21px; padding: 5px 10px; overflow: hidden;\">\n          0.012-0.06\n         <\/div>\n<\/td>\n<\/tr>\n<tr>\n<td>\n<div style=\"width: 172px; height: 22px; padding: 5px 10px; overflow: hidden;\">\n          Press\u00e3o atmosf\u00e9rica (Kg\/cm2) )\n         <\/div>\n<\/td>\n<td colspan=\"2\">\n<div style=\"width: 530px; height: 21px; padding: 5px 10px; overflow: hidden;\">\n          5\n         <\/div>\n<\/td>\n<\/tr>\n<tr>\n<td>\n<div style=\"width: 172px; height: 22px; padding: 5px 10px; overflow: hidden;\">\n          Material de embalagem\n         <\/div>\n<\/td>\n<td colspan=\"2\">\n<div style=\"width: 530px; height: 21px; padding: 5px 10px; overflow: hidden;\">\n          POF PVC\n         <\/div>\n<\/td>\n<\/tr>\n<tr>\n<td>\n<div style=\"width: 172px; height: 22px; padding: 5px 10px; overflow: hidden;\">\n          Peso da m\u00e1quina (\u00e3)\n         <\/div>\n<\/td>\n<td>\n<div style=\"width: 257px; height: 22px; padding: 5px 10px; overflow: hidden;\">\n          320\n         <\/div>\n<\/td>\n<td>\n<div style=\"width: 251px; height: 22px; padding: 5px 10px; overflow: hidden;\">\n          250\n         <\/div>\n<\/td>\n<\/tr>\n<tr>\n<td>\n<div style=\"width: 172px; height: 22px; padding: 5px 10px; overflow: hidden;\">\n          Tamanho da m\u00e1quina (\u00e3)\n         <\/div>\n<\/td>\n<td>\n<div style=\"width: 257px; height: auto; padding: 5px 10px; overflow: hidden;\">\n          L1760\u00d7W940\u00d7H1580\n         <\/div>\n<\/td>\n<td>\n<div style=\"width: 251px; height: auto; padding: 5px 10px; overflow: hidden;\">\n          L1800\u00d7W703\u00d7H1260\n         <\/div>\n<\/td>\n<\/tr>\n<\/tbody>\n<\/table><\/div>\n<\/p><\/div>\n<div style=\"vertical-align: top;padding-top: 10px; padding-bottom: 10px; margin-right: -4px; margin-left: -4px;\">\n<div id=\"ex5d1\" style=\"vertical-align: top; box-sizing: border-box; padding-right: 4px; padding-left: 4px\">\n<div style=\"overflow: hidden; width: 750px; height: 750px;\">\n      <img decoding=\"async\" src=\"https:\/\/sc01.alicdn.com\/kf\/HTB1m8QoavvsK1Rjy0Fiq6zwtXXaB\/64496\/HTB1m8QoavvsK1Rjy0Fiq6zwtXXaB.jpg\" style=\"width: 750px; height: 750px; margin-left: 0px; margin-top: 0px;\" class=\"aligncenter\">\n     <\/div>\n<\/p><\/div>\n<\/p><\/div>\n<div style=\"vertical-align: top;padding-top: 10px; padding-bottom: 10px; margin-right: -4px; margin-left: -4px;\">\n<div id=\"cophq\" style=\"vertical-align: top; width: 50%; display: inline-block; box-sizing: border-box; padding-right: 4px; padding-left: 4px\">\n<div style=\"overflow: hidden; width: 371px; height: 320px;\">\n      <img decoding=\"async\" src=\"https:\/\/sc01.alicdn.com\/kf\/HTB1Ftz7asfrK1RkSmLyq6xGApXaP\/64496\/HTB1Ftz7asfrK1RkSmLyq6xGApXaP.jpg\" style=\"width: 371px; height: 371px; margin-left: 0px; margin-top: -24px;\" class=\"aligncenter\">\n     <\/div>\n<\/p><\/div>\n<div id=\"frz6g\" style=\"vertical-align: top; width: 50%; display: inline-block; box-sizing: border-box; padding-right: 4px; padding-left: 4px\">\n<div style=\"overflow: hidden; width: 371px; height: 320px;\">\n      <img decoding=\"async\" src=\"https:\/\/sc01.alicdn.com\/kf\/HTB1A_kiazzuK1Rjy0Fpq6yEpFXaT\/64496\/HTB1A_kiazzuK1Rjy0Fpq6yEpFXaT.jpg\" style=\"width: 371px; height: 371px; margin-left: 0px; margin-top: -28px;\" class=\"aligncenter\">\n     <\/div>\n<\/p><\/div>\n<\/p><\/div>\n<div style=\"vertical-align: top;padding-top: 10px; padding-bottom: 10px; margin-right: -4px; margin-left: -4px;\">\n<div style=\"vertical-align: top; box-sizing: border-box; padding-right: 4px; padding-left: 4px;margin-top: -4px; margin-bottom: -4px;\">\n<div id=\"dez16\" style=\"vertical-align: top; box-sizing: border-box; padding-top: 4px; padding-bottom: 4px\">\n<div style=\"overflow: hidden; width: 750px; height: 320px;\">\n       <img decoding=\"async\" src=\"https:\/\/sc01.alicdn.com\/kf\/HTB1Fxj7asfrK1RjSszcq6xGGFXar\/64496\/HTB1Fxj7asfrK1RjSszcq6xGGFXar.jpg\" style=\"width: 750px; height: 750px; margin-left: 0px; margin-top: -211px;\" class=\"aligncenter\">\n      <\/div>\n<\/p><\/div>\n<div style=\"vertical-align: top; box-sizing: border-box; padding-top: 4px; padding-bottom: 4px;margin-right: -4px; margin-left: -4px;\">\n<div id=\"xscz6\" style=\"vertical-align: top; width: 50%; display: inline-block; box-sizing: border-box; padding-right: 4px; padding-left: 4px\">\n<div style=\"overflow: hidden; width: 371px; height: 200px;\">\n        <img decoding=\"async\" src=\"https:\/\/sc02.alicdn.com\/kf\/HTB1v_MXayjrK1RjSsplq6xHmVXaE\/64496\/HTB1v_MXayjrK1RjSsplq6xHmVXaE.jpg\" style=\"width: 371px; height: 371px; margin-left: 0px; margin-top: -84px;\" class=\"aligncenter\">\n       <\/div>\n<\/p><\/div>\n<div id=\"wknsy\" style=\"vertical-align: top; width: 50%; display: inline-block; box-sizing: border-box; padding-right: 4px; padding-left: 4px\">\n<div style=\"overflow: hidden; width: 371px; height: 200px;\">\n        <img decoding=\"async\" src=\"https:\/\/sc01.alicdn.com\/kf\/HTB1VYZbasfrK1Rjy1Xdq6yemFXaQ\/64496\/HTB1VYZbasfrK1Rjy1Xdq6yemFXaQ.jpg\" style=\"width: 371px; height: 371px; margin-left: 0px; margin-top: -88px;\" class=\"aligncenter\"><\/div>\n<\/div>\n<\/div>\n<\/div>\n<\/div>\n<\/div>\n<div style=\"vertical-align: top;padding-top: 15px; padding-bottom: 15px;\">\n<div style=\"vertical-align: top;padding-top: 10px; padding-bottom: 10px; margin-right: -4px; margin-left: -4px;\">\n<div id=\"df2pb\" style=\"vertical-align: top; width: 50%; display: inline-block; box-sizing: border-box; padding-right: 4px; padding-left: 4px\">\n    <\/div>\n<\/p><\/div>\n<\/p><\/div>\n<\/p><\/div>\n<\/div>","protected":false},"excerpt":{"rendered":"<p>Seladora e T\u00fanel de Encolhimento Autom\u00e1tico em L de Alta Velocidade<\/p>","protected":false},"featured_media":3037,"comment_status":"closed","ping_status":"open","template":"","meta":[],"product_brand":[],"product_cat":[122,97],"product_tag":[],"class_list":{"0":"post-3036","1":"product","2":"type-product","3":"status-publish","4":"has-post-thumbnail","6":"product_cat-l-type-sealer","7":"product_cat-sealing-machines","9":"first","10":"instock","11":"sale","12":"purchasable","13":"product-type-simple"},"yoast_head":"<!-- This site is optimized with the Yoast SEO Premium plugin v20.9 (Yoast SEO v26.5) - https:\/\/yoast.com\/wordpress\/plugins\/seo\/ -->\n<title>DQL5545G High Speed Automatic L bar type Sealer sealing packaging machine and DSC4525L Shrink Tunnel packager - ALF PACK<\/title>\n<meta name=\"robots\" content=\"index, follow, max-snippet:-1, max-image-preview:large, max-video-preview:-1\" \/>\n<link rel=\"canonical\" href=\"https:\/\/alfequipment.com\/pt\/product\/dql5545g-maquina-seladora-automatica-de-alta-velocidade-tipo-barra-l-e-embaladora-de-tunel-retratil-dsc4525l\/\" \/>\n<meta property=\"og:locale\" content=\"pt_PT\" \/>\n<meta property=\"og:type\" content=\"article\" \/>\n<meta property=\"og:title\" content=\"DQL5545G High Speed Automatic L bar type Sealer sealing packaging machine and DSC4525L Shrink Tunnel packager\" \/>\n<meta property=\"og:description\" content=\"High Speed Automatic L Sealer And Shrink Tunnel\" \/>\n<meta property=\"og:url\" content=\"https:\/\/alfequipment.com\/pt\/product\/dql5545g-maquina-seladora-automatica-de-alta-velocidade-tipo-barra-l-e-embaladora-de-tunel-retratil-dsc4525l\/\" \/>\n<meta property=\"og:site_name\" content=\"ALF PACK\" \/>\n<meta property=\"article:modified_time\" content=\"2025-01-14T02:47:59+00:00\" \/>\n<meta property=\"og:image\" content=\"https:\/\/alfequipment.com\/wp-content\/uploads\/2025\/01\/DQL5545G-High-Speed-Automatic-L-bar-type.jpg\" \/>\n\t<meta property=\"og:image:width\" content=\"800\" \/>\n\t<meta property=\"og:image:height\" content=\"800\" \/>\n\t<meta property=\"og:image:type\" content=\"image\/webp\" \/>\n<meta name=\"twitter:card\" content=\"summary_large_image\" \/>\n<meta name=\"twitter:label1\" content=\"Tempo estimado de leitura\" \/>\n\t<meta name=\"twitter:data1\" content=\"2 minutos\" \/>\n<script type=\"application\/ld+json\" class=\"yoast-schema-graph\">{\"@context\":\"https:\/\/schema.org\",\"@graph\":[{\"@type\":\"WebPage\",\"@id\":\"https:\/\/alfequipment.com\/product\/dql5545g-high-speed-automatic-l-bar-type-sealer-sealing-packaging-machine-and-dsc4525l-shrink-tunnel-packager\/\",\"url\":\"https:\/\/alfequipment.com\/product\/dql5545g-high-speed-automatic-l-bar-type-sealer-sealing-packaging-machine-and-dsc4525l-shrink-tunnel-packager\/\",\"name\":\"DQL5545G High Speed Automatic L bar type Sealer sealing packaging machine and DSC4525L Shrink Tunnel packager - ALF PACK\",\"isPartOf\":{\"@id\":\"https:\/\/alfequipment.com\/#website\"},\"primaryImageOfPage\":{\"@id\":\"https:\/\/alfequipment.com\/product\/dql5545g-high-speed-automatic-l-bar-type-sealer-sealing-packaging-machine-and-dsc4525l-shrink-tunnel-packager\/#primaryimage\"},\"image\":{\"@id\":\"https:\/\/alfequipment.com\/product\/dql5545g-high-speed-automatic-l-bar-type-sealer-sealing-packaging-machine-and-dsc4525l-shrink-tunnel-packager\/#primaryimage\"},\"thumbnailUrl\":\"https:\/\/alfequipment.com\/wp-content\/uploads\/2025\/01\/DQL5545G-High-Speed-Automatic-L-bar-type.jpg\",\"datePublished\":\"2025-01-02T16:23:19+00:00\",\"dateModified\":\"2025-01-14T02:47:59+00:00\",\"breadcrumb\":{\"@id\":\"https:\/\/alfequipment.com\/product\/dql5545g-high-speed-automatic-l-bar-type-sealer-sealing-packaging-machine-and-dsc4525l-shrink-tunnel-packager\/#breadcrumb\"},\"inLanguage\":\"pt-PT\",\"potentialAction\":[{\"@type\":\"ReadAction\",\"target\":[\"https:\/\/alfequipment.com\/product\/dql5545g-high-speed-automatic-l-bar-type-sealer-sealing-packaging-machine-and-dsc4525l-shrink-tunnel-packager\/\"]}]},{\"@type\":\"ImageObject\",\"inLanguage\":\"pt-PT\",\"@id\":\"https:\/\/alfequipment.com\/product\/dql5545g-high-speed-automatic-l-bar-type-sealer-sealing-packaging-machine-and-dsc4525l-shrink-tunnel-packager\/#primaryimage\",\"url\":\"https:\/\/alfequipment.com\/wp-content\/uploads\/2025\/01\/DQL5545G-High-Speed-Automatic-L-bar-type.jpg\",\"contentUrl\":\"https:\/\/alfequipment.com\/wp-content\/uploads\/2025\/01\/DQL5545G-High-Speed-Automatic-L-bar-type.jpg\",\"width\":800,\"height\":800},{\"@type\":\"BreadcrumbList\",\"@id\":\"https:\/\/alfequipment.com\/product\/dql5545g-high-speed-automatic-l-bar-type-sealer-sealing-packaging-machine-and-dsc4525l-shrink-tunnel-packager\/#breadcrumb\",\"itemListElement\":[{\"@type\":\"ListItem\",\"position\":1,\"name\":\"Home\",\"item\":\"https:\/\/alfequipment.com\/\"},{\"@type\":\"ListItem\",\"position\":2,\"name\":\"Shop\",\"item\":\"https:\/\/alfequipment.com\/shop\/\"},{\"@type\":\"ListItem\",\"position\":3,\"name\":\"DQL5545G High Speed Automatic L bar type Sealer sealing packaging machine and DSC4525L Shrink Tunnel packager\"}]},{\"@type\":\"WebSite\",\"@id\":\"https:\/\/alfequipment.com\/#website\",\"url\":\"https:\/\/alfequipment.com\/\",\"name\":\"ALF PACK\",\"description\":\"\",\"publisher\":{\"@id\":\"https:\/\/alfequipment.com\/#organization\"},\"potentialAction\":[{\"@type\":\"SearchAction\",\"target\":{\"@type\":\"EntryPoint\",\"urlTemplate\":\"https:\/\/alfequipment.com\/?s={search_term_string}\"},\"query-input\":{\"@type\":\"PropertyValueSpecification\",\"valueRequired\":true,\"valueName\":\"search_term_string\"}}],\"inLanguage\":\"pt-PT\"},{\"@type\":\"Organization\",\"@id\":\"https:\/\/alfequipment.com\/#organization\",\"name\":\"ALF PACK\",\"url\":\"https:\/\/alfequipment.com\/\",\"logo\":{\"@type\":\"ImageObject\",\"inLanguage\":\"pt-PT\",\"@id\":\"https:\/\/alfequipment.com\/#\/schema\/logo\/image\/\",\"url\":\"https:\/\/alfequipment.com\/wp-content\/uploads\/2024\/11\/ALFlogo-2.webp\",\"contentUrl\":\"https:\/\/alfequipment.com\/wp-content\/uploads\/2024\/11\/ALFlogo-2.webp\",\"width\":758,\"height\":750,\"caption\":\"ALF PACK\"},\"image\":{\"@id\":\"https:\/\/alfequipment.com\/#\/schema\/logo\/image\/\"}}]}<\/script>\n<!-- \/ Yoast SEO Premium plugin. -->","yoast_head_json":{"title":"DQL5545G Seladora autom\u00e1tica de alta velocidade tipo L e m\u00e1quina de embalagem com t\u00fanel de encolhimento DSC4525L - ALF PACK","robots":{"index":"index","follow":"follow","max-snippet":"max-snippet:-1","max-image-preview":"max-image-preview:large","max-video-preview":"max-video-preview:-1"},"canonical":"https:\/\/alfequipment.com\/pt\/product\/dql5545g-maquina-seladora-automatica-de-alta-velocidade-tipo-barra-l-e-embaladora-de-tunel-retratil-dsc4525l\/","og_locale":"pt_PT","og_type":"article","og_title":"DQL5545G High Speed Automatic L bar type Sealer sealing packaging machine and DSC4525L Shrink Tunnel packager","og_description":"High Speed Automatic L Sealer And Shrink Tunnel","og_url":"https:\/\/alfequipment.com\/pt\/product\/dql5545g-maquina-seladora-automatica-de-alta-velocidade-tipo-barra-l-e-embaladora-de-tunel-retratil-dsc4525l\/","og_site_name":"ALF PACK","article_modified_time":"2025-01-14T02:47:59+00:00","og_image":[{"width":800,"height":800,"url":"https:\/\/alfequipment.com\/wp-content\/uploads\/2025\/01\/DQL5545G-High-Speed-Automatic-L-bar-type.jpg","type":"image\/webp"}],"twitter_card":"summary_large_image","twitter_misc":{"Tempo estimado de leitura":"2 minutos"},"schema":{"@context":"https:\/\/schema.org","@graph":[{"@type":"WebPage","@id":"https:\/\/alfequipment.com\/product\/dql5545g-high-speed-automatic-l-bar-type-sealer-sealing-packaging-machine-and-dsc4525l-shrink-tunnel-packager\/","url":"https:\/\/alfequipment.com\/product\/dql5545g-high-speed-automatic-l-bar-type-sealer-sealing-packaging-machine-and-dsc4525l-shrink-tunnel-packager\/","name":"DQL5545G Seladora autom\u00e1tica de alta velocidade tipo L e m\u00e1quina de embalagem com t\u00fanel de encolhimento DSC4525L - ALF PACK","isPartOf":{"@id":"https:\/\/alfequipment.com\/#website"},"primaryImageOfPage":{"@id":"https:\/\/alfequipment.com\/product\/dql5545g-high-speed-automatic-l-bar-type-sealer-sealing-packaging-machine-and-dsc4525l-shrink-tunnel-packager\/#primaryimage"},"image":{"@id":"https:\/\/alfequipment.com\/product\/dql5545g-high-speed-automatic-l-bar-type-sealer-sealing-packaging-machine-and-dsc4525l-shrink-tunnel-packager\/#primaryimage"},"thumbnailUrl":"https:\/\/alfequipment.com\/wp-content\/uploads\/2025\/01\/DQL5545G-High-Speed-Automatic-L-bar-type.jpg","datePublished":"2025-01-02T16:23:19+00:00","dateModified":"2025-01-14T02:47:59+00:00","breadcrumb":{"@id":"https:\/\/alfequipment.com\/product\/dql5545g-high-speed-automatic-l-bar-type-sealer-sealing-packaging-machine-and-dsc4525l-shrink-tunnel-packager\/#breadcrumb"},"inLanguage":"pt-PT","potentialAction":[{"@type":"ReadAction","target":["https:\/\/alfequipment.com\/product\/dql5545g-high-speed-automatic-l-bar-type-sealer-sealing-packaging-machine-and-dsc4525l-shrink-tunnel-packager\/"]}]},{"@type":"ImageObject","inLanguage":"pt-PT","@id":"https:\/\/alfequipment.com\/product\/dql5545g-high-speed-automatic-l-bar-type-sealer-sealing-packaging-machine-and-dsc4525l-shrink-tunnel-packager\/#primaryimage","url":"https:\/\/alfequipment.com\/wp-content\/uploads\/2025\/01\/DQL5545G-High-Speed-Automatic-L-bar-type.jpg","contentUrl":"https:\/\/alfequipment.com\/wp-content\/uploads\/2025\/01\/DQL5545G-High-Speed-Automatic-L-bar-type.jpg","width":800,"height":800},{"@type":"BreadcrumbList","@id":"https:\/\/alfequipment.com\/product\/dql5545g-high-speed-automatic-l-bar-type-sealer-sealing-packaging-machine-and-dsc4525l-shrink-tunnel-packager\/#breadcrumb","itemListElement":[{"@type":"ListItem","position":1,"name":"Home","item":"https:\/\/alfequipment.com\/"},{"@type":"ListItem","position":2,"name":"Shop","item":"https:\/\/alfequipment.com\/shop\/"},{"@type":"ListItem","position":3,"name":"DQL5545G High Speed Automatic L bar type Sealer sealing packaging machine and DSC4525L Shrink Tunnel packager"}]},{"@type":"WebSite","@id":"https:\/\/alfequipment.com\/#website","url":"https:\/\/alfequipment.com\/","name":"PACK ALF","description":"","publisher":{"@id":"https:\/\/alfequipment.com\/#organization"},"potentialAction":[{"@type":"SearchAction","target":{"@type":"EntryPoint","urlTemplate":"https:\/\/alfequipment.com\/?s={search_term_string}"},"query-input":{"@type":"PropertyValueSpecification","valueRequired":true,"valueName":"search_term_string"}}],"inLanguage":"pt-PT"},{"@type":"Organization","@id":"https:\/\/alfequipment.com\/#organization","name":"PACK ALF","url":"https:\/\/alfequipment.com\/","logo":{"@type":"ImageObject","inLanguage":"pt-PT","@id":"https:\/\/alfequipment.com\/#\/schema\/logo\/image\/","url":"https:\/\/alfequipment.com\/wp-content\/uploads\/2024\/11\/ALFlogo-2.webp","contentUrl":"https:\/\/alfequipment.com\/wp-content\/uploads\/2024\/11\/ALFlogo-2.webp","width":758,"height":750,"caption":"ALF PACK"},"image":{"@id":"https:\/\/alfequipment.com\/#\/schema\/logo\/image\/"}}]}},"_links":{"self":[{"href":"https:\/\/alfequipment.com\/pt\/wp-json\/wp\/v2\/product\/3036","targetHints":{"allow":["GET"]}}],"collection":[{"href":"https:\/\/alfequipment.com\/pt\/wp-json\/wp\/v2\/product"}],"about":[{"href":"https:\/\/alfequipment.com\/pt\/wp-json\/wp\/v2\/types\/product"}],"replies":[{"embeddable":true,"href":"https:\/\/alfequipment.com\/pt\/wp-json\/wp\/v2\/comments?post=3036"}],"version-history":[{"count":0,"href":"https:\/\/alfequipment.com\/pt\/wp-json\/wp\/v2\/product\/3036\/revisions"}],"wp:featuredmedia":[{"embeddable":true,"href":"https:\/\/alfequipment.com\/pt\/wp-json\/wp\/v2\/media\/3037"}],"wp:attachment":[{"href":"https:\/\/alfequipment.com\/pt\/wp-json\/wp\/v2\/media?parent=3036"}],"wp:term":[{"taxonomy":"product_brand","embeddable":true,"href":"https:\/\/alfequipment.com\/pt\/wp-json\/wp\/v2\/product_brand?post=3036"},{"taxonomy":"product_cat","embeddable":true,"href":"https:\/\/alfequipment.com\/pt\/wp-json\/wp\/v2\/product_cat?post=3036"},{"taxonomy":"product_tag","embeddable":true,"href":"https:\/\/alfequipment.com\/pt\/wp-json\/wp\/v2\/product_tag?post=3036"}],"curies":[{"name":"wp","href":"https:\/\/api.w.org\/{rel}","templated":true}]}}