{"id":3050,"date":"2025-01-02T18:35:37","date_gmt":"2025-01-02T18:35:37","guid":{"rendered":"https:\/\/alfequipment.com\/product\/sf-500-heat-sealer-for-plastic-bag-foot-operated-sealing-machine\/"},"modified":"2025-01-13T13:10:40","modified_gmt":"2025-01-13T13:10:40","slug":"sf-500-seladora-termica-para-sacos-de-plastico-maquina-seladora-operada-por-pedal","status":"publish","type":"product","link":"https:\/\/alfequipment.com\/pt\/product\/sf-500-seladora-termica-para-sacos-de-plastico-maquina-seladora-operada-por-pedal\/","title":{"rendered":"Seladora a quente SF-500 para sacos de pl\u00e1stico M\u00e1quina seladora com pedal"},"content":{"rendered":"<div id=\"ali-anchor-AliPostDhMb-wg7f2\" style=\"padding-top: 8px;\" data-section=\"AliPostDhMb-wg7f2\" data-section-title=\"Product Description\">\n<div style=\"padding: 10px;\"><span style=\"font-family: &quot;Times New Roman&quot;; font-size: 12pt;\">A m\u00e1quina de selagem por estampagem a p\u00e9 da s\u00e9rie SF pode selar polietileno, polipropileno e pl\u00e1sticos compostos de v\u00e1rias camadas. Selagem a quente na parte inferior de um lado. O tempo de aquecimento \u00e9 ajust\u00e1vel. O funcionamento \u00e9 simples.<\/span><\/div>\n<\/div>\n<p><span style=\"font-family: Times New Roman; font-size: 12pt;\">&nbsp;<\/span><\/p>\n<p><strong><span style=\"font-family: Times New Roman; font-size: 12pt;\">Especifica\u00e7\u00e3o:<\/span><\/strong><\/p>\n<table class=\"aliDataTable\" border=\"0\" cellspacing=\"0\" cellpadding=\"0\">\n<tbody>\n<tr style=\"height: 14.25pt;\" align=\"middle\">\n<td style=\"width: 97pt; background: white;\" align=\"left\">\n<p><strong><span style=\"font-family: Times New Roman; font-size: 12pt;\">Modelo<\/span><\/strong><\/p>\n<\/td>\n<td style=\"width: 93pt; background: white;\">\n<p><span style=\"font-family: Times New Roman; font-size: 12pt;\">SF-400<\/span><\/p>\n<\/td>\n<td style=\"width: 92pt; background: white;\">\n<p><span style=\"font-family: 'Times New Roman'; font-size: 12pt; color: #ff0000;\">SF-500<\/span><\/p>\n<\/td>\n<td style=\"width: 85pt; background: white;\">\n<p><span style=\"font-family: Times New Roman; font-size: 12pt;\">SF-600<\/span><\/p>\n<\/td>\n<\/tr>\n<tr style=\"height: 14.25pt;\" align=\"middle\">\n<td style=\"background: white;\" align=\"left\">\n<p><strong><span style=\"font-family: Times New Roman; font-size: 12pt;\">tens\u00e3o<\/span><\/strong><\/p>\n<\/td>\n<td>\n<p><span style=\"font-family: Times New Roman; font-size: 12pt;\">400W<\/span><\/p>\n<\/td>\n<td style=\"background: white;\">\n<p><span style=\"font-family: 'Times New Roman'; font-size: 12pt; color: #ff0000;\">500W<\/span><\/p>\n<\/td>\n<td>\n<p><span style=\"font-family: Times New Roman; font-size: 12pt;\">600W<\/span><\/p>\n<\/td>\n<\/tr>\n<tr style=\"height: 14.25pt;\" align=\"middle\">\n<td style=\"background: white;\" align=\"left\">\n<p><strong><span style=\"font-family: Times New Roman; font-size: 12pt;\">Comprimento de veda\u00e7\u00e3o<\/span><\/strong><\/p>\n<\/td>\n<td style=\"background: white;\">\n<p><span style=\"font-family: Times New Roman; font-size: 12pt;\">400 mm<\/span><\/p>\n<\/td>\n<td style=\"background: white;\">\n<p><span style=\"font-family: 'Times New Roman'; font-size: 12pt; color: #ff0000;\">500 mm<\/span><\/p>\n<\/td>\n<td style=\"background: white;\">\n<p><span style=\"font-family: Times New Roman; font-size: 12pt;\">600 mm<\/span><\/p>\n<\/td>\n<\/tr>\n<tr style=\"height: 14.25pt;\" align=\"left\">\n<td style=\"background: white;\">\n<p><strong><span style=\"font-family: Times New Roman; font-size: 12pt;\">Largura de veda\u00e7\u00e3o<\/span><\/strong><\/p>\n<\/td>\n<td style=\"width: 270pt; background: white;\" colspan=\"3\" align=\"middle\">\n<p><span style=\"font-family: 'Times New Roman'; font-size: 12pt; color: #ff0000;\">2,5 mm<\/span><\/p>\n<\/td>\n<\/tr>\n<tr style=\"height: 14.25pt;\" align=\"left\">\n<td style=\"background: white;\">\n<p><strong><span style=\"font-family: Times New Roman; font-size: 12pt;\">Tempo de aquecimento<\/span><\/strong><\/p>\n<\/td>\n<td style=\"background: white;\" colspan=\"3\" align=\"middle\">\n<p><span style=\"font-family: 'Times New Roman'; font-size: 12pt; color: #ff0000;\">0.2-1.5s<\/span><\/p>\n<\/td>\n<\/tr>\n<tr style=\"height: 14.25pt;\" align=\"left\">\n<td style=\"background: white;\">\n<p><strong><span style=\"font-family: Times New Roman; font-size: 12pt;\">Tamanho da embalagem<\/span><\/strong><\/p>\n<\/td>\n<td style=\"background: white;\" colspan=\"3\" align=\"middle\">\n<p><span style=\"font-family: 'Times New Roman'; font-size: 12pt; color: #ff0000;\">720*380*215mm<\/span><\/p>\n<\/td>\n<\/tr>\n<tr style=\"height: 14.25pt;\" align=\"middle\">\n<td style=\"background: white;\" align=\"left\">\n<p><strong><span style=\"font-family: Times New Roman; font-size: 12pt;\">Peso da m\u00e1quina<\/span><\/strong><\/p>\n<\/td>\n<td style=\"background: white;\">\n<p><span style=\"font-family: Times New Roman; font-size: 12pt;\">9,5 kg<\/span><\/p>\n<\/td>\n<td style=\"background: white;\">\n<p><span style=\"font-family: 'Times New Roman'; font-size: 12pt; color: #ff0000;\">10,5 kg<\/span><\/p>\n<\/td>\n<td style=\"background: white;\">\n<p><span style=\"font-family: Times New Roman; font-size: 12pt;\">11,5 kg<\/span><\/p>\n<\/td>\n<\/tr>\n<\/tbody>\n<\/table>\n<p>&nbsp;<\/p>\n<p>&nbsp;<\/p><\/p>","protected":false},"excerpt":{"rendered":"<p>M\u00e1quina de selagem com pedal da s\u00e9rie Sf<\/p>","protected":false},"featured_media":3051,"comment_status":"closed","ping_status":"open","template":"","meta":[],"product_brand":[],"product_cat":[97],"product_tag":[],"class_list":{"0":"post-3050","1":"product","2":"type-product","3":"status-publish","4":"has-post-thumbnail","6":"product_cat-sealing-machines","8":"first","9":"instock","10":"sale","11":"purchasable","12":"product-type-simple"},"yoast_head":"<!-- This site is optimized with the Yoast SEO Premium plugin v20.9 (Yoast SEO v26.5) - https:\/\/yoast.com\/wordpress\/plugins\/seo\/ -->\n<title>SF-500 heat sealer for plastic bag foot operated sealing machine - ALF PACK<\/title>\n<meta name=\"robots\" content=\"index, follow, max-snippet:-1, max-image-preview:large, max-video-preview:-1\" \/>\n<link rel=\"canonical\" href=\"https:\/\/alfequipment.com\/pt\/product\/sf-500-seladora-termica-para-sacos-de-plastico-maquina-seladora-operada-por-pedal\/\" \/>\n<meta property=\"og:locale\" content=\"pt_PT\" \/>\n<meta property=\"og:type\" content=\"article\" \/>\n<meta property=\"og:title\" content=\"SF-500 heat sealer for plastic bag foot operated sealing machine\" \/>\n<meta property=\"og:description\" content=\"Sf Series Foot Operated Sealing Machine\" \/>\n<meta property=\"og:url\" content=\"https:\/\/alfequipment.com\/pt\/product\/sf-500-seladora-termica-para-sacos-de-plastico-maquina-seladora-operada-por-pedal\/\" \/>\n<meta property=\"og:site_name\" content=\"ALF PACK\" \/>\n<meta property=\"article:modified_time\" content=\"2025-01-13T13:10:40+00:00\" \/>\n<meta property=\"og:image\" content=\"https:\/\/alfequipment.com\/wp-content\/uploads\/2025\/01\/H19ce71da9df441a5b6c1d5c3bb1a4c8a3.jpg\" \/>\n\t<meta property=\"og:image:width\" content=\"1000\" \/>\n\t<meta property=\"og:image:height\" content=\"1000\" \/>\n\t<meta property=\"og:image:type\" content=\"image\/webp\" \/>\n<meta name=\"twitter:card\" content=\"summary_large_image\" \/>\n<script type=\"application\/ld+json\" class=\"yoast-schema-graph\">{\"@context\":\"https:\/\/schema.org\",\"@graph\":[{\"@type\":\"WebPage\",\"@id\":\"https:\/\/alfequipment.com\/product\/sf-500-heat-sealer-for-plastic-bag-foot-operated-sealing-machine\/\",\"url\":\"https:\/\/alfequipment.com\/product\/sf-500-heat-sealer-for-plastic-bag-foot-operated-sealing-machine\/\",\"name\":\"SF-500 heat sealer for plastic bag foot operated sealing machine - ALF PACK\",\"isPartOf\":{\"@id\":\"https:\/\/alfequipment.com\/#website\"},\"primaryImageOfPage\":{\"@id\":\"https:\/\/alfequipment.com\/product\/sf-500-heat-sealer-for-plastic-bag-foot-operated-sealing-machine\/#primaryimage\"},\"image\":{\"@id\":\"https:\/\/alfequipment.com\/product\/sf-500-heat-sealer-for-plastic-bag-foot-operated-sealing-machine\/#primaryimage\"},\"thumbnailUrl\":\"https:\/\/alfequipment.com\/wp-content\/uploads\/2025\/01\/H19ce71da9df441a5b6c1d5c3bb1a4c8a3.jpg\",\"datePublished\":\"2025-01-02T18:35:37+00:00\",\"dateModified\":\"2025-01-13T13:10:40+00:00\",\"breadcrumb\":{\"@id\":\"https:\/\/alfequipment.com\/product\/sf-500-heat-sealer-for-plastic-bag-foot-operated-sealing-machine\/#breadcrumb\"},\"inLanguage\":\"pt-PT\",\"potentialAction\":[{\"@type\":\"ReadAction\",\"target\":[\"https:\/\/alfequipment.com\/product\/sf-500-heat-sealer-for-plastic-bag-foot-operated-sealing-machine\/\"]}]},{\"@type\":\"ImageObject\",\"inLanguage\":\"pt-PT\",\"@id\":\"https:\/\/alfequipment.com\/product\/sf-500-heat-sealer-for-plastic-bag-foot-operated-sealing-machine\/#primaryimage\",\"url\":\"https:\/\/alfequipment.com\/wp-content\/uploads\/2025\/01\/H19ce71da9df441a5b6c1d5c3bb1a4c8a3.jpg\",\"contentUrl\":\"https:\/\/alfequipment.com\/wp-content\/uploads\/2025\/01\/H19ce71da9df441a5b6c1d5c3bb1a4c8a3.jpg\",\"width\":1000,\"height\":1000},{\"@type\":\"BreadcrumbList\",\"@id\":\"https:\/\/alfequipment.com\/product\/sf-500-heat-sealer-for-plastic-bag-foot-operated-sealing-machine\/#breadcrumb\",\"itemListElement\":[{\"@type\":\"ListItem\",\"position\":1,\"name\":\"Home\",\"item\":\"https:\/\/alfequipment.com\/\"},{\"@type\":\"ListItem\",\"position\":2,\"name\":\"Shop\",\"item\":\"https:\/\/alfequipment.com\/shop\/\"},{\"@type\":\"ListItem\",\"position\":3,\"name\":\"SF-500 heat sealer for plastic bag foot operated sealing machine\"}]},{\"@type\":\"WebSite\",\"@id\":\"https:\/\/alfequipment.com\/#website\",\"url\":\"https:\/\/alfequipment.com\/\",\"name\":\"ALF PACK\",\"description\":\"\",\"publisher\":{\"@id\":\"https:\/\/alfequipment.com\/#organization\"},\"potentialAction\":[{\"@type\":\"SearchAction\",\"target\":{\"@type\":\"EntryPoint\",\"urlTemplate\":\"https:\/\/alfequipment.com\/?s={search_term_string}\"},\"query-input\":{\"@type\":\"PropertyValueSpecification\",\"valueRequired\":true,\"valueName\":\"search_term_string\"}}],\"inLanguage\":\"pt-PT\"},{\"@type\":\"Organization\",\"@id\":\"https:\/\/alfequipment.com\/#organization\",\"name\":\"ALF PACK\",\"url\":\"https:\/\/alfequipment.com\/\",\"logo\":{\"@type\":\"ImageObject\",\"inLanguage\":\"pt-PT\",\"@id\":\"https:\/\/alfequipment.com\/#\/schema\/logo\/image\/\",\"url\":\"https:\/\/alfequipment.com\/wp-content\/uploads\/2024\/11\/ALFlogo-2.webp\",\"contentUrl\":\"https:\/\/alfequipment.com\/wp-content\/uploads\/2024\/11\/ALFlogo-2.webp\",\"width\":758,\"height\":750,\"caption\":\"ALF PACK\"},\"image\":{\"@id\":\"https:\/\/alfequipment.com\/#\/schema\/logo\/image\/\"}}]}<\/script>\n<!-- \/ Yoast SEO Premium plugin. -->","yoast_head_json":{"title":"Seladora a quente SF-500 para sacos de pl\u00e1stico - ALF PACK","robots":{"index":"index","follow":"follow","max-snippet":"max-snippet:-1","max-image-preview":"max-image-preview:large","max-video-preview":"max-video-preview:-1"},"canonical":"https:\/\/alfequipment.com\/pt\/product\/sf-500-seladora-termica-para-sacos-de-plastico-maquina-seladora-operada-por-pedal\/","og_locale":"pt_PT","og_type":"article","og_title":"SF-500 heat sealer for plastic bag foot operated sealing machine","og_description":"Sf Series Foot Operated Sealing Machine","og_url":"https:\/\/alfequipment.com\/pt\/product\/sf-500-seladora-termica-para-sacos-de-plastico-maquina-seladora-operada-por-pedal\/","og_site_name":"ALF PACK","article_modified_time":"2025-01-13T13:10:40+00:00","og_image":[{"width":1000,"height":1000,"url":"https:\/\/alfequipment.com\/wp-content\/uploads\/2025\/01\/H19ce71da9df441a5b6c1d5c3bb1a4c8a3.jpg","type":"image\/webp"}],"twitter_card":"summary_large_image","schema":{"@context":"https:\/\/schema.org","@graph":[{"@type":"WebPage","@id":"https:\/\/alfequipment.com\/product\/sf-500-heat-sealer-for-plastic-bag-foot-operated-sealing-machine\/","url":"https:\/\/alfequipment.com\/product\/sf-500-heat-sealer-for-plastic-bag-foot-operated-sealing-machine\/","name":"Seladora a quente SF-500 para sacos de pl\u00e1stico - ALF PACK","isPartOf":{"@id":"https:\/\/alfequipment.com\/#website"},"primaryImageOfPage":{"@id":"https:\/\/alfequipment.com\/product\/sf-500-heat-sealer-for-plastic-bag-foot-operated-sealing-machine\/#primaryimage"},"image":{"@id":"https:\/\/alfequipment.com\/product\/sf-500-heat-sealer-for-plastic-bag-foot-operated-sealing-machine\/#primaryimage"},"thumbnailUrl":"https:\/\/alfequipment.com\/wp-content\/uploads\/2025\/01\/H19ce71da9df441a5b6c1d5c3bb1a4c8a3.jpg","datePublished":"2025-01-02T18:35:37+00:00","dateModified":"2025-01-13T13:10:40+00:00","breadcrumb":{"@id":"https:\/\/alfequipment.com\/product\/sf-500-heat-sealer-for-plastic-bag-foot-operated-sealing-machine\/#breadcrumb"},"inLanguage":"pt-PT","potentialAction":[{"@type":"ReadAction","target":["https:\/\/alfequipment.com\/product\/sf-500-heat-sealer-for-plastic-bag-foot-operated-sealing-machine\/"]}]},{"@type":"ImageObject","inLanguage":"pt-PT","@id":"https:\/\/alfequipment.com\/product\/sf-500-heat-sealer-for-plastic-bag-foot-operated-sealing-machine\/#primaryimage","url":"https:\/\/alfequipment.com\/wp-content\/uploads\/2025\/01\/H19ce71da9df441a5b6c1d5c3bb1a4c8a3.jpg","contentUrl":"https:\/\/alfequipment.com\/wp-content\/uploads\/2025\/01\/H19ce71da9df441a5b6c1d5c3bb1a4c8a3.jpg","width":1000,"height":1000},{"@type":"BreadcrumbList","@id":"https:\/\/alfequipment.com\/product\/sf-500-heat-sealer-for-plastic-bag-foot-operated-sealing-machine\/#breadcrumb","itemListElement":[{"@type":"ListItem","position":1,"name":"Home","item":"https:\/\/alfequipment.com\/"},{"@type":"ListItem","position":2,"name":"Shop","item":"https:\/\/alfequipment.com\/shop\/"},{"@type":"ListItem","position":3,"name":"SF-500 heat sealer for plastic bag foot operated sealing machine"}]},{"@type":"WebSite","@id":"https:\/\/alfequipment.com\/#website","url":"https:\/\/alfequipment.com\/","name":"PACK ALF","description":"","publisher":{"@id":"https:\/\/alfequipment.com\/#organization"},"potentialAction":[{"@type":"SearchAction","target":{"@type":"EntryPoint","urlTemplate":"https:\/\/alfequipment.com\/?s={search_term_string}"},"query-input":{"@type":"PropertyValueSpecification","valueRequired":true,"valueName":"search_term_string"}}],"inLanguage":"pt-PT"},{"@type":"Organization","@id":"https:\/\/alfequipment.com\/#organization","name":"PACK ALF","url":"https:\/\/alfequipment.com\/","logo":{"@type":"ImageObject","inLanguage":"pt-PT","@id":"https:\/\/alfequipment.com\/#\/schema\/logo\/image\/","url":"https:\/\/alfequipment.com\/wp-content\/uploads\/2024\/11\/ALFlogo-2.webp","contentUrl":"https:\/\/alfequipment.com\/wp-content\/uploads\/2024\/11\/ALFlogo-2.webp","width":758,"height":750,"caption":"ALF PACK"},"image":{"@id":"https:\/\/alfequipment.com\/#\/schema\/logo\/image\/"}}]}},"_links":{"self":[{"href":"https:\/\/alfequipment.com\/pt\/wp-json\/wp\/v2\/product\/3050","targetHints":{"allow":["GET"]}}],"collection":[{"href":"https:\/\/alfequipment.com\/pt\/wp-json\/wp\/v2\/product"}],"about":[{"href":"https:\/\/alfequipment.com\/pt\/wp-json\/wp\/v2\/types\/product"}],"replies":[{"embeddable":true,"href":"https:\/\/alfequipment.com\/pt\/wp-json\/wp\/v2\/comments?post=3050"}],"version-history":[{"count":0,"href":"https:\/\/alfequipment.com\/pt\/wp-json\/wp\/v2\/product\/3050\/revisions"}],"wp:featuredmedia":[{"embeddable":true,"href":"https:\/\/alfequipment.com\/pt\/wp-json\/wp\/v2\/media\/3051"}],"wp:attachment":[{"href":"https:\/\/alfequipment.com\/pt\/wp-json\/wp\/v2\/media?parent=3050"}],"wp:term":[{"taxonomy":"product_brand","embeddable":true,"href":"https:\/\/alfequipment.com\/pt\/wp-json\/wp\/v2\/product_brand?post=3050"},{"taxonomy":"product_cat","embeddable":true,"href":"https:\/\/alfequipment.com\/pt\/wp-json\/wp\/v2\/product_cat?post=3050"},{"taxonomy":"product_tag","embeddable":true,"href":"https:\/\/alfequipment.com\/pt\/wp-json\/wp\/v2\/product_tag?post=3050"}],"curies":[{"name":"wp","href":"https:\/\/api.w.org\/{rel}","templated":true}]}}