{"id":3056,"date":"2024-12-27T12:36:21","date_gmt":"2024-12-27T12:36:21","guid":{"rendered":"https:\/\/alfequipment.com\/product\/pfs-300m-manual-hand-impulse-sealer-with-middle-cutter\/"},"modified":"2025-01-13T14:55:39","modified_gmt":"2025-01-13T14:55:39","slug":"pfs-300m-seladora-manual-de-impulso-com-cortador-central","status":"publish","type":"product","link":"https:\/\/alfequipment.com\/pt\/product\/pfs-300m-seladora-manual-de-impulso-com-cortador-central\/","title":{"rendered":"PFS-300M Seladora manual de impulso com cortador central"},"content":{"rendered":"<div data-magic-global=\"%7B%22bizId%22%3A17179933680%2C%22pageId%22%3A21050785635%2C%22siteId%22%3A5005331025%7D\" id=\"detail_decorate_root\">\n<div module-id=\"28336841418\" module-title=\"detailProductNavigation\" render=\"true\" class=\"J_module\">\n<div id=\"ali-anchor-AliMagic-xnelg5\" data-section=\"AliMagic-xnelg5\" data-section-title=\"Product Description\" class=\"magic-0\">A seladora manual de impulso \u00e9 f\u00e1cil de operar com o tempo de aquecimento ajust\u00e1vel e adequada para selar v\u00e1rias pel\u00edculas de pl\u00e1stico, come\u00e7a a funcionar apenas ligando a fonte de alimenta\u00e7\u00e3o.<\/div>\n<\/div>\n<div module-id=\"28336841420\" module-title=\"detailLeftImageRightTable\" render=\"true\" class=\"J_module\">\n<div class=\"detail-decorate-json-renderer-container\">\n<div class=\"magic-1\">\n<div class=\"magic-5\">\n<div class=\"magic-3\">\n<div class=\"magic-6\">\n       <img decoding=\"async\" src=\"https:\/\/sc04.alicdn.com\/kf\/Hc6892c2fcaeb44fdb11c712bbadabf7e8\/64496\/Hc6892c2fcaeb44fdb11c712bbadabf7e8.jpg\" class=\"aligncenter\">\n      <\/div>\n<\/p><\/div>\n<\/p><\/div>\n<div class=\"magic-8\">\n<div class=\"magic-3\">\n<div class=\"ife-detail-decorate-table\">\n<table class=\"has-title all magic-9\">\n<tbody>\n<tr>\n<td colspan=\"1\" rowspan=\"1\">\n<div class=\"magic-10\">\n            Modelo\n           <\/div>\n<\/td>\n<td colspan=\"1\" rowspan=\"1\">\n<div class=\"magic-11\">\n            PFS-200M\n           <\/div>\n<\/td>\n<td colspan=\"1\" rowspan=\"1\">\n<div class=\"magic-12\">\n            <b>PFS-300M<\/b>\n           <\/div>\n<\/td>\n<\/tr>\n<tr>\n<td colspan=\"1\" rowspan=\"1\">\n<div class=\"magic-10\">\n            Fonte de alimenta\u00e7\u00e3o\n           <\/div>\n<\/td>\n<td colspan=\"2\" rowspan=\"1\">\n<div class=\"magic-13\">\n            AC220V\/50HZ 110V\/60HZ\n           <\/div>\n<\/td>\n<td rowspan=\"0\" class=\"magic-14\">\n<div class=\"magic-11\"><\/div>\n<\/td>\n<\/tr>\n<tr>\n<td colspan=\"1\" rowspan=\"1\">\n<div class=\"magic-10\">\n            Pot\u00eancia\n           <\/div>\n<\/td>\n<td colspan=\"1\" rowspan=\"1\">\n<div class=\"magic-11\">\n            330W\n           <\/div>\n<\/td>\n<td colspan=\"1\" rowspan=\"1\">\n<div class=\"magic-12\">\n            430W\n           <\/div>\n<\/td>\n<\/tr>\n<tr>\n<td colspan=\"1\" rowspan=\"1\">\n<div class=\"magic-10\">\n            Comprimento de veda\u00e7\u00e3o\n           <\/div>\n<\/td>\n<td colspan=\"1\" rowspan=\"1\">\n<div class=\"magic-11\">\n            200 mm\n           <\/div>\n<\/td>\n<td colspan=\"1\" rowspan=\"1\">\n<div class=\"magic-12\">\n            300 mm\n           <\/div>\n<\/td>\n<\/tr>\n<tr>\n<td colspan=\"1\" rowspan=\"1\">\n<div class=\"magic-10\">\n            Largura de veda\u00e7\u00e3o\n           <\/div>\n<\/td>\n<td colspan=\"2\" rowspan=\"1\">\n<div class=\"magic-13\">\n            3mm\n           <\/div>\n<\/td>\n<td rowspan=\"0\" class=\"magic-14\">\n<div class=\"magic-11\"><\/div>\n<\/td>\n<\/tr>\n<tr>\n<td colspan=\"1\" rowspan=\"1\">\n<div class=\"magic-10\">\n            Tempo de aquecimento\n           <\/div>\n<\/td>\n<td colspan=\"2\" rowspan=\"1\">\n<div class=\"magic-13\">\n            0,2-1,3 seg.\n           <\/div>\n<\/td>\n<td rowspan=\"0\" class=\"magic-14\">\n<div class=\"magic-11\"><\/div>\n<\/td>\n<\/tr>\n<tr>\n<td colspan=\"1\" rowspan=\"1\">\n<div class=\"magic-10\">\n            Tamanho da m\u00e1quina\n           <\/div>\n<\/td>\n<td colspan=\"1\" rowspan=\"1\">\n<div class=\"magic-11\">\n            320*80*150mm\n           <\/div>\n<\/td>\n<td colspan=\"1\" rowspan=\"1\">\n<div class=\"magic-12\">\n            450*85*180mm\n           <\/div>\n<\/td>\n<\/tr>\n<tr>\n<td colspan=\"1\" rowspan=\"1\">\n<div class=\"magic-10\">\n            Peso da m\u00e1quina\n           <\/div>\n<\/td>\n<td colspan=\"1\" rowspan=\"1\">\n<div class=\"magic-11\">\n            2.8KG\n           <\/div>\n<\/td>\n<td colspan=\"1\" rowspan=\"1\">\n<div class=\"magic-12\">\n            4.5KG\n           <\/div>\n<\/td>\n<\/tr>\n<\/tbody>\n<\/table><\/div>\n<\/p><\/div>\n<\/p><\/div>\n<\/p><\/div>\n<\/p><\/div>\n<\/p><\/div>\n<div module-id=\"28336841421\" module-title=\"detailManyImage\" render=\"true\" class=\"J_module\">\n<div class=\"icbu-pc-detailManyImage magic-15\">\n<div class=\"magic-16\">\n    <img decoding=\"async\" src=\"https:\/\/sc04.alicdn.com\/kf\/H7d556c6903884040aa39bceab9a00510a\/64496\/H7d556c6903884040aa39bceab9a00510a.png\" class=\"aligncenter\">\n   <\/div>\n<div class=\"magic-18\">\n    <img decoding=\"async\" src=\"https:\/\/sc04.alicdn.com\/kf\/H8d39fbebb2fc4336a0069c5572a78900v\/64496\/H8d39fbebb2fc4336a0069c5572a78900v.png\" class=\"aligncenter\">\n   <\/div>\n<div class=\"magic-20\">\n    <img decoding=\"async\" src=\"https:\/\/sc04.alicdn.com\/kf\/H90bc68a5b3e24a42b6426d0bf922548aH\/64496\/H90bc68a5b3e24a42b6426d0bf922548aH.png\" class=\"aligncenter\">\n   <\/div>\n<\/p><\/div>\n<\/p><\/div>\n<\/div>","protected":false},"excerpt":{"rendered":"<p>M\u00e1quina Seladora Manual de Sacos Pl\u00e1sticos com Cortador Pfs300m<\/p>","protected":false},"featured_media":3057,"comment_status":"closed","ping_status":"open","template":"","meta":[],"product_brand":[],"product_cat":[118,97],"product_tag":[],"class_list":{"0":"post-3056","1":"product","2":"type-product","3":"status-publish","4":"has-post-thumbnail","6":"product_cat-hand-foot-sealing-machine","7":"product_cat-sealing-machines","9":"first","10":"instock","11":"sale","12":"purchasable","13":"product-type-simple"},"yoast_head":"<!-- This site is optimized with the Yoast SEO Premium plugin v20.9 (Yoast SEO v26.5) - https:\/\/yoast.com\/wordpress\/plugins\/seo\/ -->\n<title>PFS-300M Manual hand impulse sealer with middle cutter - ALF PACK<\/title>\n<meta name=\"robots\" content=\"index, follow, max-snippet:-1, max-image-preview:large, max-video-preview:-1\" \/>\n<link rel=\"canonical\" href=\"https:\/\/alfequipment.com\/pt\/product\/pfs-300m-seladora-manual-de-impulso-com-cortador-central\/\" \/>\n<meta property=\"og:locale\" content=\"pt_PT\" \/>\n<meta property=\"og:type\" content=\"article\" \/>\n<meta property=\"og:title\" content=\"PFS-300M Manual hand impulse sealer with middle cutter\" \/>\n<meta property=\"og:description\" content=\"Pfs300m Manual Sealer Plastic Bag Sealing Machine With Cutter\" \/>\n<meta property=\"og:url\" content=\"https:\/\/alfequipment.com\/pt\/product\/pfs-300m-seladora-manual-de-impulso-com-cortador-central\/\" \/>\n<meta property=\"og:site_name\" content=\"ALF PACK\" \/>\n<meta property=\"article:modified_time\" content=\"2025-01-13T14:55:39+00:00\" \/>\n<meta property=\"og:image\" content=\"https:\/\/alfequipment.com\/wp-content\/uploads\/2025\/01\/PFS-300M-Manual-hand-impulse-sealer-with.jpg\" \/>\n\t<meta property=\"og:image:width\" content=\"800\" \/>\n\t<meta property=\"og:image:height\" content=\"800\" \/>\n\t<meta property=\"og:image:type\" content=\"image\/webp\" \/>\n<meta name=\"twitter:card\" content=\"summary_large_image\" \/>\n<script type=\"application\/ld+json\" class=\"yoast-schema-graph\">{\"@context\":\"https:\/\/schema.org\",\"@graph\":[{\"@type\":\"WebPage\",\"@id\":\"https:\/\/alfequipment.com\/product\/pfs-300m-manual-hand-impulse-sealer-with-middle-cutter\/\",\"url\":\"https:\/\/alfequipment.com\/product\/pfs-300m-manual-hand-impulse-sealer-with-middle-cutter\/\",\"name\":\"PFS-300M Manual hand impulse sealer with middle cutter - ALF PACK\",\"isPartOf\":{\"@id\":\"https:\/\/alfequipment.com\/#website\"},\"primaryImageOfPage\":{\"@id\":\"https:\/\/alfequipment.com\/product\/pfs-300m-manual-hand-impulse-sealer-with-middle-cutter\/#primaryimage\"},\"image\":{\"@id\":\"https:\/\/alfequipment.com\/product\/pfs-300m-manual-hand-impulse-sealer-with-middle-cutter\/#primaryimage\"},\"thumbnailUrl\":\"https:\/\/alfequipment.com\/wp-content\/uploads\/2025\/01\/PFS-300M-Manual-hand-impulse-sealer-with.jpg\",\"datePublished\":\"2024-12-27T12:36:21+00:00\",\"dateModified\":\"2025-01-13T14:55:39+00:00\",\"breadcrumb\":{\"@id\":\"https:\/\/alfequipment.com\/product\/pfs-300m-manual-hand-impulse-sealer-with-middle-cutter\/#breadcrumb\"},\"inLanguage\":\"pt-PT\",\"potentialAction\":[{\"@type\":\"ReadAction\",\"target\":[\"https:\/\/alfequipment.com\/product\/pfs-300m-manual-hand-impulse-sealer-with-middle-cutter\/\"]}]},{\"@type\":\"ImageObject\",\"inLanguage\":\"pt-PT\",\"@id\":\"https:\/\/alfequipment.com\/product\/pfs-300m-manual-hand-impulse-sealer-with-middle-cutter\/#primaryimage\",\"url\":\"https:\/\/alfequipment.com\/wp-content\/uploads\/2025\/01\/PFS-300M-Manual-hand-impulse-sealer-with.jpg\",\"contentUrl\":\"https:\/\/alfequipment.com\/wp-content\/uploads\/2025\/01\/PFS-300M-Manual-hand-impulse-sealer-with.jpg\",\"width\":800,\"height\":800},{\"@type\":\"BreadcrumbList\",\"@id\":\"https:\/\/alfequipment.com\/product\/pfs-300m-manual-hand-impulse-sealer-with-middle-cutter\/#breadcrumb\",\"itemListElement\":[{\"@type\":\"ListItem\",\"position\":1,\"name\":\"Home\",\"item\":\"https:\/\/alfequipment.com\/\"},{\"@type\":\"ListItem\",\"position\":2,\"name\":\"Shop\",\"item\":\"https:\/\/alfequipment.com\/shop\/\"},{\"@type\":\"ListItem\",\"position\":3,\"name\":\"PFS-300M Manual hand impulse sealer with middle cutter\"}]},{\"@type\":\"WebSite\",\"@id\":\"https:\/\/alfequipment.com\/#website\",\"url\":\"https:\/\/alfequipment.com\/\",\"name\":\"ALF PACK\",\"description\":\"\",\"publisher\":{\"@id\":\"https:\/\/alfequipment.com\/#organization\"},\"potentialAction\":[{\"@type\":\"SearchAction\",\"target\":{\"@type\":\"EntryPoint\",\"urlTemplate\":\"https:\/\/alfequipment.com\/?s={search_term_string}\"},\"query-input\":{\"@type\":\"PropertyValueSpecification\",\"valueRequired\":true,\"valueName\":\"search_term_string\"}}],\"inLanguage\":\"pt-PT\"},{\"@type\":\"Organization\",\"@id\":\"https:\/\/alfequipment.com\/#organization\",\"name\":\"ALF PACK\",\"url\":\"https:\/\/alfequipment.com\/\",\"logo\":{\"@type\":\"ImageObject\",\"inLanguage\":\"pt-PT\",\"@id\":\"https:\/\/alfequipment.com\/#\/schema\/logo\/image\/\",\"url\":\"https:\/\/alfequipment.com\/wp-content\/uploads\/2024\/11\/ALFlogo-2.webp\",\"contentUrl\":\"https:\/\/alfequipment.com\/wp-content\/uploads\/2024\/11\/ALFlogo-2.webp\",\"width\":758,\"height\":750,\"caption\":\"ALF PACK\"},\"image\":{\"@id\":\"https:\/\/alfequipment.com\/#\/schema\/logo\/image\/\"}}]}<\/script>\n<!-- \/ Yoast SEO Premium plugin. -->","yoast_head_json":{"title":"PFS-300M Seladora manual de impulso com cortador central - ALF PACK","robots":{"index":"index","follow":"follow","max-snippet":"max-snippet:-1","max-image-preview":"max-image-preview:large","max-video-preview":"max-video-preview:-1"},"canonical":"https:\/\/alfequipment.com\/pt\/product\/pfs-300m-seladora-manual-de-impulso-com-cortador-central\/","og_locale":"pt_PT","og_type":"article","og_title":"PFS-300M Manual hand impulse sealer with middle cutter","og_description":"Pfs300m Manual Sealer Plastic Bag Sealing Machine With Cutter","og_url":"https:\/\/alfequipment.com\/pt\/product\/pfs-300m-seladora-manual-de-impulso-com-cortador-central\/","og_site_name":"ALF PACK","article_modified_time":"2025-01-13T14:55:39+00:00","og_image":[{"width":800,"height":800,"url":"https:\/\/alfequipment.com\/wp-content\/uploads\/2025\/01\/PFS-300M-Manual-hand-impulse-sealer-with.jpg","type":"image\/webp"}],"twitter_card":"summary_large_image","schema":{"@context":"https:\/\/schema.org","@graph":[{"@type":"WebPage","@id":"https:\/\/alfequipment.com\/product\/pfs-300m-manual-hand-impulse-sealer-with-middle-cutter\/","url":"https:\/\/alfequipment.com\/product\/pfs-300m-manual-hand-impulse-sealer-with-middle-cutter\/","name":"PFS-300M Seladora manual de impulso com cortador central - ALF PACK","isPartOf":{"@id":"https:\/\/alfequipment.com\/#website"},"primaryImageOfPage":{"@id":"https:\/\/alfequipment.com\/product\/pfs-300m-manual-hand-impulse-sealer-with-middle-cutter\/#primaryimage"},"image":{"@id":"https:\/\/alfequipment.com\/product\/pfs-300m-manual-hand-impulse-sealer-with-middle-cutter\/#primaryimage"},"thumbnailUrl":"https:\/\/alfequipment.com\/wp-content\/uploads\/2025\/01\/PFS-300M-Manual-hand-impulse-sealer-with.jpg","datePublished":"2024-12-27T12:36:21+00:00","dateModified":"2025-01-13T14:55:39+00:00","breadcrumb":{"@id":"https:\/\/alfequipment.com\/product\/pfs-300m-manual-hand-impulse-sealer-with-middle-cutter\/#breadcrumb"},"inLanguage":"pt-PT","potentialAction":[{"@type":"ReadAction","target":["https:\/\/alfequipment.com\/product\/pfs-300m-manual-hand-impulse-sealer-with-middle-cutter\/"]}]},{"@type":"ImageObject","inLanguage":"pt-PT","@id":"https:\/\/alfequipment.com\/product\/pfs-300m-manual-hand-impulse-sealer-with-middle-cutter\/#primaryimage","url":"https:\/\/alfequipment.com\/wp-content\/uploads\/2025\/01\/PFS-300M-Manual-hand-impulse-sealer-with.jpg","contentUrl":"https:\/\/alfequipment.com\/wp-content\/uploads\/2025\/01\/PFS-300M-Manual-hand-impulse-sealer-with.jpg","width":800,"height":800},{"@type":"BreadcrumbList","@id":"https:\/\/alfequipment.com\/product\/pfs-300m-manual-hand-impulse-sealer-with-middle-cutter\/#breadcrumb","itemListElement":[{"@type":"ListItem","position":1,"name":"Home","item":"https:\/\/alfequipment.com\/"},{"@type":"ListItem","position":2,"name":"Shop","item":"https:\/\/alfequipment.com\/shop\/"},{"@type":"ListItem","position":3,"name":"PFS-300M Manual hand impulse sealer with middle cutter"}]},{"@type":"WebSite","@id":"https:\/\/alfequipment.com\/#website","url":"https:\/\/alfequipment.com\/","name":"PACK ALF","description":"","publisher":{"@id":"https:\/\/alfequipment.com\/#organization"},"potentialAction":[{"@type":"SearchAction","target":{"@type":"EntryPoint","urlTemplate":"https:\/\/alfequipment.com\/?s={search_term_string}"},"query-input":{"@type":"PropertyValueSpecification","valueRequired":true,"valueName":"search_term_string"}}],"inLanguage":"pt-PT"},{"@type":"Organization","@id":"https:\/\/alfequipment.com\/#organization","name":"PACK ALF","url":"https:\/\/alfequipment.com\/","logo":{"@type":"ImageObject","inLanguage":"pt-PT","@id":"https:\/\/alfequipment.com\/#\/schema\/logo\/image\/","url":"https:\/\/alfequipment.com\/wp-content\/uploads\/2024\/11\/ALFlogo-2.webp","contentUrl":"https:\/\/alfequipment.com\/wp-content\/uploads\/2024\/11\/ALFlogo-2.webp","width":758,"height":750,"caption":"ALF PACK"},"image":{"@id":"https:\/\/alfequipment.com\/#\/schema\/logo\/image\/"}}]}},"_links":{"self":[{"href":"https:\/\/alfequipment.com\/pt\/wp-json\/wp\/v2\/product\/3056","targetHints":{"allow":["GET"]}}],"collection":[{"href":"https:\/\/alfequipment.com\/pt\/wp-json\/wp\/v2\/product"}],"about":[{"href":"https:\/\/alfequipment.com\/pt\/wp-json\/wp\/v2\/types\/product"}],"replies":[{"embeddable":true,"href":"https:\/\/alfequipment.com\/pt\/wp-json\/wp\/v2\/comments?post=3056"}],"version-history":[{"count":0,"href":"https:\/\/alfequipment.com\/pt\/wp-json\/wp\/v2\/product\/3056\/revisions"}],"wp:featuredmedia":[{"embeddable":true,"href":"https:\/\/alfequipment.com\/pt\/wp-json\/wp\/v2\/media\/3057"}],"wp:attachment":[{"href":"https:\/\/alfequipment.com\/pt\/wp-json\/wp\/v2\/media?parent=3056"}],"wp:term":[{"taxonomy":"product_brand","embeddable":true,"href":"https:\/\/alfequipment.com\/pt\/wp-json\/wp\/v2\/product_brand?post=3056"},{"taxonomy":"product_cat","embeddable":true,"href":"https:\/\/alfequipment.com\/pt\/wp-json\/wp\/v2\/product_cat?post=3056"},{"taxonomy":"product_tag","embeddable":true,"href":"https:\/\/alfequipment.com\/pt\/wp-json\/wp\/v2\/product_tag?post=3056"}],"curies":[{"name":"wp","href":"https:\/\/api.w.org\/{rel}","templated":true}]}}