{"id":3096,"date":"2024-12-01T16:14:01","date_gmt":"2024-12-01T16:14:01","guid":{"rendered":"https:\/\/alfequipment.com\/product\/dz600f-vertical-type-external-vacuum-packager-sealing-packaging-machine\/"},"modified":"2025-01-13T13:11:42","modified_gmt":"2025-01-13T13:11:42","slug":"dz600f-maquina-de-embalagem-a-vacuo-externa-de-tipo-vertical-para-selagem","status":"publish","type":"product","link":"https:\/\/alfequipment.com\/pt\/product\/dz600f-maquina-de-embalagem-a-vacuo-externa-de-tipo-vertical-para-selagem\/","title":{"rendered":"DZ600F M\u00e1quina de embalagem e selagem a v\u00e1cuo externa tipo vertical"},"content":{"rendered":"<div data-magic-global=\"%7B%22bizId%22%3A17179933680%2C%22pageId%22%3A21039546877%2C%22siteId%22%3A5005331025%7D\" id=\"detail_decorate_root\">\n<div module-id=\"28268650911\" module-title=\"detailProductNavigation\" render=\"true\" class=\"J_module\">\n<div id=\"ali-anchor-AliMagic-lrox2b\" data-section=\"AliMagic-lrox2b\" data-section-title=\"Product Overview\" class=\"magic-0\">\u00c9 um novo conceito de m\u00e1quina de embalagem a v\u00e1cuo, utilizando um bocal para aspirar o ar diretamente para fora do saco, de modo que supera muitas defici\u00eancias da m\u00e1quina de embalagem a v\u00e1cuo tipo c\u00e2mara. Suporta v\u00e1cuo + enchimento de g\u00e1s + selagem e prolonga o prazo de validade dos alimentos.<\/div>\n<\/div>\n<\/div>","protected":false},"excerpt":{"rendered":"<p>M\u00e1quina de embalagem e selagem a v\u00e1cuo Dz-600l<\/p>","protected":false},"featured_media":3097,"comment_status":"closed","ping_status":"open","template":"","meta":[],"product_brand":[],"product_cat":[100],"product_tag":[],"class_list":{"0":"post-3096","1":"product","2":"type-product","3":"status-publish","4":"has-post-thumbnail","6":"product_cat-vacuum-packing-machines","8":"first","9":"instock","10":"sale","11":"purchasable","12":"product-type-simple"},"yoast_head":"<!-- This site is optimized with the Yoast SEO Premium plugin v20.9 (Yoast SEO v26.5) - https:\/\/yoast.com\/wordpress\/plugins\/seo\/ -->\n<title>DZ600F Vertical type External Vacuum Packager Sealing Packaging Machine - ALF PACK<\/title>\n<meta name=\"robots\" content=\"index, follow, max-snippet:-1, max-image-preview:large, max-video-preview:-1\" \/>\n<link rel=\"canonical\" href=\"https:\/\/alfequipment.com\/pt\/product\/dz600f-maquina-de-embalagem-a-vacuo-externa-de-tipo-vertical-para-selagem\/\" \/>\n<meta property=\"og:locale\" content=\"pt_PT\" \/>\n<meta property=\"og:type\" content=\"article\" \/>\n<meta property=\"og:title\" content=\"DZ600F Vertical type External Vacuum Packager Sealing Packaging Machine\" \/>\n<meta property=\"og:description\" content=\"Dz-600l Vacuum Sealing Packaging Machine\" \/>\n<meta property=\"og:url\" content=\"https:\/\/alfequipment.com\/pt\/product\/dz600f-maquina-de-embalagem-a-vacuo-externa-de-tipo-vertical-para-selagem\/\" \/>\n<meta property=\"og:site_name\" content=\"ALF PACK\" \/>\n<meta property=\"article:modified_time\" content=\"2025-01-13T13:11:42+00:00\" \/>\n<meta property=\"og:image\" content=\"https:\/\/alfequipment.com\/wp-content\/uploads\/2025\/01\/DZ600F-Vertical-type-External-Vacuum-Packager-Sealing.jpg\" \/>\n\t<meta property=\"og:image:width\" content=\"1000\" \/>\n\t<meta property=\"og:image:height\" content=\"1000\" \/>\n\t<meta property=\"og:image:type\" content=\"image\/webp\" \/>\n<meta name=\"twitter:card\" content=\"summary_large_image\" \/>\n<script type=\"application\/ld+json\" class=\"yoast-schema-graph\">{\"@context\":\"https:\/\/schema.org\",\"@graph\":[{\"@type\":\"WebPage\",\"@id\":\"https:\/\/alfequipment.com\/product\/dz600f-vertical-type-external-vacuum-packager-sealing-packaging-machine\/\",\"url\":\"https:\/\/alfequipment.com\/product\/dz600f-vertical-type-external-vacuum-packager-sealing-packaging-machine\/\",\"name\":\"DZ600F Vertical type External Vacuum Packager Sealing Packaging Machine - ALF PACK\",\"isPartOf\":{\"@id\":\"https:\/\/alfequipment.com\/#website\"},\"primaryImageOfPage\":{\"@id\":\"https:\/\/alfequipment.com\/product\/dz600f-vertical-type-external-vacuum-packager-sealing-packaging-machine\/#primaryimage\"},\"image\":{\"@id\":\"https:\/\/alfequipment.com\/product\/dz600f-vertical-type-external-vacuum-packager-sealing-packaging-machine\/#primaryimage\"},\"thumbnailUrl\":\"https:\/\/alfequipment.com\/wp-content\/uploads\/2025\/01\/DZ600F-Vertical-type-External-Vacuum-Packager-Sealing.jpg\",\"datePublished\":\"2024-12-01T16:14:01+00:00\",\"dateModified\":\"2025-01-13T13:11:42+00:00\",\"breadcrumb\":{\"@id\":\"https:\/\/alfequipment.com\/product\/dz600f-vertical-type-external-vacuum-packager-sealing-packaging-machine\/#breadcrumb\"},\"inLanguage\":\"pt-PT\",\"potentialAction\":[{\"@type\":\"ReadAction\",\"target\":[\"https:\/\/alfequipment.com\/product\/dz600f-vertical-type-external-vacuum-packager-sealing-packaging-machine\/\"]}]},{\"@type\":\"ImageObject\",\"inLanguage\":\"pt-PT\",\"@id\":\"https:\/\/alfequipment.com\/product\/dz600f-vertical-type-external-vacuum-packager-sealing-packaging-machine\/#primaryimage\",\"url\":\"https:\/\/alfequipment.com\/wp-content\/uploads\/2025\/01\/DZ600F-Vertical-type-External-Vacuum-Packager-Sealing.jpg\",\"contentUrl\":\"https:\/\/alfequipment.com\/wp-content\/uploads\/2025\/01\/DZ600F-Vertical-type-External-Vacuum-Packager-Sealing.jpg\",\"width\":1000,\"height\":1000},{\"@type\":\"BreadcrumbList\",\"@id\":\"https:\/\/alfequipment.com\/product\/dz600f-vertical-type-external-vacuum-packager-sealing-packaging-machine\/#breadcrumb\",\"itemListElement\":[{\"@type\":\"ListItem\",\"position\":1,\"name\":\"Home\",\"item\":\"https:\/\/alfequipment.com\/\"},{\"@type\":\"ListItem\",\"position\":2,\"name\":\"Shop\",\"item\":\"https:\/\/alfequipment.com\/shop\/\"},{\"@type\":\"ListItem\",\"position\":3,\"name\":\"DZ600F Vertical type External Vacuum Packager Sealing Packaging Machine\"}]},{\"@type\":\"WebSite\",\"@id\":\"https:\/\/alfequipment.com\/#website\",\"url\":\"https:\/\/alfequipment.com\/\",\"name\":\"ALF PACK\",\"description\":\"\",\"publisher\":{\"@id\":\"https:\/\/alfequipment.com\/#organization\"},\"potentialAction\":[{\"@type\":\"SearchAction\",\"target\":{\"@type\":\"EntryPoint\",\"urlTemplate\":\"https:\/\/alfequipment.com\/?s={search_term_string}\"},\"query-input\":{\"@type\":\"PropertyValueSpecification\",\"valueRequired\":true,\"valueName\":\"search_term_string\"}}],\"inLanguage\":\"pt-PT\"},{\"@type\":\"Organization\",\"@id\":\"https:\/\/alfequipment.com\/#organization\",\"name\":\"ALF PACK\",\"url\":\"https:\/\/alfequipment.com\/\",\"logo\":{\"@type\":\"ImageObject\",\"inLanguage\":\"pt-PT\",\"@id\":\"https:\/\/alfequipment.com\/#\/schema\/logo\/image\/\",\"url\":\"https:\/\/alfequipment.com\/wp-content\/uploads\/2024\/11\/ALFlogo-2.webp\",\"contentUrl\":\"https:\/\/alfequipment.com\/wp-content\/uploads\/2024\/11\/ALFlogo-2.webp\",\"width\":758,\"height\":750,\"caption\":\"ALF PACK\"},\"image\":{\"@id\":\"https:\/\/alfequipment.com\/#\/schema\/logo\/image\/\"}}]}<\/script>\n<!-- \/ Yoast SEO Premium plugin. -->","yoast_head_json":{"title":"DZ600F M\u00e1quina de embalagem e selagem a v\u00e1cuo externa tipo vertical - ALF PACK","robots":{"index":"index","follow":"follow","max-snippet":"max-snippet:-1","max-image-preview":"max-image-preview:large","max-video-preview":"max-video-preview:-1"},"canonical":"https:\/\/alfequipment.com\/pt\/product\/dz600f-maquina-de-embalagem-a-vacuo-externa-de-tipo-vertical-para-selagem\/","og_locale":"pt_PT","og_type":"article","og_title":"DZ600F Vertical type External Vacuum Packager Sealing Packaging Machine","og_description":"Dz-600l Vacuum Sealing Packaging Machine","og_url":"https:\/\/alfequipment.com\/pt\/product\/dz600f-maquina-de-embalagem-a-vacuo-externa-de-tipo-vertical-para-selagem\/","og_site_name":"ALF PACK","article_modified_time":"2025-01-13T13:11:42+00:00","og_image":[{"width":1000,"height":1000,"url":"https:\/\/alfequipment.com\/wp-content\/uploads\/2025\/01\/DZ600F-Vertical-type-External-Vacuum-Packager-Sealing.jpg","type":"image\/webp"}],"twitter_card":"summary_large_image","schema":{"@context":"https:\/\/schema.org","@graph":[{"@type":"WebPage","@id":"https:\/\/alfequipment.com\/product\/dz600f-vertical-type-external-vacuum-packager-sealing-packaging-machine\/","url":"https:\/\/alfequipment.com\/product\/dz600f-vertical-type-external-vacuum-packager-sealing-packaging-machine\/","name":"DZ600F M\u00e1quina de embalagem e selagem a v\u00e1cuo externa tipo vertical - ALF PACK","isPartOf":{"@id":"https:\/\/alfequipment.com\/#website"},"primaryImageOfPage":{"@id":"https:\/\/alfequipment.com\/product\/dz600f-vertical-type-external-vacuum-packager-sealing-packaging-machine\/#primaryimage"},"image":{"@id":"https:\/\/alfequipment.com\/product\/dz600f-vertical-type-external-vacuum-packager-sealing-packaging-machine\/#primaryimage"},"thumbnailUrl":"https:\/\/alfequipment.com\/wp-content\/uploads\/2025\/01\/DZ600F-Vertical-type-External-Vacuum-Packager-Sealing.jpg","datePublished":"2024-12-01T16:14:01+00:00","dateModified":"2025-01-13T13:11:42+00:00","breadcrumb":{"@id":"https:\/\/alfequipment.com\/product\/dz600f-vertical-type-external-vacuum-packager-sealing-packaging-machine\/#breadcrumb"},"inLanguage":"pt-PT","potentialAction":[{"@type":"ReadAction","target":["https:\/\/alfequipment.com\/product\/dz600f-vertical-type-external-vacuum-packager-sealing-packaging-machine\/"]}]},{"@type":"ImageObject","inLanguage":"pt-PT","@id":"https:\/\/alfequipment.com\/product\/dz600f-vertical-type-external-vacuum-packager-sealing-packaging-machine\/#primaryimage","url":"https:\/\/alfequipment.com\/wp-content\/uploads\/2025\/01\/DZ600F-Vertical-type-External-Vacuum-Packager-Sealing.jpg","contentUrl":"https:\/\/alfequipment.com\/wp-content\/uploads\/2025\/01\/DZ600F-Vertical-type-External-Vacuum-Packager-Sealing.jpg","width":1000,"height":1000},{"@type":"BreadcrumbList","@id":"https:\/\/alfequipment.com\/product\/dz600f-vertical-type-external-vacuum-packager-sealing-packaging-machine\/#breadcrumb","itemListElement":[{"@type":"ListItem","position":1,"name":"Home","item":"https:\/\/alfequipment.com\/"},{"@type":"ListItem","position":2,"name":"Shop","item":"https:\/\/alfequipment.com\/shop\/"},{"@type":"ListItem","position":3,"name":"DZ600F Vertical type External Vacuum Packager Sealing Packaging Machine"}]},{"@type":"WebSite","@id":"https:\/\/alfequipment.com\/#website","url":"https:\/\/alfequipment.com\/","name":"PACK ALF","description":"","publisher":{"@id":"https:\/\/alfequipment.com\/#organization"},"potentialAction":[{"@type":"SearchAction","target":{"@type":"EntryPoint","urlTemplate":"https:\/\/alfequipment.com\/?s={search_term_string}"},"query-input":{"@type":"PropertyValueSpecification","valueRequired":true,"valueName":"search_term_string"}}],"inLanguage":"pt-PT"},{"@type":"Organization","@id":"https:\/\/alfequipment.com\/#organization","name":"PACK ALF","url":"https:\/\/alfequipment.com\/","logo":{"@type":"ImageObject","inLanguage":"pt-PT","@id":"https:\/\/alfequipment.com\/#\/schema\/logo\/image\/","url":"https:\/\/alfequipment.com\/wp-content\/uploads\/2024\/11\/ALFlogo-2.webp","contentUrl":"https:\/\/alfequipment.com\/wp-content\/uploads\/2024\/11\/ALFlogo-2.webp","width":758,"height":750,"caption":"ALF PACK"},"image":{"@id":"https:\/\/alfequipment.com\/#\/schema\/logo\/image\/"}}]}},"_links":{"self":[{"href":"https:\/\/alfequipment.com\/pt\/wp-json\/wp\/v2\/product\/3096","targetHints":{"allow":["GET"]}}],"collection":[{"href":"https:\/\/alfequipment.com\/pt\/wp-json\/wp\/v2\/product"}],"about":[{"href":"https:\/\/alfequipment.com\/pt\/wp-json\/wp\/v2\/types\/product"}],"replies":[{"embeddable":true,"href":"https:\/\/alfequipment.com\/pt\/wp-json\/wp\/v2\/comments?post=3096"}],"version-history":[{"count":0,"href":"https:\/\/alfequipment.com\/pt\/wp-json\/wp\/v2\/product\/3096\/revisions"}],"wp:featuredmedia":[{"embeddable":true,"href":"https:\/\/alfequipment.com\/pt\/wp-json\/wp\/v2\/media\/3097"}],"wp:attachment":[{"href":"https:\/\/alfequipment.com\/pt\/wp-json\/wp\/v2\/media?parent=3096"}],"wp:term":[{"taxonomy":"product_brand","embeddable":true,"href":"https:\/\/alfequipment.com\/pt\/wp-json\/wp\/v2\/product_brand?post=3096"},{"taxonomy":"product_cat","embeddable":true,"href":"https:\/\/alfequipment.com\/pt\/wp-json\/wp\/v2\/product_cat?post=3096"},{"taxonomy":"product_tag","embeddable":true,"href":"https:\/\/alfequipment.com\/pt\/wp-json\/wp\/v2\/product_tag?post=3096"}],"curies":[{"name":"wp","href":"https:\/\/api.w.org\/{rel}","templated":true}]}}