{"id":3098,"date":"2024-12-24T13:06:50","date_gmt":"2024-12-24T13:06:50","guid":{"rendered":"https:\/\/alfequipment.com\/product\/dz300-2d-double-side-sealing-desktop-vacuum-packaging-machine-stainless-steel-body-table-type-packager\/"},"modified":"2025-12-21T12:28:40","modified_gmt":"2025-12-21T12:28:40","slug":"dz300-2d-maquina-de-embalagem-a-vacuo-de-mesa-com-selagem-dupla-face-corpo-em-aco-inoxidavel-embaladora-tipo-mesa","status":"publish","type":"product","link":"https:\/\/alfequipment.com\/pt\/product\/dz300-2d-maquina-de-embalagem-a-vacuo-de-mesa-com-selagem-dupla-face-corpo-em-aco-inoxidavel-embaladora-tipo-mesa\/","title":{"rendered":"DZ300-2D M\u00e1quina de embalagem a v\u00e1cuo de secret\u00e1ria com selagem dupla face Embaladora de tipo mesa com corpo em a\u00e7o inoxid\u00e1vel"},"content":{"rendered":"<div id=\"ali-anchor-AliPostDhMb-17k33\" data-section=\"AliPostDhMb-17k33\" data-section-title=\"Product Description\">\n<p>1.DZ300-2D desktop vacuum packager is featured by automatic processing of vacuuming, sealing, printing, cooling,which is used in vacuum packaging for the food ,pharmaceutical, aquatic, chemicaland electronic industries.2.It can prevent the products from oxidization andmildew, as well as corrosion and moisture, keeping the quality and freshness ofthe product over a prolonged storage time.<\/p>\n<\/div>\n<p>Especifica\u00e7\u00e3o:<\/p>\n<table border=\"0\" cellspacing=\"0\" cellpadding=\"0\">\n<tbody>\n<tr>\n<td>tens\u00e3o<\/td>\n<td>220V 50-60Hz<\/td>\n<\/tr>\n<tr>\n<td>pot\u00eancia<\/td>\n<td>1.3KW<\/td>\n<\/tr>\n<tr>\n<td>dimens\u00e3o da sala de trabalho<\/td>\n<td>320X340X80mm<\/td>\n<\/tr>\n<tr>\n<td>comprimento de veda\u00e7\u00e3o<\/td>\n<td>300X10mm<\/td>\n<\/tr>\n<tr>\n<td>velocidade de selagem<\/td>\n<td>1-4pcs\/min<\/td>\n<\/tr>\n<tr>\n<td>peso<\/td>\n<td>90KGS<\/td>\n<\/tr>\n<tr>\n<td>Tamanho externo<\/td>\n<td>550X500X600mm<\/td>\n<\/tr>\n<\/tbody>\n<\/table>\n<p>&nbsp;<\/p>\n<p><img decoding=\"async\" src=\"https:\/\/sc02.alicdn.com\/kf\/HTB1IFIWFFXXXXXtaFXXq6xXFXXXc\/64496\/HTB1IFIWFFXXXXXtaFXXq6xXFXXXc.jpg\" data-alt=\"DZ300-2D double side sealing Desktop Vacuum Packaging Machine Stainless steel body table type packager\" \/><img decoding=\"async\" src=\"https:\/\/sc02.alicdn.com\/kf\/HTB1arhIFVXXXXcBXXXXq6xXFXXXx\/64496\/HTB1arhIFVXXXXcBXXXXq6xXFXXXx.jpg\" data-alt=\"DZ300-2D double side sealing Desktop Vacuum Packaging Machine Stainless steel body table type packager\" \/><\/p>\n<p>&nbsp;<\/p>","protected":false},"excerpt":{"rendered":"<ul>\n<li>voltage: 220V 50-60Hz<\/li>\n<li>power: 1.3KW<\/li>\n<li>workroom size: 320X340X80mm<\/li>\n<li>sealing length: 300X10mm<\/li>\n<li>sealing speed: 1-4pcs\/min<\/li>\n<\/ul>","protected":false},"featured_media":3099,"comment_status":"closed","ping_status":"closed","template":"","meta":[],"product_brand":[],"product_cat":[100],"product_tag":[],"class_list":{"0":"post-3098","1":"product","2":"type-product","3":"status-publish","4":"has-post-thumbnail","6":"product_cat-vacuum-packing-machines","8":"first","9":"instock","10":"sale","11":"purchasable","12":"product-type-simple"},"yoast_head":"<!-- This site is optimized with the Yoast SEO Premium plugin v20.9 (Yoast SEO v26.5) - https:\/\/yoast.com\/wordpress\/plugins\/seo\/ -->\n<title>DZ300-2D double side sealing Desktop Vacuum Packaging Machine Stainless steel body table type packager - ALF PACK<\/title>\n<meta name=\"robots\" content=\"index, follow, max-snippet:-1, max-image-preview:large, max-video-preview:-1\" \/>\n<link rel=\"canonical\" href=\"https:\/\/alfequipment.com\/pt\/product\/dz300-2d-maquina-de-embalagem-a-vacuo-de-mesa-com-selagem-dupla-face-corpo-em-aco-inoxidavel-embaladora-tipo-mesa\/\" \/>\n<meta property=\"og:locale\" content=\"pt_PT\" \/>\n<meta property=\"og:type\" content=\"article\" \/>\n<meta property=\"og:title\" content=\"DZ300-2D double side sealing Desktop Vacuum Packaging Machine Stainless steel body table type packager\" \/>\n<meta property=\"og:description\" content=\"voltage: 220V 50-60Hz  power: 1.3KW  workroom size: 320X340X80mm  sealing length: 300X10mm  sealing speed: 1-4pcs\/min\" \/>\n<meta property=\"og:url\" content=\"https:\/\/alfequipment.com\/pt\/product\/dz300-2d-maquina-de-embalagem-a-vacuo-de-mesa-com-selagem-dupla-face-corpo-em-aco-inoxidavel-embaladora-tipo-mesa\/\" \/>\n<meta property=\"og:site_name\" content=\"ALF PACK\" \/>\n<meta property=\"article:modified_time\" content=\"2025-12-21T12:28:40+00:00\" \/>\n<meta property=\"og:image\" content=\"https:\/\/alfequipment.com\/wp-content\/uploads\/2025\/01\/DZ300-2D-double-side-sealing-Desktop-Vacuum.jpg\" \/>\n\t<meta property=\"og:image:width\" content=\"1000\" \/>\n\t<meta property=\"og:image:height\" content=\"1000\" \/>\n\t<meta property=\"og:image:type\" content=\"image\/webp\" \/>\n<meta name=\"twitter:card\" content=\"summary_large_image\" \/>\n<meta name=\"twitter:label1\" content=\"Tempo estimado de leitura\" \/>\n\t<meta name=\"twitter:data1\" content=\"1 minuto\" \/>\n<script type=\"application\/ld+json\" class=\"yoast-schema-graph\">{\"@context\":\"https:\/\/schema.org\",\"@graph\":[{\"@type\":\"WebPage\",\"@id\":\"https:\/\/alfequipment.com\/product\/dz300-2d-double-side-sealing-desktop-vacuum-packaging-machine-stainless-steel-body-table-type-packager\/\",\"url\":\"https:\/\/alfequipment.com\/product\/dz300-2d-double-side-sealing-desktop-vacuum-packaging-machine-stainless-steel-body-table-type-packager\/\",\"name\":\"DZ300-2D double side sealing Desktop Vacuum Packaging Machine Stainless steel body table type packager - ALF PACK\",\"isPartOf\":{\"@id\":\"https:\/\/alfequipment.com\/#website\"},\"primaryImageOfPage\":{\"@id\":\"https:\/\/alfequipment.com\/product\/dz300-2d-double-side-sealing-desktop-vacuum-packaging-machine-stainless-steel-body-table-type-packager\/#primaryimage\"},\"image\":{\"@id\":\"https:\/\/alfequipment.com\/product\/dz300-2d-double-side-sealing-desktop-vacuum-packaging-machine-stainless-steel-body-table-type-packager\/#primaryimage\"},\"thumbnailUrl\":\"https:\/\/alfequipment.com\/wp-content\/uploads\/2025\/01\/DZ300-2D-double-side-sealing-Desktop-Vacuum.jpg\",\"datePublished\":\"2024-12-24T13:06:50+00:00\",\"dateModified\":\"2025-12-21T12:28:40+00:00\",\"breadcrumb\":{\"@id\":\"https:\/\/alfequipment.com\/product\/dz300-2d-double-side-sealing-desktop-vacuum-packaging-machine-stainless-steel-body-table-type-packager\/#breadcrumb\"},\"inLanguage\":\"pt-PT\",\"potentialAction\":[{\"@type\":\"ReadAction\",\"target\":[\"https:\/\/alfequipment.com\/product\/dz300-2d-double-side-sealing-desktop-vacuum-packaging-machine-stainless-steel-body-table-type-packager\/\"]}]},{\"@type\":\"ImageObject\",\"inLanguage\":\"pt-PT\",\"@id\":\"https:\/\/alfequipment.com\/product\/dz300-2d-double-side-sealing-desktop-vacuum-packaging-machine-stainless-steel-body-table-type-packager\/#primaryimage\",\"url\":\"https:\/\/alfequipment.com\/wp-content\/uploads\/2025\/01\/DZ300-2D-double-side-sealing-Desktop-Vacuum.jpg\",\"contentUrl\":\"https:\/\/alfequipment.com\/wp-content\/uploads\/2025\/01\/DZ300-2D-double-side-sealing-Desktop-Vacuum.jpg\",\"width\":1000,\"height\":1000},{\"@type\":\"BreadcrumbList\",\"@id\":\"https:\/\/alfequipment.com\/product\/dz300-2d-double-side-sealing-desktop-vacuum-packaging-machine-stainless-steel-body-table-type-packager\/#breadcrumb\",\"itemListElement\":[{\"@type\":\"ListItem\",\"position\":1,\"name\":\"Home\",\"item\":\"https:\/\/alfequipment.com\/\"},{\"@type\":\"ListItem\",\"position\":2,\"name\":\"Shop\",\"item\":\"https:\/\/alfequipment.com\/shop\/\"},{\"@type\":\"ListItem\",\"position\":3,\"name\":\"DZ300-2D double side sealing Desktop Vacuum Packaging Machine Stainless steel body table type packager\"}]},{\"@type\":\"WebSite\",\"@id\":\"https:\/\/alfequipment.com\/#website\",\"url\":\"https:\/\/alfequipment.com\/\",\"name\":\"ALF PACK\",\"description\":\"\",\"publisher\":{\"@id\":\"https:\/\/alfequipment.com\/#organization\"},\"potentialAction\":[{\"@type\":\"SearchAction\",\"target\":{\"@type\":\"EntryPoint\",\"urlTemplate\":\"https:\/\/alfequipment.com\/?s={search_term_string}\"},\"query-input\":{\"@type\":\"PropertyValueSpecification\",\"valueRequired\":true,\"valueName\":\"search_term_string\"}}],\"inLanguage\":\"pt-PT\"},{\"@type\":\"Organization\",\"@id\":\"https:\/\/alfequipment.com\/#organization\",\"name\":\"ALF PACK\",\"url\":\"https:\/\/alfequipment.com\/\",\"logo\":{\"@type\":\"ImageObject\",\"inLanguage\":\"pt-PT\",\"@id\":\"https:\/\/alfequipment.com\/#\/schema\/logo\/image\/\",\"url\":\"https:\/\/alfequipment.com\/wp-content\/uploads\/2024\/11\/ALFlogo-2.webp\",\"contentUrl\":\"https:\/\/alfequipment.com\/wp-content\/uploads\/2024\/11\/ALFlogo-2.webp\",\"width\":758,\"height\":750,\"caption\":\"ALF PACK\"},\"image\":{\"@id\":\"https:\/\/alfequipment.com\/#\/schema\/logo\/image\/\"}}]}<\/script>\n<!-- \/ Yoast SEO Premium plugin. -->","yoast_head_json":{"title":"DZ300-2D M\u00e1quina de embalagem a v\u00e1cuo de secret\u00e1ria com selagem dupla face Embaladora de tipo mesa com corpo em a\u00e7o inoxid\u00e1vel - ALF PACK","robots":{"index":"index","follow":"follow","max-snippet":"max-snippet:-1","max-image-preview":"max-image-preview:large","max-video-preview":"max-video-preview:-1"},"canonical":"https:\/\/alfequipment.com\/pt\/product\/dz300-2d-maquina-de-embalagem-a-vacuo-de-mesa-com-selagem-dupla-face-corpo-em-aco-inoxidavel-embaladora-tipo-mesa\/","og_locale":"pt_PT","og_type":"article","og_title":"DZ300-2D double side sealing Desktop Vacuum Packaging Machine Stainless steel body table type packager","og_description":"voltage: 220V 50-60Hz  power: 1.3KW  workroom size: 320X340X80mm  sealing length: 300X10mm  sealing speed: 1-4pcs\/min","og_url":"https:\/\/alfequipment.com\/pt\/product\/dz300-2d-maquina-de-embalagem-a-vacuo-de-mesa-com-selagem-dupla-face-corpo-em-aco-inoxidavel-embaladora-tipo-mesa\/","og_site_name":"ALF PACK","article_modified_time":"2025-12-21T12:28:40+00:00","og_image":[{"width":1000,"height":1000,"url":"https:\/\/alfequipment.com\/wp-content\/uploads\/2025\/01\/DZ300-2D-double-side-sealing-Desktop-Vacuum.jpg","type":"image\/webp"}],"twitter_card":"summary_large_image","twitter_misc":{"Tempo estimado de leitura":"1 minuto"},"schema":{"@context":"https:\/\/schema.org","@graph":[{"@type":"WebPage","@id":"https:\/\/alfequipment.com\/product\/dz300-2d-double-side-sealing-desktop-vacuum-packaging-machine-stainless-steel-body-table-type-packager\/","url":"https:\/\/alfequipment.com\/product\/dz300-2d-double-side-sealing-desktop-vacuum-packaging-machine-stainless-steel-body-table-type-packager\/","name":"DZ300-2D M\u00e1quina de embalagem a v\u00e1cuo de secret\u00e1ria com selagem dupla face Embaladora de tipo mesa com corpo em a\u00e7o inoxid\u00e1vel - ALF PACK","isPartOf":{"@id":"https:\/\/alfequipment.com\/#website"},"primaryImageOfPage":{"@id":"https:\/\/alfequipment.com\/product\/dz300-2d-double-side-sealing-desktop-vacuum-packaging-machine-stainless-steel-body-table-type-packager\/#primaryimage"},"image":{"@id":"https:\/\/alfequipment.com\/product\/dz300-2d-double-side-sealing-desktop-vacuum-packaging-machine-stainless-steel-body-table-type-packager\/#primaryimage"},"thumbnailUrl":"https:\/\/alfequipment.com\/wp-content\/uploads\/2025\/01\/DZ300-2D-double-side-sealing-Desktop-Vacuum.jpg","datePublished":"2024-12-24T13:06:50+00:00","dateModified":"2025-12-21T12:28:40+00:00","breadcrumb":{"@id":"https:\/\/alfequipment.com\/product\/dz300-2d-double-side-sealing-desktop-vacuum-packaging-machine-stainless-steel-body-table-type-packager\/#breadcrumb"},"inLanguage":"pt-PT","potentialAction":[{"@type":"ReadAction","target":["https:\/\/alfequipment.com\/product\/dz300-2d-double-side-sealing-desktop-vacuum-packaging-machine-stainless-steel-body-table-type-packager\/"]}]},{"@type":"ImageObject","inLanguage":"pt-PT","@id":"https:\/\/alfequipment.com\/product\/dz300-2d-double-side-sealing-desktop-vacuum-packaging-machine-stainless-steel-body-table-type-packager\/#primaryimage","url":"https:\/\/alfequipment.com\/wp-content\/uploads\/2025\/01\/DZ300-2D-double-side-sealing-Desktop-Vacuum.jpg","contentUrl":"https:\/\/alfequipment.com\/wp-content\/uploads\/2025\/01\/DZ300-2D-double-side-sealing-Desktop-Vacuum.jpg","width":1000,"height":1000},{"@type":"BreadcrumbList","@id":"https:\/\/alfequipment.com\/product\/dz300-2d-double-side-sealing-desktop-vacuum-packaging-machine-stainless-steel-body-table-type-packager\/#breadcrumb","itemListElement":[{"@type":"ListItem","position":1,"name":"Home","item":"https:\/\/alfequipment.com\/"},{"@type":"ListItem","position":2,"name":"Shop","item":"https:\/\/alfequipment.com\/shop\/"},{"@type":"ListItem","position":3,"name":"DZ300-2D double side sealing Desktop Vacuum Packaging Machine Stainless steel body table type packager"}]},{"@type":"WebSite","@id":"https:\/\/alfequipment.com\/#website","url":"https:\/\/alfequipment.com\/","name":"PACK ALF","description":"","publisher":{"@id":"https:\/\/alfequipment.com\/#organization"},"potentialAction":[{"@type":"SearchAction","target":{"@type":"EntryPoint","urlTemplate":"https:\/\/alfequipment.com\/?s={search_term_string}"},"query-input":{"@type":"PropertyValueSpecification","valueRequired":true,"valueName":"search_term_string"}}],"inLanguage":"pt-PT"},{"@type":"Organization","@id":"https:\/\/alfequipment.com\/#organization","name":"PACK ALF","url":"https:\/\/alfequipment.com\/","logo":{"@type":"ImageObject","inLanguage":"pt-PT","@id":"https:\/\/alfequipment.com\/#\/schema\/logo\/image\/","url":"https:\/\/alfequipment.com\/wp-content\/uploads\/2024\/11\/ALFlogo-2.webp","contentUrl":"https:\/\/alfequipment.com\/wp-content\/uploads\/2024\/11\/ALFlogo-2.webp","width":758,"height":750,"caption":"ALF PACK"},"image":{"@id":"https:\/\/alfequipment.com\/#\/schema\/logo\/image\/"}}]}},"_links":{"self":[{"href":"https:\/\/alfequipment.com\/pt\/wp-json\/wp\/v2\/product\/3098","targetHints":{"allow":["GET"]}}],"collection":[{"href":"https:\/\/alfequipment.com\/pt\/wp-json\/wp\/v2\/product"}],"about":[{"href":"https:\/\/alfequipment.com\/pt\/wp-json\/wp\/v2\/types\/product"}],"replies":[{"embeddable":true,"href":"https:\/\/alfequipment.com\/pt\/wp-json\/wp\/v2\/comments?post=3098"}],"version-history":[{"count":1,"href":"https:\/\/alfequipment.com\/pt\/wp-json\/wp\/v2\/product\/3098\/revisions"}],"predecessor-version":[{"id":4088,"href":"https:\/\/alfequipment.com\/pt\/wp-json\/wp\/v2\/product\/3098\/revisions\/4088"}],"wp:featuredmedia":[{"embeddable":true,"href":"https:\/\/alfequipment.com\/pt\/wp-json\/wp\/v2\/media\/3099"}],"wp:attachment":[{"href":"https:\/\/alfequipment.com\/pt\/wp-json\/wp\/v2\/media?parent=3098"}],"wp:term":[{"taxonomy":"product_brand","embeddable":true,"href":"https:\/\/alfequipment.com\/pt\/wp-json\/wp\/v2\/product_brand?post=3098"},{"taxonomy":"product_cat","embeddable":true,"href":"https:\/\/alfequipment.com\/pt\/wp-json\/wp\/v2\/product_cat?post=3098"},{"taxonomy":"product_tag","embeddable":true,"href":"https:\/\/alfequipment.com\/pt\/wp-json\/wp\/v2\/product_tag?post=3098"}],"curies":[{"name":"wp","href":"https:\/\/api.w.org\/{rel}","templated":true}]}}