{"id":3112,"date":"2024-12-10T04:33:06","date_gmt":"2024-12-10T04:33:06","guid":{"rendered":"https:\/\/alfequipment.com\/product\/frd1000w-wide-conveyor-40cm-width-and-loading-10kgs-horizontal-continuous-plastic-bag-band-sealer-with-solid-ink-code-printer\/"},"modified":"2025-01-13T15:01:32","modified_gmt":"2025-01-13T15:01:32","slug":"frd1000w-transportador-largo-com-40cm-de-largura-e-carregamento-de-10kgs-selador-de-banda-de-saco-plastico-continuo-horizontal-com-impressora-de-codigo-de-tinta-solida","status":"publish","type":"product","link":"https:\/\/alfequipment.com\/pt\/product\/frd1000w-transportador-largo-com-40cm-de-largura-e-carregamento-de-10kgs-selador-de-banda-de-saco-plastico-continuo-horizontal-com-impressora-de-codigo-de-tinta-solida\/","title":{"rendered":"FRD1000W Transportador largo de 40CM de largura e carregamento de 10KGS Seladora de banda de saco pl\u00e1stico cont\u00ednuo horizontal com impressora de c\u00f3digo de tinta s\u00f3lida"},"content":{"rendered":"<div data-magic-global=\"%7B%22bizId%22%3A17179933680%2C%22pageId%22%3A21039519639%2C%22siteId%22%3A5005331025%7D\" id=\"detail_decorate_root\">\n<div module-id=\"28212518555\" module-title=\"detailProductNavigation\" render=\"true\" class=\"J_module\">\n<div id=\"ali-anchor-AliMagic-gcuezq\" data-section=\"AliMagic-gcuezq\" data-section-title=\"Product Description\" class=\"magic-0\">A m\u00e1quina seladora de tinta multiusos FRD1000W \u00e9 um novo modelo de m\u00e1quina seladora autom\u00e1tica de pel\u00edcula pl\u00e1stica, que integra impress\u00e3o a cores, selagem, transmiss\u00e3o cont\u00ednua de produtos, com padr\u00e3o limpo e brilhante na parte seladora, cor selecion\u00e1vel, impress\u00e3o instant\u00e2nea e secagem instant\u00e2nea, e conveniente para mudar os caracteres.<\/div>\n<\/div>\n<div module-id=\"28212518557\" module-title=\"detailTextWithTitle\" render=\"true\" class=\"J_module\">\n<div class=\"detail-decorate-json-renderer-container\">\n<div class=\"magic-1\">\n<div class=\"magic-4\">\n<div class=\"magic-5\">\n<div class=\"magic-6\"><span>FRD1000W \u00e9 com 400mm de largura de transportador, pode carregar 10kgs, e o corpo de a\u00e7o inoxid\u00e1vel \u00e9 mais dur\u00e1vel e resistente \u00e0 corros\u00e3o.<\/span><\/p>\n<p class=\"magic-7\">\n<\/p><\/div>\n<\/p><\/div>\n<\/p><\/div>\n<\/p><\/div>\n<\/p><\/div>\n<\/p><\/div>\n<div module-id=\"28212518558\" module-title=\"detailTableHorizontal\" render=\"true\" class=\"J_module\">\n<div class=\"ife-detail-decorate-table\">\n<table class=\"has-title all magic-8\">\n<tbody>\n<tr>\n<td colspan=\"1\" rowspan=\"1\">\n<div class=\"magic-9\">\n        Modelo\n       <\/div>\n<\/td>\n<td colspan=\"3\" rowspan=\"1\">\n<div class=\"magic-10\">\n        FRD1000W\n       <\/div>\n<\/td>\n<td rowspan=\"0\" class=\"magic-11\">\n<div class=\"magic-12\"><\/div>\n<\/td>\n<td rowspan=\"0\" class=\"magic-11\">\n<div class=\"magic-12\"><\/div>\n<\/td>\n<\/tr>\n<tr>\n<td colspan=\"1\" rowspan=\"1\">\n<div class=\"magic-9\">\n        tens\u00e3o\n       <\/div>\n<\/td>\n<td colspan=\"3\" rowspan=\"1\">\n<div class=\"magic-10\">\n        110\/220V 50-60Hz\n       <\/div>\n<\/td>\n<td rowspan=\"0\" class=\"magic-11\">\n<div class=\"magic-12\"><\/div>\n<\/td>\n<td rowspan=\"0\" class=\"magic-11\">\n<div class=\"magic-12\"><\/div>\n<\/td>\n<\/tr>\n<tr>\n<td colspan=\"1\" rowspan=\"1\">\n<div class=\"magic-9\">\n        pot\u00eancia\n       <\/div>\n<\/td>\n<td colspan=\"3\" rowspan=\"1\">\n<div class=\"magic-10\">\n        770W\n       <\/div>\n<\/td>\n<td rowspan=\"0\" class=\"magic-11\">\n<div class=\"magic-12\"><\/div>\n<\/td>\n<td rowspan=\"0\" class=\"magic-11\">\n<div class=\"magic-12\"><\/div>\n<\/td>\n<\/tr>\n<tr>\n<td colspan=\"1\" rowspan=\"1\">\n<div class=\"magic-9\">\n        Velocidade de selagem\n       <\/div>\n<\/td>\n<td colspan=\"3\" rowspan=\"1\">\n<div class=\"magic-13\">\n        0-12m\/min\n       <\/div>\n<\/td>\n<td rowspan=\"0\" class=\"magic-11\">\n<div class=\"magic-12\"><\/div>\n<\/td>\n<td rowspan=\"0\" class=\"magic-11\">\n<div class=\"magic-12\"><\/div>\n<\/td>\n<\/tr>\n<tr>\n<td colspan=\"1\" rowspan=\"1\">\n<div class=\"magic-9\">\n        Largura de veda\u00e7\u00e3o\n       <\/div>\n<\/td>\n<td colspan=\"3\" rowspan=\"1\">\n<div class=\"magic-13\">\n        12 mm\n       <\/div>\n<\/td>\n<td rowspan=\"0\" class=\"magic-11\">\n<div class=\"magic-12\"><\/div>\n<\/td>\n<td rowspan=\"0\" class=\"magic-11\">\n<div class=\"magic-12\"><\/div>\n<\/td>\n<\/tr>\n<tr>\n<td colspan=\"1\" rowspan=\"1\">\n<div class=\"magic-9\">\n        Gama de temperaturas\n       <\/div>\n<\/td>\n<td colspan=\"3\" rowspan=\"1\">\n<div class=\"magic-13\">\n        0-300\u00e2\n       <\/div>\n<\/td>\n<td rowspan=\"0\" class=\"magic-11\">\n<div class=\"magic-12\"><\/div>\n<\/td>\n<td rowspan=\"0\" class=\"magic-11\">\n<div class=\"magic-12\"><\/div>\n<\/td>\n<\/tr>\n<tr>\n<td colspan=\"1\" rowspan=\"1\">\n<div class=\"magic-9\">\n        Carga m\u00e1xima do transportador\n       <\/div>\n<\/td>\n<td colspan=\"3\" rowspan=\"1\">\n<div class=\"magic-13\">\n        10 kg\n       <\/div>\n<\/td>\n<td rowspan=\"0\" class=\"magic-11\">\n<div class=\"magic-12\"><\/div>\n<\/td>\n<td rowspan=\"0\" class=\"magic-11\">\n<div class=\"magic-12\"><\/div>\n<\/td>\n<\/tr>\n<tr>\n<td colspan=\"1\" rowspan=\"1\">\n<div class=\"magic-9\">\n        Categoria de impress\u00e3o\n       <\/div>\n<\/td>\n<td colspan=\"3\" rowspan=\"1\">\n<div class=\"magic-13\">\n        Impress\u00e3o em tinta s\u00f3lida\n       <\/div>\n<\/td>\n<td rowspan=\"0\" class=\"magic-11\">\n<div class=\"magic-12\"><\/div>\n<\/td>\n<td rowspan=\"0\" class=\"magic-11\">\n<div class=\"magic-12\"><\/div>\n<\/td>\n<\/tr>\n<tr>\n<td colspan=\"1\" rowspan=\"1\">\n<div class=\"magic-9\">\n        Peso da m\u00e1quina\n       <\/div>\n<\/td>\n<td colspan=\"3\" rowspan=\"1\">\n<div class=\"magic-13\">\n        30 kg\n       <\/div>\n<\/td>\n<td rowspan=\"0\" class=\"magic-11\">\n<div class=\"magic-12\"><\/div>\n<\/td>\n<td rowspan=\"0\" class=\"magic-11\">\n<div class=\"magic-12\"><\/div>\n<\/td>\n<\/tr>\n<tr>\n<td colspan=\"1\" rowspan=\"1\">\n<div class=\"magic-9\">\n        Tamanho da m\u00e1quina\n       <\/div>\n<\/td>\n<td colspan=\"3\" rowspan=\"1\">\n<div class=\"magic-13\">\n        970*635*305mm\n       <\/div>\n<\/td>\n<td rowspan=\"0\" class=\"magic-11\">\n<div class=\"magic-12\"><\/div>\n<\/td>\n<td rowspan=\"0\" class=\"magic-11\">\n<div class=\"magic-12\"><\/div>\n<\/td>\n<\/tr>\n<\/tbody>\n<\/table><\/div>\n<\/p><\/div>\n<div module-id=\"28212518560\" module-title=\"detailSingleImage\" render=\"true\" class=\"J_module\">\n<div class=\"icbu-pc-images magic-14\">\n<div>\n<div class=\"flex-layout-v\">\n<div class=\"flex-layout-h magic-14\">\n<div class=\"magic-15\">\n       <img decoding=\"async\" src=\"https:\/\/sc04.alicdn.com\/kf\/H0f641519c36e4adca5861b5c155ba1ffN\/64496\/H0f641519c36e4adca5861b5c155ba1ffN.jpg\" class=\"aligncenter\">\n      <\/div>\n<\/p><\/div>\n<\/p><\/div>\n<\/p><\/div>\n<\/p><\/div>\n<\/p><\/div>\n<div module-id=\"28218010710\" module-title=\"detailSingleImage\" render=\"true\" class=\"J_module\">\n<div class=\"icbu-pc-images magic-14\">\n<div>\n<div class=\"flex-layout-v\">\n<div class=\"flex-layout-h magic-14\">\n<div class=\"magic-17\">\n       <img decoding=\"async\" src=\"https:\/\/sc04.alicdn.com\/kf\/H1d70be0dc8ed4e559e76ab2281c4f33bC\/64496\/H1d70be0dc8ed4e559e76ab2281c4f33bC.jpg\" class=\"aligncenter\">\n      <\/div>\n<\/p><\/div>\n<\/p><\/div>\n<\/p><\/div>\n<\/p><\/div>\n<\/p><\/div>\n<div module-id=\"28218010711\" module-title=\"detailSingleImage\" render=\"true\" class=\"J_module\">\n<div class=\"icbu-pc-images magic-14\">\n<div>\n<div class=\"flex-layout-v\">\n<div class=\"flex-layout-h magic-14\">\n<div class=\"magic-19\">\n       <img decoding=\"async\" src=\"https:\/\/sc04.alicdn.com\/kf\/H345254daa40f42ab9c26f916c88483622\/64496\/H345254daa40f42ab9c26f916c88483622.jpg\" class=\"aligncenter\">\n      <\/div>\n<\/p><\/div>\n<\/p><\/div>\n<\/p><\/div>\n<\/p><\/div>\n<\/p><\/div>\n<\/div>","protected":false},"excerpt":{"rendered":"<p>Transportadora alargada com 40cm de largura e carregamento de 10kgs Seladora de fita<\/p>","protected":false},"featured_media":3113,"comment_status":"closed","ping_status":"open","template":"","meta":[],"product_brand":[],"product_cat":[119,97],"product_tag":[],"class_list":{"0":"post-3112","1":"product","2":"type-product","3":"status-publish","4":"has-post-thumbnail","6":"product_cat-band-sealer","7":"product_cat-sealing-machines","9":"first","10":"instock","11":"sale","12":"purchasable","13":"product-type-simple"},"yoast_head":"<!-- This site is optimized with the Yoast SEO Premium plugin v20.9 (Yoast SEO v26.5) - https:\/\/yoast.com\/wordpress\/plugins\/seo\/ -->\n<title>FRD1000W Wide conveyor 40CM width and loading 10KGS Horizontal continuous plastic bag band sealer with solid ink code printer - ALF PACK<\/title>\n<meta name=\"robots\" content=\"index, follow, max-snippet:-1, max-image-preview:large, max-video-preview:-1\" \/>\n<link rel=\"canonical\" href=\"https:\/\/alfequipment.com\/pt\/product\/frd1000w-transportador-largo-com-40cm-de-largura-e-carregamento-de-10kgs-selador-de-banda-de-saco-plastico-continuo-horizontal-com-impressora-de-codigo-de-tinta-solida\/\" \/>\n<meta property=\"og:locale\" content=\"pt_PT\" \/>\n<meta property=\"og:type\" content=\"article\" \/>\n<meta property=\"og:title\" content=\"FRD1000W Wide conveyor 40CM width and loading 10KGS Horizontal continuous plastic bag band sealer with solid ink code printer\" \/>\n<meta property=\"og:description\" content=\"Widened Conveyor 40cm Width And Loading 10kgs Band Sealer\" \/>\n<meta property=\"og:url\" content=\"https:\/\/alfequipment.com\/pt\/product\/frd1000w-transportador-largo-com-40cm-de-largura-e-carregamento-de-10kgs-selador-de-banda-de-saco-plastico-continuo-horizontal-com-impressora-de-codigo-de-tinta-solida\/\" \/>\n<meta property=\"og:site_name\" content=\"ALF PACK\" \/>\n<meta property=\"article:modified_time\" content=\"2025-01-13T15:01:32+00:00\" \/>\n<meta property=\"og:image\" content=\"https:\/\/alfequipment.com\/wp-content\/uploads\/2025\/01\/FRD1000W-Wide-conveyor-40CM-width-and-loading.jpg\" \/>\n\t<meta property=\"og:image:width\" content=\"800\" \/>\n\t<meta property=\"og:image:height\" content=\"800\" \/>\n\t<meta property=\"og:image:type\" content=\"image\/webp\" \/>\n<meta name=\"twitter:card\" content=\"summary_large_image\" \/>\n<meta name=\"twitter:label1\" content=\"Tempo estimado de leitura\" \/>\n\t<meta name=\"twitter:data1\" content=\"1 minuto\" \/>\n<script type=\"application\/ld+json\" class=\"yoast-schema-graph\">{\"@context\":\"https:\/\/schema.org\",\"@graph\":[{\"@type\":\"WebPage\",\"@id\":\"https:\/\/alfequipment.com\/product\/frd1000w-wide-conveyor-40cm-width-and-loading-10kgs-horizontal-continuous-plastic-bag-band-sealer-with-solid-ink-code-printer\/\",\"url\":\"https:\/\/alfequipment.com\/product\/frd1000w-wide-conveyor-40cm-width-and-loading-10kgs-horizontal-continuous-plastic-bag-band-sealer-with-solid-ink-code-printer\/\",\"name\":\"FRD1000W Wide conveyor 40CM width and loading 10KGS Horizontal continuous plastic bag band sealer with solid ink code printer - ALF PACK\",\"isPartOf\":{\"@id\":\"https:\/\/alfequipment.com\/#website\"},\"primaryImageOfPage\":{\"@id\":\"https:\/\/alfequipment.com\/product\/frd1000w-wide-conveyor-40cm-width-and-loading-10kgs-horizontal-continuous-plastic-bag-band-sealer-with-solid-ink-code-printer\/#primaryimage\"},\"image\":{\"@id\":\"https:\/\/alfequipment.com\/product\/frd1000w-wide-conveyor-40cm-width-and-loading-10kgs-horizontal-continuous-plastic-bag-band-sealer-with-solid-ink-code-printer\/#primaryimage\"},\"thumbnailUrl\":\"https:\/\/alfequipment.com\/wp-content\/uploads\/2025\/01\/FRD1000W-Wide-conveyor-40CM-width-and-loading.jpg\",\"datePublished\":\"2024-12-10T04:33:06+00:00\",\"dateModified\":\"2025-01-13T15:01:32+00:00\",\"breadcrumb\":{\"@id\":\"https:\/\/alfequipment.com\/product\/frd1000w-wide-conveyor-40cm-width-and-loading-10kgs-horizontal-continuous-plastic-bag-band-sealer-with-solid-ink-code-printer\/#breadcrumb\"},\"inLanguage\":\"pt-PT\",\"potentialAction\":[{\"@type\":\"ReadAction\",\"target\":[\"https:\/\/alfequipment.com\/product\/frd1000w-wide-conveyor-40cm-width-and-loading-10kgs-horizontal-continuous-plastic-bag-band-sealer-with-solid-ink-code-printer\/\"]}]},{\"@type\":\"ImageObject\",\"inLanguage\":\"pt-PT\",\"@id\":\"https:\/\/alfequipment.com\/product\/frd1000w-wide-conveyor-40cm-width-and-loading-10kgs-horizontal-continuous-plastic-bag-band-sealer-with-solid-ink-code-printer\/#primaryimage\",\"url\":\"https:\/\/alfequipment.com\/wp-content\/uploads\/2025\/01\/FRD1000W-Wide-conveyor-40CM-width-and-loading.jpg\",\"contentUrl\":\"https:\/\/alfequipment.com\/wp-content\/uploads\/2025\/01\/FRD1000W-Wide-conveyor-40CM-width-and-loading.jpg\",\"width\":800,\"height\":800},{\"@type\":\"BreadcrumbList\",\"@id\":\"https:\/\/alfequipment.com\/product\/frd1000w-wide-conveyor-40cm-width-and-loading-10kgs-horizontal-continuous-plastic-bag-band-sealer-with-solid-ink-code-printer\/#breadcrumb\",\"itemListElement\":[{\"@type\":\"ListItem\",\"position\":1,\"name\":\"Home\",\"item\":\"https:\/\/alfequipment.com\/\"},{\"@type\":\"ListItem\",\"position\":2,\"name\":\"Shop\",\"item\":\"https:\/\/alfequipment.com\/shop\/\"},{\"@type\":\"ListItem\",\"position\":3,\"name\":\"FRD1000W Wide conveyor 40CM width and loading 10KGS Horizontal continuous plastic bag band sealer with solid ink code printer\"}]},{\"@type\":\"WebSite\",\"@id\":\"https:\/\/alfequipment.com\/#website\",\"url\":\"https:\/\/alfequipment.com\/\",\"name\":\"ALF PACK\",\"description\":\"\",\"publisher\":{\"@id\":\"https:\/\/alfequipment.com\/#organization\"},\"potentialAction\":[{\"@type\":\"SearchAction\",\"target\":{\"@type\":\"EntryPoint\",\"urlTemplate\":\"https:\/\/alfequipment.com\/?s={search_term_string}\"},\"query-input\":{\"@type\":\"PropertyValueSpecification\",\"valueRequired\":true,\"valueName\":\"search_term_string\"}}],\"inLanguage\":\"pt-PT\"},{\"@type\":\"Organization\",\"@id\":\"https:\/\/alfequipment.com\/#organization\",\"name\":\"ALF PACK\",\"url\":\"https:\/\/alfequipment.com\/\",\"logo\":{\"@type\":\"ImageObject\",\"inLanguage\":\"pt-PT\",\"@id\":\"https:\/\/alfequipment.com\/#\/schema\/logo\/image\/\",\"url\":\"https:\/\/alfequipment.com\/wp-content\/uploads\/2024\/11\/ALFlogo-2.webp\",\"contentUrl\":\"https:\/\/alfequipment.com\/wp-content\/uploads\/2024\/11\/ALFlogo-2.webp\",\"width\":758,\"height\":750,\"caption\":\"ALF PACK\"},\"image\":{\"@id\":\"https:\/\/alfequipment.com\/#\/schema\/logo\/image\/\"}}]}<\/script>\n<!-- \/ Yoast SEO Premium plugin. -->","yoast_head_json":{"title":"FRD1000W Transportador largo de 40CM de largura e carregamento de 10KGS Seladora de banda de saco pl\u00e1stico cont\u00ednuo horizontal com impressora de c\u00f3digo de tinta s\u00f3lida - ALF PACK","robots":{"index":"index","follow":"follow","max-snippet":"max-snippet:-1","max-image-preview":"max-image-preview:large","max-video-preview":"max-video-preview:-1"},"canonical":"https:\/\/alfequipment.com\/pt\/product\/frd1000w-transportador-largo-com-40cm-de-largura-e-carregamento-de-10kgs-selador-de-banda-de-saco-plastico-continuo-horizontal-com-impressora-de-codigo-de-tinta-solida\/","og_locale":"pt_PT","og_type":"article","og_title":"FRD1000W Wide conveyor 40CM width and loading 10KGS Horizontal continuous plastic bag band sealer with solid ink code printer","og_description":"Widened Conveyor 40cm Width And Loading 10kgs Band Sealer","og_url":"https:\/\/alfequipment.com\/pt\/product\/frd1000w-transportador-largo-com-40cm-de-largura-e-carregamento-de-10kgs-selador-de-banda-de-saco-plastico-continuo-horizontal-com-impressora-de-codigo-de-tinta-solida\/","og_site_name":"ALF PACK","article_modified_time":"2025-01-13T15:01:32+00:00","og_image":[{"width":800,"height":800,"url":"https:\/\/alfequipment.com\/wp-content\/uploads\/2025\/01\/FRD1000W-Wide-conveyor-40CM-width-and-loading.jpg","type":"image\/webp"}],"twitter_card":"summary_large_image","twitter_misc":{"Tempo estimado de leitura":"1 minuto"},"schema":{"@context":"https:\/\/schema.org","@graph":[{"@type":"WebPage","@id":"https:\/\/alfequipment.com\/product\/frd1000w-wide-conveyor-40cm-width-and-loading-10kgs-horizontal-continuous-plastic-bag-band-sealer-with-solid-ink-code-printer\/","url":"https:\/\/alfequipment.com\/product\/frd1000w-wide-conveyor-40cm-width-and-loading-10kgs-horizontal-continuous-plastic-bag-band-sealer-with-solid-ink-code-printer\/","name":"FRD1000W Transportador largo de 40CM de largura e carregamento de 10KGS Seladora de banda de saco pl\u00e1stico cont\u00ednuo horizontal com impressora de c\u00f3digo de tinta s\u00f3lida - ALF PACK","isPartOf":{"@id":"https:\/\/alfequipment.com\/#website"},"primaryImageOfPage":{"@id":"https:\/\/alfequipment.com\/product\/frd1000w-wide-conveyor-40cm-width-and-loading-10kgs-horizontal-continuous-plastic-bag-band-sealer-with-solid-ink-code-printer\/#primaryimage"},"image":{"@id":"https:\/\/alfequipment.com\/product\/frd1000w-wide-conveyor-40cm-width-and-loading-10kgs-horizontal-continuous-plastic-bag-band-sealer-with-solid-ink-code-printer\/#primaryimage"},"thumbnailUrl":"https:\/\/alfequipment.com\/wp-content\/uploads\/2025\/01\/FRD1000W-Wide-conveyor-40CM-width-and-loading.jpg","datePublished":"2024-12-10T04:33:06+00:00","dateModified":"2025-01-13T15:01:32+00:00","breadcrumb":{"@id":"https:\/\/alfequipment.com\/product\/frd1000w-wide-conveyor-40cm-width-and-loading-10kgs-horizontal-continuous-plastic-bag-band-sealer-with-solid-ink-code-printer\/#breadcrumb"},"inLanguage":"pt-PT","potentialAction":[{"@type":"ReadAction","target":["https:\/\/alfequipment.com\/product\/frd1000w-wide-conveyor-40cm-width-and-loading-10kgs-horizontal-continuous-plastic-bag-band-sealer-with-solid-ink-code-printer\/"]}]},{"@type":"ImageObject","inLanguage":"pt-PT","@id":"https:\/\/alfequipment.com\/product\/frd1000w-wide-conveyor-40cm-width-and-loading-10kgs-horizontal-continuous-plastic-bag-band-sealer-with-solid-ink-code-printer\/#primaryimage","url":"https:\/\/alfequipment.com\/wp-content\/uploads\/2025\/01\/FRD1000W-Wide-conveyor-40CM-width-and-loading.jpg","contentUrl":"https:\/\/alfequipment.com\/wp-content\/uploads\/2025\/01\/FRD1000W-Wide-conveyor-40CM-width-and-loading.jpg","width":800,"height":800},{"@type":"BreadcrumbList","@id":"https:\/\/alfequipment.com\/product\/frd1000w-wide-conveyor-40cm-width-and-loading-10kgs-horizontal-continuous-plastic-bag-band-sealer-with-solid-ink-code-printer\/#breadcrumb","itemListElement":[{"@type":"ListItem","position":1,"name":"Home","item":"https:\/\/alfequipment.com\/"},{"@type":"ListItem","position":2,"name":"Shop","item":"https:\/\/alfequipment.com\/shop\/"},{"@type":"ListItem","position":3,"name":"FRD1000W Wide conveyor 40CM width and loading 10KGS Horizontal continuous plastic bag band sealer with solid ink code printer"}]},{"@type":"WebSite","@id":"https:\/\/alfequipment.com\/#website","url":"https:\/\/alfequipment.com\/","name":"PACK ALF","description":"","publisher":{"@id":"https:\/\/alfequipment.com\/#organization"},"potentialAction":[{"@type":"SearchAction","target":{"@type":"EntryPoint","urlTemplate":"https:\/\/alfequipment.com\/?s={search_term_string}"},"query-input":{"@type":"PropertyValueSpecification","valueRequired":true,"valueName":"search_term_string"}}],"inLanguage":"pt-PT"},{"@type":"Organization","@id":"https:\/\/alfequipment.com\/#organization","name":"PACK ALF","url":"https:\/\/alfequipment.com\/","logo":{"@type":"ImageObject","inLanguage":"pt-PT","@id":"https:\/\/alfequipment.com\/#\/schema\/logo\/image\/","url":"https:\/\/alfequipment.com\/wp-content\/uploads\/2024\/11\/ALFlogo-2.webp","contentUrl":"https:\/\/alfequipment.com\/wp-content\/uploads\/2024\/11\/ALFlogo-2.webp","width":758,"height":750,"caption":"ALF PACK"},"image":{"@id":"https:\/\/alfequipment.com\/#\/schema\/logo\/image\/"}}]}},"_links":{"self":[{"href":"https:\/\/alfequipment.com\/pt\/wp-json\/wp\/v2\/product\/3112","targetHints":{"allow":["GET"]}}],"collection":[{"href":"https:\/\/alfequipment.com\/pt\/wp-json\/wp\/v2\/product"}],"about":[{"href":"https:\/\/alfequipment.com\/pt\/wp-json\/wp\/v2\/types\/product"}],"replies":[{"embeddable":true,"href":"https:\/\/alfequipment.com\/pt\/wp-json\/wp\/v2\/comments?post=3112"}],"version-history":[{"count":0,"href":"https:\/\/alfequipment.com\/pt\/wp-json\/wp\/v2\/product\/3112\/revisions"}],"wp:featuredmedia":[{"embeddable":true,"href":"https:\/\/alfequipment.com\/pt\/wp-json\/wp\/v2\/media\/3113"}],"wp:attachment":[{"href":"https:\/\/alfequipment.com\/pt\/wp-json\/wp\/v2\/media?parent=3112"}],"wp:term":[{"taxonomy":"product_brand","embeddable":true,"href":"https:\/\/alfequipment.com\/pt\/wp-json\/wp\/v2\/product_brand?post=3112"},{"taxonomy":"product_cat","embeddable":true,"href":"https:\/\/alfequipment.com\/pt\/wp-json\/wp\/v2\/product_cat?post=3112"},{"taxonomy":"product_tag","embeddable":true,"href":"https:\/\/alfequipment.com\/pt\/wp-json\/wp\/v2\/product_tag?post=3112"}],"curies":[{"name":"wp","href":"https:\/\/api.w.org\/{rel}","templated":true}]}}