{"id":3132,"date":"2024-12-15T04:38:26","date_gmt":"2024-12-15T04:38:26","guid":{"rendered":"https:\/\/alfequipment.com\/product\/dsd4520-thermal-shrink-packaging-machine-shrinking-tunnel-packager\/"},"modified":"2025-01-14T03:11:43","modified_gmt":"2025-01-14T03:11:43","slug":"dsd4520-maquina-de-embalar-com-tunel-de-retracao-termica","status":"publish","type":"product","link":"https:\/\/alfequipment.com\/pt\/product\/dsd4520-maquina-de-embalar-com-tunel-de-retracao-termica\/","title":{"rendered":"M\u00e1quina de embalagem de t\u00fanel de encolhimento DSD4520"},"content":{"rendered":"<div>\n<div style=\"vertical-align: top;padding-top: 15px; padding-bottom: 15px;\">\n<div style=\"vertical-align: top;padding-top: 10px; padding-bottom: 10px; margin-right: -4px; margin-left: -4px;\">\n<div style=\"vertical-align: top; box-sizing: border-box; padding-right: 4px; padding-left: 4px;margin-top: -4px; margin-bottom: -4px;\">\n<div id=\"41x5b\" style=\"vertical-align: top; box-sizing: border-box; padding-top: 4px; padding-bottom: 4px\">A m\u00e1quina de embalagem de encolhimento t\u00e9rmico DSD4520 \u00e9 adequada para encolher pel\u00edculas de encolhimento finas como POF, PVC, PP, POP, etc com radia\u00e7\u00e3o infravermelha distante. A espessura da pel\u00edcula retr\u00e1til deve estar na gama de 0,01-0,04 mm. A temperatura da sala de retra\u00e7\u00e3o e a velocidade do transportador s\u00e3o ajust\u00e1veis. Para al\u00e9m disso, a altura do t\u00fanel de retra\u00e7\u00e3o pode ser ajustada de acordo com o tamanho dos produtos embalados. O transportador de teflon tem a vantagem de manter o calor. \u00c9 ideal para encolher caixas pequenas e leves com esta m\u00e1quina de encolhimento.<\/div>\n<\/p><\/div>\n<\/p><\/div>\n<div style=\"vertical-align: top;padding-top: 10px; padding-bottom: 10px; margin-right: -4px; margin-left: -4px;\">\n<div id=\"qz8fr\" style=\"vertical-align: top; box-sizing: border-box; padding-right: 4px; padding-left: 4px\">\n<table style=\"width: auto; border-collapse: collapse; word-wrap: break-word;\" class=\"aliDataTable\">\n<tbody>\n<tr>\n<td style=\"background-color: rgb(218, 226, 237);\">\n<div style=\"width: 254px; height: 22px; padding: 5px 10px; overflow: hidden;\">\n          Modelo\n         <\/div>\n<\/td>\n<td>\n<div style=\"width: 449px; height: 22px; padding: 5px 10px; overflow: hidden;\">\n          DSD4520\n         <\/div>\n<\/td>\n<\/tr>\n<tr>\n<td style=\"background-color: rgb(218, 226, 237);\">\n<div style=\"width: 254px; height: 22px; padding: 5px 10px; overflow: hidden;\">\n          Fonte de alimenta\u00e7\u00e3o\n         <\/div>\n<\/td>\n<td>\n<div style=\"width: 449px; height: 22px; padding: 5px 10px; overflow: hidden;\">\n          380V 50-60Hz\n         <\/div>\n<\/td>\n<\/tr>\n<tr>\n<td style=\"background-color: rgb(218, 226, 237);\">\n<div style=\"width: 254px; height: 22px; padding: 5px 10px; overflow: hidden;\">\n          Pot\u00eancia\n         <\/div>\n<\/td>\n<td>\n<div style=\"width: 449px; height: 22px; padding: 5px 10px; overflow: hidden;\">\n          12,8 KW\n         <\/div>\n<\/td>\n<\/tr>\n<tr>\n<td style=\"background-color: rgb(218, 226, 237);\">\n<div style=\"width: 254px; height: 22px; padding: 5px 10px; overflow: hidden;\">\n          Velocidade do transportador\n         <\/div>\n<\/td>\n<td>\n<div style=\"width: 449px; height: 22px; padding: 5px 10px; overflow: hidden;\">\n          0-15m\/min\n         <\/div>\n<\/td>\n<\/tr>\n<tr>\n<td style=\"background-color: rgb(218, 226, 237);\">\n<div style=\"width: 254px; height: 22px; padding: 5px 10px; overflow: hidden;\">\n          Temperatura de retra\u00e7\u00e3o\n         <\/div>\n<\/td>\n<td>\n<div style=\"width: 449px; height: 22px; padding: 5px 10px; overflow: hidden;\">\n          0-300\u00e2\n         <\/div>\n<\/td>\n<\/tr>\n<tr>\n<td style=\"background-color: rgb(218, 226, 237);\">\n<div style=\"width: 254px; height: 22px; padding: 5px 10px; overflow: hidden;\">\n          Tamanho do t\u00fanel (C*L*A)\n         <\/div>\n<\/td>\n<td>\n<div style=\"width: 449px; height: 22px; padding: 5px 10px; overflow: hidden;\">\n          1200*450*200mm\n         <\/div>\n<\/td>\n<\/tr>\n<tr>\n<td style=\"background-color: rgb(218, 226, 237);\">\n<div style=\"width: 254px; height: 22px; padding: 5px 10px; overflow: hidden;\">\n          Carregamento do transportador\n         <\/div>\n<\/td>\n<td>\n<div style=\"width: 449px; height: 22px; padding: 5px 10px; overflow: hidden;\">\n          10 kg\n         <\/div>\n<\/td>\n<\/tr>\n<tr>\n<td style=\"background-color: rgb(218, 226, 237);\">\n<div style=\"width: 254px; height: 22px; padding: 5px 10px; overflow: hidden;\">\n          Tamanho da m\u00e1quina (C*L*A)\n         <\/div>\n<\/td>\n<td>\n<div style=\"width: 449px; height: 22px; padding: 5px 10px; overflow: hidden;\">\n          1600*720*1444mm\n         <\/div>\n<\/td>\n<\/tr>\n<\/tbody>\n<\/table><\/div>\n<\/p><\/div>\n<div style=\"vertical-align: top; display: block;padding-top: 10px; padding-bottom: 10px; margin-right: -4px; margin-left: -4px;\">\n<div style=\"vertical-align: top; box-sizing: border-box; padding-right: 4px; padding-left: 4px;margin-top: -4px; margin-bottom: -4px;\">\n<div id=\"7w5kh\" style=\"vertical-align: top; box-sizing: border-box; padding-top: 4px; padding-bottom: 4px\">\n<h3 style=\"padding: 0px; font-size: 16px; line-height: 20px; font-weight: bold; margin: 0px;\"><font color=\"#3f6fff\">Carater\u00edsticas principais<\/font><\/h3>\n<\/p><\/div>\n<div id=\"hsv71\" style=\"vertical-align: top; box-sizing: border-box; padding-top: 4px; padding-bottom: 4px\">\n<p style=\"margin:0;padding:0;\">1.  Constru\u00e7\u00e3o compacta, alta efici\u00eancia;<\/p>\n<p style=\"margin:0;padding:0;\">2.  Controlo exato da temperatura do t\u00fanel de retra\u00e7\u00e3o.<\/p>\n<p>3.  O forte fluxo de ar garante uma excelente distribui\u00e7\u00e3o do calor para uma contra\u00e7\u00e3o uniforme;<\/p>\n<\/p><\/div>\n<\/p><\/div>\n<\/p><\/div>\n<div style=\"vertical-align: top;padding-top: 10px; padding-bottom: 10px; margin-right: -4px; margin-left: -4px;\">\n<div id=\"sv610\" style=\"vertical-align: top; box-sizing: border-box; padding-right: 4px; padding-left: 4px\">\n<div style=\"overflow: hidden; width: 750px; height: 750px;\">\n      <img decoding=\"async\" src=\"https:\/\/sc01.alicdn.com\/kf\/HTB170ZnatfvK1RjSspfq6zzXFXaQ\/64496\/HTB170ZnatfvK1RjSspfq6zzXFXaQ.jpg\" style=\"width: 750px; height: 750px; margin-left: 0px; margin-top: 0px;\" class=\"aligncenter\">\n     <\/div>\n<\/p><\/div>\n<\/p><\/div>\n<div style=\"vertical-align: top;padding-top: 10px; padding-bottom: 10px; margin-right: -4px; margin-left: -4px;\">\n<div style=\"vertical-align: top; box-sizing: border-box; padding-right: 4px; padding-left: 4px;margin-top: -4px; margin-bottom: -4px;\">\n<div id=\"8xcx7\" style=\"vertical-align: top; box-sizing: border-box; padding-top: 4px; padding-bottom: 4px\">\n<div style=\"overflow: hidden; width: 750px; height: 320px;\">\n       <img decoding=\"async\" src=\"https:\/\/sc02.alicdn.com\/kf\/HTB12ecGavvsK1Rjy0Fiq6zwtXXaD\/64496\/HTB12ecGavvsK1Rjy0Fiq6zwtXXaD.jpg\" style=\"width: 750px; height: 380.372px; margin-left: 0px; margin-top: -53px;\" class=\"aligncenter\">\n      <\/div>\n<\/p><\/div>\n<div style=\"vertical-align: top; box-sizing: border-box; padding-top: 4px; padding-bottom: 4px;margin-right: -4px; margin-left: -4px;\">\n<div id=\"6ohpe\" style=\"vertical-align: top; width: 50%; display: inline-block; box-sizing: border-box; padding-right: 4px; padding-left: 4px\">\n<div style=\"overflow: hidden; width: 371px; height: 200px;\">\n        <img decoding=\"async\" src=\"https:\/\/sc01.alicdn.com\/kf\/HTB1HngCaxrvK1RjSszeq6yObFXap\/64496\/HTB1HngCaxrvK1RjSszeq6yObFXap.jpg\" style=\"width: 371px; height: 244.042px; margin-left: 0px; margin-top: 0px;\" class=\"aligncenter\">\n       <\/div>\n<\/p><\/div>\n<div id=\"1cifm\" style=\"vertical-align: top; width: 50%; display: inline-block; box-sizing: border-box; padding-right: 4px; padding-left: 4px\">\n<div style=\"overflow: hidden; width: 371px; height: 200px;\">\n        <img decoding=\"async\" src=\"https:\/\/sc01.alicdn.com\/kf\/HTB19IMDazvuK1Rjy0Faq6x2aVXa7\/64496\/HTB19IMDazvuK1Rjy0Faq6x2aVXa7.jpg\" style=\"width: 407.7px; height: 117.9px; margin-left: -18px; margin-top: 0px;\" class=\"aligncenter\">\n       <\/div>\n<\/p><\/div>\n<\/p><\/div>\n<\/p><\/div>\n<\/p><\/div>\n<div style=\"vertical-align: top;padding-top: 10px; padding-bottom: 10px; margin-right: -4px; margin-left: -4px;\">\n<div id=\"91aya\" style=\"vertical-align: top; box-sizing: border-box; padding-right: 4px; padding-left: 4px\">\n<div style=\"overflow: hidden; width: 750px; height: 861.076px;\">\n      <img decoding=\"async\" src=\"https:\/\/sc01.alicdn.com\/kf\/HTB153QxasfrK1RkSmLyq6xGApXaT\/64496\/HTB153QxasfrK1RkSmLyq6xGApXaT.jpg\" style=\"width: 750px; height: 861.076px; margin-left: 0px; margin-top: 0px;\" class=\"aligncenter\">\n     <\/div>\n<\/p><\/div>\n<\/p><\/div>\n<div style=\"vertical-align: top;padding-top: 10px; padding-bottom: 10px; margin-right: -4px; margin-left: -4px;\">\n<div id=\"l7i4d\" style=\"vertical-align: top; box-sizing: border-box; padding-right: 4px; padding-left: 4px\">\n<div style=\"overflow: hidden; width: 750px; height: 585.551px;\">\n      <img decoding=\"async\" src=\"https:\/\/sc02.alicdn.com\/kf\/HTB1UAwMaznuK1RkSmFPq6AuzFXaJ\/64496\/HTB1UAwMaznuK1RkSmFPq6AuzFXaJ.jpg\" style=\"width: 750px; height: 585.551px; margin-left: 0px; margin-top: 0px;\" class=\"aligncenter\"><\/div>\n<\/div>\n<\/div>\n<\/div>\n<div style=\"vertical-align: top;padding-top: 15px; padding-bottom: 15px;\">\n<div style=\"vertical-align: top;padding-top: 10px; padding-bottom: 10px; margin-right: -4px; margin-left: -4px;\">\n   <\/div>\n<\/p><\/div>\n<\/p><\/div>","protected":false},"excerpt":{"rendered":"<p>T\u00fanel de retra\u00e7\u00e3o<\/p>","protected":false},"featured_media":3133,"comment_status":"closed","ping_status":"open","template":"","meta":[],"product_brand":[],"product_cat":[123,98],"product_tag":[],"class_list":{"0":"post-3132","1":"product","2":"type-product","3":"status-publish","4":"has-post-thumbnail","6":"product_cat-shrink-tunnels","7":"product_cat-wrapping-machines","9":"first","10":"instock","11":"sale","12":"purchasable","13":"product-type-simple"},"yoast_head":"<!-- This site is optimized with the Yoast SEO Premium plugin v20.9 (Yoast SEO v26.5) - https:\/\/yoast.com\/wordpress\/plugins\/seo\/ -->\n<title>DSD4520 Thermal Shrink Packaging Machine shrinking tunnel packager - ALF PACK<\/title>\n<meta name=\"robots\" content=\"index, follow, max-snippet:-1, max-image-preview:large, max-video-preview:-1\" \/>\n<link rel=\"canonical\" href=\"https:\/\/alfequipment.com\/pt\/product\/dsd4520-maquina-de-embalar-com-tunel-de-retracao-termica\/\" \/>\n<meta property=\"og:locale\" content=\"pt_PT\" \/>\n<meta property=\"og:type\" content=\"article\" \/>\n<meta property=\"og:title\" content=\"DSD4520 Thermal Shrink Packaging Machine shrinking tunnel packager\" \/>\n<meta property=\"og:description\" content=\"Shrink Tunnel\" \/>\n<meta property=\"og:url\" content=\"https:\/\/alfequipment.com\/pt\/product\/dsd4520-maquina-de-embalar-com-tunel-de-retracao-termica\/\" \/>\n<meta property=\"og:site_name\" content=\"ALF PACK\" \/>\n<meta property=\"article:modified_time\" content=\"2025-01-14T03:11:43+00:00\" \/>\n<meta property=\"og:image\" content=\"https:\/\/alfequipment.com\/wp-content\/uploads\/2025\/01\/DSD4520-Thermal-Shrink-Packaging-Machine-shrinking-tunnel.jpg\" \/>\n\t<meta property=\"og:image:width\" content=\"800\" \/>\n\t<meta property=\"og:image:height\" content=\"800\" \/>\n\t<meta property=\"og:image:type\" content=\"image\/webp\" \/>\n<meta name=\"twitter:card\" content=\"summary_large_image\" \/>\n<meta name=\"twitter:label1\" content=\"Tempo estimado de leitura\" \/>\n\t<meta name=\"twitter:data1\" content=\"1 minuto\" \/>\n<script type=\"application\/ld+json\" class=\"yoast-schema-graph\">{\"@context\":\"https:\/\/schema.org\",\"@graph\":[{\"@type\":\"WebPage\",\"@id\":\"https:\/\/alfequipment.com\/product\/dsd4520-thermal-shrink-packaging-machine-shrinking-tunnel-packager\/\",\"url\":\"https:\/\/alfequipment.com\/product\/dsd4520-thermal-shrink-packaging-machine-shrinking-tunnel-packager\/\",\"name\":\"DSD4520 Thermal Shrink Packaging Machine shrinking tunnel packager - ALF PACK\",\"isPartOf\":{\"@id\":\"https:\/\/alfequipment.com\/#website\"},\"primaryImageOfPage\":{\"@id\":\"https:\/\/alfequipment.com\/product\/dsd4520-thermal-shrink-packaging-machine-shrinking-tunnel-packager\/#primaryimage\"},\"image\":{\"@id\":\"https:\/\/alfequipment.com\/product\/dsd4520-thermal-shrink-packaging-machine-shrinking-tunnel-packager\/#primaryimage\"},\"thumbnailUrl\":\"https:\/\/alfequipment.com\/wp-content\/uploads\/2025\/01\/DSD4520-Thermal-Shrink-Packaging-Machine-shrinking-tunnel.jpg\",\"datePublished\":\"2024-12-15T04:38:26+00:00\",\"dateModified\":\"2025-01-14T03:11:43+00:00\",\"breadcrumb\":{\"@id\":\"https:\/\/alfequipment.com\/product\/dsd4520-thermal-shrink-packaging-machine-shrinking-tunnel-packager\/#breadcrumb\"},\"inLanguage\":\"pt-PT\",\"potentialAction\":[{\"@type\":\"ReadAction\",\"target\":[\"https:\/\/alfequipment.com\/product\/dsd4520-thermal-shrink-packaging-machine-shrinking-tunnel-packager\/\"]}]},{\"@type\":\"ImageObject\",\"inLanguage\":\"pt-PT\",\"@id\":\"https:\/\/alfequipment.com\/product\/dsd4520-thermal-shrink-packaging-machine-shrinking-tunnel-packager\/#primaryimage\",\"url\":\"https:\/\/alfequipment.com\/wp-content\/uploads\/2025\/01\/DSD4520-Thermal-Shrink-Packaging-Machine-shrinking-tunnel.jpg\",\"contentUrl\":\"https:\/\/alfequipment.com\/wp-content\/uploads\/2025\/01\/DSD4520-Thermal-Shrink-Packaging-Machine-shrinking-tunnel.jpg\",\"width\":800,\"height\":800},{\"@type\":\"BreadcrumbList\",\"@id\":\"https:\/\/alfequipment.com\/product\/dsd4520-thermal-shrink-packaging-machine-shrinking-tunnel-packager\/#breadcrumb\",\"itemListElement\":[{\"@type\":\"ListItem\",\"position\":1,\"name\":\"Home\",\"item\":\"https:\/\/alfequipment.com\/\"},{\"@type\":\"ListItem\",\"position\":2,\"name\":\"Shop\",\"item\":\"https:\/\/alfequipment.com\/shop\/\"},{\"@type\":\"ListItem\",\"position\":3,\"name\":\"DSD4520 Thermal Shrink Packaging Machine shrinking tunnel packager\"}]},{\"@type\":\"WebSite\",\"@id\":\"https:\/\/alfequipment.com\/#website\",\"url\":\"https:\/\/alfequipment.com\/\",\"name\":\"ALF PACK\",\"description\":\"\",\"publisher\":{\"@id\":\"https:\/\/alfequipment.com\/#organization\"},\"potentialAction\":[{\"@type\":\"SearchAction\",\"target\":{\"@type\":\"EntryPoint\",\"urlTemplate\":\"https:\/\/alfequipment.com\/?s={search_term_string}\"},\"query-input\":{\"@type\":\"PropertyValueSpecification\",\"valueRequired\":true,\"valueName\":\"search_term_string\"}}],\"inLanguage\":\"pt-PT\"},{\"@type\":\"Organization\",\"@id\":\"https:\/\/alfequipment.com\/#organization\",\"name\":\"ALF PACK\",\"url\":\"https:\/\/alfequipment.com\/\",\"logo\":{\"@type\":\"ImageObject\",\"inLanguage\":\"pt-PT\",\"@id\":\"https:\/\/alfequipment.com\/#\/schema\/logo\/image\/\",\"url\":\"https:\/\/alfequipment.com\/wp-content\/uploads\/2024\/11\/ALFlogo-2.webp\",\"contentUrl\":\"https:\/\/alfequipment.com\/wp-content\/uploads\/2024\/11\/ALFlogo-2.webp\",\"width\":758,\"height\":750,\"caption\":\"ALF PACK\"},\"image\":{\"@id\":\"https:\/\/alfequipment.com\/#\/schema\/logo\/image\/\"}}]}<\/script>\n<!-- \/ Yoast SEO Premium plugin. -->","yoast_head_json":{"title":"M\u00e1quina de embalagem de t\u00fanel retr\u00e1til DSD4520 - ALF PACK","robots":{"index":"index","follow":"follow","max-snippet":"max-snippet:-1","max-image-preview":"max-image-preview:large","max-video-preview":"max-video-preview:-1"},"canonical":"https:\/\/alfequipment.com\/pt\/product\/dsd4520-maquina-de-embalar-com-tunel-de-retracao-termica\/","og_locale":"pt_PT","og_type":"article","og_title":"DSD4520 Thermal Shrink Packaging Machine shrinking tunnel packager","og_description":"Shrink Tunnel","og_url":"https:\/\/alfequipment.com\/pt\/product\/dsd4520-maquina-de-embalar-com-tunel-de-retracao-termica\/","og_site_name":"ALF PACK","article_modified_time":"2025-01-14T03:11:43+00:00","og_image":[{"width":800,"height":800,"url":"https:\/\/alfequipment.com\/wp-content\/uploads\/2025\/01\/DSD4520-Thermal-Shrink-Packaging-Machine-shrinking-tunnel.jpg","type":"image\/webp"}],"twitter_card":"summary_large_image","twitter_misc":{"Tempo estimado de leitura":"1 minuto"},"schema":{"@context":"https:\/\/schema.org","@graph":[{"@type":"WebPage","@id":"https:\/\/alfequipment.com\/product\/dsd4520-thermal-shrink-packaging-machine-shrinking-tunnel-packager\/","url":"https:\/\/alfequipment.com\/product\/dsd4520-thermal-shrink-packaging-machine-shrinking-tunnel-packager\/","name":"M\u00e1quina de embalagem de t\u00fanel retr\u00e1til DSD4520 - ALF PACK","isPartOf":{"@id":"https:\/\/alfequipment.com\/#website"},"primaryImageOfPage":{"@id":"https:\/\/alfequipment.com\/product\/dsd4520-thermal-shrink-packaging-machine-shrinking-tunnel-packager\/#primaryimage"},"image":{"@id":"https:\/\/alfequipment.com\/product\/dsd4520-thermal-shrink-packaging-machine-shrinking-tunnel-packager\/#primaryimage"},"thumbnailUrl":"https:\/\/alfequipment.com\/wp-content\/uploads\/2025\/01\/DSD4520-Thermal-Shrink-Packaging-Machine-shrinking-tunnel.jpg","datePublished":"2024-12-15T04:38:26+00:00","dateModified":"2025-01-14T03:11:43+00:00","breadcrumb":{"@id":"https:\/\/alfequipment.com\/product\/dsd4520-thermal-shrink-packaging-machine-shrinking-tunnel-packager\/#breadcrumb"},"inLanguage":"pt-PT","potentialAction":[{"@type":"ReadAction","target":["https:\/\/alfequipment.com\/product\/dsd4520-thermal-shrink-packaging-machine-shrinking-tunnel-packager\/"]}]},{"@type":"ImageObject","inLanguage":"pt-PT","@id":"https:\/\/alfequipment.com\/product\/dsd4520-thermal-shrink-packaging-machine-shrinking-tunnel-packager\/#primaryimage","url":"https:\/\/alfequipment.com\/wp-content\/uploads\/2025\/01\/DSD4520-Thermal-Shrink-Packaging-Machine-shrinking-tunnel.jpg","contentUrl":"https:\/\/alfequipment.com\/wp-content\/uploads\/2025\/01\/DSD4520-Thermal-Shrink-Packaging-Machine-shrinking-tunnel.jpg","width":800,"height":800},{"@type":"BreadcrumbList","@id":"https:\/\/alfequipment.com\/product\/dsd4520-thermal-shrink-packaging-machine-shrinking-tunnel-packager\/#breadcrumb","itemListElement":[{"@type":"ListItem","position":1,"name":"Home","item":"https:\/\/alfequipment.com\/"},{"@type":"ListItem","position":2,"name":"Shop","item":"https:\/\/alfequipment.com\/shop\/"},{"@type":"ListItem","position":3,"name":"DSD4520 Thermal Shrink Packaging Machine shrinking tunnel packager"}]},{"@type":"WebSite","@id":"https:\/\/alfequipment.com\/#website","url":"https:\/\/alfequipment.com\/","name":"PACK ALF","description":"","publisher":{"@id":"https:\/\/alfequipment.com\/#organization"},"potentialAction":[{"@type":"SearchAction","target":{"@type":"EntryPoint","urlTemplate":"https:\/\/alfequipment.com\/?s={search_term_string}"},"query-input":{"@type":"PropertyValueSpecification","valueRequired":true,"valueName":"search_term_string"}}],"inLanguage":"pt-PT"},{"@type":"Organization","@id":"https:\/\/alfequipment.com\/#organization","name":"PACK ALF","url":"https:\/\/alfequipment.com\/","logo":{"@type":"ImageObject","inLanguage":"pt-PT","@id":"https:\/\/alfequipment.com\/#\/schema\/logo\/image\/","url":"https:\/\/alfequipment.com\/wp-content\/uploads\/2024\/11\/ALFlogo-2.webp","contentUrl":"https:\/\/alfequipment.com\/wp-content\/uploads\/2024\/11\/ALFlogo-2.webp","width":758,"height":750,"caption":"ALF PACK"},"image":{"@id":"https:\/\/alfequipment.com\/#\/schema\/logo\/image\/"}}]}},"_links":{"self":[{"href":"https:\/\/alfequipment.com\/pt\/wp-json\/wp\/v2\/product\/3132","targetHints":{"allow":["GET"]}}],"collection":[{"href":"https:\/\/alfequipment.com\/pt\/wp-json\/wp\/v2\/product"}],"about":[{"href":"https:\/\/alfequipment.com\/pt\/wp-json\/wp\/v2\/types\/product"}],"replies":[{"embeddable":true,"href":"https:\/\/alfequipment.com\/pt\/wp-json\/wp\/v2\/comments?post=3132"}],"version-history":[{"count":0,"href":"https:\/\/alfequipment.com\/pt\/wp-json\/wp\/v2\/product\/3132\/revisions"}],"wp:featuredmedia":[{"embeddable":true,"href":"https:\/\/alfequipment.com\/pt\/wp-json\/wp\/v2\/media\/3133"}],"wp:attachment":[{"href":"https:\/\/alfequipment.com\/pt\/wp-json\/wp\/v2\/media?parent=3132"}],"wp:term":[{"taxonomy":"product_brand","embeddable":true,"href":"https:\/\/alfequipment.com\/pt\/wp-json\/wp\/v2\/product_brand?post=3132"},{"taxonomy":"product_cat","embeddable":true,"href":"https:\/\/alfequipment.com\/pt\/wp-json\/wp\/v2\/product_cat?post=3132"},{"taxonomy":"product_tag","embeddable":true,"href":"https:\/\/alfequipment.com\/pt\/wp-json\/wp\/v2\/product_tag?post=3132"}],"curies":[{"name":"wp","href":"https:\/\/api.w.org\/{rel}","templated":true}]}}