{"id":3136,"date":"2024-12-22T01:52:16","date_gmt":"2024-12-22T01:52:16","guid":{"rendered":"https:\/\/alfequipment.com\/product\/dbf1000an-vertical-gas-flushing-band-sealer-continuous-inflating-bag-sealing-machine-with-nitrogen-filling\/"},"modified":"2025-01-13T15:00:40","modified_gmt":"2025-01-13T15:00:40","slug":"dbf1000an-seladora-de-banda-com-descarga-de-gas-vertical-maquina-de-enchimento-continuo-de-sacos-com-enchimento-de-nitrogenio","status":"publish","type":"product","link":"https:\/\/alfequipment.com\/pt\/product\/dbf1000an-seladora-de-banda-com-descarga-de-gas-vertical-maquina-de-enchimento-continuo-de-sacos-com-enchimento-de-nitrogenio\/","title":{"rendered":"DBF1000AN M\u00e1quina seladora de banda com descarga de g\u00e1s vertical M\u00e1quina seladora de sacos de enchimento cont\u00ednuo com enchimento de nitrog\u00e9nio"},"content":{"rendered":"<div data-magic-global=\"%7B%22bizId%22%3A17179933680%2C%22pageId%22%3A21040438603%2C%22siteId%22%3A5005331025%7D\" id=\"detail_decorate_root\">\n<div module-id=\"28158196523\" module-title=\"detailProductNavigation\" render=\"true\" class=\"J_module\">\n<div id=\"ali-anchor-AliMagic-tnh2f6\" data-section=\"AliMagic-tnh2f6\" data-section-title=\"Product Description\" class=\"magic-0\">Esta m\u00e1quina \u00e9 adequada para a selagem e impress\u00e3o. \u00c9 amplamente utilizada em alimentos, medicamentos, produtos qu\u00edmicos, uso di\u00e1rio, sementes e outras ind\u00fastrias.<\/div>\n<\/div>\n<div module-id=\"28158196524\" module-title=\"detailTextWithTitle\" render=\"true\" class=\"J_module\">\n<div class=\"detail-decorate-json-renderer-container\">\n<div class=\"magic-1\">\n<div class=\"magic-4\">\n<div class=\"magic-5\">\n<div class=\"magic-6\">\n<p class=\"magic-8\"><span class=\"magic-10\">Esta m\u00e1quina adopta um controlo inteligente da temperatura e um mecanismo de transmiss\u00e3o de regula\u00e7\u00e3o da velocidade, podendo selar v\u00e1rios sacos de pl\u00e1stico de diferentes materiais. Devido ao pequeno tamanho da m\u00e1quina, o comprimento de selagem n\u00e3o \u00e9 limitado, e pode ser usado com v\u00e1rias linhas de embalagem. Ser\u00e1 o melhor equipamento de selagem para embalagem em lote em f\u00e1bricas e lojas.<\/span><\/p>\n<p class=\"magic-8\"><span class=\"magic-11\">Devido ao controlo el\u00e9trico simples da m\u00e1quina e \u00e0 transmiss\u00e3o mec\u00e2nica razo\u00e1vel e refinada, o desempenho \u00e9 muito est\u00e1vel, a taxa de falhas \u00e9 extremamente baixa e a vida \u00fatil \u00e9 mais longa. Pode trabalhar continuamente durante muito tempo e pode satisfazer as necessidades da produ\u00e7\u00e3o em massa. Depois de o produto ser selado e embalado pela m\u00e1quina, tem um aspeto bonito, limpo, \u00e0 prova de poeira, \u00e0 prova de humidade e resist\u00eancia aos danos, o que \u00e9 conveniente para o manuseamento e armazenamento, e reduz consideravelmente a perda de produto.<\/span><\/p>\n<\/p><\/div>\n<\/p><\/div>\n<\/p><\/div>\n<\/p><\/div>\n<\/p><\/div>\n<\/p><\/div>\n<div module-id=\"28158196525\" module-title=\"detailTableHorizontal\" render=\"true\" class=\"J_module\">\n<div class=\"ife-detail-decorate-table\">\n<table class=\"has-title all magic-12\">\n<tbody>\n<tr>\n<td colspan=\"1\" rowspan=\"1\">\n<div class=\"magic-13\">\n        Modelo\n       <\/div>\n<\/td>\n<td colspan=\"1\" rowspan=\"1\">\n<div class=\"magic-14\">\n        DBF1000AN\n       <\/div>\n<\/td>\n<\/tr>\n<tr>\n<td colspan=\"1\" rowspan=\"1\">\n<div class=\"magic-13\">\n        Tens\u00e3o\n       <\/div>\n<\/td>\n<td colspan=\"1\" rowspan=\"1\">\n<div class=\"magic-14\">\n        110\/220V\/50\u00ef\u00bd60Hz\n       <\/div>\n<\/td>\n<\/tr>\n<tr>\n<td colspan=\"1\" rowspan=\"1\">\n<div class=\"magic-15\">\n        Pot\u00eancia\n       <\/div>\n<\/td>\n<td colspan=\"1\" rowspan=\"1\">\n<div class=\"magic-16\">\n        0,85Kw\n       <\/div>\n<\/td>\n<\/tr>\n<tr>\n<td colspan=\"1\" rowspan=\"1\">\n<div class=\"magic-13\">\n        Velocidade de trabalho\u00ef\u00bcm\/min\u00ef\u00bc\n       <\/div>\n<\/td>\n<td colspan=\"1\" rowspan=\"1\">\n<div class=\"magic-14\">\n        0\u00ef\u00bd12\n       <\/div>\n<\/td>\n<\/tr>\n<tr>\n<td colspan=\"1\" rowspan=\"1\">\n<div class=\"magic-13\">\n        Largura de selagem\u00ef\u00bcmm\u00ef\u00bc\n       <\/div>\n<\/td>\n<td colspan=\"1\" rowspan=\"1\">\n<div class=\"magic-14\">\n        6\u00ef\u00bd12\n       <\/div>\n<\/td>\n<\/tr>\n<tr>\n<td colspan=\"1\" rowspan=\"1\">\n<div class=\"magic-13\">\n        Gama de temperaturas\n       <\/div>\n<\/td>\n<td colspan=\"1\" rowspan=\"1\">\n<div class=\"magic-14\">\n        0\u00ef\u00bd300\n       <\/div>\n<\/td>\n<\/tr>\n<tr>\n<td colspan=\"1\" rowspan=\"1\">\n<div class=\"magic-13\">\n        Pel\u00edcula de camada \u00fanica Espessura m\u00e1xima (mm)\n       <\/div>\n<\/td>\n<td colspan=\"1\" rowspan=\"1\">\n<div class=\"magic-14\">\n        \u22640.08\n       <\/div>\n<\/td>\n<\/tr>\n<tr>\n<td colspan=\"1\" rowspan=\"1\">\n<div class=\"magic-13\">\n        Carga m\u00e1xima: kg\n       <\/div>\n<\/td>\n<td colspan=\"1\" rowspan=\"1\">\n<div class=\"magic-14\">\n        \u22643\n       <\/div>\n<\/td>\n<\/tr>\n<tr>\n<td colspan=\"1\" rowspan=\"1\">\n<div class=\"magic-13\">\n        Dimens\u00f5es da m\u00e1quina: L x L x A: mm\n       <\/div>\n<\/td>\n<td colspan=\"1\" rowspan=\"1\">\n<div class=\"magic-14\">\n        925*400*500\n       <\/div>\n<\/td>\n<\/tr>\n<tr>\n<td colspan=\"1\" rowspan=\"1\">\n<div class=\"magic-13\">\n        Peso\n       <\/div>\n<\/td>\n<td colspan=\"1\" rowspan=\"1\">\n<div class=\"magic-14\">\n        32 kg\n       <\/div>\n<\/td>\n<\/tr>\n<\/tbody>\n<\/table><\/div>\n<\/p><\/div>\n<div module-id=\"28158196526\" module-title=\"detailSingleImage\" render=\"true\" class=\"J_module\">\n<div class=\"icbu-pc-images magic-17\">\n<div>\n<div class=\"flex-layout-v\">\n<div class=\"flex-layout-h magic-17\">\n<div class=\"magic-18\">\n       <img decoding=\"async\" src=\"https:\/\/sc04.alicdn.com\/kf\/H96efdf8004ed46f5a3051ad863c18873o\/64496\/H96efdf8004ed46f5a3051ad863c18873o.jpg\" class=\"aligncenter\">\n      <\/div>\n<\/p><\/div>\n<\/p><\/div>\n<\/p><\/div>\n<\/p><\/div>\n<\/p><\/div>\n<div module-id=\"28158196527\" module-title=\"detailMultiImages\" render=\"true\" class=\"J_module\">\n<div class=\"icbu-pc-images magic-17\">\n<div>\n<div class=\"flex-layout-v\">\n<div class=\"flex-layout-h magic-17\">\n<div class=\"magic-20\">\n       <img decoding=\"async\" src=\"https:\/\/sc01.alicdn.com\/kf\/H5a63869b12ab49fca7c2fd05b6fefdf8v\/64496\/H5a63869b12ab49fca7c2fd05b6fefdf8v.jpg\" class=\"aligncenter\">\n      <\/div>\n<div class=\"magic-22\">\n       <img decoding=\"async\" src=\"https:\/\/sc01.alicdn.com\/kf\/Hdf8ae708689b4c51bb800994986e2913H\/64496\/Hdf8ae708689b4c51bb800994986e2913H.jpg\" class=\"aligncenter\">\n      <\/div>\n<div class=\"magic-22\">\n       <img decoding=\"async\" src=\"https:\/\/sc01.alicdn.com\/kf\/H4ceea0ef13d04c738457b5bb1875167ce\/64496\/H4ceea0ef13d04c738457b5bb1875167ce.jpg\" class=\"aligncenter\">\n      <\/div>\n<\/p><\/div>\n<\/p><\/div>\n<\/p><\/div>\n<\/p><\/div>\n<\/p><\/div>\n<div module-id=\"28158196528\" module-title=\"detailSingleImage\" render=\"true\" class=\"J_module\">\n<div class=\"icbu-pc-images magic-17\">\n<div>\n<div class=\"flex-layout-v\">\n<div class=\"flex-layout-h magic-17\">\n<div class=\"magic-25\">\n       <img decoding=\"async\" src=\"https:\/\/sc04.alicdn.com\/kf\/H7dd09c3ab69444bba955b198f616966bC\/64496\/H7dd09c3ab69444bba955b198f616966bC.jpg\" class=\"aligncenter\">\n      <\/div>\n<\/p><\/div>\n<\/p><\/div>\n<\/p><\/div>\n<\/p><\/div>\n<\/p><\/div>\n<div module-id=\"28158196529\" module-title=\"detailSingleImage\" render=\"true\" class=\"J_module\">\n<div class=\"icbu-pc-images magic-17\">\n<div>\n<div class=\"flex-layout-v\">\n<div class=\"flex-layout-h magic-17\">\n<div class=\"magic-27\">\n       <img decoding=\"async\" src=\"https:\/\/sc04.alicdn.com\/kf\/H5df2963df265492d916cec3fdd7ec8fd2\/64496\/H5df2963df265492d916cec3fdd7ec8fd2.jpg\" class=\"aligncenter\">\n      <\/div>\n<\/p><\/div>\n<\/p><\/div>\n<\/p><\/div>\n<\/p><\/div>\n<\/p><\/div>\n<\/div>","protected":false},"excerpt":{"rendered":"<p>M\u00e1quina seladora de pel\u00edcula de enchimento cont\u00ednuo com enchimento de nitrog\u00e9nio<\/p>","protected":false},"featured_media":3137,"comment_status":"closed","ping_status":"open","template":"","meta":[],"product_brand":[],"product_cat":[119,97],"product_tag":[],"class_list":{"0":"post-3136","1":"product","2":"type-product","3":"status-publish","4":"has-post-thumbnail","6":"product_cat-band-sealer","7":"product_cat-sealing-machines","9":"first","10":"instock","11":"sale","12":"purchasable","13":"product-type-simple"},"yoast_head":"<!-- This site is optimized with the Yoast SEO Premium plugin v20.9 (Yoast SEO v26.5) - https:\/\/yoast.com\/wordpress\/plugins\/seo\/ -->\n<title>DBF1000AN Vertical gas flushing band sealer Continuous inflating bag sealing machine with Nitrogen filling - ALF PACK<\/title>\n<meta name=\"robots\" content=\"index, follow, max-snippet:-1, max-image-preview:large, max-video-preview:-1\" \/>\n<link rel=\"canonical\" href=\"https:\/\/alfequipment.com\/pt\/product\/dbf1000an-seladora-de-banda-com-descarga-de-gas-vertical-maquina-de-enchimento-continuo-de-sacos-com-enchimento-de-nitrogenio\/\" \/>\n<meta property=\"og:locale\" content=\"pt_PT\" \/>\n<meta property=\"og:type\" content=\"article\" \/>\n<meta property=\"og:title\" content=\"DBF1000AN Vertical gas flushing band sealer Continuous inflating bag sealing machine with Nitrogen filling\" \/>\n<meta property=\"og:description\" content=\"Continuous Inflating Film Sealing Machine With Nitrogen Filling\" \/>\n<meta property=\"og:url\" content=\"https:\/\/alfequipment.com\/pt\/product\/dbf1000an-seladora-de-banda-com-descarga-de-gas-vertical-maquina-de-enchimento-continuo-de-sacos-com-enchimento-de-nitrogenio\/\" \/>\n<meta property=\"og:site_name\" content=\"ALF PACK\" \/>\n<meta property=\"article:modified_time\" content=\"2025-01-13T15:00:40+00:00\" \/>\n<meta property=\"og:image\" content=\"https:\/\/alfequipment.com\/wp-content\/uploads\/2025\/01\/DBF1000AN-Vertical-gas-flushing-band-sealer-Continuous-scaled.jpg\" \/>\n\t<meta property=\"og:image:width\" content=\"2560\" \/>\n\t<meta property=\"og:image:height\" content=\"2037\" \/>\n\t<meta property=\"og:image:type\" content=\"image\/webp\" \/>\n<meta name=\"twitter:card\" content=\"summary_large_image\" \/>\n<meta name=\"twitter:label1\" content=\"Tempo estimado de leitura\" \/>\n\t<meta name=\"twitter:data1\" content=\"1 minuto\" \/>\n<script type=\"application\/ld+json\" class=\"yoast-schema-graph\">{\"@context\":\"https:\/\/schema.org\",\"@graph\":[{\"@type\":\"WebPage\",\"@id\":\"https:\/\/alfequipment.com\/product\/dbf1000an-vertical-gas-flushing-band-sealer-continuous-inflating-bag-sealing-machine-with-nitrogen-filling\/\",\"url\":\"https:\/\/alfequipment.com\/product\/dbf1000an-vertical-gas-flushing-band-sealer-continuous-inflating-bag-sealing-machine-with-nitrogen-filling\/\",\"name\":\"DBF1000AN Vertical gas flushing band sealer Continuous inflating bag sealing machine with Nitrogen filling - ALF PACK\",\"isPartOf\":{\"@id\":\"https:\/\/alfequipment.com\/#website\"},\"primaryImageOfPage\":{\"@id\":\"https:\/\/alfequipment.com\/product\/dbf1000an-vertical-gas-flushing-band-sealer-continuous-inflating-bag-sealing-machine-with-nitrogen-filling\/#primaryimage\"},\"image\":{\"@id\":\"https:\/\/alfequipment.com\/product\/dbf1000an-vertical-gas-flushing-band-sealer-continuous-inflating-bag-sealing-machine-with-nitrogen-filling\/#primaryimage\"},\"thumbnailUrl\":\"https:\/\/alfequipment.com\/wp-content\/uploads\/2025\/01\/DBF1000AN-Vertical-gas-flushing-band-sealer-Continuous-scaled.jpg\",\"datePublished\":\"2024-12-22T01:52:16+00:00\",\"dateModified\":\"2025-01-13T15:00:40+00:00\",\"breadcrumb\":{\"@id\":\"https:\/\/alfequipment.com\/product\/dbf1000an-vertical-gas-flushing-band-sealer-continuous-inflating-bag-sealing-machine-with-nitrogen-filling\/#breadcrumb\"},\"inLanguage\":\"pt-PT\",\"potentialAction\":[{\"@type\":\"ReadAction\",\"target\":[\"https:\/\/alfequipment.com\/product\/dbf1000an-vertical-gas-flushing-band-sealer-continuous-inflating-bag-sealing-machine-with-nitrogen-filling\/\"]}]},{\"@type\":\"ImageObject\",\"inLanguage\":\"pt-PT\",\"@id\":\"https:\/\/alfequipment.com\/product\/dbf1000an-vertical-gas-flushing-band-sealer-continuous-inflating-bag-sealing-machine-with-nitrogen-filling\/#primaryimage\",\"url\":\"https:\/\/alfequipment.com\/wp-content\/uploads\/2025\/01\/DBF1000AN-Vertical-gas-flushing-band-sealer-Continuous-scaled.jpg\",\"contentUrl\":\"https:\/\/alfequipment.com\/wp-content\/uploads\/2025\/01\/DBF1000AN-Vertical-gas-flushing-band-sealer-Continuous-scaled.jpg\",\"width\":2560,\"height\":2037},{\"@type\":\"BreadcrumbList\",\"@id\":\"https:\/\/alfequipment.com\/product\/dbf1000an-vertical-gas-flushing-band-sealer-continuous-inflating-bag-sealing-machine-with-nitrogen-filling\/#breadcrumb\",\"itemListElement\":[{\"@type\":\"ListItem\",\"position\":1,\"name\":\"Home\",\"item\":\"https:\/\/alfequipment.com\/\"},{\"@type\":\"ListItem\",\"position\":2,\"name\":\"Shop\",\"item\":\"https:\/\/alfequipment.com\/shop\/\"},{\"@type\":\"ListItem\",\"position\":3,\"name\":\"DBF1000AN Vertical gas flushing band sealer Continuous inflating bag sealing machine with Nitrogen filling\"}]},{\"@type\":\"WebSite\",\"@id\":\"https:\/\/alfequipment.com\/#website\",\"url\":\"https:\/\/alfequipment.com\/\",\"name\":\"ALF PACK\",\"description\":\"\",\"publisher\":{\"@id\":\"https:\/\/alfequipment.com\/#organization\"},\"potentialAction\":[{\"@type\":\"SearchAction\",\"target\":{\"@type\":\"EntryPoint\",\"urlTemplate\":\"https:\/\/alfequipment.com\/?s={search_term_string}\"},\"query-input\":{\"@type\":\"PropertyValueSpecification\",\"valueRequired\":true,\"valueName\":\"search_term_string\"}}],\"inLanguage\":\"pt-PT\"},{\"@type\":\"Organization\",\"@id\":\"https:\/\/alfequipment.com\/#organization\",\"name\":\"ALF PACK\",\"url\":\"https:\/\/alfequipment.com\/\",\"logo\":{\"@type\":\"ImageObject\",\"inLanguage\":\"pt-PT\",\"@id\":\"https:\/\/alfequipment.com\/#\/schema\/logo\/image\/\",\"url\":\"https:\/\/alfequipment.com\/wp-content\/uploads\/2024\/11\/ALFlogo-2.webp\",\"contentUrl\":\"https:\/\/alfequipment.com\/wp-content\/uploads\/2024\/11\/ALFlogo-2.webp\",\"width\":758,\"height\":750,\"caption\":\"ALF PACK\"},\"image\":{\"@id\":\"https:\/\/alfequipment.com\/#\/schema\/logo\/image\/\"}}]}<\/script>\n<!-- \/ Yoast SEO Premium plugin. -->","yoast_head_json":{"title":"DBF1000AN Seladora de banda com descarga de g\u00e1s vertical M\u00e1quina de enchimento cont\u00ednuo de sacos com enchimento de nitrog\u00e9nio - ALF PACK","robots":{"index":"index","follow":"follow","max-snippet":"max-snippet:-1","max-image-preview":"max-image-preview:large","max-video-preview":"max-video-preview:-1"},"canonical":"https:\/\/alfequipment.com\/pt\/product\/dbf1000an-seladora-de-banda-com-descarga-de-gas-vertical-maquina-de-enchimento-continuo-de-sacos-com-enchimento-de-nitrogenio\/","og_locale":"pt_PT","og_type":"article","og_title":"DBF1000AN Vertical gas flushing band sealer Continuous inflating bag sealing machine with Nitrogen filling","og_description":"Continuous Inflating Film Sealing Machine With Nitrogen Filling","og_url":"https:\/\/alfequipment.com\/pt\/product\/dbf1000an-seladora-de-banda-com-descarga-de-gas-vertical-maquina-de-enchimento-continuo-de-sacos-com-enchimento-de-nitrogenio\/","og_site_name":"ALF PACK","article_modified_time":"2025-01-13T15:00:40+00:00","og_image":[{"width":2560,"height":2037,"url":"https:\/\/alfequipment.com\/wp-content\/uploads\/2025\/01\/DBF1000AN-Vertical-gas-flushing-band-sealer-Continuous-scaled.jpg","type":"image\/webp"}],"twitter_card":"summary_large_image","twitter_misc":{"Tempo estimado de leitura":"1 minuto"},"schema":{"@context":"https:\/\/schema.org","@graph":[{"@type":"WebPage","@id":"https:\/\/alfequipment.com\/product\/dbf1000an-vertical-gas-flushing-band-sealer-continuous-inflating-bag-sealing-machine-with-nitrogen-filling\/","url":"https:\/\/alfequipment.com\/product\/dbf1000an-vertical-gas-flushing-band-sealer-continuous-inflating-bag-sealing-machine-with-nitrogen-filling\/","name":"DBF1000AN Seladora de banda com descarga de g\u00e1s vertical M\u00e1quina de enchimento cont\u00ednuo de sacos com enchimento de nitrog\u00e9nio - ALF PACK","isPartOf":{"@id":"https:\/\/alfequipment.com\/#website"},"primaryImageOfPage":{"@id":"https:\/\/alfequipment.com\/product\/dbf1000an-vertical-gas-flushing-band-sealer-continuous-inflating-bag-sealing-machine-with-nitrogen-filling\/#primaryimage"},"image":{"@id":"https:\/\/alfequipment.com\/product\/dbf1000an-vertical-gas-flushing-band-sealer-continuous-inflating-bag-sealing-machine-with-nitrogen-filling\/#primaryimage"},"thumbnailUrl":"https:\/\/alfequipment.com\/wp-content\/uploads\/2025\/01\/DBF1000AN-Vertical-gas-flushing-band-sealer-Continuous-scaled.jpg","datePublished":"2024-12-22T01:52:16+00:00","dateModified":"2025-01-13T15:00:40+00:00","breadcrumb":{"@id":"https:\/\/alfequipment.com\/product\/dbf1000an-vertical-gas-flushing-band-sealer-continuous-inflating-bag-sealing-machine-with-nitrogen-filling\/#breadcrumb"},"inLanguage":"pt-PT","potentialAction":[{"@type":"ReadAction","target":["https:\/\/alfequipment.com\/product\/dbf1000an-vertical-gas-flushing-band-sealer-continuous-inflating-bag-sealing-machine-with-nitrogen-filling\/"]}]},{"@type":"ImageObject","inLanguage":"pt-PT","@id":"https:\/\/alfequipment.com\/product\/dbf1000an-vertical-gas-flushing-band-sealer-continuous-inflating-bag-sealing-machine-with-nitrogen-filling\/#primaryimage","url":"https:\/\/alfequipment.com\/wp-content\/uploads\/2025\/01\/DBF1000AN-Vertical-gas-flushing-band-sealer-Continuous-scaled.jpg","contentUrl":"https:\/\/alfequipment.com\/wp-content\/uploads\/2025\/01\/DBF1000AN-Vertical-gas-flushing-band-sealer-Continuous-scaled.jpg","width":2560,"height":2037},{"@type":"BreadcrumbList","@id":"https:\/\/alfequipment.com\/product\/dbf1000an-vertical-gas-flushing-band-sealer-continuous-inflating-bag-sealing-machine-with-nitrogen-filling\/#breadcrumb","itemListElement":[{"@type":"ListItem","position":1,"name":"Home","item":"https:\/\/alfequipment.com\/"},{"@type":"ListItem","position":2,"name":"Shop","item":"https:\/\/alfequipment.com\/shop\/"},{"@type":"ListItem","position":3,"name":"DBF1000AN Vertical gas flushing band sealer Continuous inflating bag sealing machine with Nitrogen filling"}]},{"@type":"WebSite","@id":"https:\/\/alfequipment.com\/#website","url":"https:\/\/alfequipment.com\/","name":"PACK ALF","description":"","publisher":{"@id":"https:\/\/alfequipment.com\/#organization"},"potentialAction":[{"@type":"SearchAction","target":{"@type":"EntryPoint","urlTemplate":"https:\/\/alfequipment.com\/?s={search_term_string}"},"query-input":{"@type":"PropertyValueSpecification","valueRequired":true,"valueName":"search_term_string"}}],"inLanguage":"pt-PT"},{"@type":"Organization","@id":"https:\/\/alfequipment.com\/#organization","name":"PACK ALF","url":"https:\/\/alfequipment.com\/","logo":{"@type":"ImageObject","inLanguage":"pt-PT","@id":"https:\/\/alfequipment.com\/#\/schema\/logo\/image\/","url":"https:\/\/alfequipment.com\/wp-content\/uploads\/2024\/11\/ALFlogo-2.webp","contentUrl":"https:\/\/alfequipment.com\/wp-content\/uploads\/2024\/11\/ALFlogo-2.webp","width":758,"height":750,"caption":"ALF PACK"},"image":{"@id":"https:\/\/alfequipment.com\/#\/schema\/logo\/image\/"}}]}},"_links":{"self":[{"href":"https:\/\/alfequipment.com\/pt\/wp-json\/wp\/v2\/product\/3136","targetHints":{"allow":["GET"]}}],"collection":[{"href":"https:\/\/alfequipment.com\/pt\/wp-json\/wp\/v2\/product"}],"about":[{"href":"https:\/\/alfequipment.com\/pt\/wp-json\/wp\/v2\/types\/product"}],"replies":[{"embeddable":true,"href":"https:\/\/alfequipment.com\/pt\/wp-json\/wp\/v2\/comments?post=3136"}],"version-history":[{"count":0,"href":"https:\/\/alfequipment.com\/pt\/wp-json\/wp\/v2\/product\/3136\/revisions"}],"wp:featuredmedia":[{"embeddable":true,"href":"https:\/\/alfequipment.com\/pt\/wp-json\/wp\/v2\/media\/3137"}],"wp:attachment":[{"href":"https:\/\/alfequipment.com\/pt\/wp-json\/wp\/v2\/media?parent=3136"}],"wp:term":[{"taxonomy":"product_brand","embeddable":true,"href":"https:\/\/alfequipment.com\/pt\/wp-json\/wp\/v2\/product_brand?post=3136"},{"taxonomy":"product_cat","embeddable":true,"href":"https:\/\/alfequipment.com\/pt\/wp-json\/wp\/v2\/product_cat?post=3136"},{"taxonomy":"product_tag","embeddable":true,"href":"https:\/\/alfequipment.com\/pt\/wp-json\/wp\/v2\/product_tag?post=3136"}],"curies":[{"name":"wp","href":"https:\/\/api.w.org\/{rel}","templated":true}]}}