{"id":3140,"date":"2024-12-28T16:19:07","date_gmt":"2024-12-28T16:19:07","guid":{"rendered":"https:\/\/alfequipment.com\/product\/gc-a-table-type-pneumatic-liquid-filling-machine-semi-automatic-liquid-filler\/"},"modified":"2025-01-13T13:12:50","modified_gmt":"2025-01-13T13:12:50","slug":"maquina-de-enchimento-de-liquidos-pneumatica-tipo-mesa-gc-a-enchedora-de-liquidos-semi-automatica","status":"publish","type":"product","link":"https:\/\/alfequipment.com\/pt\/product\/maquina-de-enchimento-de-liquidos-pneumatica-tipo-mesa-gc-a-enchedora-de-liquidos-semi-automatica\/","title":{"rendered":"GC-A M\u00e1quina de enchimento de l\u00edquidos pneum\u00e1tica de tipo mesa enchedora de l\u00edquidos semi-autom\u00e1tica"},"content":{"rendered":"<\/p>\n<p><span style=\"font-size: 9pt; font-family: Arial; color: #222222;\">1. enchimento de precis\u00e3o<\/span><span style=\"font-size: 12pt; font-family: Arial; color: #222222;\">+-1%<\/span><\/p>\n<p><span style=\"font-size: 9pt; font-family: Arial; color: #222222;\">2. o volume de enchimento \u00e9 facilmente ajust\u00e1vel.<br \/>3.f\u00e1cil de operar e manter.<br \/>4. utiliza componentes pneum\u00e1ticos e de a\u00e7o de alta qualidade.<br \/>5.op\u00e7\u00f5es manuais e semi-autom\u00e1ticas dispon\u00edveis.<br \/>6. f\u00e1cil de desmontar e limpar.<\/span><\/p>\n<p>&nbsp;<\/p>\n<p>&nbsp;<\/p>\n<table class=\"aliDataTable\" border=\"1\" cellspacing=\"0\" cellpadding=\"0\">\n<tbody>\n<tr align=\"center\">\n<td style=\"width: 203.4pt;\" valign=\"top\">\n<p>Modelo<\/p>\n<\/td>\n<td style=\"width: 203.4pt;\" valign=\"top\">\n<p>GC-A<\/p>\n<\/td>\n<\/tr>\n<tr align=\"center\">\n<td valign=\"top\">\n<p>Tipo de enchimento<\/p>\n<\/td>\n<td valign=\"top\">\n<p>Um bocal<\/p>\n<\/td>\n<\/tr>\n<tr align=\"center\">\n<td valign=\"top\">\n<p>Fornecimento de ar<\/p>\n<\/td>\n<td valign=\"top\">\n<p>400L\/MIN 0,6Mpa<\/p>\n<\/td>\n<\/tr>\n<tr align=\"center\">\n<td valign=\"top\">\n<p>Gama de enchimento<\/p>\n<\/td>\n<td valign=\"top\">\n<p>10-1000ml<\/p>\n<\/td>\n<\/tr>\n<tr align=\"center\">\n<td valign=\"top\">\n<p>efici\u00eancia<\/p>\n<\/td>\n<td valign=\"top\">\n<p>600-1500garrafas\/hora<\/p>\n<\/td>\n<\/tr>\n<\/tbody>\n<\/table>\n<p>&nbsp;<\/p><\/p>","protected":false},"excerpt":{"rendered":"<p>M\u00e1quina de enchimento de l\u00edquidos manual de tipo mesa Gc-a M\u00e1quina de enchimento de l\u00edquidos semi-autom\u00e1tica<\/p>","protected":false},"featured_media":3141,"comment_status":"closed","ping_status":"open","template":"","meta":[],"product_brand":[],"product_cat":[101],"product_tag":[],"class_list":{"0":"post-3140","1":"product","2":"type-product","3":"status-publish","4":"has-post-thumbnail","6":"product_cat-filling-machines","8":"first","9":"instock","10":"sale","11":"purchasable","12":"product-type-simple"},"yoast_head":"<!-- This site is optimized with the Yoast SEO Premium plugin v20.9 (Yoast SEO v26.5) - https:\/\/yoast.com\/wordpress\/plugins\/seo\/ -->\n<title>GC-A Table type pneumatic liquid filling machine semi automatic liquid filler - ALF PACK<\/title>\n<meta name=\"robots\" content=\"index, follow, max-snippet:-1, max-image-preview:large, max-video-preview:-1\" \/>\n<link rel=\"canonical\" href=\"https:\/\/alfequipment.com\/pt\/product\/maquina-de-enchimento-de-liquidos-pneumatica-tipo-mesa-gc-a-enchedora-de-liquidos-semi-automatica\/\" \/>\n<meta property=\"og:locale\" content=\"pt_PT\" \/>\n<meta property=\"og:type\" content=\"article\" \/>\n<meta property=\"og:title\" content=\"GC-A Table type pneumatic liquid filling machine semi automatic liquid filler\" \/>\n<meta property=\"og:description\" content=\"Table Type Manual Liquid Filler Gc-a Semi Automatic Liquid Filling Machine\" \/>\n<meta property=\"og:url\" content=\"https:\/\/alfequipment.com\/pt\/product\/maquina-de-enchimento-de-liquidos-pneumatica-tipo-mesa-gc-a-enchedora-de-liquidos-semi-automatica\/\" \/>\n<meta property=\"og:site_name\" content=\"ALF PACK\" \/>\n<meta property=\"article:modified_time\" content=\"2025-01-13T13:12:50+00:00\" \/>\n<meta property=\"og:image\" content=\"https:\/\/alfequipment.com\/wp-content\/uploads\/2025\/01\/GC-A-Table-type-pneumatic-liquid-filling.jpg\" \/>\n\t<meta property=\"og:image:width\" content=\"800\" \/>\n\t<meta property=\"og:image:height\" content=\"800\" \/>\n\t<meta property=\"og:image:type\" content=\"image\/webp\" \/>\n<meta name=\"twitter:card\" content=\"summary_large_image\" \/>\n<script type=\"application\/ld+json\" class=\"yoast-schema-graph\">{\"@context\":\"https:\/\/schema.org\",\"@graph\":[{\"@type\":\"WebPage\",\"@id\":\"https:\/\/alfequipment.com\/product\/gc-a-table-type-pneumatic-liquid-filling-machine-semi-automatic-liquid-filler\/\",\"url\":\"https:\/\/alfequipment.com\/product\/gc-a-table-type-pneumatic-liquid-filling-machine-semi-automatic-liquid-filler\/\",\"name\":\"GC-A Table type pneumatic liquid filling machine semi automatic liquid filler - ALF PACK\",\"isPartOf\":{\"@id\":\"https:\/\/alfequipment.com\/#website\"},\"primaryImageOfPage\":{\"@id\":\"https:\/\/alfequipment.com\/product\/gc-a-table-type-pneumatic-liquid-filling-machine-semi-automatic-liquid-filler\/#primaryimage\"},\"image\":{\"@id\":\"https:\/\/alfequipment.com\/product\/gc-a-table-type-pneumatic-liquid-filling-machine-semi-automatic-liquid-filler\/#primaryimage\"},\"thumbnailUrl\":\"https:\/\/alfequipment.com\/wp-content\/uploads\/2025\/01\/GC-A-Table-type-pneumatic-liquid-filling.jpg\",\"datePublished\":\"2024-12-28T16:19:07+00:00\",\"dateModified\":\"2025-01-13T13:12:50+00:00\",\"breadcrumb\":{\"@id\":\"https:\/\/alfequipment.com\/product\/gc-a-table-type-pneumatic-liquid-filling-machine-semi-automatic-liquid-filler\/#breadcrumb\"},\"inLanguage\":\"pt-PT\",\"potentialAction\":[{\"@type\":\"ReadAction\",\"target\":[\"https:\/\/alfequipment.com\/product\/gc-a-table-type-pneumatic-liquid-filling-machine-semi-automatic-liquid-filler\/\"]}]},{\"@type\":\"ImageObject\",\"inLanguage\":\"pt-PT\",\"@id\":\"https:\/\/alfequipment.com\/product\/gc-a-table-type-pneumatic-liquid-filling-machine-semi-automatic-liquid-filler\/#primaryimage\",\"url\":\"https:\/\/alfequipment.com\/wp-content\/uploads\/2025\/01\/GC-A-Table-type-pneumatic-liquid-filling.jpg\",\"contentUrl\":\"https:\/\/alfequipment.com\/wp-content\/uploads\/2025\/01\/GC-A-Table-type-pneumatic-liquid-filling.jpg\",\"width\":800,\"height\":800},{\"@type\":\"BreadcrumbList\",\"@id\":\"https:\/\/alfequipment.com\/product\/gc-a-table-type-pneumatic-liquid-filling-machine-semi-automatic-liquid-filler\/#breadcrumb\",\"itemListElement\":[{\"@type\":\"ListItem\",\"position\":1,\"name\":\"Home\",\"item\":\"https:\/\/alfequipment.com\/\"},{\"@type\":\"ListItem\",\"position\":2,\"name\":\"Shop\",\"item\":\"https:\/\/alfequipment.com\/shop\/\"},{\"@type\":\"ListItem\",\"position\":3,\"name\":\"GC-A Table type pneumatic liquid filling machine semi automatic liquid filler\"}]},{\"@type\":\"WebSite\",\"@id\":\"https:\/\/alfequipment.com\/#website\",\"url\":\"https:\/\/alfequipment.com\/\",\"name\":\"ALF PACK\",\"description\":\"\",\"publisher\":{\"@id\":\"https:\/\/alfequipment.com\/#organization\"},\"potentialAction\":[{\"@type\":\"SearchAction\",\"target\":{\"@type\":\"EntryPoint\",\"urlTemplate\":\"https:\/\/alfequipment.com\/?s={search_term_string}\"},\"query-input\":{\"@type\":\"PropertyValueSpecification\",\"valueRequired\":true,\"valueName\":\"search_term_string\"}}],\"inLanguage\":\"pt-PT\"},{\"@type\":\"Organization\",\"@id\":\"https:\/\/alfequipment.com\/#organization\",\"name\":\"ALF PACK\",\"url\":\"https:\/\/alfequipment.com\/\",\"logo\":{\"@type\":\"ImageObject\",\"inLanguage\":\"pt-PT\",\"@id\":\"https:\/\/alfequipment.com\/#\/schema\/logo\/image\/\",\"url\":\"https:\/\/alfequipment.com\/wp-content\/uploads\/2024\/11\/ALFlogo-2.webp\",\"contentUrl\":\"https:\/\/alfequipment.com\/wp-content\/uploads\/2024\/11\/ALFlogo-2.webp\",\"width\":758,\"height\":750,\"caption\":\"ALF PACK\"},\"image\":{\"@id\":\"https:\/\/alfequipment.com\/#\/schema\/logo\/image\/\"}}]}<\/script>\n<!-- \/ Yoast SEO Premium plugin. -->","yoast_head_json":{"title":"M\u00e1quina de enchimento pneum\u00e1tico de l\u00edquidos tipo mesa GC-A Enchedor de l\u00edquidos semi-autom\u00e1tico - ALF PACK","robots":{"index":"index","follow":"follow","max-snippet":"max-snippet:-1","max-image-preview":"max-image-preview:large","max-video-preview":"max-video-preview:-1"},"canonical":"https:\/\/alfequipment.com\/pt\/product\/maquina-de-enchimento-de-liquidos-pneumatica-tipo-mesa-gc-a-enchedora-de-liquidos-semi-automatica\/","og_locale":"pt_PT","og_type":"article","og_title":"GC-A Table type pneumatic liquid filling machine semi automatic liquid filler","og_description":"Table Type Manual Liquid Filler Gc-a Semi Automatic Liquid Filling Machine","og_url":"https:\/\/alfequipment.com\/pt\/product\/maquina-de-enchimento-de-liquidos-pneumatica-tipo-mesa-gc-a-enchedora-de-liquidos-semi-automatica\/","og_site_name":"ALF PACK","article_modified_time":"2025-01-13T13:12:50+00:00","og_image":[{"width":800,"height":800,"url":"https:\/\/alfequipment.com\/wp-content\/uploads\/2025\/01\/GC-A-Table-type-pneumatic-liquid-filling.jpg","type":"image\/webp"}],"twitter_card":"summary_large_image","schema":{"@context":"https:\/\/schema.org","@graph":[{"@type":"WebPage","@id":"https:\/\/alfequipment.com\/product\/gc-a-table-type-pneumatic-liquid-filling-machine-semi-automatic-liquid-filler\/","url":"https:\/\/alfequipment.com\/product\/gc-a-table-type-pneumatic-liquid-filling-machine-semi-automatic-liquid-filler\/","name":"M\u00e1quina de enchimento pneum\u00e1tico de l\u00edquidos tipo mesa GC-A Enchedor de l\u00edquidos semi-autom\u00e1tico - ALF PACK","isPartOf":{"@id":"https:\/\/alfequipment.com\/#website"},"primaryImageOfPage":{"@id":"https:\/\/alfequipment.com\/product\/gc-a-table-type-pneumatic-liquid-filling-machine-semi-automatic-liquid-filler\/#primaryimage"},"image":{"@id":"https:\/\/alfequipment.com\/product\/gc-a-table-type-pneumatic-liquid-filling-machine-semi-automatic-liquid-filler\/#primaryimage"},"thumbnailUrl":"https:\/\/alfequipment.com\/wp-content\/uploads\/2025\/01\/GC-A-Table-type-pneumatic-liquid-filling.jpg","datePublished":"2024-12-28T16:19:07+00:00","dateModified":"2025-01-13T13:12:50+00:00","breadcrumb":{"@id":"https:\/\/alfequipment.com\/product\/gc-a-table-type-pneumatic-liquid-filling-machine-semi-automatic-liquid-filler\/#breadcrumb"},"inLanguage":"pt-PT","potentialAction":[{"@type":"ReadAction","target":["https:\/\/alfequipment.com\/product\/gc-a-table-type-pneumatic-liquid-filling-machine-semi-automatic-liquid-filler\/"]}]},{"@type":"ImageObject","inLanguage":"pt-PT","@id":"https:\/\/alfequipment.com\/product\/gc-a-table-type-pneumatic-liquid-filling-machine-semi-automatic-liquid-filler\/#primaryimage","url":"https:\/\/alfequipment.com\/wp-content\/uploads\/2025\/01\/GC-A-Table-type-pneumatic-liquid-filling.jpg","contentUrl":"https:\/\/alfequipment.com\/wp-content\/uploads\/2025\/01\/GC-A-Table-type-pneumatic-liquid-filling.jpg","width":800,"height":800},{"@type":"BreadcrumbList","@id":"https:\/\/alfequipment.com\/product\/gc-a-table-type-pneumatic-liquid-filling-machine-semi-automatic-liquid-filler\/#breadcrumb","itemListElement":[{"@type":"ListItem","position":1,"name":"Home","item":"https:\/\/alfequipment.com\/"},{"@type":"ListItem","position":2,"name":"Shop","item":"https:\/\/alfequipment.com\/shop\/"},{"@type":"ListItem","position":3,"name":"GC-A Table type pneumatic liquid filling machine semi automatic liquid filler"}]},{"@type":"WebSite","@id":"https:\/\/alfequipment.com\/#website","url":"https:\/\/alfequipment.com\/","name":"PACK ALF","description":"","publisher":{"@id":"https:\/\/alfequipment.com\/#organization"},"potentialAction":[{"@type":"SearchAction","target":{"@type":"EntryPoint","urlTemplate":"https:\/\/alfequipment.com\/?s={search_term_string}"},"query-input":{"@type":"PropertyValueSpecification","valueRequired":true,"valueName":"search_term_string"}}],"inLanguage":"pt-PT"},{"@type":"Organization","@id":"https:\/\/alfequipment.com\/#organization","name":"PACK ALF","url":"https:\/\/alfequipment.com\/","logo":{"@type":"ImageObject","inLanguage":"pt-PT","@id":"https:\/\/alfequipment.com\/#\/schema\/logo\/image\/","url":"https:\/\/alfequipment.com\/wp-content\/uploads\/2024\/11\/ALFlogo-2.webp","contentUrl":"https:\/\/alfequipment.com\/wp-content\/uploads\/2024\/11\/ALFlogo-2.webp","width":758,"height":750,"caption":"ALF PACK"},"image":{"@id":"https:\/\/alfequipment.com\/#\/schema\/logo\/image\/"}}]}},"_links":{"self":[{"href":"https:\/\/alfequipment.com\/pt\/wp-json\/wp\/v2\/product\/3140","targetHints":{"allow":["GET"]}}],"collection":[{"href":"https:\/\/alfequipment.com\/pt\/wp-json\/wp\/v2\/product"}],"about":[{"href":"https:\/\/alfequipment.com\/pt\/wp-json\/wp\/v2\/types\/product"}],"replies":[{"embeddable":true,"href":"https:\/\/alfequipment.com\/pt\/wp-json\/wp\/v2\/comments?post=3140"}],"version-history":[{"count":0,"href":"https:\/\/alfequipment.com\/pt\/wp-json\/wp\/v2\/product\/3140\/revisions"}],"wp:featuredmedia":[{"embeddable":true,"href":"https:\/\/alfequipment.com\/pt\/wp-json\/wp\/v2\/media\/3141"}],"wp:attachment":[{"href":"https:\/\/alfequipment.com\/pt\/wp-json\/wp\/v2\/media?parent=3140"}],"wp:term":[{"taxonomy":"product_brand","embeddable":true,"href":"https:\/\/alfequipment.com\/pt\/wp-json\/wp\/v2\/product_brand?post=3140"},{"taxonomy":"product_cat","embeddable":true,"href":"https:\/\/alfequipment.com\/pt\/wp-json\/wp\/v2\/product_cat?post=3140"},{"taxonomy":"product_tag","embeddable":true,"href":"https:\/\/alfequipment.com\/pt\/wp-json\/wp\/v2\/product_tag?post=3140"}],"curies":[{"name":"wp","href":"https:\/\/api.w.org\/{rel}","templated":true}]}}