{"id":3144,"date":"2025-01-09T22:03:39","date_gmt":"2025-01-09T22:03:39","guid":{"rendered":"https:\/\/alfequipment.com\/product\/dgyf-s500c-aluminum-foil-sealing-machine\/"},"modified":"2025-01-13T15:02:39","modified_gmt":"2025-01-13T15:02:39","slug":"maquina-de-selagem-de-folha-de-aluminio-dgyf-s500c","status":"publish","type":"product","link":"https:\/\/alfequipment.com\/pt\/product\/maquina-de-selagem-de-folha-de-aluminio-dgyf-s500c\/","title":{"rendered":"M\u00e1quina de selagem de folha de alum\u00ednio DGYF-S500C"},"content":{"rendered":"<div id=\"ali-anchor-AliPostDhMb-vuw6y\" class=\"mceSectionContainer\" style=\"padding-top: 8px;\" data-section=\"AliPostDhMb-vuw6y\" data-section-title=\"Product Description\">\n<div style=\"padding: 10px;\">\n<p><span style=\"line-height: 18px; font-family: Verdana, Arial, Helvetica, sans-serif; background-color: #ffffff;\">1. a m\u00e1quina de selagem por indu\u00e7\u00e3o port\u00e1til da s\u00e9rie DGYF utiliza o princ\u00edpio de indu\u00e7\u00e3o electromagn\u00e9tica para produzir calor elevado instant\u00e2neo para derreter a folha de alum\u00ednio.<\/span><\/p>\n<p><span style=\"font-family: Verdana, Arial, Helvetica, sans-serif;\">2. depois adere ao orif\u00edcio do batoque, atingindo o objetivo de ser \u00e0 prova de humidade, de fugas, de bolor e de prolongar o tempo de conserva\u00e7\u00e3o. <\/span><\/p>\n<p><span style=\"font-family: Verdana, Arial, Helvetica, sans-serif;\">3. agora \u00e9 amplamente utilizado como m\u00e1quina de embalagem de veda\u00e7\u00e3o em ind\u00fastrias como a farmac\u00eautica, pesticidas, pesticidas, lubrificantes e cosm\u00e9ticos etc.<\/span><\/p>\n<\/p><\/div>\n<\/div>\n<p><span style=\"font-size: 16px;\">Especifica\u00e7\u00e3o:<\/span><\/p>\n<table class=\"aliDataTable\" style=\"width: 325px;\" border=\"0\" cellspacing=\"0\" cellpadding=\"0\">\n<tbody>\n<tr>\n<td>\n<p>Modelo<\/p>\n<\/td>\n<td>\n<p>DGYF-S500C<\/p>\n<\/td>\n<\/tr>\n<tr>\n<td>\n<p>tens\u00e3o<\/p>\n<\/td>\n<td>\n<p>110V\/220V 50HZ\/60HZ<\/p>\n<\/td>\n<\/tr>\n<tr>\n<td>\n<p>Pot\u00eancia<\/p>\n<\/td>\n<td>\n<p>500W<\/p>\n<\/td>\n<\/tr>\n<tr>\n<td>\n<p>Capacidade<\/p>\n<\/td>\n<td>\n<p>0-50pcs\/min<\/p>\n<\/td>\n<\/tr>\n<tr>\n<td>\n<p>Di\u00e2metro de veda\u00e7\u00e3o<\/p>\n<\/td>\n<td>\n<p>60-130 mm<\/p>\n<\/td>\n<\/tr>\n<tr>\n<td>\n<p>Peso da m\u00e1quina<\/p>\n<\/td>\n<td>\n<p>5 kg<\/p>\n<\/td>\n<\/tr>\n<tr>\n<td>\n<p>Tamanho da m\u00e1quina<\/p>\n<\/td>\n<td>\n<p>340*290*150mm<\/p>\n<\/td>\n<\/tr>\n<\/tbody>\n<\/table>\n<p>&nbsp;<img decoding=\"async\" src=\"https:\/\/sc02.alicdn.com\/kf\/He6665e4e08c04bd2aa2c9f69f412c148i\/64496\/He6665e4e08c04bd2aa2c9f69f412c148i.jpg\" data-alt=\"DGYF-S500C aluminum foil sealing machine\" ori-width=\"800\" ori-height=\"800\" class=\"aligncenter\"><\/p><\/p>","protected":false},"excerpt":{"rendered":"<p>M\u00e1quina Seladora de Folha de Alum\u00ednio Dgyf-s500c<\/p>","protected":false},"featured_media":3145,"comment_status":"closed","ping_status":"open","template":"","meta":[],"product_brand":[],"product_cat":[120,97],"product_tag":[],"class_list":{"0":"post-3144","1":"product","2":"type-product","3":"status-publish","4":"has-post-thumbnail","6":"product_cat-induction-sealer","7":"product_cat-sealing-machines","9":"first","10":"instock","11":"sale","12":"purchasable","13":"product-type-simple"},"yoast_head":"<!-- This site is optimized with the Yoast SEO Premium plugin v20.9 (Yoast SEO v26.5) - https:\/\/yoast.com\/wordpress\/plugins\/seo\/ -->\n<title>DGYF-S500C aluminum foil sealing machine - ALF PACK<\/title>\n<meta name=\"robots\" content=\"index, follow, max-snippet:-1, max-image-preview:large, max-video-preview:-1\" \/>\n<link rel=\"canonical\" href=\"https:\/\/alfequipment.com\/pt\/product\/maquina-de-selagem-de-folha-de-aluminio-dgyf-s500c\/\" \/>\n<meta property=\"og:locale\" content=\"pt_PT\" \/>\n<meta property=\"og:type\" content=\"article\" \/>\n<meta property=\"og:title\" content=\"DGYF-S500C aluminum foil sealing machine\" \/>\n<meta property=\"og:description\" content=\"Dgyf-s500c Aluminum Foil Sealing Machine\" \/>\n<meta property=\"og:url\" content=\"https:\/\/alfequipment.com\/pt\/product\/maquina-de-selagem-de-folha-de-aluminio-dgyf-s500c\/\" \/>\n<meta property=\"og:site_name\" content=\"ALF PACK\" \/>\n<meta property=\"article:modified_time\" content=\"2025-01-13T15:02:39+00:00\" \/>\n<meta property=\"og:image\" content=\"https:\/\/alfequipment.com\/wp-content\/uploads\/2025\/01\/DGYF-S500C-aluminum-foil-sealing-machine.jpg\" \/>\n\t<meta property=\"og:image:width\" content=\"800\" \/>\n\t<meta property=\"og:image:height\" content=\"800\" \/>\n\t<meta property=\"og:image:type\" content=\"image\/webp\" \/>\n<meta name=\"twitter:card\" content=\"summary_large_image\" \/>\n<script type=\"application\/ld+json\" class=\"yoast-schema-graph\">{\"@context\":\"https:\/\/schema.org\",\"@graph\":[{\"@type\":\"WebPage\",\"@id\":\"https:\/\/alfequipment.com\/product\/dgyf-s500c-aluminum-foil-sealing-machine\/\",\"url\":\"https:\/\/alfequipment.com\/product\/dgyf-s500c-aluminum-foil-sealing-machine\/\",\"name\":\"DGYF-S500C aluminum foil sealing machine - ALF PACK\",\"isPartOf\":{\"@id\":\"https:\/\/alfequipment.com\/#website\"},\"primaryImageOfPage\":{\"@id\":\"https:\/\/alfequipment.com\/product\/dgyf-s500c-aluminum-foil-sealing-machine\/#primaryimage\"},\"image\":{\"@id\":\"https:\/\/alfequipment.com\/product\/dgyf-s500c-aluminum-foil-sealing-machine\/#primaryimage\"},\"thumbnailUrl\":\"https:\/\/alfequipment.com\/wp-content\/uploads\/2025\/01\/DGYF-S500C-aluminum-foil-sealing-machine.jpg\",\"datePublished\":\"2025-01-09T22:03:39+00:00\",\"dateModified\":\"2025-01-13T15:02:39+00:00\",\"breadcrumb\":{\"@id\":\"https:\/\/alfequipment.com\/product\/dgyf-s500c-aluminum-foil-sealing-machine\/#breadcrumb\"},\"inLanguage\":\"pt-PT\",\"potentialAction\":[{\"@type\":\"ReadAction\",\"target\":[\"https:\/\/alfequipment.com\/product\/dgyf-s500c-aluminum-foil-sealing-machine\/\"]}]},{\"@type\":\"ImageObject\",\"inLanguage\":\"pt-PT\",\"@id\":\"https:\/\/alfequipment.com\/product\/dgyf-s500c-aluminum-foil-sealing-machine\/#primaryimage\",\"url\":\"https:\/\/alfequipment.com\/wp-content\/uploads\/2025\/01\/DGYF-S500C-aluminum-foil-sealing-machine.jpg\",\"contentUrl\":\"https:\/\/alfequipment.com\/wp-content\/uploads\/2025\/01\/DGYF-S500C-aluminum-foil-sealing-machine.jpg\",\"width\":800,\"height\":800},{\"@type\":\"BreadcrumbList\",\"@id\":\"https:\/\/alfequipment.com\/product\/dgyf-s500c-aluminum-foil-sealing-machine\/#breadcrumb\",\"itemListElement\":[{\"@type\":\"ListItem\",\"position\":1,\"name\":\"Home\",\"item\":\"https:\/\/alfequipment.com\/\"},{\"@type\":\"ListItem\",\"position\":2,\"name\":\"Shop\",\"item\":\"https:\/\/alfequipment.com\/shop\/\"},{\"@type\":\"ListItem\",\"position\":3,\"name\":\"DGYF-S500C aluminum foil sealing machine\"}]},{\"@type\":\"WebSite\",\"@id\":\"https:\/\/alfequipment.com\/#website\",\"url\":\"https:\/\/alfequipment.com\/\",\"name\":\"ALF PACK\",\"description\":\"\",\"publisher\":{\"@id\":\"https:\/\/alfequipment.com\/#organization\"},\"potentialAction\":[{\"@type\":\"SearchAction\",\"target\":{\"@type\":\"EntryPoint\",\"urlTemplate\":\"https:\/\/alfequipment.com\/?s={search_term_string}\"},\"query-input\":{\"@type\":\"PropertyValueSpecification\",\"valueRequired\":true,\"valueName\":\"search_term_string\"}}],\"inLanguage\":\"pt-PT\"},{\"@type\":\"Organization\",\"@id\":\"https:\/\/alfequipment.com\/#organization\",\"name\":\"ALF PACK\",\"url\":\"https:\/\/alfequipment.com\/\",\"logo\":{\"@type\":\"ImageObject\",\"inLanguage\":\"pt-PT\",\"@id\":\"https:\/\/alfequipment.com\/#\/schema\/logo\/image\/\",\"url\":\"https:\/\/alfequipment.com\/wp-content\/uploads\/2024\/11\/ALFlogo-2.webp\",\"contentUrl\":\"https:\/\/alfequipment.com\/wp-content\/uploads\/2024\/11\/ALFlogo-2.webp\",\"width\":758,\"height\":750,\"caption\":\"ALF PACK\"},\"image\":{\"@id\":\"https:\/\/alfequipment.com\/#\/schema\/logo\/image\/\"}}]}<\/script>\n<!-- \/ Yoast SEO Premium plugin. -->","yoast_head_json":{"title":"DGYF-S500C m\u00e1quina de selagem de folha de alum\u00ednio - ALF PACK","robots":{"index":"index","follow":"follow","max-snippet":"max-snippet:-1","max-image-preview":"max-image-preview:large","max-video-preview":"max-video-preview:-1"},"canonical":"https:\/\/alfequipment.com\/pt\/product\/maquina-de-selagem-de-folha-de-aluminio-dgyf-s500c\/","og_locale":"pt_PT","og_type":"article","og_title":"DGYF-S500C aluminum foil sealing machine","og_description":"Dgyf-s500c Aluminum Foil Sealing Machine","og_url":"https:\/\/alfequipment.com\/pt\/product\/maquina-de-selagem-de-folha-de-aluminio-dgyf-s500c\/","og_site_name":"ALF PACK","article_modified_time":"2025-01-13T15:02:39+00:00","og_image":[{"width":800,"height":800,"url":"https:\/\/alfequipment.com\/wp-content\/uploads\/2025\/01\/DGYF-S500C-aluminum-foil-sealing-machine.jpg","type":"image\/webp"}],"twitter_card":"summary_large_image","schema":{"@context":"https:\/\/schema.org","@graph":[{"@type":"WebPage","@id":"https:\/\/alfequipment.com\/product\/dgyf-s500c-aluminum-foil-sealing-machine\/","url":"https:\/\/alfequipment.com\/product\/dgyf-s500c-aluminum-foil-sealing-machine\/","name":"DGYF-S500C m\u00e1quina de selagem de folha de alum\u00ednio - ALF PACK","isPartOf":{"@id":"https:\/\/alfequipment.com\/#website"},"primaryImageOfPage":{"@id":"https:\/\/alfequipment.com\/product\/dgyf-s500c-aluminum-foil-sealing-machine\/#primaryimage"},"image":{"@id":"https:\/\/alfequipment.com\/product\/dgyf-s500c-aluminum-foil-sealing-machine\/#primaryimage"},"thumbnailUrl":"https:\/\/alfequipment.com\/wp-content\/uploads\/2025\/01\/DGYF-S500C-aluminum-foil-sealing-machine.jpg","datePublished":"2025-01-09T22:03:39+00:00","dateModified":"2025-01-13T15:02:39+00:00","breadcrumb":{"@id":"https:\/\/alfequipment.com\/product\/dgyf-s500c-aluminum-foil-sealing-machine\/#breadcrumb"},"inLanguage":"pt-PT","potentialAction":[{"@type":"ReadAction","target":["https:\/\/alfequipment.com\/product\/dgyf-s500c-aluminum-foil-sealing-machine\/"]}]},{"@type":"ImageObject","inLanguage":"pt-PT","@id":"https:\/\/alfequipment.com\/product\/dgyf-s500c-aluminum-foil-sealing-machine\/#primaryimage","url":"https:\/\/alfequipment.com\/wp-content\/uploads\/2025\/01\/DGYF-S500C-aluminum-foil-sealing-machine.jpg","contentUrl":"https:\/\/alfequipment.com\/wp-content\/uploads\/2025\/01\/DGYF-S500C-aluminum-foil-sealing-machine.jpg","width":800,"height":800},{"@type":"BreadcrumbList","@id":"https:\/\/alfequipment.com\/product\/dgyf-s500c-aluminum-foil-sealing-machine\/#breadcrumb","itemListElement":[{"@type":"ListItem","position":1,"name":"Home","item":"https:\/\/alfequipment.com\/"},{"@type":"ListItem","position":2,"name":"Shop","item":"https:\/\/alfequipment.com\/shop\/"},{"@type":"ListItem","position":3,"name":"DGYF-S500C aluminum foil sealing machine"}]},{"@type":"WebSite","@id":"https:\/\/alfequipment.com\/#website","url":"https:\/\/alfequipment.com\/","name":"PACK ALF","description":"","publisher":{"@id":"https:\/\/alfequipment.com\/#organization"},"potentialAction":[{"@type":"SearchAction","target":{"@type":"EntryPoint","urlTemplate":"https:\/\/alfequipment.com\/?s={search_term_string}"},"query-input":{"@type":"PropertyValueSpecification","valueRequired":true,"valueName":"search_term_string"}}],"inLanguage":"pt-PT"},{"@type":"Organization","@id":"https:\/\/alfequipment.com\/#organization","name":"PACK ALF","url":"https:\/\/alfequipment.com\/","logo":{"@type":"ImageObject","inLanguage":"pt-PT","@id":"https:\/\/alfequipment.com\/#\/schema\/logo\/image\/","url":"https:\/\/alfequipment.com\/wp-content\/uploads\/2024\/11\/ALFlogo-2.webp","contentUrl":"https:\/\/alfequipment.com\/wp-content\/uploads\/2024\/11\/ALFlogo-2.webp","width":758,"height":750,"caption":"ALF PACK"},"image":{"@id":"https:\/\/alfequipment.com\/#\/schema\/logo\/image\/"}}]}},"_links":{"self":[{"href":"https:\/\/alfequipment.com\/pt\/wp-json\/wp\/v2\/product\/3144","targetHints":{"allow":["GET"]}}],"collection":[{"href":"https:\/\/alfequipment.com\/pt\/wp-json\/wp\/v2\/product"}],"about":[{"href":"https:\/\/alfequipment.com\/pt\/wp-json\/wp\/v2\/types\/product"}],"replies":[{"embeddable":true,"href":"https:\/\/alfequipment.com\/pt\/wp-json\/wp\/v2\/comments?post=3144"}],"version-history":[{"count":0,"href":"https:\/\/alfequipment.com\/pt\/wp-json\/wp\/v2\/product\/3144\/revisions"}],"wp:featuredmedia":[{"embeddable":true,"href":"https:\/\/alfequipment.com\/pt\/wp-json\/wp\/v2\/media\/3145"}],"wp:attachment":[{"href":"https:\/\/alfequipment.com\/pt\/wp-json\/wp\/v2\/media?parent=3144"}],"wp:term":[{"taxonomy":"product_brand","embeddable":true,"href":"https:\/\/alfequipment.com\/pt\/wp-json\/wp\/v2\/product_brand?post=3144"},{"taxonomy":"product_cat","embeddable":true,"href":"https:\/\/alfequipment.com\/pt\/wp-json\/wp\/v2\/product_cat?post=3144"},{"taxonomy":"product_tag","embeddable":true,"href":"https:\/\/alfequipment.com\/pt\/wp-json\/wp\/v2\/product_tag?post=3144"}],"curies":[{"name":"wp","href":"https:\/\/api.w.org\/{rel}","templated":true}]}}