{"id":3156,"date":"2024-12-17T15:19:36","date_gmt":"2024-12-17T15:19:36","guid":{"rendered":"https:\/\/alfequipment.com\/product\/lf1080a-continuous-air-suction-band-sealer-vacuum-bag-sealing-machine-with-solid-ink-code-printer\/"},"modified":"2025-01-13T15:01:30","modified_gmt":"2025-01-13T15:01:30","slug":"lf1080a-seladora-de-banda-de-succao-de-ar-continua-maquina-seladora-de-saco-a-vacuo-com-impressora-de-codigo-de-tinta-solida","status":"publish","type":"product","link":"https:\/\/alfequipment.com\/pt\/product\/lf1080a-seladora-de-banda-de-succao-de-ar-continua-maquina-seladora-de-saco-a-vacuo-com-impressora-de-codigo-de-tinta-solida\/","title":{"rendered":"LF1080A M\u00e1quina seladora de sacos a v\u00e1cuo com suc\u00e7\u00e3o cont\u00ednua de ar e impressora de c\u00f3digo de tinta s\u00f3lida"},"content":{"rendered":"<div data-magic-global=\"%7B%22bizId%22%3A17179933680%2C%22pageId%22%3A5022147739%2C%22siteId%22%3A5005331025%7D\" id=\"detail_decorate_root\">\n<div module-id=\"5551094817\" module-title=\"detailProductNavigation\" render=\"true\" class=\"J_module\">\n<div id=\"ali-anchor-AliMagic-0fpgtq\" data-section=\"AliMagic-0fpgtq\" data-section-title=\"Product Description\" class=\"magic-0\">Esta m\u00e1quina baseia-se na ess\u00eancia amplamente absorvida de produtos estrangeiros semelhantes e m\u00e1quina de v\u00e1cuo, de acordo com as \u00faltimas exig\u00eancias do mercado para conceber um novo modelo com envio, v\u00e1cuo, veda\u00e7\u00e3o, c\u00f3digo, num conjunto, veda\u00e7\u00e3o cont\u00ednua e m\u00e1quina de embalagem.<\/div>\n<\/div>\n<div module-id=\"5551094818\" module-title=\"detailTextWithTitle\" render=\"true\" class=\"J_module\">\n<div class=\"detail-decorate-json-renderer-container\">\n<div class=\"magic-1\">\n<div class=\"magic-4\">\n<div class=\"magic-5\">\n<div class=\"magic-6\">\n<p class=\"magic-7\">Esta m\u00e1quina com estrutura simples e inovadora, apar\u00eancia bonita, fun\u00e7\u00e3o completa, alto grau de automa\u00e7\u00e3o, pode reduzir muito a intensidade de trabalho do operador.<\/p>\n<\/p><\/div>\n<\/p><\/div>\n<\/p><\/div>\n<\/p><\/div>\n<\/p><\/div>\n<\/p><\/div>\n<div module-id=\"5551094819\" module-title=\"detailTableHorizontal\" render=\"true\" class=\"J_module\">\n<div class=\"ife-detail-decorate-table\">\n<table class=\"has-title all magic-8\">\n<tbody>\n<tr>\n<td>\n<div class=\"magic-9\">\n        Modelo\n       <\/div>\n<\/td>\n<td>\n<div class=\"magic-10\">\n        LF1080A\n       <\/div>\n<\/td>\n<\/tr>\n<tr>\n<td>\n<div class=\"magic-9\">\n        Fun\u00e7\u00e3o\n       <\/div>\n<\/td>\n<td>\n<div class=\"magic-11\">\n        Aspira\u00e7\u00e3o de ar e veda\u00e7\u00e3o de sacos\n       <\/div>\n<\/td>\n<\/tr>\n<tr>\n<td>\n<div class=\"magic-9\">\n        Pot\u00eancia de sa\u00edda\n       <\/div>\n<\/td>\n<td>\n<div class=\"magic-11\">\n        110V 60HZ ou 220V 50Hz\n       <\/div>\n<\/td>\n<\/tr>\n<tr>\n<td>\n<div class=\"magic-9\">\n        Pot\u00eancia\n       <\/div>\n<\/td>\n<td>\n<div class=\"magic-11\">\n        1405W\n       <\/div>\n<\/td>\n<\/tr>\n<tr>\n<td>\n<div class=\"magic-9\">\n        Velocidade de selagem\n       <\/div>\n<\/td>\n<td>\n<div class=\"magic-11\">\n        0~12 m\/min\n       <\/div>\n<\/td>\n<\/tr>\n<tr>\n<td>\n<div class=\"magic-9\">\n        Largura de veda\u00e7\u00e3o\n       <\/div>\n<\/td>\n<td>\n<div class=\"magic-11\">\n        6~12 mm\n       <\/div>\n<\/td>\n<\/tr>\n<tr>\n<td>\n<div class=\"magic-9\">\n        Gama de temperaturas\n       <\/div>\n<\/td>\n<td>\n<div class=\"magic-11\">\n        0~300\u00e2\n       <\/div>\n<\/td>\n<\/tr>\n<tr>\n<td>\n<div class=\"magic-9\">\n        Espessura m\u00e1xima da pel\u00edcula de camada \u00fanica\n       <\/div>\n<\/td>\n<td>\n<div class=\"magic-11\">\n        \u22640,08 mm\n       <\/div>\n<\/td>\n<\/tr>\n<tr>\n<td>\n<div class=\"magic-9\">\n        Carga m\u00e1xima do transportador\n       <\/div>\n<\/td>\n<td>\n<div class=\"magic-11\">\n        \u22643kgs\n       <\/div>\n<\/td>\n<\/tr>\n<tr>\n<td>\n<div class=\"magic-9\">\n        Tamanho da m\u00e1quina (L*W*H)\n       <\/div>\n<\/td>\n<td>\n<div class=\"magic-11\">\n        1020x480x1065mm\n       <\/div>\n<\/td>\n<\/tr>\n<tr>\n<td>\n<div class=\"magic-9\">\n        Peso\n       <\/div>\n<\/td>\n<td>\n<div class=\"magic-11\">\n        84Kg\n       <\/div>\n<\/td>\n<\/tr>\n<\/tbody>\n<\/table><\/div>\n<\/p><\/div>\n<div module-id=\"5551094820\" module-title=\"detailSingleImage\" render=\"true\" class=\"J_module\">\n<div class=\"icbu-pc-images magic-12\">\n<div>\n<div class=\"flex-layout-v\">\n<div class=\"flex-layout-h magic-12\">\n<div class=\"magic-13\">\n       <img decoding=\"async\" src=\"https:\/\/sc01.alicdn.com\/kf\/HTB1OBaiXoLrK1Rjy1zbq6AenFXaV\/64496\/HTB1OBaiXoLrK1Rjy1zbq6AenFXaV.jpg\" class=\"aligncenter\">\n      <\/div>\n<\/p><\/div>\n<\/p><\/div>\n<\/p><\/div>\n<\/p><\/div>\n<\/p><\/div>\n<div module-id=\"27654197598\" module-title=\"detailTwoImages\" render=\"true\" class=\"J_module\">\n<div class=\"icbu-pc-images magic-12\">\n<div>\n<div class=\"flex-layout-v\">\n<div class=\"flex-layout-h magic-12\">\n<div class=\"magic-15\">\n       <img decoding=\"async\" src=\"https:\/\/sc04.alicdn.com\/kf\/HTB1nvt0bxTpK1RjSZFKq6y2wXXag\/64496\/HTB1nvt0bxTpK1RjSZFKq6y2wXXag.jpg\" class=\"aligncenter\">\n      <\/div>\n<div class=\"magic-17\">\n       <img decoding=\"async\" src=\"https:\/\/sc04.alicdn.com\/kf\/HTB1btuiXiDxK1RjSsD4q6z1DFXak\/64496\/HTB1btuiXiDxK1RjSsD4q6z1DFXak.jpg\" class=\"aligncenter\">\n      <\/div>\n<\/p><\/div>\n<\/p><\/div>\n<\/p><\/div>\n<\/p><\/div>\n<\/p><\/div>\n<div module-id=\"5551094821\" module-title=\"detailVerticalImages\" render=\"true\" class=\"J_module\">\n<div class=\"icbu-pc-images magic-12\">\n<div>\n<div class=\"flex-layout-v\">\n<div class=\"magic-18\">\n      <img decoding=\"async\" src=\"https:\/\/sc02.alicdn.com\/kf\/HTB1J8qNbYvpK1RjSZFqq6AXUVXa7\/64496\/HTB1J8qNbYvpK1RjSZFqq6AXUVXa7.jpg\" class=\"aligncenter\">\n     <\/div>\n<div class=\"flex-layout-h magic-12\">\n<div class=\"magic-20\">\n       <img decoding=\"async\" src=\"https:\/\/sc04.alicdn.com\/kf\/H877c25ae57de43a19123f293c12ffe41v\/64496\/H877c25ae57de43a19123f293c12ffe41v.jpg\" class=\"aligncenter\">\n      <\/div>\n<div class=\"magic-22\">\n       <img decoding=\"async\" src=\"https:\/\/sc04.alicdn.com\/kf\/Hed562fdeda62428a8da83b49d38a7826g\/64496\/Hed562fdeda62428a8da83b49d38a7826g.jpg\" class=\"aligncenter\">\n      <\/div>\n<\/p><\/div>\n<\/p><\/div>\n<\/p><\/div>\n<\/p><\/div>\n<\/p><\/div>\n<\/div>","protected":false},"excerpt":{"rendered":"<p>Seladora de fita com aspira\u00e7\u00e3o de ar cont\u00ednua<\/p>","protected":false},"featured_media":3151,"comment_status":"closed","ping_status":"open","template":"","meta":[],"product_brand":[],"product_cat":[119,97],"product_tag":[],"class_list":{"0":"post-3156","1":"product","2":"type-product","3":"status-publish","4":"has-post-thumbnail","6":"product_cat-band-sealer","7":"product_cat-sealing-machines","9":"first","10":"instock","11":"sale","12":"purchasable","13":"product-type-simple"},"yoast_head":"<!-- This site is optimized with the Yoast SEO Premium plugin v20.9 (Yoast SEO v26.5) - https:\/\/yoast.com\/wordpress\/plugins\/seo\/ -->\n<title>LF1080A Continuous air suction band sealer vacuum bag sealing machine with solid ink code printer - ALF PACK<\/title>\n<meta name=\"robots\" content=\"index, follow, max-snippet:-1, max-image-preview:large, max-video-preview:-1\" \/>\n<link rel=\"canonical\" href=\"https:\/\/alfequipment.com\/pt\/product\/lf1080a-seladora-de-banda-de-succao-de-ar-continua-maquina-seladora-de-saco-a-vacuo-com-impressora-de-codigo-de-tinta-solida\/\" \/>\n<meta property=\"og:locale\" content=\"pt_PT\" \/>\n<meta property=\"og:type\" content=\"article\" \/>\n<meta property=\"og:title\" content=\"LF1080A Continuous air suction band sealer vacuum bag sealing machine with solid ink code printer\" \/>\n<meta property=\"og:description\" content=\"Continuous Air Suction Band Sealer\" \/>\n<meta property=\"og:url\" content=\"https:\/\/alfequipment.com\/pt\/product\/lf1080a-seladora-de-banda-de-succao-de-ar-continua-maquina-seladora-de-saco-a-vacuo-com-impressora-de-codigo-de-tinta-solida\/\" \/>\n<meta property=\"og:site_name\" content=\"ALF PACK\" \/>\n<meta property=\"article:modified_time\" content=\"2025-01-13T15:01:30+00:00\" \/>\n<meta property=\"og:image\" content=\"https:\/\/alfequipment.com\/wp-content\/uploads\/2025\/01\/H53e4db36f25141d48479c8ce12b06691O.jpg\" \/>\n\t<meta property=\"og:image:width\" content=\"800\" \/>\n\t<meta property=\"og:image:height\" content=\"800\" \/>\n\t<meta property=\"og:image:type\" content=\"image\/webp\" \/>\n<meta name=\"twitter:card\" content=\"summary_large_image\" \/>\n<meta name=\"twitter:label1\" content=\"Tempo estimado de leitura\" \/>\n\t<meta name=\"twitter:data1\" content=\"1 minuto\" \/>\n<script type=\"application\/ld+json\" class=\"yoast-schema-graph\">{\"@context\":\"https:\/\/schema.org\",\"@graph\":[{\"@type\":\"WebPage\",\"@id\":\"https:\/\/alfequipment.com\/product\/lf1080a-continuous-air-suction-band-sealer-vacuum-bag-sealing-machine-with-solid-ink-code-printer\/\",\"url\":\"https:\/\/alfequipment.com\/product\/lf1080a-continuous-air-suction-band-sealer-vacuum-bag-sealing-machine-with-solid-ink-code-printer\/\",\"name\":\"LF1080A Continuous air suction band sealer vacuum bag sealing machine with solid ink code printer - ALF PACK\",\"isPartOf\":{\"@id\":\"https:\/\/alfequipment.com\/#website\"},\"primaryImageOfPage\":{\"@id\":\"https:\/\/alfequipment.com\/product\/lf1080a-continuous-air-suction-band-sealer-vacuum-bag-sealing-machine-with-solid-ink-code-printer\/#primaryimage\"},\"image\":{\"@id\":\"https:\/\/alfequipment.com\/product\/lf1080a-continuous-air-suction-band-sealer-vacuum-bag-sealing-machine-with-solid-ink-code-printer\/#primaryimage\"},\"thumbnailUrl\":\"https:\/\/alfequipment.com\/wp-content\/uploads\/2025\/01\/H53e4db36f25141d48479c8ce12b06691O.jpg\",\"datePublished\":\"2024-12-17T15:19:36+00:00\",\"dateModified\":\"2025-01-13T15:01:30+00:00\",\"breadcrumb\":{\"@id\":\"https:\/\/alfequipment.com\/product\/lf1080a-continuous-air-suction-band-sealer-vacuum-bag-sealing-machine-with-solid-ink-code-printer\/#breadcrumb\"},\"inLanguage\":\"pt-PT\",\"potentialAction\":[{\"@type\":\"ReadAction\",\"target\":[\"https:\/\/alfequipment.com\/product\/lf1080a-continuous-air-suction-band-sealer-vacuum-bag-sealing-machine-with-solid-ink-code-printer\/\"]}]},{\"@type\":\"ImageObject\",\"inLanguage\":\"pt-PT\",\"@id\":\"https:\/\/alfequipment.com\/product\/lf1080a-continuous-air-suction-band-sealer-vacuum-bag-sealing-machine-with-solid-ink-code-printer\/#primaryimage\",\"url\":\"https:\/\/alfequipment.com\/wp-content\/uploads\/2025\/01\/H53e4db36f25141d48479c8ce12b06691O.jpg\",\"contentUrl\":\"https:\/\/alfequipment.com\/wp-content\/uploads\/2025\/01\/H53e4db36f25141d48479c8ce12b06691O.jpg\",\"width\":800,\"height\":800},{\"@type\":\"BreadcrumbList\",\"@id\":\"https:\/\/alfequipment.com\/product\/lf1080a-continuous-air-suction-band-sealer-vacuum-bag-sealing-machine-with-solid-ink-code-printer\/#breadcrumb\",\"itemListElement\":[{\"@type\":\"ListItem\",\"position\":1,\"name\":\"Home\",\"item\":\"https:\/\/alfequipment.com\/\"},{\"@type\":\"ListItem\",\"position\":2,\"name\":\"Shop\",\"item\":\"https:\/\/alfequipment.com\/shop\/\"},{\"@type\":\"ListItem\",\"position\":3,\"name\":\"LF1080A Continuous air suction band sealer vacuum bag sealing machine with solid ink code printer\"}]},{\"@type\":\"WebSite\",\"@id\":\"https:\/\/alfequipment.com\/#website\",\"url\":\"https:\/\/alfequipment.com\/\",\"name\":\"ALF PACK\",\"description\":\"\",\"publisher\":{\"@id\":\"https:\/\/alfequipment.com\/#organization\"},\"potentialAction\":[{\"@type\":\"SearchAction\",\"target\":{\"@type\":\"EntryPoint\",\"urlTemplate\":\"https:\/\/alfequipment.com\/?s={search_term_string}\"},\"query-input\":{\"@type\":\"PropertyValueSpecification\",\"valueRequired\":true,\"valueName\":\"search_term_string\"}}],\"inLanguage\":\"pt-PT\"},{\"@type\":\"Organization\",\"@id\":\"https:\/\/alfequipment.com\/#organization\",\"name\":\"ALF PACK\",\"url\":\"https:\/\/alfequipment.com\/\",\"logo\":{\"@type\":\"ImageObject\",\"inLanguage\":\"pt-PT\",\"@id\":\"https:\/\/alfequipment.com\/#\/schema\/logo\/image\/\",\"url\":\"https:\/\/alfequipment.com\/wp-content\/uploads\/2024\/11\/ALFlogo-2.webp\",\"contentUrl\":\"https:\/\/alfequipment.com\/wp-content\/uploads\/2024\/11\/ALFlogo-2.webp\",\"width\":758,\"height\":750,\"caption\":\"ALF PACK\"},\"image\":{\"@id\":\"https:\/\/alfequipment.com\/#\/schema\/logo\/image\/\"}}]}<\/script>\n<!-- \/ Yoast SEO Premium plugin. -->","yoast_head_json":{"title":"LF1080A M\u00e1quina seladora de sacos a v\u00e1cuo com aspira\u00e7\u00e3o cont\u00ednua de ar e impressora de c\u00f3digo de tinta s\u00f3lida - ALF PACK","robots":{"index":"index","follow":"follow","max-snippet":"max-snippet:-1","max-image-preview":"max-image-preview:large","max-video-preview":"max-video-preview:-1"},"canonical":"https:\/\/alfequipment.com\/pt\/product\/lf1080a-seladora-de-banda-de-succao-de-ar-continua-maquina-seladora-de-saco-a-vacuo-com-impressora-de-codigo-de-tinta-solida\/","og_locale":"pt_PT","og_type":"article","og_title":"LF1080A Continuous air suction band sealer vacuum bag sealing machine with solid ink code printer","og_description":"Continuous Air Suction Band Sealer","og_url":"https:\/\/alfequipment.com\/pt\/product\/lf1080a-seladora-de-banda-de-succao-de-ar-continua-maquina-seladora-de-saco-a-vacuo-com-impressora-de-codigo-de-tinta-solida\/","og_site_name":"ALF PACK","article_modified_time":"2025-01-13T15:01:30+00:00","og_image":[{"width":800,"height":800,"url":"https:\/\/alfequipment.com\/wp-content\/uploads\/2025\/01\/H53e4db36f25141d48479c8ce12b06691O.jpg","type":"image\/webp"}],"twitter_card":"summary_large_image","twitter_misc":{"Tempo estimado de leitura":"1 minuto"},"schema":{"@context":"https:\/\/schema.org","@graph":[{"@type":"WebPage","@id":"https:\/\/alfequipment.com\/product\/lf1080a-continuous-air-suction-band-sealer-vacuum-bag-sealing-machine-with-solid-ink-code-printer\/","url":"https:\/\/alfequipment.com\/product\/lf1080a-continuous-air-suction-band-sealer-vacuum-bag-sealing-machine-with-solid-ink-code-printer\/","name":"LF1080A M\u00e1quina seladora de sacos a v\u00e1cuo com aspira\u00e7\u00e3o cont\u00ednua de ar e impressora de c\u00f3digo de tinta s\u00f3lida - ALF PACK","isPartOf":{"@id":"https:\/\/alfequipment.com\/#website"},"primaryImageOfPage":{"@id":"https:\/\/alfequipment.com\/product\/lf1080a-continuous-air-suction-band-sealer-vacuum-bag-sealing-machine-with-solid-ink-code-printer\/#primaryimage"},"image":{"@id":"https:\/\/alfequipment.com\/product\/lf1080a-continuous-air-suction-band-sealer-vacuum-bag-sealing-machine-with-solid-ink-code-printer\/#primaryimage"},"thumbnailUrl":"https:\/\/alfequipment.com\/wp-content\/uploads\/2025\/01\/H53e4db36f25141d48479c8ce12b06691O.jpg","datePublished":"2024-12-17T15:19:36+00:00","dateModified":"2025-01-13T15:01:30+00:00","breadcrumb":{"@id":"https:\/\/alfequipment.com\/product\/lf1080a-continuous-air-suction-band-sealer-vacuum-bag-sealing-machine-with-solid-ink-code-printer\/#breadcrumb"},"inLanguage":"pt-PT","potentialAction":[{"@type":"ReadAction","target":["https:\/\/alfequipment.com\/product\/lf1080a-continuous-air-suction-band-sealer-vacuum-bag-sealing-machine-with-solid-ink-code-printer\/"]}]},{"@type":"ImageObject","inLanguage":"pt-PT","@id":"https:\/\/alfequipment.com\/product\/lf1080a-continuous-air-suction-band-sealer-vacuum-bag-sealing-machine-with-solid-ink-code-printer\/#primaryimage","url":"https:\/\/alfequipment.com\/wp-content\/uploads\/2025\/01\/H53e4db36f25141d48479c8ce12b06691O.jpg","contentUrl":"https:\/\/alfequipment.com\/wp-content\/uploads\/2025\/01\/H53e4db36f25141d48479c8ce12b06691O.jpg","width":800,"height":800},{"@type":"BreadcrumbList","@id":"https:\/\/alfequipment.com\/product\/lf1080a-continuous-air-suction-band-sealer-vacuum-bag-sealing-machine-with-solid-ink-code-printer\/#breadcrumb","itemListElement":[{"@type":"ListItem","position":1,"name":"Home","item":"https:\/\/alfequipment.com\/"},{"@type":"ListItem","position":2,"name":"Shop","item":"https:\/\/alfequipment.com\/shop\/"},{"@type":"ListItem","position":3,"name":"LF1080A Continuous air suction band sealer vacuum bag sealing machine with solid ink code printer"}]},{"@type":"WebSite","@id":"https:\/\/alfequipment.com\/#website","url":"https:\/\/alfequipment.com\/","name":"PACK ALF","description":"","publisher":{"@id":"https:\/\/alfequipment.com\/#organization"},"potentialAction":[{"@type":"SearchAction","target":{"@type":"EntryPoint","urlTemplate":"https:\/\/alfequipment.com\/?s={search_term_string}"},"query-input":{"@type":"PropertyValueSpecification","valueRequired":true,"valueName":"search_term_string"}}],"inLanguage":"pt-PT"},{"@type":"Organization","@id":"https:\/\/alfequipment.com\/#organization","name":"PACK ALF","url":"https:\/\/alfequipment.com\/","logo":{"@type":"ImageObject","inLanguage":"pt-PT","@id":"https:\/\/alfequipment.com\/#\/schema\/logo\/image\/","url":"https:\/\/alfequipment.com\/wp-content\/uploads\/2024\/11\/ALFlogo-2.webp","contentUrl":"https:\/\/alfequipment.com\/wp-content\/uploads\/2024\/11\/ALFlogo-2.webp","width":758,"height":750,"caption":"ALF PACK"},"image":{"@id":"https:\/\/alfequipment.com\/#\/schema\/logo\/image\/"}}]}},"_links":{"self":[{"href":"https:\/\/alfequipment.com\/pt\/wp-json\/wp\/v2\/product\/3156","targetHints":{"allow":["GET"]}}],"collection":[{"href":"https:\/\/alfequipment.com\/pt\/wp-json\/wp\/v2\/product"}],"about":[{"href":"https:\/\/alfequipment.com\/pt\/wp-json\/wp\/v2\/types\/product"}],"replies":[{"embeddable":true,"href":"https:\/\/alfequipment.com\/pt\/wp-json\/wp\/v2\/comments?post=3156"}],"version-history":[{"count":0,"href":"https:\/\/alfequipment.com\/pt\/wp-json\/wp\/v2\/product\/3156\/revisions"}],"wp:featuredmedia":[{"embeddable":true,"href":"https:\/\/alfequipment.com\/pt\/wp-json\/wp\/v2\/media\/3151"}],"wp:attachment":[{"href":"https:\/\/alfequipment.com\/pt\/wp-json\/wp\/v2\/media?parent=3156"}],"wp:term":[{"taxonomy":"product_brand","embeddable":true,"href":"https:\/\/alfequipment.com\/pt\/wp-json\/wp\/v2\/product_brand?post=3156"},{"taxonomy":"product_cat","embeddable":true,"href":"https:\/\/alfequipment.com\/pt\/wp-json\/wp\/v2\/product_cat?post=3156"},{"taxonomy":"product_tag","embeddable":true,"href":"https:\/\/alfequipment.com\/pt\/wp-json\/wp\/v2\/product_tag?post=3156"}],"curies":[{"name":"wp","href":"https:\/\/api.w.org\/{rel}","templated":true}]}}