{"id":3173,"date":"2025-01-11T13:47:45","date_gmt":"2025-01-11T13:47:45","guid":{"rendered":"https:\/\/alfequipment.com\/product\/bs-a450-thermal-shrink-packing-machine\/"},"modified":"2025-01-14T03:11:40","modified_gmt":"2025-01-14T03:11:40","slug":"maquina-de-embalagem-termo-retratil-bs-a450","status":"publish","type":"product","link":"https:\/\/alfequipment.com\/pt\/product\/maquina-de-embalagem-termo-retratil-bs-a450\/","title":{"rendered":"M\u00e1quina de embalagem termorretr\u00e1til BS-A450"},"content":{"rendered":"<div>\n<div>\n<div style=\"vertical-align: top;padding-top: 15px; padding-bottom: 15px;\">\n<div style=\"vertical-align: top;padding-top: 10px; padding-bottom: 10px; margin-right: -4px; margin-left: -4px;\">\n<div style=\"vertical-align: top; box-sizing: border-box; padding-right: 4px; padding-left: 4px;margin-top: -4px; margin-bottom: -4px;\">\n<div id=\"9a9lp\" style=\"vertical-align: top; box-sizing: border-box; padding-top: 4px; padding-bottom: 4px\">1. m\u00e1quina de embalagem de encolhimento t\u00e9rmico \u00e9 adequado para filmes de encolhimento, tais como PVC, PP, POF, etc.<\/div>\n<div id=\"ieahn\" style=\"vertical-align: top; box-sizing: border-box; padding-top: 4px; padding-bottom: 4px\">\n<p style=\"margin:0;padding:0;\">2. existem tubos de retra\u00e7\u00e3o no topo, no fundo e nos lados da sala de retra\u00e7\u00e3o.<\/p>\n<p>3. a temperatura da sala de retra\u00e7\u00e3o e a velocidade do transportador s\u00e3o ajust\u00e1veis.<\/p>\n<p>4. e o tamanho da m\u00e1quina pode ser personalizado.<\/p>\n<\/p><\/div>\n<\/p><\/div>\n<\/p><\/div>\n<div style=\"vertical-align: top;padding-top: 10px; padding-bottom: 10px; margin-right: -4px; margin-left: -4px;\">\n<div id=\"9p1j4\" style=\"vertical-align: top; box-sizing: border-box; padding-right: 4px; padding-left: 4px\">\n<table style=\"width: auto; border-collapse: collapse; word-wrap: break-word;\" class=\"aliDataTable\">\n<tbody>\n<tr>\n<td style=\"background-color: rgb(218, 226, 237);\">\n<div style=\"width: 263px; height: 23px; padding: 5px 10px; overflow: hidden;\">\n          Modelo\n         <\/div>\n<\/td>\n<td>\n<div style=\"width: 440px; height: auto; padding: 5px 10px; overflow: hidden;\">\n          BS-A450\n         <\/div>\n<\/td>\n<\/tr>\n<tr>\n<td style=\"background-color: rgb(218, 226, 237);\">\n<div style=\"width: 263px; height: 22px; padding: 5px 10px; overflow: hidden;\">\n          Produtos de base\n         <\/div>\n<\/td>\n<td>\n<div style=\"width: 440px; height: 22px; padding: 5px 10px; overflow: hidden;\">\n          t\u00fanel de retra\u00e7\u00e3o t\u00e9rmica\n         <\/div>\n<\/td>\n<\/tr>\n<tr>\n<td style=\"background-color: rgb(218, 226, 237);\">\n<div style=\"width: 263px; height: 22px; padding: 5px 10px; overflow: hidden;\">\n          Tens\u00e3o\n         <\/div>\n<\/td>\n<td>\n<div style=\"width: 440px; height: 22px; padding: 5px 10px; overflow: hidden;\">\n          220V\/50-60HZ\n         <\/div>\n<\/td>\n<\/tr>\n<tr>\n<td style=\"background-color: rgb(218, 226, 237);\">\n<div style=\"width: 263px; height: 22px; padding: 5px 10px; overflow: hidden;\">\n          Pot\u00eancia do aquecedor\n         <\/div>\n<\/td>\n<td>\n<div style=\"width: 440px; height: auto; padding: 5px 10px; overflow: hidden;\">\n          9 kW\n         <\/div>\n<\/td>\n<\/tr>\n<tr>\n<td style=\"background-color: rgb(218, 226, 237);\">\n<div style=\"width: 263px; height: 22px; padding: 5px 10px; overflow: hidden;\">\n          Velocidade do transportador\n         <\/div>\n<\/td>\n<td>\n<div style=\"width: 440px; height: 22px; padding: 5px 10px; overflow: hidden;\">\n          0-10m\/min\n         <\/div>\n<\/td>\n<\/tr>\n<tr>\n<td style=\"background-color: rgb(218, 226, 237);\">\n<div style=\"width: 263px; height: 22px; padding: 5px 10px; overflow: hidden;\">\n          Tamanho da sala de trabalho (C*L*A)\n         <\/div>\n<\/td>\n<td>\n<div style=\"width: 440px; height: auto; padding: 5px 10px; overflow: hidden;\">\n          830*450*250mm\n         <\/div>\n<\/td>\n<\/tr>\n<tr>\n<td style=\"background-color: rgb(218, 226, 237);\">\n<div style=\"width: 263px; height: 22px; padding: 5px 10px; overflow: hidden;\">\n          Carga m\u00e1xima do transportador\n         <\/div>\n<\/td>\n<td>\n<div style=\"width: 440px; height: 22px; padding: 5px 10px; overflow: hidden;\">\n          10 kg\n         <\/div>\n<\/td>\n<\/tr>\n<tr>\n<td style=\"background-color: rgb(218, 226, 237);\">\n<div style=\"width: 263px; height: 22px; padding: 5px 10px; overflow: hidden;\">\n          Peso da m\u00e1quina\n         <\/div>\n<\/td>\n<td>\n<div style=\"width: 440px; height: 22px; padding: 5px 10px; overflow: hidden;\">\n          110 kg\n         <\/div>\n<\/td>\n<\/tr>\n<tr>\n<td style=\"background-color: rgb(218, 226, 237);\">\n<div style=\"width: 263px; height: 22px; padding: 5px 10px; overflow: hidden;\">\n          Tamanho da m\u00e1quina\n         <\/div>\n<\/td>\n<td>\n<div style=\"width: 440px; height: auto; padding: 5px 10px; overflow: hidden;\">\n          1200*650*1300mm\n         <\/div>\n<\/td>\n<\/tr>\n<\/tbody>\n<\/table><\/div>\n<\/p><\/div>\n<div style=\"vertical-align: top; display: block;padding-top: 10px; padding-bottom: 10px; margin-right: -4px; margin-left: -4px;\">\n<div style=\"vertical-align: top; box-sizing: border-box; padding-right: 4px; padding-left: 4px;margin-top: -4px; margin-bottom: -4px;\">\n<div id=\"o38ep\" style=\"vertical-align: top; box-sizing: border-box; padding-top: 4px; padding-bottom: 4px\">\n<h3 style=\"padding: 0px; font-size: 16px; line-height: 20px; font-weight: bold; margin: 0px;\"><font color=\"#3f6fff\">Carater\u00edsticas principais<\/font><\/h3>\n<\/p><\/div>\n<div id=\"6vq5q\" style=\"vertical-align: top; box-sizing: border-box; padding-top: 4px; padding-bottom: 4px\">\n<p style=\"margin:0;padding:0;\">1.\u00ef\u00b2Constru\u00e7\u00e3o compacta, alta efici\u00eancia;<\/p>\n<p>2.\u00ef\u00b2Controlo exato da temperatura do t\u00fanel de retra\u00e7\u00e3o.<\/p>\n<p>3.\u00ef\u00b2O forte fluxo de ar assegura uma excelente distribui\u00e7\u00e3o do calor para uma contra\u00e7\u00e3o uniforme;&nbsp;<\/p>\n<\/p><\/div>\n<\/p><\/div>\n<\/p><\/div>\n<div style=\"vertical-align: top;padding-top: 10px; padding-bottom: 10px; margin-right: -4px; margin-left: -4px;\">\n<div id=\"ni7qu\" style=\"vertical-align: top; box-sizing: border-box; padding-right: 4px; padding-left: 4px\">\n<div style=\"overflow: hidden; width: 750px; height: 321.565px;\">\n      <img decoding=\"async\" src=\"https:\/\/sc02.alicdn.com\/kf\/HTB1waAZazDuK1Rjy1zjq6zraFXa8\/64496\/HTB1waAZazDuK1Rjy1zjq6zraFXa8.jpg\" style=\"width: 750px; height: 321.565px; margin-left: 0px; margin-top: 0px;\" class=\"aligncenter\">\n     <\/div>\n<\/p><\/div>\n<\/p><\/div>\n<div style=\"vertical-align: top;padding-top: 10px; padding-bottom: 10px; margin-right: -4px; margin-left: -4px;\">\n<div id=\"fusn9\" style=\"vertical-align: top; box-sizing: border-box; padding-right: 4px; padding-left: 4px\">\n<div style=\"overflow: hidden; width: 750px; height: 589.557px;\">\n      <img decoding=\"async\" src=\"https:\/\/sc02.alicdn.com\/kf\/HTB1QJcTaxrvK1RjSszeq6yObFXa8\/64496\/HTB1QJcTaxrvK1RjSszeq6yObFXa8.jpg\" style=\"width: 750px; height: 589.557px; margin-left: 0px; margin-top: 0px;\" class=\"aligncenter\"><\/div>\n<\/div>\n<\/div>\n<\/div>\n<div style=\"vertical-align: top;padding-top: 15px; padding-bottom: 15px;\">\n<div style=\"vertical-align: top;padding-top: 10px; padding-bottom: 10px; margin-right: -4px; margin-left: -4px;\">\n<div id=\"jca8o\" style=\"vertical-align: top; width: 50%; display: inline-block; box-sizing: border-box; padding-right: 4px; padding-left: 4px\">\n    <\/div>\n<\/p><\/div>\n<\/p><\/div>\n<\/p><\/div>\n<\/div>","protected":false},"excerpt":{"rendered":"<p>M\u00e1quina de embalagem termorretr\u00e1ctil Bs-a450<\/p>","protected":false},"featured_media":3174,"comment_status":"closed","ping_status":"open","template":"","meta":[],"product_brand":[],"product_cat":[123,98],"product_tag":[],"class_list":{"0":"post-3173","1":"product","2":"type-product","3":"status-publish","4":"has-post-thumbnail","6":"product_cat-shrink-tunnels","7":"product_cat-wrapping-machines","9":"first","10":"instock","11":"sale","12":"purchasable","13":"product-type-simple"},"yoast_head":"<!-- This site is optimized with the Yoast SEO Premium plugin v20.9 (Yoast SEO v26.5) - https:\/\/yoast.com\/wordpress\/plugins\/seo\/ -->\n<title>BS-A450 Thermal Shrink Packing Machine - ALF PACK<\/title>\n<meta name=\"robots\" content=\"index, follow, max-snippet:-1, max-image-preview:large, max-video-preview:-1\" \/>\n<link rel=\"canonical\" href=\"https:\/\/alfequipment.com\/pt\/product\/maquina-de-embalagem-termo-retratil-bs-a450\/\" \/>\n<meta property=\"og:locale\" content=\"pt_PT\" \/>\n<meta property=\"og:type\" content=\"article\" \/>\n<meta property=\"og:title\" content=\"BS-A450 Thermal Shrink Packing Machine\" \/>\n<meta property=\"og:description\" content=\"Bs-a450 Thermal Shrink Packing Machine\" \/>\n<meta property=\"og:url\" content=\"https:\/\/alfequipment.com\/pt\/product\/maquina-de-embalagem-termo-retratil-bs-a450\/\" \/>\n<meta property=\"og:site_name\" content=\"ALF PACK\" \/>\n<meta property=\"article:modified_time\" content=\"2025-01-14T03:11:40+00:00\" \/>\n<meta property=\"og:image\" content=\"https:\/\/alfequipment.com\/wp-content\/uploads\/2025\/01\/BS-A450-Thermal-Shrink-Packing-Machine-scaled.jpg\" \/>\n\t<meta property=\"og:image:width\" content=\"2560\" \/>\n\t<meta property=\"og:image:height\" content=\"2523\" \/>\n\t<meta property=\"og:image:type\" content=\"image\/webp\" \/>\n<meta name=\"twitter:card\" content=\"summary_large_image\" \/>\n<meta name=\"twitter:label1\" content=\"Tempo estimado de leitura\" \/>\n\t<meta name=\"twitter:data1\" content=\"1 minuto\" \/>\n<script type=\"application\/ld+json\" class=\"yoast-schema-graph\">{\"@context\":\"https:\/\/schema.org\",\"@graph\":[{\"@type\":\"WebPage\",\"@id\":\"https:\/\/alfequipment.com\/product\/bs-a450-thermal-shrink-packing-machine\/\",\"url\":\"https:\/\/alfequipment.com\/product\/bs-a450-thermal-shrink-packing-machine\/\",\"name\":\"BS-A450 Thermal Shrink Packing Machine - ALF PACK\",\"isPartOf\":{\"@id\":\"https:\/\/alfequipment.com\/#website\"},\"primaryImageOfPage\":{\"@id\":\"https:\/\/alfequipment.com\/product\/bs-a450-thermal-shrink-packing-machine\/#primaryimage\"},\"image\":{\"@id\":\"https:\/\/alfequipment.com\/product\/bs-a450-thermal-shrink-packing-machine\/#primaryimage\"},\"thumbnailUrl\":\"https:\/\/alfequipment.com\/wp-content\/uploads\/2025\/01\/BS-A450-Thermal-Shrink-Packing-Machine-scaled.jpg\",\"datePublished\":\"2025-01-11T13:47:45+00:00\",\"dateModified\":\"2025-01-14T03:11:40+00:00\",\"breadcrumb\":{\"@id\":\"https:\/\/alfequipment.com\/product\/bs-a450-thermal-shrink-packing-machine\/#breadcrumb\"},\"inLanguage\":\"pt-PT\",\"potentialAction\":[{\"@type\":\"ReadAction\",\"target\":[\"https:\/\/alfequipment.com\/product\/bs-a450-thermal-shrink-packing-machine\/\"]}]},{\"@type\":\"ImageObject\",\"inLanguage\":\"pt-PT\",\"@id\":\"https:\/\/alfequipment.com\/product\/bs-a450-thermal-shrink-packing-machine\/#primaryimage\",\"url\":\"https:\/\/alfequipment.com\/wp-content\/uploads\/2025\/01\/BS-A450-Thermal-Shrink-Packing-Machine-scaled.jpg\",\"contentUrl\":\"https:\/\/alfequipment.com\/wp-content\/uploads\/2025\/01\/BS-A450-Thermal-Shrink-Packing-Machine-scaled.jpg\",\"width\":2560,\"height\":2523},{\"@type\":\"BreadcrumbList\",\"@id\":\"https:\/\/alfequipment.com\/product\/bs-a450-thermal-shrink-packing-machine\/#breadcrumb\",\"itemListElement\":[{\"@type\":\"ListItem\",\"position\":1,\"name\":\"Home\",\"item\":\"https:\/\/alfequipment.com\/\"},{\"@type\":\"ListItem\",\"position\":2,\"name\":\"Shop\",\"item\":\"https:\/\/alfequipment.com\/shop\/\"},{\"@type\":\"ListItem\",\"position\":3,\"name\":\"BS-A450 Thermal Shrink Packing Machine\"}]},{\"@type\":\"WebSite\",\"@id\":\"https:\/\/alfequipment.com\/#website\",\"url\":\"https:\/\/alfequipment.com\/\",\"name\":\"ALF PACK\",\"description\":\"\",\"publisher\":{\"@id\":\"https:\/\/alfequipment.com\/#organization\"},\"potentialAction\":[{\"@type\":\"SearchAction\",\"target\":{\"@type\":\"EntryPoint\",\"urlTemplate\":\"https:\/\/alfequipment.com\/?s={search_term_string}\"},\"query-input\":{\"@type\":\"PropertyValueSpecification\",\"valueRequired\":true,\"valueName\":\"search_term_string\"}}],\"inLanguage\":\"pt-PT\"},{\"@type\":\"Organization\",\"@id\":\"https:\/\/alfequipment.com\/#organization\",\"name\":\"ALF PACK\",\"url\":\"https:\/\/alfequipment.com\/\",\"logo\":{\"@type\":\"ImageObject\",\"inLanguage\":\"pt-PT\",\"@id\":\"https:\/\/alfequipment.com\/#\/schema\/logo\/image\/\",\"url\":\"https:\/\/alfequipment.com\/wp-content\/uploads\/2024\/11\/ALFlogo-2.webp\",\"contentUrl\":\"https:\/\/alfequipment.com\/wp-content\/uploads\/2024\/11\/ALFlogo-2.webp\",\"width\":758,\"height\":750,\"caption\":\"ALF PACK\"},\"image\":{\"@id\":\"https:\/\/alfequipment.com\/#\/schema\/logo\/image\/\"}}]}<\/script>\n<!-- \/ Yoast SEO Premium plugin. -->","yoast_head_json":{"title":"M\u00e1quina de embalagem termoretr\u00e1ctil BS-A450 - ALF PACK","robots":{"index":"index","follow":"follow","max-snippet":"max-snippet:-1","max-image-preview":"max-image-preview:large","max-video-preview":"max-video-preview:-1"},"canonical":"https:\/\/alfequipment.com\/pt\/product\/maquina-de-embalagem-termo-retratil-bs-a450\/","og_locale":"pt_PT","og_type":"article","og_title":"BS-A450 Thermal Shrink Packing Machine","og_description":"Bs-a450 Thermal Shrink Packing Machine","og_url":"https:\/\/alfequipment.com\/pt\/product\/maquina-de-embalagem-termo-retratil-bs-a450\/","og_site_name":"ALF PACK","article_modified_time":"2025-01-14T03:11:40+00:00","og_image":[{"width":2560,"height":2523,"url":"https:\/\/alfequipment.com\/wp-content\/uploads\/2025\/01\/BS-A450-Thermal-Shrink-Packing-Machine-scaled.jpg","type":"image\/webp"}],"twitter_card":"summary_large_image","twitter_misc":{"Tempo estimado de leitura":"1 minuto"},"schema":{"@context":"https:\/\/schema.org","@graph":[{"@type":"WebPage","@id":"https:\/\/alfequipment.com\/product\/bs-a450-thermal-shrink-packing-machine\/","url":"https:\/\/alfequipment.com\/product\/bs-a450-thermal-shrink-packing-machine\/","name":"M\u00e1quina de embalagem termoretr\u00e1ctil BS-A450 - ALF PACK","isPartOf":{"@id":"https:\/\/alfequipment.com\/#website"},"primaryImageOfPage":{"@id":"https:\/\/alfequipment.com\/product\/bs-a450-thermal-shrink-packing-machine\/#primaryimage"},"image":{"@id":"https:\/\/alfequipment.com\/product\/bs-a450-thermal-shrink-packing-machine\/#primaryimage"},"thumbnailUrl":"https:\/\/alfequipment.com\/wp-content\/uploads\/2025\/01\/BS-A450-Thermal-Shrink-Packing-Machine-scaled.jpg","datePublished":"2025-01-11T13:47:45+00:00","dateModified":"2025-01-14T03:11:40+00:00","breadcrumb":{"@id":"https:\/\/alfequipment.com\/product\/bs-a450-thermal-shrink-packing-machine\/#breadcrumb"},"inLanguage":"pt-PT","potentialAction":[{"@type":"ReadAction","target":["https:\/\/alfequipment.com\/product\/bs-a450-thermal-shrink-packing-machine\/"]}]},{"@type":"ImageObject","inLanguage":"pt-PT","@id":"https:\/\/alfequipment.com\/product\/bs-a450-thermal-shrink-packing-machine\/#primaryimage","url":"https:\/\/alfequipment.com\/wp-content\/uploads\/2025\/01\/BS-A450-Thermal-Shrink-Packing-Machine-scaled.jpg","contentUrl":"https:\/\/alfequipment.com\/wp-content\/uploads\/2025\/01\/BS-A450-Thermal-Shrink-Packing-Machine-scaled.jpg","width":2560,"height":2523},{"@type":"BreadcrumbList","@id":"https:\/\/alfequipment.com\/product\/bs-a450-thermal-shrink-packing-machine\/#breadcrumb","itemListElement":[{"@type":"ListItem","position":1,"name":"Home","item":"https:\/\/alfequipment.com\/"},{"@type":"ListItem","position":2,"name":"Shop","item":"https:\/\/alfequipment.com\/shop\/"},{"@type":"ListItem","position":3,"name":"BS-A450 Thermal Shrink Packing Machine"}]},{"@type":"WebSite","@id":"https:\/\/alfequipment.com\/#website","url":"https:\/\/alfequipment.com\/","name":"PACK ALF","description":"","publisher":{"@id":"https:\/\/alfequipment.com\/#organization"},"potentialAction":[{"@type":"SearchAction","target":{"@type":"EntryPoint","urlTemplate":"https:\/\/alfequipment.com\/?s={search_term_string}"},"query-input":{"@type":"PropertyValueSpecification","valueRequired":true,"valueName":"search_term_string"}}],"inLanguage":"pt-PT"},{"@type":"Organization","@id":"https:\/\/alfequipment.com\/#organization","name":"PACK ALF","url":"https:\/\/alfequipment.com\/","logo":{"@type":"ImageObject","inLanguage":"pt-PT","@id":"https:\/\/alfequipment.com\/#\/schema\/logo\/image\/","url":"https:\/\/alfequipment.com\/wp-content\/uploads\/2024\/11\/ALFlogo-2.webp","contentUrl":"https:\/\/alfequipment.com\/wp-content\/uploads\/2024\/11\/ALFlogo-2.webp","width":758,"height":750,"caption":"ALF PACK"},"image":{"@id":"https:\/\/alfequipment.com\/#\/schema\/logo\/image\/"}}]}},"_links":{"self":[{"href":"https:\/\/alfequipment.com\/pt\/wp-json\/wp\/v2\/product\/3173","targetHints":{"allow":["GET"]}}],"collection":[{"href":"https:\/\/alfequipment.com\/pt\/wp-json\/wp\/v2\/product"}],"about":[{"href":"https:\/\/alfequipment.com\/pt\/wp-json\/wp\/v2\/types\/product"}],"replies":[{"embeddable":true,"href":"https:\/\/alfequipment.com\/pt\/wp-json\/wp\/v2\/comments?post=3173"}],"version-history":[{"count":0,"href":"https:\/\/alfequipment.com\/pt\/wp-json\/wp\/v2\/product\/3173\/revisions"}],"wp:featuredmedia":[{"embeddable":true,"href":"https:\/\/alfequipment.com\/pt\/wp-json\/wp\/v2\/media\/3174"}],"wp:attachment":[{"href":"https:\/\/alfequipment.com\/pt\/wp-json\/wp\/v2\/media?parent=3173"}],"wp:term":[{"taxonomy":"product_brand","embeddable":true,"href":"https:\/\/alfequipment.com\/pt\/wp-json\/wp\/v2\/product_brand?post=3173"},{"taxonomy":"product_cat","embeddable":true,"href":"https:\/\/alfequipment.com\/pt\/wp-json\/wp\/v2\/product_cat?post=3173"},{"taxonomy":"product_tag","embeddable":true,"href":"https:\/\/alfequipment.com\/pt\/wp-json\/wp\/v2\/product_tag?post=3173"}],"curies":[{"name":"wp","href":"https:\/\/api.w.org\/{rel}","templated":true}]}}