{"id":3179,"date":"2025-01-02T19:59:46","date_gmt":"2025-01-02T19:59:46","guid":{"rendered":"https:\/\/alfequipment.com\/product\/frd1000l-horizontal-deepened-continuous-band-sealer-with-solid-ink-code-printer-plastic-bag-sealing-machine\/"},"modified":"2025-01-13T15:00:36","modified_gmt":"2025-01-13T15:00:36","slug":"frd1000l-seladora-de-banda-continua-aprofundada-horizontal-com-impressora-de-codigo-de-tinta-solida-maquina-seladora-de-saco-plastico","status":"publish","type":"product","link":"https:\/\/alfequipment.com\/pt\/product\/frd1000l-seladora-de-banda-continua-aprofundada-horizontal-com-impressora-de-codigo-de-tinta-solida-maquina-seladora-de-saco-plastico\/","title":{"rendered":"FRD1000L M\u00e1quina seladora de banda cont\u00ednua aprofundada horizontal com impressora de c\u00f3digo de tinta s\u00f3lida para sacos de pl\u00e1stico"},"content":{"rendered":"<div data-magic-global=\"%7B%22bizId%22%3A17179933680%2C%22pageId%22%3A20152633525%2C%22siteId%22%3A5005331025%7D\" id=\"detail_decorate_root\">\n<div module-id=\"24756504845\" module-title=\"detailProductNavigation\" render=\"true\" class=\"J_module\">\n<div id=\"ali-anchor-AliMagic-q22t56\" data-section=\"AliMagic-q22t56\" data-section-title=\"Product Description\" class=\"magic-0\">A m\u00e1quina seladora de tinta multiusos FRD-1000 \u00e9 um novo modelo de m\u00e1quina seladora autom\u00e1tica de pel\u00edcula pl\u00e1stica, que integra impress\u00e3o a cores, selagem, transmiss\u00e3o cont\u00ednua de produtos, com padr\u00e3o limpo e brilhante na parte seladora, cor selecion\u00e1vel, impress\u00e3o instant\u00e2nea e secagem instant\u00e2nea, e conveniente para mudar os caracteres.<\/div>\n<\/div>\n<div module-id=\"24756504846\" module-title=\"detailTextWithTitle\" render=\"true\" class=\"J_module\">\n<div class=\"detail-decorate-json-renderer-container\">\n<div class=\"magic-1\">\n<div class=\"magic-4\">\n<div class=\"magic-5\">\n<div class=\"magic-6\">\n<p class=\"magic-7\"><b>FRD-1000L<\/b> pode selar sacos mais profundos, e a dist\u00e2ncia m\u00e1xima entre o topo do saco e a posi\u00e7\u00e3o de selagem \u00e9 de 160 mm.<\/p>\n<\/p><\/div>\n<\/p><\/div>\n<\/p><\/div>\n<\/p><\/div>\n<\/p><\/div>\n<\/p><\/div>\n<div module-id=\"24756504847\" module-title=\"detailTableHorizontal\" render=\"true\" class=\"J_module\">\n<div class=\"ife-detail-decorate-table\">\n<table class=\"has-title all magic-8\">\n<tbody>\n<tr>\n<td colspan=\"1\" rowspan=\"1\">\n<div class=\"magic-9\">\n        Modelo\n       <\/div>\n<\/td>\n<td colspan=\"3\" rowspan=\"1\">\n<div class=\"magic-10\">\n        FRD-1000L\n       <\/div>\n<\/td>\n<td rowspan=\"0\" class=\"magic-11\">\n<div class=\"magic-12\"><\/div>\n<\/td>\n<td rowspan=\"0\" class=\"magic-11\">\n<div class=\"magic-12\"><\/div>\n<\/td>\n<\/tr>\n<tr>\n<td colspan=\"1\" rowspan=\"1\">\n<div class=\"magic-9\">\n        tens\u00e3o\n       <\/div>\n<\/td>\n<td colspan=\"3\" rowspan=\"1\">\n<div class=\"magic-10\">\n        110\/220V 50-60Hz\n       <\/div>\n<\/td>\n<td rowspan=\"0\" class=\"magic-11\">\n<div class=\"magic-12\"><\/div>\n<\/td>\n<td rowspan=\"0\" class=\"magic-11\">\n<div class=\"magic-12\"><\/div>\n<\/td>\n<\/tr>\n<tr>\n<td colspan=\"1\" rowspan=\"1\">\n<div class=\"magic-9\">\n        pot\u00eancia\n       <\/div>\n<\/td>\n<td colspan=\"3\" rowspan=\"1\">\n<div class=\"magic-10\">\n        770W\n       <\/div>\n<\/td>\n<td rowspan=\"0\" class=\"magic-11\">\n<div class=\"magic-12\"><\/div>\n<\/td>\n<td rowspan=\"0\" class=\"magic-11\">\n<div class=\"magic-12\"><\/div>\n<\/td>\n<\/tr>\n<tr>\n<td colspan=\"1\" rowspan=\"1\">\n<div class=\"magic-9\">\n        Velocidade de selagem\n       <\/div>\n<\/td>\n<td colspan=\"3\" rowspan=\"1\">\n<div class=\"magic-13\">\n        0-12m\/min\n       <\/div>\n<\/td>\n<td rowspan=\"0\" class=\"magic-11\">\n<div class=\"magic-12\"><\/div>\n<\/td>\n<td rowspan=\"0\" class=\"magic-11\">\n<div class=\"magic-12\"><\/div>\n<\/td>\n<\/tr>\n<tr>\n<td colspan=\"1\" rowspan=\"1\">\n<div class=\"magic-9\">\n        Largura de veda\u00e7\u00e3o\n       <\/div>\n<\/td>\n<td colspan=\"3\" rowspan=\"1\">\n<div class=\"magic-13\">\n        12 mm\n       <\/div>\n<\/td>\n<td rowspan=\"0\" class=\"magic-11\">\n<div class=\"magic-12\"><\/div>\n<\/td>\n<td rowspan=\"0\" class=\"magic-11\">\n<div class=\"magic-12\"><\/div>\n<\/td>\n<\/tr>\n<tr>\n<td colspan=\"1\" rowspan=\"1\">\n<div class=\"magic-9\">\n        Gama de temperaturas\n       <\/div>\n<\/td>\n<td colspan=\"3\" rowspan=\"1\">\n<div class=\"magic-13\">\n        0-300\u00e2\n       <\/div>\n<\/td>\n<td rowspan=\"0\" class=\"magic-11\">\n<div class=\"magic-12\"><\/div>\n<\/td>\n<td rowspan=\"0\" class=\"magic-11\">\n<div class=\"magic-12\"><\/div>\n<\/td>\n<\/tr>\n<tr>\n<td colspan=\"1\" rowspan=\"1\">\n<div class=\"magic-9\">\n        Carga m\u00e1xima do transportador\n       <\/div>\n<\/td>\n<td colspan=\"3\" rowspan=\"1\">\n<div class=\"magic-13\">\n        3 kg\n       <\/div>\n<\/td>\n<td rowspan=\"0\" class=\"magic-11\">\n<div class=\"magic-12\"><\/div>\n<\/td>\n<td rowspan=\"0\" class=\"magic-11\">\n<div class=\"magic-12\"><\/div>\n<\/td>\n<\/tr>\n<tr>\n<td colspan=\"1\" rowspan=\"1\">\n<div class=\"magic-9\">\n        Categoria de impress\u00e3o\n       <\/div>\n<\/td>\n<td colspan=\"3\" rowspan=\"1\">\n<div class=\"magic-13\">\n        Impress\u00e3o em tinta s\u00f3lida\n       <\/div>\n<\/td>\n<td rowspan=\"0\" class=\"magic-11\">\n<div class=\"magic-12\"><\/div>\n<\/td>\n<td rowspan=\"0\" class=\"magic-11\">\n<div class=\"magic-12\"><\/div>\n<\/td>\n<\/tr>\n<tr>\n<td colspan=\"1\" rowspan=\"1\">\n<div class=\"magic-9\">\n        Peso da m\u00e1quina\n       <\/div>\n<\/td>\n<td colspan=\"3\" rowspan=\"1\">\n<div class=\"magic-13\">\n        28 kg\n       <\/div>\n<\/td>\n<td rowspan=\"0\" class=\"magic-11\">\n<div class=\"magic-12\"><\/div>\n<\/td>\n<td rowspan=\"0\" class=\"magic-11\">\n<div class=\"magic-12\"><\/div>\n<\/td>\n<\/tr>\n<tr>\n<td colspan=\"1\" rowspan=\"1\">\n<div class=\"magic-9\">\n        Tamanho da m\u00e1quina\n       <\/div>\n<\/td>\n<td colspan=\"3\" rowspan=\"1\">\n<div class=\"magic-13\">\n        940*530*305mm\n       <\/div>\n<\/td>\n<td rowspan=\"0\" class=\"magic-11\">\n<div class=\"magic-12\"><\/div>\n<\/td>\n<td rowspan=\"0\" class=\"magic-11\">\n<div class=\"magic-12\"><\/div>\n<\/td>\n<\/tr>\n<\/tbody>\n<\/table><\/div>\n<\/p><\/div>\n<div module-id=\"24756504848\" module-title=\"detailSingleImage\" render=\"true\" class=\"J_module\">\n<div class=\"icbu-pc-images magic-14\">\n<div>\n<div class=\"flex-layout-v\">\n<div class=\"flex-layout-h magic-14\">\n<div class=\"magic-15\">\n       <img decoding=\"async\" src=\"https:\/\/sc01.alicdn.com\/kf\/HTB1_szhacfrK1RkSnb4q6xHRFXat\/64496\/HTB1_szhacfrK1RkSnb4q6xHRFXat.jpg\" class=\"aligncenter\">\n      <\/div>\n<\/p><\/div>\n<\/p><\/div>\n<\/p><\/div>\n<\/p><\/div>\n<\/p><\/div>\n<div module-id=\"24756504849\" module-title=\"detailVerticalImages\" render=\"true\" class=\"J_module\">\n<div class=\"icbu-pc-images magic-14\">\n<div>\n<div class=\"flex-layout-v\">\n<div class=\"magic-17\">\n      <img decoding=\"async\" src=\"https:\/\/sc01.alicdn.com\/kf\/HTB1KC2eaovrK1RjSszfq6xJNVXal\/64496\/HTB1KC2eaovrK1RjSszfq6xJNVXal.jpg\" class=\"aligncenter\">\n     <\/div>\n<div class=\"flex-layout-h magic-14\">\n<div class=\"magic-19\">\n       <img decoding=\"async\" src=\"https:\/\/sc02.alicdn.com\/kf\/HTB1xMigXjzuK1Rjy0Fpq6yEpFXaG\/64496\/HTB1xMigXjzuK1Rjy0Fpq6yEpFXaG.jpg\" class=\"aligncenter\">\n      <\/div>\n<div class=\"magic-21\">\n       <img decoding=\"async\" src=\"https:\/\/sc01.alicdn.com\/kf\/HTB1PoigXizxK1RjSspjq6AS.pXa4\/64496\/HTB1PoigXizxK1RjSspjq6AS.pXa4.jpg\" class=\"aligncenter\">\n      <\/div>\n<\/p><\/div>\n<\/p><\/div>\n<\/p><\/div>\n<\/p><\/div>\n<\/p><\/div>\n<\/div>","protected":false},"excerpt":{"rendered":"<p>Seladora de fita com impress\u00e3o de c\u00f3digo de tinta<\/p>","protected":false},"featured_media":3180,"comment_status":"closed","ping_status":"open","template":"","meta":[],"product_brand":[],"product_cat":[119,97],"product_tag":[],"class_list":{"0":"post-3179","1":"product","2":"type-product","3":"status-publish","4":"has-post-thumbnail","6":"product_cat-band-sealer","7":"product_cat-sealing-machines","9":"first","10":"instock","11":"sale","12":"purchasable","13":"product-type-simple"},"yoast_head":"<!-- This site is optimized with the Yoast SEO Premium plugin v20.9 (Yoast SEO v26.5) - https:\/\/yoast.com\/wordpress\/plugins\/seo\/ -->\n<title>FRD1000L Horizontal Deepened continuous band sealer with solid ink code printer plastic bag sealing machine - ALF PACK<\/title>\n<meta name=\"robots\" content=\"index, follow, max-snippet:-1, max-image-preview:large, max-video-preview:-1\" \/>\n<link rel=\"canonical\" href=\"https:\/\/alfequipment.com\/pt\/product\/frd1000l-seladora-de-banda-continua-aprofundada-horizontal-com-impressora-de-codigo-de-tinta-solida-maquina-seladora-de-saco-plastico\/\" \/>\n<meta property=\"og:locale\" content=\"pt_PT\" \/>\n<meta property=\"og:type\" content=\"article\" \/>\n<meta property=\"og:title\" content=\"FRD1000L Horizontal Deepened continuous band sealer with solid ink code printer plastic bag sealing machine\" \/>\n<meta property=\"og:description\" content=\"Deepened Band Sealer With Ink Code Printing\" \/>\n<meta property=\"og:url\" content=\"https:\/\/alfequipment.com\/pt\/product\/frd1000l-seladora-de-banda-continua-aprofundada-horizontal-com-impressora-de-codigo-de-tinta-solida-maquina-seladora-de-saco-plastico\/\" \/>\n<meta property=\"og:site_name\" content=\"ALF PACK\" \/>\n<meta property=\"article:modified_time\" content=\"2025-01-13T15:00:36+00:00\" \/>\n<meta property=\"og:image\" content=\"https:\/\/alfequipment.com\/wp-content\/uploads\/2025\/01\/H669a0cf4fe8e4b69bca48763d1266965N.jpg\" \/>\n\t<meta property=\"og:image:width\" content=\"800\" \/>\n\t<meta property=\"og:image:height\" content=\"800\" \/>\n\t<meta property=\"og:image:type\" content=\"image\/webp\" \/>\n<meta name=\"twitter:card\" content=\"summary_large_image\" \/>\n<meta name=\"twitter:label1\" content=\"Tempo estimado de leitura\" \/>\n\t<meta name=\"twitter:data1\" content=\"1 minuto\" \/>\n<script type=\"application\/ld+json\" class=\"yoast-schema-graph\">{\"@context\":\"https:\/\/schema.org\",\"@graph\":[{\"@type\":\"WebPage\",\"@id\":\"https:\/\/alfequipment.com\/product\/frd1000l-horizontal-deepened-continuous-band-sealer-with-solid-ink-code-printer-plastic-bag-sealing-machine\/\",\"url\":\"https:\/\/alfequipment.com\/product\/frd1000l-horizontal-deepened-continuous-band-sealer-with-solid-ink-code-printer-plastic-bag-sealing-machine\/\",\"name\":\"FRD1000L Horizontal Deepened continuous band sealer with solid ink code printer plastic bag sealing machine - ALF PACK\",\"isPartOf\":{\"@id\":\"https:\/\/alfequipment.com\/#website\"},\"primaryImageOfPage\":{\"@id\":\"https:\/\/alfequipment.com\/product\/frd1000l-horizontal-deepened-continuous-band-sealer-with-solid-ink-code-printer-plastic-bag-sealing-machine\/#primaryimage\"},\"image\":{\"@id\":\"https:\/\/alfequipment.com\/product\/frd1000l-horizontal-deepened-continuous-band-sealer-with-solid-ink-code-printer-plastic-bag-sealing-machine\/#primaryimage\"},\"thumbnailUrl\":\"https:\/\/alfequipment.com\/wp-content\/uploads\/2025\/01\/H669a0cf4fe8e4b69bca48763d1266965N.jpg\",\"datePublished\":\"2025-01-02T19:59:46+00:00\",\"dateModified\":\"2025-01-13T15:00:36+00:00\",\"breadcrumb\":{\"@id\":\"https:\/\/alfequipment.com\/product\/frd1000l-horizontal-deepened-continuous-band-sealer-with-solid-ink-code-printer-plastic-bag-sealing-machine\/#breadcrumb\"},\"inLanguage\":\"pt-PT\",\"potentialAction\":[{\"@type\":\"ReadAction\",\"target\":[\"https:\/\/alfequipment.com\/product\/frd1000l-horizontal-deepened-continuous-band-sealer-with-solid-ink-code-printer-plastic-bag-sealing-machine\/\"]}]},{\"@type\":\"ImageObject\",\"inLanguage\":\"pt-PT\",\"@id\":\"https:\/\/alfequipment.com\/product\/frd1000l-horizontal-deepened-continuous-band-sealer-with-solid-ink-code-printer-plastic-bag-sealing-machine\/#primaryimage\",\"url\":\"https:\/\/alfequipment.com\/wp-content\/uploads\/2025\/01\/H669a0cf4fe8e4b69bca48763d1266965N.jpg\",\"contentUrl\":\"https:\/\/alfequipment.com\/wp-content\/uploads\/2025\/01\/H669a0cf4fe8e4b69bca48763d1266965N.jpg\",\"width\":800,\"height\":800},{\"@type\":\"BreadcrumbList\",\"@id\":\"https:\/\/alfequipment.com\/product\/frd1000l-horizontal-deepened-continuous-band-sealer-with-solid-ink-code-printer-plastic-bag-sealing-machine\/#breadcrumb\",\"itemListElement\":[{\"@type\":\"ListItem\",\"position\":1,\"name\":\"Home\",\"item\":\"https:\/\/alfequipment.com\/\"},{\"@type\":\"ListItem\",\"position\":2,\"name\":\"Shop\",\"item\":\"https:\/\/alfequipment.com\/shop\/\"},{\"@type\":\"ListItem\",\"position\":3,\"name\":\"FRD1000L Horizontal Deepened continuous band sealer with solid ink code printer plastic bag sealing machine\"}]},{\"@type\":\"WebSite\",\"@id\":\"https:\/\/alfequipment.com\/#website\",\"url\":\"https:\/\/alfequipment.com\/\",\"name\":\"ALF PACK\",\"description\":\"\",\"publisher\":{\"@id\":\"https:\/\/alfequipment.com\/#organization\"},\"potentialAction\":[{\"@type\":\"SearchAction\",\"target\":{\"@type\":\"EntryPoint\",\"urlTemplate\":\"https:\/\/alfequipment.com\/?s={search_term_string}\"},\"query-input\":{\"@type\":\"PropertyValueSpecification\",\"valueRequired\":true,\"valueName\":\"search_term_string\"}}],\"inLanguage\":\"pt-PT\"},{\"@type\":\"Organization\",\"@id\":\"https:\/\/alfequipment.com\/#organization\",\"name\":\"ALF PACK\",\"url\":\"https:\/\/alfequipment.com\/\",\"logo\":{\"@type\":\"ImageObject\",\"inLanguage\":\"pt-PT\",\"@id\":\"https:\/\/alfequipment.com\/#\/schema\/logo\/image\/\",\"url\":\"https:\/\/alfequipment.com\/wp-content\/uploads\/2024\/11\/ALFlogo-2.webp\",\"contentUrl\":\"https:\/\/alfequipment.com\/wp-content\/uploads\/2024\/11\/ALFlogo-2.webp\",\"width\":758,\"height\":750,\"caption\":\"ALF PACK\"},\"image\":{\"@id\":\"https:\/\/alfequipment.com\/#\/schema\/logo\/image\/\"}}]}<\/script>\n<!-- \/ Yoast SEO Premium plugin. -->","yoast_head_json":{"title":"FRD1000L M\u00e1quina seladora de banda cont\u00ednua aprofundada horizontal com impressora de c\u00f3digo de tinta s\u00f3lida para sacos de pl\u00e1stico - ALF PACK","robots":{"index":"index","follow":"follow","max-snippet":"max-snippet:-1","max-image-preview":"max-image-preview:large","max-video-preview":"max-video-preview:-1"},"canonical":"https:\/\/alfequipment.com\/pt\/product\/frd1000l-seladora-de-banda-continua-aprofundada-horizontal-com-impressora-de-codigo-de-tinta-solida-maquina-seladora-de-saco-plastico\/","og_locale":"pt_PT","og_type":"article","og_title":"FRD1000L Horizontal Deepened continuous band sealer with solid ink code printer plastic bag sealing machine","og_description":"Deepened Band Sealer With Ink Code Printing","og_url":"https:\/\/alfequipment.com\/pt\/product\/frd1000l-seladora-de-banda-continua-aprofundada-horizontal-com-impressora-de-codigo-de-tinta-solida-maquina-seladora-de-saco-plastico\/","og_site_name":"ALF PACK","article_modified_time":"2025-01-13T15:00:36+00:00","og_image":[{"width":800,"height":800,"url":"https:\/\/alfequipment.com\/wp-content\/uploads\/2025\/01\/H669a0cf4fe8e4b69bca48763d1266965N.jpg","type":"image\/webp"}],"twitter_card":"summary_large_image","twitter_misc":{"Tempo estimado de leitura":"1 minuto"},"schema":{"@context":"https:\/\/schema.org","@graph":[{"@type":"WebPage","@id":"https:\/\/alfequipment.com\/product\/frd1000l-horizontal-deepened-continuous-band-sealer-with-solid-ink-code-printer-plastic-bag-sealing-machine\/","url":"https:\/\/alfequipment.com\/product\/frd1000l-horizontal-deepened-continuous-band-sealer-with-solid-ink-code-printer-plastic-bag-sealing-machine\/","name":"FRD1000L M\u00e1quina seladora de banda cont\u00ednua aprofundada horizontal com impressora de c\u00f3digo de tinta s\u00f3lida para sacos de pl\u00e1stico - ALF PACK","isPartOf":{"@id":"https:\/\/alfequipment.com\/#website"},"primaryImageOfPage":{"@id":"https:\/\/alfequipment.com\/product\/frd1000l-horizontal-deepened-continuous-band-sealer-with-solid-ink-code-printer-plastic-bag-sealing-machine\/#primaryimage"},"image":{"@id":"https:\/\/alfequipment.com\/product\/frd1000l-horizontal-deepened-continuous-band-sealer-with-solid-ink-code-printer-plastic-bag-sealing-machine\/#primaryimage"},"thumbnailUrl":"https:\/\/alfequipment.com\/wp-content\/uploads\/2025\/01\/H669a0cf4fe8e4b69bca48763d1266965N.jpg","datePublished":"2025-01-02T19:59:46+00:00","dateModified":"2025-01-13T15:00:36+00:00","breadcrumb":{"@id":"https:\/\/alfequipment.com\/product\/frd1000l-horizontal-deepened-continuous-band-sealer-with-solid-ink-code-printer-plastic-bag-sealing-machine\/#breadcrumb"},"inLanguage":"pt-PT","potentialAction":[{"@type":"ReadAction","target":["https:\/\/alfequipment.com\/product\/frd1000l-horizontal-deepened-continuous-band-sealer-with-solid-ink-code-printer-plastic-bag-sealing-machine\/"]}]},{"@type":"ImageObject","inLanguage":"pt-PT","@id":"https:\/\/alfequipment.com\/product\/frd1000l-horizontal-deepened-continuous-band-sealer-with-solid-ink-code-printer-plastic-bag-sealing-machine\/#primaryimage","url":"https:\/\/alfequipment.com\/wp-content\/uploads\/2025\/01\/H669a0cf4fe8e4b69bca48763d1266965N.jpg","contentUrl":"https:\/\/alfequipment.com\/wp-content\/uploads\/2025\/01\/H669a0cf4fe8e4b69bca48763d1266965N.jpg","width":800,"height":800},{"@type":"BreadcrumbList","@id":"https:\/\/alfequipment.com\/product\/frd1000l-horizontal-deepened-continuous-band-sealer-with-solid-ink-code-printer-plastic-bag-sealing-machine\/#breadcrumb","itemListElement":[{"@type":"ListItem","position":1,"name":"Home","item":"https:\/\/alfequipment.com\/"},{"@type":"ListItem","position":2,"name":"Shop","item":"https:\/\/alfequipment.com\/shop\/"},{"@type":"ListItem","position":3,"name":"FRD1000L Horizontal Deepened continuous band sealer with solid ink code printer plastic bag sealing machine"}]},{"@type":"WebSite","@id":"https:\/\/alfequipment.com\/#website","url":"https:\/\/alfequipment.com\/","name":"PACK ALF","description":"","publisher":{"@id":"https:\/\/alfequipment.com\/#organization"},"potentialAction":[{"@type":"SearchAction","target":{"@type":"EntryPoint","urlTemplate":"https:\/\/alfequipment.com\/?s={search_term_string}"},"query-input":{"@type":"PropertyValueSpecification","valueRequired":true,"valueName":"search_term_string"}}],"inLanguage":"pt-PT"},{"@type":"Organization","@id":"https:\/\/alfequipment.com\/#organization","name":"PACK ALF","url":"https:\/\/alfequipment.com\/","logo":{"@type":"ImageObject","inLanguage":"pt-PT","@id":"https:\/\/alfequipment.com\/#\/schema\/logo\/image\/","url":"https:\/\/alfequipment.com\/wp-content\/uploads\/2024\/11\/ALFlogo-2.webp","contentUrl":"https:\/\/alfequipment.com\/wp-content\/uploads\/2024\/11\/ALFlogo-2.webp","width":758,"height":750,"caption":"ALF PACK"},"image":{"@id":"https:\/\/alfequipment.com\/#\/schema\/logo\/image\/"}}]}},"_links":{"self":[{"href":"https:\/\/alfequipment.com\/pt\/wp-json\/wp\/v2\/product\/3179","targetHints":{"allow":["GET"]}}],"collection":[{"href":"https:\/\/alfequipment.com\/pt\/wp-json\/wp\/v2\/product"}],"about":[{"href":"https:\/\/alfequipment.com\/pt\/wp-json\/wp\/v2\/types\/product"}],"replies":[{"embeddable":true,"href":"https:\/\/alfequipment.com\/pt\/wp-json\/wp\/v2\/comments?post=3179"}],"version-history":[{"count":0,"href":"https:\/\/alfequipment.com\/pt\/wp-json\/wp\/v2\/product\/3179\/revisions"}],"wp:featuredmedia":[{"embeddable":true,"href":"https:\/\/alfequipment.com\/pt\/wp-json\/wp\/v2\/media\/3180"}],"wp:attachment":[{"href":"https:\/\/alfequipment.com\/pt\/wp-json\/wp\/v2\/media?parent=3179"}],"wp:term":[{"taxonomy":"product_brand","embeddable":true,"href":"https:\/\/alfequipment.com\/pt\/wp-json\/wp\/v2\/product_brand?post=3179"},{"taxonomy":"product_cat","embeddable":true,"href":"https:\/\/alfequipment.com\/pt\/wp-json\/wp\/v2\/product_cat?post=3179"},{"taxonomy":"product_tag","embeddable":true,"href":"https:\/\/alfequipment.com\/pt\/wp-json\/wp\/v2\/product_tag?post=3179"}],"curies":[{"name":"wp","href":"https:\/\/api.w.org\/{rel}","templated":true}]}}