{"id":3197,"date":"2025-01-12T12:00:02","date_gmt":"2025-01-12T12:00:02","guid":{"rendered":"https:\/\/alfequipment.com\/product\/qzd95-automatic-plastic-milk-tea-cup-sealing-machine-for-cup-diameter-95mm\/"},"modified":"2025-01-13T13:14:19","modified_gmt":"2025-01-13T13:14:19","slug":"qzd95-maquina-automatica-para-selar-chavenas-de-cha-de-plastico-com-leite-para-cha-com-um-diametro-de-chavena-de-95mm","status":"publish","type":"product","link":"https:\/\/alfequipment.com\/pt\/product\/qzd95-maquina-automatica-para-selar-chavenas-de-cha-de-plastico-com-leite-para-cha-com-um-diametro-de-chavena-de-95mm\/","title":{"rendered":"QZD95 M\u00e1quina autom\u00e1tica de selagem de ch\u00e1vena de ch\u00e1 de leite de pl\u00e1stico para ch\u00e1vena de di\u00e2metro 95mm"},"content":{"rendered":"<p><span style=\"font-size: 12pt;\">A selagem \u00e9 conclu\u00edda automaticamente ap\u00f3s a coloca\u00e7\u00e3o da caixa ou do copo. O corpo \u00e9 feito de a\u00e7o inoxid\u00e1vel, em conformidade com os requisitos sanit\u00e1rios.<\/span><\/p>\n<p>&nbsp;<\/p>\n<p><span style=\"font-size: 12pt;\">Coloque o copo no tabuleiro e empurre-o para dentro, depois corte e sele o copo premindo a pega. A m\u00e1quina manual precisa de rodar a pel\u00edcula \u00e0 m\u00e3o ap\u00f3s a selagem. A m\u00e1quina semi-autom\u00e1tica tem a fun\u00e7\u00e3o de alimenta\u00e7\u00e3o autom\u00e1tica da pel\u00edcula.<\/span><\/p>\n<p><span style=\"font-size: 12pt;\">&nbsp;<\/span><\/p>\n<p><span style=\"font-size: 12pt;\">Especifica\u00e7\u00e3o<\/span><span style=\"font-size: 12pt;\">:<\/span><span style=\"line-height: 24px; font-size: 12pt; font-family: Verdana, Arial, Helvetica, sans-serif;\">&nbsp;<\/span><\/p>\n<table class=\"aliDataTable\" style=\"width: 80%;\" border=\"1\">\n<tbody>\n<tr>\n<td>Modelo<\/td>\n<td>QZD95<\/td>\n<\/tr>\n<tr>\n<td>Modo de funcionamento<\/td>\n<td>Autom\u00e1tico<\/td>\n<\/tr>\n<tr>\n<td>Tens\u00e3o<\/td>\n<td>110V 60HZ\/220V 50HZ<\/td>\n<\/tr>\n<tr>\n<td>Pot\u00eancia<\/td>\n<td>530W<\/td>\n<\/tr>\n<tr>\n<td>Capacidade<\/td>\n<td>720 ch\u00e1venas\/hora<\/td>\n<\/tr>\n<tr>\n<td>Di\u00e2metro do copo dispon\u00edvel<\/td>\n<td>95 mm<\/td>\n<\/tr>\n<tr>\n<td>Peso<\/td>\n<td>40KGS<\/td>\n<\/tr>\n<tr>\n<td>Dimens\u00e3o<\/td>\n<td>490*270*720mm<\/td>\n<\/tr>\n<\/tbody>\n<\/table>\n<p>&nbsp;<\/p>\n<p><img decoding=\"async\" src=\"https:\/\/sc01.alicdn.com\/kf\/HTB1ky_bFVXXXXafXpXXq6xXFXXXP\/64496\/HTB1ky_bFVXXXXafXpXXq6xXFXXXP.jpg\" data-alt=\"QZD95 Automatic plastic milk tea cup sealing machine for cup diameter 95mm\" style=\"width: 301px; height: 261px;\" ori-width=\"480\" ori-height=\"348\" class=\"aligncenter\"><img decoding=\"async\" src=\"https:\/\/sc01.alicdn.com\/kf\/HTB1UNu8FVXXXXbUXFXXq6xXFXXXr\/64496\/HTB1UNu8FVXXXXbUXFXXq6xXFXXXr.jpg\" data-alt=\"QZD95 Automatic plastic milk tea cup sealing machine for cup diameter 95mm\" style=\"width: 262px; height: 262px;\" ori-width=\"600\" ori-height=\"600\" class=\"aligncenter\"><\/p>\n<p data-section-blank=\"AliPostDhMb-tp2mv\">&nbsp;<\/p><\/p>","protected":false},"excerpt":{"rendered":"<p>Qzd95 M\u00e1quina Autom\u00e1tica de Selagem de Copos de Ch\u00e1 com Leite para Copos com Di\u00e2metro de 95mm<\/p>","protected":false},"featured_media":3198,"comment_status":"closed","ping_status":"open","template":"","meta":[],"product_brand":[],"product_cat":[97],"product_tag":[],"class_list":{"0":"post-3197","1":"product","2":"type-product","3":"status-publish","4":"has-post-thumbnail","6":"product_cat-sealing-machines","8":"first","9":"instock","10":"sale","11":"purchasable","12":"product-type-simple"},"yoast_head":"<!-- This site is optimized with the Yoast SEO Premium plugin v20.9 (Yoast SEO v26.5) - https:\/\/yoast.com\/wordpress\/plugins\/seo\/ -->\n<title>QZD95 Automatic plastic milk tea cup sealing machine for cup diameter 95mm - ALF PACK<\/title>\n<meta name=\"robots\" content=\"index, follow, max-snippet:-1, max-image-preview:large, max-video-preview:-1\" \/>\n<link rel=\"canonical\" href=\"https:\/\/alfequipment.com\/pt\/product\/qzd95-maquina-automatica-para-selar-chavenas-de-cha-de-plastico-com-leite-para-cha-com-um-diametro-de-chavena-de-95mm\/\" \/>\n<meta property=\"og:locale\" content=\"pt_PT\" \/>\n<meta property=\"og:type\" content=\"article\" \/>\n<meta property=\"og:title\" content=\"QZD95 Automatic plastic milk tea cup sealing machine for cup diameter 95mm\" \/>\n<meta property=\"og:description\" content=\"Qzd95 Automatic Plastic Milk Tea Cup Sealing Machine For Cup Diameter 95mm\" \/>\n<meta property=\"og:url\" content=\"https:\/\/alfequipment.com\/pt\/product\/qzd95-maquina-automatica-para-selar-chavenas-de-cha-de-plastico-com-leite-para-cha-com-um-diametro-de-chavena-de-95mm\/\" \/>\n<meta property=\"og:site_name\" content=\"ALF PACK\" \/>\n<meta property=\"article:modified_time\" content=\"2025-01-13T13:14:19+00:00\" \/>\n<meta property=\"og:image\" content=\"https:\/\/alfequipment.com\/wp-content\/uploads\/2025\/01\/H9b7192f43e634068a31e01c525872354m.jpg\" \/>\n\t<meta property=\"og:image:width\" content=\"800\" \/>\n\t<meta property=\"og:image:height\" content=\"800\" \/>\n\t<meta property=\"og:image:type\" content=\"image\/webp\" \/>\n<meta name=\"twitter:card\" content=\"summary_large_image\" \/>\n<script type=\"application\/ld+json\" class=\"yoast-schema-graph\">{\"@context\":\"https:\/\/schema.org\",\"@graph\":[{\"@type\":\"WebPage\",\"@id\":\"https:\/\/alfequipment.com\/product\/qzd95-automatic-plastic-milk-tea-cup-sealing-machine-for-cup-diameter-95mm\/\",\"url\":\"https:\/\/alfequipment.com\/product\/qzd95-automatic-plastic-milk-tea-cup-sealing-machine-for-cup-diameter-95mm\/\",\"name\":\"QZD95 Automatic plastic milk tea cup sealing machine for cup diameter 95mm - ALF PACK\",\"isPartOf\":{\"@id\":\"https:\/\/alfequipment.com\/#website\"},\"primaryImageOfPage\":{\"@id\":\"https:\/\/alfequipment.com\/product\/qzd95-automatic-plastic-milk-tea-cup-sealing-machine-for-cup-diameter-95mm\/#primaryimage\"},\"image\":{\"@id\":\"https:\/\/alfequipment.com\/product\/qzd95-automatic-plastic-milk-tea-cup-sealing-machine-for-cup-diameter-95mm\/#primaryimage\"},\"thumbnailUrl\":\"https:\/\/alfequipment.com\/wp-content\/uploads\/2025\/01\/H9b7192f43e634068a31e01c525872354m.jpg\",\"datePublished\":\"2025-01-12T12:00:02+00:00\",\"dateModified\":\"2025-01-13T13:14:19+00:00\",\"breadcrumb\":{\"@id\":\"https:\/\/alfequipment.com\/product\/qzd95-automatic-plastic-milk-tea-cup-sealing-machine-for-cup-diameter-95mm\/#breadcrumb\"},\"inLanguage\":\"pt-PT\",\"potentialAction\":[{\"@type\":\"ReadAction\",\"target\":[\"https:\/\/alfequipment.com\/product\/qzd95-automatic-plastic-milk-tea-cup-sealing-machine-for-cup-diameter-95mm\/\"]}]},{\"@type\":\"ImageObject\",\"inLanguage\":\"pt-PT\",\"@id\":\"https:\/\/alfequipment.com\/product\/qzd95-automatic-plastic-milk-tea-cup-sealing-machine-for-cup-diameter-95mm\/#primaryimage\",\"url\":\"https:\/\/alfequipment.com\/wp-content\/uploads\/2025\/01\/H9b7192f43e634068a31e01c525872354m.jpg\",\"contentUrl\":\"https:\/\/alfequipment.com\/wp-content\/uploads\/2025\/01\/H9b7192f43e634068a31e01c525872354m.jpg\",\"width\":800,\"height\":800},{\"@type\":\"BreadcrumbList\",\"@id\":\"https:\/\/alfequipment.com\/product\/qzd95-automatic-plastic-milk-tea-cup-sealing-machine-for-cup-diameter-95mm\/#breadcrumb\",\"itemListElement\":[{\"@type\":\"ListItem\",\"position\":1,\"name\":\"Home\",\"item\":\"https:\/\/alfequipment.com\/\"},{\"@type\":\"ListItem\",\"position\":2,\"name\":\"Shop\",\"item\":\"https:\/\/alfequipment.com\/shop\/\"},{\"@type\":\"ListItem\",\"position\":3,\"name\":\"QZD95 Automatic plastic milk tea cup sealing machine for cup diameter 95mm\"}]},{\"@type\":\"WebSite\",\"@id\":\"https:\/\/alfequipment.com\/#website\",\"url\":\"https:\/\/alfequipment.com\/\",\"name\":\"ALF PACK\",\"description\":\"\",\"publisher\":{\"@id\":\"https:\/\/alfequipment.com\/#organization\"},\"potentialAction\":[{\"@type\":\"SearchAction\",\"target\":{\"@type\":\"EntryPoint\",\"urlTemplate\":\"https:\/\/alfequipment.com\/?s={search_term_string}\"},\"query-input\":{\"@type\":\"PropertyValueSpecification\",\"valueRequired\":true,\"valueName\":\"search_term_string\"}}],\"inLanguage\":\"pt-PT\"},{\"@type\":\"Organization\",\"@id\":\"https:\/\/alfequipment.com\/#organization\",\"name\":\"ALF PACK\",\"url\":\"https:\/\/alfequipment.com\/\",\"logo\":{\"@type\":\"ImageObject\",\"inLanguage\":\"pt-PT\",\"@id\":\"https:\/\/alfequipment.com\/#\/schema\/logo\/image\/\",\"url\":\"https:\/\/alfequipment.com\/wp-content\/uploads\/2024\/11\/ALFlogo-2.webp\",\"contentUrl\":\"https:\/\/alfequipment.com\/wp-content\/uploads\/2024\/11\/ALFlogo-2.webp\",\"width\":758,\"height\":750,\"caption\":\"ALF PACK\"},\"image\":{\"@id\":\"https:\/\/alfequipment.com\/#\/schema\/logo\/image\/\"}}]}<\/script>\n<!-- \/ Yoast SEO Premium plugin. -->","yoast_head_json":{"title":"QZD95 M\u00e1quina autom\u00e1tica para selar ch\u00e1venas de ch\u00e1 de pl\u00e1stico com leite para ch\u00e1 com um di\u00e2metro de ch\u00e1vena de 95 mm - ALF PACK","robots":{"index":"index","follow":"follow","max-snippet":"max-snippet:-1","max-image-preview":"max-image-preview:large","max-video-preview":"max-video-preview:-1"},"canonical":"https:\/\/alfequipment.com\/pt\/product\/qzd95-maquina-automatica-para-selar-chavenas-de-cha-de-plastico-com-leite-para-cha-com-um-diametro-de-chavena-de-95mm\/","og_locale":"pt_PT","og_type":"article","og_title":"QZD95 Automatic plastic milk tea cup sealing machine for cup diameter 95mm","og_description":"Qzd95 Automatic Plastic Milk Tea Cup Sealing Machine For Cup Diameter 95mm","og_url":"https:\/\/alfequipment.com\/pt\/product\/qzd95-maquina-automatica-para-selar-chavenas-de-cha-de-plastico-com-leite-para-cha-com-um-diametro-de-chavena-de-95mm\/","og_site_name":"ALF PACK","article_modified_time":"2025-01-13T13:14:19+00:00","og_image":[{"width":800,"height":800,"url":"https:\/\/alfequipment.com\/wp-content\/uploads\/2025\/01\/H9b7192f43e634068a31e01c525872354m.jpg","type":"image\/webp"}],"twitter_card":"summary_large_image","schema":{"@context":"https:\/\/schema.org","@graph":[{"@type":"WebPage","@id":"https:\/\/alfequipment.com\/product\/qzd95-automatic-plastic-milk-tea-cup-sealing-machine-for-cup-diameter-95mm\/","url":"https:\/\/alfequipment.com\/product\/qzd95-automatic-plastic-milk-tea-cup-sealing-machine-for-cup-diameter-95mm\/","name":"QZD95 M\u00e1quina autom\u00e1tica para selar ch\u00e1venas de ch\u00e1 de pl\u00e1stico com leite para ch\u00e1 com um di\u00e2metro de ch\u00e1vena de 95 mm - ALF PACK","isPartOf":{"@id":"https:\/\/alfequipment.com\/#website"},"primaryImageOfPage":{"@id":"https:\/\/alfequipment.com\/product\/qzd95-automatic-plastic-milk-tea-cup-sealing-machine-for-cup-diameter-95mm\/#primaryimage"},"image":{"@id":"https:\/\/alfequipment.com\/product\/qzd95-automatic-plastic-milk-tea-cup-sealing-machine-for-cup-diameter-95mm\/#primaryimage"},"thumbnailUrl":"https:\/\/alfequipment.com\/wp-content\/uploads\/2025\/01\/H9b7192f43e634068a31e01c525872354m.jpg","datePublished":"2025-01-12T12:00:02+00:00","dateModified":"2025-01-13T13:14:19+00:00","breadcrumb":{"@id":"https:\/\/alfequipment.com\/product\/qzd95-automatic-plastic-milk-tea-cup-sealing-machine-for-cup-diameter-95mm\/#breadcrumb"},"inLanguage":"pt-PT","potentialAction":[{"@type":"ReadAction","target":["https:\/\/alfequipment.com\/product\/qzd95-automatic-plastic-milk-tea-cup-sealing-machine-for-cup-diameter-95mm\/"]}]},{"@type":"ImageObject","inLanguage":"pt-PT","@id":"https:\/\/alfequipment.com\/product\/qzd95-automatic-plastic-milk-tea-cup-sealing-machine-for-cup-diameter-95mm\/#primaryimage","url":"https:\/\/alfequipment.com\/wp-content\/uploads\/2025\/01\/H9b7192f43e634068a31e01c525872354m.jpg","contentUrl":"https:\/\/alfequipment.com\/wp-content\/uploads\/2025\/01\/H9b7192f43e634068a31e01c525872354m.jpg","width":800,"height":800},{"@type":"BreadcrumbList","@id":"https:\/\/alfequipment.com\/product\/qzd95-automatic-plastic-milk-tea-cup-sealing-machine-for-cup-diameter-95mm\/#breadcrumb","itemListElement":[{"@type":"ListItem","position":1,"name":"Home","item":"https:\/\/alfequipment.com\/"},{"@type":"ListItem","position":2,"name":"Shop","item":"https:\/\/alfequipment.com\/shop\/"},{"@type":"ListItem","position":3,"name":"QZD95 Automatic plastic milk tea cup sealing machine for cup diameter 95mm"}]},{"@type":"WebSite","@id":"https:\/\/alfequipment.com\/#website","url":"https:\/\/alfequipment.com\/","name":"PACK ALF","description":"","publisher":{"@id":"https:\/\/alfequipment.com\/#organization"},"potentialAction":[{"@type":"SearchAction","target":{"@type":"EntryPoint","urlTemplate":"https:\/\/alfequipment.com\/?s={search_term_string}"},"query-input":{"@type":"PropertyValueSpecification","valueRequired":true,"valueName":"search_term_string"}}],"inLanguage":"pt-PT"},{"@type":"Organization","@id":"https:\/\/alfequipment.com\/#organization","name":"PACK ALF","url":"https:\/\/alfequipment.com\/","logo":{"@type":"ImageObject","inLanguage":"pt-PT","@id":"https:\/\/alfequipment.com\/#\/schema\/logo\/image\/","url":"https:\/\/alfequipment.com\/wp-content\/uploads\/2024\/11\/ALFlogo-2.webp","contentUrl":"https:\/\/alfequipment.com\/wp-content\/uploads\/2024\/11\/ALFlogo-2.webp","width":758,"height":750,"caption":"ALF PACK"},"image":{"@id":"https:\/\/alfequipment.com\/#\/schema\/logo\/image\/"}}]}},"_links":{"self":[{"href":"https:\/\/alfequipment.com\/pt\/wp-json\/wp\/v2\/product\/3197","targetHints":{"allow":["GET"]}}],"collection":[{"href":"https:\/\/alfequipment.com\/pt\/wp-json\/wp\/v2\/product"}],"about":[{"href":"https:\/\/alfequipment.com\/pt\/wp-json\/wp\/v2\/types\/product"}],"replies":[{"embeddable":true,"href":"https:\/\/alfequipment.com\/pt\/wp-json\/wp\/v2\/comments?post=3197"}],"version-history":[{"count":0,"href":"https:\/\/alfequipment.com\/pt\/wp-json\/wp\/v2\/product\/3197\/revisions"}],"wp:featuredmedia":[{"embeddable":true,"href":"https:\/\/alfequipment.com\/pt\/wp-json\/wp\/v2\/media\/3198"}],"wp:attachment":[{"href":"https:\/\/alfequipment.com\/pt\/wp-json\/wp\/v2\/media?parent=3197"}],"wp:term":[{"taxonomy":"product_brand","embeddable":true,"href":"https:\/\/alfequipment.com\/pt\/wp-json\/wp\/v2\/product_brand?post=3197"},{"taxonomy":"product_cat","embeddable":true,"href":"https:\/\/alfequipment.com\/pt\/wp-json\/wp\/v2\/product_cat?post=3197"},{"taxonomy":"product_tag","embeddable":true,"href":"https:\/\/alfequipment.com\/pt\/wp-json\/wp\/v2\/product_tag?post=3197"}],"curies":[{"name":"wp","href":"https:\/\/api.w.org\/{rel}","templated":true}]}}