{"id":3203,"date":"2024-12-24T15:25:41","date_gmt":"2024-12-24T15:25:41","guid":{"rendered":"https:\/\/alfequipment.com\/product\/ddz260-table-type-vacuum-packaging-machine-stainless-steel-body\/"},"modified":"2025-12-22T08:41:34","modified_gmt":"2025-12-22T08:41:34","slug":"ddz260-maquina-de-embalagem-a-vacuo-tipo-mesa-corpo-em-aco-inoxidavel","status":"publish","type":"product","link":"https:\/\/alfequipment.com\/pt\/product\/ddz260-maquina-de-embalagem-a-vacuo-tipo-mesa-corpo-em-aco-inoxidavel\/","title":{"rendered":"DDZ260 M\u00e1quina de embalagem a v\u00e1cuo de tipo mesa (corpo em a\u00e7o inoxid\u00e1vel)"},"content":{"rendered":"<div data-maya=\"{&quot;theme&quot;:{&quot;face&quot;:&quot;yin&quot;,&quot;fontFace&quot;:&quot;Roboto&quot;,&quot;fontSize&quot;:22,&quot;colors&quot;:1},&quot;items&quot;:[{&quot;title&quot;:&quot;bot8l&quot;,&quot;formats&quot;:[[{&quot;rplhs&quot;:&quot;P&quot;}],[{&quot;3gs6s&quot;:{&quot;name&quot;:&quot;Tc&quot;,&quot;theme&quot;:&quot;col-header&quot;,&quot;tableCfgs&quot;:{&quot;sizes&quot;:{&quot;colWidths&quot;:[251,358],&quot;rowHeights&quot;:[22,22,22,22,22,22,22,22,22]}}}}]]},{&quot;title&quot;:&quot;fdbc0&quot;,&quot;formats&quot;:[[{&quot;frv26&quot;:&quot;Ia&quot;}],[{&quot;cggre&quot;:&quot;Ih&quot;},{&quot;zu2ei&quot;:&quot;Ih&quot;}],[{&quot;rng18&quot;:&quot;Ia&quot;}],[{&quot;vwe3i&quot;:&quot;Ia&quot;}],[{&quot;ux5ks&quot;:&quot;Ia&quot;}],[{&quot;wcdnp&quot;:&quot;Ia&quot;}]]},{&quot;title&quot;:&quot;gb6nm&quot;,&quot;formats&quot;:[[{&quot;8gio0&quot;:&quot;P&quot;}],[{&quot;mikuv&quot;:&quot;Ih&quot;},{&quot;i1q9r&quot;:{&quot;name&quot;:&quot;Te&quot;,&quot;theme&quot;:&quot;double-header&quot;,&quot;tableCfgs&quot;:{&quot;sizes&quot;:{&quot;colWidths&quot;:[70,254],&quot;rowHeights&quot;:[42,42,197]}}}}]]},{&quot;title&quot;:&quot;erchl&quot;,&quot;formats&quot;:[[{&quot;syqrd&quot;:&quot;Ia&quot;}]]},{&quot;title&quot;:&quot;b5jb9&quot;,&quot;formats&quot;:[[{&quot;6hif7&quot;:&quot;Ia&quot;}],[{&quot;6rva1&quot;:&quot;P&quot;}],[{&quot;ubtx0&quot;:&quot;Ia&quot;}],[{&quot;k3co9&quot;:&quot;Ih&quot;},{&quot;v6hlx&quot;:&quot;Ih&quot;}],[{&quot;sdfey&quot;:&quot;Ih&quot;},{&quot;pb65g&quot;:&quot;Ih&quot;}]]}]}\">\n<div>\n<div style=\"vertical-align: top; padding-top: 15px; padding-bottom: 15px;\">\n<div style=\"vertical-align: top; padding-top: 10px; padding-bottom: 10px; margin-right: -4px; margin-left: -4px;\">\n<div id=\"rplhs\" style=\"vertical-align: top; box-sizing: border-box; padding-right: 4px; padding-left: 4px;\">\n<p style=\"margin: 0; padding: 0;\">1.DDZ260 \u00e9 caracterizado pelo processamento de aspira\u00e7\u00e3o, selagem, arrefecimento, que \u00e9 usado em embalagens a v\u00e1cuo para as ind\u00fastrias alimentar, farmac\u00eautica, aqu\u00e1tica, qu\u00edmica e eletr\u00f3nica.<\/p>\n<p style=\"margin: 0; padding: 0;\">\n2. pode evitar a oxida\u00e7\u00e3o e o bolor dos produtos, bem como a corros\u00e3o e a humidade, mantendo a qualidade e a frescura do produto durante um per\u00edodo de armazenamento prolongado.<\/p>\n<p style=\"margin: 0; padding: 0;\">\n<p style=\"margin: 0; padding: 0;\"><b><span style=\"font-size: large;\">Novas funcionalidades:<\/span><\/b><\/p>\n<p style=\"margin: 0; padding: 0;\">\n<p style=\"margin: 0; padding: 0;\">A superf\u00edcie da caixa de a\u00e7o inoxid\u00e1vel \u00e9 processada por artesanato especial; tem algumas vantagens, tais como bem distribu\u00eddo, luxo, Intoler\u00e2ncia suja, resistente a riscos. Melhor apar\u00eancia, melhor qualidade.<\/p>\n<p>Ajuste de ampla gama de temperatura de selagem e tempo de selagem. \u00c9 adequado para v\u00e1rios tipos de materiais pl\u00e1sticos.<\/p>\n<p>\u00c9 conveniente mudar a placa do fio de aquecimento na barra de veda\u00e7\u00e3o<\/p>\n<p>A c\u00e2mara de v\u00e1cuo \u00e9 plana, \u00e9 conveniente para limpar.<\/p>\n<p>A placa de instala\u00e7\u00e3o el\u00e9ctrica do tipo gaveta, f\u00e1cil de reparar, manuten\u00e7\u00e3o.<\/p>\n<p>Aumentar a prote\u00e7\u00e3o contra sobrecarga da bomba de v\u00e1cuo, ter um bot\u00e3o para reiniciar em caso de sobrecarga.<\/p>\n<p>A c\u00e2mara de v\u00e1cuo est\u00e1 equipada com uma placa de fundo inclinado, que pode ser ajustada de acordo com o tamanho do saco de v\u00e1cuo, f\u00e1cil para a selagem e embalagem dos produtos a granel.<\/p>\n<p>O painel de controlo est\u00e1 equipado com um bot\u00e3o de paragem urgente. Pressionando o bot\u00e3o de paragem urgente quando \u00e9 anormal durante o processo de embalagem, ele p\u00e1ra de funcionar imediatamente, seguran\u00e7a em uso.<\/p>\n<p>Usando bomba de v\u00e1cuo de alta qualidade, o efeito de v\u00e1cuo \u00e9 perfeito, adotando componentes el\u00e9tricos de marcas famosas. Tem desempenho est\u00e1vel e longa vida \u00fatil.<\/p>\n<p>Pode instalar dispositivo de descarga de g\u00e1s, tamb\u00e9m pode ser feito sob medida de acordo com o pedido do cliente.<\/p>\n<\/div>\n<\/div>\n<div style=\"vertical-align: top; padding-top: 10px; padding-bottom: 10px; margin-right: -4px; margin-left: -4px;\">\n<div id=\"3gs6s\" style=\"vertical-align: top; box-sizing: border-box; padding-right: 4px; padding-left: 4px;\">\n<table class=\"aliDataTable\" style=\"width: auto; border-collapse: collapse; word-wrap: break-word;\">\n<tbody>\n<tr>\n<td style=\"background-color: #dae2ed;\">\n<div style=\"width: 251px; height: 22px; padding: 5px 10px; overflow: hidden;\">Modelo<\/div>\n<\/td>\n<td>\n<div style=\"width: 358px; height: 22px; padding: 5px 10px; overflow: hidden;\">DDZ260<\/div>\n<\/td>\n<\/tr>\n<tr>\n<td style=\"background-color: #dae2ed;\">\n<div style=\"width: 251px; height: 22px; padding: 5px 10px; overflow: hidden;\">Fonte de alimenta\u00e7\u00e3o<\/div>\n<\/td>\n<td>\n<div style=\"width: 358px; height: 22px; padding: 5px 10px; overflow: hidden;\">220V\/50Hz<\/div>\n<\/td>\n<\/tr>\n<tr>\n<td style=\"background-color: #dae2ed;\">\n<div style=\"width: 251px; height: 22px; padding: 5px 10px; overflow: hidden;\">Pot\u00eancia<\/div>\n<\/td>\n<td>\n<div style=\"width: 358px; height: 22px; padding: 5px 10px; overflow: hidden;\">750W<\/div>\n<\/td>\n<\/tr>\n<tr>\n<td style=\"background-color: #dae2ed;\">\n<div style=\"width: 251px; height: 22px; padding: 5px 10px; overflow: hidden;\">Tamanho da sala de trabalho (mm)<\/div>\n<\/td>\n<td>\n<div style=\"width: 358px; height: 22px; padding: 5px 10px; overflow: hidden;\">L390\u00d7W285\u00d7H50mm<\/div>\n<\/td>\n<\/tr>\n<tr>\n<td style=\"background-color: #dae2ed;\">\n<div style=\"width: 251px; height: 22px; padding: 5px 10px; overflow: hidden;\">Tamanho m\u00e1x. da embalagem<\/div>\n<\/td>\n<td>\n<div style=\"width: 358px; height: auto; padding: 5px 10px; overflow: hidden;\">390*260*90mm<\/div>\n<\/td>\n<\/tr>\n<tr>\n<td style=\"background-color: #dae2ed;\">\n<div style=\"width: 251px; height: 22px; padding: 5px 10px; overflow: hidden;\">Comprimento de veda\u00e7\u00e3o<\/div>\n<\/td>\n<td>\n<div style=\"width: 358px; height: 22px; padding: 5px 10px; overflow: hidden;\">260\u00d780mm<\/div>\n<\/td>\n<\/tr>\n<tr>\n<td style=\"background-color: #dae2ed;\">\n<div style=\"width: 251px; height: 22px; padding: 5px 10px; overflow: hidden;\">Velocidade de selagem<\/div>\n<\/td>\n<td>\n<div style=\"width: 358px; height: 22px; padding: 5px 10px; overflow: hidden;\">1-4(pcs\/min)<\/div>\n<\/td>\n<\/tr>\n<tr>\n<td style=\"background-color: #dae2ed;\">\n<div style=\"width: 251px; height: 22px; padding: 5px 10px; overflow: hidden;\">Peso<\/div>\n<\/td>\n<td>\n<div style=\"width: 358px; height: 22px; padding: 5px 10px; overflow: hidden;\">40 kg<\/div>\n<\/td>\n<\/tr>\n<tr>\n<td style=\"background-color: #dae2ed;\">\n<div style=\"width: 251px; height: 22px; padding: 5px 10px; overflow: hidden;\">Tamanho externo<\/div>\n<\/td>\n<td>\n<div style=\"width: 358px; height: 22px; padding: 5px 10px; overflow: hidden;\">L352\u00d7W492\u00d7H415mm<\/div>\n<\/td>\n<\/tr>\n<\/tbody>\n<\/table>\n<\/div>\n<\/div>\n<\/div>\n<div style=\"vertical-align: top; padding-top: 15px; padding-bottom: 15px;\">\n<div id=\"fdbc0\" style=\"vertical-align: top; padding-top: 10px; padding-bottom: 10px;\">\n<div id=\"ali-anchor-AliMaya-vgv4l\" style=\"padding: 8px 0 4px 8px; border-bottom: 2px solid #C5CCDE; border-radius: 3px 3px 0 0; line-height: 1; color: #4d6599; background-color: #c5ccde; font-size: 22px;\" data-section=\"AliMaya-vgv4l\" data-section-title=\"Detailed Images\">Imagens pormenorizadas<\/div>\n<\/div>\n<div style=\"vertical-align: top; padding-top: 10px; padding-bottom: 10px; margin-right: -4px; margin-left: -4px;\">\n<div id=\"frv26\" style=\"vertical-align: top; box-sizing: border-box; padding-right: 4px; padding-left: 4px;\">\n<div style=\"overflow: hidden; width: 750px; height: 750px;\"><img decoding=\"async\" class=\"aligncenter\" style=\"width: 750px; height: 750px; margin-left: 0px; margin-top: 0px;\" src=\"https:\/\/sc02.alicdn.com\/kf\/HTB1jn9tzsuYBuNkSmRyq6AA3pXa8\/64496\/HTB1jn9tzsuYBuNkSmRyq6AA3pXa8.jpg\" \/><\/div>\n<\/div>\n<\/div>\n<div style=\"vertical-align: top; padding-top: 10px; padding-bottom: 10px; margin-right: -4px; margin-left: -4px;\">\n<div id=\"cggre\" style=\"vertical-align: top; width: 50%; display: inline-block; box-sizing: border-box; padding-right: 4px; padding-left: 4px;\">\n<div style=\"overflow: hidden; width: 371px; height: 320px;\"><img decoding=\"async\" class=\"aligncenter\" style=\"width: 371px; height: 371px; margin-left: 0px; margin-top: -51px;\" src=\"https:\/\/sc01.alicdn.com\/kf\/HTB11RQeacnrK1RjSspkq6yuvXXaB\/64496\/HTB11RQeacnrK1RjSspkq6yuvXXaB.jpg\" \/><\/div>\n<\/div>\n<div id=\"zu2ei\" style=\"vertical-align: top; width: 50%; display: inline-block; box-sizing: border-box; padding-right: 4px; padding-left: 4px;\">\n<div style=\"overflow: hidden; width: 371px; height: 320px;\"><img decoding=\"async\" class=\"aligncenter\" style=\"width: 371px; height: 371px; margin-left: 0px; margin-top: -51px;\" src=\"https:\/\/sc01.alicdn.com\/kf\/HTB1ywIXacfrK1Rjy0Fmq6xhEXXa7\/64496\/HTB1ywIXacfrK1Rjy0Fmq6xhEXXa7.jpg\" \/><\/div>\n<\/div>\n<\/div>\n<div style=\"vertical-align: top; padding-top: 10px; padding-bottom: 10px; margin-right: -4px; margin-left: -4px;\">\n<div id=\"rng18\" style=\"vertical-align: top; box-sizing: border-box; padding-right: 4px; padding-left: 4px;\">\n<div style=\"overflow: hidden; width: 750px; height: 417.3px;\"><img decoding=\"async\" class=\"aligncenter\" style=\"width: 750px; height: 417.3px; margin-left: 0px; margin-top: 0px;\" src=\"https:\/\/sc01.alicdn.com\/kf\/HTB1hX9taLjsK1Rjy1Xaq6zispXak\/64496\/HTB1hX9taLjsK1Rjy1Xaq6zispXak.jpg\" \/><\/div>\n<\/div>\n<\/div>\n<div style=\"vertical-align: top; padding-top: 10px; padding-bottom: 10px; margin-right: -4px; margin-left: -4px;\">\n<div id=\"vwe3i\" style=\"vertical-align: top; box-sizing: border-box; padding-right: 4px; padding-left: 4px;\">\n<div style=\"overflow: hidden; width: 750px; height: 421.813px;\"><img decoding=\"async\" class=\"aligncenter\" style=\"width: 750px; height: 421.813px; margin-left: 0px; margin-top: 0px;\" src=\"https:\/\/sc01.alicdn.com\/kf\/HTB1qnSmaIrrK1Rjy1zeq6xalFXaM\/64496\/HTB1qnSmaIrrK1Rjy1zeq6xalFXaM.jpg\" \/><\/div>\n<\/div>\n<\/div>\n<div style=\"vertical-align: top; padding-top: 10px; padding-bottom: 10px; margin-right: -4px; margin-left: -4px;\">\n<div id=\"ux5ks\" style=\"vertical-align: top; box-sizing: border-box; padding-right: 4px; padding-left: 4px;\">\n<div style=\"overflow: hidden; width: 750px; height: 424.901px;\"><img decoding=\"async\" class=\"aligncenter\" style=\"width: 750px; height: 424.901px; margin-left: 0px; margin-top: 0px;\" src=\"https:\/\/sc01.alicdn.com\/kf\/HTB1KU1haOHrK1Rjy0Flq6AsaFXa3\/64496\/HTB1KU1haOHrK1Rjy0Flq6AsaFXa3.jpg\" \/><\/div>\n<\/div>\n<\/div>\n<div style=\"vertical-align: top; padding-top: 10px; padding-bottom: 10px; margin-right: -4px; margin-left: -4px;\">\n<div id=\"wcdnp\" style=\"vertical-align: top; box-sizing: border-box; padding-right: 4px; padding-left: 4px;\">\n<div style=\"overflow: hidden; width: 750px; height: 990.19px;\"><img decoding=\"async\" class=\"aligncenter\" style=\"width: 750px; height: 990.19px; margin-left: 0px; margin-top: 0px;\" src=\"https:\/\/sc02.alicdn.com\/kf\/HTB16hV9aUvrK1RjSspcq6zzSXXaM\/64496\/HTB16hV9aUvrK1RjSspcq6zzSXXaM.jpg\" \/><\/div>\n<\/div>\n<\/div>\n<\/div>\n<div style=\"vertical-align: top; padding-top: 15px; padding-bottom: 15px;\">\n<div style=\"vertical-align: top; padding-top: 10px; padding-bottom: 10px; margin-right: -4px; margin-left: -4px;\">\n<div id=\"pb65g\" style=\"vertical-align: top; width: 50%; display: inline-block; box-sizing: border-box; padding-right: 4px; padding-left: 4px;\"><\/div>\n<\/div>\n<\/div>\n<\/div>\n<\/div>","protected":false},"excerpt":{"rendered":"<p>Compact tabletop vacuum sealer with a full stainless steel body. Perfect for limited spaces in restaurants, laboratories, and small businesses. Low energy consumption (750W).<\/p>","protected":false},"featured_media":3204,"comment_status":"closed","ping_status":"closed","template":"","meta":[],"product_brand":[],"product_cat":[100],"product_tag":[],"class_list":{"0":"post-3203","1":"product","2":"type-product","3":"status-publish","4":"has-post-thumbnail","6":"product_cat-vacuum-packing-machines","8":"first","9":"instock","10":"sale","11":"purchasable","12":"product-type-simple"},"yoast_head":"<!-- This site is optimized with the Yoast SEO Premium plugin v20.9 (Yoast SEO v26.5) - https:\/\/yoast.com\/wordpress\/plugins\/seo\/ -->\n<title>DDZ260 Table type Vacuum Packaging Machine (Stainless steel body) - ALF PACK<\/title>\n<meta name=\"robots\" content=\"index, follow, max-snippet:-1, max-image-preview:large, max-video-preview:-1\" \/>\n<link rel=\"canonical\" href=\"https:\/\/alfequipment.com\/pt\/product\/ddz260-maquina-de-embalagem-a-vacuo-tipo-mesa-corpo-em-aco-inoxidavel\/\" \/>\n<meta property=\"og:locale\" content=\"pt_PT\" \/>\n<meta property=\"og:type\" content=\"article\" \/>\n<meta property=\"og:title\" content=\"DDZ260 Table type Vacuum Packaging Machine (Stainless steel body)\" \/>\n<meta property=\"og:description\" content=\"Compact tabletop vacuum sealer with a full stainless steel body. Perfect for limited spaces in restaurants, laboratories, and small businesses. Low energy consumption (750W).\" \/>\n<meta property=\"og:url\" content=\"https:\/\/alfequipment.com\/pt\/product\/ddz260-maquina-de-embalagem-a-vacuo-tipo-mesa-corpo-em-aco-inoxidavel\/\" \/>\n<meta property=\"og:site_name\" content=\"ALF PACK\" \/>\n<meta property=\"article:modified_time\" content=\"2025-12-22T08:41:34+00:00\" \/>\n<meta property=\"og:image\" content=\"https:\/\/alfequipment.com\/wp-content\/uploads\/2025\/01\/HTB1cU9JmbsrBKNjSZFpq6AXhFXaI.jpg\" \/>\n\t<meta property=\"og:image:width\" content=\"800\" \/>\n\t<meta property=\"og:image:height\" content=\"800\" \/>\n\t<meta property=\"og:image:type\" content=\"image\/webp\" \/>\n<meta name=\"twitter:card\" content=\"summary_large_image\" \/>\n<meta name=\"twitter:label1\" content=\"Tempo estimado de leitura\" \/>\n\t<meta name=\"twitter:data1\" content=\"3 minutos\" \/>\n<script type=\"application\/ld+json\" class=\"yoast-schema-graph\">{\"@context\":\"https:\/\/schema.org\",\"@graph\":[{\"@type\":\"WebPage\",\"@id\":\"https:\/\/alfequipment.com\/product\/ddz260-table-type-vacuum-packaging-machine-stainless-steel-body\/\",\"url\":\"https:\/\/alfequipment.com\/product\/ddz260-table-type-vacuum-packaging-machine-stainless-steel-body\/\",\"name\":\"DDZ260 Table type Vacuum Packaging Machine (Stainless steel body) - ALF PACK\",\"isPartOf\":{\"@id\":\"https:\/\/alfequipment.com\/#website\"},\"primaryImageOfPage\":{\"@id\":\"https:\/\/alfequipment.com\/product\/ddz260-table-type-vacuum-packaging-machine-stainless-steel-body\/#primaryimage\"},\"image\":{\"@id\":\"https:\/\/alfequipment.com\/product\/ddz260-table-type-vacuum-packaging-machine-stainless-steel-body\/#primaryimage\"},\"thumbnailUrl\":\"https:\/\/alfequipment.com\/wp-content\/uploads\/2025\/01\/HTB1cU9JmbsrBKNjSZFpq6AXhFXaI.jpg\",\"datePublished\":\"2024-12-24T15:25:41+00:00\",\"dateModified\":\"2025-12-22T08:41:34+00:00\",\"breadcrumb\":{\"@id\":\"https:\/\/alfequipment.com\/product\/ddz260-table-type-vacuum-packaging-machine-stainless-steel-body\/#breadcrumb\"},\"inLanguage\":\"pt-PT\",\"potentialAction\":[{\"@type\":\"ReadAction\",\"target\":[\"https:\/\/alfequipment.com\/product\/ddz260-table-type-vacuum-packaging-machine-stainless-steel-body\/\"]}]},{\"@type\":\"ImageObject\",\"inLanguage\":\"pt-PT\",\"@id\":\"https:\/\/alfequipment.com\/product\/ddz260-table-type-vacuum-packaging-machine-stainless-steel-body\/#primaryimage\",\"url\":\"https:\/\/alfequipment.com\/wp-content\/uploads\/2025\/01\/HTB1cU9JmbsrBKNjSZFpq6AXhFXaI.jpg\",\"contentUrl\":\"https:\/\/alfequipment.com\/wp-content\/uploads\/2025\/01\/HTB1cU9JmbsrBKNjSZFpq6AXhFXaI.jpg\",\"width\":800,\"height\":800},{\"@type\":\"BreadcrumbList\",\"@id\":\"https:\/\/alfequipment.com\/product\/ddz260-table-type-vacuum-packaging-machine-stainless-steel-body\/#breadcrumb\",\"itemListElement\":[{\"@type\":\"ListItem\",\"position\":1,\"name\":\"Home\",\"item\":\"https:\/\/alfequipment.com\/\"},{\"@type\":\"ListItem\",\"position\":2,\"name\":\"Shop\",\"item\":\"https:\/\/alfequipment.com\/shop\/\"},{\"@type\":\"ListItem\",\"position\":3,\"name\":\"DDZ260 Table type Vacuum Packaging Machine (Stainless steel body)\"}]},{\"@type\":\"WebSite\",\"@id\":\"https:\/\/alfequipment.com\/#website\",\"url\":\"https:\/\/alfequipment.com\/\",\"name\":\"ALF PACK\",\"description\":\"\",\"publisher\":{\"@id\":\"https:\/\/alfequipment.com\/#organization\"},\"potentialAction\":[{\"@type\":\"SearchAction\",\"target\":{\"@type\":\"EntryPoint\",\"urlTemplate\":\"https:\/\/alfequipment.com\/?s={search_term_string}\"},\"query-input\":{\"@type\":\"PropertyValueSpecification\",\"valueRequired\":true,\"valueName\":\"search_term_string\"}}],\"inLanguage\":\"pt-PT\"},{\"@type\":\"Organization\",\"@id\":\"https:\/\/alfequipment.com\/#organization\",\"name\":\"ALF PACK\",\"url\":\"https:\/\/alfequipment.com\/\",\"logo\":{\"@type\":\"ImageObject\",\"inLanguage\":\"pt-PT\",\"@id\":\"https:\/\/alfequipment.com\/#\/schema\/logo\/image\/\",\"url\":\"https:\/\/alfequipment.com\/wp-content\/uploads\/2024\/11\/ALFlogo-2.webp\",\"contentUrl\":\"https:\/\/alfequipment.com\/wp-content\/uploads\/2024\/11\/ALFlogo-2.webp\",\"width\":758,\"height\":750,\"caption\":\"ALF PACK\"},\"image\":{\"@id\":\"https:\/\/alfequipment.com\/#\/schema\/logo\/image\/\"}}]}<\/script>\n<!-- \/ Yoast SEO Premium plugin. -->","yoast_head_json":{"title":"DDZ260 M\u00e1quina de embalagem a v\u00e1cuo tipo mesa (corpo em a\u00e7o inoxid\u00e1vel) - ALF PACK","robots":{"index":"index","follow":"follow","max-snippet":"max-snippet:-1","max-image-preview":"max-image-preview:large","max-video-preview":"max-video-preview:-1"},"canonical":"https:\/\/alfequipment.com\/pt\/product\/ddz260-maquina-de-embalagem-a-vacuo-tipo-mesa-corpo-em-aco-inoxidavel\/","og_locale":"pt_PT","og_type":"article","og_title":"DDZ260 Table type Vacuum Packaging Machine (Stainless steel body)","og_description":"Compact tabletop vacuum sealer with a full stainless steel body. Perfect for limited spaces in restaurants, laboratories, and small businesses. Low energy consumption (750W).","og_url":"https:\/\/alfequipment.com\/pt\/product\/ddz260-maquina-de-embalagem-a-vacuo-tipo-mesa-corpo-em-aco-inoxidavel\/","og_site_name":"ALF PACK","article_modified_time":"2025-12-22T08:41:34+00:00","og_image":[{"width":800,"height":800,"url":"https:\/\/alfequipment.com\/wp-content\/uploads\/2025\/01\/HTB1cU9JmbsrBKNjSZFpq6AXhFXaI.jpg","type":"image\/webp"}],"twitter_card":"summary_large_image","twitter_misc":{"Tempo estimado de leitura":"3 minutos"},"schema":{"@context":"https:\/\/schema.org","@graph":[{"@type":"WebPage","@id":"https:\/\/alfequipment.com\/product\/ddz260-table-type-vacuum-packaging-machine-stainless-steel-body\/","url":"https:\/\/alfequipment.com\/product\/ddz260-table-type-vacuum-packaging-machine-stainless-steel-body\/","name":"DDZ260 M\u00e1quina de embalagem a v\u00e1cuo tipo mesa (corpo em a\u00e7o inoxid\u00e1vel) - ALF PACK","isPartOf":{"@id":"https:\/\/alfequipment.com\/#website"},"primaryImageOfPage":{"@id":"https:\/\/alfequipment.com\/product\/ddz260-table-type-vacuum-packaging-machine-stainless-steel-body\/#primaryimage"},"image":{"@id":"https:\/\/alfequipment.com\/product\/ddz260-table-type-vacuum-packaging-machine-stainless-steel-body\/#primaryimage"},"thumbnailUrl":"https:\/\/alfequipment.com\/wp-content\/uploads\/2025\/01\/HTB1cU9JmbsrBKNjSZFpq6AXhFXaI.jpg","datePublished":"2024-12-24T15:25:41+00:00","dateModified":"2025-12-22T08:41:34+00:00","breadcrumb":{"@id":"https:\/\/alfequipment.com\/product\/ddz260-table-type-vacuum-packaging-machine-stainless-steel-body\/#breadcrumb"},"inLanguage":"pt-PT","potentialAction":[{"@type":"ReadAction","target":["https:\/\/alfequipment.com\/product\/ddz260-table-type-vacuum-packaging-machine-stainless-steel-body\/"]}]},{"@type":"ImageObject","inLanguage":"pt-PT","@id":"https:\/\/alfequipment.com\/product\/ddz260-table-type-vacuum-packaging-machine-stainless-steel-body\/#primaryimage","url":"https:\/\/alfequipment.com\/wp-content\/uploads\/2025\/01\/HTB1cU9JmbsrBKNjSZFpq6AXhFXaI.jpg","contentUrl":"https:\/\/alfequipment.com\/wp-content\/uploads\/2025\/01\/HTB1cU9JmbsrBKNjSZFpq6AXhFXaI.jpg","width":800,"height":800},{"@type":"BreadcrumbList","@id":"https:\/\/alfequipment.com\/product\/ddz260-table-type-vacuum-packaging-machine-stainless-steel-body\/#breadcrumb","itemListElement":[{"@type":"ListItem","position":1,"name":"Home","item":"https:\/\/alfequipment.com\/"},{"@type":"ListItem","position":2,"name":"Shop","item":"https:\/\/alfequipment.com\/shop\/"},{"@type":"ListItem","position":3,"name":"DDZ260 Table type Vacuum Packaging Machine (Stainless steel body)"}]},{"@type":"WebSite","@id":"https:\/\/alfequipment.com\/#website","url":"https:\/\/alfequipment.com\/","name":"PACK ALF","description":"","publisher":{"@id":"https:\/\/alfequipment.com\/#organization"},"potentialAction":[{"@type":"SearchAction","target":{"@type":"EntryPoint","urlTemplate":"https:\/\/alfequipment.com\/?s={search_term_string}"},"query-input":{"@type":"PropertyValueSpecification","valueRequired":true,"valueName":"search_term_string"}}],"inLanguage":"pt-PT"},{"@type":"Organization","@id":"https:\/\/alfequipment.com\/#organization","name":"PACK ALF","url":"https:\/\/alfequipment.com\/","logo":{"@type":"ImageObject","inLanguage":"pt-PT","@id":"https:\/\/alfequipment.com\/#\/schema\/logo\/image\/","url":"https:\/\/alfequipment.com\/wp-content\/uploads\/2024\/11\/ALFlogo-2.webp","contentUrl":"https:\/\/alfequipment.com\/wp-content\/uploads\/2024\/11\/ALFlogo-2.webp","width":758,"height":750,"caption":"ALF PACK"},"image":{"@id":"https:\/\/alfequipment.com\/#\/schema\/logo\/image\/"}}]}},"_links":{"self":[{"href":"https:\/\/alfequipment.com\/pt\/wp-json\/wp\/v2\/product\/3203","targetHints":{"allow":["GET"]}}],"collection":[{"href":"https:\/\/alfequipment.com\/pt\/wp-json\/wp\/v2\/product"}],"about":[{"href":"https:\/\/alfequipment.com\/pt\/wp-json\/wp\/v2\/types\/product"}],"replies":[{"embeddable":true,"href":"https:\/\/alfequipment.com\/pt\/wp-json\/wp\/v2\/comments?post=3203"}],"version-history":[{"count":0,"href":"https:\/\/alfequipment.com\/pt\/wp-json\/wp\/v2\/product\/3203\/revisions"}],"wp:featuredmedia":[{"embeddable":true,"href":"https:\/\/alfequipment.com\/pt\/wp-json\/wp\/v2\/media\/3204"}],"wp:attachment":[{"href":"https:\/\/alfequipment.com\/pt\/wp-json\/wp\/v2\/media?parent=3203"}],"wp:term":[{"taxonomy":"product_brand","embeddable":true,"href":"https:\/\/alfequipment.com\/pt\/wp-json\/wp\/v2\/product_brand?post=3203"},{"taxonomy":"product_cat","embeddable":true,"href":"https:\/\/alfequipment.com\/pt\/wp-json\/wp\/v2\/product_cat?post=3203"},{"taxonomy":"product_tag","embeddable":true,"href":"https:\/\/alfequipment.com\/pt\/wp-json\/wp\/v2\/product_tag?post=3203"}],"curies":[{"name":"wp","href":"https:\/\/api.w.org\/{rel}","templated":true}]}}