{"id":3211,"date":"2025-01-02T19:28:52","date_gmt":"2025-01-02T19:28:52","guid":{"rendered":"https:\/\/alfequipment.com\/product\/fxc5050a-carton-sealer-side-belts-box-sealing-packaging-machine-and-dba200-automatic-strapping-machine\/"},"modified":"2026-01-05T03:28:00","modified_gmt":"2026-01-05T03:28:00","slug":"fxc5050a","status":"publish","type":"product","link":"https:\/\/alfequipment.com\/pt\/product\/fxc5050a\/","title":{"rendered":"FXC5050A M\u00e1quina de selagem de caixas de cart\u00e3o com correias laterais e m\u00e1quina de cintar autom\u00e1tica DBA200"},"content":{"rendered":"<p>1.FXC5050A carton sealing machine and DBA200 automatic strapping machine \u00a0are mainly used in sealing and packing cartons, which can be used either independently or as a necessary part of a production line.<\/p>\n<p>2. o tapete transportador \u00e9 montado no lado esquerdo e direito.<\/p>\n<p>3. a caixa de cart\u00e3o \u00e9 transmitida por correias transportadoras de dois lados.<\/p>\n<p>4.Adjust sealing height and width by hand according to the size of carton, then put carton on worktable, and carton will be transmitted through and sealed with tape automatically at the same time.5. The Carton can be pscked by strapping tape, let the carton be stronger.<\/p>\n<p>6.And the strapping machine can be\u00a0controlled to strap once or twice by operating the knob on the panel.<\/p>\n<div id=\"yj4pe\">\n<table>\n<tbody>\n<tr>\n<td>\n<div>Modelo<\/div>\n<\/td>\n<td>\n<div>FXC5050A<\/div>\n<\/td>\n<td>\n<div>Modelo<\/div>\n<\/td>\n<td>\n<div>DBA200<\/div>\n<\/td>\n<\/tr>\n<tr>\n<td>\n<div>Fonte de alimenta\u00e7\u00e3o<\/div>\n<\/td>\n<td>\n<div>AC220V\/50HZ ; 110V,60HZ, 240W<\/div>\n<\/td>\n<td>\n<div>Fonte de alimenta\u00e7\u00e3o<\/div>\n<\/td>\n<td>\n<div>380V 50HZ, 850W<\/div>\n<\/td>\n<\/tr>\n<tr>\n<td>\n<div>Capacidade de veda\u00e7\u00e3o<\/div>\n<\/td>\n<td>\n<div>Cerca de 1000 caixas normais por hora<\/div>\n<\/td>\n<td>\n<div>Tamanho m\u00e1ximo da cintagem<\/div>\n<\/td>\n<td>\n<div>850*650mm\u00a0(W*H)<\/div>\n<\/td>\n<\/tr>\n<tr>\n<td>\n<div>Largura da fita adesiva<\/div>\n<\/td>\n<td>\n<div>48 mm, 60 mm, 75 mm<\/div>\n<\/td>\n<td>\n<div>Tamanho m\u00ednimo da cintagem<\/div>\n<\/td>\n<td>\n<div>100*30mm\u00a0(W*H)<\/div>\n<\/td>\n<\/tr>\n<tr>\n<td>\n<div>Modo de transmiss\u00e3o<\/div>\n<\/td>\n<td>\n<div>Transportador lateral<\/div>\n<\/td>\n<td>\n<div>Velocidade de cintagem<\/div>\n<\/td>\n<td>\n<div>26pcs\/min<\/div>\n<\/td>\n<\/tr>\n<tr>\n<td>\n<div>Tamanho m\u00e1ximo da veda\u00e7\u00e3o (L*A)<\/div>\n<\/td>\n<td>\n<div>500*500mm<\/div>\n<\/td>\n<td>\n<div>Altura da mesa de trabalho<\/div>\n<\/td>\n<td>\n<div>820 mm<\/div>\n<\/td>\n<\/tr>\n<tr>\n<td>\n<div>Tamanho m\u00ednimo de selagem (L*A)<\/div>\n<\/td>\n<td>\n<div>120*110mm<\/div>\n<\/td>\n<td>\n<div>Tamanho da m\u00e1quina<\/div>\n<\/td>\n<td>\n<div>600*1412*1540mm<\/div>\n<\/td>\n<\/tr>\n<tr>\n<td>\n<div>Tamanho da m\u00e1quina<\/div>\n<\/td>\n<td>\n<div>1850*835*1100~1720mm<\/div>\n<\/td>\n<td>\n<div><\/div>\n<\/td>\n<td>\n<div><\/div>\n<\/td>\n<\/tr>\n<\/tbody>\n<\/table>\n<\/div>\n<div id=\"ksd05\">\n<div><img decoding=\"async\" class=\"aligncenter\" src=\"https:\/\/sc01.alicdn.com\/kf\/HTB1N.7cacnrK1RjSspkq6yuvXXaE\/64496\/HTB1N.7cacnrK1RjSspkq6yuvXXaE.jpg\" \/><\/div>\n<\/div>\n<div>\n<div id=\"s18dw\">\n<div><img decoding=\"async\" class=\"aligncenter\" src=\"https:\/\/sc02.alicdn.com\/kf\/HTB1P6IaaiLrK1Rjy1zdq6ynnpXa6\/64496\/HTB1P6IaaiLrK1Rjy1zdq6ynnpXa6.jpg\" \/><\/div>\n<\/div>\n<div>\n<div id=\"x557f\">\n<div><img decoding=\"async\" class=\"aligncenter\" src=\"https:\/\/sc02.alicdn.com\/kf\/HTB11YsaadjvK1RjSspiq6AEqXXay\/64496\/HTB11YsaadjvK1RjSspiq6AEqXXay.jpg\" \/><\/div>\n<\/div>\n<div id=\"bdr2e\">\n<div><img decoding=\"async\" class=\"aligncenter\" src=\"https:\/\/sc01.alicdn.com\/kf\/HTB1J6ZeajDuK1Rjy1zjq6zraFXaI\/64496\/HTB1J6ZeajDuK1Rjy1zjq6zraFXaI.jpg\" \/><\/div>\n<\/div>\n<\/div>\n<\/div>\n<div id=\"5lrdk\">\n<div><img decoding=\"async\" class=\"aligncenter\" src=\"https:\/\/sc02.alicdn.com\/kf\/HTB1SIUbacrrK1RjSspaq6AREXXat\/64496\/HTB1SIUbacrrK1RjSspaq6AREXXat.jpg\" \/><\/div>\n<\/div>\n<div id=\"xiarz\">\n<div><img decoding=\"async\" class=\"aligncenter\" src=\"https:\/\/sc01.alicdn.com\/kf\/HTB1Hxr9acfrK1RkSmLyq6xGApXaC\/64496\/HTB1Hxr9acfrK1RkSmLyq6xGApXaC.jpg\" \/><\/div>\n<\/div>\n<div>\n<div>\n<p id=\"rm4nk\">\n<\/div>\n<\/div>","protected":false},"excerpt":{"rendered":"<p>M\u00e1quina Seladora de Caixa de Cart\u00e3o com M\u00e1quina de Cintagem Autom\u00e1tica<\/p>","protected":false},"featured_media":3212,"comment_status":"closed","ping_status":"closed","template":"","meta":[],"product_brand":[],"product_cat":[116],"product_tag":[],"class_list":{"0":"post-3211","1":"product","2":"type-product","3":"status-publish","4":"has-post-thumbnail","6":"product_cat-carton-sealing-machine","8":"first","9":"instock","10":"sale","11":"purchasable","12":"product-type-simple"},"yoast_head":"<!-- This site is optimized with the Yoast SEO Premium plugin v20.9 (Yoast SEO v26.5) - https:\/\/yoast.com\/wordpress\/plugins\/seo\/ -->\n<title>FXC5050A Carton sealer side belts box sealing packaging machine and DBA200 Automatic strapping machine - ALF PACK<\/title>\n<meta name=\"description\" content=\"Combine sealing and strapping with the FXC5050A &amp; DBA200. Features left &amp; right side belts for stability and adjustable 1-2 strap options for secure packaging.\" \/>\n<meta name=\"robots\" content=\"index, follow, max-snippet:-1, max-image-preview:large, max-video-preview:-1\" \/>\n<link rel=\"canonical\" href=\"https:\/\/alfequipment.com\/pt\/product\/fxc5050a\/\" \/>\n<meta property=\"og:locale\" content=\"pt_PT\" \/>\n<meta property=\"og:type\" content=\"article\" \/>\n<meta property=\"og:title\" content=\"FXC5050A Carton sealer side belts box sealing packaging machine and DBA200 Automatic strapping machine\" \/>\n<meta property=\"og:description\" content=\"Combine sealing and strapping with the FXC5050A &amp; DBA200. Features left &amp; right side belts for stability and adjustable 1-2 strap options for secure packaging.\" \/>\n<meta property=\"og:url\" content=\"https:\/\/alfequipment.com\/pt\/product\/fxc5050a\/\" \/>\n<meta property=\"og:site_name\" content=\"ALF PACK\" \/>\n<meta property=\"article:modified_time\" content=\"2026-01-05T03:28:00+00:00\" \/>\n<meta property=\"og:image\" content=\"https:\/\/alfequipment.com\/wp-content\/uploads\/2025\/01\/HTB1EeEbacrrK1RjSspaq6AREXXaV.jpg\" \/>\n\t<meta property=\"og:image:width\" content=\"800\" \/>\n\t<meta property=\"og:image:height\" content=\"800\" \/>\n\t<meta property=\"og:image:type\" content=\"image\/webp\" \/>\n<meta name=\"twitter:card\" content=\"summary_large_image\" \/>\n<meta name=\"twitter:label1\" content=\"Tempo estimado de leitura\" \/>\n\t<meta name=\"twitter:data1\" content=\"3 minutos\" \/>\n<script type=\"application\/ld+json\" class=\"yoast-schema-graph\">{\"@context\":\"https:\/\/schema.org\",\"@graph\":[{\"@type\":\"WebPage\",\"@id\":\"https:\/\/alfequipment.com\/product\/fxc5050a\/\",\"url\":\"https:\/\/alfequipment.com\/product\/fxc5050a\/\",\"name\":\"FXC5050A Carton sealer side belts box sealing packaging machine and DBA200 Automatic strapping machine - ALF PACK\",\"isPartOf\":{\"@id\":\"https:\/\/alfequipment.com\/#website\"},\"primaryImageOfPage\":{\"@id\":\"https:\/\/alfequipment.com\/product\/fxc5050a\/#primaryimage\"},\"image\":{\"@id\":\"https:\/\/alfequipment.com\/product\/fxc5050a\/#primaryimage\"},\"thumbnailUrl\":\"https:\/\/alfequipment.com\/wp-content\/uploads\/2025\/01\/HTB1EeEbacrrK1RjSspaq6AREXXaV.jpg\",\"datePublished\":\"2025-01-02T19:28:52+00:00\",\"dateModified\":\"2026-01-05T03:28:00+00:00\",\"description\":\"Combine sealing and strapping with the FXC5050A & DBA200. Features left & right side belts for stability and adjustable 1-2 strap options for secure packaging.\",\"breadcrumb\":{\"@id\":\"https:\/\/alfequipment.com\/product\/fxc5050a\/#breadcrumb\"},\"inLanguage\":\"pt-PT\",\"potentialAction\":[{\"@type\":\"ReadAction\",\"target\":[\"https:\/\/alfequipment.com\/product\/fxc5050a\/\"]}]},{\"@type\":\"ImageObject\",\"inLanguage\":\"pt-PT\",\"@id\":\"https:\/\/alfequipment.com\/product\/fxc5050a\/#primaryimage\",\"url\":\"https:\/\/alfequipment.com\/wp-content\/uploads\/2025\/01\/HTB1EeEbacrrK1RjSspaq6AREXXaV.jpg\",\"contentUrl\":\"https:\/\/alfequipment.com\/wp-content\/uploads\/2025\/01\/HTB1EeEbacrrK1RjSspaq6AREXXaV.jpg\",\"width\":800,\"height\":800},{\"@type\":\"BreadcrumbList\",\"@id\":\"https:\/\/alfequipment.com\/product\/fxc5050a\/#breadcrumb\",\"itemListElement\":[{\"@type\":\"ListItem\",\"position\":1,\"name\":\"Home\",\"item\":\"https:\/\/alfequipment.com\/\"},{\"@type\":\"ListItem\",\"position\":2,\"name\":\"Shop\",\"item\":\"https:\/\/alfequipment.com\/shop\/\"},{\"@type\":\"ListItem\",\"position\":3,\"name\":\"FXC5050A Carton sealer side belts box sealing packaging machine and DBA200 Automatic strapping machine\"}]},{\"@type\":\"WebSite\",\"@id\":\"https:\/\/alfequipment.com\/#website\",\"url\":\"https:\/\/alfequipment.com\/\",\"name\":\"ALF PACK\",\"description\":\"\",\"publisher\":{\"@id\":\"https:\/\/alfequipment.com\/#organization\"},\"potentialAction\":[{\"@type\":\"SearchAction\",\"target\":{\"@type\":\"EntryPoint\",\"urlTemplate\":\"https:\/\/alfequipment.com\/?s={search_term_string}\"},\"query-input\":{\"@type\":\"PropertyValueSpecification\",\"valueRequired\":true,\"valueName\":\"search_term_string\"}}],\"inLanguage\":\"pt-PT\"},{\"@type\":\"Organization\",\"@id\":\"https:\/\/alfequipment.com\/#organization\",\"name\":\"ALF PACK\",\"url\":\"https:\/\/alfequipment.com\/\",\"logo\":{\"@type\":\"ImageObject\",\"inLanguage\":\"pt-PT\",\"@id\":\"https:\/\/alfequipment.com\/#\/schema\/logo\/image\/\",\"url\":\"https:\/\/alfequipment.com\/wp-content\/uploads\/2024\/11\/ALFlogo-2.webp\",\"contentUrl\":\"https:\/\/alfequipment.com\/wp-content\/uploads\/2024\/11\/ALFlogo-2.webp\",\"width\":758,\"height\":750,\"caption\":\"ALF PACK\"},\"image\":{\"@id\":\"https:\/\/alfequipment.com\/#\/schema\/logo\/image\/\"}}]}<\/script>\n<!-- \/ Yoast SEO Premium plugin. -->","yoast_head_json":{"title":"FXC5050A M\u00e1quina de selagem de caixas de cart\u00e3o com correias laterais e m\u00e1quina de cintar autom\u00e1tica DBA200 - ALF PACK","description":"Combine sealing and strapping with the FXC5050A & DBA200. Features left & right side belts for stability and adjustable 1-2 strap options for secure packaging.","robots":{"index":"index","follow":"follow","max-snippet":"max-snippet:-1","max-image-preview":"max-image-preview:large","max-video-preview":"max-video-preview:-1"},"canonical":"https:\/\/alfequipment.com\/pt\/product\/fxc5050a\/","og_locale":"pt_PT","og_type":"article","og_title":"FXC5050A Carton sealer side belts box sealing packaging machine and DBA200 Automatic strapping machine","og_description":"Combine sealing and strapping with the FXC5050A & DBA200. Features left & right side belts for stability and adjustable 1-2 strap options for secure packaging.","og_url":"https:\/\/alfequipment.com\/pt\/product\/fxc5050a\/","og_site_name":"ALF PACK","article_modified_time":"2026-01-05T03:28:00+00:00","og_image":[{"width":800,"height":800,"url":"https:\/\/alfequipment.com\/wp-content\/uploads\/2025\/01\/HTB1EeEbacrrK1RjSspaq6AREXXaV.jpg","type":"image\/webp"}],"twitter_card":"summary_large_image","twitter_misc":{"Tempo estimado de leitura":"3 minutos"},"schema":{"@context":"https:\/\/schema.org","@graph":[{"@type":"WebPage","@id":"https:\/\/alfequipment.com\/product\/fxc5050a\/","url":"https:\/\/alfequipment.com\/product\/fxc5050a\/","name":"FXC5050A M\u00e1quina de selagem de caixas de cart\u00e3o com correias laterais e m\u00e1quina de cintar autom\u00e1tica DBA200 - ALF PACK","isPartOf":{"@id":"https:\/\/alfequipment.com\/#website"},"primaryImageOfPage":{"@id":"https:\/\/alfequipment.com\/product\/fxc5050a\/#primaryimage"},"image":{"@id":"https:\/\/alfequipment.com\/product\/fxc5050a\/#primaryimage"},"thumbnailUrl":"https:\/\/alfequipment.com\/wp-content\/uploads\/2025\/01\/HTB1EeEbacrrK1RjSspaq6AREXXaV.jpg","datePublished":"2025-01-02T19:28:52+00:00","dateModified":"2026-01-05T03:28:00+00:00","description":"Combine sealing and strapping with the FXC5050A & DBA200. Features left & right side belts for stability and adjustable 1-2 strap options for secure packaging.","breadcrumb":{"@id":"https:\/\/alfequipment.com\/product\/fxc5050a\/#breadcrumb"},"inLanguage":"pt-PT","potentialAction":[{"@type":"ReadAction","target":["https:\/\/alfequipment.com\/product\/fxc5050a\/"]}]},{"@type":"ImageObject","inLanguage":"pt-PT","@id":"https:\/\/alfequipment.com\/product\/fxc5050a\/#primaryimage","url":"https:\/\/alfequipment.com\/wp-content\/uploads\/2025\/01\/HTB1EeEbacrrK1RjSspaq6AREXXaV.jpg","contentUrl":"https:\/\/alfequipment.com\/wp-content\/uploads\/2025\/01\/HTB1EeEbacrrK1RjSspaq6AREXXaV.jpg","width":800,"height":800},{"@type":"BreadcrumbList","@id":"https:\/\/alfequipment.com\/product\/fxc5050a\/#breadcrumb","itemListElement":[{"@type":"ListItem","position":1,"name":"Home","item":"https:\/\/alfequipment.com\/"},{"@type":"ListItem","position":2,"name":"Shop","item":"https:\/\/alfequipment.com\/shop\/"},{"@type":"ListItem","position":3,"name":"FXC5050A Carton sealer side belts box sealing packaging machine and DBA200 Automatic strapping machine"}]},{"@type":"WebSite","@id":"https:\/\/alfequipment.com\/#website","url":"https:\/\/alfequipment.com\/","name":"PACK ALF","description":"","publisher":{"@id":"https:\/\/alfequipment.com\/#organization"},"potentialAction":[{"@type":"SearchAction","target":{"@type":"EntryPoint","urlTemplate":"https:\/\/alfequipment.com\/?s={search_term_string}"},"query-input":{"@type":"PropertyValueSpecification","valueRequired":true,"valueName":"search_term_string"}}],"inLanguage":"pt-PT"},{"@type":"Organization","@id":"https:\/\/alfequipment.com\/#organization","name":"PACK ALF","url":"https:\/\/alfequipment.com\/","logo":{"@type":"ImageObject","inLanguage":"pt-PT","@id":"https:\/\/alfequipment.com\/#\/schema\/logo\/image\/","url":"https:\/\/alfequipment.com\/wp-content\/uploads\/2024\/11\/ALFlogo-2.webp","contentUrl":"https:\/\/alfequipment.com\/wp-content\/uploads\/2024\/11\/ALFlogo-2.webp","width":758,"height":750,"caption":"ALF PACK"},"image":{"@id":"https:\/\/alfequipment.com\/#\/schema\/logo\/image\/"}}]}},"_links":{"self":[{"href":"https:\/\/alfequipment.com\/pt\/wp-json\/wp\/v2\/product\/3211","targetHints":{"allow":["GET"]}}],"collection":[{"href":"https:\/\/alfequipment.com\/pt\/wp-json\/wp\/v2\/product"}],"about":[{"href":"https:\/\/alfequipment.com\/pt\/wp-json\/wp\/v2\/types\/product"}],"replies":[{"embeddable":true,"href":"https:\/\/alfequipment.com\/pt\/wp-json\/wp\/v2\/comments?post=3211"}],"version-history":[{"count":2,"href":"https:\/\/alfequipment.com\/pt\/wp-json\/wp\/v2\/product\/3211\/revisions"}],"predecessor-version":[{"id":4440,"href":"https:\/\/alfequipment.com\/pt\/wp-json\/wp\/v2\/product\/3211\/revisions\/4440"}],"wp:featuredmedia":[{"embeddable":true,"href":"https:\/\/alfequipment.com\/pt\/wp-json\/wp\/v2\/media\/3212"}],"wp:attachment":[{"href":"https:\/\/alfequipment.com\/pt\/wp-json\/wp\/v2\/media?parent=3211"}],"wp:term":[{"taxonomy":"product_brand","embeddable":true,"href":"https:\/\/alfequipment.com\/pt\/wp-json\/wp\/v2\/product_brand?post=3211"},{"taxonomy":"product_cat","embeddable":true,"href":"https:\/\/alfequipment.com\/pt\/wp-json\/wp\/v2\/product_cat?post=3211"},{"taxonomy":"product_tag","embeddable":true,"href":"https:\/\/alfequipment.com\/pt\/wp-json\/wp\/v2\/product_tag?post=3211"}],"curies":[{"name":"wp","href":"https:\/\/api.w.org\/{rel}","templated":true}]}}