{"id":3221,"date":"2024-12-22T00:41:12","date_gmt":"2024-12-22T00:41:12","guid":{"rendered":"https:\/\/alfequipment.com\/product\/fxj4030zx-automatic-small-carton-folding-sealer-box-sealing-packaging-machine\/"},"modified":"2025-01-13T14:43:04","modified_gmt":"2025-01-13T14:43:04","slug":"fxj4030zx-maquina-seladora-de-caixa-de-cartao-dobravel-automatica-para-embalagem","status":"publish","type":"product","link":"https:\/\/alfequipment.com\/pt\/product\/fxj4030zx-maquina-seladora-de-caixa-de-cartao-dobravel-automatica-para-embalagem\/","title":{"rendered":"FXJ4030ZX M\u00e1quina de embalagem e selagem de caixa de cart\u00e3o dobr\u00e1vel autom\u00e1tica"},"content":{"rendered":"<div data-host=\"111525417\" data-magic-global=\"%7B%22bizId%22%3A17179933680%2C%22pageId%22%3A5047405451%2C%22siteId%22%3A5005331025%7D\" data-id=\"detail_decorate_root\" id=\"detail_decorate_root\">\n<div id=\"ali-anchor-AliMagic-iyc2cv\" data-section=\"AliMagic-iyc2cv\" data-section-title=\"Product Description\" class=\"magic-0\">A m\u00e1quina \u00e9 principalmente \u00fatil para a selagem e embalagem de caixas de cart\u00e3o, que pode ser operada numa \u00fanica unidade ou tamb\u00e9m equipada numa linha de produ\u00e7\u00e3o.&nbsp;<\/div>\n<div class=\"detail-decorate-json-renderer-container\">\n<div class=\"magic-1\">\n<div class=\"magic-4\">\n<div class=\"magic-5\">\n<div data-id=\"paragraph0\" class=\"magic-6\">\n<p class=\"magic-7\">\u00c9 amplamente utilizado nos dom\u00ednios dos electrodom\u00e9sticos, produtos alimentares, mercadorias em geral, medicina e ind\u00fastria qu\u00edmica. As abas superior, lateral e posterior da caixa de cart\u00e3o podem ser dobradas automaticamente, com alta velocidade e suavidade.<\/p>\n<\/p><\/div>\n<\/p><\/div>\n<\/p><\/div>\n<\/p><\/div>\n<\/p><\/div>\n<div class=\"ife-detail-decorate-table\">\n<table class=\"all magic-8\">\n<tbody>\n<tr>\n<td colspan=\"1\" rowspan=\"1\">\n<div class=\"magic-9\">\n       Modelo\n      <\/div>\n<\/td>\n<td colspan=\"1\" rowspan=\"1\">\n<div class=\"magic-10\">\n       FXJ4030ZX\n      <\/div>\n<\/td>\n<\/tr>\n<tr>\n<td colspan=\"1\" rowspan=\"1\">\n<div class=\"magic-9\">\n       Alimenta\u00e7\u00e3o el\u00e9ctrica\n      <\/div>\n<\/td>\n<td colspan=\"1\" rowspan=\"1\">\n<div class=\"magic-10\">\n       AC220V\/50HZ, AC110V\/60HZ 240W\n      <\/div>\n<\/td>\n<\/tr>\n<tr>\n<td colspan=\"1\" rowspan=\"1\">\n<div class=\"magic-9\">\n       Dimens\u00e3o m\u00e1xima da embalagem\n      <\/div>\n<\/td>\n<td colspan=\"1\" rowspan=\"1\">\n<div class=\"magic-10\">\n       500(C) * 300(L) * 400(A) mm\n      <\/div>\n<\/td>\n<\/tr>\n<tr>\n<td colspan=\"1\" rowspan=\"1\">\n<div class=\"magic-9\">\n       Dimens\u00e3o m\u00ednima da embalagem\n      <\/div>\n<\/td>\n<td colspan=\"1\" rowspan=\"1\">\n<div class=\"magic-10\">\n       130(C) * 80(L) * 90(A) mm\n      <\/div>\n<\/td>\n<\/tr>\n<tr>\n<td colspan=\"1\" rowspan=\"1\">\n<div class=\"magic-9\">\n       velocidade\n      <\/div>\n<\/td>\n<td colspan=\"1\" rowspan=\"1\">\n<div class=\"magic-10\">\n       18m\/min\n      <\/div>\n<\/td>\n<\/tr>\n<tr>\n<td colspan=\"1\" rowspan=\"1\">\n<div class=\"magic-9\">\n       Largura da fita adesiva\n      <\/div>\n<\/td>\n<td colspan=\"1\" rowspan=\"1\">\n<div class=\"magic-10\">\n       30, 45mm\n      <\/div>\n<\/td>\n<\/tr>\n<tr>\n<td colspan=\"1\" rowspan=\"1\">\n<div class=\"magic-9\">\n       Tamanho da m\u00e1quina\n      <\/div>\n<\/td>\n<td colspan=\"1\" rowspan=\"1\">\n<div class=\"magic-10\">\n       2410*745*1470mm\n      <\/div>\n<\/td>\n<\/tr>\n<tr>\n<td colspan=\"1\" rowspan=\"1\">\n<div class=\"magic-9\">\n       Peso da m\u00e1quina\n      <\/div>\n<\/td>\n<td colspan=\"1\" rowspan=\"1\">\n<div class=\"magic-10\">\n       170 KG\n      <\/div>\n<\/td>\n<\/tr>\n<\/tbody>\n<\/table><\/div>\n<div class=\"icbu-pc-images magic-11\">\n<div>\n<div class=\"flex-layout-v\">\n<div class=\"flex-layout-h magic-11\">\n<div class=\"magic-12\">\n      <img decoding=\"async\" src=\"https:\/\/sc02.alicdn.com\/kf\/Hb6042f69a0d046f7b58a42db3bf70c5c6\/64496\/Hb6042f69a0d046f7b58a42db3bf70c5c6.jpg\" class=\"aligncenter\">\n     <\/div>\n<\/p><\/div>\n<\/p><\/div>\n<\/p><\/div>\n<\/p><\/div>\n<div class=\"icbu-pc-images magic-11\">\n<div>\n<div class=\"flex-layout-v\">\n<div class=\"magic-14\">\n     <img decoding=\"async\" src=\"https:\/\/sc02.alicdn.com\/kf\/Ha085e8609db64ce5926f4e99ca66f0e6o\/64496\/Ha085e8609db64ce5926f4e99ca66f0e6o.jpg\" data-id=\"main\" class=\"aligncenter\">\n    <\/div>\n<div class=\"flex-layout-h magic-11\">\n<div class=\"magic-16\">\n      <img decoding=\"async\" src=\"https:\/\/sc02.alicdn.com\/kf\/HTB1d92NwHvpK1RjSZFqq6AXUVXab\/64496\/HTB1d92NwHvpK1RjSZFqq6AXUVXab.jpg\" data-id=\"child-image-0\" class=\"aligncenter\">\n     <\/div>\n<div class=\"magic-18\">\n      <img decoding=\"async\" src=\"https:\/\/sc01.alicdn.com\/kf\/H22aeae8e79d049fd979a59b3e920082cw\/64496\/H22aeae8e79d049fd979a59b3e920082cw.jpg\" data-id=\"child-image-1\" class=\"aligncenter\">\n     <\/div>\n<\/p><\/div>\n<\/p><\/div>\n<\/p><\/div>\n<\/p><\/div>\n<div class=\"icbu-pc-images magic-11\">\n<div>\n<div class=\"flex-layout-v\">\n<div class=\"flex-layout-h magic-11\">\n<div class=\"magic-20\">\n      <img decoding=\"async\" src=\"https:\/\/sc02.alicdn.com\/kf\/HTB14RL6afLsK1Rjy0Fbq6xSEXXaK\/64496\/HTB14RL6afLsK1Rjy0Fbq6xSEXXaK.jpg\" class=\"aligncenter\">\n     <\/div>\n<\/p><\/div>\n<\/p><\/div>\n<\/p><\/div>\n<\/p><\/div>\n<div id=\"ali-anchor-AliMagic-e6g5q9\" data-section=\"AliMagic-e6g5q9\" data-section-title=\"Certifications\" class=\"magic-0\"><\/div>\n<div class=\"icbu-pc-images magic-11\">\n<div>\n<div class=\"flex-layout-v\">\n<div class=\"flex-layout-h magic-11\">\n    <\/div>\n<\/p><\/div>\n<\/p><\/div>\n<\/p><\/div>\n<\/div>","protected":false},"excerpt":{"rendered":"<p>Seladora autom\u00e1tica de caixas de cart\u00e3o pequenas<\/p>","protected":false},"featured_media":3222,"comment_status":"closed","ping_status":"open","template":"","meta":[],"product_brand":[],"product_cat":[116,97],"product_tag":[],"class_list":{"0":"post-3221","1":"product","2":"type-product","3":"status-publish","4":"has-post-thumbnail","6":"product_cat-carton-sealing-machine","7":"product_cat-sealing-machines","9":"first","10":"instock","11":"sale","12":"purchasable","13":"product-type-simple"},"yoast_head":"<!-- This site is optimized with the Yoast SEO Premium plugin v20.9 (Yoast SEO v26.5) - https:\/\/yoast.com\/wordpress\/plugins\/seo\/ -->\n<title>FXJ4030ZX Automatic small carton folding sealer box sealing packaging machine - ALF PACK<\/title>\n<meta name=\"robots\" content=\"index, follow, max-snippet:-1, max-image-preview:large, max-video-preview:-1\" \/>\n<link rel=\"canonical\" href=\"https:\/\/alfequipment.com\/pt\/product\/fxj4030zx-maquina-seladora-de-caixa-de-cartao-dobravel-automatica-para-embalagem\/\" \/>\n<meta property=\"og:locale\" content=\"pt_PT\" \/>\n<meta property=\"og:type\" content=\"article\" \/>\n<meta property=\"og:title\" content=\"FXJ4030ZX Automatic small carton folding sealer box sealing packaging machine\" \/>\n<meta property=\"og:description\" content=\"Automatic Small Carton Sealer\" \/>\n<meta property=\"og:url\" content=\"https:\/\/alfequipment.com\/pt\/product\/fxj4030zx-maquina-seladora-de-caixa-de-cartao-dobravel-automatica-para-embalagem\/\" \/>\n<meta property=\"og:site_name\" content=\"ALF PACK\" \/>\n<meta property=\"article:modified_time\" content=\"2025-01-13T14:43:04+00:00\" \/>\n<meta property=\"og:image\" content=\"https:\/\/alfequipment.com\/wp-content\/uploads\/2025\/01\/Hf6073494534a4ff08fa4fa9cc940e615n.jpg\" \/>\n\t<meta property=\"og:image:width\" content=\"800\" \/>\n\t<meta property=\"og:image:height\" content=\"800\" \/>\n\t<meta property=\"og:image:type\" content=\"image\/webp\" \/>\n<meta name=\"twitter:card\" content=\"summary_large_image\" \/>\n<meta name=\"twitter:label1\" content=\"Tempo estimado de leitura\" \/>\n\t<meta name=\"twitter:data1\" content=\"1 minuto\" \/>\n<script type=\"application\/ld+json\" class=\"yoast-schema-graph\">{\"@context\":\"https:\/\/schema.org\",\"@graph\":[{\"@type\":\"WebPage\",\"@id\":\"https:\/\/alfequipment.com\/product\/fxj4030zx-automatic-small-carton-folding-sealer-box-sealing-packaging-machine\/\",\"url\":\"https:\/\/alfequipment.com\/product\/fxj4030zx-automatic-small-carton-folding-sealer-box-sealing-packaging-machine\/\",\"name\":\"FXJ4030ZX Automatic small carton folding sealer box sealing packaging machine - ALF PACK\",\"isPartOf\":{\"@id\":\"https:\/\/alfequipment.com\/#website\"},\"primaryImageOfPage\":{\"@id\":\"https:\/\/alfequipment.com\/product\/fxj4030zx-automatic-small-carton-folding-sealer-box-sealing-packaging-machine\/#primaryimage\"},\"image\":{\"@id\":\"https:\/\/alfequipment.com\/product\/fxj4030zx-automatic-small-carton-folding-sealer-box-sealing-packaging-machine\/#primaryimage\"},\"thumbnailUrl\":\"https:\/\/alfequipment.com\/wp-content\/uploads\/2025\/01\/Hf6073494534a4ff08fa4fa9cc940e615n.jpg\",\"datePublished\":\"2024-12-22T00:41:12+00:00\",\"dateModified\":\"2025-01-13T14:43:04+00:00\",\"breadcrumb\":{\"@id\":\"https:\/\/alfequipment.com\/product\/fxj4030zx-automatic-small-carton-folding-sealer-box-sealing-packaging-machine\/#breadcrumb\"},\"inLanguage\":\"pt-PT\",\"potentialAction\":[{\"@type\":\"ReadAction\",\"target\":[\"https:\/\/alfequipment.com\/product\/fxj4030zx-automatic-small-carton-folding-sealer-box-sealing-packaging-machine\/\"]}]},{\"@type\":\"ImageObject\",\"inLanguage\":\"pt-PT\",\"@id\":\"https:\/\/alfequipment.com\/product\/fxj4030zx-automatic-small-carton-folding-sealer-box-sealing-packaging-machine\/#primaryimage\",\"url\":\"https:\/\/alfequipment.com\/wp-content\/uploads\/2025\/01\/Hf6073494534a4ff08fa4fa9cc940e615n.jpg\",\"contentUrl\":\"https:\/\/alfequipment.com\/wp-content\/uploads\/2025\/01\/Hf6073494534a4ff08fa4fa9cc940e615n.jpg\",\"width\":800,\"height\":800},{\"@type\":\"BreadcrumbList\",\"@id\":\"https:\/\/alfequipment.com\/product\/fxj4030zx-automatic-small-carton-folding-sealer-box-sealing-packaging-machine\/#breadcrumb\",\"itemListElement\":[{\"@type\":\"ListItem\",\"position\":1,\"name\":\"Home\",\"item\":\"https:\/\/alfequipment.com\/\"},{\"@type\":\"ListItem\",\"position\":2,\"name\":\"Shop\",\"item\":\"https:\/\/alfequipment.com\/shop\/\"},{\"@type\":\"ListItem\",\"position\":3,\"name\":\"FXJ4030ZX Automatic small carton folding sealer box sealing packaging machine\"}]},{\"@type\":\"WebSite\",\"@id\":\"https:\/\/alfequipment.com\/#website\",\"url\":\"https:\/\/alfequipment.com\/\",\"name\":\"ALF PACK\",\"description\":\"\",\"publisher\":{\"@id\":\"https:\/\/alfequipment.com\/#organization\"},\"potentialAction\":[{\"@type\":\"SearchAction\",\"target\":{\"@type\":\"EntryPoint\",\"urlTemplate\":\"https:\/\/alfequipment.com\/?s={search_term_string}\"},\"query-input\":{\"@type\":\"PropertyValueSpecification\",\"valueRequired\":true,\"valueName\":\"search_term_string\"}}],\"inLanguage\":\"pt-PT\"},{\"@type\":\"Organization\",\"@id\":\"https:\/\/alfequipment.com\/#organization\",\"name\":\"ALF PACK\",\"url\":\"https:\/\/alfequipment.com\/\",\"logo\":{\"@type\":\"ImageObject\",\"inLanguage\":\"pt-PT\",\"@id\":\"https:\/\/alfequipment.com\/#\/schema\/logo\/image\/\",\"url\":\"https:\/\/alfequipment.com\/wp-content\/uploads\/2024\/11\/ALFlogo-2.webp\",\"contentUrl\":\"https:\/\/alfequipment.com\/wp-content\/uploads\/2024\/11\/ALFlogo-2.webp\",\"width\":758,\"height\":750,\"caption\":\"ALF PACK\"},\"image\":{\"@id\":\"https:\/\/alfequipment.com\/#\/schema\/logo\/image\/\"}}]}<\/script>\n<!-- \/ Yoast SEO Premium plugin. -->","yoast_head_json":{"title":"FXJ4030ZX M\u00e1quina de embalagem autom\u00e1tica para selar caixas de cart\u00e3o dobr\u00e1veis - ALF PACK","robots":{"index":"index","follow":"follow","max-snippet":"max-snippet:-1","max-image-preview":"max-image-preview:large","max-video-preview":"max-video-preview:-1"},"canonical":"https:\/\/alfequipment.com\/pt\/product\/fxj4030zx-maquina-seladora-de-caixa-de-cartao-dobravel-automatica-para-embalagem\/","og_locale":"pt_PT","og_type":"article","og_title":"FXJ4030ZX Automatic small carton folding sealer box sealing packaging machine","og_description":"Automatic Small Carton Sealer","og_url":"https:\/\/alfequipment.com\/pt\/product\/fxj4030zx-maquina-seladora-de-caixa-de-cartao-dobravel-automatica-para-embalagem\/","og_site_name":"ALF PACK","article_modified_time":"2025-01-13T14:43:04+00:00","og_image":[{"width":800,"height":800,"url":"https:\/\/alfequipment.com\/wp-content\/uploads\/2025\/01\/Hf6073494534a4ff08fa4fa9cc940e615n.jpg","type":"image\/webp"}],"twitter_card":"summary_large_image","twitter_misc":{"Tempo estimado de leitura":"1 minuto"},"schema":{"@context":"https:\/\/schema.org","@graph":[{"@type":"WebPage","@id":"https:\/\/alfequipment.com\/product\/fxj4030zx-automatic-small-carton-folding-sealer-box-sealing-packaging-machine\/","url":"https:\/\/alfequipment.com\/product\/fxj4030zx-automatic-small-carton-folding-sealer-box-sealing-packaging-machine\/","name":"FXJ4030ZX M\u00e1quina de embalagem autom\u00e1tica para selar caixas de cart\u00e3o dobr\u00e1veis - ALF PACK","isPartOf":{"@id":"https:\/\/alfequipment.com\/#website"},"primaryImageOfPage":{"@id":"https:\/\/alfequipment.com\/product\/fxj4030zx-automatic-small-carton-folding-sealer-box-sealing-packaging-machine\/#primaryimage"},"image":{"@id":"https:\/\/alfequipment.com\/product\/fxj4030zx-automatic-small-carton-folding-sealer-box-sealing-packaging-machine\/#primaryimage"},"thumbnailUrl":"https:\/\/alfequipment.com\/wp-content\/uploads\/2025\/01\/Hf6073494534a4ff08fa4fa9cc940e615n.jpg","datePublished":"2024-12-22T00:41:12+00:00","dateModified":"2025-01-13T14:43:04+00:00","breadcrumb":{"@id":"https:\/\/alfequipment.com\/product\/fxj4030zx-automatic-small-carton-folding-sealer-box-sealing-packaging-machine\/#breadcrumb"},"inLanguage":"pt-PT","potentialAction":[{"@type":"ReadAction","target":["https:\/\/alfequipment.com\/product\/fxj4030zx-automatic-small-carton-folding-sealer-box-sealing-packaging-machine\/"]}]},{"@type":"ImageObject","inLanguage":"pt-PT","@id":"https:\/\/alfequipment.com\/product\/fxj4030zx-automatic-small-carton-folding-sealer-box-sealing-packaging-machine\/#primaryimage","url":"https:\/\/alfequipment.com\/wp-content\/uploads\/2025\/01\/Hf6073494534a4ff08fa4fa9cc940e615n.jpg","contentUrl":"https:\/\/alfequipment.com\/wp-content\/uploads\/2025\/01\/Hf6073494534a4ff08fa4fa9cc940e615n.jpg","width":800,"height":800},{"@type":"BreadcrumbList","@id":"https:\/\/alfequipment.com\/product\/fxj4030zx-automatic-small-carton-folding-sealer-box-sealing-packaging-machine\/#breadcrumb","itemListElement":[{"@type":"ListItem","position":1,"name":"Home","item":"https:\/\/alfequipment.com\/"},{"@type":"ListItem","position":2,"name":"Shop","item":"https:\/\/alfequipment.com\/shop\/"},{"@type":"ListItem","position":3,"name":"FXJ4030ZX Automatic small carton folding sealer box sealing packaging machine"}]},{"@type":"WebSite","@id":"https:\/\/alfequipment.com\/#website","url":"https:\/\/alfequipment.com\/","name":"PACK ALF","description":"","publisher":{"@id":"https:\/\/alfequipment.com\/#organization"},"potentialAction":[{"@type":"SearchAction","target":{"@type":"EntryPoint","urlTemplate":"https:\/\/alfequipment.com\/?s={search_term_string}"},"query-input":{"@type":"PropertyValueSpecification","valueRequired":true,"valueName":"search_term_string"}}],"inLanguage":"pt-PT"},{"@type":"Organization","@id":"https:\/\/alfequipment.com\/#organization","name":"PACK ALF","url":"https:\/\/alfequipment.com\/","logo":{"@type":"ImageObject","inLanguage":"pt-PT","@id":"https:\/\/alfequipment.com\/#\/schema\/logo\/image\/","url":"https:\/\/alfequipment.com\/wp-content\/uploads\/2024\/11\/ALFlogo-2.webp","contentUrl":"https:\/\/alfequipment.com\/wp-content\/uploads\/2024\/11\/ALFlogo-2.webp","width":758,"height":750,"caption":"ALF PACK"},"image":{"@id":"https:\/\/alfequipment.com\/#\/schema\/logo\/image\/"}}]}},"_links":{"self":[{"href":"https:\/\/alfequipment.com\/pt\/wp-json\/wp\/v2\/product\/3221","targetHints":{"allow":["GET"]}}],"collection":[{"href":"https:\/\/alfequipment.com\/pt\/wp-json\/wp\/v2\/product"}],"about":[{"href":"https:\/\/alfequipment.com\/pt\/wp-json\/wp\/v2\/types\/product"}],"replies":[{"embeddable":true,"href":"https:\/\/alfequipment.com\/pt\/wp-json\/wp\/v2\/comments?post=3221"}],"version-history":[{"count":0,"href":"https:\/\/alfequipment.com\/pt\/wp-json\/wp\/v2\/product\/3221\/revisions"}],"wp:featuredmedia":[{"embeddable":true,"href":"https:\/\/alfequipment.com\/pt\/wp-json\/wp\/v2\/media\/3222"}],"wp:attachment":[{"href":"https:\/\/alfequipment.com\/pt\/wp-json\/wp\/v2\/media?parent=3221"}],"wp:term":[{"taxonomy":"product_brand","embeddable":true,"href":"https:\/\/alfequipment.com\/pt\/wp-json\/wp\/v2\/product_brand?post=3221"},{"taxonomy":"product_cat","embeddable":true,"href":"https:\/\/alfequipment.com\/pt\/wp-json\/wp\/v2\/product_cat?post=3221"},{"taxonomy":"product_tag","embeddable":true,"href":"https:\/\/alfequipment.com\/pt\/wp-json\/wp\/v2\/product_tag?post=3221"}],"curies":[{"name":"wp","href":"https:\/\/api.w.org\/{rel}","templated":true}]}}