{"id":3229,"date":"2024-12-06T17:16:37","date_gmt":"2024-12-06T17:16:37","guid":{"rendered":"https:\/\/alfequipment.com\/product\/fm400-2-in-1-l-bar-type-sealing-sealer-and-shrink-tunnel-packaging-machine\/"},"modified":"2025-01-14T03:13:12","modified_gmt":"2025-01-14T03:13:12","slug":"fm400-seladora-tipo-barra-2-em-1-l-e-maquina-de-embalagem-em-tunel-retratil","status":"publish","type":"product","link":"https:\/\/alfequipment.com\/pt\/product\/fm400-seladora-tipo-barra-2-em-1-l-e-maquina-de-embalagem-em-tunel-retratil\/","title":{"rendered":"FM400 2 em 1 L seladora tipo barra e m\u00e1quina de embalagem em t\u00fanel retr\u00e1til"},"content":{"rendered":"<div data-maya=\"{&quot;theme&quot;:{&quot;face&quot;:&quot;yin&quot;,&quot;fontFace&quot;:&quot;Roboto&quot;,&quot;fontSize&quot;:22,&quot;colors&quot;:1},&quot;items&quot;:[{&quot;title&quot;:&quot;voqpu&quot;,&quot;formats&quot;:[[[{&quot;tuks4&quot;:&quot;H&quot;},{&quot;oayjp&quot;:&quot;P&quot;}]],[{&quot;uajty&quot;:{&quot;name&quot;:&quot;Tc&quot;,&quot;theme&quot;:&quot;col-header&quot;,&quot;tableCfgs&quot;:{&quot;sizes&quot;:{&quot;colWidths&quot;:[255,445],&quot;rowHeights&quot;:[22,22,22,22,22,22,22,22,22,22]}}}}],[{&quot;phzip&quot;:&quot;Ia&quot;}],[[{&quot;gth0y&quot;:&quot;Ib&quot;},[{&quot;bn7k2&quot;:&quot;Id&quot;},{&quot;6sik0&quot;:&quot;Id&quot;}]]],[[{&quot;re5bb&quot;:&quot;H&quot;},{&quot;fwcbf&quot;:&quot;P&quot;}]]]},{&quot;title&quot;:&quot;lpeg9&quot;,&quot;formats&quot;:[[{&quot;l0oce&quot;:&quot;Ig&quot;},{&quot;lurip&quot;:&quot;Ig&quot;},{&quot;8zgke&quot;:&quot;Ig&quot;},{&quot;unjr5&quot;:&quot;Ig&quot;}]]},{&quot;title&quot;:&quot;dqlcm&quot;,&quot;formats&quot;:[[{&quot;y4ey8&quot;:&quot;Ia&quot;}]]},{&quot;title&quot;:&quot;2st3g&quot;,&quot;formats&quot;:[[{&quot;fss0p&quot;:&quot;Ih&quot;},{&quot;bpfau&quot;:{&quot;name&quot;:&quot;Te&quot;,&quot;theme&quot;:&quot;double-header&quot;,&quot;tableCfgs&quot;:{&quot;sizes&quot;:{&quot;colWidths&quot;:[72,252],&quot;rowHeights&quot;:[23,23,23,196]}}}}]]},{&quot;title&quot;:&quot;chsx7&quot;,&quot;formats&quot;:[[[[{&quot;xok6b&quot;:&quot;Im&quot;},{&quot;w6ine&quot;:&quot;Im&quot;},{&quot;8grq2&quot;:&quot;Im&quot;}],[[{&quot;m3gcs&quot;:&quot;H&quot;},{&quot;mzvzh&quot;:&quot;P&quot;}],[{&quot;5ol5t&quot;:&quot;H&quot;},{&quot;mfnhd&quot;:&quot;P&quot;}],[{&quot;s7sni&quot;:&quot;H&quot;},{&quot;ht1mc&quot;:&quot;P&quot;}]]]]]}]}\">\n<div>\n<div style=\"vertical-align: top;padding-top: 15px; padding-bottom: 15px;\">\n<div style=\"vertical-align: top;padding-top: 10px; padding-bottom: 10px; margin-right: -4px; margin-left: -4px;\">\n<div style=\"vertical-align: top; box-sizing: border-box; padding-right: 4px; padding-left: 4px;margin-top: -4px; margin-bottom: -4px;\">\n<div id=\"tuks4\" style=\"vertical-align: top; box-sizing: border-box; padding-top: 4px; padding-bottom: 4px\">A retra\u00e7\u00e3o t\u00e9rmica ap\u00f3s selagem \u00e9 um dos m\u00e9todos de embalagem mais avan\u00e7ados do mercado atual. Adopta o envolvimento da pel\u00edcula no exterior da mercadoria e, depois de aquecida, a pel\u00edcula \u00e9 firmemente encolhida sobre a mercadoria, o que permite uma visualiza\u00e7\u00e3o completa do aspeto, melhora a exposi\u00e7\u00e3o da mercadoria e aumenta o seu valor. Entretanto, as mercadorias embaladas podem ser bem seladas, \u00e0 prova de humidade e anti-sujidade. Pode proteger os bens de choques externos com um amortecedor, especialmente para alguns fr\u00e1geis. Pode evitar salpicos de produtos fr\u00e1geis quando estes s\u00e3o embalados e esmagados. Al\u00e9m disso, pode diminuir a possibilidade de ser demolido ou roubado. Para simplificar, as m\u00e1quinas embalam os produtos com uma camada de pel\u00edcula de pl\u00e1stico, o que torna a embalagem mais bonita e firme. \u00c9 muito utilizada para a embalagem de caixas, brinquedos, artigos electr\u00f3nicos, livros, revistas, etc.<\/div>\n<\/p><\/div>\n<\/p><\/div>\n<div style=\"vertical-align: top;padding-top: 10px; padding-bottom: 10px; margin-right: -4px; margin-left: -4px;\">\n<div id=\"uajty\" style=\"vertical-align: top; box-sizing: border-box; padding-right: 4px; padding-left: 4px\">\n<table style=\"width: auto; border-collapse: collapse; word-wrap: break-word;\" class=\"aliDataTable\">\n<tbody>\n<tr>\n<td style=\"background-color: rgb(218, 226, 237);\">\n<div style=\"width: 255px; height: 22px; padding: 5px 10px; overflow: hidden;\">\n          Modelo\n         <\/div>\n<\/td>\n<td>\n<div style=\"width: 445px; height: 22px; padding: 5px 10px; overflow: hidden;\">\n          FM400\n         <\/div>\n<\/td>\n<\/tr>\n<tr>\n<td style=\"background-color: rgb(218, 226, 237);\">\n<div style=\"width: 255px; height: 22px; padding: 5px 10px; overflow: hidden;\">\n          Alimenta\u00e7\u00e3o el\u00e9ctrica\n         <\/div>\n<\/td>\n<td>\n<div style=\"width: 445px; height: auto; padding: 5px 10px; overflow: hidden;\">\n          AC220-240V\/50-60Hz\n         <\/div>\n<\/td>\n<\/tr>\n<tr>\n<td style=\"background-color: rgb(218, 226, 237);\">\n<div style=\"width: 255px; height: 22px; padding: 5px 10px; overflow: hidden;\">\n          Tempo de corte do selo\n         <\/div>\n<\/td>\n<td>\n<div style=\"width: 445px; height: 22px; padding: 5px 10px; overflow: hidden;\">\n          0-3sec\n         <\/div>\n<\/td>\n<\/tr>\n<tr>\n<td style=\"background-color: rgb(218, 226, 237);\">\n<div style=\"width: 255px; height: 22px; padding: 5px 10px; overflow: hidden;\">\n          Tempo de contra\u00e7\u00e3o\n         <\/div>\n<\/td>\n<td>\n<div style=\"width: 445px; height: 22px; padding: 5px 10px; overflow: hidden;\">\n          0-30seg\n         <\/div>\n<\/td>\n<\/tr>\n<tr>\n<td style=\"background-color: rgb(218, 226, 237);\">\n<div style=\"width: 255px; height: 22px; padding: 5px 10px; overflow: hidden;\">\n           Capacidade\n         <\/div>\n<\/td>\n<td>\n<div style=\"width: 445px; height: 22px; padding: 5px 10px; overflow: hidden;\">\n          300-600horas\/h\n         <\/div>\n<\/td>\n<\/tr>\n<tr>\n<td style=\"background-color: rgb(218, 226, 237);\">\n<div style=\"width: 255px; height: 22px; padding: 5px 10px; overflow: hidden;\">\n          Espessura do remate\n         <\/div>\n<\/td>\n<td>\n<div style=\"width: 445px; height: 22px; padding: 5px 10px; overflow: hidden;\">\n          0,015-0,08mm\n         <\/div>\n<\/td>\n<\/tr>\n<tr>\n<td style=\"background-color: rgb(218, 226, 237);\">\n<div style=\"width: 255px; height: 22px; padding: 5px 10px; overflow: hidden;\">\n          Pot\u00eancia\n         <\/div>\n<\/td>\n<td>\n<div style=\"width: 445px; height: 22px; padding: 5px 10px; overflow: hidden;\">\n          4,5KW\n         <\/div>\n<\/td>\n<\/tr>\n<tr>\n<td style=\"background-color: rgb(218, 226, 237);\">\n<div style=\"width: 255px; height: 22px; padding: 5px 10px; overflow: hidden;\">\n          Tamanho m\u00e1x. da embalagem\n         <\/div>\n<\/td>\n<td>\n<div style=\"width: 445px; height: 22px; padding: 5px 10px; overflow: hidden;\">\n          C:400*L400\n         <\/div>\n<\/td>\n<\/tr>\n<tr>\n<td style=\"background-color: rgb(218, 226, 237);\">\n<div style=\"width: 255px; height: 22px; padding: 5px 10px; overflow: hidden;\">\n          Tamanho da m\u00e1quina\n         <\/div>\n<\/td>\n<td>\n<div style=\"width: 445px; height: 22px; padding: 5px 10px; overflow: hidden;\">\n          L850mm xW740mmxH1080~1330mm\n         <\/div>\n<\/td>\n<\/tr>\n<tr>\n<td style=\"background-color: rgb(218, 226, 237);\">\n<div style=\"width: 255px; height: 22px; padding: 5px 10px; overflow: hidden;\">\n          Peso da m\u00e1quina\n         <\/div>\n<\/td>\n<td>\n<div style=\"width: 445px; height: 22px; padding: 5px 10px; overflow: hidden;\">\n          168 kg\n         <\/div>\n<\/td>\n<\/tr>\n<\/tbody>\n<\/table><\/div>\n<\/p><\/div>\n<div style=\"vertical-align: top;padding-top: 10px; padding-bottom: 10px; margin-right: -4px; margin-left: -4px;\">\n<div id=\"phzip\" style=\"vertical-align: top; box-sizing: border-box; padding-right: 4px; padding-left: 4px\">\n<div style=\"overflow: hidden; width: 750px; height: 750px;\">\n      <img decoding=\"async\" src=\"https:\/\/sc01.alicdn.com\/kf\/HTB1L8z5asfrK1Rjy0Fmq6xhEXXan\/64496\/HTB1L8z5asfrK1Rjy0Fmq6xhEXXan.jpg\" style=\"width: 750px; height: 750px; margin-left: 0px; margin-top: 0px;\" class=\"aligncenter\">\n     <\/div>\n<\/p><\/div>\n<\/p><\/div>\n<div style=\"vertical-align: top;padding-top: 10px; padding-bottom: 10px; margin-right: -4px; margin-left: -4px;\">\n<div style=\"vertical-align: top; box-sizing: border-box; padding-right: 4px; padding-left: 4px;margin-top: -4px; margin-bottom: -4px;\">\n<div id=\"gth0y\" style=\"vertical-align: top; box-sizing: border-box; padding-top: 4px; padding-bottom: 4px\">\n<div style=\"overflow: hidden; width: 750px; height: 320px;\">\n       <img decoding=\"async\" src=\"https:\/\/sc01.alicdn.com\/kf\/HTB1Y0BmazLuK1Rjy0Fhq6xpdFXas\/64496\/HTB1Y0BmazLuK1Rjy0Fhq6xpdFXas.jpg\" style=\"width: 750px; height: 750px; margin-left: 0px; margin-top: -168px;\" class=\"aligncenter\">\n      <\/div>\n<\/p><\/div>\n<div style=\"vertical-align: top; box-sizing: border-box; padding-top: 4px; padding-bottom: 4px;margin-right: -4px; margin-left: -4px;\">\n<div id=\"bn7k2\" style=\"vertical-align: top; width: 50%; display: inline-block; box-sizing: border-box; padding-right: 4px; padding-left: 4px\">\n<div style=\"overflow: hidden; width: 371px; height: 200px;\">\n        <img decoding=\"async\" src=\"https:\/\/sc01.alicdn.com\/kf\/HTB1g1gbasrrK1Rjy1zeq6xalFXaw\/64496\/HTB1g1gbasrrK1Rjy1zeq6xalFXaw.jpg\" style=\"width: 371px; height: 371px; margin-left: 0px; margin-top: -115px;\" class=\"aligncenter\">\n       <\/div>\n<\/p><\/div>\n<div id=\"6sik0\" style=\"vertical-align: top; width: 50%; display: inline-block; box-sizing: border-box; padding-right: 4px; padding-left: 4px\">\n<div style=\"overflow: hidden; width: 371px; height: 200px;\">\n        <img decoding=\"async\" src=\"https:\/\/sc02.alicdn.com\/kf\/HTB1nZD9azzuK1RjSspeq6ziHVXau\/64496\/HTB1nZD9azzuK1RjSspeq6ziHVXau.jpg\" style=\"width: 371px; height: 371px; margin-left: 0px; margin-top: -86px;\" class=\"aligncenter\">\n       <\/div>\n<\/p><\/div>\n<\/p><\/div>\n<\/p><\/div>\n<\/p><\/div>\n<div style=\"vertical-align: top;padding-top: 10px; padding-bottom: 10px; margin-right: -4px; margin-left: -4px;\">\n<div style=\"vertical-align: top; box-sizing: border-box; padding-right: 4px; padding-left: 4px;margin-top: -4px; margin-bottom: -4px;\">\n<div id=\"re5bb\" style=\"vertical-align: top; box-sizing: border-box; padding-top: 4px; padding-bottom: 4px\">\n<h3 style=\"padding: 0px; font-size: 16px; line-height: 20px; font-weight: bold; margin: 0px;\"><font color=\"#3f6fff\">Carater\u00edsticas principais<\/font><\/h3>\n<\/p><\/div>\n<div id=\"fwcbf\" style=\"vertical-align: top; box-sizing: border-box; padding-top: 4px; padding-bottom: 4px\">\n<p style=\"margin:0;padding:0;\">1. esta m\u00e1quina \u00e9 um empacotador de encolhimento 2 em 1 recentemente desenvolvido pela nossa empresa, que consegue selar, cortar e encolher na mesma m\u00e1quina. Tem um design requintado, f\u00e1cil de operar.<\/p>\n<p>2. a estrutura do filme pode ser ajustada para cima e para baixo. E a guia do transportador pode ser dobrada. Tem estrutura compacta, pequeno volume, que \u00e9 conveniente para o transporte. <\/p>\n<p>3. tem componentes separados para a fun\u00e7\u00e3o de corte de selo e encolhimento, que tamb\u00e9m pode ser usado sozinho. A efici\u00eancia do trabalho \u00e9 muito melhorada do que a embaladora retr\u00e1til FM5540 2 EM 1. <\/p>\n<p>4. baixo consumo de energia, que \u00e9 adequado para aplicar na fam\u00edlia. <\/p>\n<p>5. a c\u00e2mara de encolhimento adopta um ciclo de aquecimento interior, que assegura um aquecimento uniforme, de modo a obter um encolhimento excelente e perfeito.<\/p>\n<\/div>\n<\/div>\n<\/div>\n<\/div>\n<div style=\"vertical-align: top;padding-top: 15px; padding-bottom: 15px;\">\n<div style=\"vertical-align: top;padding-top: 10px; padding-bottom: 10px; margin-right: -4px; margin-left: -4px;\">\n<div style=\"vertical-align: top; box-sizing: border-box; padding-right: 4px; padding-left: 4px;margin-top: -4px; margin-bottom: -4px;\">\n<div style=\"vertical-align: top; box-sizing: border-box; padding-top: 4px; padding-bottom: 4px;margin-right: -4px; margin-left: -4px;\">\n<div style=\"vertical-align: top; width: 33.3333%; display: inline-block; box-sizing: border-box; padding-right: 4px; padding-left: 4px;margin-top: -4px; margin-bottom: -4px;\">\n<div id=\"ht1mc\" style=\"vertical-align: top; box-sizing: border-box; padding-top: 4px; padding-bottom: 4px\">\n       <\/div>\n<\/p><\/div>\n<\/p><\/div>\n<\/p><\/div>\n<\/p><\/div>\n<\/p><\/div>\n<\/p><\/div>\n<\/div>","protected":false},"excerpt":{"rendered":"<p>Seladora e embaladora retr\u00e1til 2 em 1 L<\/p>","protected":false},"featured_media":3230,"comment_status":"closed","ping_status":"closed","template":"","meta":[],"product_brand":[],"product_cat":[122,97],"product_tag":[],"class_list":{"0":"post-3229","1":"product","2":"type-product","3":"status-publish","4":"has-post-thumbnail","6":"product_cat-l-type-sealer","7":"product_cat-sealing-machines","9":"first","10":"instock","11":"sale","12":"purchasable","13":"product-type-simple"},"yoast_head":"<!-- This site is optimized with the Yoast SEO Premium plugin v20.9 (Yoast SEO v26.5) - https:\/\/yoast.com\/wordpress\/plugins\/seo\/ -->\n<title>FM400 2 In 1 L bar type sealing sealer and shrink tunnel packaging machine - ALF PACK<\/title>\n<meta name=\"robots\" content=\"index, follow, max-snippet:-1, max-image-preview:large, max-video-preview:-1\" \/>\n<link rel=\"canonical\" href=\"https:\/\/alfequipment.com\/pt\/product\/fm400-seladora-tipo-barra-2-em-1-l-e-maquina-de-embalagem-em-tunel-retratil\/\" \/>\n<meta property=\"og:locale\" content=\"pt_PT\" \/>\n<meta property=\"og:type\" content=\"article\" \/>\n<meta property=\"og:title\" content=\"FM400 2 In 1 L bar type sealing sealer and shrink tunnel packaging machine\" \/>\n<meta property=\"og:description\" content=\"2 In 1 L Sealer And Shrink Packager\" \/>\n<meta property=\"og:url\" content=\"https:\/\/alfequipment.com\/pt\/product\/fm400-seladora-tipo-barra-2-em-1-l-e-maquina-de-embalagem-em-tunel-retratil\/\" \/>\n<meta property=\"og:site_name\" content=\"ALF PACK\" \/>\n<meta property=\"article:modified_time\" content=\"2025-01-14T03:13:12+00:00\" \/>\n<meta property=\"og:image\" content=\"https:\/\/alfequipment.com\/wp-content\/uploads\/2025\/01\/HTB1KwNXcmFRMKJjy0Fhq6x.xpXaY_.jpg\" \/>\n\t<meta property=\"og:image:width\" content=\"800\" \/>\n\t<meta property=\"og:image:height\" content=\"800\" \/>\n\t<meta property=\"og:image:type\" content=\"image\/webp\" \/>\n<meta name=\"twitter:card\" content=\"summary_large_image\" \/>\n<meta name=\"twitter:label1\" content=\"Tempo estimado de leitura\" \/>\n\t<meta name=\"twitter:data1\" content=\"1 minuto\" \/>\n<script type=\"application\/ld+json\" class=\"yoast-schema-graph\">{\"@context\":\"https:\/\/schema.org\",\"@graph\":[{\"@type\":\"WebPage\",\"@id\":\"https:\/\/alfequipment.com\/product\/fm400-2-in-1-l-bar-type-sealing-sealer-and-shrink-tunnel-packaging-machine\/\",\"url\":\"https:\/\/alfequipment.com\/product\/fm400-2-in-1-l-bar-type-sealing-sealer-and-shrink-tunnel-packaging-machine\/\",\"name\":\"FM400 2 In 1 L bar type sealing sealer and shrink tunnel packaging machine - ALF PACK\",\"isPartOf\":{\"@id\":\"https:\/\/alfequipment.com\/#website\"},\"primaryImageOfPage\":{\"@id\":\"https:\/\/alfequipment.com\/product\/fm400-2-in-1-l-bar-type-sealing-sealer-and-shrink-tunnel-packaging-machine\/#primaryimage\"},\"image\":{\"@id\":\"https:\/\/alfequipment.com\/product\/fm400-2-in-1-l-bar-type-sealing-sealer-and-shrink-tunnel-packaging-machine\/#primaryimage\"},\"thumbnailUrl\":\"https:\/\/alfequipment.com\/wp-content\/uploads\/2025\/01\/HTB1KwNXcmFRMKJjy0Fhq6x.xpXaY_.jpg\",\"datePublished\":\"2024-12-06T17:16:37+00:00\",\"dateModified\":\"2025-01-14T03:13:12+00:00\",\"breadcrumb\":{\"@id\":\"https:\/\/alfequipment.com\/product\/fm400-2-in-1-l-bar-type-sealing-sealer-and-shrink-tunnel-packaging-machine\/#breadcrumb\"},\"inLanguage\":\"pt-PT\",\"potentialAction\":[{\"@type\":\"ReadAction\",\"target\":[\"https:\/\/alfequipment.com\/product\/fm400-2-in-1-l-bar-type-sealing-sealer-and-shrink-tunnel-packaging-machine\/\"]}]},{\"@type\":\"ImageObject\",\"inLanguage\":\"pt-PT\",\"@id\":\"https:\/\/alfequipment.com\/product\/fm400-2-in-1-l-bar-type-sealing-sealer-and-shrink-tunnel-packaging-machine\/#primaryimage\",\"url\":\"https:\/\/alfequipment.com\/wp-content\/uploads\/2025\/01\/HTB1KwNXcmFRMKJjy0Fhq6x.xpXaY_.jpg\",\"contentUrl\":\"https:\/\/alfequipment.com\/wp-content\/uploads\/2025\/01\/HTB1KwNXcmFRMKJjy0Fhq6x.xpXaY_.jpg\",\"width\":800,\"height\":800},{\"@type\":\"BreadcrumbList\",\"@id\":\"https:\/\/alfequipment.com\/product\/fm400-2-in-1-l-bar-type-sealing-sealer-and-shrink-tunnel-packaging-machine\/#breadcrumb\",\"itemListElement\":[{\"@type\":\"ListItem\",\"position\":1,\"name\":\"Home\",\"item\":\"https:\/\/alfequipment.com\/\"},{\"@type\":\"ListItem\",\"position\":2,\"name\":\"Shop\",\"item\":\"https:\/\/alfequipment.com\/shop\/\"},{\"@type\":\"ListItem\",\"position\":3,\"name\":\"FM400 2 In 1 L bar type sealing sealer and shrink tunnel packaging machine\"}]},{\"@type\":\"WebSite\",\"@id\":\"https:\/\/alfequipment.com\/#website\",\"url\":\"https:\/\/alfequipment.com\/\",\"name\":\"ALF PACK\",\"description\":\"\",\"publisher\":{\"@id\":\"https:\/\/alfequipment.com\/#organization\"},\"potentialAction\":[{\"@type\":\"SearchAction\",\"target\":{\"@type\":\"EntryPoint\",\"urlTemplate\":\"https:\/\/alfequipment.com\/?s={search_term_string}\"},\"query-input\":{\"@type\":\"PropertyValueSpecification\",\"valueRequired\":true,\"valueName\":\"search_term_string\"}}],\"inLanguage\":\"pt-PT\"},{\"@type\":\"Organization\",\"@id\":\"https:\/\/alfequipment.com\/#organization\",\"name\":\"ALF PACK\",\"url\":\"https:\/\/alfequipment.com\/\",\"logo\":{\"@type\":\"ImageObject\",\"inLanguage\":\"pt-PT\",\"@id\":\"https:\/\/alfequipment.com\/#\/schema\/logo\/image\/\",\"url\":\"https:\/\/alfequipment.com\/wp-content\/uploads\/2024\/11\/ALFlogo-2.webp\",\"contentUrl\":\"https:\/\/alfequipment.com\/wp-content\/uploads\/2024\/11\/ALFlogo-2.webp\",\"width\":758,\"height\":750,\"caption\":\"ALF PACK\"},\"image\":{\"@id\":\"https:\/\/alfequipment.com\/#\/schema\/logo\/image\/\"}}]}<\/script>\n<!-- \/ Yoast SEO Premium plugin. -->","yoast_head_json":{"title":"FM400 2 em 1 L seladora tipo barra e m\u00e1quina de embalagem em t\u00fanel retr\u00e1til - ALF PACK","robots":{"index":"index","follow":"follow","max-snippet":"max-snippet:-1","max-image-preview":"max-image-preview:large","max-video-preview":"max-video-preview:-1"},"canonical":"https:\/\/alfequipment.com\/pt\/product\/fm400-seladora-tipo-barra-2-em-1-l-e-maquina-de-embalagem-em-tunel-retratil\/","og_locale":"pt_PT","og_type":"article","og_title":"FM400 2 In 1 L bar type sealing sealer and shrink tunnel packaging machine","og_description":"2 In 1 L Sealer And Shrink Packager","og_url":"https:\/\/alfequipment.com\/pt\/product\/fm400-seladora-tipo-barra-2-em-1-l-e-maquina-de-embalagem-em-tunel-retratil\/","og_site_name":"ALF PACK","article_modified_time":"2025-01-14T03:13:12+00:00","og_image":[{"width":800,"height":800,"url":"https:\/\/alfequipment.com\/wp-content\/uploads\/2025\/01\/HTB1KwNXcmFRMKJjy0Fhq6x.xpXaY_.jpg","type":"image\/webp"}],"twitter_card":"summary_large_image","twitter_misc":{"Tempo estimado de leitura":"1 minuto"},"schema":{"@context":"https:\/\/schema.org","@graph":[{"@type":"WebPage","@id":"https:\/\/alfequipment.com\/product\/fm400-2-in-1-l-bar-type-sealing-sealer-and-shrink-tunnel-packaging-machine\/","url":"https:\/\/alfequipment.com\/product\/fm400-2-in-1-l-bar-type-sealing-sealer-and-shrink-tunnel-packaging-machine\/","name":"FM400 2 em 1 L seladora tipo barra e m\u00e1quina de embalagem em t\u00fanel retr\u00e1til - ALF PACK","isPartOf":{"@id":"https:\/\/alfequipment.com\/#website"},"primaryImageOfPage":{"@id":"https:\/\/alfequipment.com\/product\/fm400-2-in-1-l-bar-type-sealing-sealer-and-shrink-tunnel-packaging-machine\/#primaryimage"},"image":{"@id":"https:\/\/alfequipment.com\/product\/fm400-2-in-1-l-bar-type-sealing-sealer-and-shrink-tunnel-packaging-machine\/#primaryimage"},"thumbnailUrl":"https:\/\/alfequipment.com\/wp-content\/uploads\/2025\/01\/HTB1KwNXcmFRMKJjy0Fhq6x.xpXaY_.jpg","datePublished":"2024-12-06T17:16:37+00:00","dateModified":"2025-01-14T03:13:12+00:00","breadcrumb":{"@id":"https:\/\/alfequipment.com\/product\/fm400-2-in-1-l-bar-type-sealing-sealer-and-shrink-tunnel-packaging-machine\/#breadcrumb"},"inLanguage":"pt-PT","potentialAction":[{"@type":"ReadAction","target":["https:\/\/alfequipment.com\/product\/fm400-2-in-1-l-bar-type-sealing-sealer-and-shrink-tunnel-packaging-machine\/"]}]},{"@type":"ImageObject","inLanguage":"pt-PT","@id":"https:\/\/alfequipment.com\/product\/fm400-2-in-1-l-bar-type-sealing-sealer-and-shrink-tunnel-packaging-machine\/#primaryimage","url":"https:\/\/alfequipment.com\/wp-content\/uploads\/2025\/01\/HTB1KwNXcmFRMKJjy0Fhq6x.xpXaY_.jpg","contentUrl":"https:\/\/alfequipment.com\/wp-content\/uploads\/2025\/01\/HTB1KwNXcmFRMKJjy0Fhq6x.xpXaY_.jpg","width":800,"height":800},{"@type":"BreadcrumbList","@id":"https:\/\/alfequipment.com\/product\/fm400-2-in-1-l-bar-type-sealing-sealer-and-shrink-tunnel-packaging-machine\/#breadcrumb","itemListElement":[{"@type":"ListItem","position":1,"name":"Home","item":"https:\/\/alfequipment.com\/"},{"@type":"ListItem","position":2,"name":"Shop","item":"https:\/\/alfequipment.com\/shop\/"},{"@type":"ListItem","position":3,"name":"FM400 2 In 1 L bar type sealing sealer and shrink tunnel packaging machine"}]},{"@type":"WebSite","@id":"https:\/\/alfequipment.com\/#website","url":"https:\/\/alfequipment.com\/","name":"PACK ALF","description":"","publisher":{"@id":"https:\/\/alfequipment.com\/#organization"},"potentialAction":[{"@type":"SearchAction","target":{"@type":"EntryPoint","urlTemplate":"https:\/\/alfequipment.com\/?s={search_term_string}"},"query-input":{"@type":"PropertyValueSpecification","valueRequired":true,"valueName":"search_term_string"}}],"inLanguage":"pt-PT"},{"@type":"Organization","@id":"https:\/\/alfequipment.com\/#organization","name":"PACK ALF","url":"https:\/\/alfequipment.com\/","logo":{"@type":"ImageObject","inLanguage":"pt-PT","@id":"https:\/\/alfequipment.com\/#\/schema\/logo\/image\/","url":"https:\/\/alfequipment.com\/wp-content\/uploads\/2024\/11\/ALFlogo-2.webp","contentUrl":"https:\/\/alfequipment.com\/wp-content\/uploads\/2024\/11\/ALFlogo-2.webp","width":758,"height":750,"caption":"ALF PACK"},"image":{"@id":"https:\/\/alfequipment.com\/#\/schema\/logo\/image\/"}}]}},"_links":{"self":[{"href":"https:\/\/alfequipment.com\/pt\/wp-json\/wp\/v2\/product\/3229","targetHints":{"allow":["GET"]}}],"collection":[{"href":"https:\/\/alfequipment.com\/pt\/wp-json\/wp\/v2\/product"}],"about":[{"href":"https:\/\/alfequipment.com\/pt\/wp-json\/wp\/v2\/types\/product"}],"replies":[{"embeddable":true,"href":"https:\/\/alfequipment.com\/pt\/wp-json\/wp\/v2\/comments?post=3229"}],"version-history":[{"count":0,"href":"https:\/\/alfequipment.com\/pt\/wp-json\/wp\/v2\/product\/3229\/revisions"}],"wp:featuredmedia":[{"embeddable":true,"href":"https:\/\/alfequipment.com\/pt\/wp-json\/wp\/v2\/media\/3230"}],"wp:attachment":[{"href":"https:\/\/alfequipment.com\/pt\/wp-json\/wp\/v2\/media?parent=3229"}],"wp:term":[{"taxonomy":"product_brand","embeddable":true,"href":"https:\/\/alfequipment.com\/pt\/wp-json\/wp\/v2\/product_brand?post=3229"},{"taxonomy":"product_cat","embeddable":true,"href":"https:\/\/alfequipment.com\/pt\/wp-json\/wp\/v2\/product_cat?post=3229"},{"taxonomy":"product_tag","embeddable":true,"href":"https:\/\/alfequipment.com\/pt\/wp-json\/wp\/v2\/product_tag?post=3229"}],"curies":[{"name":"wp","href":"https:\/\/api.w.org\/{rel}","templated":true}]}}