{"id":3233,"date":"2025-01-11T05:30:06","date_gmt":"2025-01-11T05:30:06","guid":{"rendered":"https:\/\/alfequipment.com\/product\/kz900-high-desk-semi-automatic-strapping-machine\/"},"modified":"2025-01-13T13:15:15","modified_gmt":"2025-01-13T13:15:15","slug":"kz900-maquina-de-cintar-semi-automatica-de-mesa-alta","status":"publish","type":"product","link":"https:\/\/alfequipment.com\/pt\/product\/kz900-maquina-de-cintar-semi-automatica-de-mesa-alta\/","title":{"rendered":"M\u00e1quina de cintar semi-autom\u00e1tica de mesa alta KZ900"},"content":{"rendered":"<p><span style=\"font-size: 14px;\">A m\u00e1quina de cintar semi-autom\u00e1tica KZ900 usa cinta pl\u00e1stica de polietileno como material de liga\u00e7\u00e3o, que \u00e9 usado principalmente na embalagem e liga\u00e7\u00e3o de caixas de papel, caixas de madeira e pacotes de papel em sectores de neg\u00f3cios, servi\u00e7os postais, ferrovi\u00e1rios e banc\u00e1rios, para alimentos, produtos farmac\u00eauticos, publica\u00e7\u00e3o e assim por diante. Eficiente e economizadora de energia no processamento de embalagens de qualidade e r\u00e1pidas, a m\u00e1quina pode efetuar automaticamente a recolha da cinta, a selagem t\u00e9rmica, o corte e a opera\u00e7\u00e3o de paragem totalmente autom\u00e1tica.<\/span><\/p>\n<p><span style=\"font-size: 14px;\">&nbsp;<\/span><\/p>\n<p><span style=\"font-size: 14px;\">Especifica\u00e7\u00e3o:<\/span><\/p>\n<table class=\"aliDataTable\" border=\"0\" cellspacing=\"0\" cellpadding=\"0\">\n<tbody>\n<tr style=\"height: 14.25pt;\" align=\"center\">\n<td style=\"background-color: white; width: 153.7pt;\" valign=\"top\">\n<p><span style=\"font-size: 14px;\">Modelo<\/span><\/p>\n<\/td>\n<td style=\"background-color: white; width: 135pt;\" valign=\"top\">\n<p><span style=\"font-size: 14px;\">KZ900<\/span><\/p>\n<\/td>\n<\/tr>\n<tr style=\"height: 14.25pt;\" align=\"center\">\n<td style=\"background-color: white;\" valign=\"top\">\n<p><span style=\"font-size: 14px;\">Tens\u00e3o<\/span><\/p>\n<\/td>\n<td style=\"background-color: white;\" valign=\"top\">\n<p><span style=\"font-size: 14px;\">220V 250W<\/span><\/p>\n<\/td>\n<\/tr>\n<tr style=\"height: 14.25pt;\" align=\"center\">\n<td style=\"background-color: white;\" valign=\"top\">\n<p><span style=\"font-size: 14px;\">Velocidade de cintagem<\/span><\/p>\n<\/td>\n<td style=\"background-color: white;\" valign=\"top\">\n<p><span style=\"font-size: 14px;\">1,6sec\/cinta<\/span><\/p>\n<\/td>\n<\/tr>\n<tr style=\"height: 14.25pt;\" align=\"center\">\n<td style=\"background-color: white;\" valign=\"top\">\n<p><span style=\"font-size: 14px;\">Largura da banda de cintagem<\/span><\/p>\n<\/td>\n<td style=\"background-color: white;\" valign=\"top\">\n<p><span style=\"font-size: 14px;\">9-15mm<\/span><\/p>\n<\/td>\n<\/tr>\n<tr style=\"height: 14.25pt;\" align=\"center\">\n<td style=\"background-color: white;\" valign=\"top\">\n<p><span style=\"font-size: 14px;\">Espessura da fita de cintagem<\/span><\/p>\n<\/td>\n<td style=\"background-color: white;\" valign=\"top\">\n<p><span style=\"font-size: 14px;\">0,7-1,1 mm<\/span><\/p>\n<\/td>\n<\/tr>\n<tr style=\"height: 14.25pt;\" align=\"center\">\n<td style=\"background-color: white;\" valign=\"top\">\n<p><span style=\"font-size: 14px;\">Peso da m\u00e1quina<\/span><\/p>\n<\/td>\n<td style=\"background-color: white;\" valign=\"top\">\n<p><span style=\"font-size: 14px;\">90kg<\/span><\/p>\n<\/td>\n<\/tr>\n<tr style=\"height: 14.25pt;\" align=\"center\">\n<td style=\"background-color: white;\" valign=\"top\">\n<p><span style=\"font-size: 14px;\">Tamanho da m\u00e1quina (C*L*A)<\/span><\/p>\n<\/td>\n<td style=\"background-color: white;\" valign=\"top\">\n<p><span style=\"font-size: 14px;\">895*565*735mm<\/span><\/p>\n<\/td>\n<\/tr>\n<\/tbody>\n<\/table>\n<p data-section-blank=\"AliPostDhMb-ipg90\"><span style=\"font-size: 14px;\">&nbsp;<\/span><\/p><\/p>","protected":false},"excerpt":{"rendered":"<p>M\u00e1quina de cintagem semi-autom\u00e1tica de mesa alta<\/p>","protected":false},"featured_media":3234,"comment_status":"closed","ping_status":"open","template":"","meta":[],"product_brand":[],"product_cat":[102],"product_tag":[],"class_list":{"0":"post-3233","1":"product","2":"type-product","3":"status-publish","4":"has-post-thumbnail","6":"product_cat-packaging-machines","8":"first","9":"instock","10":"sale","11":"purchasable","12":"product-type-simple"},"yoast_head":"<!-- This site is optimized with the Yoast SEO Premium plugin v20.9 (Yoast SEO v26.5) - https:\/\/yoast.com\/wordpress\/plugins\/seo\/ -->\n<title>KZ900 High Desk Semi automatic Strapping Machine - ALF PACK<\/title>\n<meta name=\"robots\" content=\"index, follow, max-snippet:-1, max-image-preview:large, max-video-preview:-1\" \/>\n<link rel=\"canonical\" href=\"https:\/\/alfequipment.com\/pt\/product\/kz900-maquina-de-cintar-semi-automatica-de-mesa-alta\/\" \/>\n<meta property=\"og:locale\" content=\"pt_PT\" \/>\n<meta property=\"og:type\" content=\"article\" \/>\n<meta property=\"og:title\" content=\"KZ900 High Desk Semi automatic Strapping Machine\" \/>\n<meta property=\"og:description\" content=\"High Desk Semi Automatic Strapping Machine\" \/>\n<meta property=\"og:url\" content=\"https:\/\/alfequipment.com\/pt\/product\/kz900-maquina-de-cintar-semi-automatica-de-mesa-alta\/\" \/>\n<meta property=\"og:site_name\" content=\"ALF PACK\" \/>\n<meta property=\"article:modified_time\" content=\"2025-01-13T13:15:15+00:00\" \/>\n<meta property=\"og:image\" content=\"https:\/\/alfequipment.com\/wp-content\/uploads\/2025\/01\/HTB1Xya9X2NNTKJjSspkq6yeWFXa7.jpg\" \/>\n\t<meta property=\"og:image:width\" content=\"800\" \/>\n\t<meta property=\"og:image:height\" content=\"800\" \/>\n\t<meta property=\"og:image:type\" content=\"image\/webp\" \/>\n<meta name=\"twitter:card\" content=\"summary_large_image\" \/>\n<meta name=\"twitter:label1\" content=\"Tempo estimado de leitura\" \/>\n\t<meta name=\"twitter:data1\" content=\"1 minuto\" \/>\n<script type=\"application\/ld+json\" class=\"yoast-schema-graph\">{\"@context\":\"https:\/\/schema.org\",\"@graph\":[{\"@type\":\"WebPage\",\"@id\":\"https:\/\/alfequipment.com\/product\/kz900-high-desk-semi-automatic-strapping-machine\/\",\"url\":\"https:\/\/alfequipment.com\/product\/kz900-high-desk-semi-automatic-strapping-machine\/\",\"name\":\"KZ900 High Desk Semi automatic Strapping Machine - ALF PACK\",\"isPartOf\":{\"@id\":\"https:\/\/alfequipment.com\/#website\"},\"primaryImageOfPage\":{\"@id\":\"https:\/\/alfequipment.com\/product\/kz900-high-desk-semi-automatic-strapping-machine\/#primaryimage\"},\"image\":{\"@id\":\"https:\/\/alfequipment.com\/product\/kz900-high-desk-semi-automatic-strapping-machine\/#primaryimage\"},\"thumbnailUrl\":\"https:\/\/alfequipment.com\/wp-content\/uploads\/2025\/01\/HTB1Xya9X2NNTKJjSspkq6yeWFXa7.jpg\",\"datePublished\":\"2025-01-11T05:30:06+00:00\",\"dateModified\":\"2025-01-13T13:15:15+00:00\",\"breadcrumb\":{\"@id\":\"https:\/\/alfequipment.com\/product\/kz900-high-desk-semi-automatic-strapping-machine\/#breadcrumb\"},\"inLanguage\":\"pt-PT\",\"potentialAction\":[{\"@type\":\"ReadAction\",\"target\":[\"https:\/\/alfequipment.com\/product\/kz900-high-desk-semi-automatic-strapping-machine\/\"]}]},{\"@type\":\"ImageObject\",\"inLanguage\":\"pt-PT\",\"@id\":\"https:\/\/alfequipment.com\/product\/kz900-high-desk-semi-automatic-strapping-machine\/#primaryimage\",\"url\":\"https:\/\/alfequipment.com\/wp-content\/uploads\/2025\/01\/HTB1Xya9X2NNTKJjSspkq6yeWFXa7.jpg\",\"contentUrl\":\"https:\/\/alfequipment.com\/wp-content\/uploads\/2025\/01\/HTB1Xya9X2NNTKJjSspkq6yeWFXa7.jpg\",\"width\":800,\"height\":800},{\"@type\":\"BreadcrumbList\",\"@id\":\"https:\/\/alfequipment.com\/product\/kz900-high-desk-semi-automatic-strapping-machine\/#breadcrumb\",\"itemListElement\":[{\"@type\":\"ListItem\",\"position\":1,\"name\":\"Home\",\"item\":\"https:\/\/alfequipment.com\/\"},{\"@type\":\"ListItem\",\"position\":2,\"name\":\"Shop\",\"item\":\"https:\/\/alfequipment.com\/shop\/\"},{\"@type\":\"ListItem\",\"position\":3,\"name\":\"KZ900 High Desk Semi automatic Strapping Machine\"}]},{\"@type\":\"WebSite\",\"@id\":\"https:\/\/alfequipment.com\/#website\",\"url\":\"https:\/\/alfequipment.com\/\",\"name\":\"ALF PACK\",\"description\":\"\",\"publisher\":{\"@id\":\"https:\/\/alfequipment.com\/#organization\"},\"potentialAction\":[{\"@type\":\"SearchAction\",\"target\":{\"@type\":\"EntryPoint\",\"urlTemplate\":\"https:\/\/alfequipment.com\/?s={search_term_string}\"},\"query-input\":{\"@type\":\"PropertyValueSpecification\",\"valueRequired\":true,\"valueName\":\"search_term_string\"}}],\"inLanguage\":\"pt-PT\"},{\"@type\":\"Organization\",\"@id\":\"https:\/\/alfequipment.com\/#organization\",\"name\":\"ALF PACK\",\"url\":\"https:\/\/alfequipment.com\/\",\"logo\":{\"@type\":\"ImageObject\",\"inLanguage\":\"pt-PT\",\"@id\":\"https:\/\/alfequipment.com\/#\/schema\/logo\/image\/\",\"url\":\"https:\/\/alfequipment.com\/wp-content\/uploads\/2024\/11\/ALFlogo-2.webp\",\"contentUrl\":\"https:\/\/alfequipment.com\/wp-content\/uploads\/2024\/11\/ALFlogo-2.webp\",\"width\":758,\"height\":750,\"caption\":\"ALF PACK\"},\"image\":{\"@id\":\"https:\/\/alfequipment.com\/#\/schema\/logo\/image\/\"}}]}<\/script>\n<!-- \/ Yoast SEO Premium plugin. -->","yoast_head_json":{"title":"M\u00e1quina de cintar semi-autom\u00e1tica de mesa alta KZ900 - ALF PACK","robots":{"index":"index","follow":"follow","max-snippet":"max-snippet:-1","max-image-preview":"max-image-preview:large","max-video-preview":"max-video-preview:-1"},"canonical":"https:\/\/alfequipment.com\/pt\/product\/kz900-maquina-de-cintar-semi-automatica-de-mesa-alta\/","og_locale":"pt_PT","og_type":"article","og_title":"KZ900 High Desk Semi automatic Strapping Machine","og_description":"High Desk Semi Automatic Strapping Machine","og_url":"https:\/\/alfequipment.com\/pt\/product\/kz900-maquina-de-cintar-semi-automatica-de-mesa-alta\/","og_site_name":"ALF PACK","article_modified_time":"2025-01-13T13:15:15+00:00","og_image":[{"width":800,"height":800,"url":"https:\/\/alfequipment.com\/wp-content\/uploads\/2025\/01\/HTB1Xya9X2NNTKJjSspkq6yeWFXa7.jpg","type":"image\/webp"}],"twitter_card":"summary_large_image","twitter_misc":{"Tempo estimado de leitura":"1 minuto"},"schema":{"@context":"https:\/\/schema.org","@graph":[{"@type":"WebPage","@id":"https:\/\/alfequipment.com\/product\/kz900-high-desk-semi-automatic-strapping-machine\/","url":"https:\/\/alfequipment.com\/product\/kz900-high-desk-semi-automatic-strapping-machine\/","name":"M\u00e1quina de cintar semi-autom\u00e1tica de mesa alta KZ900 - ALF PACK","isPartOf":{"@id":"https:\/\/alfequipment.com\/#website"},"primaryImageOfPage":{"@id":"https:\/\/alfequipment.com\/product\/kz900-high-desk-semi-automatic-strapping-machine\/#primaryimage"},"image":{"@id":"https:\/\/alfequipment.com\/product\/kz900-high-desk-semi-automatic-strapping-machine\/#primaryimage"},"thumbnailUrl":"https:\/\/alfequipment.com\/wp-content\/uploads\/2025\/01\/HTB1Xya9X2NNTKJjSspkq6yeWFXa7.jpg","datePublished":"2025-01-11T05:30:06+00:00","dateModified":"2025-01-13T13:15:15+00:00","breadcrumb":{"@id":"https:\/\/alfequipment.com\/product\/kz900-high-desk-semi-automatic-strapping-machine\/#breadcrumb"},"inLanguage":"pt-PT","potentialAction":[{"@type":"ReadAction","target":["https:\/\/alfequipment.com\/product\/kz900-high-desk-semi-automatic-strapping-machine\/"]}]},{"@type":"ImageObject","inLanguage":"pt-PT","@id":"https:\/\/alfequipment.com\/product\/kz900-high-desk-semi-automatic-strapping-machine\/#primaryimage","url":"https:\/\/alfequipment.com\/wp-content\/uploads\/2025\/01\/HTB1Xya9X2NNTKJjSspkq6yeWFXa7.jpg","contentUrl":"https:\/\/alfequipment.com\/wp-content\/uploads\/2025\/01\/HTB1Xya9X2NNTKJjSspkq6yeWFXa7.jpg","width":800,"height":800},{"@type":"BreadcrumbList","@id":"https:\/\/alfequipment.com\/product\/kz900-high-desk-semi-automatic-strapping-machine\/#breadcrumb","itemListElement":[{"@type":"ListItem","position":1,"name":"Home","item":"https:\/\/alfequipment.com\/"},{"@type":"ListItem","position":2,"name":"Shop","item":"https:\/\/alfequipment.com\/shop\/"},{"@type":"ListItem","position":3,"name":"KZ900 High Desk Semi automatic Strapping Machine"}]},{"@type":"WebSite","@id":"https:\/\/alfequipment.com\/#website","url":"https:\/\/alfequipment.com\/","name":"PACK ALF","description":"","publisher":{"@id":"https:\/\/alfequipment.com\/#organization"},"potentialAction":[{"@type":"SearchAction","target":{"@type":"EntryPoint","urlTemplate":"https:\/\/alfequipment.com\/?s={search_term_string}"},"query-input":{"@type":"PropertyValueSpecification","valueRequired":true,"valueName":"search_term_string"}}],"inLanguage":"pt-PT"},{"@type":"Organization","@id":"https:\/\/alfequipment.com\/#organization","name":"PACK ALF","url":"https:\/\/alfequipment.com\/","logo":{"@type":"ImageObject","inLanguage":"pt-PT","@id":"https:\/\/alfequipment.com\/#\/schema\/logo\/image\/","url":"https:\/\/alfequipment.com\/wp-content\/uploads\/2024\/11\/ALFlogo-2.webp","contentUrl":"https:\/\/alfequipment.com\/wp-content\/uploads\/2024\/11\/ALFlogo-2.webp","width":758,"height":750,"caption":"ALF PACK"},"image":{"@id":"https:\/\/alfequipment.com\/#\/schema\/logo\/image\/"}}]}},"_links":{"self":[{"href":"https:\/\/alfequipment.com\/pt\/wp-json\/wp\/v2\/product\/3233","targetHints":{"allow":["GET"]}}],"collection":[{"href":"https:\/\/alfequipment.com\/pt\/wp-json\/wp\/v2\/product"}],"about":[{"href":"https:\/\/alfequipment.com\/pt\/wp-json\/wp\/v2\/types\/product"}],"replies":[{"embeddable":true,"href":"https:\/\/alfequipment.com\/pt\/wp-json\/wp\/v2\/comments?post=3233"}],"version-history":[{"count":0,"href":"https:\/\/alfequipment.com\/pt\/wp-json\/wp\/v2\/product\/3233\/revisions"}],"wp:featuredmedia":[{"embeddable":true,"href":"https:\/\/alfequipment.com\/pt\/wp-json\/wp\/v2\/media\/3234"}],"wp:attachment":[{"href":"https:\/\/alfequipment.com\/pt\/wp-json\/wp\/v2\/media?parent=3233"}],"wp:term":[{"taxonomy":"product_brand","embeddable":true,"href":"https:\/\/alfequipment.com\/pt\/wp-json\/wp\/v2\/product_brand?post=3233"},{"taxonomy":"product_cat","embeddable":true,"href":"https:\/\/alfequipment.com\/pt\/wp-json\/wp\/v2\/product_cat?post=3233"},{"taxonomy":"product_tag","embeddable":true,"href":"https:\/\/alfequipment.com\/pt\/wp-json\/wp\/v2\/product_tag?post=3233"}],"curies":[{"name":"wp","href":"https:\/\/api.w.org\/{rel}","templated":true}]}}