{"id":3235,"date":"2024-12-11T08:05:52","date_gmt":"2024-12-11T08:05:52","guid":{"rendered":"https:\/\/alfequipment.com\/product\/dz500-2sb-automatic-double-chamber-vacuum-packaging-machine\/"},"modified":"2025-01-13T13:15:18","modified_gmt":"2025-01-13T13:15:18","slug":"dz500-2sb-maquina-automatica-de-embalagem-a-vacuo-de-camara-dupla","status":"publish","type":"product","link":"https:\/\/alfequipment.com\/pt\/product\/dz500-2sb-maquina-automatica-de-embalagem-a-vacuo-de-camara-dupla\/","title":{"rendered":"M\u00e1quina de embalagem a v\u00e1cuo de c\u00e2mara dupla autom\u00e1tica DZ500-2SB"},"content":{"rendered":"<div data-maya=\"{&quot;theme&quot;:{&quot;face&quot;:&quot;yin&quot;,&quot;fontFace&quot;:&quot;Roboto&quot;,&quot;fontSize&quot;:22,&quot;colors&quot;:1},&quot;items&quot;:[{&quot;title&quot;:&quot;c0imf&quot;,&quot;formats&quot;:[[[{&quot;suvep&quot;:&quot;H&quot;},{&quot;jh7pn&quot;:&quot;P&quot;}]],[{&quot;69q5o&quot;:{&quot;name&quot;:&quot;Tc&quot;,&quot;theme&quot;:&quot;col-header&quot;,&quot;tableCfgs&quot;:{&quot;sizes&quot;:{&quot;colWidths&quot;:[245,458],&quot;rowHeights&quot;:[22,22,22,22,22,22,22,22,22]}}}}],[{&quot;1m5tc&quot;:&quot;Ia&quot;}],[{&quot;td8md&quot;:&quot;Ih&quot;},{&quot;24wo6&quot;:&quot;Ih&quot;}],[[{&quot;p5rvi&quot;:&quot;Ib&quot;},[{&quot;5zm6v&quot;:&quot;Id&quot;},{&quot;c172l&quot;:&quot;Id&quot;}]]],[{&quot;lxdv2&quot;:&quot;Ia&quot;}],[{&quot;mckk2&quot;:&quot;Ia&quot;}]]},{&quot;title&quot;:&quot;ib1qs&quot;,&quot;formats&quot;:[[{&quot;37qi4&quot;:&quot;Ii&quot;},{&quot;31wb2&quot;:&quot;Ii&quot;},{&quot;hp46l&quot;:&quot;Ii&quot;}]]},{&quot;title&quot;:&quot;k5qu4&quot;,&quot;formats&quot;:[[{&quot;okcsx&quot;:&quot;Ia&quot;}]]},{&quot;title&quot;:&quot;0zddp&quot;,&quot;formats&quot;:[[{&quot;bnxwi&quot;:&quot;Ih&quot;},{&quot;5mogs&quot;:{&quot;name&quot;:&quot;Te&quot;,&quot;theme&quot;:&quot;double-header&quot;,&quot;tableCfgs&quot;:{&quot;sizes&quot;:{&quot;colWidths&quot;:[72,252],&quot;rowHeights&quot;:[23,23,23,196]}}}}]]},{&quot;title&quot;:&quot;rjcq0&quot;,&quot;formats&quot;:[[{&quot;eh1m6&quot;:&quot;Ih&quot;},{&quot;c9nsk&quot;:&quot;Ih&quot;}]]}]}\">\n<div>\n<div style=\"vertical-align: top;padding-top: 15px; padding-bottom: 15px;\">\n<div style=\"vertical-align: top;padding-top: 10px; padding-bottom: 10px; margin-right: -4px; margin-left: -4px;\">\n<div style=\"vertical-align: top; box-sizing: border-box; padding-right: 4px; padding-left: 4px;margin-top: -4px; margin-bottom: -4px;\">\n<div id=\"suvep\" style=\"vertical-align: top; box-sizing: border-box; padding-top: 4px; padding-bottom: 4px\">\n<h3 style=\"padding: 0px; font-size: 16px; line-height: 20px; font-weight: bold; margin: 0px;\"><span style=\"font-family: &quot;Open Sans&quot;; font-size: 13px;\">1.DZ500-2SB \u00e9 caracterizado pelo processamento autom\u00e1tico de aspira\u00e7\u00e3o, selagem, impress\u00e3o, arrefecimento numa \u00fanica opera\u00e7\u00e3o.<\/span><\/h3>\n<\/div>\n<div id=\"jh7pn\" style=\"vertical-align: top; box-sizing: border-box; padding-top: 4px; padding-bottom: 4px\">\n<p style=\"margin:0;padding:0;\">2.O operador pode preparar os sacos para a embalagem a v\u00e1cuo seguinte noutra c\u00e2mara quando uma c\u00e2mara est\u00e1 a embalar.<\/p>\n<p>3.maior efici\u00eancia do que a m\u00e1quina de c\u00e2mara \u00fanica.<\/p>\n<p>4. amplamente utilizado na embalagem a v\u00e1cuo para as ind\u00fastrias alimentar, farmac\u00eautica, aqu\u00e1tica, qu\u00edmica e eletr\u00f3nica. A embalagem a v\u00e1cuo pode evitar a oxida\u00e7\u00e3o e o bolor dos produtos, bem como a corros\u00e3o e a humidade. <\/p>\n<p>5. prolonga a vida e a frescura dos produtos durante um per\u00edodo de armazenamento prolongado.<\/p>\n<p>6. A m\u00e1quina da s\u00e9rie DZQ-2SB enche o saco com algum tipo de g\u00e1s, como o azoto, depois de aspirar o saco. O g\u00e1s nitrog\u00e9nio ajuda a ter um tempo de frescura mais longo do que o estado de v\u00e1cuo.<\/p>\n<\/p><\/div>\n<\/p><\/div>\n<\/p><\/div>\n<div style=\"vertical-align: top;padding-top: 10px; padding-bottom: 10px; margin-right: -4px; margin-left: -4px;\">\n<div id=\"69q5o\" style=\"vertical-align: top; box-sizing: border-box; padding-right: 4px; padding-left: 4px\">\n<table style=\"width: auto; border-collapse: collapse; word-wrap: break-word;\" class=\"aliDataTable\">\n<tbody>\n<tr>\n<td style=\"background-color: rgb(218, 226, 237);\">\n<div style=\"width: 245px; height: 22px; padding: 5px 10px; overflow: hidden;\">\n          Modelo\n         <\/div>\n<\/td>\n<td>\n<div style=\"width: 458px; height: 22px; padding: 5px 10px; overflow: hidden;\">\n          DZ500-2SB\n         <\/div>\n<\/td>\n<\/tr>\n<tr>\n<td style=\"background-color: rgb(218, 226, 237);\">\n<div style=\"width: 245px; height: 22px; padding: 5px 10px; overflow: hidden;\">\n          Fonte de alimenta\u00e7\u00e3o\n         <\/div>\n<\/td>\n<td>\n<div style=\"width: 458px; height: 22px; padding: 5px 10px; overflow: hidden;\">\n          220V\/50Hz\n         <\/div>\n<\/td>\n<\/tr>\n<tr>\n<td style=\"background-color: rgb(218, 226, 237);\">\n<div style=\"width: 245px; height: 22px; padding: 5px 10px; overflow: hidden;\">\n          Pot\u00eancia\n         <\/div>\n<\/td>\n<td>\n<div style=\"width: 458px; height: 22px; padding: 5px 10px; overflow: hidden;\">\n          2,3KW\n         <\/div>\n<\/td>\n<\/tr>\n<tr>\n<td style=\"background-color: rgb(218, 226, 237);\">\n<div style=\"width: 245px; height: 22px; padding: 5px 10px; overflow: hidden;\">\n          Velocidade de selagem\n         <\/div>\n<\/td>\n<td>\n<div style=\"width: 458px; height: 22px; padding: 5px 10px; overflow: hidden;\">\n          1-4 vezes\/minuto\n         <\/div>\n<\/td>\n<\/tr>\n<tr>\n<td style=\"background-color: rgb(218, 226, 237);\">\n<div style=\"width: 245px; height: 22px; padding: 5px 10px; overflow: hidden;\">\n          Tamanho da sala de trabalho\n         <\/div>\n<\/td>\n<td>\n<div style=\"width: 458px; height: 22px; padding: 5px 10px; overflow: hidden;\">\n          L570\u00d7W540\u00d7H110mm\n         <\/div>\n<\/td>\n<\/tr>\n<tr>\n<td style=\"background-color: rgb(218, 226, 237);\">\n<div style=\"width: 245px; height: 22px; padding: 5px 10px; overflow: hidden;\">\n          Comprimento de veda\u00e7\u00e3o\n         <\/div>\n<\/td>\n<td>\n<div style=\"width: 458px; height: 22px; padding: 5px 10px; overflow: hidden;\">\n          500*10mm\n         <\/div>\n<\/td>\n<\/tr>\n<tr>\n<td style=\"background-color: rgb(218, 226, 237);\">\n<div style=\"width: 245px; height: 22px; padding: 5px 10px; overflow: hidden;\">\n          C\u00d3DIGO SH\n         <\/div>\n<\/td>\n<td>\n<div style=\"width: 458px; height: 22px; padding: 5px 10px; overflow: hidden;\">\n          8422400000\n         <\/div>\n<\/td>\n<\/tr>\n<tr>\n<td style=\"background-color: rgb(218, 226, 237);\">\n<div style=\"width: 245px; height: 22px; padding: 5px 10px; overflow: hidden;\">\n          Peso\n         <\/div>\n<\/td>\n<td>\n<div style=\"width: 458px; height: 22px; padding: 5px 10px; overflow: hidden;\">\n          250 kg\n         <\/div>\n<\/td>\n<\/tr>\n<tr>\n<td style=\"background-color: rgb(218, 226, 237);\">\n<div style=\"width: 245px; height: 22px; padding: 5px 10px; overflow: hidden;\">\n          Tamanho externo\n         <\/div>\n<\/td>\n<td>\n<div style=\"width: 458px; height: 22px; padding: 5px 10px; overflow: hidden;\">\n          L1350\u00d7W850\u00d7H980mm\n         <\/div>\n<\/td>\n<\/tr>\n<\/tbody>\n<\/table><\/div>\n<\/p><\/div>\n<div style=\"vertical-align: top;padding-top: 10px; padding-bottom: 10px; margin-right: -4px; margin-left: -4px;\">\n<div id=\"1m5tc\" style=\"vertical-align: top; box-sizing: border-box; padding-right: 4px; padding-left: 4px\">\n<div style=\"overflow: hidden; width: 750px; height: 750px;\">\n      <img decoding=\"async\" src=\"https:\/\/sc01.alicdn.com\/kf\/HTB1bl1faIrrK1RjSspaq6AREXXap\/64496\/HTB1bl1faIrrK1RjSspaq6AREXXap.jpg\" style=\"width: 750px; height: 750px; margin-left: 0px; margin-top: 0px;\" class=\"aligncenter\">\n     <\/div>\n<\/p><\/div>\n<\/p><\/div>\n<div style=\"vertical-align: top;padding-top: 10px; padding-bottom: 10px; margin-right: -4px; margin-left: -4px;\">\n<div id=\"td8md\" style=\"vertical-align: top; width: 50%; display: inline-block; box-sizing: border-box; padding-right: 4px; padding-left: 4px\">\n<div style=\"overflow: hidden; width: 371px; height: 320px;\">\n      <img decoding=\"async\" src=\"https:\/\/sc01.alicdn.com\/kf\/HTB1x.KkaN2rK1RkSnhJq6ykdpXaG\/64496\/HTB1x.KkaN2rK1RkSnhJq6ykdpXaG.jpg\" style=\"width: 479.76px; height: 320px; margin-left: -59px; margin-top: 0px;\" class=\"aligncenter\">\n     <\/div>\n<\/p><\/div>\n<div id=\"24wo6\" style=\"vertical-align: top; width: 50%; display: inline-block; box-sizing: border-box; padding-right: 4px; padding-left: 4px\">\n<div style=\"overflow: hidden; width: 371px; height: 320px;\">\n      <img decoding=\"async\" src=\"https:\/\/sc01.alicdn.com\/kf\/HTB18gWhaOLxK1Rjy0Ffq6zYdVXaz\/64496\/HTB18gWhaOLxK1Rjy0Ffq6zYdVXaz.jpg\" style=\"width: 479.76px; height: 320px; margin-left: -44px; margin-top: 0px;\" class=\"aligncenter\">\n     <\/div>\n<\/p><\/div>\n<\/p><\/div>\n<div style=\"vertical-align: top;padding-top: 10px; padding-bottom: 10px; margin-right: -4px; margin-left: -4px;\">\n<div style=\"vertical-align: top; box-sizing: border-box; padding-right: 4px; padding-left: 4px;margin-top: -4px; margin-bottom: -4px;\">\n<div id=\"p5rvi\" style=\"vertical-align: top; box-sizing: border-box; padding-top: 4px; padding-bottom: 4px\">\n<div style=\"overflow: hidden; width: 750px; height: 320px;\">\n       <img decoding=\"async\" src=\"https:\/\/sc02.alicdn.com\/kf\/HTB1tDycaOnrK1Rjy1Xcq6yeDVXaK\/64496\/HTB1tDycaOnrK1Rjy1Xcq6yeDVXaK.jpg\" style=\"width: 750px; height: 500.25px; margin-left: 0px; margin-top: -36px;\" class=\"aligncenter\">\n      <\/div>\n<\/p><\/div>\n<div style=\"vertical-align: top; box-sizing: border-box; padding-top: 4px; padding-bottom: 4px;margin-right: -4px; margin-left: -4px;\">\n<div id=\"5zm6v\" style=\"vertical-align: top; width: 50%; display: inline-block; box-sizing: border-box; padding-right: 4px; padding-left: 4px\">\n<div style=\"overflow: hidden; width: 371px; height: 200px;\">\n        <img decoding=\"async\" src=\"https:\/\/sc01.alicdn.com\/kf\/HTB1h2aoaULrK1Rjy0Fjq6zYXFXab\/64496\/HTB1h2aoaULrK1Rjy0Fjq6zYXFXab.jpg\" style=\"width: 371px; height: 247.457px; margin-left: 0px; margin-top: -20px;\" class=\"aligncenter\">\n       <\/div>\n<\/p><\/div>\n<div id=\"c172l\" style=\"vertical-align: top; width: 50%; display: inline-block; box-sizing: border-box; padding-right: 4px; padding-left: 4px\">\n<div style=\"overflow: hidden; width: 371px; height: 200px;\">\n        <img decoding=\"async\" src=\"https:\/\/sc01.alicdn.com\/kf\/HTB18feoaULrK1Rjy0Fjq6zYXFXav\/64496\/HTB18feoaULrK1Rjy0Fjq6zYXFXav.jpg\" style=\"width: 371px; height: 247.457px; margin-left: 0px; margin-top: -25px;\" class=\"aligncenter\">\n       <\/div>\n<\/p><\/div>\n<\/p><\/div>\n<\/p><\/div>\n<\/p><\/div>\n<div style=\"vertical-align: top;padding-top: 10px; padding-bottom: 10px; margin-right: -4px; margin-left: -4px;\">\n<div id=\"lxdv2\" style=\"vertical-align: top; box-sizing: border-box; padding-right: 4px; padding-left: 4px\">\n<div style=\"overflow: hidden; width: 750px; height: 500.25px;\">\n      <img decoding=\"async\" src=\"https:\/\/sc01.alicdn.com\/kf\/HTB1._9gaUvrK1RjSszfq6xJNVXa5\/64496\/HTB1._9gaUvrK1RjSszfq6xJNVXa5.jpg\" style=\"width: 750px; height: 500.25px; margin-left: 0px; margin-top: 0px;\" class=\"aligncenter\">\n     <\/div>\n<\/p><\/div>\n<\/p><\/div>\n<div style=\"vertical-align: top;padding-top: 10px; padding-bottom: 10px; margin-right: -4px; margin-left: -4px;\">\n<div id=\"mckk2\" style=\"vertical-align: top; box-sizing: border-box; padding-right: 4px; padding-left: 4px\">\n<div style=\"overflow: hidden; width: 750px; height: 990.19px;\">\n      <img decoding=\"async\" src=\"https:\/\/sc02.alicdn.com\/kf\/HTB16hV9aUvrK1RjSspcq6zzSXXaM\/64496\/HTB16hV9aUvrK1RjSspcq6zzSXXaM.jpg\" style=\"width: 750px; height: 990.19px; margin-left: 0px; margin-top: 0px;\" class=\"aligncenter\"><\/div>\n<\/div>\n<\/div>\n<\/div>\n<div style=\"vertical-align: top;padding-top: 15px; padding-bottom: 15px;\">\n<div style=\"vertical-align: top;padding-top: 10px; padding-bottom: 10px; margin-right: -4px; margin-left: -4px;\">\n<div id=\"c9nsk\" style=\"vertical-align: top; width: 50%; display: inline-block; box-sizing: border-box; padding-right: 4px; padding-left: 4px\">\n    <\/div>\n<\/p><\/div>\n<\/p><\/div>\n<\/p><\/div>\n<\/div>","protected":false},"excerpt":{"rendered":"<p>M\u00e1quina autom\u00e1tica de embalagem a v\u00e1cuo de c\u00e2mara dupla com sistema de enchimento de g\u00e1s<\/p>","protected":false},"featured_media":3236,"comment_status":"closed","ping_status":"open","template":"","meta":[],"product_brand":[],"product_cat":[100],"product_tag":[],"class_list":{"0":"post-3235","1":"product","2":"type-product","3":"status-publish","4":"has-post-thumbnail","6":"product_cat-vacuum-packing-machines","8":"first","9":"instock","10":"sale","11":"purchasable","12":"product-type-simple"},"yoast_head":"<!-- This site is optimized with the Yoast SEO Premium plugin v20.9 (Yoast SEO v26.5) - https:\/\/yoast.com\/wordpress\/plugins\/seo\/ -->\n<title>DZ500-2SB Automatic double chamber Vacuum Packaging Machine - ALF PACK<\/title>\n<meta name=\"robots\" content=\"index, follow, max-snippet:-1, max-image-preview:large, max-video-preview:-1\" \/>\n<link rel=\"canonical\" href=\"https:\/\/alfequipment.com\/pt\/product\/dz500-2sb-maquina-automatica-de-embalagem-a-vacuo-de-camara-dupla\/\" \/>\n<meta property=\"og:locale\" content=\"pt_PT\" \/>\n<meta property=\"og:type\" content=\"article\" \/>\n<meta property=\"og:title\" content=\"DZ500-2SB Automatic double chamber Vacuum Packaging Machine\" \/>\n<meta property=\"og:description\" content=\"Automatic Double Chamber Vacuum Packaging Machine With Gas Filling System\" \/>\n<meta property=\"og:url\" content=\"https:\/\/alfequipment.com\/pt\/product\/dz500-2sb-maquina-automatica-de-embalagem-a-vacuo-de-camara-dupla\/\" \/>\n<meta property=\"og:site_name\" content=\"ALF PACK\" \/>\n<meta property=\"article:modified_time\" content=\"2025-01-13T13:15:18+00:00\" \/>\n<meta property=\"og:image\" content=\"https:\/\/alfequipment.com\/wp-content\/uploads\/2025\/01\/HTB1ExGhaI_vK1Rjy0Foq6xIxVXaD.jpg\" \/>\n\t<meta property=\"og:image:width\" content=\"800\" \/>\n\t<meta property=\"og:image:height\" content=\"800\" \/>\n\t<meta property=\"og:image:type\" content=\"image\/webp\" \/>\n<meta name=\"twitter:card\" content=\"summary_large_image\" \/>\n<meta name=\"twitter:label1\" content=\"Tempo estimado de leitura\" \/>\n\t<meta name=\"twitter:data1\" content=\"1 minuto\" \/>\n<script type=\"application\/ld+json\" class=\"yoast-schema-graph\">{\"@context\":\"https:\/\/schema.org\",\"@graph\":[{\"@type\":\"WebPage\",\"@id\":\"https:\/\/alfequipment.com\/product\/dz500-2sb-automatic-double-chamber-vacuum-packaging-machine\/\",\"url\":\"https:\/\/alfequipment.com\/product\/dz500-2sb-automatic-double-chamber-vacuum-packaging-machine\/\",\"name\":\"DZ500-2SB Automatic double chamber Vacuum Packaging Machine - ALF PACK\",\"isPartOf\":{\"@id\":\"https:\/\/alfequipment.com\/#website\"},\"primaryImageOfPage\":{\"@id\":\"https:\/\/alfequipment.com\/product\/dz500-2sb-automatic-double-chamber-vacuum-packaging-machine\/#primaryimage\"},\"image\":{\"@id\":\"https:\/\/alfequipment.com\/product\/dz500-2sb-automatic-double-chamber-vacuum-packaging-machine\/#primaryimage\"},\"thumbnailUrl\":\"https:\/\/alfequipment.com\/wp-content\/uploads\/2025\/01\/HTB1ExGhaI_vK1Rjy0Foq6xIxVXaD.jpg\",\"datePublished\":\"2024-12-11T08:05:52+00:00\",\"dateModified\":\"2025-01-13T13:15:18+00:00\",\"breadcrumb\":{\"@id\":\"https:\/\/alfequipment.com\/product\/dz500-2sb-automatic-double-chamber-vacuum-packaging-machine\/#breadcrumb\"},\"inLanguage\":\"pt-PT\",\"potentialAction\":[{\"@type\":\"ReadAction\",\"target\":[\"https:\/\/alfequipment.com\/product\/dz500-2sb-automatic-double-chamber-vacuum-packaging-machine\/\"]}]},{\"@type\":\"ImageObject\",\"inLanguage\":\"pt-PT\",\"@id\":\"https:\/\/alfequipment.com\/product\/dz500-2sb-automatic-double-chamber-vacuum-packaging-machine\/#primaryimage\",\"url\":\"https:\/\/alfequipment.com\/wp-content\/uploads\/2025\/01\/HTB1ExGhaI_vK1Rjy0Foq6xIxVXaD.jpg\",\"contentUrl\":\"https:\/\/alfequipment.com\/wp-content\/uploads\/2025\/01\/HTB1ExGhaI_vK1Rjy0Foq6xIxVXaD.jpg\",\"width\":800,\"height\":800},{\"@type\":\"BreadcrumbList\",\"@id\":\"https:\/\/alfequipment.com\/product\/dz500-2sb-automatic-double-chamber-vacuum-packaging-machine\/#breadcrumb\",\"itemListElement\":[{\"@type\":\"ListItem\",\"position\":1,\"name\":\"Home\",\"item\":\"https:\/\/alfequipment.com\/\"},{\"@type\":\"ListItem\",\"position\":2,\"name\":\"Shop\",\"item\":\"https:\/\/alfequipment.com\/shop\/\"},{\"@type\":\"ListItem\",\"position\":3,\"name\":\"DZ500-2SB Automatic double chamber Vacuum Packaging Machine\"}]},{\"@type\":\"WebSite\",\"@id\":\"https:\/\/alfequipment.com\/#website\",\"url\":\"https:\/\/alfequipment.com\/\",\"name\":\"ALF PACK\",\"description\":\"\",\"publisher\":{\"@id\":\"https:\/\/alfequipment.com\/#organization\"},\"potentialAction\":[{\"@type\":\"SearchAction\",\"target\":{\"@type\":\"EntryPoint\",\"urlTemplate\":\"https:\/\/alfequipment.com\/?s={search_term_string}\"},\"query-input\":{\"@type\":\"PropertyValueSpecification\",\"valueRequired\":true,\"valueName\":\"search_term_string\"}}],\"inLanguage\":\"pt-PT\"},{\"@type\":\"Organization\",\"@id\":\"https:\/\/alfequipment.com\/#organization\",\"name\":\"ALF PACK\",\"url\":\"https:\/\/alfequipment.com\/\",\"logo\":{\"@type\":\"ImageObject\",\"inLanguage\":\"pt-PT\",\"@id\":\"https:\/\/alfequipment.com\/#\/schema\/logo\/image\/\",\"url\":\"https:\/\/alfequipment.com\/wp-content\/uploads\/2024\/11\/ALFlogo-2.webp\",\"contentUrl\":\"https:\/\/alfequipment.com\/wp-content\/uploads\/2024\/11\/ALFlogo-2.webp\",\"width\":758,\"height\":750,\"caption\":\"ALF PACK\"},\"image\":{\"@id\":\"https:\/\/alfequipment.com\/#\/schema\/logo\/image\/\"}}]}<\/script>\n<!-- \/ Yoast SEO Premium plugin. -->","yoast_head_json":{"title":"DZ500-2SB M\u00e1quina autom\u00e1tica de embalagem a v\u00e1cuo de c\u00e2mara dupla - ALF PACK","robots":{"index":"index","follow":"follow","max-snippet":"max-snippet:-1","max-image-preview":"max-image-preview:large","max-video-preview":"max-video-preview:-1"},"canonical":"https:\/\/alfequipment.com\/pt\/product\/dz500-2sb-maquina-automatica-de-embalagem-a-vacuo-de-camara-dupla\/","og_locale":"pt_PT","og_type":"article","og_title":"DZ500-2SB Automatic double chamber Vacuum Packaging Machine","og_description":"Automatic Double Chamber Vacuum Packaging Machine With Gas Filling System","og_url":"https:\/\/alfequipment.com\/pt\/product\/dz500-2sb-maquina-automatica-de-embalagem-a-vacuo-de-camara-dupla\/","og_site_name":"ALF PACK","article_modified_time":"2025-01-13T13:15:18+00:00","og_image":[{"width":800,"height":800,"url":"https:\/\/alfequipment.com\/wp-content\/uploads\/2025\/01\/HTB1ExGhaI_vK1Rjy0Foq6xIxVXaD.jpg","type":"image\/webp"}],"twitter_card":"summary_large_image","twitter_misc":{"Tempo estimado de leitura":"1 minuto"},"schema":{"@context":"https:\/\/schema.org","@graph":[{"@type":"WebPage","@id":"https:\/\/alfequipment.com\/product\/dz500-2sb-automatic-double-chamber-vacuum-packaging-machine\/","url":"https:\/\/alfequipment.com\/product\/dz500-2sb-automatic-double-chamber-vacuum-packaging-machine\/","name":"DZ500-2SB M\u00e1quina autom\u00e1tica de embalagem a v\u00e1cuo de c\u00e2mara dupla - ALF PACK","isPartOf":{"@id":"https:\/\/alfequipment.com\/#website"},"primaryImageOfPage":{"@id":"https:\/\/alfequipment.com\/product\/dz500-2sb-automatic-double-chamber-vacuum-packaging-machine\/#primaryimage"},"image":{"@id":"https:\/\/alfequipment.com\/product\/dz500-2sb-automatic-double-chamber-vacuum-packaging-machine\/#primaryimage"},"thumbnailUrl":"https:\/\/alfequipment.com\/wp-content\/uploads\/2025\/01\/HTB1ExGhaI_vK1Rjy0Foq6xIxVXaD.jpg","datePublished":"2024-12-11T08:05:52+00:00","dateModified":"2025-01-13T13:15:18+00:00","breadcrumb":{"@id":"https:\/\/alfequipment.com\/product\/dz500-2sb-automatic-double-chamber-vacuum-packaging-machine\/#breadcrumb"},"inLanguage":"pt-PT","potentialAction":[{"@type":"ReadAction","target":["https:\/\/alfequipment.com\/product\/dz500-2sb-automatic-double-chamber-vacuum-packaging-machine\/"]}]},{"@type":"ImageObject","inLanguage":"pt-PT","@id":"https:\/\/alfequipment.com\/product\/dz500-2sb-automatic-double-chamber-vacuum-packaging-machine\/#primaryimage","url":"https:\/\/alfequipment.com\/wp-content\/uploads\/2025\/01\/HTB1ExGhaI_vK1Rjy0Foq6xIxVXaD.jpg","contentUrl":"https:\/\/alfequipment.com\/wp-content\/uploads\/2025\/01\/HTB1ExGhaI_vK1Rjy0Foq6xIxVXaD.jpg","width":800,"height":800},{"@type":"BreadcrumbList","@id":"https:\/\/alfequipment.com\/product\/dz500-2sb-automatic-double-chamber-vacuum-packaging-machine\/#breadcrumb","itemListElement":[{"@type":"ListItem","position":1,"name":"Home","item":"https:\/\/alfequipment.com\/"},{"@type":"ListItem","position":2,"name":"Shop","item":"https:\/\/alfequipment.com\/shop\/"},{"@type":"ListItem","position":3,"name":"DZ500-2SB Automatic double chamber Vacuum Packaging Machine"}]},{"@type":"WebSite","@id":"https:\/\/alfequipment.com\/#website","url":"https:\/\/alfequipment.com\/","name":"PACK ALF","description":"","publisher":{"@id":"https:\/\/alfequipment.com\/#organization"},"potentialAction":[{"@type":"SearchAction","target":{"@type":"EntryPoint","urlTemplate":"https:\/\/alfequipment.com\/?s={search_term_string}"},"query-input":{"@type":"PropertyValueSpecification","valueRequired":true,"valueName":"search_term_string"}}],"inLanguage":"pt-PT"},{"@type":"Organization","@id":"https:\/\/alfequipment.com\/#organization","name":"PACK ALF","url":"https:\/\/alfequipment.com\/","logo":{"@type":"ImageObject","inLanguage":"pt-PT","@id":"https:\/\/alfequipment.com\/#\/schema\/logo\/image\/","url":"https:\/\/alfequipment.com\/wp-content\/uploads\/2024\/11\/ALFlogo-2.webp","contentUrl":"https:\/\/alfequipment.com\/wp-content\/uploads\/2024\/11\/ALFlogo-2.webp","width":758,"height":750,"caption":"ALF PACK"},"image":{"@id":"https:\/\/alfequipment.com\/#\/schema\/logo\/image\/"}}]}},"_links":{"self":[{"href":"https:\/\/alfequipment.com\/pt\/wp-json\/wp\/v2\/product\/3235","targetHints":{"allow":["GET"]}}],"collection":[{"href":"https:\/\/alfequipment.com\/pt\/wp-json\/wp\/v2\/product"}],"about":[{"href":"https:\/\/alfequipment.com\/pt\/wp-json\/wp\/v2\/types\/product"}],"replies":[{"embeddable":true,"href":"https:\/\/alfequipment.com\/pt\/wp-json\/wp\/v2\/comments?post=3235"}],"version-history":[{"count":0,"href":"https:\/\/alfequipment.com\/pt\/wp-json\/wp\/v2\/product\/3235\/revisions"}],"wp:featuredmedia":[{"embeddable":true,"href":"https:\/\/alfequipment.com\/pt\/wp-json\/wp\/v2\/media\/3236"}],"wp:attachment":[{"href":"https:\/\/alfequipment.com\/pt\/wp-json\/wp\/v2\/media?parent=3235"}],"wp:term":[{"taxonomy":"product_brand","embeddable":true,"href":"https:\/\/alfequipment.com\/pt\/wp-json\/wp\/v2\/product_brand?post=3235"},{"taxonomy":"product_cat","embeddable":true,"href":"https:\/\/alfequipment.com\/pt\/wp-json\/wp\/v2\/product_cat?post=3235"},{"taxonomy":"product_tag","embeddable":true,"href":"https:\/\/alfequipment.com\/pt\/wp-json\/wp\/v2\/product_tag?post=3235"}],"curies":[{"name":"wp","href":"https:\/\/api.w.org\/{rel}","templated":true}]}}