{"id":3237,"date":"2025-01-01T12:54:05","date_gmt":"2025-01-01T12:54:05","guid":{"rendered":"https:\/\/alfequipment.com\/product\/fxc4050xf-small-carton-sealer-box-sealing-packaging-machine-with-side-belt-conveyor\/"},"modified":"2025-01-13T14:41:03","modified_gmt":"2025-01-13T14:41:03","slug":"fxc4050xf-maquina-de-embalagem-de-selagem-de-caixa-de-cartao-pequena-com-tapete-transportador-lateral","status":"publish","type":"product","link":"https:\/\/alfequipment.com\/pt\/product\/fxc4050xf-maquina-de-embalagem-de-selagem-de-caixa-de-cartao-pequena-com-tapete-transportador-lateral\/","title":{"rendered":"FXC4050XF M\u00e1quina seladora de caixa de cart\u00e3o pequena com correia transportadora lateral"},"content":{"rendered":"<div data-host=\"112311420\" data-magic-global=\"%7B%22bizId%22%3A17179933680%2C%22pageId%22%3A5021272543%2C%22siteId%22%3A5005331025%7D\" data-id=\"detail_decorate_root\" id=\"detail_decorate_root\">\n<div id=\"ali-anchor-AliMagic-t2q73w\" data-section=\"AliMagic-t2q73w\" data-section-title=\"Product Description\" class=\"magic-0\"><b style=\"font-family: &quot;Times New Roman&quot;;\">1.A m\u00e1quina seladora de cart\u00e3o FXC4050XF \u00e9 utilizada principalmente para selar e embalar caixas de cart\u00e3o, que podem ser utilizadas de forma independente ou como parte necess\u00e1ria de uma linha de produ\u00e7\u00e3o.<\/b><\/div>\n<div class=\"detail-decorate-json-renderer-container\">\n<div class=\"magic-1\">\n<div class=\"magic-4\">\n<div class=\"magic-5\">\n<div data-id=\"paragraph0\" class=\"magic-6\">\n<p class=\"magic-7\"><font face=\"Times New Roman\" class=\"magic-8\"><b><br \/>2. o tapete transportador \u00e9 montado no lado esquerdo e direito.<\/b><\/font><\/p>\n<p class=\"magic-7\"><font face=\"Times New Roman\" class=\"magic-8\"><b><br \/><\/b><\/font><\/p>\n<p class=\"magic-7\"><font face=\"Times New Roman\" class=\"magic-8\"><b>3. a caixa de cart\u00e3o \u00e9 transmitida por correias transportadoras de dois lados.<\/b><\/font><\/p>\n<p class=\"magic-7\"><font face=\"Times New Roman\" class=\"magic-8\"><b><br \/>4. ajustar manualmente a altura e a largura da selagem de acordo com o tamanho da caixa de cart\u00e3o, depois colocar a caixa de cart\u00e3o na mesa de trabalho, e a caixa de cart\u00e3o ser\u00e1 transmitida e selada com fita adesiva automaticamente ao mesmo tempo.<br \/><\/b><\/font><\/p>\n<p class=\"magic-7\"><font face=\"Times New Roman\" class=\"magic-8\"><b><br \/><\/b><\/font><\/p>\n<p class=\"magic-7\"><font face=\"Times New Roman\" class=\"magic-8\"><b>5. Est\u00e1 dispon\u00edvel para caixas de cart\u00e3o de pequenas dimens\u00f5es.<\/b><\/font><\/p>\n<\/p><\/div>\n<\/p><\/div>\n<\/p><\/div>\n<\/p><\/div>\n<\/p><\/div>\n<div class=\"ife-detail-decorate-table\">\n<table class=\"all magic-9\">\n<tbody>\n<tr>\n<td colspan=\"1\" rowspan=\"1\">\n<div class=\"magic-10\">\n       Modelo\n      <\/div>\n<\/td>\n<td colspan=\"1\" rowspan=\"1\">\n<div class=\"magic-11\">\n       FXC4050XF\n      <\/div>\n<\/td>\n<\/tr>\n<tr>\n<td colspan=\"1\" rowspan=\"1\">\n<div class=\"magic-10\">\n       Fonte de alimenta\u00e7\u00e3o\n      <\/div>\n<\/td>\n<td colspan=\"1\" rowspan=\"1\">\n<div class=\"magic-11\">\n       220\/110V 50\/60HZ 240W\n      <\/div>\n<\/td>\n<\/tr>\n<tr>\n<td colspan=\"1\" rowspan=\"1\">\n<div class=\"magic-10\">\n       Capacidade de veda\u00e7\u00e3o\n      <\/div>\n<\/td>\n<td colspan=\"1\" rowspan=\"1\">\n<div class=\"magic-11\">\n       1000pcs (tamanho padr\u00e3o) por hora\n      <\/div>\n<\/td>\n<\/tr>\n<tr>\n<td colspan=\"1\" rowspan=\"1\">\n<div class=\"magic-10\">\n       Largura da fita\n      <\/div>\n<\/td>\n<td colspan=\"1\" rowspan=\"1\">\n<div class=\"magic-11\">\n       30, 45mm\n      <\/div>\n<\/td>\n<\/tr>\n<tr>\n<td colspan=\"1\" rowspan=\"1\">\n<div class=\"magic-10\">\n       Modo de transmiss\u00e3o\n      <\/div>\n<\/td>\n<td colspan=\"1\" rowspan=\"1\">\n<div class=\"magic-11\">\n       Mecanismo de transmiss\u00e3o do lado esquerdo-direito\n      <\/div>\n<\/td>\n<\/tr>\n<tr>\n<td colspan=\"1\" rowspan=\"1\">\n<div class=\"magic-10\">\n       Tamanho m\u00e1ximo da caixa (L\u00d7A)\n      <\/div>\n<\/td>\n<td colspan=\"1\" rowspan=\"1\">\n<div class=\"magic-11\">\n       500*385 mm\n      <\/div>\n<\/td>\n<\/tr>\n<tr>\n<td colspan=\"1\" rowspan=\"1\">\n<div class=\"magic-10\">\n       Tamanho m\u00ednimo da caixa (L\u00d7A)\n      <\/div>\n<\/td>\n<td colspan=\"1\" rowspan=\"1\">\n<div class=\"magic-11\">\n       Caixas postais: 80*90mm \/ Caixas de avi\u00e3o: 100*40mm\n      <\/div>\n<\/td>\n<\/tr>\n<tr>\n<td colspan=\"1\" rowspan=\"1\">\n<div class=\"magic-10\">\n       Tamanho total\n      <\/div>\n<\/td>\n<td colspan=\"1\" rowspan=\"1\">\n<div class=\"magic-11\">\n       2085*835*1555 mm (C\u00d7L\u00d7A)\n      <\/div>\n<\/td>\n<\/tr>\n<tr>\n<td colspan=\"1\" rowspan=\"1\">\n<div class=\"magic-10\">\n       Peso\n      <\/div>\n<\/td>\n<td colspan=\"1\" rowspan=\"1\">\n<div class=\"magic-11\">\n       130 kg\n      <\/div>\n<\/td>\n<\/tr>\n<\/tbody>\n<\/table><\/div>\n<div class=\"icbu-pc-images magic-12\">\n<div>\n<div class=\"flex-layout-v\">\n<div class=\"flex-layout-h magic-12\">\n<div class=\"magic-13\">\n      <img decoding=\"async\" src=\"https:\/\/sc01.alicdn.com\/kf\/H5d99cac7c59148d89906faee521de8a3d\/64496\/H5d99cac7c59148d89906faee521de8a3d.jpg\" class=\"aligncenter\">\n     <\/div>\n<\/p><\/div>\n<\/p><\/div>\n<\/p><\/div>\n<\/p><\/div>\n<div class=\"icbu-pc-images magic-12\">\n<div>\n<div class=\"flex-layout-v\">\n<div class=\"magic-15\">\n     <img decoding=\"async\" src=\"https:\/\/sc02.alicdn.com\/kf\/H2ecc50eefd2444b4ae82bfaf2073921aH\/64496\/H2ecc50eefd2444b4ae82bfaf2073921aH.jpg\" data-id=\"main\" class=\"aligncenter\">\n    <\/div>\n<div class=\"flex-layout-h magic-12\">\n<div class=\"magic-16\">\n      <img decoding=\"async\" src=\"https:\/\/sc01.alicdn.com\/kf\/H02d4ca4f07a14a45b336972171212035Z\/64496\/H02d4ca4f07a14a45b336972171212035Z.jpg\" data-id=\"child-image-0\" class=\"aligncenter\">\n     <\/div>\n<div class=\"magic-18\">\n      <img decoding=\"async\" src=\"https:\/\/sc02.alicdn.com\/kf\/H47d74174547946ca922aa91f81504addQ\/64496\/H47d74174547946ca922aa91f81504addQ.jpg\" data-id=\"child-image-1\" class=\"aligncenter\">\n     <\/div>\n<\/p><\/div>\n<\/p><\/div>\n<\/p><\/div>\n<\/p><\/div>\n<div class=\"icbu-pc-images magic-12\">\n<div>\n<div class=\"flex-layout-v\">\n<div class=\"flex-layout-h magic-12\">\n<div class=\"magic-19\">\n      <img decoding=\"async\" src=\"https:\/\/sc02.alicdn.com\/kf\/H96523a68eb434faf960ade93724f53dfv\/64496\/H96523a68eb434faf960ade93724f53dfv.jpg\" class=\"aligncenter\">\n     <\/div>\n<\/p><\/div>\n<\/p><\/div>\n<\/p><\/div>\n<\/p><\/div>\n<div id=\"ali-anchor-AliMagic-rybpuc\" data-section=\"AliMagic-rybpuc\" data-section-title=\"Certifications\" class=\"magic-0\"><\/div>\n<div class=\"icbu-pc-images magic-12\">\n<div>\n<div class=\"flex-layout-v\">\n<div class=\"flex-layout-h magic-12\">\n    <\/div>\n<\/p><\/div>\n<\/p><\/div>\n<\/p><\/div>\n<\/div>","protected":false},"excerpt":{"rendered":"<p>M\u00e1quina seladora de caixa de papel\u00e3o pequena com transportador de correia lateral<\/p>","protected":false},"featured_media":3238,"comment_status":"closed","ping_status":"open","template":"","meta":[],"product_brand":[],"product_cat":[116,97],"product_tag":[],"class_list":{"0":"post-3237","1":"product","2":"type-product","3":"status-publish","4":"has-post-thumbnail","6":"product_cat-carton-sealing-machine","7":"product_cat-sealing-machines","9":"first","10":"instock","11":"sale","12":"purchasable","13":"product-type-simple"},"yoast_head":"<!-- This site is optimized with the Yoast SEO Premium plugin v20.9 (Yoast SEO v26.5) - https:\/\/yoast.com\/wordpress\/plugins\/seo\/ -->\n<title>FXC4050XF Small carton sealer box sealing packaging machine with side belt conveyor - ALF PACK<\/title>\n<meta name=\"robots\" content=\"index, follow, max-snippet:-1, max-image-preview:large, max-video-preview:-1\" \/>\n<link rel=\"canonical\" href=\"https:\/\/alfequipment.com\/pt\/product\/fxc4050xf-maquina-de-embalagem-de-selagem-de-caixa-de-cartao-pequena-com-tapete-transportador-lateral\/\" \/>\n<meta property=\"og:locale\" content=\"pt_PT\" \/>\n<meta property=\"og:type\" content=\"article\" \/>\n<meta property=\"og:title\" content=\"FXC4050XF Small carton sealer box sealing packaging machine with side belt conveyor\" \/>\n<meta property=\"og:description\" content=\"Small Carton Sealer Box Sealing Packaging Machine With Side Belt Conveyor\" \/>\n<meta property=\"og:url\" content=\"https:\/\/alfequipment.com\/pt\/product\/fxc4050xf-maquina-de-embalagem-de-selagem-de-caixa-de-cartao-pequena-com-tapete-transportador-lateral\/\" \/>\n<meta property=\"og:site_name\" content=\"ALF PACK\" \/>\n<meta property=\"article:modified_time\" content=\"2025-01-13T14:41:03+00:00\" \/>\n<meta property=\"og:image\" content=\"https:\/\/alfequipment.com\/wp-content\/uploads\/2025\/01\/Hada561d65df74dc5a77ba09c1d4cc4428.jpg\" \/>\n\t<meta property=\"og:image:width\" content=\"800\" \/>\n\t<meta property=\"og:image:height\" content=\"800\" \/>\n\t<meta property=\"og:image:type\" content=\"image\/webp\" \/>\n<meta name=\"twitter:card\" content=\"summary_large_image\" \/>\n<meta name=\"twitter:label1\" content=\"Tempo estimado de leitura\" \/>\n\t<meta name=\"twitter:data1\" content=\"1 minuto\" \/>\n<script type=\"application\/ld+json\" class=\"yoast-schema-graph\">{\"@context\":\"https:\/\/schema.org\",\"@graph\":[{\"@type\":\"WebPage\",\"@id\":\"https:\/\/alfequipment.com\/product\/fxc4050xf-small-carton-sealer-box-sealing-packaging-machine-with-side-belt-conveyor\/\",\"url\":\"https:\/\/alfequipment.com\/product\/fxc4050xf-small-carton-sealer-box-sealing-packaging-machine-with-side-belt-conveyor\/\",\"name\":\"FXC4050XF Small carton sealer box sealing packaging machine with side belt conveyor - ALF PACK\",\"isPartOf\":{\"@id\":\"https:\/\/alfequipment.com\/#website\"},\"primaryImageOfPage\":{\"@id\":\"https:\/\/alfequipment.com\/product\/fxc4050xf-small-carton-sealer-box-sealing-packaging-machine-with-side-belt-conveyor\/#primaryimage\"},\"image\":{\"@id\":\"https:\/\/alfequipment.com\/product\/fxc4050xf-small-carton-sealer-box-sealing-packaging-machine-with-side-belt-conveyor\/#primaryimage\"},\"thumbnailUrl\":\"https:\/\/alfequipment.com\/wp-content\/uploads\/2025\/01\/Hada561d65df74dc5a77ba09c1d4cc4428.jpg\",\"datePublished\":\"2025-01-01T12:54:05+00:00\",\"dateModified\":\"2025-01-13T14:41:03+00:00\",\"breadcrumb\":{\"@id\":\"https:\/\/alfequipment.com\/product\/fxc4050xf-small-carton-sealer-box-sealing-packaging-machine-with-side-belt-conveyor\/#breadcrumb\"},\"inLanguage\":\"pt-PT\",\"potentialAction\":[{\"@type\":\"ReadAction\",\"target\":[\"https:\/\/alfequipment.com\/product\/fxc4050xf-small-carton-sealer-box-sealing-packaging-machine-with-side-belt-conveyor\/\"]}]},{\"@type\":\"ImageObject\",\"inLanguage\":\"pt-PT\",\"@id\":\"https:\/\/alfequipment.com\/product\/fxc4050xf-small-carton-sealer-box-sealing-packaging-machine-with-side-belt-conveyor\/#primaryimage\",\"url\":\"https:\/\/alfequipment.com\/wp-content\/uploads\/2025\/01\/Hada561d65df74dc5a77ba09c1d4cc4428.jpg\",\"contentUrl\":\"https:\/\/alfequipment.com\/wp-content\/uploads\/2025\/01\/Hada561d65df74dc5a77ba09c1d4cc4428.jpg\",\"width\":800,\"height\":800},{\"@type\":\"BreadcrumbList\",\"@id\":\"https:\/\/alfequipment.com\/product\/fxc4050xf-small-carton-sealer-box-sealing-packaging-machine-with-side-belt-conveyor\/#breadcrumb\",\"itemListElement\":[{\"@type\":\"ListItem\",\"position\":1,\"name\":\"Home\",\"item\":\"https:\/\/alfequipment.com\/\"},{\"@type\":\"ListItem\",\"position\":2,\"name\":\"Shop\",\"item\":\"https:\/\/alfequipment.com\/shop\/\"},{\"@type\":\"ListItem\",\"position\":3,\"name\":\"FXC4050XF Small carton sealer box sealing packaging machine with side belt conveyor\"}]},{\"@type\":\"WebSite\",\"@id\":\"https:\/\/alfequipment.com\/#website\",\"url\":\"https:\/\/alfequipment.com\/\",\"name\":\"ALF PACK\",\"description\":\"\",\"publisher\":{\"@id\":\"https:\/\/alfequipment.com\/#organization\"},\"potentialAction\":[{\"@type\":\"SearchAction\",\"target\":{\"@type\":\"EntryPoint\",\"urlTemplate\":\"https:\/\/alfequipment.com\/?s={search_term_string}\"},\"query-input\":{\"@type\":\"PropertyValueSpecification\",\"valueRequired\":true,\"valueName\":\"search_term_string\"}}],\"inLanguage\":\"pt-PT\"},{\"@type\":\"Organization\",\"@id\":\"https:\/\/alfequipment.com\/#organization\",\"name\":\"ALF PACK\",\"url\":\"https:\/\/alfequipment.com\/\",\"logo\":{\"@type\":\"ImageObject\",\"inLanguage\":\"pt-PT\",\"@id\":\"https:\/\/alfequipment.com\/#\/schema\/logo\/image\/\",\"url\":\"https:\/\/alfequipment.com\/wp-content\/uploads\/2024\/11\/ALFlogo-2.webp\",\"contentUrl\":\"https:\/\/alfequipment.com\/wp-content\/uploads\/2024\/11\/ALFlogo-2.webp\",\"width\":758,\"height\":750,\"caption\":\"ALF PACK\"},\"image\":{\"@id\":\"https:\/\/alfequipment.com\/#\/schema\/logo\/image\/\"}}]}<\/script>\n<!-- \/ Yoast SEO Premium plugin. -->","yoast_head_json":{"title":"FXC4050XF M\u00e1quina seladora de caixa de cart\u00e3o pequena com tapete transportador lateral - ALF PACK","robots":{"index":"index","follow":"follow","max-snippet":"max-snippet:-1","max-image-preview":"max-image-preview:large","max-video-preview":"max-video-preview:-1"},"canonical":"https:\/\/alfequipment.com\/pt\/product\/fxc4050xf-maquina-de-embalagem-de-selagem-de-caixa-de-cartao-pequena-com-tapete-transportador-lateral\/","og_locale":"pt_PT","og_type":"article","og_title":"FXC4050XF Small carton sealer box sealing packaging machine with side belt conveyor","og_description":"Small Carton Sealer Box Sealing Packaging Machine With Side Belt Conveyor","og_url":"https:\/\/alfequipment.com\/pt\/product\/fxc4050xf-maquina-de-embalagem-de-selagem-de-caixa-de-cartao-pequena-com-tapete-transportador-lateral\/","og_site_name":"ALF PACK","article_modified_time":"2025-01-13T14:41:03+00:00","og_image":[{"width":800,"height":800,"url":"https:\/\/alfequipment.com\/wp-content\/uploads\/2025\/01\/Hada561d65df74dc5a77ba09c1d4cc4428.jpg","type":"image\/webp"}],"twitter_card":"summary_large_image","twitter_misc":{"Tempo estimado de leitura":"1 minuto"},"schema":{"@context":"https:\/\/schema.org","@graph":[{"@type":"WebPage","@id":"https:\/\/alfequipment.com\/product\/fxc4050xf-small-carton-sealer-box-sealing-packaging-machine-with-side-belt-conveyor\/","url":"https:\/\/alfequipment.com\/product\/fxc4050xf-small-carton-sealer-box-sealing-packaging-machine-with-side-belt-conveyor\/","name":"FXC4050XF M\u00e1quina seladora de caixa de cart\u00e3o pequena com tapete transportador lateral - ALF PACK","isPartOf":{"@id":"https:\/\/alfequipment.com\/#website"},"primaryImageOfPage":{"@id":"https:\/\/alfequipment.com\/product\/fxc4050xf-small-carton-sealer-box-sealing-packaging-machine-with-side-belt-conveyor\/#primaryimage"},"image":{"@id":"https:\/\/alfequipment.com\/product\/fxc4050xf-small-carton-sealer-box-sealing-packaging-machine-with-side-belt-conveyor\/#primaryimage"},"thumbnailUrl":"https:\/\/alfequipment.com\/wp-content\/uploads\/2025\/01\/Hada561d65df74dc5a77ba09c1d4cc4428.jpg","datePublished":"2025-01-01T12:54:05+00:00","dateModified":"2025-01-13T14:41:03+00:00","breadcrumb":{"@id":"https:\/\/alfequipment.com\/product\/fxc4050xf-small-carton-sealer-box-sealing-packaging-machine-with-side-belt-conveyor\/#breadcrumb"},"inLanguage":"pt-PT","potentialAction":[{"@type":"ReadAction","target":["https:\/\/alfequipment.com\/product\/fxc4050xf-small-carton-sealer-box-sealing-packaging-machine-with-side-belt-conveyor\/"]}]},{"@type":"ImageObject","inLanguage":"pt-PT","@id":"https:\/\/alfequipment.com\/product\/fxc4050xf-small-carton-sealer-box-sealing-packaging-machine-with-side-belt-conveyor\/#primaryimage","url":"https:\/\/alfequipment.com\/wp-content\/uploads\/2025\/01\/Hada561d65df74dc5a77ba09c1d4cc4428.jpg","contentUrl":"https:\/\/alfequipment.com\/wp-content\/uploads\/2025\/01\/Hada561d65df74dc5a77ba09c1d4cc4428.jpg","width":800,"height":800},{"@type":"BreadcrumbList","@id":"https:\/\/alfequipment.com\/product\/fxc4050xf-small-carton-sealer-box-sealing-packaging-machine-with-side-belt-conveyor\/#breadcrumb","itemListElement":[{"@type":"ListItem","position":1,"name":"Home","item":"https:\/\/alfequipment.com\/"},{"@type":"ListItem","position":2,"name":"Shop","item":"https:\/\/alfequipment.com\/shop\/"},{"@type":"ListItem","position":3,"name":"FXC4050XF Small carton sealer box sealing packaging machine with side belt conveyor"}]},{"@type":"WebSite","@id":"https:\/\/alfequipment.com\/#website","url":"https:\/\/alfequipment.com\/","name":"PACK ALF","description":"","publisher":{"@id":"https:\/\/alfequipment.com\/#organization"},"potentialAction":[{"@type":"SearchAction","target":{"@type":"EntryPoint","urlTemplate":"https:\/\/alfequipment.com\/?s={search_term_string}"},"query-input":{"@type":"PropertyValueSpecification","valueRequired":true,"valueName":"search_term_string"}}],"inLanguage":"pt-PT"},{"@type":"Organization","@id":"https:\/\/alfequipment.com\/#organization","name":"PACK ALF","url":"https:\/\/alfequipment.com\/","logo":{"@type":"ImageObject","inLanguage":"pt-PT","@id":"https:\/\/alfequipment.com\/#\/schema\/logo\/image\/","url":"https:\/\/alfequipment.com\/wp-content\/uploads\/2024\/11\/ALFlogo-2.webp","contentUrl":"https:\/\/alfequipment.com\/wp-content\/uploads\/2024\/11\/ALFlogo-2.webp","width":758,"height":750,"caption":"ALF PACK"},"image":{"@id":"https:\/\/alfequipment.com\/#\/schema\/logo\/image\/"}}]}},"_links":{"self":[{"href":"https:\/\/alfequipment.com\/pt\/wp-json\/wp\/v2\/product\/3237","targetHints":{"allow":["GET"]}}],"collection":[{"href":"https:\/\/alfequipment.com\/pt\/wp-json\/wp\/v2\/product"}],"about":[{"href":"https:\/\/alfequipment.com\/pt\/wp-json\/wp\/v2\/types\/product"}],"replies":[{"embeddable":true,"href":"https:\/\/alfequipment.com\/pt\/wp-json\/wp\/v2\/comments?post=3237"}],"version-history":[{"count":0,"href":"https:\/\/alfequipment.com\/pt\/wp-json\/wp\/v2\/product\/3237\/revisions"}],"wp:featuredmedia":[{"embeddable":true,"href":"https:\/\/alfequipment.com\/pt\/wp-json\/wp\/v2\/media\/3238"}],"wp:attachment":[{"href":"https:\/\/alfequipment.com\/pt\/wp-json\/wp\/v2\/media?parent=3237"}],"wp:term":[{"taxonomy":"product_brand","embeddable":true,"href":"https:\/\/alfequipment.com\/pt\/wp-json\/wp\/v2\/product_brand?post=3237"},{"taxonomy":"product_cat","embeddable":true,"href":"https:\/\/alfequipment.com\/pt\/wp-json\/wp\/v2\/product_cat?post=3237"},{"taxonomy":"product_tag","embeddable":true,"href":"https:\/\/alfequipment.com\/pt\/wp-json\/wp\/v2\/product_tag?post=3237"}],"curies":[{"name":"wp","href":"https:\/\/api.w.org\/{rel}","templated":true}]}}