{"id":3239,"date":"2024-12-28T03:56:07","date_gmt":"2024-12-28T03:56:07","guid":{"rendered":"https:\/\/alfequipment.com\/product\/dql5545peg-high-speed-automatic-pe-film-l-bar-type-sealer-sealing-packaging-machine\/"},"modified":"2025-01-13T13:15:23","modified_gmt":"2025-01-13T13:15:23","slug":"dql5545peg-maquina-de-selagem-automatica-de-alta-velocidade-de-filme-pe-l-tipo-barra-de-selagem-de-embalagens","status":"publish","type":"product","link":"https:\/\/alfequipment.com\/pt\/product\/dql5545peg-maquina-de-selagem-automatica-de-alta-velocidade-de-filme-pe-l-tipo-barra-de-selagem-de-embalagens\/","title":{"rendered":"DQL5545PEG M\u00e1quina de selagem autom\u00e1tica de alta velocidade para selagem de pel\u00edcula PE tipo barra L"},"content":{"rendered":"<div data-host=\"112114235\" data-id=\"detail_decorate_root\" id=\"detail_decorate_root\">\n<div class=\"engine-app\" id=\"_root\" data-reactroot=\"\">\n<div id=\"ali-anchor-AliMagic-jps971\" data-section=\"AliMagic-jps971\" data-section-title=\"Product Description\" class=\"magic-0\">1. A l\u00e2mina de selagem adopta liga de cobre pulverizada com Teflon, n\u00e3o cola a pel\u00edcula, \u00e9 r\u00e1pida na selagem, n\u00e3o produz fumo, n\u00e3o polui. A faca de selagem horizontal e vertical adopta uma liga\u00e7\u00e3o completa sem folga, a pel\u00edcula n\u00e3o se parte. A estrutura de selagem adopta uma liga de a\u00e7o de alta qualidade, a qualidade da selagem \u00e9 est\u00e1vel, a estrutura \u00e9 dif\u00edcil de danificar.<\/div>\n<div class=\"detail-decorate-json-renderer-container\">\n<div class=\"magic-1\">\n<div class=\"magic-4\">\n<div class=\"magic-5\">\n<div data-id=\"paragraph0\" class=\"magic-6\">\n<p class=\"magic-7\">2. A m\u00e1quina tem todo o sistema autom\u00e1tico, est\u00e1 equipada com sensores e pode atingir alta velocidade de trabalho autom\u00e1tico.<\/p>\n<p>3. \u00c9 conveniente ajustar de acordo com produtos de diferentes tamanhos, basta ajustar a roda da pega para a alcan\u00e7ar, a opera\u00e7\u00e3o \u00e9 f\u00e1cil.<\/p>\n<p>4. Pode ser ligado \u00e0 produ\u00e7\u00e3o<\/p>\n<p>5. Tem uma fun\u00e7\u00e3o de prote\u00e7\u00e3o para evitar a selagem incorrecta do produto e garantir a seguran\u00e7a do operador<\/p>\n<p>Aplica\u00e7\u00e3o:<br \/>Esta m\u00e1quina \u00e9 amplamente utilizada em g\u00e9neros aliment\u00edcios, bebidas, impress\u00e3o, produtos farmac\u00eauticos, pavimentos, hardware, <span>caixa de sapatos e outros <span>Produtos el\u00e9ctricos para empresas<\/span><\/span>. \u00c9 adequado para material de embalagem PE.<\/p>\n<\/p><\/div>\n<\/p><\/div>\n<\/p><\/div>\n<\/p><\/div>\n<\/p><\/div>\n<div class=\"ife-detail-decorate-table\">\n<table class=\"all magic-8\">\n<tbody>\n<tr>\n<td colspan=\"1\" rowspan=\"1\">\n<div class=\"magic-9\">\n        Modelo\n       <\/div>\n<\/td>\n<td colspan=\"1\" rowspan=\"1\">\n<div class=\"magic-10\">\n        DQL5545PEG\n       <\/div>\n<\/td>\n<\/tr>\n<tr>\n<td colspan=\"1\" rowspan=\"1\">\n<div class=\"magic-9\">\n        Tamanho m\u00e1ximo da embalagem (\u339c)\n       <\/div>\n<\/td>\n<td colspan=\"1\" rowspan=\"1\">\n<div class=\"magic-10\">\n        L+2H\u2264550, W+2H\u2264450, H\u2264130\n       <\/div>\n<\/td>\n<\/tr>\n<tr>\n<td colspan=\"1\" rowspan=\"1\">\n<div class=\"magic-9\">\n        Tamanho m\u00e1ximo de veda\u00e7\u00e3o (\u339c)\n       <\/div>\n<\/td>\n<td colspan=\"1\" rowspan=\"1\">\n<div class=\"magic-10\">\n        L550\u00d7W450\n       <\/div>\n<\/td>\n<\/tr>\n<tr>\n<td colspan=\"1\" rowspan=\"1\">\n<div class=\"magic-9\">\n        Pot\u00eancia (KW)\n       <\/div>\n<\/td>\n<td colspan=\"1\" rowspan=\"1\">\n<div class=\"magic-10\">\n        2.2\n       <\/div>\n<\/td>\n<\/tr>\n<tr>\n<td colspan=\"1\" rowspan=\"1\">\n<div class=\"magic-9\">\n        Capacidade\n       <\/div>\n<\/td>\n<td colspan=\"1\" rowspan=\"1\">\n<div class=\"magic-10\">\n        0-30 pcs\/min\n       <\/div>\n<\/td>\n<\/tr>\n<tr>\n<td colspan=\"1\" rowspan=\"1\">\n<div class=\"magic-9\">\n        Tens\u00e3o\n       <\/div>\n<\/td>\n<td colspan=\"1\" rowspan=\"1\">\n<div class=\"magic-10\">\n        220V 50\/60HZ\n       <\/div>\n<\/td>\n<\/tr>\n<tr>\n<td colspan=\"1\" rowspan=\"1\">\n<div class=\"magic-9\">\n        Temperatura de selagem\n       <\/div>\n<\/td>\n<td colspan=\"1\" rowspan=\"1\">\n<div class=\"magic-10\">\n        180\u2103-250\u2103 depende da espessura da pel\u00edcula e da temperatura ambiente\n       <\/div>\n<\/td>\n<\/tr>\n<tr>\n<td colspan=\"1\" rowspan=\"1\">\n<div class=\"magic-9\">\n        Press\u00e3o atmosf\u00e9rica (Kg\/cm2) )\n       <\/div>\n<\/td>\n<td colspan=\"1\" rowspan=\"1\">\n<div class=\"magic-10\">\n        5-6\n       <\/div>\n<\/td>\n<\/tr>\n<tr>\n<td colspan=\"1\" rowspan=\"1\">\n<div class=\"magic-9\">\n        Material de embalagem\n       <\/div>\n<\/td>\n<td colspan=\"1\" rowspan=\"1\">\n<div class=\"magic-10\">\n        PE\n       <\/div>\n<\/td>\n<\/tr>\n<tr>\n<td colspan=\"1\" rowspan=\"1\">\n<div class=\"magic-9\">\n        Peso da m\u00e1quina (\u338f)\n       <\/div>\n<\/td>\n<td colspan=\"1\" rowspan=\"1\">\n<div class=\"magic-10\">\n        320\n       <\/div>\n<\/td>\n<\/tr>\n<tr>\n<td colspan=\"1\" rowspan=\"1\">\n<div class=\"magic-9\">\n        Tamanho da m\u00e1quina (\u339c)\n       <\/div>\n<\/td>\n<td colspan=\"1\" rowspan=\"1\">\n<div class=\"magic-10\">\n        L1760\u00d7W940\u00d7H1580\n       <\/div>\n<\/td>\n<\/tr>\n<\/tbody>\n<\/table><\/div>\n<div class=\"icbu-pc-images magic-11\">\n<div>\n<div class=\"flex-layout-v\">\n<div class=\"flex-layout-h magic-11\">\n<div class=\"magic-12\">\n       <img decoding=\"async\" src=\"https:\/\/sc01.alicdn.com\/kf\/Hf68b4347c5604534834a1d76eeb60a711\/64496\/Hf68b4347c5604534834a1d76eeb60a711.jpg\" class=\"aligncenter\">\n      <\/div>\n<\/p><\/div>\n<\/p><\/div>\n<\/p><\/div>\n<\/p><\/div>\n<div class=\"icbu-pc-images magic-11\">\n<div>\n<div class=\"flex-layout-v\">\n<div class=\"magic-14\">\n      <img decoding=\"async\" src=\"https:\/\/sc01.alicdn.com\/kf\/Hee273045d35f4275acc77c83c28ac8e4J\/64496\/Hee273045d35f4275acc77c83c28ac8e4J.jpg\" data-id=\"main\" class=\"aligncenter\">\n     <\/div>\n<div class=\"flex-layout-h magic-11\">\n<div class=\"magic-15\">\n       <img decoding=\"async\" src=\"https:\/\/sc02.alicdn.com\/kf\/HTB1v_MXayjrK1RjSsplq6xHmVXaE\/64496\/HTB1v_MXayjrK1RjSsplq6xHmVXaE.jpg\" data-id=\"child-image-0\" class=\"aligncenter\">\n      <\/div>\n<div class=\"magic-17\">\n       <img decoding=\"async\" src=\"https:\/\/sc01.alicdn.com\/kf\/HTB1VYZbasfrK1Rjy1Xdq6yemFXaQ\/64496\/HTB1VYZbasfrK1Rjy1Xdq6yemFXaQ.jpg\" data-id=\"child-image-1\" class=\"aligncenter\">\n      <\/div>\n<\/p><\/div>\n<\/p><\/div>\n<\/p><\/div>\n<\/p><\/div>\n<div id=\"ali-anchor-AliMagic-5f3axv\" data-section=\"AliMagic-5f3axv\" data-section-title=\"Certifications\" class=\"magic-0\"><\/div>\n<div class=\"icbu-pc-images magic-11\">\n<div>\n<div class=\"flex-layout-v\">\n<div class=\"flex-layout-h magic-11\">\n     <\/div>\n<\/p><\/div>\n<\/p><\/div>\n<\/p><\/div>\n<\/p><\/div>\n<\/div>","protected":false},"excerpt":{"rendered":"<p>Seladora autom\u00e1tica de alta velocidade em L<\/p>","protected":false},"featured_media":3240,"comment_status":"closed","ping_status":"open","template":"","meta":[],"product_brand":[],"product_cat":[97],"product_tag":[],"class_list":{"0":"post-3239","1":"product","2":"type-product","3":"status-publish","4":"has-post-thumbnail","6":"product_cat-sealing-machines","8":"first","9":"instock","10":"sale","11":"purchasable","12":"product-type-simple"},"yoast_head":"<!-- This site is optimized with the Yoast SEO Premium plugin v20.9 (Yoast SEO v26.5) - https:\/\/yoast.com\/wordpress\/plugins\/seo\/ -->\n<title>DQL5545PEG High Speed Automatic PE film L bar type sealer sealing packaging machine - ALF PACK<\/title>\n<meta name=\"robots\" content=\"index, follow, max-snippet:-1, max-image-preview:large, max-video-preview:-1\" \/>\n<link rel=\"canonical\" href=\"https:\/\/alfequipment.com\/pt\/product\/dql5545peg-maquina-de-selagem-automatica-de-alta-velocidade-de-filme-pe-l-tipo-barra-de-selagem-de-embalagens\/\" \/>\n<meta property=\"og:locale\" content=\"pt_PT\" \/>\n<meta property=\"og:type\" content=\"article\" \/>\n<meta property=\"og:title\" content=\"DQL5545PEG High Speed Automatic PE film L bar type sealer sealing packaging machine\" \/>\n<meta property=\"og:description\" content=\"High Speed Automatic L Sealer\" \/>\n<meta property=\"og:url\" content=\"https:\/\/alfequipment.com\/pt\/product\/dql5545peg-maquina-de-selagem-automatica-de-alta-velocidade-de-filme-pe-l-tipo-barra-de-selagem-de-embalagens\/\" \/>\n<meta property=\"og:site_name\" content=\"ALF PACK\" \/>\n<meta property=\"article:modified_time\" content=\"2025-01-13T13:15:23+00:00\" \/>\n<meta property=\"og:image\" content=\"https:\/\/alfequipment.com\/wp-content\/uploads\/2025\/01\/Hb0d9c15d40c240bb9fd59714d7f05ed52.jpg\" \/>\n\t<meta property=\"og:image:width\" content=\"800\" \/>\n\t<meta property=\"og:image:height\" content=\"800\" \/>\n\t<meta property=\"og:image:type\" content=\"image\/webp\" \/>\n<meta name=\"twitter:card\" content=\"summary_large_image\" \/>\n<meta name=\"twitter:label1\" content=\"Tempo estimado de leitura\" \/>\n\t<meta name=\"twitter:data1\" content=\"1 minuto\" \/>\n<script type=\"application\/ld+json\" class=\"yoast-schema-graph\">{\"@context\":\"https:\/\/schema.org\",\"@graph\":[{\"@type\":\"WebPage\",\"@id\":\"https:\/\/alfequipment.com\/product\/dql5545peg-high-speed-automatic-pe-film-l-bar-type-sealer-sealing-packaging-machine\/\",\"url\":\"https:\/\/alfequipment.com\/product\/dql5545peg-high-speed-automatic-pe-film-l-bar-type-sealer-sealing-packaging-machine\/\",\"name\":\"DQL5545PEG High Speed Automatic PE film L bar type sealer sealing packaging machine - ALF PACK\",\"isPartOf\":{\"@id\":\"https:\/\/alfequipment.com\/#website\"},\"primaryImageOfPage\":{\"@id\":\"https:\/\/alfequipment.com\/product\/dql5545peg-high-speed-automatic-pe-film-l-bar-type-sealer-sealing-packaging-machine\/#primaryimage\"},\"image\":{\"@id\":\"https:\/\/alfequipment.com\/product\/dql5545peg-high-speed-automatic-pe-film-l-bar-type-sealer-sealing-packaging-machine\/#primaryimage\"},\"thumbnailUrl\":\"https:\/\/alfequipment.com\/wp-content\/uploads\/2025\/01\/Hb0d9c15d40c240bb9fd59714d7f05ed52.jpg\",\"datePublished\":\"2024-12-28T03:56:07+00:00\",\"dateModified\":\"2025-01-13T13:15:23+00:00\",\"breadcrumb\":{\"@id\":\"https:\/\/alfequipment.com\/product\/dql5545peg-high-speed-automatic-pe-film-l-bar-type-sealer-sealing-packaging-machine\/#breadcrumb\"},\"inLanguage\":\"pt-PT\",\"potentialAction\":[{\"@type\":\"ReadAction\",\"target\":[\"https:\/\/alfequipment.com\/product\/dql5545peg-high-speed-automatic-pe-film-l-bar-type-sealer-sealing-packaging-machine\/\"]}]},{\"@type\":\"ImageObject\",\"inLanguage\":\"pt-PT\",\"@id\":\"https:\/\/alfequipment.com\/product\/dql5545peg-high-speed-automatic-pe-film-l-bar-type-sealer-sealing-packaging-machine\/#primaryimage\",\"url\":\"https:\/\/alfequipment.com\/wp-content\/uploads\/2025\/01\/Hb0d9c15d40c240bb9fd59714d7f05ed52.jpg\",\"contentUrl\":\"https:\/\/alfequipment.com\/wp-content\/uploads\/2025\/01\/Hb0d9c15d40c240bb9fd59714d7f05ed52.jpg\",\"width\":800,\"height\":800},{\"@type\":\"BreadcrumbList\",\"@id\":\"https:\/\/alfequipment.com\/product\/dql5545peg-high-speed-automatic-pe-film-l-bar-type-sealer-sealing-packaging-machine\/#breadcrumb\",\"itemListElement\":[{\"@type\":\"ListItem\",\"position\":1,\"name\":\"Home\",\"item\":\"https:\/\/alfequipment.com\/\"},{\"@type\":\"ListItem\",\"position\":2,\"name\":\"Shop\",\"item\":\"https:\/\/alfequipment.com\/shop\/\"},{\"@type\":\"ListItem\",\"position\":3,\"name\":\"DQL5545PEG High Speed Automatic PE film L bar type sealer sealing packaging machine\"}]},{\"@type\":\"WebSite\",\"@id\":\"https:\/\/alfequipment.com\/#website\",\"url\":\"https:\/\/alfequipment.com\/\",\"name\":\"ALF PACK\",\"description\":\"\",\"publisher\":{\"@id\":\"https:\/\/alfequipment.com\/#organization\"},\"potentialAction\":[{\"@type\":\"SearchAction\",\"target\":{\"@type\":\"EntryPoint\",\"urlTemplate\":\"https:\/\/alfequipment.com\/?s={search_term_string}\"},\"query-input\":{\"@type\":\"PropertyValueSpecification\",\"valueRequired\":true,\"valueName\":\"search_term_string\"}}],\"inLanguage\":\"pt-PT\"},{\"@type\":\"Organization\",\"@id\":\"https:\/\/alfequipment.com\/#organization\",\"name\":\"ALF PACK\",\"url\":\"https:\/\/alfequipment.com\/\",\"logo\":{\"@type\":\"ImageObject\",\"inLanguage\":\"pt-PT\",\"@id\":\"https:\/\/alfequipment.com\/#\/schema\/logo\/image\/\",\"url\":\"https:\/\/alfequipment.com\/wp-content\/uploads\/2024\/11\/ALFlogo-2.webp\",\"contentUrl\":\"https:\/\/alfequipment.com\/wp-content\/uploads\/2024\/11\/ALFlogo-2.webp\",\"width\":758,\"height\":750,\"caption\":\"ALF PACK\"},\"image\":{\"@id\":\"https:\/\/alfequipment.com\/#\/schema\/logo\/image\/\"}}]}<\/script>\n<!-- \/ Yoast SEO Premium plugin. -->","yoast_head_json":{"title":"DQL5545PEG M\u00e1quina seladora e seladora de filme PE tipo barra L autom\u00e1tica de alta velocidade - ALF PACK","robots":{"index":"index","follow":"follow","max-snippet":"max-snippet:-1","max-image-preview":"max-image-preview:large","max-video-preview":"max-video-preview:-1"},"canonical":"https:\/\/alfequipment.com\/pt\/product\/dql5545peg-maquina-de-selagem-automatica-de-alta-velocidade-de-filme-pe-l-tipo-barra-de-selagem-de-embalagens\/","og_locale":"pt_PT","og_type":"article","og_title":"DQL5545PEG High Speed Automatic PE film L bar type sealer sealing packaging machine","og_description":"High Speed Automatic L Sealer","og_url":"https:\/\/alfequipment.com\/pt\/product\/dql5545peg-maquina-de-selagem-automatica-de-alta-velocidade-de-filme-pe-l-tipo-barra-de-selagem-de-embalagens\/","og_site_name":"ALF PACK","article_modified_time":"2025-01-13T13:15:23+00:00","og_image":[{"width":800,"height":800,"url":"https:\/\/alfequipment.com\/wp-content\/uploads\/2025\/01\/Hb0d9c15d40c240bb9fd59714d7f05ed52.jpg","type":"image\/webp"}],"twitter_card":"summary_large_image","twitter_misc":{"Tempo estimado de leitura":"1 minuto"},"schema":{"@context":"https:\/\/schema.org","@graph":[{"@type":"WebPage","@id":"https:\/\/alfequipment.com\/product\/dql5545peg-high-speed-automatic-pe-film-l-bar-type-sealer-sealing-packaging-machine\/","url":"https:\/\/alfequipment.com\/product\/dql5545peg-high-speed-automatic-pe-film-l-bar-type-sealer-sealing-packaging-machine\/","name":"DQL5545PEG M\u00e1quina seladora e seladora de filme PE tipo barra L autom\u00e1tica de alta velocidade - ALF PACK","isPartOf":{"@id":"https:\/\/alfequipment.com\/#website"},"primaryImageOfPage":{"@id":"https:\/\/alfequipment.com\/product\/dql5545peg-high-speed-automatic-pe-film-l-bar-type-sealer-sealing-packaging-machine\/#primaryimage"},"image":{"@id":"https:\/\/alfequipment.com\/product\/dql5545peg-high-speed-automatic-pe-film-l-bar-type-sealer-sealing-packaging-machine\/#primaryimage"},"thumbnailUrl":"https:\/\/alfequipment.com\/wp-content\/uploads\/2025\/01\/Hb0d9c15d40c240bb9fd59714d7f05ed52.jpg","datePublished":"2024-12-28T03:56:07+00:00","dateModified":"2025-01-13T13:15:23+00:00","breadcrumb":{"@id":"https:\/\/alfequipment.com\/product\/dql5545peg-high-speed-automatic-pe-film-l-bar-type-sealer-sealing-packaging-machine\/#breadcrumb"},"inLanguage":"pt-PT","potentialAction":[{"@type":"ReadAction","target":["https:\/\/alfequipment.com\/product\/dql5545peg-high-speed-automatic-pe-film-l-bar-type-sealer-sealing-packaging-machine\/"]}]},{"@type":"ImageObject","inLanguage":"pt-PT","@id":"https:\/\/alfequipment.com\/product\/dql5545peg-high-speed-automatic-pe-film-l-bar-type-sealer-sealing-packaging-machine\/#primaryimage","url":"https:\/\/alfequipment.com\/wp-content\/uploads\/2025\/01\/Hb0d9c15d40c240bb9fd59714d7f05ed52.jpg","contentUrl":"https:\/\/alfequipment.com\/wp-content\/uploads\/2025\/01\/Hb0d9c15d40c240bb9fd59714d7f05ed52.jpg","width":800,"height":800},{"@type":"BreadcrumbList","@id":"https:\/\/alfequipment.com\/product\/dql5545peg-high-speed-automatic-pe-film-l-bar-type-sealer-sealing-packaging-machine\/#breadcrumb","itemListElement":[{"@type":"ListItem","position":1,"name":"Home","item":"https:\/\/alfequipment.com\/"},{"@type":"ListItem","position":2,"name":"Shop","item":"https:\/\/alfequipment.com\/shop\/"},{"@type":"ListItem","position":3,"name":"DQL5545PEG High Speed Automatic PE film L bar type sealer sealing packaging machine"}]},{"@type":"WebSite","@id":"https:\/\/alfequipment.com\/#website","url":"https:\/\/alfequipment.com\/","name":"PACK ALF","description":"","publisher":{"@id":"https:\/\/alfequipment.com\/#organization"},"potentialAction":[{"@type":"SearchAction","target":{"@type":"EntryPoint","urlTemplate":"https:\/\/alfequipment.com\/?s={search_term_string}"},"query-input":{"@type":"PropertyValueSpecification","valueRequired":true,"valueName":"search_term_string"}}],"inLanguage":"pt-PT"},{"@type":"Organization","@id":"https:\/\/alfequipment.com\/#organization","name":"PACK ALF","url":"https:\/\/alfequipment.com\/","logo":{"@type":"ImageObject","inLanguage":"pt-PT","@id":"https:\/\/alfequipment.com\/#\/schema\/logo\/image\/","url":"https:\/\/alfequipment.com\/wp-content\/uploads\/2024\/11\/ALFlogo-2.webp","contentUrl":"https:\/\/alfequipment.com\/wp-content\/uploads\/2024\/11\/ALFlogo-2.webp","width":758,"height":750,"caption":"ALF PACK"},"image":{"@id":"https:\/\/alfequipment.com\/#\/schema\/logo\/image\/"}}]}},"_links":{"self":[{"href":"https:\/\/alfequipment.com\/pt\/wp-json\/wp\/v2\/product\/3239","targetHints":{"allow":["GET"]}}],"collection":[{"href":"https:\/\/alfequipment.com\/pt\/wp-json\/wp\/v2\/product"}],"about":[{"href":"https:\/\/alfequipment.com\/pt\/wp-json\/wp\/v2\/types\/product"}],"replies":[{"embeddable":true,"href":"https:\/\/alfequipment.com\/pt\/wp-json\/wp\/v2\/comments?post=3239"}],"version-history":[{"count":0,"href":"https:\/\/alfequipment.com\/pt\/wp-json\/wp\/v2\/product\/3239\/revisions"}],"wp:featuredmedia":[{"embeddable":true,"href":"https:\/\/alfequipment.com\/pt\/wp-json\/wp\/v2\/media\/3240"}],"wp:attachment":[{"href":"https:\/\/alfequipment.com\/pt\/wp-json\/wp\/v2\/media?parent=3239"}],"wp:term":[{"taxonomy":"product_brand","embeddable":true,"href":"https:\/\/alfequipment.com\/pt\/wp-json\/wp\/v2\/product_brand?post=3239"},{"taxonomy":"product_cat","embeddable":true,"href":"https:\/\/alfequipment.com\/pt\/wp-json\/wp\/v2\/product_cat?post=3239"},{"taxonomy":"product_tag","embeddable":true,"href":"https:\/\/alfequipment.com\/pt\/wp-json\/wp\/v2\/product_tag?post=3239"}],"curies":[{"name":"wp","href":"https:\/\/api.w.org\/{rel}","templated":true}]}}