{"id":3241,"date":"2024-12-23T07:40:27","date_gmt":"2024-12-23T07:40:27","guid":{"rendered":"https:\/\/alfequipment.com\/product\/dql5545-automatic-l-bar-type-sealer-sealing-packaging-machine\/"},"modified":"2025-01-13T13:15:30","modified_gmt":"2025-01-13T13:15:30","slug":"dql5545-maquina-automatica-de-selagem-de-embalagens-tipo-barra-l","status":"publish","type":"product","link":"https:\/\/alfequipment.com\/pt\/product\/dql5545-maquina-automatica-de-selagem-de-embalagens-tipo-barra-l\/","title":{"rendered":"DQL5545 M\u00e1quina seladora autom\u00e1tica de embalagem com selagem tipo barra L"},"content":{"rendered":"<div data-maya=\"{&quot;theme&quot;:{&quot;face&quot;:&quot;yin&quot;,&quot;fontFace&quot;:&quot;Roboto&quot;,&quot;fontSize&quot;:22,&quot;colors&quot;:1},&quot;items&quot;:[{&quot;title&quot;:&quot;w4xmk&quot;,&quot;formats&quot;:[[[{&quot;4aklj&quot;:&quot;H&quot;},{&quot;o935i&quot;:&quot;P&quot;}]],[{&quot;601u4&quot;:{&quot;name&quot;:&quot;Tc&quot;,&quot;theme&quot;:&quot;col-header&quot;,&quot;tableCfgs&quot;:{&quot;sizes&quot;:{&quot;colWidths&quot;:[267,436],&quot;rowHeights&quot;:[22,22,22,22,22,22,22,22,22,22,22,22,22]}}}}],[{&quot;mj6ac&quot;:&quot;Ia&quot;}],[[{&quot;m7k9d&quot;:&quot;Ib&quot;},[{&quot;lw8mx&quot;:&quot;Id&quot;},{&quot;6rbxy&quot;:&quot;Id&quot;}]]],[[{&quot;bvn6g&quot;:&quot;H&quot;},{&quot;0f5eb&quot;:&quot;P&quot;}]]]},{&quot;title&quot;:&quot;gqg2v&quot;,&quot;formats&quot;:[[{&quot;ff4u9&quot;:&quot;Ig&quot;},{&quot;zdici&quot;:&quot;Ig&quot;},{&quot;jdn5k&quot;:&quot;Ig&quot;},{&quot;fec5p&quot;:&quot;Ig&quot;}]]},{&quot;title&quot;:&quot;omovd&quot;,&quot;formats&quot;:[[{&quot;j9rkx&quot;:&quot;Ia&quot;}]]},{&quot;title&quot;:&quot;6s646&quot;,&quot;formats&quot;:[[{&quot;bmcr9&quot;:&quot;Ih&quot;},{&quot;4lz2l&quot;:{&quot;name&quot;:&quot;Te&quot;,&quot;theme&quot;:&quot;double-header&quot;,&quot;tableCfgs&quot;:{&quot;sizes&quot;:{&quot;colWidths&quot;:[72,252],&quot;rowHeights&quot;:[23,23,23,196]}}}}]]},{&quot;title&quot;:&quot;oe722&quot;,&quot;formats&quot;:[[[[{&quot;dawfs&quot;:&quot;Im&quot;},{&quot;q7oul&quot;:&quot;Im&quot;},{&quot;ikpoj&quot;:&quot;Im&quot;}],[[{&quot;twpkt&quot;:&quot;H&quot;},{&quot;rf8un&quot;:&quot;P&quot;}],[{&quot;3rrmp&quot;:&quot;H&quot;},{&quot;lwi5b&quot;:&quot;P&quot;}],[{&quot;3nah8&quot;:&quot;H&quot;},{&quot;b22uj&quot;:&quot;P&quot;}]]]]]},{&quot;title&quot;:&quot;bdb3b&quot;,&quot;formats&quot;:[[{&quot;96nf6&quot;:&quot;Ih&quot;},{&quot;58ljj&quot;:&quot;Ih&quot;}]]}]}\">\n<div>\n<div style=\"vertical-align: top;padding-top: 15px; padding-bottom: 15px;\">\n<div style=\"vertical-align: top;padding-top: 10px; padding-bottom: 10px; margin-right: -4px; margin-left: -4px;\">\n<div style=\"vertical-align: top; box-sizing: border-box; padding-right: 4px; padding-left: 4px;margin-top: -4px; margin-bottom: -4px;\">\n<div id=\"4aklj\" style=\"vertical-align: top; box-sizing: border-box; padding-top: 4px; padding-bottom: 4px\">O DQL-5545 pode ser adicionado a uma linha de transporte existente ou utilizado atrav\u00e9s da alimenta\u00e7\u00e3o manual da caixa\/embalagem no transportador.<\/div>\n<div id=\"o935i\" style=\"vertical-align: top; box-sizing: border-box; padding-top: 4px; padding-bottom: 4px\">\n<p style=\"margin:0;padding:0;\">A pel\u00edcula POF\/PVC de dobragem central \u00e9 utilizada para distribuir, envolver e selar automaticamente os produtos desejados.<\/p>\n<p style=\"margin:0;padding:0;\">O operador define manualmente o comprimento de selagem para o produto a embalar.<\/p>\n<p style=\"margin:0;padding:0;\">A seladora possui um sistema de seguran\u00e7a que p\u00e1ra imediatamente o mecanismo de selagem no caso de a m\u00e3o ou objeto do operador interferir com a opera\u00e7\u00e3o de selagem.<\/p>\n<p style=\"margin:0;padding:0;\">O mecanismo de selagem tem um revestimento antiaderente que resulta num funcionamento sem fumo. Todo o pl\u00e1stico em excesso \u00e9 enrolado num dispensador por baixo da m\u00e1quina, que pode ser facilmente dispensado.<\/p>\n<p style=\"margin:0;padding:0;\">Uma vez selado o produto, este passa automaticamente pelo t\u00fanel de retra\u00e7\u00e3o t\u00e9rmica, onde a pel\u00edcula retr\u00e1til \u00e9 encolhida firmemente \u00e0 volta dos produtos.<\/p>\n<\/p><\/div>\n<\/p><\/div>\n<\/p><\/div>\n<div style=\"vertical-align: top;padding-top: 10px; padding-bottom: 10px; margin-right: -4px; margin-left: -4px;\">\n<div id=\"601u4\" style=\"vertical-align: top; box-sizing: border-box; padding-right: 4px; padding-left: 4px\">\n<table style=\"width: auto; border-collapse: collapse; word-wrap: break-word;\" class=\"aliDataTable\">\n<tbody>\n<tr>\n<td style=\"background-color: rgb(218, 226, 237);\">\n<div style=\"width: 267px; height: 22px; padding: 5px 10px; overflow: hidden;\">\n          Modelo\n         <\/div>\n<\/td>\n<td>\n<div style=\"width: 436px; height: 22px; padding: 5px 10px; overflow: hidden;\">\n          DQL5545\n         <\/div>\n<\/td>\n<\/tr>\n<tr>\n<td style=\"background-color: rgb(218, 226, 237);\">\n<div style=\"width: 267px; height: 22px; padding: 5px 10px; overflow: hidden;\">\n          Pot\u00eancia\n         <\/div>\n<\/td>\n<td>\n<div style=\"width: 436px; height: 22px; padding: 5px 10px; overflow: hidden;\">\n          2,1KW\n         <\/div>\n<\/td>\n<\/tr>\n<tr>\n<td style=\"background-color: rgb(218, 226, 237);\">\n<div style=\"width: 267px; height: 22px; padding: 5px 10px; overflow: hidden;\">\n          Tens\u00e3o\n         <\/div>\n<\/td>\n<td>\n<div style=\"width: 436px; height: 22px; padding: 5px 10px; overflow: hidden;\">\n          220V 50\/60HZ\n         <\/div>\n<\/td>\n<\/tr>\n<tr>\n<td style=\"background-color: rgb(218, 226, 237);\">\n<div style=\"width: 267px; height: 22px; padding: 5px 10px; overflow: hidden;\">\n          Tempo de selagem\n         <\/div>\n<\/td>\n<td>\n<div style=\"width: 436px; height: 22px; padding: 5px 10px; overflow: hidden;\">\n          0.2-1.0s\n         <\/div>\n<\/td>\n<\/tr>\n<tr>\n<td style=\"background-color: rgb(218, 226, 237);\">\n<div style=\"width: 267px; height: 22px; padding: 5px 10px; overflow: hidden;\">\n          Espessura da pel\u00edcula\n         <\/div>\n<\/td>\n<td>\n<div style=\"width: 436px; height: 22px; padding: 5px 10px; overflow: hidden;\">\n          0,012-0,06mm\n         <\/div>\n<\/td>\n<\/tr>\n<tr>\n<td style=\"background-color: rgb(218, 226, 237);\">\n<div style=\"width: 267px; height: 22px; padding: 5px 10px; overflow: hidden;\">\n          Compressor de trabalho\n         <\/div>\n<\/td>\n<td>\n<div style=\"width: 436px; height: 22px; padding: 5px 10px; overflow: hidden;\">\n          5-6mpa\n         <\/div>\n<\/td>\n<\/tr>\n<tr>\n<td style=\"background-color: rgb(218, 226, 237);\">\n<div style=\"width: 267px; height: 22px; padding: 5px 10px; overflow: hidden;\">\n          Tamanho m\u00e1ximo da embalagem\n         <\/div>\n<\/td>\n<td>\n<div style=\"width: 436px; height: 22px; padding: 5px 10px; overflow: hidden;\">\n          L+2H\u2264550mm;W+2H\u2264450mm;H \u2264140mm\n         <\/div>\n<\/td>\n<\/tr>\n<tr>\n<td style=\"background-color: rgb(218, 226, 237);\">\n<div style=\"width: 267px; height: 22px; padding: 5px 10px; overflow: hidden;\">\n          Tamanho m\u00e1ximo de veda\u00e7\u00e3o\n         <\/div>\n<\/td>\n<td>\n<div style=\"width: 436px; height: 22px; padding: 5px 10px; overflow: hidden;\">\n          L550\u00d7W450\n         <\/div>\n<\/td>\n<\/tr>\n<tr>\n<td style=\"background-color: rgb(218, 226, 237);\">\n<div style=\"width: 267px; height: 22px; padding: 5px 10px; overflow: hidden;\">\n          Capacidade\n         <\/div>\n<\/td>\n<td>\n<div style=\"width: 436px; height: 22px; padding: 5px 10px; overflow: hidden;\">\n          0-25 pcs\/min\n         <\/div>\n<\/td>\n<\/tr>\n<tr>\n<td style=\"background-color: rgb(218, 226, 237);\">\n<div style=\"width: 267px; height: auto; padding: 5px 10px; overflow: hidden;\">\n          Temperatura de selagem\n         <\/div>\n<\/td>\n<td>\n<div style=\"width: 436px; height: 22px; padding: 5px 10px; overflow: hidden;\">\n          180\u2103-250\u2103 depende da espessura da pel\u00edcula e da temperatura ambiente\n         <\/div>\n<\/td>\n<\/tr>\n<tr>\n<td style=\"background-color: rgb(218, 226, 237);\">\n<div style=\"width: 267px; height: 22px; padding: 5px 10px; overflow: hidden;\">\n          Material de embalagem\n         <\/div>\n<\/td>\n<td>\n<div style=\"width: 436px; height: 22px; padding: 5px 10px; overflow: hidden;\">\n          POF PVC\n         <\/div>\n<\/td>\n<\/tr>\n<tr>\n<td style=\"background-color: rgb(218, 226, 237);\">\n<div style=\"width: 267px; height: 22px; padding: 5px 10px; overflow: hidden;\">\n          Peso da m\u00e1quina (kg)\n         <\/div>\n<\/td>\n<td>\n<div style=\"width: 436px; height: 22px; padding: 5px 10px; overflow: hidden;\">\n          320\n         <\/div>\n<\/td>\n<\/tr>\n<tr>\n<td style=\"background-color: rgb(218, 226, 237);\">\n<div style=\"width: 267px; height: 22px; padding: 5px 10px; overflow: hidden;\">\n          Tamanho da m\u00e1quina (mm)\n         <\/div>\n<\/td>\n<td>\n<div style=\"width: 436px; height: 22px; padding: 5px 10px; overflow: hidden;\">\n          1760*940*1580\n         <\/div>\n<\/td>\n<\/tr>\n<\/tbody>\n<\/table><\/div>\n<\/p><\/div>\n<div style=\"vertical-align: top;padding-top: 10px; padding-bottom: 10px; margin-right: -4px; margin-left: -4px;\">\n<div id=\"mj6ac\" style=\"vertical-align: top; box-sizing: border-box; padding-right: 4px; padding-left: 4px\">\n<div style=\"overflow: hidden; width: 750px; height: 750px;\">\n      <img decoding=\"async\" src=\"https:\/\/sc01.alicdn.com\/kf\/HTB1ooEXaDHuK1RkSndVq6xVwpXaQ\/64496\/HTB1ooEXaDHuK1RkSndVq6xVwpXaQ.jpg\" style=\"width: 750px; height: 750px; margin-left: 0px; margin-top: 0px;\" class=\"aligncenter\">\n     <\/div>\n<\/p><\/div>\n<\/p><\/div>\n<div style=\"vertical-align: top;padding-top: 10px; padding-bottom: 10px; margin-right: -4px; margin-left: -4px;\">\n<div style=\"vertical-align: top; box-sizing: border-box; padding-right: 4px; padding-left: 4px;margin-top: -4px; margin-bottom: -4px;\">\n<div id=\"m7k9d\" style=\"vertical-align: top; box-sizing: border-box; padding-top: 4px; padding-bottom: 4px\">\n<div style=\"overflow: hidden; width: 750px; height: 320px;\">\n       <img decoding=\"async\" src=\"https:\/\/sc02.alicdn.com\/kf\/HTB1v_MXayjrK1RjSsplq6xHmVXaE\/64496\/HTB1v_MXayjrK1RjSsplq6xHmVXaE.jpg\" style=\"width: 750px; height: 750px; margin-left: 0px; margin-top: -231px;\" class=\"aligncenter\">\n      <\/div>\n<\/p><\/div>\n<div style=\"vertical-align: top; box-sizing: border-box; padding-top: 4px; padding-bottom: 4px;margin-right: -4px; margin-left: -4px;\">\n<div id=\"lw8mx\" style=\"vertical-align: top; width: 50%; display: inline-block; box-sizing: border-box; padding-right: 4px; padding-left: 4px\">\n<div style=\"overflow: hidden; width: 371px; height: 200px;\">\n        <img decoding=\"async\" src=\"https:\/\/sc01.alicdn.com\/kf\/HTB1VYZbasfrK1Rjy1Xdq6yemFXaQ\/64496\/HTB1VYZbasfrK1Rjy1Xdq6yemFXaQ.jpg\" style=\"width: 371px; height: 371px; margin-left: 0px; margin-top: -101px;\" class=\"aligncenter\">\n       <\/div>\n<\/p><\/div>\n<div id=\"6rbxy\" style=\"vertical-align: top; width: 50%; display: inline-block; box-sizing: border-box; padding-right: 4px; padding-left: 4px\">\n<div style=\"overflow: hidden; width: 371px; height: 200px;\">\n        <img decoding=\"async\" src=\"https:\/\/sc01.alicdn.com\/kf\/HTB1wCcXatjvK1RjSspiq6AEqXXaF\/64496\/HTB1wCcXatjvK1RjSspiq6AEqXXaF.jpg\" style=\"width: 371px; height: 371px; margin-left: 0px; margin-top: -100px;\" class=\"aligncenter\">\n       <\/div>\n<\/p><\/div>\n<\/p><\/div>\n<\/p><\/div>\n<\/p><\/div>\n<div style=\"vertical-align: top;padding-top: 10px; padding-bottom: 10px; margin-right: -4px; margin-left: -4px;\">\n<div style=\"vertical-align: top; box-sizing: border-box; padding-right: 4px; padding-left: 4px;margin-top: -4px; margin-bottom: -4px;\">\n<div id=\"bvn6g\" style=\"vertical-align: top; box-sizing: border-box; padding-top: 4px; padding-bottom: 4px\">\n<h3 style=\"padding: 0px; font-size: 16px; line-height: 20px; font-weight: bold; margin: 0px;\"><font color=\"#3f6fff\">Carater\u00edsticas principais<\/font><\/h3>\n<\/p><\/div>\n<div id=\"0f5eb\" style=\"vertical-align: top; box-sizing: border-box; padding-top: 4px; padding-bottom: 4px\">\n<p style=\"margin:0;padding:0;\">1. a seladora autom\u00e1tica tipo L \u00e9 uma linha de produ\u00e7\u00e3o autom\u00e1tica integrada.<\/p>\n<p>2. os produtos s\u00e3o alimentados por um transportador para a folha de pl\u00e1stico e cortados automaticamente .<\/p>\n<p>3. tem um controlo de programa PLC, bem como um protetor especialmente concebido na cabe\u00e7a de corte.<\/p>\n<p>4. utilizar uma faca sem veda\u00e7\u00e3o e sem espeto durante o funcionamento, o que garante um funcionamento consistente sem fumo.<\/p>\n<\/div>\n<\/div>\n<\/div>\n<\/div>\n<div style=\"vertical-align: top;padding-top: 15px; padding-bottom: 15px;\">\n<div style=\"vertical-align: top;padding-top: 10px; padding-bottom: 10px; margin-right: -4px; margin-left: -4px;\">\n<div id=\"58ljj\" style=\"vertical-align: top; width: 50%; display: inline-block; box-sizing: border-box; padding-right: 4px; padding-left: 4px\">\n    <\/div>\n<\/p><\/div>\n<\/p><\/div>\n<\/p><\/div>\n<\/div>","protected":false},"excerpt":{"rendered":"<p>Seladora autom\u00e1tica em L<\/p>","protected":false},"featured_media":3242,"comment_status":"closed","ping_status":"open","template":"","meta":[],"product_brand":[],"product_cat":[97],"product_tag":[],"class_list":{"0":"post-3241","1":"product","2":"type-product","3":"status-publish","4":"has-post-thumbnail","6":"product_cat-sealing-machines","8":"first","9":"instock","10":"sale","11":"purchasable","12":"product-type-simple"},"yoast_head":"<!-- This site is optimized with the Yoast SEO Premium plugin v20.9 (Yoast SEO v26.5) - https:\/\/yoast.com\/wordpress\/plugins\/seo\/ -->\n<title>DQL5545 Automatic L bar type sealer sealing packaging machine - ALF PACK<\/title>\n<meta name=\"robots\" content=\"index, follow, max-snippet:-1, max-image-preview:large, max-video-preview:-1\" \/>\n<link rel=\"canonical\" href=\"https:\/\/alfequipment.com\/pt\/product\/dql5545-maquina-automatica-de-selagem-de-embalagens-tipo-barra-l\/\" \/>\n<meta property=\"og:locale\" content=\"pt_PT\" \/>\n<meta property=\"og:type\" content=\"article\" \/>\n<meta property=\"og:title\" content=\"DQL5545 Automatic L bar type sealer sealing packaging machine\" \/>\n<meta property=\"og:description\" content=\"Automatic L Sealer\" \/>\n<meta property=\"og:url\" content=\"https:\/\/alfequipment.com\/pt\/product\/dql5545-maquina-automatica-de-selagem-de-embalagens-tipo-barra-l\/\" \/>\n<meta property=\"og:site_name\" content=\"ALF PACK\" \/>\n<meta property=\"article:modified_time\" content=\"2025-01-13T13:15:30+00:00\" \/>\n<meta property=\"og:image\" content=\"https:\/\/alfequipment.com\/wp-content\/uploads\/2025\/01\/HTB1FDMlclUSMeJjy1zdq6yR3FXaz.jpg\" \/>\n\t<meta property=\"og:image:width\" content=\"800\" \/>\n\t<meta property=\"og:image:height\" content=\"800\" \/>\n\t<meta property=\"og:image:type\" content=\"image\/webp\" \/>\n<meta name=\"twitter:card\" content=\"summary_large_image\" \/>\n<meta name=\"twitter:label1\" content=\"Tempo estimado de leitura\" \/>\n\t<meta name=\"twitter:data1\" content=\"1 minuto\" \/>\n<script type=\"application\/ld+json\" class=\"yoast-schema-graph\">{\"@context\":\"https:\/\/schema.org\",\"@graph\":[{\"@type\":\"WebPage\",\"@id\":\"https:\/\/alfequipment.com\/product\/dql5545-automatic-l-bar-type-sealer-sealing-packaging-machine\/\",\"url\":\"https:\/\/alfequipment.com\/product\/dql5545-automatic-l-bar-type-sealer-sealing-packaging-machine\/\",\"name\":\"DQL5545 Automatic L bar type sealer sealing packaging machine - ALF PACK\",\"isPartOf\":{\"@id\":\"https:\/\/alfequipment.com\/#website\"},\"primaryImageOfPage\":{\"@id\":\"https:\/\/alfequipment.com\/product\/dql5545-automatic-l-bar-type-sealer-sealing-packaging-machine\/#primaryimage\"},\"image\":{\"@id\":\"https:\/\/alfequipment.com\/product\/dql5545-automatic-l-bar-type-sealer-sealing-packaging-machine\/#primaryimage\"},\"thumbnailUrl\":\"https:\/\/alfequipment.com\/wp-content\/uploads\/2025\/01\/HTB1FDMlclUSMeJjy1zdq6yR3FXaz.jpg\",\"datePublished\":\"2024-12-23T07:40:27+00:00\",\"dateModified\":\"2025-01-13T13:15:30+00:00\",\"breadcrumb\":{\"@id\":\"https:\/\/alfequipment.com\/product\/dql5545-automatic-l-bar-type-sealer-sealing-packaging-machine\/#breadcrumb\"},\"inLanguage\":\"pt-PT\",\"potentialAction\":[{\"@type\":\"ReadAction\",\"target\":[\"https:\/\/alfequipment.com\/product\/dql5545-automatic-l-bar-type-sealer-sealing-packaging-machine\/\"]}]},{\"@type\":\"ImageObject\",\"inLanguage\":\"pt-PT\",\"@id\":\"https:\/\/alfequipment.com\/product\/dql5545-automatic-l-bar-type-sealer-sealing-packaging-machine\/#primaryimage\",\"url\":\"https:\/\/alfequipment.com\/wp-content\/uploads\/2025\/01\/HTB1FDMlclUSMeJjy1zdq6yR3FXaz.jpg\",\"contentUrl\":\"https:\/\/alfequipment.com\/wp-content\/uploads\/2025\/01\/HTB1FDMlclUSMeJjy1zdq6yR3FXaz.jpg\",\"width\":800,\"height\":800},{\"@type\":\"BreadcrumbList\",\"@id\":\"https:\/\/alfequipment.com\/product\/dql5545-automatic-l-bar-type-sealer-sealing-packaging-machine\/#breadcrumb\",\"itemListElement\":[{\"@type\":\"ListItem\",\"position\":1,\"name\":\"Home\",\"item\":\"https:\/\/alfequipment.com\/\"},{\"@type\":\"ListItem\",\"position\":2,\"name\":\"Shop\",\"item\":\"https:\/\/alfequipment.com\/shop\/\"},{\"@type\":\"ListItem\",\"position\":3,\"name\":\"DQL5545 Automatic L bar type sealer sealing packaging machine\"}]},{\"@type\":\"WebSite\",\"@id\":\"https:\/\/alfequipment.com\/#website\",\"url\":\"https:\/\/alfequipment.com\/\",\"name\":\"ALF PACK\",\"description\":\"\",\"publisher\":{\"@id\":\"https:\/\/alfequipment.com\/#organization\"},\"potentialAction\":[{\"@type\":\"SearchAction\",\"target\":{\"@type\":\"EntryPoint\",\"urlTemplate\":\"https:\/\/alfequipment.com\/?s={search_term_string}\"},\"query-input\":{\"@type\":\"PropertyValueSpecification\",\"valueRequired\":true,\"valueName\":\"search_term_string\"}}],\"inLanguage\":\"pt-PT\"},{\"@type\":\"Organization\",\"@id\":\"https:\/\/alfequipment.com\/#organization\",\"name\":\"ALF PACK\",\"url\":\"https:\/\/alfequipment.com\/\",\"logo\":{\"@type\":\"ImageObject\",\"inLanguage\":\"pt-PT\",\"@id\":\"https:\/\/alfequipment.com\/#\/schema\/logo\/image\/\",\"url\":\"https:\/\/alfequipment.com\/wp-content\/uploads\/2024\/11\/ALFlogo-2.webp\",\"contentUrl\":\"https:\/\/alfequipment.com\/wp-content\/uploads\/2024\/11\/ALFlogo-2.webp\",\"width\":758,\"height\":750,\"caption\":\"ALF PACK\"},\"image\":{\"@id\":\"https:\/\/alfequipment.com\/#\/schema\/logo\/image\/\"}}]}<\/script>\n<!-- \/ Yoast SEO Premium plugin. -->","yoast_head_json":{"title":"DQL5545 M\u00e1quina seladora autom\u00e1tica de embalagem com selagem tipo barra L - ALF PACK","robots":{"index":"index","follow":"follow","max-snippet":"max-snippet:-1","max-image-preview":"max-image-preview:large","max-video-preview":"max-video-preview:-1"},"canonical":"https:\/\/alfequipment.com\/pt\/product\/dql5545-maquina-automatica-de-selagem-de-embalagens-tipo-barra-l\/","og_locale":"pt_PT","og_type":"article","og_title":"DQL5545 Automatic L bar type sealer sealing packaging machine","og_description":"Automatic L Sealer","og_url":"https:\/\/alfequipment.com\/pt\/product\/dql5545-maquina-automatica-de-selagem-de-embalagens-tipo-barra-l\/","og_site_name":"ALF PACK","article_modified_time":"2025-01-13T13:15:30+00:00","og_image":[{"width":800,"height":800,"url":"https:\/\/alfequipment.com\/wp-content\/uploads\/2025\/01\/HTB1FDMlclUSMeJjy1zdq6yR3FXaz.jpg","type":"image\/webp"}],"twitter_card":"summary_large_image","twitter_misc":{"Tempo estimado de leitura":"1 minuto"},"schema":{"@context":"https:\/\/schema.org","@graph":[{"@type":"WebPage","@id":"https:\/\/alfequipment.com\/product\/dql5545-automatic-l-bar-type-sealer-sealing-packaging-machine\/","url":"https:\/\/alfequipment.com\/product\/dql5545-automatic-l-bar-type-sealer-sealing-packaging-machine\/","name":"DQL5545 M\u00e1quina seladora autom\u00e1tica de embalagem com selagem tipo barra L - ALF PACK","isPartOf":{"@id":"https:\/\/alfequipment.com\/#website"},"primaryImageOfPage":{"@id":"https:\/\/alfequipment.com\/product\/dql5545-automatic-l-bar-type-sealer-sealing-packaging-machine\/#primaryimage"},"image":{"@id":"https:\/\/alfequipment.com\/product\/dql5545-automatic-l-bar-type-sealer-sealing-packaging-machine\/#primaryimage"},"thumbnailUrl":"https:\/\/alfequipment.com\/wp-content\/uploads\/2025\/01\/HTB1FDMlclUSMeJjy1zdq6yR3FXaz.jpg","datePublished":"2024-12-23T07:40:27+00:00","dateModified":"2025-01-13T13:15:30+00:00","breadcrumb":{"@id":"https:\/\/alfequipment.com\/product\/dql5545-automatic-l-bar-type-sealer-sealing-packaging-machine\/#breadcrumb"},"inLanguage":"pt-PT","potentialAction":[{"@type":"ReadAction","target":["https:\/\/alfequipment.com\/product\/dql5545-automatic-l-bar-type-sealer-sealing-packaging-machine\/"]}]},{"@type":"ImageObject","inLanguage":"pt-PT","@id":"https:\/\/alfequipment.com\/product\/dql5545-automatic-l-bar-type-sealer-sealing-packaging-machine\/#primaryimage","url":"https:\/\/alfequipment.com\/wp-content\/uploads\/2025\/01\/HTB1FDMlclUSMeJjy1zdq6yR3FXaz.jpg","contentUrl":"https:\/\/alfequipment.com\/wp-content\/uploads\/2025\/01\/HTB1FDMlclUSMeJjy1zdq6yR3FXaz.jpg","width":800,"height":800},{"@type":"BreadcrumbList","@id":"https:\/\/alfequipment.com\/product\/dql5545-automatic-l-bar-type-sealer-sealing-packaging-machine\/#breadcrumb","itemListElement":[{"@type":"ListItem","position":1,"name":"Home","item":"https:\/\/alfequipment.com\/"},{"@type":"ListItem","position":2,"name":"Shop","item":"https:\/\/alfequipment.com\/shop\/"},{"@type":"ListItem","position":3,"name":"DQL5545 Automatic L bar type sealer sealing packaging machine"}]},{"@type":"WebSite","@id":"https:\/\/alfequipment.com\/#website","url":"https:\/\/alfequipment.com\/","name":"PACK ALF","description":"","publisher":{"@id":"https:\/\/alfequipment.com\/#organization"},"potentialAction":[{"@type":"SearchAction","target":{"@type":"EntryPoint","urlTemplate":"https:\/\/alfequipment.com\/?s={search_term_string}"},"query-input":{"@type":"PropertyValueSpecification","valueRequired":true,"valueName":"search_term_string"}}],"inLanguage":"pt-PT"},{"@type":"Organization","@id":"https:\/\/alfequipment.com\/#organization","name":"PACK ALF","url":"https:\/\/alfequipment.com\/","logo":{"@type":"ImageObject","inLanguage":"pt-PT","@id":"https:\/\/alfequipment.com\/#\/schema\/logo\/image\/","url":"https:\/\/alfequipment.com\/wp-content\/uploads\/2024\/11\/ALFlogo-2.webp","contentUrl":"https:\/\/alfequipment.com\/wp-content\/uploads\/2024\/11\/ALFlogo-2.webp","width":758,"height":750,"caption":"ALF PACK"},"image":{"@id":"https:\/\/alfequipment.com\/#\/schema\/logo\/image\/"}}]}},"_links":{"self":[{"href":"https:\/\/alfequipment.com\/pt\/wp-json\/wp\/v2\/product\/3241","targetHints":{"allow":["GET"]}}],"collection":[{"href":"https:\/\/alfequipment.com\/pt\/wp-json\/wp\/v2\/product"}],"about":[{"href":"https:\/\/alfequipment.com\/pt\/wp-json\/wp\/v2\/types\/product"}],"replies":[{"embeddable":true,"href":"https:\/\/alfequipment.com\/pt\/wp-json\/wp\/v2\/comments?post=3241"}],"version-history":[{"count":0,"href":"https:\/\/alfequipment.com\/pt\/wp-json\/wp\/v2\/product\/3241\/revisions"}],"wp:featuredmedia":[{"embeddable":true,"href":"https:\/\/alfequipment.com\/pt\/wp-json\/wp\/v2\/media\/3242"}],"wp:attachment":[{"href":"https:\/\/alfequipment.com\/pt\/wp-json\/wp\/v2\/media?parent=3241"}],"wp:term":[{"taxonomy":"product_brand","embeddable":true,"href":"https:\/\/alfequipment.com\/pt\/wp-json\/wp\/v2\/product_brand?post=3241"},{"taxonomy":"product_cat","embeddable":true,"href":"https:\/\/alfequipment.com\/pt\/wp-json\/wp\/v2\/product_cat?post=3241"},{"taxonomy":"product_tag","embeddable":true,"href":"https:\/\/alfequipment.com\/pt\/wp-json\/wp\/v2\/product_tag?post=3241"}],"curies":[{"name":"wp","href":"https:\/\/api.w.org\/{rel}","templated":true}]}}