{"id":3249,"date":"2024-12-31T10:38:10","date_gmt":"2024-12-31T10:38:10","guid":{"rendered":"https:\/\/alfequipment.com\/product\/tb390-economical-skin-packaging-machine-for-hardware-parts-and-skin-sealer\/"},"modified":"2025-01-13T13:15:42","modified_gmt":"2025-01-13T13:15:42","slug":"tb390-maquina-de-embalagem-de-pele-economica-para-pecas-de-hardware-e-seladora-de-pele","status":"publish","type":"product","link":"https:\/\/alfequipment.com\/pt\/product\/tb390-maquina-de-embalagem-de-pele-economica-para-pecas-de-hardware-e-seladora-de-pele\/","title":{"rendered":"TB390 M\u00e1quina econ\u00f3mica de embalagem de pele para pe\u00e7as de hardware e seladora de pele"},"content":{"rendered":"<p data-section-blank=\"AliPostDhMb-eu2w4\"><span style=\"font-size: 14px;\">&nbsp;<\/span><span style=\"font-size: 14px; font-family: Verdana, Arial, Helvetica, sans-serif;\">A m\u00e1quina de embalagem de pele TB390 tem a vantagem de ter baixos custos e um vasto \u00e2mbito de utiliza\u00e7\u00e3o, tal como faca e folk, hardware, etc. N\u00e3o precisa de modelos de embalagem e tipo de mercadorias e o procedimento de embalagem \u00e9 simples, com os efeitos de perce\u00e7\u00e3o est\u00e9reo transparente, bonita e forte, evitando a humidade e o p\u00f3.<\/span><\/p>\n<p>&nbsp;<\/p>\n<p><span style=\"font-size: 18px;\">Especifica\u00e7\u00e3o:<\/span><\/p>\n<table class=\"aliDataTable\" style=\"width: 465px;\" border=\"0\" cellspacing=\"0\" cellpadding=\"0\">\n<tbody>\n<tr>\n<td>\n<p><span style=\"font-size: 14px;\">Tens\u00e3o<\/span><\/p>\n<\/td>\n<td>\n<p><span style=\"font-size: 14px;\">220V380V50HZ<\/span><\/p>\n<\/td>\n<\/tr>\n<tr>\n<td>\n<p><span style=\"font-size: 14px;\">P\u00f3<\/span><\/p>\n<\/td>\n<td>\n<p><span style=\"font-size: 14px;\">7,5KW<\/span><\/p>\n<\/td>\n<\/tr>\n<tr>\n<td>\n<p><span style=\"font-size: 14px;\">\u00c1rea de embalagem<\/span><\/p>\n<\/td>\n<td>\n<p><span style=\"font-size: 14px;\">390X540mm<\/span><\/p>\n<\/td>\n<\/tr>\n<tr>\n<td>\n<p><span style=\"font-size: 14px;\">Taxa de embalagem<\/span><\/p>\n<\/td>\n<td>\n<p><span style=\"font-size: 14px;\">50-60pcs\/hora<\/span><\/p>\n<\/td>\n<\/tr>\n<tr>\n<td>\n<p><span style=\"font-size: 14px;\">Material de embalagem<\/span><\/p>\n<\/td>\n<td>\n<p><span style=\"font-size: 14px;\">Pel\u00edcula de embalagem para pele<\/span><\/p>\n<\/td>\n<\/tr>\n<tr>\n<td>\n<p><span style=\"font-size: 14px;\">Largura da pel\u00edcula<\/span><\/p>\n<\/td>\n<td>\n<p><span style=\"font-size: 14px;\">450 mm<\/span><\/p>\n<\/td>\n<\/tr>\n<tr>\n<td>\n<p><span style=\"font-size: 14px;\">Tamanho<\/span><\/p>\n<\/td>\n<td>\n<p><span style=\"font-size: 14px;\">1020X710X1220mm<\/span><\/p>\n<\/td>\n<\/tr>\n<tr>\n<td>\n<p><span style=\"font-size: 14px;\">Peso<\/span><\/p>\n<\/td>\n<td>\n<p><span style=\"font-size: 14px;\">180 kg<\/span><\/p>\n<\/td>\n<\/tr>\n<\/tbody>\n<\/table>\n<p>&nbsp;<\/p>\n<p>&nbsp;<\/p>\n<p><img decoding=\"async\" src=\"https:\/\/sc01.alicdn.com\/kf\/Hdfdf43ee110644fc9099f0d0a43581c0E.jpg\" data-alt=\"TB390 Economical skin packaging machine for hardware parts and skin sealer\" data-width=\"240\" data-height=\"223\" ori-width=\"640\" ori-height=\"480\" class=\"aligncenter\"><\/p>\n<p><img decoding=\"async\" src=\"https:\/\/sc02.alicdn.com\/kf\/H01b529f379894e65a2b8cd585f650be21\/64496\/H01b529f379894e65a2b8cd585f650be21.jpg\" data-width=\"600\" data-height=\"600\" class=\"aligncenter\"><\/p>\n<p data-section-blank=\"AliPostDhMb-gqpj5\">&nbsp;<\/p><\/p>","protected":false},"excerpt":{"rendered":"<p>Tb390 M\u00e1quina de embalagem de pele econ\u00f3mica para pe\u00e7as de hardware<\/p>","protected":false},"featured_media":3250,"comment_status":"closed","ping_status":"open","template":"","meta":[],"product_brand":[],"product_cat":[102],"product_tag":[],"class_list":{"0":"post-3249","1":"product","2":"type-product","3":"status-publish","4":"has-post-thumbnail","6":"product_cat-packaging-machines","8":"first","9":"instock","10":"sale","11":"purchasable","12":"product-type-simple"},"yoast_head":"<!-- This site is optimized with the Yoast SEO Premium plugin v20.9 (Yoast SEO v26.5) - https:\/\/yoast.com\/wordpress\/plugins\/seo\/ -->\n<title>TB390 Economical skin packaging machine for hardware parts and skin sealer - ALF PACK<\/title>\n<meta name=\"robots\" content=\"index, follow, max-snippet:-1, max-image-preview:large, max-video-preview:-1\" \/>\n<link rel=\"canonical\" href=\"https:\/\/alfequipment.com\/pt\/product\/tb390-maquina-de-embalagem-de-pele-economica-para-pecas-de-hardware-e-seladora-de-pele\/\" \/>\n<meta property=\"og:locale\" content=\"pt_PT\" \/>\n<meta property=\"og:type\" content=\"article\" \/>\n<meta property=\"og:title\" content=\"TB390 Economical skin packaging machine for hardware parts and skin sealer\" \/>\n<meta property=\"og:description\" content=\"Tb390 Economical Skin Packaging Machine For Hardware Parts\" \/>\n<meta property=\"og:url\" content=\"https:\/\/alfequipment.com\/pt\/product\/tb390-maquina-de-embalagem-de-pele-economica-para-pecas-de-hardware-e-seladora-de-pele\/\" \/>\n<meta property=\"og:site_name\" content=\"ALF PACK\" \/>\n<meta property=\"article:modified_time\" content=\"2025-01-13T13:15:42+00:00\" \/>\n<meta property=\"og:image\" content=\"https:\/\/alfequipment.com\/wp-content\/uploads\/2025\/01\/H60591a3338d947c484365f2ed69260770.jpg\" \/>\n\t<meta property=\"og:image:width\" content=\"800\" \/>\n\t<meta property=\"og:image:height\" content=\"800\" \/>\n\t<meta property=\"og:image:type\" content=\"image\/webp\" \/>\n<meta name=\"twitter:card\" content=\"summary_large_image\" \/>\n<script type=\"application\/ld+json\" class=\"yoast-schema-graph\">{\"@context\":\"https:\/\/schema.org\",\"@graph\":[{\"@type\":\"WebPage\",\"@id\":\"https:\/\/alfequipment.com\/product\/tb390-economical-skin-packaging-machine-for-hardware-parts-and-skin-sealer\/\",\"url\":\"https:\/\/alfequipment.com\/product\/tb390-economical-skin-packaging-machine-for-hardware-parts-and-skin-sealer\/\",\"name\":\"TB390 Economical skin packaging machine for hardware parts and skin sealer - ALF PACK\",\"isPartOf\":{\"@id\":\"https:\/\/alfequipment.com\/#website\"},\"primaryImageOfPage\":{\"@id\":\"https:\/\/alfequipment.com\/product\/tb390-economical-skin-packaging-machine-for-hardware-parts-and-skin-sealer\/#primaryimage\"},\"image\":{\"@id\":\"https:\/\/alfequipment.com\/product\/tb390-economical-skin-packaging-machine-for-hardware-parts-and-skin-sealer\/#primaryimage\"},\"thumbnailUrl\":\"https:\/\/alfequipment.com\/wp-content\/uploads\/2025\/01\/H60591a3338d947c484365f2ed69260770.jpg\",\"datePublished\":\"2024-12-31T10:38:10+00:00\",\"dateModified\":\"2025-01-13T13:15:42+00:00\",\"breadcrumb\":{\"@id\":\"https:\/\/alfequipment.com\/product\/tb390-economical-skin-packaging-machine-for-hardware-parts-and-skin-sealer\/#breadcrumb\"},\"inLanguage\":\"pt-PT\",\"potentialAction\":[{\"@type\":\"ReadAction\",\"target\":[\"https:\/\/alfequipment.com\/product\/tb390-economical-skin-packaging-machine-for-hardware-parts-and-skin-sealer\/\"]}]},{\"@type\":\"ImageObject\",\"inLanguage\":\"pt-PT\",\"@id\":\"https:\/\/alfequipment.com\/product\/tb390-economical-skin-packaging-machine-for-hardware-parts-and-skin-sealer\/#primaryimage\",\"url\":\"https:\/\/alfequipment.com\/wp-content\/uploads\/2025\/01\/H60591a3338d947c484365f2ed69260770.jpg\",\"contentUrl\":\"https:\/\/alfequipment.com\/wp-content\/uploads\/2025\/01\/H60591a3338d947c484365f2ed69260770.jpg\",\"width\":800,\"height\":800},{\"@type\":\"BreadcrumbList\",\"@id\":\"https:\/\/alfequipment.com\/product\/tb390-economical-skin-packaging-machine-for-hardware-parts-and-skin-sealer\/#breadcrumb\",\"itemListElement\":[{\"@type\":\"ListItem\",\"position\":1,\"name\":\"Home\",\"item\":\"https:\/\/alfequipment.com\/\"},{\"@type\":\"ListItem\",\"position\":2,\"name\":\"Shop\",\"item\":\"https:\/\/alfequipment.com\/shop\/\"},{\"@type\":\"ListItem\",\"position\":3,\"name\":\"TB390 Economical skin packaging machine for hardware parts and skin sealer\"}]},{\"@type\":\"WebSite\",\"@id\":\"https:\/\/alfequipment.com\/#website\",\"url\":\"https:\/\/alfequipment.com\/\",\"name\":\"ALF PACK\",\"description\":\"\",\"publisher\":{\"@id\":\"https:\/\/alfequipment.com\/#organization\"},\"potentialAction\":[{\"@type\":\"SearchAction\",\"target\":{\"@type\":\"EntryPoint\",\"urlTemplate\":\"https:\/\/alfequipment.com\/?s={search_term_string}\"},\"query-input\":{\"@type\":\"PropertyValueSpecification\",\"valueRequired\":true,\"valueName\":\"search_term_string\"}}],\"inLanguage\":\"pt-PT\"},{\"@type\":\"Organization\",\"@id\":\"https:\/\/alfequipment.com\/#organization\",\"name\":\"ALF PACK\",\"url\":\"https:\/\/alfequipment.com\/\",\"logo\":{\"@type\":\"ImageObject\",\"inLanguage\":\"pt-PT\",\"@id\":\"https:\/\/alfequipment.com\/#\/schema\/logo\/image\/\",\"url\":\"https:\/\/alfequipment.com\/wp-content\/uploads\/2024\/11\/ALFlogo-2.webp\",\"contentUrl\":\"https:\/\/alfequipment.com\/wp-content\/uploads\/2024\/11\/ALFlogo-2.webp\",\"width\":758,\"height\":750,\"caption\":\"ALF PACK\"},\"image\":{\"@id\":\"https:\/\/alfequipment.com\/#\/schema\/logo\/image\/\"}}]}<\/script>\n<!-- \/ Yoast SEO Premium plugin. -->","yoast_head_json":{"title":"TB390 M\u00e1quina econ\u00f3mica de embalagem de pele para pe\u00e7as de hardware e seladora de pele - ALF PACK","robots":{"index":"index","follow":"follow","max-snippet":"max-snippet:-1","max-image-preview":"max-image-preview:large","max-video-preview":"max-video-preview:-1"},"canonical":"https:\/\/alfequipment.com\/pt\/product\/tb390-maquina-de-embalagem-de-pele-economica-para-pecas-de-hardware-e-seladora-de-pele\/","og_locale":"pt_PT","og_type":"article","og_title":"TB390 Economical skin packaging machine for hardware parts and skin sealer","og_description":"Tb390 Economical Skin Packaging Machine For Hardware Parts","og_url":"https:\/\/alfequipment.com\/pt\/product\/tb390-maquina-de-embalagem-de-pele-economica-para-pecas-de-hardware-e-seladora-de-pele\/","og_site_name":"ALF PACK","article_modified_time":"2025-01-13T13:15:42+00:00","og_image":[{"width":800,"height":800,"url":"https:\/\/alfequipment.com\/wp-content\/uploads\/2025\/01\/H60591a3338d947c484365f2ed69260770.jpg","type":"image\/webp"}],"twitter_card":"summary_large_image","schema":{"@context":"https:\/\/schema.org","@graph":[{"@type":"WebPage","@id":"https:\/\/alfequipment.com\/product\/tb390-economical-skin-packaging-machine-for-hardware-parts-and-skin-sealer\/","url":"https:\/\/alfequipment.com\/product\/tb390-economical-skin-packaging-machine-for-hardware-parts-and-skin-sealer\/","name":"TB390 M\u00e1quina econ\u00f3mica de embalagem de pele para pe\u00e7as de hardware e seladora de pele - ALF PACK","isPartOf":{"@id":"https:\/\/alfequipment.com\/#website"},"primaryImageOfPage":{"@id":"https:\/\/alfequipment.com\/product\/tb390-economical-skin-packaging-machine-for-hardware-parts-and-skin-sealer\/#primaryimage"},"image":{"@id":"https:\/\/alfequipment.com\/product\/tb390-economical-skin-packaging-machine-for-hardware-parts-and-skin-sealer\/#primaryimage"},"thumbnailUrl":"https:\/\/alfequipment.com\/wp-content\/uploads\/2025\/01\/H60591a3338d947c484365f2ed69260770.jpg","datePublished":"2024-12-31T10:38:10+00:00","dateModified":"2025-01-13T13:15:42+00:00","breadcrumb":{"@id":"https:\/\/alfequipment.com\/product\/tb390-economical-skin-packaging-machine-for-hardware-parts-and-skin-sealer\/#breadcrumb"},"inLanguage":"pt-PT","potentialAction":[{"@type":"ReadAction","target":["https:\/\/alfequipment.com\/product\/tb390-economical-skin-packaging-machine-for-hardware-parts-and-skin-sealer\/"]}]},{"@type":"ImageObject","inLanguage":"pt-PT","@id":"https:\/\/alfequipment.com\/product\/tb390-economical-skin-packaging-machine-for-hardware-parts-and-skin-sealer\/#primaryimage","url":"https:\/\/alfequipment.com\/wp-content\/uploads\/2025\/01\/H60591a3338d947c484365f2ed69260770.jpg","contentUrl":"https:\/\/alfequipment.com\/wp-content\/uploads\/2025\/01\/H60591a3338d947c484365f2ed69260770.jpg","width":800,"height":800},{"@type":"BreadcrumbList","@id":"https:\/\/alfequipment.com\/product\/tb390-economical-skin-packaging-machine-for-hardware-parts-and-skin-sealer\/#breadcrumb","itemListElement":[{"@type":"ListItem","position":1,"name":"Home","item":"https:\/\/alfequipment.com\/"},{"@type":"ListItem","position":2,"name":"Shop","item":"https:\/\/alfequipment.com\/shop\/"},{"@type":"ListItem","position":3,"name":"TB390 Economical skin packaging machine for hardware parts and skin sealer"}]},{"@type":"WebSite","@id":"https:\/\/alfequipment.com\/#website","url":"https:\/\/alfequipment.com\/","name":"PACK ALF","description":"","publisher":{"@id":"https:\/\/alfequipment.com\/#organization"},"potentialAction":[{"@type":"SearchAction","target":{"@type":"EntryPoint","urlTemplate":"https:\/\/alfequipment.com\/?s={search_term_string}"},"query-input":{"@type":"PropertyValueSpecification","valueRequired":true,"valueName":"search_term_string"}}],"inLanguage":"pt-PT"},{"@type":"Organization","@id":"https:\/\/alfequipment.com\/#organization","name":"PACK ALF","url":"https:\/\/alfequipment.com\/","logo":{"@type":"ImageObject","inLanguage":"pt-PT","@id":"https:\/\/alfequipment.com\/#\/schema\/logo\/image\/","url":"https:\/\/alfequipment.com\/wp-content\/uploads\/2024\/11\/ALFlogo-2.webp","contentUrl":"https:\/\/alfequipment.com\/wp-content\/uploads\/2024\/11\/ALFlogo-2.webp","width":758,"height":750,"caption":"ALF PACK"},"image":{"@id":"https:\/\/alfequipment.com\/#\/schema\/logo\/image\/"}}]}},"_links":{"self":[{"href":"https:\/\/alfequipment.com\/pt\/wp-json\/wp\/v2\/product\/3249","targetHints":{"allow":["GET"]}}],"collection":[{"href":"https:\/\/alfequipment.com\/pt\/wp-json\/wp\/v2\/product"}],"about":[{"href":"https:\/\/alfequipment.com\/pt\/wp-json\/wp\/v2\/types\/product"}],"replies":[{"embeddable":true,"href":"https:\/\/alfequipment.com\/pt\/wp-json\/wp\/v2\/comments?post=3249"}],"version-history":[{"count":0,"href":"https:\/\/alfequipment.com\/pt\/wp-json\/wp\/v2\/product\/3249\/revisions"}],"wp:featuredmedia":[{"embeddable":true,"href":"https:\/\/alfequipment.com\/pt\/wp-json\/wp\/v2\/media\/3250"}],"wp:attachment":[{"href":"https:\/\/alfequipment.com\/pt\/wp-json\/wp\/v2\/media?parent=3249"}],"wp:term":[{"taxonomy":"product_brand","embeddable":true,"href":"https:\/\/alfequipment.com\/pt\/wp-json\/wp\/v2\/product_brand?post=3249"},{"taxonomy":"product_cat","embeddable":true,"href":"https:\/\/alfequipment.com\/pt\/wp-json\/wp\/v2\/product_cat?post=3249"},{"taxonomy":"product_tag","embeddable":true,"href":"https:\/\/alfequipment.com\/pt\/wp-json\/wp\/v2\/product_tag?post=3249"}],"curies":[{"name":"wp","href":"https:\/\/api.w.org\/{rel}","templated":true}]}}