{"id":3251,"date":"2024-12-30T23:32:37","date_gmt":"2024-12-30T23:32:37","guid":{"rendered":"https:\/\/alfequipment.com\/product\/jm120-vertical-colloid-grinder-and-industrial-colloidal-nut-almond-grinding-machine\/"},"modified":"2025-01-13T13:15:44","modified_gmt":"2025-01-13T13:15:44","slug":"moinho-coloidal-vertical-jm120-e-maquina-de-moer-amendoa-de-noz-coloidal-industrial","status":"publish","type":"product","link":"https:\/\/alfequipment.com\/pt\/product\/moinho-coloidal-vertical-jm120-e-maquina-de-moer-amendoa-de-noz-coloidal-industrial\/","title":{"rendered":"JM120 Moinho coloidal vertical e m\u00e1quina de moer am\u00eandoa coloidal industrial"},"content":{"rendered":"<p data-section-blank=\"AliPostDhMb-wy1d9\"><span style=\"font-size: 14px;\">O princ\u00edpio de funcionamento do moinho coloidal \u00e9 o seguinte: Sob o efeito da for\u00e7a centr\u00edfuga e sendo executado por velocidade relativamente alta entre a engrenagem rotativa e a engrenagem fixa, o l\u00edquido e os materiais semil\u00edquidos s\u00e3o eficientemente emulsionados, homogeneizados, dispersos e misturados durante o curso de corte, moagem e choque com alta frequ\u00eancia.<\/span><\/p>\n<p>&nbsp;<\/p>\n<p><span style=\"font-size: 14px;\">Depois disso, pode obter o material satisfeito e processado. O moinho coloidal \u00e9 amplamente aplicado em tipos de produtos de muitos campos por sua vantagem, como a ind\u00fastria de alimentos, ind\u00fastria de medicamentos, ind\u00fastria qu\u00edmica e todos os dias ind\u00fastria qu\u00edmica etc; os produtos, incluindo leite de soja, gel\u00e9ia de frutas, manteiga de amendoim, leite de milho artificial, creme, composto de perfumaria, pigmento, \u00f3leo de lubrifica\u00e7\u00e3o, corante, cal\u00e7a, \u00f3leo vivo de peixe, mel de p\u00f3len, pasta de dente e assim por diante.<\/span><\/p>\n<p>&nbsp;<\/p>\n<p><span style=\"font-size: 14px;\">Ao processar material de alta consist\u00eancia, como amendoim e gergelim, etc., voc\u00ea deve fixar o ar\u00edete da h\u00e9lice que \u00e9 produzido por nossa empresa no lado superior do rotor.<\/span><\/p>\n<p>&nbsp;<\/p>\n<p><span style=\"font-size: 18px;\">Especifica\u00e7\u00e3o:<\/span><\/p>\n<table class=\"aliDataTable\" style=\"width: 484px;\" border=\"0\" cellspacing=\"0\" cellpadding=\"0\">\n<tbody>\n<tr>\n<td>\n<p>Modelo<\/p>\n<\/td>\n<td>\n<p><span style=\"color: #000000;\">JM-60<\/span><\/p>\n<\/td>\n<td>\n<p>JM-80<\/p>\n<\/td>\n<td>\n<p><span style=\"color: #ff0000;\">JM-120<\/span><\/p>\n<\/td>\n<\/tr>\n<tr>\n<td>\n<p>Tens\u00e3o<\/p>\n<\/td>\n<td colspan=\"3\">\n<p style=\"text-align: center;\"><span style=\"color: #ff0000;\">3 fases 220\/380V 50-60HZ<\/span><\/p>\n<\/td>\n<\/tr>\n<tr>\n<td>\n<p>Pot\u00eancia<\/p>\n<\/td>\n<td>\n<p><span style=\"color: #000000;\">1.5KW<\/span><\/p>\n<\/td>\n<td>\n<p>4KW<\/p>\n<\/td>\n<td>\n<p><span style=\"color: #ff0000;\">7,5KW<\/span><\/p>\n<\/td>\n<\/tr>\n<tr>\n<td>\n<p>Precis\u00e3o dos gr\u00e2nulos<\/p>\n<\/td>\n<td>\n<p><span style=\"color: #000000;\">2-50\u03bcm<\/span><\/p>\n<\/td>\n<td>\n<p>2-50\u03bcm<\/p>\n<\/td>\n<td>\n<p><span style=\"color: #ff0000;\">2-50\u03bcm<\/span><\/p>\n<\/td>\n<\/tr>\n<tr>\n<td>\n<p>Sa\u00edda<\/p>\n<\/td>\n<td>\n<p><span style=\"color: #000000;\">0,05-0,5T\/hora<\/span><\/p>\n<\/td>\n<td>\n<p>0,2-1,5T\/hora<\/p>\n<\/td>\n<td>\n<p><span style=\"color: #ff0000;\">0,5-2T\/hora<\/span><\/p>\n<\/td>\n<\/tr>\n<tr>\n<td>\n<p>Peso<\/p>\n<\/td>\n<td>\n<p><span style=\"color: #000000;\">45 kg<\/span><\/p>\n<\/td>\n<td>\n<p>100 kg<\/p>\n<\/td>\n<td>\n<p><span style=\"color: #ff0000;\">150 kg<\/span><\/p>\n<\/td>\n<\/tr>\n<tr>\n<td>\n<p>Tamanho da m\u00e1quina<\/p>\n<\/td>\n<td>\n<p><span style=\"color: #000000;\">300*300*650mm<\/span><\/p>\n<\/td>\n<td>\n<p>450*450*800mm<\/p>\n<\/td>\n<td>\n<p><span style=\"color: #ff0000;\">550*550*1300mm<\/span><\/p>\n<\/td>\n<\/tr>\n<\/tbody>\n<\/table>\n<p>&nbsp;<img decoding=\"async\" src=\"https:\/\/sc01.alicdn.com\/kf\/Hcaef5c8057914f8399719d3fb26752de7\/64496\/Hcaef5c8057914f8399719d3fb26752de7.jpg\" data-alt=\"JM120 Vertical colloid grinder and Industrial colloidal nut almond grinding machine\" data-width=\"600\" data-height=\"600\" ori-width=\"800\" ori-height=\"800\" class=\"aligncenter\"><\/p>\n<p data-section-blank=\"AliPostDhMb-aagi6\">&nbsp;<\/p><\/p>","protected":false},"excerpt":{"rendered":"<p>Moinho coloidal vertical Jm-120 (opera\u00e7\u00e3o f\u00e1cil)<\/p>","protected":false},"featured_media":3252,"comment_status":"closed","ping_status":"open","template":"","meta":[],"product_brand":[],"product_cat":[109],"product_tag":[],"class_list":{"0":"post-3251","1":"product","2":"type-product","3":"status-publish","4":"has-post-thumbnail","6":"product_cat-nuts-processing-machines","8":"first","9":"instock","10":"sale","11":"purchasable","12":"product-type-simple"},"yoast_head":"<!-- This site is optimized with the Yoast SEO Premium plugin v20.9 (Yoast SEO v26.5) - https:\/\/yoast.com\/wordpress\/plugins\/seo\/ -->\n<title>JM120 Vertical colloid grinder and Industrial colloidal nut almond grinding machine - ALF PACK<\/title>\n<meta name=\"robots\" content=\"index, follow, max-snippet:-1, max-image-preview:large, max-video-preview:-1\" \/>\n<link rel=\"canonical\" href=\"https:\/\/alfequipment.com\/pt\/product\/moinho-coloidal-vertical-jm120-e-maquina-de-moer-amendoa-de-noz-coloidal-industrial\/\" \/>\n<meta property=\"og:locale\" content=\"pt_PT\" \/>\n<meta property=\"og:type\" content=\"article\" \/>\n<meta property=\"og:title\" content=\"JM120 Vertical colloid grinder and Industrial colloidal nut almond grinding machine\" \/>\n<meta property=\"og:description\" content=\"Jm-120 Vertical Colloid Grinder (easy Operation)\" \/>\n<meta property=\"og:url\" content=\"https:\/\/alfequipment.com\/pt\/product\/moinho-coloidal-vertical-jm120-e-maquina-de-moer-amendoa-de-noz-coloidal-industrial\/\" \/>\n<meta property=\"og:site_name\" content=\"ALF PACK\" \/>\n<meta property=\"article:modified_time\" content=\"2025-01-13T13:15:44+00:00\" \/>\n<meta property=\"og:image\" content=\"https:\/\/alfequipment.com\/wp-content\/uploads\/2025\/01\/Ha4b15037c67d496b822177c2348bbdb9s.jpg\" \/>\n\t<meta property=\"og:image:width\" content=\"800\" \/>\n\t<meta property=\"og:image:height\" content=\"800\" \/>\n\t<meta property=\"og:image:type\" content=\"image\/webp\" \/>\n<meta name=\"twitter:card\" content=\"summary_large_image\" \/>\n<meta name=\"twitter:label1\" content=\"Tempo estimado de leitura\" \/>\n\t<meta name=\"twitter:data1\" content=\"1 minuto\" \/>\n<script type=\"application\/ld+json\" class=\"yoast-schema-graph\">{\"@context\":\"https:\/\/schema.org\",\"@graph\":[{\"@type\":\"WebPage\",\"@id\":\"https:\/\/alfequipment.com\/product\/jm120-vertical-colloid-grinder-and-industrial-colloidal-nut-almond-grinding-machine\/\",\"url\":\"https:\/\/alfequipment.com\/product\/jm120-vertical-colloid-grinder-and-industrial-colloidal-nut-almond-grinding-machine\/\",\"name\":\"JM120 Vertical colloid grinder and Industrial colloidal nut almond grinding machine - ALF PACK\",\"isPartOf\":{\"@id\":\"https:\/\/alfequipment.com\/#website\"},\"primaryImageOfPage\":{\"@id\":\"https:\/\/alfequipment.com\/product\/jm120-vertical-colloid-grinder-and-industrial-colloidal-nut-almond-grinding-machine\/#primaryimage\"},\"image\":{\"@id\":\"https:\/\/alfequipment.com\/product\/jm120-vertical-colloid-grinder-and-industrial-colloidal-nut-almond-grinding-machine\/#primaryimage\"},\"thumbnailUrl\":\"https:\/\/alfequipment.com\/wp-content\/uploads\/2025\/01\/Ha4b15037c67d496b822177c2348bbdb9s.jpg\",\"datePublished\":\"2024-12-30T23:32:37+00:00\",\"dateModified\":\"2025-01-13T13:15:44+00:00\",\"breadcrumb\":{\"@id\":\"https:\/\/alfequipment.com\/product\/jm120-vertical-colloid-grinder-and-industrial-colloidal-nut-almond-grinding-machine\/#breadcrumb\"},\"inLanguage\":\"pt-PT\",\"potentialAction\":[{\"@type\":\"ReadAction\",\"target\":[\"https:\/\/alfequipment.com\/product\/jm120-vertical-colloid-grinder-and-industrial-colloidal-nut-almond-grinding-machine\/\"]}]},{\"@type\":\"ImageObject\",\"inLanguage\":\"pt-PT\",\"@id\":\"https:\/\/alfequipment.com\/product\/jm120-vertical-colloid-grinder-and-industrial-colloidal-nut-almond-grinding-machine\/#primaryimage\",\"url\":\"https:\/\/alfequipment.com\/wp-content\/uploads\/2025\/01\/Ha4b15037c67d496b822177c2348bbdb9s.jpg\",\"contentUrl\":\"https:\/\/alfequipment.com\/wp-content\/uploads\/2025\/01\/Ha4b15037c67d496b822177c2348bbdb9s.jpg\",\"width\":800,\"height\":800},{\"@type\":\"BreadcrumbList\",\"@id\":\"https:\/\/alfequipment.com\/product\/jm120-vertical-colloid-grinder-and-industrial-colloidal-nut-almond-grinding-machine\/#breadcrumb\",\"itemListElement\":[{\"@type\":\"ListItem\",\"position\":1,\"name\":\"Home\",\"item\":\"https:\/\/alfequipment.com\/\"},{\"@type\":\"ListItem\",\"position\":2,\"name\":\"Shop\",\"item\":\"https:\/\/alfequipment.com\/shop\/\"},{\"@type\":\"ListItem\",\"position\":3,\"name\":\"JM120 Vertical colloid grinder and Industrial colloidal nut almond grinding machine\"}]},{\"@type\":\"WebSite\",\"@id\":\"https:\/\/alfequipment.com\/#website\",\"url\":\"https:\/\/alfequipment.com\/\",\"name\":\"ALF PACK\",\"description\":\"\",\"publisher\":{\"@id\":\"https:\/\/alfequipment.com\/#organization\"},\"potentialAction\":[{\"@type\":\"SearchAction\",\"target\":{\"@type\":\"EntryPoint\",\"urlTemplate\":\"https:\/\/alfequipment.com\/?s={search_term_string}\"},\"query-input\":{\"@type\":\"PropertyValueSpecification\",\"valueRequired\":true,\"valueName\":\"search_term_string\"}}],\"inLanguage\":\"pt-PT\"},{\"@type\":\"Organization\",\"@id\":\"https:\/\/alfequipment.com\/#organization\",\"name\":\"ALF PACK\",\"url\":\"https:\/\/alfequipment.com\/\",\"logo\":{\"@type\":\"ImageObject\",\"inLanguage\":\"pt-PT\",\"@id\":\"https:\/\/alfequipment.com\/#\/schema\/logo\/image\/\",\"url\":\"https:\/\/alfequipment.com\/wp-content\/uploads\/2024\/11\/ALFlogo-2.webp\",\"contentUrl\":\"https:\/\/alfequipment.com\/wp-content\/uploads\/2024\/11\/ALFlogo-2.webp\",\"width\":758,\"height\":750,\"caption\":\"ALF PACK\"},\"image\":{\"@id\":\"https:\/\/alfequipment.com\/#\/schema\/logo\/image\/\"}}]}<\/script>\n<!-- \/ Yoast SEO Premium plugin. -->","yoast_head_json":{"title":"Moinho coloidal vertical JM120 e m\u00e1quina de moer am\u00eandoas coloidais industriais - ALF PACK","robots":{"index":"index","follow":"follow","max-snippet":"max-snippet:-1","max-image-preview":"max-image-preview:large","max-video-preview":"max-video-preview:-1"},"canonical":"https:\/\/alfequipment.com\/pt\/product\/moinho-coloidal-vertical-jm120-e-maquina-de-moer-amendoa-de-noz-coloidal-industrial\/","og_locale":"pt_PT","og_type":"article","og_title":"JM120 Vertical colloid grinder and Industrial colloidal nut almond grinding machine","og_description":"Jm-120 Vertical Colloid Grinder (easy Operation)","og_url":"https:\/\/alfequipment.com\/pt\/product\/moinho-coloidal-vertical-jm120-e-maquina-de-moer-amendoa-de-noz-coloidal-industrial\/","og_site_name":"ALF PACK","article_modified_time":"2025-01-13T13:15:44+00:00","og_image":[{"width":800,"height":800,"url":"https:\/\/alfequipment.com\/wp-content\/uploads\/2025\/01\/Ha4b15037c67d496b822177c2348bbdb9s.jpg","type":"image\/webp"}],"twitter_card":"summary_large_image","twitter_misc":{"Tempo estimado de leitura":"1 minuto"},"schema":{"@context":"https:\/\/schema.org","@graph":[{"@type":"WebPage","@id":"https:\/\/alfequipment.com\/product\/jm120-vertical-colloid-grinder-and-industrial-colloidal-nut-almond-grinding-machine\/","url":"https:\/\/alfequipment.com\/product\/jm120-vertical-colloid-grinder-and-industrial-colloidal-nut-almond-grinding-machine\/","name":"Moinho coloidal vertical JM120 e m\u00e1quina de moer am\u00eandoas coloidais industriais - ALF PACK","isPartOf":{"@id":"https:\/\/alfequipment.com\/#website"},"primaryImageOfPage":{"@id":"https:\/\/alfequipment.com\/product\/jm120-vertical-colloid-grinder-and-industrial-colloidal-nut-almond-grinding-machine\/#primaryimage"},"image":{"@id":"https:\/\/alfequipment.com\/product\/jm120-vertical-colloid-grinder-and-industrial-colloidal-nut-almond-grinding-machine\/#primaryimage"},"thumbnailUrl":"https:\/\/alfequipment.com\/wp-content\/uploads\/2025\/01\/Ha4b15037c67d496b822177c2348bbdb9s.jpg","datePublished":"2024-12-30T23:32:37+00:00","dateModified":"2025-01-13T13:15:44+00:00","breadcrumb":{"@id":"https:\/\/alfequipment.com\/product\/jm120-vertical-colloid-grinder-and-industrial-colloidal-nut-almond-grinding-machine\/#breadcrumb"},"inLanguage":"pt-PT","potentialAction":[{"@type":"ReadAction","target":["https:\/\/alfequipment.com\/product\/jm120-vertical-colloid-grinder-and-industrial-colloidal-nut-almond-grinding-machine\/"]}]},{"@type":"ImageObject","inLanguage":"pt-PT","@id":"https:\/\/alfequipment.com\/product\/jm120-vertical-colloid-grinder-and-industrial-colloidal-nut-almond-grinding-machine\/#primaryimage","url":"https:\/\/alfequipment.com\/wp-content\/uploads\/2025\/01\/Ha4b15037c67d496b822177c2348bbdb9s.jpg","contentUrl":"https:\/\/alfequipment.com\/wp-content\/uploads\/2025\/01\/Ha4b15037c67d496b822177c2348bbdb9s.jpg","width":800,"height":800},{"@type":"BreadcrumbList","@id":"https:\/\/alfequipment.com\/product\/jm120-vertical-colloid-grinder-and-industrial-colloidal-nut-almond-grinding-machine\/#breadcrumb","itemListElement":[{"@type":"ListItem","position":1,"name":"Home","item":"https:\/\/alfequipment.com\/"},{"@type":"ListItem","position":2,"name":"Shop","item":"https:\/\/alfequipment.com\/shop\/"},{"@type":"ListItem","position":3,"name":"JM120 Vertical colloid grinder and Industrial colloidal nut almond grinding machine"}]},{"@type":"WebSite","@id":"https:\/\/alfequipment.com\/#website","url":"https:\/\/alfequipment.com\/","name":"PACK ALF","description":"","publisher":{"@id":"https:\/\/alfequipment.com\/#organization"},"potentialAction":[{"@type":"SearchAction","target":{"@type":"EntryPoint","urlTemplate":"https:\/\/alfequipment.com\/?s={search_term_string}"},"query-input":{"@type":"PropertyValueSpecification","valueRequired":true,"valueName":"search_term_string"}}],"inLanguage":"pt-PT"},{"@type":"Organization","@id":"https:\/\/alfequipment.com\/#organization","name":"PACK ALF","url":"https:\/\/alfequipment.com\/","logo":{"@type":"ImageObject","inLanguage":"pt-PT","@id":"https:\/\/alfequipment.com\/#\/schema\/logo\/image\/","url":"https:\/\/alfequipment.com\/wp-content\/uploads\/2024\/11\/ALFlogo-2.webp","contentUrl":"https:\/\/alfequipment.com\/wp-content\/uploads\/2024\/11\/ALFlogo-2.webp","width":758,"height":750,"caption":"ALF PACK"},"image":{"@id":"https:\/\/alfequipment.com\/#\/schema\/logo\/image\/"}}]}},"_links":{"self":[{"href":"https:\/\/alfequipment.com\/pt\/wp-json\/wp\/v2\/product\/3251","targetHints":{"allow":["GET"]}}],"collection":[{"href":"https:\/\/alfequipment.com\/pt\/wp-json\/wp\/v2\/product"}],"about":[{"href":"https:\/\/alfequipment.com\/pt\/wp-json\/wp\/v2\/types\/product"}],"replies":[{"embeddable":true,"href":"https:\/\/alfequipment.com\/pt\/wp-json\/wp\/v2\/comments?post=3251"}],"version-history":[{"count":0,"href":"https:\/\/alfequipment.com\/pt\/wp-json\/wp\/v2\/product\/3251\/revisions"}],"wp:featuredmedia":[{"embeddable":true,"href":"https:\/\/alfequipment.com\/pt\/wp-json\/wp\/v2\/media\/3252"}],"wp:attachment":[{"href":"https:\/\/alfequipment.com\/pt\/wp-json\/wp\/v2\/media?parent=3251"}],"wp:term":[{"taxonomy":"product_brand","embeddable":true,"href":"https:\/\/alfequipment.com\/pt\/wp-json\/wp\/v2\/product_brand?post=3251"},{"taxonomy":"product_cat","embeddable":true,"href":"https:\/\/alfequipment.com\/pt\/wp-json\/wp\/v2\/product_cat?post=3251"},{"taxonomy":"product_tag","embeddable":true,"href":"https:\/\/alfequipment.com\/pt\/wp-json\/wp\/v2\/product_tag?post=3251"}],"curies":[{"name":"wp","href":"https:\/\/api.w.org\/{rel}","templated":true}]}}